{"id":10944,"date":"2025-08-22T22:31:43","date_gmt":"2025-08-22T20:31:43","guid":{"rendered":"http:\/\/www.numismeo.com\/product\/antonin-le-pieux-sesterce-9\/"},"modified":"2025-12-31T10:01:35","modified_gmt":"2025-12-31T09:01:35","slug":"antonin-le-pieux-sesterce-9","status":"publish","type":"product","link":"https:\/\/www.numismeo.com\/en\/boutique\/antiques\/empire-romain-antiques\/antonin-le-pieux-sesterce-9\/","title":{"rendered":"Antoninus Pius AE Sestertius Rome 148-149"},"content":{"rendered":"Nice AE sestertius of Antoninus Pius. Coin struck in Rome in 148-149. Laureate head of Antoninus Pius on obverse and Aequitas on reverse","protected":false},"excerpt":{"rendered":"<p>Nice AE sestertius of Antoninus Pius. Coin struck in Rome in 148-149. Laureate head of Antoninus Pius on obverse and [&hellip;]<\/p>\n","protected":false},"featured_media":10940,"template":"","meta":{"_acf_changed":false,"site-sidebar-layout":"default","site-content-layout":"","ast-site-content-layout":"default","site-content-style":"default","site-sidebar-style":"default","ast-global-header-display":"","ast-banner-title-visibility":"","ast-main-header-display":"","ast-hfb-above-header-display":"","ast-hfb-below-header-display":"","ast-hfb-mobile-header-display":"","site-post-title":"","ast-breadcrumbs-content":"","ast-featured-img":"","footer-sml-layout":"","ast-disable-related-posts":"","theme-transparent-header-meta":"","adv-header-id-meta":"","stick-header-meta":"","header-above-stick-meta":"","header-main-stick-meta":"","header-below-stick-meta":"","astra-migrate-meta-layouts":"default","ast-page-background-enabled":"default","ast-page-background-meta":{"desktop":{"background-color":"var(--ast-global-color-5)","background-image":"","background-repeat":"repeat","background-position":"center center","background-size":"auto","background-attachment":"scroll","background-type":"","background-media":"","overlay-type":"","overlay-color":"","overlay-opacity":"","overlay-gradient":""},"tablet":{"background-color":"","background-image":"","background-repeat":"repeat","background-position":"center center","background-size":"auto","background-attachment":"scroll","background-type":"","background-media":"","overlay-type":"","overlay-color":"","overlay-opacity":"","overlay-gradient":""},"mobile":{"background-color":"","background-image":"","background-repeat":"repeat","background-position":"center center","background-size":"auto","background-attachment":"scroll","background-type":"","background-media":"","overlay-type":"","overlay-color":"","overlay-opacity":"","overlay-gradient":""}},"ast-content-background-meta":{"desktop":{"background-color":"var(--ast-global-color-4)","background-image":"","background-repeat":"repeat","background-position":"center center","background-size":"auto","background-attachment":"scroll","background-type":"","background-media":"","overlay-type":"","overlay-color":"","overlay-opacity":"","overlay-gradient":""},"tablet":{"background-color":"var(--ast-global-color-4)","background-image":"","background-repeat":"repeat","background-position":"center center","background-size":"auto","background-attachment":"scroll","background-type":"","background-media":"","overlay-type":"","overlay-color":"","overlay-opacity":"","overlay-gradient":""},"mobile":{"background-color":"var(--ast-global-color-4)","background-image":"","background-repeat":"repeat","background-position":"center center","background-size":"auto","background-attachment":"scroll","background-type":"","background-media":"","overlay-type":"","overlay-color":"","overlay-opacity":"","overlay-gradient":""}}},"product_brand":[],"product_cat":[91,163],"product_tag":[],"class_list":{"0":"post-10944","1":"product","2":"type-product","3":"status-publish","4":"has-post-thumbnail","6":"product_cat-antiques","7":"product_cat-empire-romain-antiques","8":"pa_anneefrappe1-148-149","9":"pa_atelier-ee-rome","10":"pa_gradage-non","11":"pa_metal-be-bronze","12":"pa_provenance-non","13":"pa_qualite-89-ttb_","14":"personnage-antonin-le-pieux","15":"desktop-align-left","16":"tablet-align-left","17":"mobile-align-left","19":"first","20":"instock","21":"sold-individually","22":"shipping-taxable","23":"purchasable","24":"product-type-simple"},"acf":[],"yoast_head":"<!-- This site is optimized with the Yoast SEO plugin v27.3 - https:\/\/yoast.com\/product\/yoast-seo-wordpress\/ -->\n<title>Antoninus Pius AE Sestertius Rome 148-149<\/title>\n<meta name=\"description\" content=\"Pretty sesterce of the Roman emperor Antoninus the Pious. Bronze coin minted in Rome in 148-149. The obverse features the laureate head of Antoninus and...\" \/>\n<meta name=\"robots\" content=\"index, follow, max-snippet:-1, max-image-preview:large, max-video-preview:-1\" \/>\n<link rel=\"canonical\" href=\"https:\/\/www.numismeo.com\/en\/boutique\/antiques\/empire-romain-antiques\/antonin-le-pieux-sesterce-9\/\" \/>\n<meta property=\"og:locale\" content=\"en_US\" \/>\n<meta property=\"og:type\" content=\"article\" \/>\n<meta property=\"og:title\" content=\"Antoninus Pius AE Sestertius Rome 148-149\" \/>\n<meta property=\"og:description\" content=\"Pretty sesterce of the Roman emperor Antoninus the Pious. Bronze coin minted in Rome in 148-149. The obverse features the laureate head of Antoninus and...\" \/>\n<meta property=\"og:url\" content=\"https:\/\/www.numismeo.com\/en\/boutique\/antiques\/empire-romain-antiques\/antonin-le-pieux-sesterce-9\/\" \/>\n<meta property=\"og:site_name\" content=\"Numismeo\" \/>\n<meta property=\"article:publisher\" content=\"https:\/\/www.facebook.com\/numismeo\" \/>\n<meta property=\"article:modified_time\" content=\"2025-12-31T09:01:35+00:00\" \/>\n<meta property=\"og:image\" content=\"https:\/\/www.numismeo.com\/wp-content\/uploads\/2016\/03\/6803-Antonin-le-Pieux-sesterce-e1649777005910.jpg\" \/>\n\t<meta property=\"og:image:width\" content=\"1200\" \/>\n\t<meta property=\"og:image:height\" content=\"1200\" \/>\n\t<meta property=\"og:image:type\" content=\"image\/jpeg\" \/>\n<meta name=\"twitter:card\" content=\"summary_large_image\" \/>\n<meta name=\"twitter:label1\" content=\"Est. reading time\" \/>\n\t<meta name=\"twitter:data1\" content=\"1 minute\" \/>\n<script type=\"application\/ld+json\" class=\"yoast-schema-graph\">{\"@context\":\"https:\\\/\\\/schema.org\",\"@graph\":[{\"@type\":\"WebPage\",\"@id\":\"https:\\\/\\\/www.numismeo.com\\\/en\\\/boutique\\\/antiques\\\/empire-romain-antiques\\\/antonin-le-pieux-sesterce-9\\\/\",\"url\":\"https:\\\/\\\/www.numismeo.com\\\/en\\\/boutique\\\/antiques\\\/empire-romain-antiques\\\/antonin-le-pieux-sesterce-9\\\/\",\"name\":\"Antonin le Pieux sesterce - Numismeo\",\"isPartOf\":{\"@id\":\"https:\\\/\\\/www.numismeo.com\\\/#website\"},\"primaryImageOfPage\":{\"@id\":\"https:\\\/\\\/www.numismeo.com\\\/boutique\\\/antiques\\\/empire-romain-antiques\\\/antonin-le-pieux-sesterce-9\\\/#primaryimage\"},\"image\":{\"@id\":\"https:\\\/\\\/www.numismeo.com\\\/boutique\\\/antiques\\\/empire-romain-antiques\\\/antonin-le-pieux-sesterce-9\\\/#primaryimage\"},\"thumbnailUrl\":\"https:\\\/\\\/www.numismeo.com\\\/wp-content\\\/uploads\\\/2016\\\/03\\\/6803-Antonin-le-Pieux-sesterce-e1649777005910.jpg\",\"datePublished\":\"2025-08-22T20:31:43+00:00\",\"dateModified\":\"2025-12-31T09:01:35+00:00\",\"description\":\"Jolie sesterce de l'empereur romain Antonin le Pieux. Monnaie en bronze frapp\u00e9 \u00e0 Rome en 148-149. T\u00eate laur\u00e9 d'Antonin \u00e0 l'avers et l'Equit\u00e9 au revers\",\"breadcrumb\":{\"@id\":\"https:\\\/\\\/www.numismeo.com\\\/boutique\\\/antiques\\\/empire-romain-antiques\\\/antonin-le-pieux-sesterce-9\\\/#breadcrumb\"},\"inLanguage\":\"en-US\",\"potentialAction\":[{\"@type\":\"ReadAction\",\"target\":[\"https:\\\/\\\/www.numismeo.com\\\/boutique\\\/antiques\\\/empire-romain-antiques\\\/antonin-le-pieux-sesterce-9\\\/\"]}]},{\"@type\":\"ImageObject\",\"inLanguage\":\"en-US\",\"@id\":\"https:\\\/\\\/www.numismeo.com\\\/boutique\\\/antiques\\\/empire-romain-antiques\\\/antonin-le-pieux-sesterce-9\\\/#primaryimage\",\"url\":\"https:\\\/\\\/www.numismeo.com\\\/wp-content\\\/uploads\\\/2016\\\/03\\\/6803-Antonin-le-Pieux-sesterce-e1649777005910.jpg\",\"contentUrl\":\"https:\\\/\\\/www.numismeo.com\\\/wp-content\\\/uploads\\\/2016\\\/03\\\/6803-Antonin-le-Pieux-sesterce-e1649777005910.jpg\",\"width\":1200,\"height\":1200,\"caption\":\"Antonin le Pieux sesterce\"},{\"@type\":\"BreadcrumbList\",\"@id\":\"https:\\\/\\\/www.numismeo.com\\\/boutique\\\/antiques\\\/empire-romain-antiques\\\/antonin-le-pieux-sesterce-9\\\/#breadcrumb\",\"itemListElement\":[{\"@type\":\"ListItem\",\"position\":1,\"name\":\"Accueil\",\"item\":\"https:\\\/\\\/www.numismeo.com\\\/\"},{\"@type\":\"ListItem\",\"position\":2,\"name\":\"BoutiqueTechnique\",\"item\":\"https:\\\/\\\/www.numismeo.com\\\/boutiquetechnique\\\/\"},{\"@type\":\"ListItem\",\"position\":3,\"name\":\"Antonin le Pieux sesterce\"}]},{\"@type\":\"WebSite\",\"@id\":\"https:\\\/\\\/www.numismeo.com\\\/#website\",\"url\":\"https:\\\/\\\/www.numismeo.com\\\/\",\"name\":\"Numismeo\",\"description\":\"MAISON CREUSY fond\u00e9 en 1974\",\"publisher\":{\"@id\":\"https:\\\/\\\/www.numismeo.com\\\/#organization\"},\"alternateName\":\"Maison Creusy\",\"potentialAction\":[{\"@type\":\"SearchAction\",\"target\":{\"@type\":\"EntryPoint\",\"urlTemplate\":\"https:\\\/\\\/www.numismeo.com\\\/?s={search_term_string}\"},\"query-input\":{\"@type\":\"PropertyValueSpecification\",\"valueRequired\":true,\"valueName\":\"search_term_string\"}}],\"inLanguage\":\"en-US\"},{\"@type\":\"Organization\",\"@id\":\"https:\\\/\\\/www.numismeo.com\\\/#organization\",\"name\":\"Maison Creusy\",\"alternateName\":\"Maison Creusy\",\"url\":\"https:\\\/\\\/www.numismeo.com\\\/\",\"logo\":{\"@type\":\"ImageObject\",\"inLanguage\":\"en-US\",\"@id\":\"https:\\\/\\\/www.numismeo.com\\\/#\\\/schema\\\/logo\\\/image\\\/\",\"url\":\"https:\\\/\\\/www.numismeo.com\\\/wp-content\\\/uploads\\\/2022\\\/09\\\/LogoPetit.jpg\",\"contentUrl\":\"https:\\\/\\\/www.numismeo.com\\\/wp-content\\\/uploads\\\/2022\\\/09\\\/LogoPetit.jpg\",\"width\":164,\"height\":164,\"caption\":\"Maison Creusy\"},\"image\":{\"@id\":\"https:\\\/\\\/www.numismeo.com\\\/#\\\/schema\\\/logo\\\/image\\\/\"},\"sameAs\":[\"https:\\\/\\\/www.facebook.com\\\/numismeo\"]}]}<\/script>\n<!-- \/ Yoast SEO plugin. -->","yoast_head_json":{"title":"Antoninus Pius AE Sestertius Rome 148-149","description":"Pretty sesterce of the Roman emperor Antoninus the Pious. Bronze coin minted in Rome in 148-149. The obverse features the laureate head of Antoninus and...","robots":{"index":"index","follow":"follow","max-snippet":"max-snippet:-1","max-image-preview":"max-image-preview:large","max-video-preview":"max-video-preview:-1"},"canonical":"https:\/\/www.numismeo.com\/en\/boutique\/antiques\/empire-romain-antiques\/antonin-le-pieux-sesterce-9\/","og_locale":"en_US","og_type":"article","og_title":"Antoninus Pius AE Sestertius Rome 148-149","og_description":"Pretty sesterce of the Roman emperor Antoninus the Pious. Bronze coin minted in Rome in 148-149. The obverse features the laureate head of Antoninus and...","og_url":"https:\/\/www.numismeo.com\/en\/boutique\/antiques\/empire-romain-antiques\/antonin-le-pieux-sesterce-9\/","og_site_name":"Numismeo","article_publisher":"https:\/\/www.facebook.com\/numismeo","article_modified_time":"2025-12-31T09:01:35+00:00","og_image":[{"width":1200,"height":1200,"url":"https:\/\/www.numismeo.com\/wp-content\/uploads\/2016\/03\/6803-Antonin-le-Pieux-sesterce-e1649777005910.jpg","type":"image\/jpeg"}],"twitter_card":"summary_large_image","twitter_misc":{"Est. reading time":"1 minute"},"schema":{"@context":"https:\/\/schema.org","@graph":[{"@type":"WebPage","@id":"https:\/\/www.numismeo.com\/en\/boutique\/antiques\/empire-romain-antiques\/antonin-le-pieux-sesterce-9\/","url":"https:\/\/www.numismeo.com\/en\/boutique\/antiques\/empire-romain-antiques\/antonin-le-pieux-sesterce-9\/","name":"Antonin le Pieux sesterce - Numismeo","isPartOf":{"@id":"https:\/\/www.numismeo.com\/#website"},"primaryImageOfPage":{"@id":"https:\/\/www.numismeo.com\/boutique\/antiques\/empire-romain-antiques\/antonin-le-pieux-sesterce-9\/#primaryimage"},"image":{"@id":"https:\/\/www.numismeo.com\/boutique\/antiques\/empire-romain-antiques\/antonin-le-pieux-sesterce-9\/#primaryimage"},"thumbnailUrl":"https:\/\/www.numismeo.com\/wp-content\/uploads\/2016\/03\/6803-Antonin-le-Pieux-sesterce-e1649777005910.jpg","datePublished":"2025-08-22T20:31:43+00:00","dateModified":"2025-12-31T09:01:35+00:00","description":"Jolie sesterce de l'empereur romain Antonin le Pieux. Monnaie en bronze frapp\u00e9 \u00e0 Rome en 148-149. T\u00eate laur\u00e9 d'Antonin \u00e0 l'avers et l'Equit\u00e9 au revers","breadcrumb":{"@id":"https:\/\/www.numismeo.com\/boutique\/antiques\/empire-romain-antiques\/antonin-le-pieux-sesterce-9\/#breadcrumb"},"inLanguage":"en-US","potentialAction":[{"@type":"ReadAction","target":["https:\/\/www.numismeo.com\/boutique\/antiques\/empire-romain-antiques\/antonin-le-pieux-sesterce-9\/"]}]},{"@type":"ImageObject","inLanguage":"en-US","@id":"https:\/\/www.numismeo.com\/boutique\/antiques\/empire-romain-antiques\/antonin-le-pieux-sesterce-9\/#primaryimage","url":"https:\/\/www.numismeo.com\/wp-content\/uploads\/2016\/03\/6803-Antonin-le-Pieux-sesterce-e1649777005910.jpg","contentUrl":"https:\/\/www.numismeo.com\/wp-content\/uploads\/2016\/03\/6803-Antonin-le-Pieux-sesterce-e1649777005910.jpg","width":1200,"height":1200,"caption":"Antonin le Pieux sesterce"},{"@type":"BreadcrumbList","@id":"https:\/\/www.numismeo.com\/boutique\/antiques\/empire-romain-antiques\/antonin-le-pieux-sesterce-9\/#breadcrumb","itemListElement":[{"@type":"ListItem","position":1,"name":"Accueil","item":"https:\/\/www.numismeo.com\/"},{"@type":"ListItem","position":2,"name":"BoutiqueTechnique","item":"https:\/\/www.numismeo.com\/boutiquetechnique\/"},{"@type":"ListItem","position":3,"name":"Antonin le Pieux sesterce"}]},{"@type":"WebSite","@id":"https:\/\/www.numismeo.com\/#website","url":"https:\/\/www.numismeo.com\/","name":"Numismeo","description":"MAISON CREUSY fond\u00e9 en 1974","publisher":{"@id":"https:\/\/www.numismeo.com\/#organization"},"alternateName":"Maison Creusy","potentialAction":[{"@type":"SearchAction","target":{"@type":"EntryPoint","urlTemplate":"https:\/\/www.numismeo.com\/?s={search_term_string}"},"query-input":{"@type":"PropertyValueSpecification","valueRequired":true,"valueName":"search_term_string"}}],"inLanguage":"en-US"},{"@type":"Organization","@id":"https:\/\/www.numismeo.com\/#organization","name":"Maison Creusy","alternateName":"Maison Creusy","url":"https:\/\/www.numismeo.com\/","logo":{"@type":"ImageObject","inLanguage":"en-US","@id":"https:\/\/www.numismeo.com\/#\/schema\/logo\/image\/","url":"https:\/\/www.numismeo.com\/wp-content\/uploads\/2022\/09\/LogoPetit.jpg","contentUrl":"https:\/\/www.numismeo.com\/wp-content\/uploads\/2022\/09\/LogoPetit.jpg","width":164,"height":164,"caption":"Maison Creusy"},"image":{"@id":"https:\/\/www.numismeo.com\/#\/schema\/logo\/image\/"},"sameAs":["https:\/\/www.facebook.com\/numismeo"]}]}},"_links":{"self":[{"href":"https:\/\/www.numismeo.com\/wp-json\/wp\/v2\/product\/10944","targetHints":{"allow":["GET"]}}],"collection":[{"href":"https:\/\/www.numismeo.com\/wp-json\/wp\/v2\/product"}],"about":[{"href":"https:\/\/www.numismeo.com\/wp-json\/wp\/v2\/types\/product"}],"wp:featuredmedia":[{"embeddable":true,"href":"https:\/\/www.numismeo.com\/wp-json\/wp\/v2\/media\/10940"}],"wp:attachment":[{"href":"https:\/\/www.numismeo.com\/wp-json\/wp\/v2\/media?parent=10944"}],"wp:term":[{"taxonomy":"product_brand","embeddable":true,"href":"https:\/\/www.numismeo.com\/wp-json\/wp\/v2\/product_brand?post=10944"},{"taxonomy":"product_cat","embeddable":true,"href":"https:\/\/www.numismeo.com\/wp-json\/wp\/v2\/product_cat?post=10944"},{"taxonomy":"product_tag","embeddable":true,"href":"https:\/\/www.numismeo.com\/wp-json\/wp\/v2\/product_tag?post=10944"}],"curies":[{"name":"wp","href":"https:\/\/api.w.org\/{rel}","templated":true}]}}