{"id":11520,"date":"2017-01-24T16:46:32","date_gmt":"2017-01-24T14:46:32","guid":{"rendered":"http:\/\/www.numismeo.com\/product\/louis-xv-demi-ecu-vertugadin-1716-la-rochelle-reformation\/"},"modified":"2026-01-14T15:11:11","modified_gmt":"2026-01-14T14:11:11","slug":"louis-xv-demi-ecu-vertugadin-1716-la-rochelle-reformation","status":"publish","type":"product","link":"https:\/\/www.numismeo.com\/en\/boutique\/francaises\/royales\/louis-xv-demi-ecu-vertugadin-1716-la-rochelle-reformation\/","title":{"rendered":"Louis XV Half Ecu Vertugadin 1716 H reformation"},"content":{"rendered":"The name Vertugadin maybe due to te circular form of the royal coat of arms on reverse which remind the Vertugadin (English <a href=\"https:\/\/en.wikipedia.org\/wiki\/Farthingale\" target=\"_blank\" rel=\"noopener\">Farthingale<\/a>)of the time. (source Dictionnaire de Numismatique M. Amandry)","protected":false},"excerpt":{"rendered":"<p>The name Vertugadin maybe due to te circular form of the royal coat of arms on reverse which remind the [&hellip;]<\/p>\n","protected":false},"featured_media":17778,"template":"","meta":{"_acf_changed":false,"site-sidebar-layout":"default","site-content-layout":"","ast-site-content-layout":"default","site-content-style":"default","site-sidebar-style":"default","ast-global-header-display":"","ast-banner-title-visibility":"","ast-main-header-display":"","ast-hfb-above-header-display":"","ast-hfb-below-header-display":"","ast-hfb-mobile-header-display":"","site-post-title":"","ast-breadcrumbs-content":"","ast-featured-img":"","footer-sml-layout":"","ast-disable-related-posts":"","theme-transparent-header-meta":"","adv-header-id-meta":"","stick-header-meta":"","header-above-stick-meta":"","header-main-stick-meta":"","header-below-stick-meta":"","astra-migrate-meta-layouts":"default","ast-page-background-enabled":"default","ast-page-background-meta":{"desktop":{"background-color":"var(--ast-global-color-5)","background-image":"","background-repeat":"repeat","background-position":"center center","background-size":"auto","background-attachment":"scroll","background-type":"","background-media":"","overlay-type":"","overlay-color":"","overlay-opacity":"","overlay-gradient":""},"tablet":{"background-color":"","background-image":"","background-repeat":"repeat","background-position":"center center","background-size":"auto","background-attachment":"scroll","background-type":"","background-media":"","overlay-type":"","overlay-color":"","overlay-opacity":"","overlay-gradient":""},"mobile":{"background-color":"","background-image":"","background-repeat":"repeat","background-position":"center center","background-size":"auto","background-attachment":"scroll","background-type":"","background-media":"","overlay-type":"","overlay-color":"","overlay-opacity":"","overlay-gradient":""}},"ast-content-background-meta":{"desktop":{"background-color":"var(--ast-global-color-4)","background-image":"","background-repeat":"repeat","background-position":"center center","background-size":"auto","background-attachment":"scroll","background-type":"","background-media":"","overlay-type":"","overlay-color":"","overlay-opacity":"","overlay-gradient":""},"tablet":{"background-color":"var(--ast-global-color-4)","background-image":"","background-repeat":"repeat","background-position":"center center","background-size":"auto","background-attachment":"scroll","background-type":"","background-media":"","overlay-type":"","overlay-color":"","overlay-opacity":"","overlay-gradient":""},"mobile":{"background-color":"var(--ast-global-color-4)","background-image":"","background-repeat":"repeat","background-position":"center center","background-size":"auto","background-attachment":"scroll","background-type":"","background-media":"","overlay-type":"","overlay-color":"","overlay-opacity":"","overlay-gradient":""}}},"product_brand":[],"product_cat":[93,159],"product_tag":[],"class_list":{"0":"post-11520","1":"product","2":"type-product","3":"status-publish","4":"has-post-thumbnail","6":"product_cat-francaises","7":"product_cat-royales","8":"pa_anneefrappe1-41-1716","9":"pa_atelier-ff-larochelle","10":"pa_gradage-non","11":"pa_metal-b5-argent","12":"pa_provenance-non","13":"pa_qualite-60-ttb","14":"personnage-louis-xv","15":"desktop-align-left","16":"tablet-align-left","17":"mobile-align-left","19":"first","20":"instock","21":"sold-individually","22":"shipping-taxable","23":"purchasable","24":"product-type-simple"},"acf":[],"yoast_head":"<!-- This site is optimized with the Yoast SEO plugin v27.3 - https:\/\/yoast.com\/product\/yoast-seo-wordpress\/ -->\n<title>%%title%% %%page%%<\/title>\n<meta name=\"description\" content=\"Half ecu Vertugadin of Louis XV struck in 1716 in La Rochelle at 289402 copies. Surfrapp\u00e9 on another half ecu (Reformation)\" \/>\n<meta name=\"robots\" content=\"index, follow, max-snippet:-1, max-image-preview:large, max-video-preview:-1\" \/>\n<link rel=\"canonical\" href=\"https:\/\/www.numismeo.com\/en\/boutique\/francaises\/royales\/louis-xv-demi-ecu-vertugadin-1716-la-rochelle-reformation\/\" \/>\n<meta property=\"og:locale\" content=\"en_US\" \/>\n<meta property=\"og:type\" content=\"article\" \/>\n<meta property=\"og:title\" content=\"%%title%% %%page%%\" \/>\n<meta property=\"og:description\" content=\"Half ecu Vertugadin of Louis XV struck in 1716 in La Rochelle at 289402 copies. Surfrapp\u00e9 on another half ecu (Reformation)\" \/>\n<meta property=\"og:url\" content=\"https:\/\/www.numismeo.com\/en\/boutique\/francaises\/royales\/louis-xv-demi-ecu-vertugadin-1716-la-rochelle-reformation\/\" \/>\n<meta property=\"og:site_name\" content=\"Numismeo\" \/>\n<meta property=\"article:publisher\" content=\"https:\/\/www.facebook.com\/numismeo\" \/>\n<meta property=\"article:modified_time\" content=\"2026-01-14T14:11:11+00:00\" \/>\n<meta property=\"og:image\" content=\"https:\/\/www.numismeo.com\/wp-content\/uploads\/2017\/01\/DSC_2202-Modifier-e1649228418633.jpg\" \/>\n\t<meta property=\"og:image:width\" content=\"1100\" \/>\n\t<meta property=\"og:image:height\" content=\"1100\" \/>\n\t<meta property=\"og:image:type\" content=\"image\/jpeg\" \/>\n<meta name=\"twitter:card\" content=\"summary_large_image\" \/>\n<meta name=\"twitter:image\" content=\"https:\/\/www.numismeo.com\/wp-content\/uploads\/2017\/01\/DSC_2202-Modifier-e1649228418633.jpg\" \/>\n<meta name=\"twitter:label1\" content=\"Est. reading time\" \/>\n\t<meta name=\"twitter:data1\" content=\"1 minute\" \/>\n<script type=\"application\/ld+json\" class=\"yoast-schema-graph\">{\"@context\":\"https:\\\/\\\/schema.org\",\"@graph\":[{\"@type\":\"WebPage\",\"@id\":\"https:\\\/\\\/www.numismeo.com\\\/en\\\/boutique\\\/francaises\\\/royales\\\/louis-xv-demi-ecu-vertugadin-1716-la-rochelle-reformation\\\/\",\"url\":\"https:\\\/\\\/www.numismeo.com\\\/en\\\/boutique\\\/francaises\\\/royales\\\/louis-xv-demi-ecu-vertugadin-1716-la-rochelle-reformation\\\/\",\"name\":\"Louis XV Demi Ecu Vertugadin 1716 La Rochelle r\u00e9formation\",\"isPartOf\":{\"@id\":\"https:\\\/\\\/www.numismeo.com\\\/#website\"},\"primaryImageOfPage\":{\"@id\":\"https:\\\/\\\/www.numismeo.com\\\/boutique\\\/francaises\\\/royales\\\/louis-xv-demi-ecu-vertugadin-1716-la-rochelle-reformation\\\/#primaryimage\"},\"image\":{\"@id\":\"https:\\\/\\\/www.numismeo.com\\\/boutique\\\/francaises\\\/royales\\\/louis-xv-demi-ecu-vertugadin-1716-la-rochelle-reformation\\\/#primaryimage\"},\"thumbnailUrl\":\"https:\\\/\\\/www.numismeo.com\\\/wp-content\\\/uploads\\\/2017\\\/01\\\/DSC_2202-Modifier-e1649228418633.jpg\",\"datePublished\":\"2017-01-24T14:46:32+00:00\",\"dateModified\":\"2026-01-14T14:11:11+00:00\",\"description\":\"Demi \u00e9cu Vertugadin de Louis XV frapp\u00e9 en 1716 \u00e0 La Rochelle \u00e0 289402 exemplaires. Surfrapp\u00e9 sur un autre demi ecu (R\u00e9formation)\",\"breadcrumb\":{\"@id\":\"https:\\\/\\\/www.numismeo.com\\\/boutique\\\/francaises\\\/royales\\\/louis-xv-demi-ecu-vertugadin-1716-la-rochelle-reformation\\\/#breadcrumb\"},\"inLanguage\":\"en-US\",\"potentialAction\":[{\"@type\":\"ReadAction\",\"target\":[\"https:\\\/\\\/www.numismeo.com\\\/boutique\\\/francaises\\\/royales\\\/louis-xv-demi-ecu-vertugadin-1716-la-rochelle-reformation\\\/\"]}]},{\"@type\":\"ImageObject\",\"inLanguage\":\"en-US\",\"@id\":\"https:\\\/\\\/www.numismeo.com\\\/boutique\\\/francaises\\\/royales\\\/louis-xv-demi-ecu-vertugadin-1716-la-rochelle-reformation\\\/#primaryimage\",\"url\":\"https:\\\/\\\/www.numismeo.com\\\/wp-content\\\/uploads\\\/2017\\\/01\\\/DSC_2202-Modifier-e1649228418633.jpg\",\"contentUrl\":\"https:\\\/\\\/www.numismeo.com\\\/wp-content\\\/uploads\\\/2017\\\/01\\\/DSC_2202-Modifier-e1649228418633.jpg\",\"width\":1100,\"height\":1100,\"caption\":\"LouisXV-DemiEcu1716H\"},{\"@type\":\"BreadcrumbList\",\"@id\":\"https:\\\/\\\/www.numismeo.com\\\/boutique\\\/francaises\\\/royales\\\/louis-xv-demi-ecu-vertugadin-1716-la-rochelle-reformation\\\/#breadcrumb\",\"itemListElement\":[{\"@type\":\"ListItem\",\"position\":1,\"name\":\"Accueil\",\"item\":\"https:\\\/\\\/www.numismeo.com\\\/\"},{\"@type\":\"ListItem\",\"position\":2,\"name\":\"BoutiqueTechnique\",\"item\":\"https:\\\/\\\/www.numismeo.com\\\/boutiquetechnique\\\/\"},{\"@type\":\"ListItem\",\"position\":3,\"name\":\"Louis XV Demi Ecu Vertugadin 1716 La Rochelle r\u00e9formation\"}]},{\"@type\":\"WebSite\",\"@id\":\"https:\\\/\\\/www.numismeo.com\\\/#website\",\"url\":\"https:\\\/\\\/www.numismeo.com\\\/\",\"name\":\"Numismeo\",\"description\":\"MAISON CREUSY fond\u00e9 en 1974\",\"publisher\":{\"@id\":\"https:\\\/\\\/www.numismeo.com\\\/#organization\"},\"alternateName\":\"Maison Creusy\",\"potentialAction\":[{\"@type\":\"SearchAction\",\"target\":{\"@type\":\"EntryPoint\",\"urlTemplate\":\"https:\\\/\\\/www.numismeo.com\\\/?s={search_term_string}\"},\"query-input\":{\"@type\":\"PropertyValueSpecification\",\"valueRequired\":true,\"valueName\":\"search_term_string\"}}],\"inLanguage\":\"en-US\"},{\"@type\":\"Organization\",\"@id\":\"https:\\\/\\\/www.numismeo.com\\\/#organization\",\"name\":\"Maison Creusy\",\"alternateName\":\"Maison Creusy\",\"url\":\"https:\\\/\\\/www.numismeo.com\\\/\",\"logo\":{\"@type\":\"ImageObject\",\"inLanguage\":\"en-US\",\"@id\":\"https:\\\/\\\/www.numismeo.com\\\/#\\\/schema\\\/logo\\\/image\\\/\",\"url\":\"https:\\\/\\\/www.numismeo.com\\\/wp-content\\\/uploads\\\/2022\\\/09\\\/LogoPetit.jpg\",\"contentUrl\":\"https:\\\/\\\/www.numismeo.com\\\/wp-content\\\/uploads\\\/2022\\\/09\\\/LogoPetit.jpg\",\"width\":164,\"height\":164,\"caption\":\"Maison Creusy\"},\"image\":{\"@id\":\"https:\\\/\\\/www.numismeo.com\\\/#\\\/schema\\\/logo\\\/image\\\/\"},\"sameAs\":[\"https:\\\/\\\/www.facebook.com\\\/numismeo\"]}]}<\/script>\n<!-- \/ Yoast SEO plugin. -->","yoast_head_json":{"title":"%%title%% %%page%%","description":"Half ecu Vertugadin of Louis XV struck in 1716 in La Rochelle at 289402 copies. Surfrapp\u00e9 on another half ecu (Reformation)","robots":{"index":"index","follow":"follow","max-snippet":"max-snippet:-1","max-image-preview":"max-image-preview:large","max-video-preview":"max-video-preview:-1"},"canonical":"https:\/\/www.numismeo.com\/en\/boutique\/francaises\/royales\/louis-xv-demi-ecu-vertugadin-1716-la-rochelle-reformation\/","og_locale":"en_US","og_type":"article","og_title":"%%title%% %%page%%","og_description":"Half ecu Vertugadin of Louis XV struck in 1716 in La Rochelle at 289402 copies. Surfrapp\u00e9 on another half ecu (Reformation)","og_url":"https:\/\/www.numismeo.com\/en\/boutique\/francaises\/royales\/louis-xv-demi-ecu-vertugadin-1716-la-rochelle-reformation\/","og_site_name":"Numismeo","article_publisher":"https:\/\/www.facebook.com\/numismeo","article_modified_time":"2026-01-14T14:11:11+00:00","og_image":[{"width":1100,"height":1100,"url":"https:\/\/www.numismeo.com\/wp-content\/uploads\/2017\/01\/DSC_2202-Modifier-e1649228418633.jpg","type":"image\/jpeg"}],"twitter_card":"summary_large_image","twitter_image":"https:\/\/www.numismeo.com\/wp-content\/uploads\/2017\/01\/DSC_2202-Modifier-e1649228418633.jpg","twitter_misc":{"Est. reading time":"1 minute"},"schema":{"@context":"https:\/\/schema.org","@graph":[{"@type":"WebPage","@id":"https:\/\/www.numismeo.com\/en\/boutique\/francaises\/royales\/louis-xv-demi-ecu-vertugadin-1716-la-rochelle-reformation\/","url":"https:\/\/www.numismeo.com\/en\/boutique\/francaises\/royales\/louis-xv-demi-ecu-vertugadin-1716-la-rochelle-reformation\/","name":"Louis XV Demi Ecu Vertugadin 1716 La Rochelle r\u00e9formation","isPartOf":{"@id":"https:\/\/www.numismeo.com\/#website"},"primaryImageOfPage":{"@id":"https:\/\/www.numismeo.com\/boutique\/francaises\/royales\/louis-xv-demi-ecu-vertugadin-1716-la-rochelle-reformation\/#primaryimage"},"image":{"@id":"https:\/\/www.numismeo.com\/boutique\/francaises\/royales\/louis-xv-demi-ecu-vertugadin-1716-la-rochelle-reformation\/#primaryimage"},"thumbnailUrl":"https:\/\/www.numismeo.com\/wp-content\/uploads\/2017\/01\/DSC_2202-Modifier-e1649228418633.jpg","datePublished":"2017-01-24T14:46:32+00:00","dateModified":"2026-01-14T14:11:11+00:00","description":"Demi \u00e9cu Vertugadin de Louis XV frapp\u00e9 en 1716 \u00e0 La Rochelle \u00e0 289402 exemplaires. Surfrapp\u00e9 sur un autre demi ecu (R\u00e9formation)","breadcrumb":{"@id":"https:\/\/www.numismeo.com\/boutique\/francaises\/royales\/louis-xv-demi-ecu-vertugadin-1716-la-rochelle-reformation\/#breadcrumb"},"inLanguage":"en-US","potentialAction":[{"@type":"ReadAction","target":["https:\/\/www.numismeo.com\/boutique\/francaises\/royales\/louis-xv-demi-ecu-vertugadin-1716-la-rochelle-reformation\/"]}]},{"@type":"ImageObject","inLanguage":"en-US","@id":"https:\/\/www.numismeo.com\/boutique\/francaises\/royales\/louis-xv-demi-ecu-vertugadin-1716-la-rochelle-reformation\/#primaryimage","url":"https:\/\/www.numismeo.com\/wp-content\/uploads\/2017\/01\/DSC_2202-Modifier-e1649228418633.jpg","contentUrl":"https:\/\/www.numismeo.com\/wp-content\/uploads\/2017\/01\/DSC_2202-Modifier-e1649228418633.jpg","width":1100,"height":1100,"caption":"LouisXV-DemiEcu1716H"},{"@type":"BreadcrumbList","@id":"https:\/\/www.numismeo.com\/boutique\/francaises\/royales\/louis-xv-demi-ecu-vertugadin-1716-la-rochelle-reformation\/#breadcrumb","itemListElement":[{"@type":"ListItem","position":1,"name":"Accueil","item":"https:\/\/www.numismeo.com\/"},{"@type":"ListItem","position":2,"name":"BoutiqueTechnique","item":"https:\/\/www.numismeo.com\/boutiquetechnique\/"},{"@type":"ListItem","position":3,"name":"Louis XV Demi Ecu Vertugadin 1716 La Rochelle r\u00e9formation"}]},{"@type":"WebSite","@id":"https:\/\/www.numismeo.com\/#website","url":"https:\/\/www.numismeo.com\/","name":"Numismeo","description":"MAISON CREUSY fond\u00e9 en 1974","publisher":{"@id":"https:\/\/www.numismeo.com\/#organization"},"alternateName":"Maison Creusy","potentialAction":[{"@type":"SearchAction","target":{"@type":"EntryPoint","urlTemplate":"https:\/\/www.numismeo.com\/?s={search_term_string}"},"query-input":{"@type":"PropertyValueSpecification","valueRequired":true,"valueName":"search_term_string"}}],"inLanguage":"en-US"},{"@type":"Organization","@id":"https:\/\/www.numismeo.com\/#organization","name":"Maison Creusy","alternateName":"Maison Creusy","url":"https:\/\/www.numismeo.com\/","logo":{"@type":"ImageObject","inLanguage":"en-US","@id":"https:\/\/www.numismeo.com\/#\/schema\/logo\/image\/","url":"https:\/\/www.numismeo.com\/wp-content\/uploads\/2022\/09\/LogoPetit.jpg","contentUrl":"https:\/\/www.numismeo.com\/wp-content\/uploads\/2022\/09\/LogoPetit.jpg","width":164,"height":164,"caption":"Maison Creusy"},"image":{"@id":"https:\/\/www.numismeo.com\/#\/schema\/logo\/image\/"},"sameAs":["https:\/\/www.facebook.com\/numismeo"]}]}},"_links":{"self":[{"href":"https:\/\/www.numismeo.com\/wp-json\/wp\/v2\/product\/11520","targetHints":{"allow":["GET"]}}],"collection":[{"href":"https:\/\/www.numismeo.com\/wp-json\/wp\/v2\/product"}],"about":[{"href":"https:\/\/www.numismeo.com\/wp-json\/wp\/v2\/types\/product"}],"wp:featuredmedia":[{"embeddable":true,"href":"https:\/\/www.numismeo.com\/wp-json\/wp\/v2\/media\/17778"}],"wp:attachment":[{"href":"https:\/\/www.numismeo.com\/wp-json\/wp\/v2\/media?parent=11520"}],"wp:term":[{"taxonomy":"product_brand","embeddable":true,"href":"https:\/\/www.numismeo.com\/wp-json\/wp\/v2\/product_brand?post=11520"},{"taxonomy":"product_cat","embeddable":true,"href":"https:\/\/www.numismeo.com\/wp-json\/wp\/v2\/product_cat?post=11520"},{"taxonomy":"product_tag","embeddable":true,"href":"https:\/\/www.numismeo.com\/wp-json\/wp\/v2\/product_tag?post=11520"}],"curies":[{"name":"wp","href":"https:\/\/api.w.org\/{rel}","templated":true}]}}