{"id":12598,"date":"2018-09-15T09:11:10","date_gmt":"2018-09-15T09:11:10","guid":{"rendered":"http:\/\/www.numismeo.com\/product\/medaille-navire-de-ligne-strasbourg\/"},"modified":"2026-02-21T11:29:10","modified_gmt":"2026-02-21T10:29:10","slug":"medaille-navire-de-ligne-strasbourg","status":"publish","type":"product","link":"https:\/\/www.numismeo.com\/en\/boutique\/medailles-et-jetons\/medailles\/medaille-navire-de-ligne-strasbourg\/","title":{"rendered":"M\u00e9daille navire de ligne Strasbourg"},"content":{"rendered":"<p>Le Strasbourg \u00e9tait un navire de ligne command\u00e9 en 1934, lanc\u00e9 en 1936, entr\u00e9 en service en 1939, il avait \u00e9t\u00e9 con\u00e7u pour surclasser les \u00ab\u00a0cuirass\u00e9s de poche\u00a0\u00bb allemands de la classe Deutschland,<\/p>\n","protected":false},"excerpt":{"rendered":"<p>Le Strasbourg \u00e9tait un navire de ligne command\u00e9 en 1934, lanc\u00e9 en 1936, entr\u00e9 en service en 1939, il avait [&hellip;]<\/p>\n","protected":false},"featured_media":12594,"template":"","meta":{"_acf_changed":false,"site-sidebar-layout":"default","site-content-layout":"","ast-site-content-layout":"default","site-content-style":"default","site-sidebar-style":"default","ast-global-header-display":"","ast-banner-title-visibility":"","ast-main-header-display":"","ast-hfb-above-header-display":"","ast-hfb-below-header-display":"","ast-hfb-mobile-header-display":"","site-post-title":"","ast-breadcrumbs-content":"","ast-featured-img":"","footer-sml-layout":"","ast-disable-related-posts":"","theme-transparent-header-meta":"","adv-header-id-meta":"","stick-header-meta":"","header-above-stick-meta":"","header-main-stick-meta":"","header-below-stick-meta":"","astra-migrate-meta-layouts":"default","ast-page-background-enabled":"default","ast-page-background-meta":{"desktop":{"background-color":"var(--ast-global-color-5)","background-image":"","background-repeat":"repeat","background-position":"center center","background-size":"auto","background-attachment":"scroll","background-type":"","background-media":"","overlay-type":"","overlay-color":"","overlay-opacity":"","overlay-gradient":""},"tablet":{"background-color":"","background-image":"","background-repeat":"repeat","background-position":"center center","background-size":"auto","background-attachment":"scroll","background-type":"","background-media":"","overlay-type":"","overlay-color":"","overlay-opacity":"","overlay-gradient":""},"mobile":{"background-color":"","background-image":"","background-repeat":"repeat","background-position":"center center","background-size":"auto","background-attachment":"scroll","background-type":"","background-media":"","overlay-type":"","overlay-color":"","overlay-opacity":"","overlay-gradient":""}},"ast-content-background-meta":{"desktop":{"background-color":"var(--ast-global-color-4)","background-image":"","background-repeat":"repeat","background-position":"center center","background-size":"auto","background-attachment":"scroll","background-type":"","background-media":"","overlay-type":"","overlay-color":"","overlay-opacity":"","overlay-gradient":""},"tablet":{"background-color":"var(--ast-global-color-4)","background-image":"","background-repeat":"repeat","background-position":"center center","background-size":"auto","background-attachment":"scroll","background-type":"","background-media":"","overlay-type":"","overlay-color":"","overlay-opacity":"","overlay-gradient":""},"mobile":{"background-color":"var(--ast-global-color-4)","background-image":"","background-repeat":"repeat","background-position":"center center","background-size":"auto","background-attachment":"scroll","background-type":"","background-media":"","overlay-type":"","overlay-color":"","overlay-opacity":"","overlay-gradient":""}}},"product_brand":[],"product_cat":[117,97],"product_tag":[],"class_list":{"0":"post-12598","1":"product","2":"type-product","3":"status-publish","4":"has-post-thumbnail","6":"product_cat-medailles","7":"product_cat-medailles-et-jetons","8":"pa_gradage-non","9":"pa_graveur-pierre-alexandre-morlon-1878-1951","10":"pa_metal-be-bronze","11":"pa_provenance-non","12":"pa_qualite-89-ttb_","13":"desktop-align-left","14":"tablet-align-left","15":"mobile-align-left","17":"first","18":"instock","19":"sold-individually","20":"shipping-taxable","21":"purchasable","22":"product-type-simple"},"acf":[],"yoast_head":"<!-- This site is optimized with the Yoast SEO plugin v27.5 - https:\/\/yoast.com\/product\/yoast-seo-wordpress\/ -->\n<title>M\u00e9daille navire de ligne Strasbourg<\/title>\n<meta name=\"description\" content=\"The Strasbourg was a ship of the line launched in 1936 and entered service in 1939. She was designed to outperform the German &quot;pocket battleships&quot;.\" \/>\n<meta name=\"robots\" content=\"index, follow, max-snippet:-1, max-image-preview:large, max-video-preview:-1\" \/>\n<link rel=\"canonical\" href=\"https:\/\/www.numismeo.com\/en\/boutique\/medailles-et-jetons\/medailles\/medaille-navire-de-ligne-strasbourg\/\" \/>\n<meta property=\"og:locale\" content=\"en_US\" \/>\n<meta property=\"og:type\" content=\"article\" \/>\n<meta property=\"og:title\" content=\"M\u00e9daille navire de ligne Strasbourg\" \/>\n<meta property=\"og:description\" content=\"The Strasbourg was a ship of the line launched in 1936 and entered service in 1939. She was designed to outperform the German &quot;pocket battleships&quot;.\" \/>\n<meta property=\"og:url\" content=\"https:\/\/www.numismeo.com\/en\/boutique\/medailles-et-jetons\/medailles\/medaille-navire-de-ligne-strasbourg\/\" \/>\n<meta property=\"og:site_name\" content=\"Numismeo\" \/>\n<meta property=\"article:publisher\" content=\"https:\/\/www.facebook.com\/numismeo\" \/>\n<meta property=\"article:modified_time\" content=\"2026-02-21T10:29:10+00:00\" \/>\n<meta property=\"og:image\" content=\"https:\/\/www.numismeo.com\/wp-content\/uploads\/2018\/09\/7960-Medaille-navire-de-ligne-Strasbourg-e1648825756369.jpg\" \/>\n\t<meta property=\"og:image:width\" content=\"1000\" \/>\n\t<meta property=\"og:image:height\" content=\"1000\" \/>\n\t<meta property=\"og:image:type\" content=\"image\/jpeg\" \/>\n<meta name=\"twitter:card\" content=\"summary_large_image\" \/>\n<meta name=\"twitter:label1\" content=\"Est. reading time\" \/>\n\t<meta name=\"twitter:data1\" content=\"1 minute\" \/>\n<script type=\"application\/ld+json\" class=\"yoast-schema-graph\">{\"@context\":\"https:\\\/\\\/schema.org\",\"@graph\":[{\"@type\":\"WebPage\",\"@id\":\"https:\\\/\\\/www.numismeo.com\\\/en\\\/boutique\\\/medailles-et-jetons\\\/medailles\\\/medaille-navire-de-ligne-strasbourg\\\/\",\"url\":\"https:\\\/\\\/www.numismeo.com\\\/en\\\/boutique\\\/medailles-et-jetons\\\/medailles\\\/medaille-navire-de-ligne-strasbourg\\\/\",\"name\":\"M\u00e9daille navire de ligne Strasbourg\",\"isPartOf\":{\"@id\":\"https:\\\/\\\/www.numismeo.com\\\/en\\\/#website\"},\"primaryImageOfPage\":{\"@id\":\"https:\\\/\\\/www.numismeo.com\\\/en\\\/boutique\\\/medailles-et-jetons\\\/medailles\\\/medaille-navire-de-ligne-strasbourg\\\/#primaryimage\"},\"image\":{\"@id\":\"https:\\\/\\\/www.numismeo.com\\\/en\\\/boutique\\\/medailles-et-jetons\\\/medailles\\\/medaille-navire-de-ligne-strasbourg\\\/#primaryimage\"},\"thumbnailUrl\":\"https:\\\/\\\/www.numismeo.com\\\/wp-content\\\/uploads\\\/2018\\\/09\\\/7960-Medaille-navire-de-ligne-Strasbourg-e1648825756369.jpg\",\"datePublished\":\"2018-09-15T09:11:10+00:00\",\"dateModified\":\"2026-02-21T10:29:10+00:00\",\"description\":\"The Strasbourg was a ship of the line launched in 1936 and entered service in 1939. She was designed to outperform the German \\\"pocket battleships\\\".\",\"breadcrumb\":{\"@id\":\"https:\\\/\\\/www.numismeo.com\\\/en\\\/boutique\\\/medailles-et-jetons\\\/medailles\\\/medaille-navire-de-ligne-strasbourg\\\/#breadcrumb\"},\"inLanguage\":\"en-US\",\"potentialAction\":[{\"@type\":\"ReadAction\",\"target\":[\"https:\\\/\\\/www.numismeo.com\\\/en\\\/boutique\\\/medailles-et-jetons\\\/medailles\\\/medaille-navire-de-ligne-strasbourg\\\/\"]}]},{\"@type\":\"ImageObject\",\"inLanguage\":\"en-US\",\"@id\":\"https:\\\/\\\/www.numismeo.com\\\/en\\\/boutique\\\/medailles-et-jetons\\\/medailles\\\/medaille-navire-de-ligne-strasbourg\\\/#primaryimage\",\"url\":\"https:\\\/\\\/www.numismeo.com\\\/wp-content\\\/uploads\\\/2018\\\/09\\\/7960-Medaille-navire-de-ligne-Strasbourg-e1648825756369.jpg\",\"contentUrl\":\"https:\\\/\\\/www.numismeo.com\\\/wp-content\\\/uploads\\\/2018\\\/09\\\/7960-Medaille-navire-de-ligne-Strasbourg-e1648825756369.jpg\",\"width\":1000,\"height\":1000,\"caption\":\"M\u00e9daille navire de ligne Strasbourg\"},{\"@type\":\"BreadcrumbList\",\"@id\":\"https:\\\/\\\/www.numismeo.com\\\/en\\\/boutique\\\/medailles-et-jetons\\\/medailles\\\/medaille-navire-de-ligne-strasbourg\\\/#breadcrumb\",\"itemListElement\":[{\"@type\":\"ListItem\",\"position\":1,\"name\":\"Accueil\",\"item\":\"https:\\\/\\\/www.numismeo.com\\\/en\\\/\"},{\"@type\":\"ListItem\",\"position\":2,\"name\":\"BoutiqueTechnique\",\"item\":\"https:\\\/\\\/www.numismeo.com\\\/en\\\/boutiquetechnique\\\/\"},{\"@type\":\"ListItem\",\"position\":3,\"name\":\"M\u00e9daille navire de ligne Strasbourg\"}]},{\"@type\":\"WebSite\",\"@id\":\"https:\\\/\\\/www.numismeo.com\\\/en\\\/#website\",\"url\":\"https:\\\/\\\/www.numismeo.com\\\/en\\\/\",\"name\":\"Numismeo\",\"description\":\"MAISON CREUSY fond\u00e9 en 1974\",\"publisher\":{\"@id\":\"https:\\\/\\\/www.numismeo.com\\\/en\\\/#organization\"},\"alternateName\":\"Maison Creusy\",\"potentialAction\":[{\"@type\":\"SearchAction\",\"target\":{\"@type\":\"EntryPoint\",\"urlTemplate\":\"https:\\\/\\\/www.numismeo.com\\\/en\\\/?s=%7Bsearch_term_string%7D\"},\"query-input\":{\"@type\":\"PropertyValueSpecification\",\"valueRequired\":true,\"valueName\":\"search_term_string\"}}],\"inLanguage\":\"en-US\"},{\"@type\":\"Organization\",\"@id\":\"https:\\\/\\\/www.numismeo.com\\\/en\\\/#organization\",\"name\":\"Maison Creusy\",\"alternateName\":\"Maison Creusy\",\"url\":\"https:\\\/\\\/www.numismeo.com\\\/en\\\/\",\"logo\":{\"@type\":\"ImageObject\",\"inLanguage\":\"en-US\",\"@id\":\"https:\\\/\\\/www.numismeo.com\\\/en\\\/#\\\/schema\\\/logo\\\/image\\\/\",\"url\":\"https:\\\/\\\/www.numismeo.com\\\/wp-content\\\/uploads\\\/2022\\\/09\\\/LogoPetit.jpg\",\"contentUrl\":\"https:\\\/\\\/www.numismeo.com\\\/wp-content\\\/uploads\\\/2022\\\/09\\\/LogoPetit.jpg\",\"width\":164,\"height\":164,\"caption\":\"Maison Creusy\"},\"image\":{\"@id\":\"https:\\\/\\\/www.numismeo.com\\\/en\\\/#\\\/schema\\\/logo\\\/image\\\/\"},\"sameAs\":[\"https:\\\/\\\/www.facebook.com\\\/numismeo\"]}]}<\/script>\n<!-- \/ Yoast SEO plugin. -->","yoast_head_json":{"title":"M\u00e9daille navire de ligne Strasbourg","description":"The Strasbourg was a ship of the line launched in 1936 and entered service in 1939. She was designed to outperform the German \"pocket battleships\".","robots":{"index":"index","follow":"follow","max-snippet":"max-snippet:-1","max-image-preview":"max-image-preview:large","max-video-preview":"max-video-preview:-1"},"canonical":"https:\/\/www.numismeo.com\/en\/boutique\/medailles-et-jetons\/medailles\/medaille-navire-de-ligne-strasbourg\/","og_locale":"en_US","og_type":"article","og_title":"M\u00e9daille navire de ligne Strasbourg","og_description":"The Strasbourg was a ship of the line launched in 1936 and entered service in 1939. She was designed to outperform the German \"pocket battleships\".","og_url":"https:\/\/www.numismeo.com\/en\/boutique\/medailles-et-jetons\/medailles\/medaille-navire-de-ligne-strasbourg\/","og_site_name":"Numismeo","article_publisher":"https:\/\/www.facebook.com\/numismeo","article_modified_time":"2026-02-21T10:29:10+00:00","og_image":[{"width":1000,"height":1000,"url":"https:\/\/www.numismeo.com\/wp-content\/uploads\/2018\/09\/7960-Medaille-navire-de-ligne-Strasbourg-e1648825756369.jpg","type":"image\/jpeg"}],"twitter_card":"summary_large_image","twitter_misc":{"Est. reading time":"1 minute"},"schema":{"@context":"https:\/\/schema.org","@graph":[{"@type":"WebPage","@id":"https:\/\/www.numismeo.com\/en\/boutique\/medailles-et-jetons\/medailles\/medaille-navire-de-ligne-strasbourg\/","url":"https:\/\/www.numismeo.com\/en\/boutique\/medailles-et-jetons\/medailles\/medaille-navire-de-ligne-strasbourg\/","name":"M\u00e9daille navire de ligne Strasbourg","isPartOf":{"@id":"https:\/\/www.numismeo.com\/en\/#website"},"primaryImageOfPage":{"@id":"https:\/\/www.numismeo.com\/en\/boutique\/medailles-et-jetons\/medailles\/medaille-navire-de-ligne-strasbourg\/#primaryimage"},"image":{"@id":"https:\/\/www.numismeo.com\/en\/boutique\/medailles-et-jetons\/medailles\/medaille-navire-de-ligne-strasbourg\/#primaryimage"},"thumbnailUrl":"https:\/\/www.numismeo.com\/wp-content\/uploads\/2018\/09\/7960-Medaille-navire-de-ligne-Strasbourg-e1648825756369.jpg","datePublished":"2018-09-15T09:11:10+00:00","dateModified":"2026-02-21T10:29:10+00:00","description":"The Strasbourg was a ship of the line launched in 1936 and entered service in 1939. She was designed to outperform the German \"pocket battleships\".","breadcrumb":{"@id":"https:\/\/www.numismeo.com\/en\/boutique\/medailles-et-jetons\/medailles\/medaille-navire-de-ligne-strasbourg\/#breadcrumb"},"inLanguage":"en-US","potentialAction":[{"@type":"ReadAction","target":["https:\/\/www.numismeo.com\/en\/boutique\/medailles-et-jetons\/medailles\/medaille-navire-de-ligne-strasbourg\/"]}]},{"@type":"ImageObject","inLanguage":"en-US","@id":"https:\/\/www.numismeo.com\/en\/boutique\/medailles-et-jetons\/medailles\/medaille-navire-de-ligne-strasbourg\/#primaryimage","url":"https:\/\/www.numismeo.com\/wp-content\/uploads\/2018\/09\/7960-Medaille-navire-de-ligne-Strasbourg-e1648825756369.jpg","contentUrl":"https:\/\/www.numismeo.com\/wp-content\/uploads\/2018\/09\/7960-Medaille-navire-de-ligne-Strasbourg-e1648825756369.jpg","width":1000,"height":1000,"caption":"M\u00e9daille navire de ligne Strasbourg"},{"@type":"BreadcrumbList","@id":"https:\/\/www.numismeo.com\/en\/boutique\/medailles-et-jetons\/medailles\/medaille-navire-de-ligne-strasbourg\/#breadcrumb","itemListElement":[{"@type":"ListItem","position":1,"name":"Accueil","item":"https:\/\/www.numismeo.com\/en\/"},{"@type":"ListItem","position":2,"name":"BoutiqueTechnique","item":"https:\/\/www.numismeo.com\/en\/boutiquetechnique\/"},{"@type":"ListItem","position":3,"name":"M\u00e9daille navire de ligne Strasbourg"}]},{"@type":"WebSite","@id":"https:\/\/www.numismeo.com\/en\/#website","url":"https:\/\/www.numismeo.com\/en\/","name":"Numismeo","description":"MAISON CREUSY fond\u00e9 en 1974","publisher":{"@id":"https:\/\/www.numismeo.com\/en\/#organization"},"alternateName":"Maison Creusy","potentialAction":[{"@type":"SearchAction","target":{"@type":"EntryPoint","urlTemplate":"https:\/\/www.numismeo.com\/en\/?s=%7Bsearch_term_string%7D"},"query-input":{"@type":"PropertyValueSpecification","valueRequired":true,"valueName":"search_term_string"}}],"inLanguage":"en-US"},{"@type":"Organization","@id":"https:\/\/www.numismeo.com\/en\/#organization","name":"Maison Creusy","alternateName":"Maison Creusy","url":"https:\/\/www.numismeo.com\/en\/","logo":{"@type":"ImageObject","inLanguage":"en-US","@id":"https:\/\/www.numismeo.com\/en\/#\/schema\/logo\/image\/","url":"https:\/\/www.numismeo.com\/wp-content\/uploads\/2022\/09\/LogoPetit.jpg","contentUrl":"https:\/\/www.numismeo.com\/wp-content\/uploads\/2022\/09\/LogoPetit.jpg","width":164,"height":164,"caption":"Maison Creusy"},"image":{"@id":"https:\/\/www.numismeo.com\/en\/#\/schema\/logo\/image\/"},"sameAs":["https:\/\/www.facebook.com\/numismeo"]}]}},"_links":{"self":[{"href":"https:\/\/www.numismeo.com\/wp-json\/wp\/v2\/product\/12598","targetHints":{"allow":["GET"]}}],"collection":[{"href":"https:\/\/www.numismeo.com\/wp-json\/wp\/v2\/product"}],"about":[{"href":"https:\/\/www.numismeo.com\/wp-json\/wp\/v2\/types\/product"}],"wp:featuredmedia":[{"embeddable":true,"href":"https:\/\/www.numismeo.com\/wp-json\/wp\/v2\/media\/12594"}],"wp:attachment":[{"href":"https:\/\/www.numismeo.com\/wp-json\/wp\/v2\/media?parent=12598"}],"wp:term":[{"taxonomy":"product_brand","embeddable":true,"href":"https:\/\/www.numismeo.com\/wp-json\/wp\/v2\/product_brand?post=12598"},{"taxonomy":"product_cat","embeddable":true,"href":"https:\/\/www.numismeo.com\/wp-json\/wp\/v2\/product_cat?post=12598"},{"taxonomy":"product_tag","embeddable":true,"href":"https:\/\/www.numismeo.com\/wp-json\/wp\/v2\/product_tag?post=12598"}],"curies":[{"name":"wp","href":"https:\/\/api.w.org\/{rel}","templated":true}]}}