{"id":23577,"date":"2025-06-16T17:06:11","date_gmt":"2025-06-16T15:06:11","guid":{"rendered":"https:\/\/www.numismeo.com\/?post_type=product&#038;p=23577"},"modified":"2025-12-31T10:02:03","modified_gmt":"2025-12-31T09:02:03","slug":"louis-xvii-medaille-en-bronze-1795","status":"publish","type":"product","link":"https:\/\/www.numismeo.com\/en\/boutique\/medailles-et-jetons\/medailles\/louis-xvii-medaille-en-bronze-1795\/","title":{"rendered":"Louis XVIII AE medal 1795"},"content":{"rendered":"<p class=\"p1\">This medal dedicated to Louis XVII, engraved by Depaulis, fits into the post-revolutionary French context, marked by the fall of the monarchy and the execution of Louis XVI in 1793. His son, Louis XVII, was recognized as king by the royalists but died in captivity in 1795 at the age of 10. His tragic death made him a martyr figure of royalism. The medal, probably issued during the Restoration, symbolizes the memory of the child-king and dynastic continuity. The Latin motto \u2018QVAM REDDAT HAEREDI\u2019 (\u2018That he may return it to the heir\u2019) expresses the hope for a return to monarchical legitimacy. It reflects the legitimists\u2019 desire to affirm the divine and hereditary right to the crown, despite the revolutionary upheaval.<\/p>\r\n<p class=\"p1\">Plain edge.<\/p>","protected":false},"excerpt":{"rendered":"<p>This medal dedicated to Louis XVII, engraved by Depaulis, fits into the post-revolutionary French context, marked by the fall of [&hellip;]<\/p>\n","protected":false},"featured_media":46342,"template":"","meta":{"_acf_changed":false,"site-sidebar-layout":"default","site-content-layout":"","ast-site-content-layout":"default","site-content-style":"default","site-sidebar-style":"default","ast-global-header-display":"","ast-banner-title-visibility":"","ast-main-header-display":"","ast-hfb-above-header-display":"","ast-hfb-below-header-display":"","ast-hfb-mobile-header-display":"","site-post-title":"","ast-breadcrumbs-content":"","ast-featured-img":"","footer-sml-layout":"","ast-disable-related-posts":"","theme-transparent-header-meta":"","adv-header-id-meta":"","stick-header-meta":"","header-above-stick-meta":"","header-main-stick-meta":"","header-below-stick-meta":"","astra-migrate-meta-layouts":"default","ast-page-background-enabled":"default","ast-page-background-meta":{"desktop":{"background-color":"var(--ast-global-color-5)","background-image":"","background-repeat":"repeat","background-position":"center center","background-size":"auto","background-attachment":"scroll","background-type":"","background-media":"","overlay-type":"","overlay-color":"","overlay-opacity":"","overlay-gradient":""},"tablet":{"background-color":"","background-image":"","background-repeat":"repeat","background-position":"center center","background-size":"auto","background-attachment":"scroll","background-type":"","background-media":"","overlay-type":"","overlay-color":"","overlay-opacity":"","overlay-gradient":""},"mobile":{"background-color":"","background-image":"","background-repeat":"repeat","background-position":"center center","background-size":"auto","background-attachment":"scroll","background-type":"","background-media":"","overlay-type":"","overlay-color":"","overlay-opacity":"","overlay-gradient":""}},"ast-content-background-meta":{"desktop":{"background-color":"var(--ast-global-color-4)","background-image":"","background-repeat":"repeat","background-position":"center center","background-size":"auto","background-attachment":"scroll","background-type":"","background-media":"","overlay-type":"","overlay-color":"","overlay-opacity":"","overlay-gradient":""},"tablet":{"background-color":"var(--ast-global-color-4)","background-image":"","background-repeat":"repeat","background-position":"center center","background-size":"auto","background-attachment":"scroll","background-type":"","background-media":"","overlay-type":"","overlay-color":"","overlay-opacity":"","overlay-gradient":""},"mobile":{"background-color":"var(--ast-global-color-4)","background-image":"","background-repeat":"repeat","background-position":"center center","background-size":"auto","background-attachment":"scroll","background-type":"","background-media":"","overlay-type":"","overlay-color":"","overlay-opacity":"","overlay-gradient":""}}},"product_brand":[],"product_cat":[117,97],"product_tag":[],"class_list":{"0":"post-23577","1":"product","2":"type-product","3":"status-publish","4":"has-post-thumbnail","6":"product_cat-medailles","7":"product_cat-medailles-et-jetons","8":"pa_anneefrappe1-15594","9":"pa_gradage-non","10":"pa_graveur-depaulis-alexis-joseph-1790-1867","11":"pa_metal-be-bronze","12":"pa_provenance-non","13":"pa_qualite-59-sup","14":"desktop-align-left","15":"tablet-align-left","16":"mobile-align-left","18":"first","19":"instock","20":"sold-individually","21":"shipping-taxable","22":"purchasable","23":"product-type-simple"},"acf":[],"yoast_head":"<!-- This site is optimized with the Yoast SEO plugin v27.4 - https:\/\/yoast.com\/product\/yoast-seo-wordpress\/ -->\n<title>Louis XVIII AE medal 1795<\/title>\n<meta name=\"description\" content=\"Bronze medal of Louis XVII struck under the Restoration, smooth edge. High quality, the temple prison on the reverse.\" \/>\n<meta name=\"robots\" content=\"index, follow, max-snippet:-1, max-image-preview:large, max-video-preview:-1\" \/>\n<link rel=\"canonical\" href=\"https:\/\/www.numismeo.com\/en\/boutique\/medailles-et-jetons\/medailles\/louis-xvii-medaille-en-bronze-1795\/\" \/>\n<meta property=\"og:locale\" content=\"en_US\" \/>\n<meta property=\"og:type\" content=\"article\" \/>\n<meta property=\"og:title\" content=\"Louis XVIII AE medal 1795\" \/>\n<meta property=\"og:description\" content=\"Bronze medal of Louis XVII struck under the Restoration, smooth edge. High quality, the temple prison on the reverse.\" \/>\n<meta property=\"og:url\" content=\"https:\/\/www.numismeo.com\/en\/boutique\/medailles-et-jetons\/medailles\/louis-xvii-medaille-en-bronze-1795\/\" \/>\n<meta property=\"og:site_name\" content=\"Numismeo\" \/>\n<meta property=\"article:publisher\" content=\"https:\/\/www.facebook.com\/numismeo\" \/>\n<meta property=\"article:modified_time\" content=\"2025-12-31T09:02:03+00:00\" \/>\n<meta property=\"og:image\" content=\"https:\/\/www.numismeo.com\/wp-content\/uploads\/2022\/03\/Med-LouisXVIIDePaulis_1.webp\" \/>\n\t<meta property=\"og:image:width\" content=\"2074\" \/>\n\t<meta property=\"og:image:height\" content=\"2074\" \/>\n\t<meta property=\"og:image:type\" content=\"image\/webp\" \/>\n<meta name=\"twitter:card\" content=\"summary_large_image\" \/>\n<meta name=\"twitter:label1\" content=\"Est. reading time\" \/>\n\t<meta name=\"twitter:data1\" content=\"1 minute\" \/>\n<script type=\"application\/ld+json\" class=\"yoast-schema-graph\">{\"@context\":\"https:\\\/\\\/schema.org\",\"@graph\":[{\"@type\":\"WebPage\",\"@id\":\"https:\\\/\\\/www.numismeo.com\\\/en\\\/boutique\\\/medailles-et-jetons\\\/medailles\\\/louis-xvii-medaille-en-bronze-1795\\\/\",\"url\":\"https:\\\/\\\/www.numismeo.com\\\/en\\\/boutique\\\/medailles-et-jetons\\\/medailles\\\/louis-xvii-medaille-en-bronze-1795\\\/\",\"name\":\"Louis XVII m\u00e9daille en bronze 1795 - Numismeo\",\"isPartOf\":{\"@id\":\"https:\\\/\\\/www.numismeo.com\\\/#website\"},\"primaryImageOfPage\":{\"@id\":\"https:\\\/\\\/www.numismeo.com\\\/boutique\\\/medailles-et-jetons\\\/medailles\\\/louis-xvii-medaille-en-bronze-1795\\\/#primaryimage\"},\"image\":{\"@id\":\"https:\\\/\\\/www.numismeo.com\\\/boutique\\\/medailles-et-jetons\\\/medailles\\\/louis-xvii-medaille-en-bronze-1795\\\/#primaryimage\"},\"thumbnailUrl\":\"https:\\\/\\\/www.numismeo.com\\\/wp-content\\\/uploads\\\/2022\\\/03\\\/Med-LouisXVIIDePaulis_1.webp\",\"datePublished\":\"2025-06-16T15:06:11+00:00\",\"dateModified\":\"2025-12-31T09:02:03+00:00\",\"description\":\"M\u00e9daille en bronze de Louis XVII frapp\u00e9e sous la restauration, tranche lisse. De grande qualit\u00e9, la prison du temple au revers\",\"breadcrumb\":{\"@id\":\"https:\\\/\\\/www.numismeo.com\\\/boutique\\\/medailles-et-jetons\\\/medailles\\\/louis-xvii-medaille-en-bronze-1795\\\/#breadcrumb\"},\"inLanguage\":\"en-US\",\"potentialAction\":[{\"@type\":\"ReadAction\",\"target\":[\"https:\\\/\\\/www.numismeo.com\\\/boutique\\\/medailles-et-jetons\\\/medailles\\\/louis-xvii-medaille-en-bronze-1795\\\/\"]}]},{\"@type\":\"ImageObject\",\"inLanguage\":\"en-US\",\"@id\":\"https:\\\/\\\/www.numismeo.com\\\/boutique\\\/medailles-et-jetons\\\/medailles\\\/louis-xvii-medaille-en-bronze-1795\\\/#primaryimage\",\"url\":\"https:\\\/\\\/www.numismeo.com\\\/wp-content\\\/uploads\\\/2022\\\/03\\\/Med-LouisXVIIDePaulis_1.webp\",\"contentUrl\":\"https:\\\/\\\/www.numismeo.com\\\/wp-content\\\/uploads\\\/2022\\\/03\\\/Med-LouisXVIIDePaulis_1.webp\",\"width\":2074,\"height\":2074},{\"@type\":\"BreadcrumbList\",\"@id\":\"https:\\\/\\\/www.numismeo.com\\\/boutique\\\/medailles-et-jetons\\\/medailles\\\/louis-xvii-medaille-en-bronze-1795\\\/#breadcrumb\",\"itemListElement\":[{\"@type\":\"ListItem\",\"position\":1,\"name\":\"Accueil\",\"item\":\"https:\\\/\\\/www.numismeo.com\\\/\"},{\"@type\":\"ListItem\",\"position\":2,\"name\":\"BoutiqueTechnique\",\"item\":\"https:\\\/\\\/www.numismeo.com\\\/boutiquetechnique\\\/\"},{\"@type\":\"ListItem\",\"position\":3,\"name\":\"Louis XVII m\u00e9daille en bronze 1795\"}]},{\"@type\":\"WebSite\",\"@id\":\"https:\\\/\\\/www.numismeo.com\\\/#website\",\"url\":\"https:\\\/\\\/www.numismeo.com\\\/\",\"name\":\"Numismeo\",\"description\":\"MAISON CREUSY fond\u00e9 en 1974\",\"publisher\":{\"@id\":\"https:\\\/\\\/www.numismeo.com\\\/#organization\"},\"alternateName\":\"Maison Creusy\",\"potentialAction\":[{\"@type\":\"SearchAction\",\"target\":{\"@type\":\"EntryPoint\",\"urlTemplate\":\"https:\\\/\\\/www.numismeo.com\\\/?s={search_term_string}\"},\"query-input\":{\"@type\":\"PropertyValueSpecification\",\"valueRequired\":true,\"valueName\":\"search_term_string\"}}],\"inLanguage\":\"en-US\"},{\"@type\":\"Organization\",\"@id\":\"https:\\\/\\\/www.numismeo.com\\\/#organization\",\"name\":\"Maison Creusy\",\"alternateName\":\"Maison Creusy\",\"url\":\"https:\\\/\\\/www.numismeo.com\\\/\",\"logo\":{\"@type\":\"ImageObject\",\"inLanguage\":\"en-US\",\"@id\":\"https:\\\/\\\/www.numismeo.com\\\/#\\\/schema\\\/logo\\\/image\\\/\",\"url\":\"https:\\\/\\\/www.numismeo.com\\\/wp-content\\\/uploads\\\/2022\\\/09\\\/LogoPetit.jpg\",\"contentUrl\":\"https:\\\/\\\/www.numismeo.com\\\/wp-content\\\/uploads\\\/2022\\\/09\\\/LogoPetit.jpg\",\"width\":164,\"height\":164,\"caption\":\"Maison Creusy\"},\"image\":{\"@id\":\"https:\\\/\\\/www.numismeo.com\\\/#\\\/schema\\\/logo\\\/image\\\/\"},\"sameAs\":[\"https:\\\/\\\/www.facebook.com\\\/numismeo\"]}]}<\/script>\n<!-- \/ Yoast SEO plugin. -->","yoast_head_json":{"title":"Louis XVIII AE medal 1795","description":"Bronze medal of Louis XVII struck under the Restoration, smooth edge. High quality, the temple prison on the reverse.","robots":{"index":"index","follow":"follow","max-snippet":"max-snippet:-1","max-image-preview":"max-image-preview:large","max-video-preview":"max-video-preview:-1"},"canonical":"https:\/\/www.numismeo.com\/en\/boutique\/medailles-et-jetons\/medailles\/louis-xvii-medaille-en-bronze-1795\/","og_locale":"en_US","og_type":"article","og_title":"Louis XVIII AE medal 1795","og_description":"Bronze medal of Louis XVII struck under the Restoration, smooth edge. High quality, the temple prison on the reverse.","og_url":"https:\/\/www.numismeo.com\/en\/boutique\/medailles-et-jetons\/medailles\/louis-xvii-medaille-en-bronze-1795\/","og_site_name":"Numismeo","article_publisher":"https:\/\/www.facebook.com\/numismeo","article_modified_time":"2025-12-31T09:02:03+00:00","og_image":[{"width":2074,"height":2074,"url":"https:\/\/www.numismeo.com\/wp-content\/uploads\/2022\/03\/Med-LouisXVIIDePaulis_1.webp","type":"image\/webp"}],"twitter_card":"summary_large_image","twitter_misc":{"Est. reading time":"1 minute"},"schema":{"@context":"https:\/\/schema.org","@graph":[{"@type":"WebPage","@id":"https:\/\/www.numismeo.com\/en\/boutique\/medailles-et-jetons\/medailles\/louis-xvii-medaille-en-bronze-1795\/","url":"https:\/\/www.numismeo.com\/en\/boutique\/medailles-et-jetons\/medailles\/louis-xvii-medaille-en-bronze-1795\/","name":"Louis XVII m\u00e9daille en bronze 1795 - Numismeo","isPartOf":{"@id":"https:\/\/www.numismeo.com\/#website"},"primaryImageOfPage":{"@id":"https:\/\/www.numismeo.com\/boutique\/medailles-et-jetons\/medailles\/louis-xvii-medaille-en-bronze-1795\/#primaryimage"},"image":{"@id":"https:\/\/www.numismeo.com\/boutique\/medailles-et-jetons\/medailles\/louis-xvii-medaille-en-bronze-1795\/#primaryimage"},"thumbnailUrl":"https:\/\/www.numismeo.com\/wp-content\/uploads\/2022\/03\/Med-LouisXVIIDePaulis_1.webp","datePublished":"2025-06-16T15:06:11+00:00","dateModified":"2025-12-31T09:02:03+00:00","description":"M\u00e9daille en bronze de Louis XVII frapp\u00e9e sous la restauration, tranche lisse. De grande qualit\u00e9, la prison du temple au revers","breadcrumb":{"@id":"https:\/\/www.numismeo.com\/boutique\/medailles-et-jetons\/medailles\/louis-xvii-medaille-en-bronze-1795\/#breadcrumb"},"inLanguage":"en-US","potentialAction":[{"@type":"ReadAction","target":["https:\/\/www.numismeo.com\/boutique\/medailles-et-jetons\/medailles\/louis-xvii-medaille-en-bronze-1795\/"]}]},{"@type":"ImageObject","inLanguage":"en-US","@id":"https:\/\/www.numismeo.com\/boutique\/medailles-et-jetons\/medailles\/louis-xvii-medaille-en-bronze-1795\/#primaryimage","url":"https:\/\/www.numismeo.com\/wp-content\/uploads\/2022\/03\/Med-LouisXVIIDePaulis_1.webp","contentUrl":"https:\/\/www.numismeo.com\/wp-content\/uploads\/2022\/03\/Med-LouisXVIIDePaulis_1.webp","width":2074,"height":2074},{"@type":"BreadcrumbList","@id":"https:\/\/www.numismeo.com\/boutique\/medailles-et-jetons\/medailles\/louis-xvii-medaille-en-bronze-1795\/#breadcrumb","itemListElement":[{"@type":"ListItem","position":1,"name":"Accueil","item":"https:\/\/www.numismeo.com\/"},{"@type":"ListItem","position":2,"name":"BoutiqueTechnique","item":"https:\/\/www.numismeo.com\/boutiquetechnique\/"},{"@type":"ListItem","position":3,"name":"Louis XVII m\u00e9daille en bronze 1795"}]},{"@type":"WebSite","@id":"https:\/\/www.numismeo.com\/#website","url":"https:\/\/www.numismeo.com\/","name":"Numismeo","description":"MAISON CREUSY fond\u00e9 en 1974","publisher":{"@id":"https:\/\/www.numismeo.com\/#organization"},"alternateName":"Maison Creusy","potentialAction":[{"@type":"SearchAction","target":{"@type":"EntryPoint","urlTemplate":"https:\/\/www.numismeo.com\/?s={search_term_string}"},"query-input":{"@type":"PropertyValueSpecification","valueRequired":true,"valueName":"search_term_string"}}],"inLanguage":"en-US"},{"@type":"Organization","@id":"https:\/\/www.numismeo.com\/#organization","name":"Maison Creusy","alternateName":"Maison Creusy","url":"https:\/\/www.numismeo.com\/","logo":{"@type":"ImageObject","inLanguage":"en-US","@id":"https:\/\/www.numismeo.com\/#\/schema\/logo\/image\/","url":"https:\/\/www.numismeo.com\/wp-content\/uploads\/2022\/09\/LogoPetit.jpg","contentUrl":"https:\/\/www.numismeo.com\/wp-content\/uploads\/2022\/09\/LogoPetit.jpg","width":164,"height":164,"caption":"Maison Creusy"},"image":{"@id":"https:\/\/www.numismeo.com\/#\/schema\/logo\/image\/"},"sameAs":["https:\/\/www.facebook.com\/numismeo"]}]}},"_links":{"self":[{"href":"https:\/\/www.numismeo.com\/wp-json\/wp\/v2\/product\/23577","targetHints":{"allow":["GET"]}}],"collection":[{"href":"https:\/\/www.numismeo.com\/wp-json\/wp\/v2\/product"}],"about":[{"href":"https:\/\/www.numismeo.com\/wp-json\/wp\/v2\/types\/product"}],"wp:featuredmedia":[{"embeddable":true,"href":"https:\/\/www.numismeo.com\/wp-json\/wp\/v2\/media\/46342"}],"wp:attachment":[{"href":"https:\/\/www.numismeo.com\/wp-json\/wp\/v2\/media?parent=23577"}],"wp:term":[{"taxonomy":"product_brand","embeddable":true,"href":"https:\/\/www.numismeo.com\/wp-json\/wp\/v2\/product_brand?post=23577"},{"taxonomy":"product_cat","embeddable":true,"href":"https:\/\/www.numismeo.com\/wp-json\/wp\/v2\/product_cat?post=23577"},{"taxonomy":"product_tag","embeddable":true,"href":"https:\/\/www.numismeo.com\/wp-json\/wp\/v2\/product_tag?post=23577"}],"curies":[{"name":"wp","href":"https:\/\/api.w.org\/{rel}","templated":true}]}}