{"id":25750,"date":"2022-08-08T14:18:50","date_gmt":"2022-08-08T12:18:50","guid":{"rendered":"https:\/\/www.numismeo.com\/?post_type=product&#038;p=25750"},"modified":"2025-12-31T10:06:23","modified_gmt":"2025-12-31T09:06:23","slug":"tresor-francais-territoires-occupes-1000-francs-nd1947-pcgs-choice-au58-ppq","status":"publish","type":"product","link":"https:\/\/www.numismeo.com\/en\/boutique\/billets\/billets-francais\/tresor-francais-territoires-occupes-1000-francs-nd1947-pcgs-choice-au58-ppq\/","title":{"rendered":"Tresor Francais Territoires occupes 1000 francs ND(1947) PCGS Choice AU58 PPQ"},"content":{"rendered":"<a href=\"https:\/\/www.pcgseurope.com\/banknotes\/cert\/38948400\" target=\"_blank\" rel=\"noopener\">PCGS certificat<\/a>","protected":false},"excerpt":{"rendered":"<p>PCGS certificat<\/p>\n","protected":false},"featured_media":25753,"template":"","meta":{"_acf_changed":false,"site-sidebar-layout":"default","site-content-layout":"","ast-site-content-layout":"default","site-content-style":"default","site-sidebar-style":"default","ast-global-header-display":"","ast-banner-title-visibility":"","ast-main-header-display":"","ast-hfb-above-header-display":"","ast-hfb-below-header-display":"","ast-hfb-mobile-header-display":"","site-post-title":"","ast-breadcrumbs-content":"","ast-featured-img":"","footer-sml-layout":"","ast-disable-related-posts":"","theme-transparent-header-meta":"","adv-header-id-meta":"","stick-header-meta":"","header-above-stick-meta":"","header-main-stick-meta":"","header-below-stick-meta":"","astra-migrate-meta-layouts":"default","ast-page-background-enabled":"default","ast-page-background-meta":{"desktop":{"background-color":"var(--ast-global-color-5)","background-image":"","background-repeat":"repeat","background-position":"center center","background-size":"auto","background-attachment":"scroll","background-type":"","background-media":"","overlay-type":"","overlay-color":"","overlay-opacity":"","overlay-gradient":""},"tablet":{"background-color":"","background-image":"","background-repeat":"repeat","background-position":"center center","background-size":"auto","background-attachment":"scroll","background-type":"","background-media":"","overlay-type":"","overlay-color":"","overlay-opacity":"","overlay-gradient":""},"mobile":{"background-color":"","background-image":"","background-repeat":"repeat","background-position":"center center","background-size":"auto","background-attachment":"scroll","background-type":"","background-media":"","overlay-type":"","overlay-color":"","overlay-opacity":"","overlay-gradient":""}},"ast-content-background-meta":{"desktop":{"background-color":"var(--ast-global-color-4)","background-image":"","background-repeat":"repeat","background-position":"center center","background-size":"auto","background-attachment":"scroll","background-type":"","background-media":"","overlay-type":"","overlay-color":"","overlay-opacity":"","overlay-gradient":""},"tablet":{"background-color":"var(--ast-global-color-4)","background-image":"","background-repeat":"repeat","background-position":"center center","background-size":"auto","background-attachment":"scroll","background-type":"","background-media":"","overlay-type":"","overlay-color":"","overlay-opacity":"","overlay-gradient":""},"mobile":{"background-color":"var(--ast-global-color-4)","background-image":"","background-repeat":"repeat","background-position":"center center","background-size":"auto","background-attachment":"scroll","background-type":"","background-media":"","overlay-type":"","overlay-color":"","overlay-opacity":"","overlay-gradient":""}}},"product_brand":[],"product_cat":[99,133],"product_tag":[],"class_list":{"0":"post-25750","1":"product","2":"type-product","3":"status-publish","4":"has-post-thumbnail","6":"product_cat-billets","7":"product_cat-billets-francais","8":"pa_gradage-oui","9":"pa_provenance-non","10":"desktop-align-left","11":"tablet-align-left","12":"mobile-align-left","14":"first","15":"instock","16":"sold-individually","17":"shipping-taxable","18":"purchasable","19":"product-type-simple"},"acf":[],"yoast_head":"<!-- This site is optimized with the Yoast SEO plugin v27.3 - https:\/\/yoast.com\/product\/yoast-seo-wordpress\/ -->\n<title>Tresor Francais Territoires occupes 1000 francs ND(1947) PCGS Choice AU58 PPQ<\/title>\n<meta name=\"description\" content=\"PCGS certificat\" \/>\n<meta name=\"robots\" content=\"index, follow, max-snippet:-1, max-image-preview:large, max-video-preview:-1\" \/>\n<link rel=\"canonical\" href=\"https:\/\/www.numismeo.com\/en\/boutique\/billets\/billets-francais\/tresor-francais-territoires-occupes-1000-francs-nd1947-pcgs-choice-au58-ppq\/\" \/>\n<meta property=\"og:locale\" content=\"en_US\" \/>\n<meta property=\"og:type\" content=\"article\" \/>\n<meta property=\"og:title\" content=\"Tresor Francais Territoires occupes 1000 francs ND(1947) PCGS Choice AU58 PPQ\" \/>\n<meta property=\"og:description\" content=\"PCGS certificat\" \/>\n<meta property=\"og:url\" content=\"https:\/\/www.numismeo.com\/en\/boutique\/billets\/billets-francais\/tresor-francais-territoires-occupes-1000-francs-nd1947-pcgs-choice-au58-ppq\/\" \/>\n<meta property=\"og:site_name\" content=\"Numismeo\" \/>\n<meta property=\"article:publisher\" content=\"https:\/\/www.facebook.com\/numismeo\" \/>\n<meta property=\"article:modified_time\" content=\"2025-12-31T09:06:23+00:00\" \/>\n<meta property=\"og:image\" content=\"https:\/\/www.numismeo.com\/wp-content\/uploads\/2022\/08\/BIllet-TresorFrancais1000francs1947-1-e1659961030528.jpeg\" \/>\n\t<meta property=\"og:image:width\" content=\"1000\" \/>\n\t<meta property=\"og:image:height\" content=\"618\" \/>\n\t<meta property=\"og:image:type\" content=\"image\/jpeg\" \/>\n<meta name=\"twitter:card\" content=\"summary_large_image\" \/>\n<script type=\"application\/ld+json\" class=\"yoast-schema-graph\">{\"@context\":\"https:\\\/\\\/schema.org\",\"@graph\":[{\"@type\":\"WebPage\",\"@id\":\"https:\\\/\\\/www.numismeo.com\\\/en\\\/boutique\\\/billets\\\/billets-francais\\\/tresor-francais-territoires-occupes-1000-francs-nd1947-pcgs-choice-au58-ppq\\\/\",\"url\":\"https:\\\/\\\/www.numismeo.com\\\/en\\\/boutique\\\/billets\\\/billets-francais\\\/tresor-francais-territoires-occupes-1000-francs-nd1947-pcgs-choice-au58-ppq\\\/\",\"name\":\"Tr\u00e9sor Fran\u00e7ais Territoires occup\u00e9s 1000 francs ND(1947) PCGS Choice AU58 PPQ - Numismeo\",\"isPartOf\":{\"@id\":\"https:\\\/\\\/www.numismeo.com\\\/#website\"},\"primaryImageOfPage\":{\"@id\":\"https:\\\/\\\/www.numismeo.com\\\/boutique\\\/billets\\\/billets-francais\\\/tresor-francais-territoires-occupes-1000-francs-nd1947-pcgs-choice-au58-ppq\\\/#primaryimage\"},\"image\":{\"@id\":\"https:\\\/\\\/www.numismeo.com\\\/boutique\\\/billets\\\/billets-francais\\\/tresor-francais-territoires-occupes-1000-francs-nd1947-pcgs-choice-au58-ppq\\\/#primaryimage\"},\"thumbnailUrl\":\"https:\\\/\\\/www.numismeo.com\\\/wp-content\\\/uploads\\\/2022\\\/08\\\/BIllet-TresorFrancais1000francs1947-1-e1659961030528.jpeg\",\"datePublished\":\"2022-08-08T12:18:50+00:00\",\"dateModified\":\"2025-12-31T09:06:23+00:00\",\"breadcrumb\":{\"@id\":\"https:\\\/\\\/www.numismeo.com\\\/boutique\\\/billets\\\/billets-francais\\\/tresor-francais-territoires-occupes-1000-francs-nd1947-pcgs-choice-au58-ppq\\\/#breadcrumb\"},\"inLanguage\":\"en-US\",\"potentialAction\":[{\"@type\":\"ReadAction\",\"target\":[\"https:\\\/\\\/www.numismeo.com\\\/boutique\\\/billets\\\/billets-francais\\\/tresor-francais-territoires-occupes-1000-francs-nd1947-pcgs-choice-au58-ppq\\\/\"]}]},{\"@type\":\"ImageObject\",\"inLanguage\":\"en-US\",\"@id\":\"https:\\\/\\\/www.numismeo.com\\\/boutique\\\/billets\\\/billets-francais\\\/tresor-francais-territoires-occupes-1000-francs-nd1947-pcgs-choice-au58-ppq\\\/#primaryimage\",\"url\":\"https:\\\/\\\/www.numismeo.com\\\/wp-content\\\/uploads\\\/2022\\\/08\\\/BIllet-TresorFrancais1000francs1947-1-e1659961030528.jpeg\",\"contentUrl\":\"https:\\\/\\\/www.numismeo.com\\\/wp-content\\\/uploads\\\/2022\\\/08\\\/BIllet-TresorFrancais1000francs1947-1-e1659961030528.jpeg\",\"width\":1000,\"height\":618},{\"@type\":\"BreadcrumbList\",\"@id\":\"https:\\\/\\\/www.numismeo.com\\\/boutique\\\/billets\\\/billets-francais\\\/tresor-francais-territoires-occupes-1000-francs-nd1947-pcgs-choice-au58-ppq\\\/#breadcrumb\",\"itemListElement\":[{\"@type\":\"ListItem\",\"position\":1,\"name\":\"Accueil\",\"item\":\"https:\\\/\\\/www.numismeo.com\\\/\"},{\"@type\":\"ListItem\",\"position\":2,\"name\":\"BoutiqueTechnique\",\"item\":\"https:\\\/\\\/www.numismeo.com\\\/boutiquetechnique\\\/\"},{\"@type\":\"ListItem\",\"position\":3,\"name\":\"Tr\u00e9sor Fran\u00e7ais Territoires occup\u00e9s 1000 francs ND(1947) PCGS Choice AU58 PPQ\"}]},{\"@type\":\"WebSite\",\"@id\":\"https:\\\/\\\/www.numismeo.com\\\/#website\",\"url\":\"https:\\\/\\\/www.numismeo.com\\\/\",\"name\":\"Numismeo\",\"description\":\"MAISON CREUSY fond\u00e9 en 1974\",\"publisher\":{\"@id\":\"https:\\\/\\\/www.numismeo.com\\\/#organization\"},\"alternateName\":\"Maison Creusy\",\"potentialAction\":[{\"@type\":\"SearchAction\",\"target\":{\"@type\":\"EntryPoint\",\"urlTemplate\":\"https:\\\/\\\/www.numismeo.com\\\/?s={search_term_string}\"},\"query-input\":{\"@type\":\"PropertyValueSpecification\",\"valueRequired\":true,\"valueName\":\"search_term_string\"}}],\"inLanguage\":\"en-US\"},{\"@type\":\"Organization\",\"@id\":\"https:\\\/\\\/www.numismeo.com\\\/#organization\",\"name\":\"Maison Creusy\",\"alternateName\":\"Maison Creusy\",\"url\":\"https:\\\/\\\/www.numismeo.com\\\/\",\"logo\":{\"@type\":\"ImageObject\",\"inLanguage\":\"en-US\",\"@id\":\"https:\\\/\\\/www.numismeo.com\\\/#\\\/schema\\\/logo\\\/image\\\/\",\"url\":\"https:\\\/\\\/www.numismeo.com\\\/wp-content\\\/uploads\\\/2022\\\/09\\\/LogoPetit.jpg\",\"contentUrl\":\"https:\\\/\\\/www.numismeo.com\\\/wp-content\\\/uploads\\\/2022\\\/09\\\/LogoPetit.jpg\",\"width\":164,\"height\":164,\"caption\":\"Maison Creusy\"},\"image\":{\"@id\":\"https:\\\/\\\/www.numismeo.com\\\/#\\\/schema\\\/logo\\\/image\\\/\"},\"sameAs\":[\"https:\\\/\\\/www.facebook.com\\\/numismeo\"]}]}<\/script>\n<!-- \/ Yoast SEO plugin. -->","yoast_head_json":{"title":"Tresor Francais Territoires occupes 1000 francs ND(1947) PCGS Choice AU58 PPQ","description":"PCGS certificat","robots":{"index":"index","follow":"follow","max-snippet":"max-snippet:-1","max-image-preview":"max-image-preview:large","max-video-preview":"max-video-preview:-1"},"canonical":"https:\/\/www.numismeo.com\/en\/boutique\/billets\/billets-francais\/tresor-francais-territoires-occupes-1000-francs-nd1947-pcgs-choice-au58-ppq\/","og_locale":"en_US","og_type":"article","og_title":"Tresor Francais Territoires occupes 1000 francs ND(1947) PCGS Choice AU58 PPQ","og_description":"PCGS certificat","og_url":"https:\/\/www.numismeo.com\/en\/boutique\/billets\/billets-francais\/tresor-francais-territoires-occupes-1000-francs-nd1947-pcgs-choice-au58-ppq\/","og_site_name":"Numismeo","article_publisher":"https:\/\/www.facebook.com\/numismeo","article_modified_time":"2025-12-31T09:06:23+00:00","og_image":[{"width":1000,"height":618,"url":"https:\/\/www.numismeo.com\/wp-content\/uploads\/2022\/08\/BIllet-TresorFrancais1000francs1947-1-e1659961030528.jpeg","type":"image\/jpeg"}],"twitter_card":"summary_large_image","schema":{"@context":"https:\/\/schema.org","@graph":[{"@type":"WebPage","@id":"https:\/\/www.numismeo.com\/en\/boutique\/billets\/billets-francais\/tresor-francais-territoires-occupes-1000-francs-nd1947-pcgs-choice-au58-ppq\/","url":"https:\/\/www.numismeo.com\/en\/boutique\/billets\/billets-francais\/tresor-francais-territoires-occupes-1000-francs-nd1947-pcgs-choice-au58-ppq\/","name":"Tr\u00e9sor Fran\u00e7ais Territoires occup\u00e9s 1000 francs ND(1947) PCGS Choice AU58 PPQ - Numismeo","isPartOf":{"@id":"https:\/\/www.numismeo.com\/#website"},"primaryImageOfPage":{"@id":"https:\/\/www.numismeo.com\/boutique\/billets\/billets-francais\/tresor-francais-territoires-occupes-1000-francs-nd1947-pcgs-choice-au58-ppq\/#primaryimage"},"image":{"@id":"https:\/\/www.numismeo.com\/boutique\/billets\/billets-francais\/tresor-francais-territoires-occupes-1000-francs-nd1947-pcgs-choice-au58-ppq\/#primaryimage"},"thumbnailUrl":"https:\/\/www.numismeo.com\/wp-content\/uploads\/2022\/08\/BIllet-TresorFrancais1000francs1947-1-e1659961030528.jpeg","datePublished":"2022-08-08T12:18:50+00:00","dateModified":"2025-12-31T09:06:23+00:00","breadcrumb":{"@id":"https:\/\/www.numismeo.com\/boutique\/billets\/billets-francais\/tresor-francais-territoires-occupes-1000-francs-nd1947-pcgs-choice-au58-ppq\/#breadcrumb"},"inLanguage":"en-US","potentialAction":[{"@type":"ReadAction","target":["https:\/\/www.numismeo.com\/boutique\/billets\/billets-francais\/tresor-francais-territoires-occupes-1000-francs-nd1947-pcgs-choice-au58-ppq\/"]}]},{"@type":"ImageObject","inLanguage":"en-US","@id":"https:\/\/www.numismeo.com\/boutique\/billets\/billets-francais\/tresor-francais-territoires-occupes-1000-francs-nd1947-pcgs-choice-au58-ppq\/#primaryimage","url":"https:\/\/www.numismeo.com\/wp-content\/uploads\/2022\/08\/BIllet-TresorFrancais1000francs1947-1-e1659961030528.jpeg","contentUrl":"https:\/\/www.numismeo.com\/wp-content\/uploads\/2022\/08\/BIllet-TresorFrancais1000francs1947-1-e1659961030528.jpeg","width":1000,"height":618},{"@type":"BreadcrumbList","@id":"https:\/\/www.numismeo.com\/boutique\/billets\/billets-francais\/tresor-francais-territoires-occupes-1000-francs-nd1947-pcgs-choice-au58-ppq\/#breadcrumb","itemListElement":[{"@type":"ListItem","position":1,"name":"Accueil","item":"https:\/\/www.numismeo.com\/"},{"@type":"ListItem","position":2,"name":"BoutiqueTechnique","item":"https:\/\/www.numismeo.com\/boutiquetechnique\/"},{"@type":"ListItem","position":3,"name":"Tr\u00e9sor Fran\u00e7ais Territoires occup\u00e9s 1000 francs ND(1947) PCGS Choice AU58 PPQ"}]},{"@type":"WebSite","@id":"https:\/\/www.numismeo.com\/#website","url":"https:\/\/www.numismeo.com\/","name":"Numismeo","description":"MAISON CREUSY fond\u00e9 en 1974","publisher":{"@id":"https:\/\/www.numismeo.com\/#organization"},"alternateName":"Maison Creusy","potentialAction":[{"@type":"SearchAction","target":{"@type":"EntryPoint","urlTemplate":"https:\/\/www.numismeo.com\/?s={search_term_string}"},"query-input":{"@type":"PropertyValueSpecification","valueRequired":true,"valueName":"search_term_string"}}],"inLanguage":"en-US"},{"@type":"Organization","@id":"https:\/\/www.numismeo.com\/#organization","name":"Maison Creusy","alternateName":"Maison Creusy","url":"https:\/\/www.numismeo.com\/","logo":{"@type":"ImageObject","inLanguage":"en-US","@id":"https:\/\/www.numismeo.com\/#\/schema\/logo\/image\/","url":"https:\/\/www.numismeo.com\/wp-content\/uploads\/2022\/09\/LogoPetit.jpg","contentUrl":"https:\/\/www.numismeo.com\/wp-content\/uploads\/2022\/09\/LogoPetit.jpg","width":164,"height":164,"caption":"Maison Creusy"},"image":{"@id":"https:\/\/www.numismeo.com\/#\/schema\/logo\/image\/"},"sameAs":["https:\/\/www.facebook.com\/numismeo"]}]}},"_links":{"self":[{"href":"https:\/\/www.numismeo.com\/wp-json\/wp\/v2\/product\/25750","targetHints":{"allow":["GET"]}}],"collection":[{"href":"https:\/\/www.numismeo.com\/wp-json\/wp\/v2\/product"}],"about":[{"href":"https:\/\/www.numismeo.com\/wp-json\/wp\/v2\/types\/product"}],"wp:featuredmedia":[{"embeddable":true,"href":"https:\/\/www.numismeo.com\/wp-json\/wp\/v2\/media\/25753"}],"wp:attachment":[{"href":"https:\/\/www.numismeo.com\/wp-json\/wp\/v2\/media?parent=25750"}],"wp:term":[{"taxonomy":"product_brand","embeddable":true,"href":"https:\/\/www.numismeo.com\/wp-json\/wp\/v2\/product_brand?post=25750"},{"taxonomy":"product_cat","embeddable":true,"href":"https:\/\/www.numismeo.com\/wp-json\/wp\/v2\/product_cat?post=25750"},{"taxonomy":"product_tag","embeddable":true,"href":"https:\/\/www.numismeo.com\/wp-json\/wp\/v2\/product_tag?post=25750"}],"curies":[{"name":"wp","href":"https:\/\/api.w.org\/{rel}","templated":true}]}}