{"id":25901,"date":"2022-09-13T09:36:27","date_gmt":"2022-09-13T07:36:27","guid":{"rendered":"https:\/\/www.numismeo.com\/?post_type=product&#038;p=25901"},"modified":"2026-01-03T11:17:18","modified_gmt":"2026-01-03T10:17:18","slug":"afrique-de-lest-britannique-georges-v-shilling-1922","status":"publish","type":"product","link":"https:\/\/www.numismeo.com\/en\/boutique\/etrangeres\/afrique-et-moyen-orient\/afrique-de-lest-britannique-georges-v-shilling-1922\/","title":{"rendered":"British east Africa George V shilling 1922"},"content":{"rendered":"<p class=\"p1\">Le <span class=\"s1\"><b>shilling 1922 de l\u2019Afrique de l\u2019Est britannique<\/b><\/span>, \u00e9mis sous le r\u00e8gne de <span class=\"s1\"><b>George V<\/b><\/span>, est une monnaie embl\u00e9matique de la p\u00e9riode coloniale britannique en Afrique de l\u2019Est. Frapp\u00e9e en billon, elle porte \u00e0 l\u2019avers le <span class=\"s1\"><b>portrait du roi George V<\/b><\/span>, symbole de l\u2019autorit\u00e9 imp\u00e9riale, et au revers un lion, embl\u00e8me de puissance et de domination, devenu l\u2019un des symboles les plus reconnaissables de cette s\u00e9rie. Utilis\u00e9e dans les territoires correspondant aujourd\u2019hui au <span class=\"s1\"><b>Kenya et \u00e0 l\u2019Ouganda.<\/b><\/span><\/p>\n","protected":false},"excerpt":{"rendered":"<p>Le shilling 1922 de l\u2019Afrique de l\u2019Est britannique, \u00e9mis sous le r\u00e8gne de George V, est une monnaie embl\u00e9matique de [&hellip;]<\/p>\n","protected":false},"featured_media":25902,"template":"","meta":{"_acf_changed":false,"site-sidebar-layout":"default","site-content-layout":"","ast-site-content-layout":"default","site-content-style":"default","site-sidebar-style":"default","ast-global-header-display":"","ast-banner-title-visibility":"","ast-main-header-display":"","ast-hfb-above-header-display":"","ast-hfb-below-header-display":"","ast-hfb-mobile-header-display":"","site-post-title":"","ast-breadcrumbs-content":"","ast-featured-img":"","footer-sml-layout":"","ast-disable-related-posts":"","theme-transparent-header-meta":"default","adv-header-id-meta":"","stick-header-meta":"","header-above-stick-meta":"","header-main-stick-meta":"","header-below-stick-meta":"","astra-migrate-meta-layouts":"set","ast-page-background-enabled":"default","ast-page-background-meta":{"desktop":{"background-color":"var(--ast-global-color-5)","background-image":"","background-repeat":"repeat","background-position":"center center","background-size":"auto","background-attachment":"scroll","background-type":"","background-media":"","overlay-type":"","overlay-color":"","overlay-opacity":"","overlay-gradient":""},"tablet":{"background-color":"","background-image":"","background-repeat":"repeat","background-position":"center center","background-size":"auto","background-attachment":"scroll","background-type":"","background-media":"","overlay-type":"","overlay-color":"","overlay-opacity":"","overlay-gradient":""},"mobile":{"background-color":"","background-image":"","background-repeat":"repeat","background-position":"center center","background-size":"auto","background-attachment":"scroll","background-type":"","background-media":"","overlay-type":"","overlay-color":"","overlay-opacity":"","overlay-gradient":""}},"ast-content-background-meta":{"desktop":{"background-color":"var(--ast-global-color-4)","background-image":"","background-repeat":"repeat","background-position":"center center","background-size":"auto","background-attachment":"scroll","background-type":"","background-media":"","overlay-type":"","overlay-color":"","overlay-opacity":"","overlay-gradient":""},"tablet":{"background-color":"var(--ast-global-color-4)","background-image":"","background-repeat":"repeat","background-position":"center center","background-size":"auto","background-attachment":"scroll","background-type":"","background-media":"","overlay-type":"","overlay-color":"","overlay-opacity":"","overlay-gradient":""},"mobile":{"background-color":"var(--ast-global-color-4)","background-image":"","background-repeat":"repeat","background-position":"center center","background-size":"auto","background-attachment":"scroll","background-type":"","background-media":"","overlay-type":"","overlay-color":"","overlay-opacity":"","overlay-gradient":""}}},"product_brand":[],"product_cat":[169,95],"product_tag":[],"class_list":{"0":"post-25901","1":"product","2":"type-product","3":"status-publish","4":"has-post-thumbnail","6":"product_cat-afrique-et-moyen-orient","7":"product_cat-etrangeres","8":"pa_anneefrappe1-16110","9":"pa_gradage-non","10":"pa_metal-1f-billon","11":"pa_pays-grande-bretagne","12":"pa_provenance-non","13":"pa_qualite-60-ttb","14":"personnage-georges-v-dangleterre","15":"desktop-align-left","16":"tablet-align-left","17":"mobile-align-left","19":"first","20":"instock","21":"sold-individually","22":"shipping-taxable","23":"purchasable","24":"product-type-simple"},"acf":[],"yoast_head":"<!-- This site is optimized with the Yoast SEO plugin v27.3 - https:\/\/yoast.com\/product\/yoast-seo-wordpress\/ -->\n<title>British east Africa George V shilling 1922<\/title>\n<meta name=\"description\" content=\"The 1922 British East African shilling, issued during the reign of George V, is an emblematic currency of the British colonial period in Africa....\" \/>\n<meta name=\"robots\" content=\"index, follow, max-snippet:-1, max-image-preview:large, max-video-preview:-1\" \/>\n<link rel=\"canonical\" href=\"https:\/\/www.numismeo.com\/en\/boutique\/etrangeres\/afrique-et-moyen-orient\/afrique-de-lest-britannique-georges-v-shilling-1922\/\" \/>\n<meta property=\"og:locale\" content=\"en_US\" \/>\n<meta property=\"og:type\" content=\"article\" \/>\n<meta property=\"og:title\" content=\"British east Africa George V shilling 1922\" \/>\n<meta property=\"og:description\" content=\"The 1922 British East African shilling, issued during the reign of George V, is an emblematic currency of the British colonial period in Africa....\" \/>\n<meta property=\"og:url\" content=\"https:\/\/www.numismeo.com\/en\/boutique\/etrangeres\/afrique-et-moyen-orient\/afrique-de-lest-britannique-georges-v-shilling-1922\/\" \/>\n<meta property=\"og:site_name\" content=\"Numismeo\" \/>\n<meta property=\"article:publisher\" content=\"https:\/\/www.facebook.com\/numismeo\" \/>\n<meta property=\"article:modified_time\" content=\"2026-01-03T10:17:18+00:00\" \/>\n<meta property=\"og:image\" content=\"https:\/\/www.numismeo.com\/wp-content\/uploads\/2022\/09\/Etr-AfrSudSchilling1922-1.jpg\" \/>\n\t<meta property=\"og:image:width\" content=\"1000\" \/>\n\t<meta property=\"og:image:height\" content=\"1000\" \/>\n\t<meta property=\"og:image:type\" content=\"image\/jpeg\" \/>\n<meta name=\"twitter:card\" content=\"summary_large_image\" \/>\n<meta name=\"twitter:label1\" content=\"Est. reading time\" \/>\n\t<meta name=\"twitter:data1\" content=\"1 minute\" \/>\n<script type=\"application\/ld+json\" class=\"yoast-schema-graph\">{\"@context\":\"https:\\\/\\\/schema.org\",\"@graph\":[{\"@type\":\"WebPage\",\"@id\":\"https:\\\/\\\/www.numismeo.com\\\/en\\\/boutique\\\/etrangeres\\\/afrique-et-moyen-orient\\\/afrique-de-lest-britannique-georges-v-shilling-1922\\\/\",\"url\":\"https:\\\/\\\/www.numismeo.com\\\/en\\\/boutique\\\/etrangeres\\\/afrique-et-moyen-orient\\\/afrique-de-lest-britannique-georges-v-shilling-1922\\\/\",\"name\":\"Afrique de l'Est britannique Georges V shilling 1922 - Numismeo\",\"isPartOf\":{\"@id\":\"https:\\\/\\\/www.numismeo.com\\\/#website\"},\"primaryImageOfPage\":{\"@id\":\"https:\\\/\\\/www.numismeo.com\\\/boutique\\\/etrangeres\\\/afrique-et-moyen-orient\\\/afrique-de-lest-britannique-georges-v-shilling-1922\\\/#primaryimage\"},\"image\":{\"@id\":\"https:\\\/\\\/www.numismeo.com\\\/boutique\\\/etrangeres\\\/afrique-et-moyen-orient\\\/afrique-de-lest-britannique-georges-v-shilling-1922\\\/#primaryimage\"},\"thumbnailUrl\":\"https:\\\/\\\/www.numismeo.com\\\/wp-content\\\/uploads\\\/2022\\\/09\\\/Etr-AfrSudSchilling1922-1.jpg\",\"datePublished\":\"2022-09-13T07:36:27+00:00\",\"dateModified\":\"2026-01-03T10:17:18+00:00\",\"breadcrumb\":{\"@id\":\"https:\\\/\\\/www.numismeo.com\\\/boutique\\\/etrangeres\\\/afrique-et-moyen-orient\\\/afrique-de-lest-britannique-georges-v-shilling-1922\\\/#breadcrumb\"},\"inLanguage\":\"en-US\",\"potentialAction\":[{\"@type\":\"ReadAction\",\"target\":[\"https:\\\/\\\/www.numismeo.com\\\/boutique\\\/etrangeres\\\/afrique-et-moyen-orient\\\/afrique-de-lest-britannique-georges-v-shilling-1922\\\/\"]}]},{\"@type\":\"ImageObject\",\"inLanguage\":\"en-US\",\"@id\":\"https:\\\/\\\/www.numismeo.com\\\/boutique\\\/etrangeres\\\/afrique-et-moyen-orient\\\/afrique-de-lest-britannique-georges-v-shilling-1922\\\/#primaryimage\",\"url\":\"https:\\\/\\\/www.numismeo.com\\\/wp-content\\\/uploads\\\/2022\\\/09\\\/Etr-AfrSudSchilling1922-1.jpg\",\"contentUrl\":\"https:\\\/\\\/www.numismeo.com\\\/wp-content\\\/uploads\\\/2022\\\/09\\\/Etr-AfrSudSchilling1922-1.jpg\",\"width\":1000,\"height\":1000,\"caption\":\"Etr-AfrSudSchilling1922-1\"},{\"@type\":\"BreadcrumbList\",\"@id\":\"https:\\\/\\\/www.numismeo.com\\\/boutique\\\/etrangeres\\\/afrique-et-moyen-orient\\\/afrique-de-lest-britannique-georges-v-shilling-1922\\\/#breadcrumb\",\"itemListElement\":[{\"@type\":\"ListItem\",\"position\":1,\"name\":\"Accueil\",\"item\":\"https:\\\/\\\/www.numismeo.com\\\/\"},{\"@type\":\"ListItem\",\"position\":2,\"name\":\"BoutiqueTechnique\",\"item\":\"https:\\\/\\\/www.numismeo.com\\\/boutiquetechnique\\\/\"},{\"@type\":\"ListItem\",\"position\":3,\"name\":\"Afrique de l&rsquo;Est britannique Georges V shilling 1922\"}]},{\"@type\":\"WebSite\",\"@id\":\"https:\\\/\\\/www.numismeo.com\\\/#website\",\"url\":\"https:\\\/\\\/www.numismeo.com\\\/\",\"name\":\"Numismeo\",\"description\":\"MAISON CREUSY fond\u00e9 en 1974\",\"publisher\":{\"@id\":\"https:\\\/\\\/www.numismeo.com\\\/#organization\"},\"alternateName\":\"Maison Creusy\",\"potentialAction\":[{\"@type\":\"SearchAction\",\"target\":{\"@type\":\"EntryPoint\",\"urlTemplate\":\"https:\\\/\\\/www.numismeo.com\\\/?s={search_term_string}\"},\"query-input\":{\"@type\":\"PropertyValueSpecification\",\"valueRequired\":true,\"valueName\":\"search_term_string\"}}],\"inLanguage\":\"en-US\"},{\"@type\":\"Organization\",\"@id\":\"https:\\\/\\\/www.numismeo.com\\\/#organization\",\"name\":\"Maison Creusy\",\"alternateName\":\"Maison Creusy\",\"url\":\"https:\\\/\\\/www.numismeo.com\\\/\",\"logo\":{\"@type\":\"ImageObject\",\"inLanguage\":\"en-US\",\"@id\":\"https:\\\/\\\/www.numismeo.com\\\/#\\\/schema\\\/logo\\\/image\\\/\",\"url\":\"https:\\\/\\\/www.numismeo.com\\\/wp-content\\\/uploads\\\/2022\\\/09\\\/LogoPetit.jpg\",\"contentUrl\":\"https:\\\/\\\/www.numismeo.com\\\/wp-content\\\/uploads\\\/2022\\\/09\\\/LogoPetit.jpg\",\"width\":164,\"height\":164,\"caption\":\"Maison Creusy\"},\"image\":{\"@id\":\"https:\\\/\\\/www.numismeo.com\\\/#\\\/schema\\\/logo\\\/image\\\/\"},\"sameAs\":[\"https:\\\/\\\/www.facebook.com\\\/numismeo\"]}]}<\/script>\n<!-- \/ Yoast SEO plugin. -->","yoast_head_json":{"title":"British east Africa George V shilling 1922","description":"The 1922 British East African shilling, issued during the reign of George V, is an emblematic currency of the British colonial period in Africa....","robots":{"index":"index","follow":"follow","max-snippet":"max-snippet:-1","max-image-preview":"max-image-preview:large","max-video-preview":"max-video-preview:-1"},"canonical":"https:\/\/www.numismeo.com\/en\/boutique\/etrangeres\/afrique-et-moyen-orient\/afrique-de-lest-britannique-georges-v-shilling-1922\/","og_locale":"en_US","og_type":"article","og_title":"British east Africa George V shilling 1922","og_description":"The 1922 British East African shilling, issued during the reign of George V, is an emblematic currency of the British colonial period in Africa....","og_url":"https:\/\/www.numismeo.com\/en\/boutique\/etrangeres\/afrique-et-moyen-orient\/afrique-de-lest-britannique-georges-v-shilling-1922\/","og_site_name":"Numismeo","article_publisher":"https:\/\/www.facebook.com\/numismeo","article_modified_time":"2026-01-03T10:17:18+00:00","og_image":[{"width":1000,"height":1000,"url":"https:\/\/www.numismeo.com\/wp-content\/uploads\/2022\/09\/Etr-AfrSudSchilling1922-1.jpg","type":"image\/jpeg"}],"twitter_card":"summary_large_image","twitter_misc":{"Est. reading time":"1 minute"},"schema":{"@context":"https:\/\/schema.org","@graph":[{"@type":"WebPage","@id":"https:\/\/www.numismeo.com\/en\/boutique\/etrangeres\/afrique-et-moyen-orient\/afrique-de-lest-britannique-georges-v-shilling-1922\/","url":"https:\/\/www.numismeo.com\/en\/boutique\/etrangeres\/afrique-et-moyen-orient\/afrique-de-lest-britannique-georges-v-shilling-1922\/","name":"Afrique de l'Est britannique Georges V shilling 1922 - Numismeo","isPartOf":{"@id":"https:\/\/www.numismeo.com\/#website"},"primaryImageOfPage":{"@id":"https:\/\/www.numismeo.com\/boutique\/etrangeres\/afrique-et-moyen-orient\/afrique-de-lest-britannique-georges-v-shilling-1922\/#primaryimage"},"image":{"@id":"https:\/\/www.numismeo.com\/boutique\/etrangeres\/afrique-et-moyen-orient\/afrique-de-lest-britannique-georges-v-shilling-1922\/#primaryimage"},"thumbnailUrl":"https:\/\/www.numismeo.com\/wp-content\/uploads\/2022\/09\/Etr-AfrSudSchilling1922-1.jpg","datePublished":"2022-09-13T07:36:27+00:00","dateModified":"2026-01-03T10:17:18+00:00","breadcrumb":{"@id":"https:\/\/www.numismeo.com\/boutique\/etrangeres\/afrique-et-moyen-orient\/afrique-de-lest-britannique-georges-v-shilling-1922\/#breadcrumb"},"inLanguage":"en-US","potentialAction":[{"@type":"ReadAction","target":["https:\/\/www.numismeo.com\/boutique\/etrangeres\/afrique-et-moyen-orient\/afrique-de-lest-britannique-georges-v-shilling-1922\/"]}]},{"@type":"ImageObject","inLanguage":"en-US","@id":"https:\/\/www.numismeo.com\/boutique\/etrangeres\/afrique-et-moyen-orient\/afrique-de-lest-britannique-georges-v-shilling-1922\/#primaryimage","url":"https:\/\/www.numismeo.com\/wp-content\/uploads\/2022\/09\/Etr-AfrSudSchilling1922-1.jpg","contentUrl":"https:\/\/www.numismeo.com\/wp-content\/uploads\/2022\/09\/Etr-AfrSudSchilling1922-1.jpg","width":1000,"height":1000,"caption":"Etr-AfrSudSchilling1922-1"},{"@type":"BreadcrumbList","@id":"https:\/\/www.numismeo.com\/boutique\/etrangeres\/afrique-et-moyen-orient\/afrique-de-lest-britannique-georges-v-shilling-1922\/#breadcrumb","itemListElement":[{"@type":"ListItem","position":1,"name":"Accueil","item":"https:\/\/www.numismeo.com\/"},{"@type":"ListItem","position":2,"name":"BoutiqueTechnique","item":"https:\/\/www.numismeo.com\/boutiquetechnique\/"},{"@type":"ListItem","position":3,"name":"Afrique de l&rsquo;Est britannique Georges V shilling 1922"}]},{"@type":"WebSite","@id":"https:\/\/www.numismeo.com\/#website","url":"https:\/\/www.numismeo.com\/","name":"Numismeo","description":"MAISON CREUSY fond\u00e9 en 1974","publisher":{"@id":"https:\/\/www.numismeo.com\/#organization"},"alternateName":"Maison Creusy","potentialAction":[{"@type":"SearchAction","target":{"@type":"EntryPoint","urlTemplate":"https:\/\/www.numismeo.com\/?s={search_term_string}"},"query-input":{"@type":"PropertyValueSpecification","valueRequired":true,"valueName":"search_term_string"}}],"inLanguage":"en-US"},{"@type":"Organization","@id":"https:\/\/www.numismeo.com\/#organization","name":"Maison Creusy","alternateName":"Maison Creusy","url":"https:\/\/www.numismeo.com\/","logo":{"@type":"ImageObject","inLanguage":"en-US","@id":"https:\/\/www.numismeo.com\/#\/schema\/logo\/image\/","url":"https:\/\/www.numismeo.com\/wp-content\/uploads\/2022\/09\/LogoPetit.jpg","contentUrl":"https:\/\/www.numismeo.com\/wp-content\/uploads\/2022\/09\/LogoPetit.jpg","width":164,"height":164,"caption":"Maison Creusy"},"image":{"@id":"https:\/\/www.numismeo.com\/#\/schema\/logo\/image\/"},"sameAs":["https:\/\/www.facebook.com\/numismeo"]}]}},"_links":{"self":[{"href":"https:\/\/www.numismeo.com\/wp-json\/wp\/v2\/product\/25901","targetHints":{"allow":["GET"]}}],"collection":[{"href":"https:\/\/www.numismeo.com\/wp-json\/wp\/v2\/product"}],"about":[{"href":"https:\/\/www.numismeo.com\/wp-json\/wp\/v2\/types\/product"}],"wp:featuredmedia":[{"embeddable":true,"href":"https:\/\/www.numismeo.com\/wp-json\/wp\/v2\/media\/25902"}],"wp:attachment":[{"href":"https:\/\/www.numismeo.com\/wp-json\/wp\/v2\/media?parent=25901"}],"wp:term":[{"taxonomy":"product_brand","embeddable":true,"href":"https:\/\/www.numismeo.com\/wp-json\/wp\/v2\/product_brand?post=25901"},{"taxonomy":"product_cat","embeddable":true,"href":"https:\/\/www.numismeo.com\/wp-json\/wp\/v2\/product_cat?post=25901"},{"taxonomy":"product_tag","embeddable":true,"href":"https:\/\/www.numismeo.com\/wp-json\/wp\/v2\/product_tag?post=25901"}],"curies":[{"name":"wp","href":"https:\/\/api.w.org\/{rel}","templated":true}]}}