{"id":27711,"date":"2023-01-20T16:54:17","date_gmt":"2023-01-20T15:54:17","guid":{"rendered":"https:\/\/www.numismeo.com\/?post_type=product&#038;p=27711"},"modified":"2026-02-04T06:00:37","modified_gmt":"2026-02-04T05:00:37","slug":"napoleon-iii-100-francs-or-1869-paris","status":"publish","type":"product","link":"https:\/\/www.numismeo.com\/en\/boutique\/francaises\/moderne-or\/napoleon-iii-100-francs-or-1869-paris\/","title":{"rendered":"Napoleon III gold 100 francs 1869 Paris"},"content":{"rendered":"<p class=\"p1\">100 francs gold coin featuring the laureate portrait of Napoleon III, struck in Paris in 1869 with only 28,872 examples minted. Michel Prieur estimated that approximately 19,000 coins of this type have survived, representing a survival rate of around 19% of the original mintage.<\/p>\r\nSmall nick in front of the nose on obverse.","protected":false},"excerpt":{"rendered":"<p>100 francs gold coin featuring the laureate portrait of Napoleon III, struck in Paris in 1869 with only 28,872 examples [&hellip;]<\/p>\n","protected":false},"featured_media":27714,"template":"","meta":{"_acf_changed":false,"site-sidebar-layout":"default","site-content-layout":"","ast-site-content-layout":"default","site-content-style":"default","site-sidebar-style":"default","ast-global-header-display":"","ast-banner-title-visibility":"","ast-main-header-display":"","ast-hfb-above-header-display":"","ast-hfb-below-header-display":"","ast-hfb-mobile-header-display":"","site-post-title":"","ast-breadcrumbs-content":"","ast-featured-img":"","footer-sml-layout":"","ast-disable-related-posts":"","theme-transparent-header-meta":"","adv-header-id-meta":"","stick-header-meta":"","header-above-stick-meta":"","header-main-stick-meta":"","header-below-stick-meta":"","astra-migrate-meta-layouts":"default","ast-page-background-enabled":"default","ast-page-background-meta":{"desktop":{"background-color":"var(--ast-global-color-5)","background-image":"","background-repeat":"repeat","background-position":"center center","background-size":"auto","background-attachment":"scroll","background-type":"","background-media":"","overlay-type":"","overlay-color":"","overlay-opacity":"","overlay-gradient":""},"tablet":{"background-color":"","background-image":"","background-repeat":"repeat","background-position":"center center","background-size":"auto","background-attachment":"scroll","background-type":"","background-media":"","overlay-type":"","overlay-color":"","overlay-opacity":"","overlay-gradient":""},"mobile":{"background-color":"","background-image":"","background-repeat":"repeat","background-position":"center center","background-size":"auto","background-attachment":"scroll","background-type":"","background-media":"","overlay-type":"","overlay-color":"","overlay-opacity":"","overlay-gradient":""}},"ast-content-background-meta":{"desktop":{"background-color":"var(--ast-global-color-4)","background-image":"","background-repeat":"repeat","background-position":"center center","background-size":"auto","background-attachment":"scroll","background-type":"","background-media":"","overlay-type":"","overlay-color":"","overlay-opacity":"","overlay-gradient":""},"tablet":{"background-color":"var(--ast-global-color-4)","background-image":"","background-repeat":"repeat","background-position":"center center","background-size":"auto","background-attachment":"scroll","background-type":"","background-media":"","overlay-type":"","overlay-color":"","overlay-opacity":"","overlay-gradient":""},"mobile":{"background-color":"var(--ast-global-color-4)","background-image":"","background-repeat":"repeat","background-position":"center center","background-size":"auto","background-attachment":"scroll","background-type":"","background-media":"","overlay-type":"","overlay-color":"","overlay-opacity":"","overlay-gradient":""}}},"product_brand":[],"product_cat":[93,183],"product_tag":[],"class_list":{"0":"post-27711","1":"product","2":"type-product","3":"status-publish","4":"has-post-thumbnail","6":"product_cat-francaises","7":"product_cat-moderne-or","8":"pa_anneefrappe1-95-1869","9":"pa_atelier-57-paris","10":"pa_gradage-non","11":"pa_metal-88-or","12":"pa_provenance-non","13":"pa_qualite-89-ttb_","14":"personnage-napoleon-iii","15":"desktop-align-left","16":"tablet-align-left","17":"mobile-align-left","19":"first","20":"instock","21":"sold-individually","22":"shipping-taxable","23":"purchasable","24":"product-type-simple"},"acf":[],"yoast_head":"<!-- This site is optimized with the Yoast SEO plugin v27.5 - https:\/\/yoast.com\/product\/yoast-seo-wordpress\/ -->\n<title>Napoleon III gold 100 francs 1869 Paris<\/title>\n<meta name=\"description\" content=\"100 francs or laur\u00e9e de Napol\u00e9on III struck in 1869 in Paris at 28872 copies. Head of Napoleon III on the right on the obverse.\" \/>\n<meta name=\"robots\" content=\"index, follow, max-snippet:-1, max-image-preview:large, max-video-preview:-1\" \/>\n<link rel=\"canonical\" href=\"https:\/\/www.numismeo.com\/en\/boutique\/francaises\/moderne-or\/napoleon-iii-100-francs-or-1869-paris\/\" \/>\n<meta property=\"og:locale\" content=\"en_US\" \/>\n<meta property=\"og:type\" content=\"article\" \/>\n<meta property=\"og:title\" content=\"Napoleon III gold 100 francs 1869 Paris\" \/>\n<meta property=\"og:description\" content=\"100 francs or laur\u00e9e de Napol\u00e9on III struck in 1869 in Paris at 28872 copies. Head of Napoleon III on the right on the obverse.\" \/>\n<meta property=\"og:url\" content=\"https:\/\/www.numismeo.com\/en\/boutique\/francaises\/moderne-or\/napoleon-iii-100-francs-or-1869-paris\/\" \/>\n<meta property=\"og:site_name\" content=\"Numismeo\" \/>\n<meta property=\"article:publisher\" content=\"https:\/\/www.facebook.com\/numismeo\" \/>\n<meta property=\"article:modified_time\" content=\"2026-02-04T05:00:37+00:00\" \/>\n<meta property=\"og:image\" content=\"https:\/\/www.numismeo.com\/wp-content\/uploads\/2023\/01\/ModOr-NapIIII10francs1869A-1.jpg\" \/>\n\t<meta property=\"og:image:width\" content=\"1207\" \/>\n\t<meta property=\"og:image:height\" content=\"1207\" \/>\n\t<meta property=\"og:image:type\" content=\"image\/jpeg\" \/>\n<meta name=\"twitter:card\" content=\"summary_large_image\" \/>\n<meta name=\"twitter:label1\" content=\"Est. reading time\" \/>\n\t<meta name=\"twitter:data1\" content=\"1 minute\" \/>\n<script type=\"application\/ld+json\" class=\"yoast-schema-graph\">{\"@context\":\"https:\\\/\\\/schema.org\",\"@graph\":[{\"@type\":\"WebPage\",\"@id\":\"https:\\\/\\\/www.numismeo.com\\\/en\\\/boutique\\\/francaises\\\/moderne-or\\\/napoleon-iii-100-francs-or-1869-paris\\\/\",\"url\":\"https:\\\/\\\/www.numismeo.com\\\/en\\\/boutique\\\/francaises\\\/moderne-or\\\/napoleon-iii-100-francs-or-1869-paris\\\/\",\"name\":\"Napoleon III gold 100 francs 1869 Paris\",\"isPartOf\":{\"@id\":\"https:\\\/\\\/www.numismeo.com\\\/en\\\/#website\"},\"primaryImageOfPage\":{\"@id\":\"https:\\\/\\\/www.numismeo.com\\\/en\\\/boutique\\\/francaises\\\/moderne-or\\\/napoleon-iii-100-francs-or-1869-paris\\\/#primaryimage\"},\"image\":{\"@id\":\"https:\\\/\\\/www.numismeo.com\\\/en\\\/boutique\\\/francaises\\\/moderne-or\\\/napoleon-iii-100-francs-or-1869-paris\\\/#primaryimage\"},\"thumbnailUrl\":\"https:\\\/\\\/www.numismeo.com\\\/wp-content\\\/uploads\\\/2023\\\/01\\\/ModOr-NapIIII10francs1869A-1.jpg\",\"datePublished\":\"2023-01-20T15:54:17+00:00\",\"dateModified\":\"2026-02-04T05:00:37+00:00\",\"description\":\"100 francs or laur\u00e9e de Napol\u00e9on III struck in 1869 in Paris at 28872 copies. Head of Napoleon III on the right on the obverse.\",\"breadcrumb\":{\"@id\":\"https:\\\/\\\/www.numismeo.com\\\/en\\\/boutique\\\/francaises\\\/moderne-or\\\/napoleon-iii-100-francs-or-1869-paris\\\/#breadcrumb\"},\"inLanguage\":\"en-US\",\"potentialAction\":[{\"@type\":\"ReadAction\",\"target\":[\"https:\\\/\\\/www.numismeo.com\\\/en\\\/boutique\\\/francaises\\\/moderne-or\\\/napoleon-iii-100-francs-or-1869-paris\\\/\"]}]},{\"@type\":\"ImageObject\",\"inLanguage\":\"en-US\",\"@id\":\"https:\\\/\\\/www.numismeo.com\\\/en\\\/boutique\\\/francaises\\\/moderne-or\\\/napoleon-iii-100-francs-or-1869-paris\\\/#primaryimage\",\"url\":\"https:\\\/\\\/www.numismeo.com\\\/wp-content\\\/uploads\\\/2023\\\/01\\\/ModOr-NapIIII10francs1869A-1.jpg\",\"contentUrl\":\"https:\\\/\\\/www.numismeo.com\\\/wp-content\\\/uploads\\\/2023\\\/01\\\/ModOr-NapIIII10francs1869A-1.jpg\",\"width\":1207,\"height\":1207,\"caption\":\"100 francs laur\u00e9e de Napol\u00e9on III frapp\u00e9 en 1869 \u00e0 Paris \u00e0 28872 exemplaires\"},{\"@type\":\"BreadcrumbList\",\"@id\":\"https:\\\/\\\/www.numismeo.com\\\/en\\\/boutique\\\/francaises\\\/moderne-or\\\/napoleon-iii-100-francs-or-1869-paris\\\/#breadcrumb\",\"itemListElement\":[{\"@type\":\"ListItem\",\"position\":1,\"name\":\"Accueil\",\"item\":\"https:\\\/\\\/www.numismeo.com\\\/en\\\/\"},{\"@type\":\"ListItem\",\"position\":2,\"name\":\"BoutiqueTechnique\",\"item\":\"https:\\\/\\\/www.numismeo.com\\\/en\\\/boutiquetechnique\\\/\"},{\"@type\":\"ListItem\",\"position\":3,\"name\":\"Napoleon III 100 francs or 1869 Paris\"}]},{\"@type\":\"WebSite\",\"@id\":\"https:\\\/\\\/www.numismeo.com\\\/en\\\/#website\",\"url\":\"https:\\\/\\\/www.numismeo.com\\\/en\\\/\",\"name\":\"Numismeo\",\"description\":\"MAISON CREUSY fond\u00e9 en 1974\",\"publisher\":{\"@id\":\"https:\\\/\\\/www.numismeo.com\\\/en\\\/#organization\"},\"alternateName\":\"Maison Creusy\",\"potentialAction\":[{\"@type\":\"SearchAction\",\"target\":{\"@type\":\"EntryPoint\",\"urlTemplate\":\"https:\\\/\\\/www.numismeo.com\\\/en\\\/?s=%7Bsearch_term_string%7D\"},\"query-input\":{\"@type\":\"PropertyValueSpecification\",\"valueRequired\":true,\"valueName\":\"search_term_string\"}}],\"inLanguage\":\"en-US\"},{\"@type\":\"Organization\",\"@id\":\"https:\\\/\\\/www.numismeo.com\\\/en\\\/#organization\",\"name\":\"Maison Creusy\",\"alternateName\":\"Maison Creusy\",\"url\":\"https:\\\/\\\/www.numismeo.com\\\/en\\\/\",\"logo\":{\"@type\":\"ImageObject\",\"inLanguage\":\"en-US\",\"@id\":\"https:\\\/\\\/www.numismeo.com\\\/en\\\/#\\\/schema\\\/logo\\\/image\\\/\",\"url\":\"https:\\\/\\\/www.numismeo.com\\\/wp-content\\\/uploads\\\/2022\\\/09\\\/LogoPetit.jpg\",\"contentUrl\":\"https:\\\/\\\/www.numismeo.com\\\/wp-content\\\/uploads\\\/2022\\\/09\\\/LogoPetit.jpg\",\"width\":164,\"height\":164,\"caption\":\"Maison Creusy\"},\"image\":{\"@id\":\"https:\\\/\\\/www.numismeo.com\\\/en\\\/#\\\/schema\\\/logo\\\/image\\\/\"},\"sameAs\":[\"https:\\\/\\\/www.facebook.com\\\/numismeo\"]}]}<\/script>\n<!-- \/ Yoast SEO plugin. -->","yoast_head_json":{"title":"Napoleon III gold 100 francs 1869 Paris","description":"100 francs or laur\u00e9e de Napol\u00e9on III struck in 1869 in Paris at 28872 copies. Head of Napoleon III on the right on the obverse.","robots":{"index":"index","follow":"follow","max-snippet":"max-snippet:-1","max-image-preview":"max-image-preview:large","max-video-preview":"max-video-preview:-1"},"canonical":"https:\/\/www.numismeo.com\/en\/boutique\/francaises\/moderne-or\/napoleon-iii-100-francs-or-1869-paris\/","og_locale":"en_US","og_type":"article","og_title":"Napoleon III gold 100 francs 1869 Paris","og_description":"100 francs or laur\u00e9e de Napol\u00e9on III struck in 1869 in Paris at 28872 copies. Head of Napoleon III on the right on the obverse.","og_url":"https:\/\/www.numismeo.com\/en\/boutique\/francaises\/moderne-or\/napoleon-iii-100-francs-or-1869-paris\/","og_site_name":"Numismeo","article_publisher":"https:\/\/www.facebook.com\/numismeo","article_modified_time":"2026-02-04T05:00:37+00:00","og_image":[{"width":1207,"height":1207,"url":"https:\/\/www.numismeo.com\/wp-content\/uploads\/2023\/01\/ModOr-NapIIII10francs1869A-1.jpg","type":"image\/jpeg"}],"twitter_card":"summary_large_image","twitter_misc":{"Est. reading time":"1 minute"},"schema":{"@context":"https:\/\/schema.org","@graph":[{"@type":"WebPage","@id":"https:\/\/www.numismeo.com\/en\/boutique\/francaises\/moderne-or\/napoleon-iii-100-francs-or-1869-paris\/","url":"https:\/\/www.numismeo.com\/en\/boutique\/francaises\/moderne-or\/napoleon-iii-100-francs-or-1869-paris\/","name":"Napoleon III gold 100 francs 1869 Paris","isPartOf":{"@id":"https:\/\/www.numismeo.com\/en\/#website"},"primaryImageOfPage":{"@id":"https:\/\/www.numismeo.com\/en\/boutique\/francaises\/moderne-or\/napoleon-iii-100-francs-or-1869-paris\/#primaryimage"},"image":{"@id":"https:\/\/www.numismeo.com\/en\/boutique\/francaises\/moderne-or\/napoleon-iii-100-francs-or-1869-paris\/#primaryimage"},"thumbnailUrl":"https:\/\/www.numismeo.com\/wp-content\/uploads\/2023\/01\/ModOr-NapIIII10francs1869A-1.jpg","datePublished":"2023-01-20T15:54:17+00:00","dateModified":"2026-02-04T05:00:37+00:00","description":"100 francs or laur\u00e9e de Napol\u00e9on III struck in 1869 in Paris at 28872 copies. Head of Napoleon III on the right on the obverse.","breadcrumb":{"@id":"https:\/\/www.numismeo.com\/en\/boutique\/francaises\/moderne-or\/napoleon-iii-100-francs-or-1869-paris\/#breadcrumb"},"inLanguage":"en-US","potentialAction":[{"@type":"ReadAction","target":["https:\/\/www.numismeo.com\/en\/boutique\/francaises\/moderne-or\/napoleon-iii-100-francs-or-1869-paris\/"]}]},{"@type":"ImageObject","inLanguage":"en-US","@id":"https:\/\/www.numismeo.com\/en\/boutique\/francaises\/moderne-or\/napoleon-iii-100-francs-or-1869-paris\/#primaryimage","url":"https:\/\/www.numismeo.com\/wp-content\/uploads\/2023\/01\/ModOr-NapIIII10francs1869A-1.jpg","contentUrl":"https:\/\/www.numismeo.com\/wp-content\/uploads\/2023\/01\/ModOr-NapIIII10francs1869A-1.jpg","width":1207,"height":1207,"caption":"100 francs laur\u00e9e de Napol\u00e9on III frapp\u00e9 en 1869 \u00e0 Paris \u00e0 28872 exemplaires"},{"@type":"BreadcrumbList","@id":"https:\/\/www.numismeo.com\/en\/boutique\/francaises\/moderne-or\/napoleon-iii-100-francs-or-1869-paris\/#breadcrumb","itemListElement":[{"@type":"ListItem","position":1,"name":"Accueil","item":"https:\/\/www.numismeo.com\/en\/"},{"@type":"ListItem","position":2,"name":"BoutiqueTechnique","item":"https:\/\/www.numismeo.com\/en\/boutiquetechnique\/"},{"@type":"ListItem","position":3,"name":"Napoleon III 100 francs or 1869 Paris"}]},{"@type":"WebSite","@id":"https:\/\/www.numismeo.com\/en\/#website","url":"https:\/\/www.numismeo.com\/en\/","name":"Numismeo","description":"MAISON CREUSY fond\u00e9 en 1974","publisher":{"@id":"https:\/\/www.numismeo.com\/en\/#organization"},"alternateName":"Maison Creusy","potentialAction":[{"@type":"SearchAction","target":{"@type":"EntryPoint","urlTemplate":"https:\/\/www.numismeo.com\/en\/?s=%7Bsearch_term_string%7D"},"query-input":{"@type":"PropertyValueSpecification","valueRequired":true,"valueName":"search_term_string"}}],"inLanguage":"en-US"},{"@type":"Organization","@id":"https:\/\/www.numismeo.com\/en\/#organization","name":"Maison Creusy","alternateName":"Maison Creusy","url":"https:\/\/www.numismeo.com\/en\/","logo":{"@type":"ImageObject","inLanguage":"en-US","@id":"https:\/\/www.numismeo.com\/en\/#\/schema\/logo\/image\/","url":"https:\/\/www.numismeo.com\/wp-content\/uploads\/2022\/09\/LogoPetit.jpg","contentUrl":"https:\/\/www.numismeo.com\/wp-content\/uploads\/2022\/09\/LogoPetit.jpg","width":164,"height":164,"caption":"Maison Creusy"},"image":{"@id":"https:\/\/www.numismeo.com\/en\/#\/schema\/logo\/image\/"},"sameAs":["https:\/\/www.facebook.com\/numismeo"]}]}},"_links":{"self":[{"href":"https:\/\/www.numismeo.com\/wp-json\/wp\/v2\/product\/27711","targetHints":{"allow":["GET"]}}],"collection":[{"href":"https:\/\/www.numismeo.com\/wp-json\/wp\/v2\/product"}],"about":[{"href":"https:\/\/www.numismeo.com\/wp-json\/wp\/v2\/types\/product"}],"wp:featuredmedia":[{"embeddable":true,"href":"https:\/\/www.numismeo.com\/wp-json\/wp\/v2\/media\/27714"}],"wp:attachment":[{"href":"https:\/\/www.numismeo.com\/wp-json\/wp\/v2\/media?parent=27711"}],"wp:term":[{"taxonomy":"product_brand","embeddable":true,"href":"https:\/\/www.numismeo.com\/wp-json\/wp\/v2\/product_brand?post=27711"},{"taxonomy":"product_cat","embeddable":true,"href":"https:\/\/www.numismeo.com\/wp-json\/wp\/v2\/product_cat?post=27711"},{"taxonomy":"product_tag","embeddable":true,"href":"https:\/\/www.numismeo.com\/wp-json\/wp\/v2\/product_tag?post=27711"}],"curies":[{"name":"wp","href":"https:\/\/api.w.org\/{rel}","templated":true}]}}