{"id":28352,"date":"2024-04-18T11:43:43","date_gmt":"2024-04-18T09:43:43","guid":{"rendered":"https:\/\/www.numismeo.com\/?post_type=product&#038;p=28352"},"modified":"2025-12-31T10:04:27","modified_gmt":"2025-12-31T09:04:27","slug":"tacite-antoninien-frappe-a-ticinum","status":"publish","type":"product","link":"https:\/\/www.numismeo.com\/en\/boutique\/antiques\/empire-romain-antiques\/tacite-antoninien-frappe-a-ticinum\/","title":{"rendered":"Tacitus BI antoninianus Ticinum mint"},"content":{"rendered":"<p class=\"p1\">Superb antoninianus of the Roman Emperor Tacitus, coin in billon minted in 276 in Ticinum (modern-day Pavia).<\/p>","protected":false},"excerpt":{"rendered":"<p>Superb antoninianus of the Roman Emperor Tacitus, coin in billon minted in 276 in Ticinum (modern-day Pavia).<\/p>\n","protected":false},"featured_media":28355,"template":"","meta":{"_acf_changed":false,"site-sidebar-layout":"default","site-content-layout":"","ast-site-content-layout":"default","site-content-style":"default","site-sidebar-style":"default","ast-global-header-display":"","ast-banner-title-visibility":"","ast-main-header-display":"","ast-hfb-above-header-display":"","ast-hfb-below-header-display":"","ast-hfb-mobile-header-display":"","site-post-title":"","ast-breadcrumbs-content":"","ast-featured-img":"","footer-sml-layout":"","ast-disable-related-posts":"","theme-transparent-header-meta":"","adv-header-id-meta":"","stick-header-meta":"","header-above-stick-meta":"","header-main-stick-meta":"","header-below-stick-meta":"","astra-migrate-meta-layouts":"default","ast-page-background-enabled":"default","ast-page-background-meta":{"desktop":{"background-color":"var(--ast-global-color-5)","background-image":"","background-repeat":"repeat","background-position":"center center","background-size":"auto","background-attachment":"scroll","background-type":"","background-media":"","overlay-type":"","overlay-color":"","overlay-opacity":"","overlay-gradient":""},"tablet":{"background-color":"","background-image":"","background-repeat":"repeat","background-position":"center center","background-size":"auto","background-attachment":"scroll","background-type":"","background-media":"","overlay-type":"","overlay-color":"","overlay-opacity":"","overlay-gradient":""},"mobile":{"background-color":"","background-image":"","background-repeat":"repeat","background-position":"center center","background-size":"auto","background-attachment":"scroll","background-type":"","background-media":"","overlay-type":"","overlay-color":"","overlay-opacity":"","overlay-gradient":""}},"ast-content-background-meta":{"desktop":{"background-color":"var(--ast-global-color-4)","background-image":"","background-repeat":"repeat","background-position":"center center","background-size":"auto","background-attachment":"scroll","background-type":"","background-media":"","overlay-type":"","overlay-color":"","overlay-opacity":"","overlay-gradient":""},"tablet":{"background-color":"var(--ast-global-color-4)","background-image":"","background-repeat":"repeat","background-position":"center center","background-size":"auto","background-attachment":"scroll","background-type":"","background-media":"","overlay-type":"","overlay-color":"","overlay-opacity":"","overlay-gradient":""},"mobile":{"background-color":"var(--ast-global-color-4)","background-image":"","background-repeat":"repeat","background-position":"center center","background-size":"auto","background-attachment":"scroll","background-type":"","background-media":"","overlay-type":"","overlay-color":"","overlay-opacity":"","overlay-gradient":""}}},"product_brand":[],"product_cat":[163],"product_tag":[],"class_list":{"0":"post-28352","1":"product","2":"type-product","3":"status-publish","4":"has-post-thumbnail","6":"product_cat-empire-romain-antiques","7":"pa_anneefrappe1-12856","8":"pa_atelier-4d-ticinium","9":"pa_gradage-non","10":"pa_metal-1f-billon","11":"pa_provenance-non","12":"pa_qualite-59-sup","13":"personnage-marcus-claudius-tacite","14":"desktop-align-left","15":"tablet-align-left","16":"mobile-align-left","18":"first","19":"instock","20":"sold-individually","21":"shipping-taxable","22":"purchasable","23":"product-type-simple"},"acf":[],"yoast_head":"<!-- This site is optimized with the Yoast SEO plugin v27.3 - https:\/\/yoast.com\/product\/yoast-seo-wordpress\/ -->\n<title>Tacitus BI antoninianus Ticinum mint<\/title>\n<meta name=\"description\" content=\"Superb Antoninian Billon of Tacitus struck at Ticinum in 276. Reverse well centred and of remarkable quality representing security.\" \/>\n<meta name=\"robots\" content=\"index, follow, max-snippet:-1, max-image-preview:large, max-video-preview:-1\" \/>\n<link rel=\"canonical\" href=\"https:\/\/www.numismeo.com\/en\/boutique\/antiques\/empire-romain-antiques\/tacite-antoninien-frappe-a-ticinum\/\" \/>\n<meta property=\"og:locale\" content=\"en_US\" \/>\n<meta property=\"og:type\" content=\"article\" \/>\n<meta property=\"og:title\" content=\"Tacitus BI antoninianus Ticinum mint\" \/>\n<meta property=\"og:description\" content=\"Superb Antoninian Billon of Tacitus struck at Ticinum in 276. Reverse well centred and of remarkable quality representing security.\" \/>\n<meta property=\"og:url\" content=\"https:\/\/www.numismeo.com\/en\/boutique\/antiques\/empire-romain-antiques\/tacite-antoninien-frappe-a-ticinum\/\" \/>\n<meta property=\"og:site_name\" content=\"Numismeo\" \/>\n<meta property=\"article:publisher\" content=\"https:\/\/www.facebook.com\/numismeo\" \/>\n<meta property=\"article:modified_time\" content=\"2025-12-31T09:04:27+00:00\" \/>\n<meta property=\"og:image\" content=\"https:\/\/www.numismeo.com\/wp-content\/uploads\/2023\/02\/Ro-TaciteAntoninienTicinium-RIC163-2.jpg\" \/>\n\t<meta property=\"og:image:width\" content=\"1479\" \/>\n\t<meta property=\"og:image:height\" content=\"1479\" \/>\n\t<meta property=\"og:image:type\" content=\"image\/jpeg\" \/>\n<meta name=\"twitter:card\" content=\"summary_large_image\" \/>\n<meta name=\"twitter:label1\" content=\"Est. reading time\" \/>\n\t<meta name=\"twitter:data1\" content=\"1 minute\" \/>\n<script type=\"application\/ld+json\" class=\"yoast-schema-graph\">{\"@context\":\"https:\\\/\\\/schema.org\",\"@graph\":[{\"@type\":\"WebPage\",\"@id\":\"https:\\\/\\\/www.numismeo.com\\\/en\\\/boutique\\\/antiques\\\/empire-romain-antiques\\\/tacite-antoninien-frappe-a-ticinum\\\/\",\"url\":\"https:\\\/\\\/www.numismeo.com\\\/en\\\/boutique\\\/antiques\\\/empire-romain-antiques\\\/tacite-antoninien-frappe-a-ticinum\\\/\",\"name\":\"Tacite antoninien frapp\u00e9 \u00e0 Ticinum - Numismeo\",\"isPartOf\":{\"@id\":\"https:\\\/\\\/www.numismeo.com\\\/#website\"},\"primaryImageOfPage\":{\"@id\":\"https:\\\/\\\/www.numismeo.com\\\/boutique\\\/antiques\\\/empire-romain-antiques\\\/tacite-antoninien-frappe-a-ticinum\\\/#primaryimage\"},\"image\":{\"@id\":\"https:\\\/\\\/www.numismeo.com\\\/boutique\\\/antiques\\\/empire-romain-antiques\\\/tacite-antoninien-frappe-a-ticinum\\\/#primaryimage\"},\"thumbnailUrl\":\"https:\\\/\\\/www.numismeo.com\\\/wp-content\\\/uploads\\\/2023\\\/02\\\/Ro-TaciteAntoninienTicinium-RIC163-1.jpg\",\"datePublished\":\"2024-04-18T09:43:43+00:00\",\"dateModified\":\"2025-12-31T09:04:27+00:00\",\"description\":\"Superbe antoninien de Billon de Tacite frapp\u00e9 \u00e0 Ticinum en 276. Revers bien centr\u00e9 et et de qualit\u00e9 remarquable repr\u00e9sentant la s\u00e9curit\u00e9.\",\"breadcrumb\":{\"@id\":\"https:\\\/\\\/www.numismeo.com\\\/boutique\\\/antiques\\\/empire-romain-antiques\\\/tacite-antoninien-frappe-a-ticinum\\\/#breadcrumb\"},\"inLanguage\":\"en-US\",\"potentialAction\":[{\"@type\":\"ReadAction\",\"target\":[\"https:\\\/\\\/www.numismeo.com\\\/boutique\\\/antiques\\\/empire-romain-antiques\\\/tacite-antoninien-frappe-a-ticinum\\\/\"]}]},{\"@type\":\"ImageObject\",\"inLanguage\":\"en-US\",\"@id\":\"https:\\\/\\\/www.numismeo.com\\\/boutique\\\/antiques\\\/empire-romain-antiques\\\/tacite-antoninien-frappe-a-ticinum\\\/#primaryimage\",\"url\":\"https:\\\/\\\/www.numismeo.com\\\/wp-content\\\/uploads\\\/2023\\\/02\\\/Ro-TaciteAntoninienTicinium-RIC163-1.jpg\",\"contentUrl\":\"https:\\\/\\\/www.numismeo.com\\\/wp-content\\\/uploads\\\/2023\\\/02\\\/Ro-TaciteAntoninienTicinium-RIC163-1.jpg\",\"width\":1479,\"height\":1479,\"caption\":\"Tacite antoninien frapp\u00e9 \u00e0 Ticinum\"},{\"@type\":\"BreadcrumbList\",\"@id\":\"https:\\\/\\\/www.numismeo.com\\\/boutique\\\/antiques\\\/empire-romain-antiques\\\/tacite-antoninien-frappe-a-ticinum\\\/#breadcrumb\",\"itemListElement\":[{\"@type\":\"ListItem\",\"position\":1,\"name\":\"Accueil\",\"item\":\"https:\\\/\\\/www.numismeo.com\\\/\"},{\"@type\":\"ListItem\",\"position\":2,\"name\":\"BoutiqueTechnique\",\"item\":\"https:\\\/\\\/www.numismeo.com\\\/boutiquetechnique\\\/\"},{\"@type\":\"ListItem\",\"position\":3,\"name\":\"Tacite antoninien frapp\u00e9 \u00e0 Ticinum\"}]},{\"@type\":\"WebSite\",\"@id\":\"https:\\\/\\\/www.numismeo.com\\\/#website\",\"url\":\"https:\\\/\\\/www.numismeo.com\\\/\",\"name\":\"Numismeo\",\"description\":\"MAISON CREUSY fond\u00e9 en 1974\",\"publisher\":{\"@id\":\"https:\\\/\\\/www.numismeo.com\\\/#organization\"},\"alternateName\":\"Maison Creusy\",\"potentialAction\":[{\"@type\":\"SearchAction\",\"target\":{\"@type\":\"EntryPoint\",\"urlTemplate\":\"https:\\\/\\\/www.numismeo.com\\\/?s={search_term_string}\"},\"query-input\":{\"@type\":\"PropertyValueSpecification\",\"valueRequired\":true,\"valueName\":\"search_term_string\"}}],\"inLanguage\":\"en-US\"},{\"@type\":\"Organization\",\"@id\":\"https:\\\/\\\/www.numismeo.com\\\/#organization\",\"name\":\"Maison Creusy\",\"alternateName\":\"Maison Creusy\",\"url\":\"https:\\\/\\\/www.numismeo.com\\\/\",\"logo\":{\"@type\":\"ImageObject\",\"inLanguage\":\"en-US\",\"@id\":\"https:\\\/\\\/www.numismeo.com\\\/#\\\/schema\\\/logo\\\/image\\\/\",\"url\":\"https:\\\/\\\/www.numismeo.com\\\/wp-content\\\/uploads\\\/2022\\\/09\\\/LogoPetit.jpg\",\"contentUrl\":\"https:\\\/\\\/www.numismeo.com\\\/wp-content\\\/uploads\\\/2022\\\/09\\\/LogoPetit.jpg\",\"width\":164,\"height\":164,\"caption\":\"Maison Creusy\"},\"image\":{\"@id\":\"https:\\\/\\\/www.numismeo.com\\\/#\\\/schema\\\/logo\\\/image\\\/\"},\"sameAs\":[\"https:\\\/\\\/www.facebook.com\\\/numismeo\"]}]}<\/script>\n<!-- \/ Yoast SEO plugin. -->","yoast_head_json":{"title":"Tacitus BI antoninianus Ticinum mint","description":"Superb Antoninian Billon of Tacitus struck at Ticinum in 276. Reverse well centred and of remarkable quality representing security.","robots":{"index":"index","follow":"follow","max-snippet":"max-snippet:-1","max-image-preview":"max-image-preview:large","max-video-preview":"max-video-preview:-1"},"canonical":"https:\/\/www.numismeo.com\/en\/boutique\/antiques\/empire-romain-antiques\/tacite-antoninien-frappe-a-ticinum\/","og_locale":"en_US","og_type":"article","og_title":"Tacitus BI antoninianus Ticinum mint","og_description":"Superb Antoninian Billon of Tacitus struck at Ticinum in 276. Reverse well centred and of remarkable quality representing security.","og_url":"https:\/\/www.numismeo.com\/en\/boutique\/antiques\/empire-romain-antiques\/tacite-antoninien-frappe-a-ticinum\/","og_site_name":"Numismeo","article_publisher":"https:\/\/www.facebook.com\/numismeo","article_modified_time":"2025-12-31T09:04:27+00:00","og_image":[{"width":1479,"height":1479,"url":"https:\/\/www.numismeo.com\/wp-content\/uploads\/2023\/02\/Ro-TaciteAntoninienTicinium-RIC163-2.jpg","type":"image\/jpeg"}],"twitter_card":"summary_large_image","twitter_misc":{"Est. reading time":"1 minute"},"schema":{"@context":"https:\/\/schema.org","@graph":[{"@type":"WebPage","@id":"https:\/\/www.numismeo.com\/en\/boutique\/antiques\/empire-romain-antiques\/tacite-antoninien-frappe-a-ticinum\/","url":"https:\/\/www.numismeo.com\/en\/boutique\/antiques\/empire-romain-antiques\/tacite-antoninien-frappe-a-ticinum\/","name":"Tacite antoninien frapp\u00e9 \u00e0 Ticinum - Numismeo","isPartOf":{"@id":"https:\/\/www.numismeo.com\/#website"},"primaryImageOfPage":{"@id":"https:\/\/www.numismeo.com\/boutique\/antiques\/empire-romain-antiques\/tacite-antoninien-frappe-a-ticinum\/#primaryimage"},"image":{"@id":"https:\/\/www.numismeo.com\/boutique\/antiques\/empire-romain-antiques\/tacite-antoninien-frappe-a-ticinum\/#primaryimage"},"thumbnailUrl":"https:\/\/www.numismeo.com\/wp-content\/uploads\/2023\/02\/Ro-TaciteAntoninienTicinium-RIC163-1.jpg","datePublished":"2024-04-18T09:43:43+00:00","dateModified":"2025-12-31T09:04:27+00:00","description":"Superbe antoninien de Billon de Tacite frapp\u00e9 \u00e0 Ticinum en 276. Revers bien centr\u00e9 et et de qualit\u00e9 remarquable repr\u00e9sentant la s\u00e9curit\u00e9.","breadcrumb":{"@id":"https:\/\/www.numismeo.com\/boutique\/antiques\/empire-romain-antiques\/tacite-antoninien-frappe-a-ticinum\/#breadcrumb"},"inLanguage":"en-US","potentialAction":[{"@type":"ReadAction","target":["https:\/\/www.numismeo.com\/boutique\/antiques\/empire-romain-antiques\/tacite-antoninien-frappe-a-ticinum\/"]}]},{"@type":"ImageObject","inLanguage":"en-US","@id":"https:\/\/www.numismeo.com\/boutique\/antiques\/empire-romain-antiques\/tacite-antoninien-frappe-a-ticinum\/#primaryimage","url":"https:\/\/www.numismeo.com\/wp-content\/uploads\/2023\/02\/Ro-TaciteAntoninienTicinium-RIC163-1.jpg","contentUrl":"https:\/\/www.numismeo.com\/wp-content\/uploads\/2023\/02\/Ro-TaciteAntoninienTicinium-RIC163-1.jpg","width":1479,"height":1479,"caption":"Tacite antoninien frapp\u00e9 \u00e0 Ticinum"},{"@type":"BreadcrumbList","@id":"https:\/\/www.numismeo.com\/boutique\/antiques\/empire-romain-antiques\/tacite-antoninien-frappe-a-ticinum\/#breadcrumb","itemListElement":[{"@type":"ListItem","position":1,"name":"Accueil","item":"https:\/\/www.numismeo.com\/"},{"@type":"ListItem","position":2,"name":"BoutiqueTechnique","item":"https:\/\/www.numismeo.com\/boutiquetechnique\/"},{"@type":"ListItem","position":3,"name":"Tacite antoninien frapp\u00e9 \u00e0 Ticinum"}]},{"@type":"WebSite","@id":"https:\/\/www.numismeo.com\/#website","url":"https:\/\/www.numismeo.com\/","name":"Numismeo","description":"MAISON CREUSY fond\u00e9 en 1974","publisher":{"@id":"https:\/\/www.numismeo.com\/#organization"},"alternateName":"Maison Creusy","potentialAction":[{"@type":"SearchAction","target":{"@type":"EntryPoint","urlTemplate":"https:\/\/www.numismeo.com\/?s={search_term_string}"},"query-input":{"@type":"PropertyValueSpecification","valueRequired":true,"valueName":"search_term_string"}}],"inLanguage":"en-US"},{"@type":"Organization","@id":"https:\/\/www.numismeo.com\/#organization","name":"Maison Creusy","alternateName":"Maison Creusy","url":"https:\/\/www.numismeo.com\/","logo":{"@type":"ImageObject","inLanguage":"en-US","@id":"https:\/\/www.numismeo.com\/#\/schema\/logo\/image\/","url":"https:\/\/www.numismeo.com\/wp-content\/uploads\/2022\/09\/LogoPetit.jpg","contentUrl":"https:\/\/www.numismeo.com\/wp-content\/uploads\/2022\/09\/LogoPetit.jpg","width":164,"height":164,"caption":"Maison Creusy"},"image":{"@id":"https:\/\/www.numismeo.com\/#\/schema\/logo\/image\/"},"sameAs":["https:\/\/www.facebook.com\/numismeo"]}]}},"_links":{"self":[{"href":"https:\/\/www.numismeo.com\/wp-json\/wp\/v2\/product\/28352","targetHints":{"allow":["GET"]}}],"collection":[{"href":"https:\/\/www.numismeo.com\/wp-json\/wp\/v2\/product"}],"about":[{"href":"https:\/\/www.numismeo.com\/wp-json\/wp\/v2\/types\/product"}],"wp:featuredmedia":[{"embeddable":true,"href":"https:\/\/www.numismeo.com\/wp-json\/wp\/v2\/media\/28355"}],"wp:attachment":[{"href":"https:\/\/www.numismeo.com\/wp-json\/wp\/v2\/media?parent=28352"}],"wp:term":[{"taxonomy":"product_brand","embeddable":true,"href":"https:\/\/www.numismeo.com\/wp-json\/wp\/v2\/product_brand?post=28352"},{"taxonomy":"product_cat","embeddable":true,"href":"https:\/\/www.numismeo.com\/wp-json\/wp\/v2\/product_cat?post=28352"},{"taxonomy":"product_tag","embeddable":true,"href":"https:\/\/www.numismeo.com\/wp-json\/wp\/v2\/product_tag?post=28352"}],"curies":[{"name":"wp","href":"https:\/\/api.w.org\/{rel}","templated":true}]}}