{"id":28539,"date":"2023-03-03T10:34:49","date_gmt":"2023-03-03T09:34:49","guid":{"rendered":"https:\/\/www.numismeo.com\/?post_type=product&#038;p=28539"},"modified":"2026-03-23T09:28:50","modified_gmt":"2026-03-23T08:28:50","slug":"antestia-denier-frappe-en-146-avant","status":"publish","type":"product","link":"https:\/\/www.numismeo.com\/en\/boutique\/antiques\/republique-romaine-antiques\/antestia-denier-frappe-en-146-avant\/","title":{"rendered":"C. Antesti AR denarius 146 BC"},"content":{"rendered":"<p class=\"p1\">Denarius of the Roman Republic struck in 146 BC by the moneyer L. Antestius Gragulus. This denarius marks the transition from the former mark of value \u201cX\u201d to \u201cXVI,\u201d indicating that the as had decreased in weight and that, consequently, the value of the denarius, expressed in asses, had to be re-tariffed from ten to sixteen.<\/p>","protected":false},"excerpt":{"rendered":"<p>Denarius of the Roman Republic struck in 146 BC by the moneyer L. Antestius Gragulus. This denarius marks the transition [&hellip;]<\/p>\n","protected":false},"featured_media":28542,"template":"","meta":{"_acf_changed":false,"site-sidebar-layout":"default","site-content-layout":"","ast-site-content-layout":"default","site-content-style":"default","site-sidebar-style":"default","ast-global-header-display":"","ast-banner-title-visibility":"","ast-main-header-display":"","ast-hfb-above-header-display":"","ast-hfb-below-header-display":"","ast-hfb-mobile-header-display":"","site-post-title":"","ast-breadcrumbs-content":"","ast-featured-img":"","footer-sml-layout":"","ast-disable-related-posts":"","theme-transparent-header-meta":"default","adv-header-id-meta":"","stick-header-meta":"","header-above-stick-meta":"","header-main-stick-meta":"","header-below-stick-meta":"","astra-migrate-meta-layouts":"set","ast-page-background-enabled":"default","ast-page-background-meta":{"desktop":{"background-color":"var(--ast-global-color-5)","background-image":"","background-repeat":"repeat","background-position":"center center","background-size":"auto","background-attachment":"scroll","background-type":"","background-media":"","overlay-type":"","overlay-color":"","overlay-opacity":"","overlay-gradient":""},"tablet":{"background-color":"","background-image":"","background-repeat":"repeat","background-position":"center center","background-size":"auto","background-attachment":"scroll","background-type":"","background-media":"","overlay-type":"","overlay-color":"","overlay-opacity":"","overlay-gradient":""},"mobile":{"background-color":"","background-image":"","background-repeat":"repeat","background-position":"center center","background-size":"auto","background-attachment":"scroll","background-type":"","background-media":"","overlay-type":"","overlay-color":"","overlay-opacity":"","overlay-gradient":""}},"ast-content-background-meta":{"desktop":{"background-color":"var(--ast-global-color-4)","background-image":"","background-repeat":"repeat","background-position":"center center","background-size":"auto","background-attachment":"scroll","background-type":"","background-media":"","overlay-type":"","overlay-color":"","overlay-opacity":"","overlay-gradient":""},"tablet":{"background-color":"var(--ast-global-color-4)","background-image":"","background-repeat":"repeat","background-position":"center center","background-size":"auto","background-attachment":"scroll","background-type":"","background-media":"","overlay-type":"","overlay-color":"","overlay-opacity":"","overlay-gradient":""},"mobile":{"background-color":"var(--ast-global-color-4)","background-image":"","background-repeat":"repeat","background-position":"center center","background-size":"auto","background-attachment":"scroll","background-type":"","background-media":"","overlay-type":"","overlay-color":"","overlay-opacity":"","overlay-gradient":""}}},"product_brand":[],"product_cat":[91,179],"product_tag":[],"class_list":{"0":"post-28539","1":"product","2":"type-product","3":"status-publish","4":"has-post-thumbnail","6":"product_cat-antiques","7":"product_cat-republique-romaine-antiques","8":"pa_anneefrappe1-16797","9":"pa_gradage-non","10":"pa_metal-b5-argent","11":"pa_provenance-non","12":"pa_qualite-cf-prsup","13":"desktop-align-left","14":"tablet-align-left","15":"mobile-align-left","17":"first","18":"outofstock","19":"sold-individually","20":"shipping-taxable","21":"purchasable","22":"product-type-simple"},"acf":[],"yoast_head":"<!-- This site is optimized with the Yoast SEO plugin v27.4 - https:\/\/yoast.com\/product\/yoast-seo-wordpress\/ -->\n<title>C. Antesti AR denarius 146 BC<\/title>\n<meta name=\"description\" content=\"Denarius of the Roman Republic struck in 146 BC. Head of Rome in helmet on obverse right. The Dioscuri galloping on the right with a dog below.\" \/>\n<meta name=\"robots\" content=\"index, follow, max-snippet:-1, max-image-preview:large, max-video-preview:-1\" \/>\n<link rel=\"canonical\" href=\"https:\/\/www.numismeo.com\/en\/boutique\/antiques\/republique-romaine-antiques\/antestia-denier-frappe-en-146-avant\/\" \/>\n<meta property=\"og:locale\" content=\"en_US\" \/>\n<meta property=\"og:type\" content=\"article\" \/>\n<meta property=\"og:title\" content=\"C. Antesti AR denarius 146 BC\" \/>\n<meta property=\"og:description\" content=\"Denarius of the Roman Republic struck in 146 BC. Head of Rome in helmet on obverse right. The Dioscuri galloping on the right with a dog below.\" \/>\n<meta property=\"og:url\" content=\"https:\/\/www.numismeo.com\/en\/boutique\/antiques\/republique-romaine-antiques\/antestia-denier-frappe-en-146-avant\/\" \/>\n<meta property=\"og:site_name\" content=\"Numismeo\" \/>\n<meta property=\"article:publisher\" content=\"https:\/\/www.facebook.com\/numismeo\" \/>\n<meta property=\"article:modified_time\" content=\"2026-03-23T08:28:50+00:00\" \/>\n<meta property=\"og:image\" content=\"https:\/\/www.numismeo.com\/wp-content\/uploads\/2023\/03\/RR-AntestiaDenier-RBW939-1.jpg\" \/>\n\t<meta property=\"og:image:width\" content=\"1747\" \/>\n\t<meta property=\"og:image:height\" content=\"1747\" \/>\n\t<meta property=\"og:image:type\" content=\"image\/jpeg\" \/>\n<meta name=\"twitter:card\" content=\"summary_large_image\" \/>\n<meta name=\"twitter:label1\" content=\"Est. reading time\" \/>\n\t<meta name=\"twitter:data1\" content=\"1 minute\" \/>\n<script type=\"application\/ld+json\" class=\"yoast-schema-graph\">{\"@context\":\"https:\\\/\\\/schema.org\",\"@graph\":[{\"@type\":\"WebPage\",\"@id\":\"https:\\\/\\\/www.numismeo.com\\\/en\\\/boutique\\\/antiques\\\/republique-romaine-antiques\\\/antestia-denier-frappe-en-146-avant\\\/\",\"url\":\"https:\\\/\\\/www.numismeo.com\\\/en\\\/boutique\\\/antiques\\\/republique-romaine-antiques\\\/antestia-denier-frappe-en-146-avant\\\/\",\"name\":\"Antestia denier frapp\u00e9 en 146 avant - Numismeo\",\"isPartOf\":{\"@id\":\"https:\\\/\\\/www.numismeo.com\\\/#website\"},\"primaryImageOfPage\":{\"@id\":\"https:\\\/\\\/www.numismeo.com\\\/boutique\\\/antiques\\\/republique-romaine-antiques\\\/antestia-denier-frappe-en-146-avant\\\/#primaryimage\"},\"image\":{\"@id\":\"https:\\\/\\\/www.numismeo.com\\\/boutique\\\/antiques\\\/republique-romaine-antiques\\\/antestia-denier-frappe-en-146-avant\\\/#primaryimage\"},\"thumbnailUrl\":\"https:\\\/\\\/www.numismeo.com\\\/wp-content\\\/uploads\\\/2023\\\/03\\\/RR-AntestiaDenier-RBW939-1.jpg\",\"datePublished\":\"2023-03-03T09:34:49+00:00\",\"dateModified\":\"2026-03-23T08:28:50+00:00\",\"description\":\"Denier de la R\u00e9publique Romaine frapp\u00e9 en 146 avant JC. T\u00eate de Rome casqu\u00e9 \u00e0 droite \u00e0 l'avers. Les Dioscures galopant \u00e0 droite un chien dessous.\",\"breadcrumb\":{\"@id\":\"https:\\\/\\\/www.numismeo.com\\\/boutique\\\/antiques\\\/republique-romaine-antiques\\\/antestia-denier-frappe-en-146-avant\\\/#breadcrumb\"},\"inLanguage\":\"en-US\",\"potentialAction\":[{\"@type\":\"ReadAction\",\"target\":[\"https:\\\/\\\/www.numismeo.com\\\/boutique\\\/antiques\\\/republique-romaine-antiques\\\/antestia-denier-frappe-en-146-avant\\\/\"]}]},{\"@type\":\"ImageObject\",\"inLanguage\":\"en-US\",\"@id\":\"https:\\\/\\\/www.numismeo.com\\\/boutique\\\/antiques\\\/republique-romaine-antiques\\\/antestia-denier-frappe-en-146-avant\\\/#primaryimage\",\"url\":\"https:\\\/\\\/www.numismeo.com\\\/wp-content\\\/uploads\\\/2023\\\/03\\\/RR-AntestiaDenier-RBW939-1.jpg\",\"contentUrl\":\"https:\\\/\\\/www.numismeo.com\\\/wp-content\\\/uploads\\\/2023\\\/03\\\/RR-AntestiaDenier-RBW939-1.jpg\",\"width\":1747,\"height\":1747},{\"@type\":\"BreadcrumbList\",\"@id\":\"https:\\\/\\\/www.numismeo.com\\\/boutique\\\/antiques\\\/republique-romaine-antiques\\\/antestia-denier-frappe-en-146-avant\\\/#breadcrumb\",\"itemListElement\":[{\"@type\":\"ListItem\",\"position\":1,\"name\":\"Accueil\",\"item\":\"https:\\\/\\\/www.numismeo.com\\\/\"},{\"@type\":\"ListItem\",\"position\":2,\"name\":\"BoutiqueTechnique\",\"item\":\"https:\\\/\\\/www.numismeo.com\\\/boutiquetechnique\\\/\"},{\"@type\":\"ListItem\",\"position\":3,\"name\":\"Antestia denier frapp\u00e9 en 146 avant\"}]},{\"@type\":\"WebSite\",\"@id\":\"https:\\\/\\\/www.numismeo.com\\\/#website\",\"url\":\"https:\\\/\\\/www.numismeo.com\\\/\",\"name\":\"Numismeo\",\"description\":\"MAISON CREUSY fond\u00e9 en 1974\",\"publisher\":{\"@id\":\"https:\\\/\\\/www.numismeo.com\\\/#organization\"},\"alternateName\":\"Maison Creusy\",\"potentialAction\":[{\"@type\":\"SearchAction\",\"target\":{\"@type\":\"EntryPoint\",\"urlTemplate\":\"https:\\\/\\\/www.numismeo.com\\\/?s={search_term_string}\"},\"query-input\":{\"@type\":\"PropertyValueSpecification\",\"valueRequired\":true,\"valueName\":\"search_term_string\"}}],\"inLanguage\":\"en-US\"},{\"@type\":\"Organization\",\"@id\":\"https:\\\/\\\/www.numismeo.com\\\/#organization\",\"name\":\"Maison Creusy\",\"alternateName\":\"Maison Creusy\",\"url\":\"https:\\\/\\\/www.numismeo.com\\\/\",\"logo\":{\"@type\":\"ImageObject\",\"inLanguage\":\"en-US\",\"@id\":\"https:\\\/\\\/www.numismeo.com\\\/#\\\/schema\\\/logo\\\/image\\\/\",\"url\":\"https:\\\/\\\/www.numismeo.com\\\/wp-content\\\/uploads\\\/2022\\\/09\\\/LogoPetit.jpg\",\"contentUrl\":\"https:\\\/\\\/www.numismeo.com\\\/wp-content\\\/uploads\\\/2022\\\/09\\\/LogoPetit.jpg\",\"width\":164,\"height\":164,\"caption\":\"Maison Creusy\"},\"image\":{\"@id\":\"https:\\\/\\\/www.numismeo.com\\\/#\\\/schema\\\/logo\\\/image\\\/\"},\"sameAs\":[\"https:\\\/\\\/www.facebook.com\\\/numismeo\"]}]}<\/script>\n<!-- \/ Yoast SEO plugin. -->","yoast_head_json":{"title":"C. Antesti AR denarius 146 BC","description":"Denarius of the Roman Republic struck in 146 BC. Head of Rome in helmet on obverse right. The Dioscuri galloping on the right with a dog below.","robots":{"index":"index","follow":"follow","max-snippet":"max-snippet:-1","max-image-preview":"max-image-preview:large","max-video-preview":"max-video-preview:-1"},"canonical":"https:\/\/www.numismeo.com\/en\/boutique\/antiques\/republique-romaine-antiques\/antestia-denier-frappe-en-146-avant\/","og_locale":"en_US","og_type":"article","og_title":"C. Antesti AR denarius 146 BC","og_description":"Denarius of the Roman Republic struck in 146 BC. Head of Rome in helmet on obverse right. The Dioscuri galloping on the right with a dog below.","og_url":"https:\/\/www.numismeo.com\/en\/boutique\/antiques\/republique-romaine-antiques\/antestia-denier-frappe-en-146-avant\/","og_site_name":"Numismeo","article_publisher":"https:\/\/www.facebook.com\/numismeo","article_modified_time":"2026-03-23T08:28:50+00:00","og_image":[{"width":1747,"height":1747,"url":"https:\/\/www.numismeo.com\/wp-content\/uploads\/2023\/03\/RR-AntestiaDenier-RBW939-1.jpg","type":"image\/jpeg"}],"twitter_card":"summary_large_image","twitter_misc":{"Est. reading time":"1 minute"},"schema":{"@context":"https:\/\/schema.org","@graph":[{"@type":"WebPage","@id":"https:\/\/www.numismeo.com\/en\/boutique\/antiques\/republique-romaine-antiques\/antestia-denier-frappe-en-146-avant\/","url":"https:\/\/www.numismeo.com\/en\/boutique\/antiques\/republique-romaine-antiques\/antestia-denier-frappe-en-146-avant\/","name":"Antestia denier frapp\u00e9 en 146 avant - Numismeo","isPartOf":{"@id":"https:\/\/www.numismeo.com\/#website"},"primaryImageOfPage":{"@id":"https:\/\/www.numismeo.com\/boutique\/antiques\/republique-romaine-antiques\/antestia-denier-frappe-en-146-avant\/#primaryimage"},"image":{"@id":"https:\/\/www.numismeo.com\/boutique\/antiques\/republique-romaine-antiques\/antestia-denier-frappe-en-146-avant\/#primaryimage"},"thumbnailUrl":"https:\/\/www.numismeo.com\/wp-content\/uploads\/2023\/03\/RR-AntestiaDenier-RBW939-1.jpg","datePublished":"2023-03-03T09:34:49+00:00","dateModified":"2026-03-23T08:28:50+00:00","description":"Denier de la R\u00e9publique Romaine frapp\u00e9 en 146 avant JC. T\u00eate de Rome casqu\u00e9 \u00e0 droite \u00e0 l'avers. Les Dioscures galopant \u00e0 droite un chien dessous.","breadcrumb":{"@id":"https:\/\/www.numismeo.com\/boutique\/antiques\/republique-romaine-antiques\/antestia-denier-frappe-en-146-avant\/#breadcrumb"},"inLanguage":"en-US","potentialAction":[{"@type":"ReadAction","target":["https:\/\/www.numismeo.com\/boutique\/antiques\/republique-romaine-antiques\/antestia-denier-frappe-en-146-avant\/"]}]},{"@type":"ImageObject","inLanguage":"en-US","@id":"https:\/\/www.numismeo.com\/boutique\/antiques\/republique-romaine-antiques\/antestia-denier-frappe-en-146-avant\/#primaryimage","url":"https:\/\/www.numismeo.com\/wp-content\/uploads\/2023\/03\/RR-AntestiaDenier-RBW939-1.jpg","contentUrl":"https:\/\/www.numismeo.com\/wp-content\/uploads\/2023\/03\/RR-AntestiaDenier-RBW939-1.jpg","width":1747,"height":1747},{"@type":"BreadcrumbList","@id":"https:\/\/www.numismeo.com\/boutique\/antiques\/republique-romaine-antiques\/antestia-denier-frappe-en-146-avant\/#breadcrumb","itemListElement":[{"@type":"ListItem","position":1,"name":"Accueil","item":"https:\/\/www.numismeo.com\/"},{"@type":"ListItem","position":2,"name":"BoutiqueTechnique","item":"https:\/\/www.numismeo.com\/boutiquetechnique\/"},{"@type":"ListItem","position":3,"name":"Antestia denier frapp\u00e9 en 146 avant"}]},{"@type":"WebSite","@id":"https:\/\/www.numismeo.com\/#website","url":"https:\/\/www.numismeo.com\/","name":"Numismeo","description":"MAISON CREUSY fond\u00e9 en 1974","publisher":{"@id":"https:\/\/www.numismeo.com\/#organization"},"alternateName":"Maison Creusy","potentialAction":[{"@type":"SearchAction","target":{"@type":"EntryPoint","urlTemplate":"https:\/\/www.numismeo.com\/?s={search_term_string}"},"query-input":{"@type":"PropertyValueSpecification","valueRequired":true,"valueName":"search_term_string"}}],"inLanguage":"en-US"},{"@type":"Organization","@id":"https:\/\/www.numismeo.com\/#organization","name":"Maison Creusy","alternateName":"Maison Creusy","url":"https:\/\/www.numismeo.com\/","logo":{"@type":"ImageObject","inLanguage":"en-US","@id":"https:\/\/www.numismeo.com\/#\/schema\/logo\/image\/","url":"https:\/\/www.numismeo.com\/wp-content\/uploads\/2022\/09\/LogoPetit.jpg","contentUrl":"https:\/\/www.numismeo.com\/wp-content\/uploads\/2022\/09\/LogoPetit.jpg","width":164,"height":164,"caption":"Maison Creusy"},"image":{"@id":"https:\/\/www.numismeo.com\/#\/schema\/logo\/image\/"},"sameAs":["https:\/\/www.facebook.com\/numismeo"]}]}},"_links":{"self":[{"href":"https:\/\/www.numismeo.com\/wp-json\/wp\/v2\/product\/28539","targetHints":{"allow":["GET"]}}],"collection":[{"href":"https:\/\/www.numismeo.com\/wp-json\/wp\/v2\/product"}],"about":[{"href":"https:\/\/www.numismeo.com\/wp-json\/wp\/v2\/types\/product"}],"wp:featuredmedia":[{"embeddable":true,"href":"https:\/\/www.numismeo.com\/wp-json\/wp\/v2\/media\/28542"}],"wp:attachment":[{"href":"https:\/\/www.numismeo.com\/wp-json\/wp\/v2\/media?parent=28539"}],"wp:term":[{"taxonomy":"product_brand","embeddable":true,"href":"https:\/\/www.numismeo.com\/wp-json\/wp\/v2\/product_brand?post=28539"},{"taxonomy":"product_cat","embeddable":true,"href":"https:\/\/www.numismeo.com\/wp-json\/wp\/v2\/product_cat?post=28539"},{"taxonomy":"product_tag","embeddable":true,"href":"https:\/\/www.numismeo.com\/wp-json\/wp\/v2\/product_tag?post=28539"}],"curies":[{"name":"wp","href":"https:\/\/api.w.org\/{rel}","templated":true}]}}