{"id":28699,"date":"2023-03-08T11:05:51","date_gmt":"2023-03-08T10:05:51","guid":{"rendered":"https:\/\/www.numismeo.com\/?post_type=product&#038;p=28699"},"modified":"2026-01-14T15:30:19","modified_gmt":"2026-01-14T14:30:19","slug":"pays-bas-siege-de-groningue-6-stuivers-1-4-1672","status":"publish","type":"product","link":"https:\/\/www.numismeo.com\/en\/boutique\/etrangeres\/europe\/pays-bas-siege-de-groningue-6-stuivers-1-4-1672\/","title":{"rendered":"Netherlands Siege of Groningen 6 stuivers 1\/4 1672"},"content":{"rendered":"<p style=\"font-weight: 400;\">The <a href=\"https:\/\/en.wikipedia.org\/wiki\/Siege_of_Groningen_(1672)\" target=\"_blank\" rel=\"noopener\">Siege of Groningen<\/a> was a battle that took place in 1672 during the Franco-Dutch war. It was a Dutch victory that ended all hope of the Bishop of M\u00fcnster to push deeper into the Netherlands. The M\u00fcnster army was so weakened by the defeat that the Dutch army successfully reconquered much of the land that M\u00fcnster had conquered just weeks earlier. Every year, the city of Groningen celebrates its victory as a local holiday on 28 August. (Source Wikipedia)<\/p>","protected":false},"excerpt":{"rendered":"<p>The Siege of Groningen was a battle that took place in 1672 during the Franco-Dutch war. It was a Dutch [&hellip;]<\/p>\n","protected":false},"featured_media":28700,"template":"","meta":{"_acf_changed":false,"site-sidebar-layout":"default","site-content-layout":"","ast-site-content-layout":"default","site-content-style":"default","site-sidebar-style":"default","ast-global-header-display":"","ast-banner-title-visibility":"","ast-main-header-display":"","ast-hfb-above-header-display":"","ast-hfb-below-header-display":"","ast-hfb-mobile-header-display":"","site-post-title":"","ast-breadcrumbs-content":"","ast-featured-img":"","footer-sml-layout":"","ast-disable-related-posts":"","theme-transparent-header-meta":"","adv-header-id-meta":"","stick-header-meta":"","header-above-stick-meta":"","header-main-stick-meta":"","header-below-stick-meta":"","astra-migrate-meta-layouts":"default","ast-page-background-enabled":"default","ast-page-background-meta":{"desktop":{"background-color":"var(--ast-global-color-5)","background-image":"","background-repeat":"repeat","background-position":"center center","background-size":"auto","background-attachment":"scroll","background-type":"","background-media":"","overlay-type":"","overlay-color":"","overlay-opacity":"","overlay-gradient":""},"tablet":{"background-color":"","background-image":"","background-repeat":"repeat","background-position":"center center","background-size":"auto","background-attachment":"scroll","background-type":"","background-media":"","overlay-type":"","overlay-color":"","overlay-opacity":"","overlay-gradient":""},"mobile":{"background-color":"","background-image":"","background-repeat":"repeat","background-position":"center center","background-size":"auto","background-attachment":"scroll","background-type":"","background-media":"","overlay-type":"","overlay-color":"","overlay-opacity":"","overlay-gradient":""}},"ast-content-background-meta":{"desktop":{"background-color":"var(--ast-global-color-4)","background-image":"","background-repeat":"repeat","background-position":"center center","background-size":"auto","background-attachment":"scroll","background-type":"","background-media":"","overlay-type":"","overlay-color":"","overlay-opacity":"","overlay-gradient":""},"tablet":{"background-color":"var(--ast-global-color-4)","background-image":"","background-repeat":"repeat","background-position":"center center","background-size":"auto","background-attachment":"scroll","background-type":"","background-media":"","overlay-type":"","overlay-color":"","overlay-opacity":"","overlay-gradient":""},"mobile":{"background-color":"var(--ast-global-color-4)","background-image":"","background-repeat":"repeat","background-position":"center center","background-size":"auto","background-attachment":"scroll","background-type":"","background-media":"","overlay-type":"","overlay-color":"","overlay-opacity":"","overlay-gradient":""}}},"product_brand":[],"product_cat":[95,105],"product_tag":[],"class_list":{"0":"post-28699","1":"product","2":"type-product","3":"status-publish","4":"has-post-thumbnail","6":"product_cat-etrangeres","7":"product_cat-europe","8":"pa_anneefrappe1-16832","9":"pa_atelier-groningue","10":"pa_gradage-non","11":"pa_metal-b5-argent","12":"pa_pays-pays-bas","13":"pa_provenance-non","14":"pa_qualite-89-ttb_","15":"desktop-align-left","16":"tablet-align-left","17":"mobile-align-left","19":"first","20":"instock","21":"sold-individually","22":"shipping-taxable","23":"purchasable","24":"product-type-simple"},"acf":[],"yoast_head":"<!-- This site is optimized with the Yoast SEO plugin v27.3 - https:\/\/yoast.com\/product\/yoast-seo-wordpress\/ -->\n<title>%%title%% %%page%%<\/title>\n<meta name=\"description\" content=\"Silver Klippe of 6 strivers 1\/4 struck during the siege of Groningen in the Netherlands in 1672. Square, single-sided siege coin.\" \/>\n<meta name=\"robots\" content=\"index, follow, max-snippet:-1, max-image-preview:large, max-video-preview:-1\" \/>\n<link rel=\"canonical\" href=\"https:\/\/www.numismeo.com\/en\/boutique\/etrangeres\/europe\/pays-bas-siege-de-groningue-6-stuivers-1-4-1672\/\" \/>\n<meta property=\"og:locale\" content=\"en_US\" \/>\n<meta property=\"og:type\" content=\"article\" \/>\n<meta property=\"og:title\" content=\"%%title%% %%page%%\" \/>\n<meta property=\"og:description\" content=\"Silver Klippe of 6 strivers 1\/4 struck during the siege of Groningen in the Netherlands in 1672. Square, single-sided siege coin.\" \/>\n<meta property=\"og:url\" content=\"https:\/\/www.numismeo.com\/en\/boutique\/etrangeres\/europe\/pays-bas-siege-de-groningue-6-stuivers-1-4-1672\/\" \/>\n<meta property=\"og:site_name\" content=\"Numismeo\" \/>\n<meta property=\"article:publisher\" content=\"https:\/\/www.facebook.com\/numismeo\" \/>\n<meta property=\"article:modified_time\" content=\"2026-01-14T14:30:19+00:00\" \/>\n<meta property=\"og:image\" content=\"https:\/\/www.numismeo.com\/wp-content\/uploads\/2023\/03\/Siege-SiegedeGroningen6Stuivers-1.jpg\" \/>\n\t<meta property=\"og:image:width\" content=\"1696\" \/>\n\t<meta property=\"og:image:height\" content=\"1696\" \/>\n\t<meta property=\"og:image:type\" content=\"image\/jpeg\" \/>\n<meta name=\"twitter:card\" content=\"summary_large_image\" \/>\n<meta name=\"twitter:label1\" content=\"Est. reading time\" \/>\n\t<meta name=\"twitter:data1\" content=\"1 minute\" \/>\n<script type=\"application\/ld+json\" class=\"yoast-schema-graph\">{\"@context\":\"https:\\\/\\\/schema.org\",\"@graph\":[{\"@type\":\"WebPage\",\"@id\":\"https:\\\/\\\/www.numismeo.com\\\/en\\\/boutique\\\/etrangeres\\\/europe\\\/pays-bas-siege-de-groningue-6-stuivers-1-4-1672\\\/\",\"url\":\"https:\\\/\\\/www.numismeo.com\\\/en\\\/boutique\\\/etrangeres\\\/europe\\\/pays-bas-siege-de-groningue-6-stuivers-1-4-1672\\\/\",\"name\":\"Pays-Bas Siege de Groningue 6 stuivers 1\\\/4 1672\",\"isPartOf\":{\"@id\":\"https:\\\/\\\/www.numismeo.com\\\/#website\"},\"primaryImageOfPage\":{\"@id\":\"https:\\\/\\\/www.numismeo.com\\\/boutique\\\/etrangeres\\\/europe\\\/pays-bas-siege-de-groningue-6-stuivers-1-4-1672\\\/#primaryimage\"},\"image\":{\"@id\":\"https:\\\/\\\/www.numismeo.com\\\/boutique\\\/etrangeres\\\/europe\\\/pays-bas-siege-de-groningue-6-stuivers-1-4-1672\\\/#primaryimage\"},\"thumbnailUrl\":\"https:\\\/\\\/www.numismeo.com\\\/wp-content\\\/uploads\\\/2023\\\/03\\\/Siege-SiegedeGroningen6Stuivers-1.jpg\",\"datePublished\":\"2023-03-08T10:05:51+00:00\",\"dateModified\":\"2026-01-14T14:30:19+00:00\",\"description\":\"Klippe en argent de 6 strivers 1\\\/4 frapp\u00e9 pendant le si\u00e8ge de Groningue au Pays Bas en 1672. Monnaie de si\u00e8ge carr\u00e9 et uniface.\",\"breadcrumb\":{\"@id\":\"https:\\\/\\\/www.numismeo.com\\\/boutique\\\/etrangeres\\\/europe\\\/pays-bas-siege-de-groningue-6-stuivers-1-4-1672\\\/#breadcrumb\"},\"inLanguage\":\"en-US\",\"potentialAction\":[{\"@type\":\"ReadAction\",\"target\":[\"https:\\\/\\\/www.numismeo.com\\\/boutique\\\/etrangeres\\\/europe\\\/pays-bas-siege-de-groningue-6-stuivers-1-4-1672\\\/\"]}]},{\"@type\":\"ImageObject\",\"inLanguage\":\"en-US\",\"@id\":\"https:\\\/\\\/www.numismeo.com\\\/boutique\\\/etrangeres\\\/europe\\\/pays-bas-siege-de-groningue-6-stuivers-1-4-1672\\\/#primaryimage\",\"url\":\"https:\\\/\\\/www.numismeo.com\\\/wp-content\\\/uploads\\\/2023\\\/03\\\/Siege-SiegedeGroningen6Stuivers-1.jpg\",\"contentUrl\":\"https:\\\/\\\/www.numismeo.com\\\/wp-content\\\/uploads\\\/2023\\\/03\\\/Siege-SiegedeGroningen6Stuivers-1.jpg\",\"width\":1696,\"height\":1696},{\"@type\":\"BreadcrumbList\",\"@id\":\"https:\\\/\\\/www.numismeo.com\\\/boutique\\\/etrangeres\\\/europe\\\/pays-bas-siege-de-groningue-6-stuivers-1-4-1672\\\/#breadcrumb\",\"itemListElement\":[{\"@type\":\"ListItem\",\"position\":1,\"name\":\"Accueil\",\"item\":\"https:\\\/\\\/www.numismeo.com\\\/\"},{\"@type\":\"ListItem\",\"position\":2,\"name\":\"BoutiqueTechnique\",\"item\":\"https:\\\/\\\/www.numismeo.com\\\/boutiquetechnique\\\/\"},{\"@type\":\"ListItem\",\"position\":3,\"name\":\"Pays-Bas Siege de Groningue 6 stuivers 1\\\/4 1672\"}]},{\"@type\":\"WebSite\",\"@id\":\"https:\\\/\\\/www.numismeo.com\\\/#website\",\"url\":\"https:\\\/\\\/www.numismeo.com\\\/\",\"name\":\"Numismeo\",\"description\":\"MAISON CREUSY fond\u00e9 en 1974\",\"publisher\":{\"@id\":\"https:\\\/\\\/www.numismeo.com\\\/#organization\"},\"alternateName\":\"Maison Creusy\",\"potentialAction\":[{\"@type\":\"SearchAction\",\"target\":{\"@type\":\"EntryPoint\",\"urlTemplate\":\"https:\\\/\\\/www.numismeo.com\\\/?s={search_term_string}\"},\"query-input\":{\"@type\":\"PropertyValueSpecification\",\"valueRequired\":true,\"valueName\":\"search_term_string\"}}],\"inLanguage\":\"en-US\"},{\"@type\":\"Organization\",\"@id\":\"https:\\\/\\\/www.numismeo.com\\\/#organization\",\"name\":\"Maison Creusy\",\"alternateName\":\"Maison Creusy\",\"url\":\"https:\\\/\\\/www.numismeo.com\\\/\",\"logo\":{\"@type\":\"ImageObject\",\"inLanguage\":\"en-US\",\"@id\":\"https:\\\/\\\/www.numismeo.com\\\/#\\\/schema\\\/logo\\\/image\\\/\",\"url\":\"https:\\\/\\\/www.numismeo.com\\\/wp-content\\\/uploads\\\/2022\\\/09\\\/LogoPetit.jpg\",\"contentUrl\":\"https:\\\/\\\/www.numismeo.com\\\/wp-content\\\/uploads\\\/2022\\\/09\\\/LogoPetit.jpg\",\"width\":164,\"height\":164,\"caption\":\"Maison Creusy\"},\"image\":{\"@id\":\"https:\\\/\\\/www.numismeo.com\\\/#\\\/schema\\\/logo\\\/image\\\/\"},\"sameAs\":[\"https:\\\/\\\/www.facebook.com\\\/numismeo\"]}]}<\/script>\n<!-- \/ Yoast SEO plugin. -->","yoast_head_json":{"title":"%%title%% %%page%%","description":"Silver Klippe of 6 strivers 1\/4 struck during the siege of Groningen in the Netherlands in 1672. Square, single-sided siege coin.","robots":{"index":"index","follow":"follow","max-snippet":"max-snippet:-1","max-image-preview":"max-image-preview:large","max-video-preview":"max-video-preview:-1"},"canonical":"https:\/\/www.numismeo.com\/en\/boutique\/etrangeres\/europe\/pays-bas-siege-de-groningue-6-stuivers-1-4-1672\/","og_locale":"en_US","og_type":"article","og_title":"%%title%% %%page%%","og_description":"Silver Klippe of 6 strivers 1\/4 struck during the siege of Groningen in the Netherlands in 1672. Square, single-sided siege coin.","og_url":"https:\/\/www.numismeo.com\/en\/boutique\/etrangeres\/europe\/pays-bas-siege-de-groningue-6-stuivers-1-4-1672\/","og_site_name":"Numismeo","article_publisher":"https:\/\/www.facebook.com\/numismeo","article_modified_time":"2026-01-14T14:30:19+00:00","og_image":[{"width":1696,"height":1696,"url":"https:\/\/www.numismeo.com\/wp-content\/uploads\/2023\/03\/Siege-SiegedeGroningen6Stuivers-1.jpg","type":"image\/jpeg"}],"twitter_card":"summary_large_image","twitter_misc":{"Est. reading time":"1 minute"},"schema":{"@context":"https:\/\/schema.org","@graph":[{"@type":"WebPage","@id":"https:\/\/www.numismeo.com\/en\/boutique\/etrangeres\/europe\/pays-bas-siege-de-groningue-6-stuivers-1-4-1672\/","url":"https:\/\/www.numismeo.com\/en\/boutique\/etrangeres\/europe\/pays-bas-siege-de-groningue-6-stuivers-1-4-1672\/","name":"Pays-Bas Siege de Groningue 6 stuivers 1\/4 1672","isPartOf":{"@id":"https:\/\/www.numismeo.com\/#website"},"primaryImageOfPage":{"@id":"https:\/\/www.numismeo.com\/boutique\/etrangeres\/europe\/pays-bas-siege-de-groningue-6-stuivers-1-4-1672\/#primaryimage"},"image":{"@id":"https:\/\/www.numismeo.com\/boutique\/etrangeres\/europe\/pays-bas-siege-de-groningue-6-stuivers-1-4-1672\/#primaryimage"},"thumbnailUrl":"https:\/\/www.numismeo.com\/wp-content\/uploads\/2023\/03\/Siege-SiegedeGroningen6Stuivers-1.jpg","datePublished":"2023-03-08T10:05:51+00:00","dateModified":"2026-01-14T14:30:19+00:00","description":"Klippe en argent de 6 strivers 1\/4 frapp\u00e9 pendant le si\u00e8ge de Groningue au Pays Bas en 1672. Monnaie de si\u00e8ge carr\u00e9 et uniface.","breadcrumb":{"@id":"https:\/\/www.numismeo.com\/boutique\/etrangeres\/europe\/pays-bas-siege-de-groningue-6-stuivers-1-4-1672\/#breadcrumb"},"inLanguage":"en-US","potentialAction":[{"@type":"ReadAction","target":["https:\/\/www.numismeo.com\/boutique\/etrangeres\/europe\/pays-bas-siege-de-groningue-6-stuivers-1-4-1672\/"]}]},{"@type":"ImageObject","inLanguage":"en-US","@id":"https:\/\/www.numismeo.com\/boutique\/etrangeres\/europe\/pays-bas-siege-de-groningue-6-stuivers-1-4-1672\/#primaryimage","url":"https:\/\/www.numismeo.com\/wp-content\/uploads\/2023\/03\/Siege-SiegedeGroningen6Stuivers-1.jpg","contentUrl":"https:\/\/www.numismeo.com\/wp-content\/uploads\/2023\/03\/Siege-SiegedeGroningen6Stuivers-1.jpg","width":1696,"height":1696},{"@type":"BreadcrumbList","@id":"https:\/\/www.numismeo.com\/boutique\/etrangeres\/europe\/pays-bas-siege-de-groningue-6-stuivers-1-4-1672\/#breadcrumb","itemListElement":[{"@type":"ListItem","position":1,"name":"Accueil","item":"https:\/\/www.numismeo.com\/"},{"@type":"ListItem","position":2,"name":"BoutiqueTechnique","item":"https:\/\/www.numismeo.com\/boutiquetechnique\/"},{"@type":"ListItem","position":3,"name":"Pays-Bas Siege de Groningue 6 stuivers 1\/4 1672"}]},{"@type":"WebSite","@id":"https:\/\/www.numismeo.com\/#website","url":"https:\/\/www.numismeo.com\/","name":"Numismeo","description":"MAISON CREUSY fond\u00e9 en 1974","publisher":{"@id":"https:\/\/www.numismeo.com\/#organization"},"alternateName":"Maison Creusy","potentialAction":[{"@type":"SearchAction","target":{"@type":"EntryPoint","urlTemplate":"https:\/\/www.numismeo.com\/?s={search_term_string}"},"query-input":{"@type":"PropertyValueSpecification","valueRequired":true,"valueName":"search_term_string"}}],"inLanguage":"en-US"},{"@type":"Organization","@id":"https:\/\/www.numismeo.com\/#organization","name":"Maison Creusy","alternateName":"Maison Creusy","url":"https:\/\/www.numismeo.com\/","logo":{"@type":"ImageObject","inLanguage":"en-US","@id":"https:\/\/www.numismeo.com\/#\/schema\/logo\/image\/","url":"https:\/\/www.numismeo.com\/wp-content\/uploads\/2022\/09\/LogoPetit.jpg","contentUrl":"https:\/\/www.numismeo.com\/wp-content\/uploads\/2022\/09\/LogoPetit.jpg","width":164,"height":164,"caption":"Maison Creusy"},"image":{"@id":"https:\/\/www.numismeo.com\/#\/schema\/logo\/image\/"},"sameAs":["https:\/\/www.facebook.com\/numismeo"]}]}},"_links":{"self":[{"href":"https:\/\/www.numismeo.com\/wp-json\/wp\/v2\/product\/28699","targetHints":{"allow":["GET"]}}],"collection":[{"href":"https:\/\/www.numismeo.com\/wp-json\/wp\/v2\/product"}],"about":[{"href":"https:\/\/www.numismeo.com\/wp-json\/wp\/v2\/types\/product"}],"wp:featuredmedia":[{"embeddable":true,"href":"https:\/\/www.numismeo.com\/wp-json\/wp\/v2\/media\/28700"}],"wp:attachment":[{"href":"https:\/\/www.numismeo.com\/wp-json\/wp\/v2\/media?parent=28699"}],"wp:term":[{"taxonomy":"product_brand","embeddable":true,"href":"https:\/\/www.numismeo.com\/wp-json\/wp\/v2\/product_brand?post=28699"},{"taxonomy":"product_cat","embeddable":true,"href":"https:\/\/www.numismeo.com\/wp-json\/wp\/v2\/product_cat?post=28699"},{"taxonomy":"product_tag","embeddable":true,"href":"https:\/\/www.numismeo.com\/wp-json\/wp\/v2\/product_tag?post=28699"}],"curies":[{"name":"wp","href":"https:\/\/api.w.org\/{rel}","templated":true}]}}