{"id":29016,"date":"2023-03-17T11:37:14","date_gmt":"2023-03-17T10:37:14","guid":{"rendered":"https:\/\/www.numismeo.com\/?post_type=product&#038;p=29016"},"modified":"2025-12-31T10:05:49","modified_gmt":"2025-12-31T09:05:49","slug":"dombes-gaston-ecu-1652-trevoux","status":"publish","type":"product","link":"https:\/\/www.numismeo.com\/en\/boutique\/francaises\/feodales\/dombes-gaston-ecu-1652-trevoux\/","title":{"rendered":"Dombes Gaston AR ecu 1652 Trevoux mint"},"content":{"rendered":"Pedigree : Kunker auction 190 21 June 2011 lot 4472\r\n\r\nStruck by <a href=\"https:\/\/en.wikipedia.org\/wiki\/Anne_Marie_Louise_d%27Orl\u00e9ans,_Duchess_of_Montpensier\" target=\"_blank\" rel=\"noopener\">Anne Marie Louise d'Orleans<\/a> in honor of her father. Particularly interesting for its portrayal of Gaston in a very similar guise to King Louis XIII, Gaston's brother, in an effort to help facilitate their circulation.","protected":false},"excerpt":{"rendered":"<p>Pedigree : Kunker auction 190 21 June 2011 lot 4472 Struck by Anne Marie Louise d&#8217;Orleans in honor of her [&hellip;]<\/p>\n","protected":false},"featured_media":29019,"template":"","meta":{"_acf_changed":false,"site-sidebar-layout":"default","site-content-layout":"","ast-site-content-layout":"default","site-content-style":"default","site-sidebar-style":"default","ast-global-header-display":"","ast-banner-title-visibility":"","ast-main-header-display":"","ast-hfb-above-header-display":"","ast-hfb-below-header-display":"","ast-hfb-mobile-header-display":"","site-post-title":"","ast-breadcrumbs-content":"","ast-featured-img":"","footer-sml-layout":"","ast-disable-related-posts":"","theme-transparent-header-meta":"","adv-header-id-meta":"","stick-header-meta":"","header-above-stick-meta":"","header-main-stick-meta":"","header-below-stick-meta":"","astra-migrate-meta-layouts":"default","ast-page-background-enabled":"default","ast-page-background-meta":{"desktop":{"background-color":"var(--ast-global-color-5)","background-image":"","background-repeat":"repeat","background-position":"center center","background-size":"auto","background-attachment":"scroll","background-type":"","background-media":"","overlay-type":"","overlay-color":"","overlay-opacity":"","overlay-gradient":""},"tablet":{"background-color":"","background-image":"","background-repeat":"repeat","background-position":"center center","background-size":"auto","background-attachment":"scroll","background-type":"","background-media":"","overlay-type":"","overlay-color":"","overlay-opacity":"","overlay-gradient":""},"mobile":{"background-color":"","background-image":"","background-repeat":"repeat","background-position":"center center","background-size":"auto","background-attachment":"scroll","background-type":"","background-media":"","overlay-type":"","overlay-color":"","overlay-opacity":"","overlay-gradient":""}},"ast-content-background-meta":{"desktop":{"background-color":"var(--ast-global-color-4)","background-image":"","background-repeat":"repeat","background-position":"center center","background-size":"auto","background-attachment":"scroll","background-type":"","background-media":"","overlay-type":"","overlay-color":"","overlay-opacity":"","overlay-gradient":""},"tablet":{"background-color":"var(--ast-global-color-4)","background-image":"","background-repeat":"repeat","background-position":"center center","background-size":"auto","background-attachment":"scroll","background-type":"","background-media":"","overlay-type":"","overlay-color":"","overlay-opacity":"","overlay-gradient":""},"mobile":{"background-color":"var(--ast-global-color-4)","background-image":"","background-repeat":"repeat","background-position":"center center","background-size":"auto","background-attachment":"scroll","background-type":"","background-media":"","overlay-type":"","overlay-color":"","overlay-opacity":"","overlay-gradient":""}}},"product_brand":[],"product_cat":[143,93],"product_tag":[],"class_list":{"0":"post-29016","1":"product","2":"type-product","3":"status-publish","4":"has-post-thumbnail","6":"product_cat-feodales","7":"product_cat-francaises","8":"pa_anneefrappe1-23-1652","9":"pa_atelier-trevoux","10":"pa_gradage-non","11":"pa_metal-b5-argent","12":"pa_provenance-oui","13":"pa_qualite-89-ttb_","14":"pa_region-dombes","15":"personnage-gaston-dorleans","16":"desktop-align-left","17":"tablet-align-left","18":"mobile-align-left","20":"first","21":"instock","22":"sold-individually","23":"shipping-taxable","24":"purchasable","25":"product-type-simple"},"acf":[],"yoast_head":"<!-- This site is optimized with the Yoast SEO plugin v27.3 - https:\/\/yoast.com\/product\/yoast-seo-wordpress\/ -->\n<title>Dombes Gaston AR ecu 1652 Trevoux mint<\/title>\n<meta name=\"description\" content=\"Very rare Dombes shield struck in 1652 in Trevoux by Gaston d&#039;Orl\u00e9ans, brother of Louis XIII. Bust of Gaston laurelled and draped to the right on the...\" \/>\n<meta name=\"robots\" content=\"index, follow, max-snippet:-1, max-image-preview:large, max-video-preview:-1\" \/>\n<link rel=\"canonical\" href=\"https:\/\/www.numismeo.com\/en\/boutique\/francaises\/feodales\/dombes-gaston-ecu-1652-trevoux\/\" \/>\n<meta property=\"og:locale\" content=\"en_US\" \/>\n<meta property=\"og:type\" content=\"article\" \/>\n<meta property=\"og:title\" content=\"Dombes Gaston AR ecu 1652 Trevoux mint\" \/>\n<meta property=\"og:description\" content=\"Very rare Dombes shield struck in 1652 in Trevoux by Gaston d&#039;Orl\u00e9ans, brother of Louis XIII. Bust of Gaston laurelled and draped to the right on the...\" \/>\n<meta property=\"og:url\" content=\"https:\/\/www.numismeo.com\/en\/boutique\/francaises\/feodales\/dombes-gaston-ecu-1652-trevoux\/\" \/>\n<meta property=\"og:site_name\" content=\"Numismeo\" \/>\n<meta property=\"article:publisher\" content=\"https:\/\/www.facebook.com\/numismeo\" \/>\n<meta property=\"article:modified_time\" content=\"2025-12-31T09:05:49+00:00\" \/>\n<meta property=\"og:image\" content=\"https:\/\/www.numismeo.com\/wp-content\/uploads\/2023\/03\/Feo-DombesGastonEcu1652-Divo180-1.jpg\" \/>\n\t<meta property=\"og:image:width\" content=\"1591\" \/>\n\t<meta property=\"og:image:height\" content=\"1591\" \/>\n\t<meta property=\"og:image:type\" content=\"image\/jpeg\" \/>\n<meta name=\"twitter:card\" content=\"summary_large_image\" \/>\n<meta name=\"twitter:label1\" content=\"Est. reading time\" \/>\n\t<meta name=\"twitter:data1\" content=\"1 minute\" \/>\n<script type=\"application\/ld+json\" class=\"yoast-schema-graph\">{\"@context\":\"https:\\\/\\\/schema.org\",\"@graph\":[{\"@type\":\"WebPage\",\"@id\":\"https:\\\/\\\/www.numismeo.com\\\/en\\\/boutique\\\/francaises\\\/feodales\\\/dombes-gaston-ecu-1652-trevoux\\\/\",\"url\":\"https:\\\/\\\/www.numismeo.com\\\/en\\\/boutique\\\/francaises\\\/feodales\\\/dombes-gaston-ecu-1652-trevoux\\\/\",\"name\":\"Dombes Gaston \u00e9cu 1652 Trevoux - Numismeo\",\"isPartOf\":{\"@id\":\"https:\\\/\\\/www.numismeo.com\\\/#website\"},\"primaryImageOfPage\":{\"@id\":\"https:\\\/\\\/www.numismeo.com\\\/boutique\\\/francaises\\\/feodales\\\/dombes-gaston-ecu-1652-trevoux\\\/#primaryimage\"},\"image\":{\"@id\":\"https:\\\/\\\/www.numismeo.com\\\/boutique\\\/francaises\\\/feodales\\\/dombes-gaston-ecu-1652-trevoux\\\/#primaryimage\"},\"thumbnailUrl\":\"https:\\\/\\\/www.numismeo.com\\\/wp-content\\\/uploads\\\/2023\\\/03\\\/Feo-DombesGastonEcu1652-Divo180-1.jpg\",\"datePublished\":\"2023-03-17T10:37:14+00:00\",\"dateModified\":\"2025-12-31T09:05:49+00:00\",\"description\":\"Tr\u00e8s rare \u00e9cu des Dombes frapp\u00e9 en 1652 \u00e0 Trevoux par Gaston d'Orl\u00e9ans fr\u00e8re de Louis XIII. Buste de Gaston laur\u00e9 et drap\u00e9 \u00e0 droite \u00e0 l'avers\",\"breadcrumb\":{\"@id\":\"https:\\\/\\\/www.numismeo.com\\\/boutique\\\/francaises\\\/feodales\\\/dombes-gaston-ecu-1652-trevoux\\\/#breadcrumb\"},\"inLanguage\":\"en-US\",\"potentialAction\":[{\"@type\":\"ReadAction\",\"target\":[\"https:\\\/\\\/www.numismeo.com\\\/boutique\\\/francaises\\\/feodales\\\/dombes-gaston-ecu-1652-trevoux\\\/\"]}]},{\"@type\":\"ImageObject\",\"inLanguage\":\"en-US\",\"@id\":\"https:\\\/\\\/www.numismeo.com\\\/boutique\\\/francaises\\\/feodales\\\/dombes-gaston-ecu-1652-trevoux\\\/#primaryimage\",\"url\":\"https:\\\/\\\/www.numismeo.com\\\/wp-content\\\/uploads\\\/2023\\\/03\\\/Feo-DombesGastonEcu1652-Divo180-1.jpg\",\"contentUrl\":\"https:\\\/\\\/www.numismeo.com\\\/wp-content\\\/uploads\\\/2023\\\/03\\\/Feo-DombesGastonEcu1652-Divo180-1.jpg\",\"width\":1591,\"height\":1591,\"caption\":\"Dombes Gaston \u00e9cu 1652 Trevoux\"},{\"@type\":\"BreadcrumbList\",\"@id\":\"https:\\\/\\\/www.numismeo.com\\\/boutique\\\/francaises\\\/feodales\\\/dombes-gaston-ecu-1652-trevoux\\\/#breadcrumb\",\"itemListElement\":[{\"@type\":\"ListItem\",\"position\":1,\"name\":\"Accueil\",\"item\":\"https:\\\/\\\/www.numismeo.com\\\/\"},{\"@type\":\"ListItem\",\"position\":2,\"name\":\"BoutiqueTechnique\",\"item\":\"https:\\\/\\\/www.numismeo.com\\\/boutiquetechnique\\\/\"},{\"@type\":\"ListItem\",\"position\":3,\"name\":\"Dombes Gaston \u00e9cu 1652 Trevoux\"}]},{\"@type\":\"WebSite\",\"@id\":\"https:\\\/\\\/www.numismeo.com\\\/#website\",\"url\":\"https:\\\/\\\/www.numismeo.com\\\/\",\"name\":\"Numismeo\",\"description\":\"MAISON CREUSY fond\u00e9 en 1974\",\"publisher\":{\"@id\":\"https:\\\/\\\/www.numismeo.com\\\/#organization\"},\"alternateName\":\"Maison Creusy\",\"potentialAction\":[{\"@type\":\"SearchAction\",\"target\":{\"@type\":\"EntryPoint\",\"urlTemplate\":\"https:\\\/\\\/www.numismeo.com\\\/?s={search_term_string}\"},\"query-input\":{\"@type\":\"PropertyValueSpecification\",\"valueRequired\":true,\"valueName\":\"search_term_string\"}}],\"inLanguage\":\"en-US\"},{\"@type\":\"Organization\",\"@id\":\"https:\\\/\\\/www.numismeo.com\\\/#organization\",\"name\":\"Maison Creusy\",\"alternateName\":\"Maison Creusy\",\"url\":\"https:\\\/\\\/www.numismeo.com\\\/\",\"logo\":{\"@type\":\"ImageObject\",\"inLanguage\":\"en-US\",\"@id\":\"https:\\\/\\\/www.numismeo.com\\\/#\\\/schema\\\/logo\\\/image\\\/\",\"url\":\"https:\\\/\\\/www.numismeo.com\\\/wp-content\\\/uploads\\\/2022\\\/09\\\/LogoPetit.jpg\",\"contentUrl\":\"https:\\\/\\\/www.numismeo.com\\\/wp-content\\\/uploads\\\/2022\\\/09\\\/LogoPetit.jpg\",\"width\":164,\"height\":164,\"caption\":\"Maison Creusy\"},\"image\":{\"@id\":\"https:\\\/\\\/www.numismeo.com\\\/#\\\/schema\\\/logo\\\/image\\\/\"},\"sameAs\":[\"https:\\\/\\\/www.facebook.com\\\/numismeo\"]}]}<\/script>\n<!-- \/ Yoast SEO plugin. -->","yoast_head_json":{"title":"Dombes Gaston AR ecu 1652 Trevoux mint","description":"Very rare Dombes shield struck in 1652 in Trevoux by Gaston d'Orl\u00e9ans, brother of Louis XIII. Bust of Gaston laurelled and draped to the right on the...","robots":{"index":"index","follow":"follow","max-snippet":"max-snippet:-1","max-image-preview":"max-image-preview:large","max-video-preview":"max-video-preview:-1"},"canonical":"https:\/\/www.numismeo.com\/en\/boutique\/francaises\/feodales\/dombes-gaston-ecu-1652-trevoux\/","og_locale":"en_US","og_type":"article","og_title":"Dombes Gaston AR ecu 1652 Trevoux mint","og_description":"Very rare Dombes shield struck in 1652 in Trevoux by Gaston d'Orl\u00e9ans, brother of Louis XIII. Bust of Gaston laurelled and draped to the right on the...","og_url":"https:\/\/www.numismeo.com\/en\/boutique\/francaises\/feodales\/dombes-gaston-ecu-1652-trevoux\/","og_site_name":"Numismeo","article_publisher":"https:\/\/www.facebook.com\/numismeo","article_modified_time":"2025-12-31T09:05:49+00:00","og_image":[{"width":1591,"height":1591,"url":"https:\/\/www.numismeo.com\/wp-content\/uploads\/2023\/03\/Feo-DombesGastonEcu1652-Divo180-1.jpg","type":"image\/jpeg"}],"twitter_card":"summary_large_image","twitter_misc":{"Est. reading time":"1 minute"},"schema":{"@context":"https:\/\/schema.org","@graph":[{"@type":"WebPage","@id":"https:\/\/www.numismeo.com\/en\/boutique\/francaises\/feodales\/dombes-gaston-ecu-1652-trevoux\/","url":"https:\/\/www.numismeo.com\/en\/boutique\/francaises\/feodales\/dombes-gaston-ecu-1652-trevoux\/","name":"Dombes Gaston \u00e9cu 1652 Trevoux - Numismeo","isPartOf":{"@id":"https:\/\/www.numismeo.com\/#website"},"primaryImageOfPage":{"@id":"https:\/\/www.numismeo.com\/boutique\/francaises\/feodales\/dombes-gaston-ecu-1652-trevoux\/#primaryimage"},"image":{"@id":"https:\/\/www.numismeo.com\/boutique\/francaises\/feodales\/dombes-gaston-ecu-1652-trevoux\/#primaryimage"},"thumbnailUrl":"https:\/\/www.numismeo.com\/wp-content\/uploads\/2023\/03\/Feo-DombesGastonEcu1652-Divo180-1.jpg","datePublished":"2023-03-17T10:37:14+00:00","dateModified":"2025-12-31T09:05:49+00:00","description":"Tr\u00e8s rare \u00e9cu des Dombes frapp\u00e9 en 1652 \u00e0 Trevoux par Gaston d'Orl\u00e9ans fr\u00e8re de Louis XIII. Buste de Gaston laur\u00e9 et drap\u00e9 \u00e0 droite \u00e0 l'avers","breadcrumb":{"@id":"https:\/\/www.numismeo.com\/boutique\/francaises\/feodales\/dombes-gaston-ecu-1652-trevoux\/#breadcrumb"},"inLanguage":"en-US","potentialAction":[{"@type":"ReadAction","target":["https:\/\/www.numismeo.com\/boutique\/francaises\/feodales\/dombes-gaston-ecu-1652-trevoux\/"]}]},{"@type":"ImageObject","inLanguage":"en-US","@id":"https:\/\/www.numismeo.com\/boutique\/francaises\/feodales\/dombes-gaston-ecu-1652-trevoux\/#primaryimage","url":"https:\/\/www.numismeo.com\/wp-content\/uploads\/2023\/03\/Feo-DombesGastonEcu1652-Divo180-1.jpg","contentUrl":"https:\/\/www.numismeo.com\/wp-content\/uploads\/2023\/03\/Feo-DombesGastonEcu1652-Divo180-1.jpg","width":1591,"height":1591,"caption":"Dombes Gaston \u00e9cu 1652 Trevoux"},{"@type":"BreadcrumbList","@id":"https:\/\/www.numismeo.com\/boutique\/francaises\/feodales\/dombes-gaston-ecu-1652-trevoux\/#breadcrumb","itemListElement":[{"@type":"ListItem","position":1,"name":"Accueil","item":"https:\/\/www.numismeo.com\/"},{"@type":"ListItem","position":2,"name":"BoutiqueTechnique","item":"https:\/\/www.numismeo.com\/boutiquetechnique\/"},{"@type":"ListItem","position":3,"name":"Dombes Gaston \u00e9cu 1652 Trevoux"}]},{"@type":"WebSite","@id":"https:\/\/www.numismeo.com\/#website","url":"https:\/\/www.numismeo.com\/","name":"Numismeo","description":"MAISON CREUSY fond\u00e9 en 1974","publisher":{"@id":"https:\/\/www.numismeo.com\/#organization"},"alternateName":"Maison Creusy","potentialAction":[{"@type":"SearchAction","target":{"@type":"EntryPoint","urlTemplate":"https:\/\/www.numismeo.com\/?s={search_term_string}"},"query-input":{"@type":"PropertyValueSpecification","valueRequired":true,"valueName":"search_term_string"}}],"inLanguage":"en-US"},{"@type":"Organization","@id":"https:\/\/www.numismeo.com\/#organization","name":"Maison Creusy","alternateName":"Maison Creusy","url":"https:\/\/www.numismeo.com\/","logo":{"@type":"ImageObject","inLanguage":"en-US","@id":"https:\/\/www.numismeo.com\/#\/schema\/logo\/image\/","url":"https:\/\/www.numismeo.com\/wp-content\/uploads\/2022\/09\/LogoPetit.jpg","contentUrl":"https:\/\/www.numismeo.com\/wp-content\/uploads\/2022\/09\/LogoPetit.jpg","width":164,"height":164,"caption":"Maison Creusy"},"image":{"@id":"https:\/\/www.numismeo.com\/#\/schema\/logo\/image\/"},"sameAs":["https:\/\/www.facebook.com\/numismeo"]}]}},"_links":{"self":[{"href":"https:\/\/www.numismeo.com\/wp-json\/wp\/v2\/product\/29016","targetHints":{"allow":["GET"]}}],"collection":[{"href":"https:\/\/www.numismeo.com\/wp-json\/wp\/v2\/product"}],"about":[{"href":"https:\/\/www.numismeo.com\/wp-json\/wp\/v2\/types\/product"}],"wp:featuredmedia":[{"embeddable":true,"href":"https:\/\/www.numismeo.com\/wp-json\/wp\/v2\/media\/29019"}],"wp:attachment":[{"href":"https:\/\/www.numismeo.com\/wp-json\/wp\/v2\/media?parent=29016"}],"wp:term":[{"taxonomy":"product_brand","embeddable":true,"href":"https:\/\/www.numismeo.com\/wp-json\/wp\/v2\/product_brand?post=29016"},{"taxonomy":"product_cat","embeddable":true,"href":"https:\/\/www.numismeo.com\/wp-json\/wp\/v2\/product_cat?post=29016"},{"taxonomy":"product_tag","embeddable":true,"href":"https:\/\/www.numismeo.com\/wp-json\/wp\/v2\/product_tag?post=29016"}],"curies":[{"name":"wp","href":"https:\/\/api.w.org\/{rel}","templated":true}]}}