{"id":31837,"date":"2023-09-06T10:05:30","date_gmt":"2023-09-06T08:05:30","guid":{"rendered":"https:\/\/www.numismeo.com\/?post_type=product&#038;p=31837"},"modified":"2025-12-31T10:05:19","modified_gmt":"2025-12-31T09:05:19","slug":"orange-guillaume-henri-de-nassau-1-12-ecu-1665","status":"publish","type":"product","link":"https:\/\/www.numismeo.com\/en\/boutique\/francaises\/feodales\/orange-guillaume-henri-de-nassau-1-12-ecu-1665\/","title":{"rendered":"Orange William III of Nassau 1\/12 \u00e9cu 1665"},"content":{"rendered":"<p>Monnaie f\u00e9odale pour la principaut\u00e9 d&#8217;Orange, superbe douzi\u00e8me d&#8217;\u00e9cu en argent frapp\u00e9 en 1665 par Guillaume III d&#8217;Orange Nassau.<\/p>\n<p class=\"p1\">Guillaume-Henri de Nassau, prince d\u2019Orange, courageux chef militaire, il joua un r\u00f4le cl\u00e9 dans la lutte contre la France de Louis XIV. Son habilet\u00e9 diplomatique le mena aussi \u00e0 devenir roi d\u2019Angleterre sous le nom de Guillaume III. Il incarna l\u2019union des Provinces-Unies et de l\u2019Angleterre contre l\u2019absolutisme.<\/p>\n","protected":false},"excerpt":{"rendered":"<p>Monnaie f\u00e9odale pour la principaut\u00e9 d&#8217;Orange, superbe douzi\u00e8me d&#8217;\u00e9cu en argent frapp\u00e9 en 1665 par Guillaume III d&#8217;Orange Nassau. Guillaume-Henri [&hellip;]<\/p>\n","protected":false},"featured_media":31840,"template":"","meta":{"_acf_changed":false,"site-sidebar-layout":"default","site-content-layout":"","ast-site-content-layout":"default","site-content-style":"default","site-sidebar-style":"default","ast-global-header-display":"","ast-banner-title-visibility":"","ast-main-header-display":"","ast-hfb-above-header-display":"","ast-hfb-below-header-display":"","ast-hfb-mobile-header-display":"","site-post-title":"","ast-breadcrumbs-content":"","ast-featured-img":"","footer-sml-layout":"","ast-disable-related-posts":"","theme-transparent-header-meta":"","adv-header-id-meta":"","stick-header-meta":"","header-above-stick-meta":"","header-main-stick-meta":"","header-below-stick-meta":"","astra-migrate-meta-layouts":"default","ast-page-background-enabled":"default","ast-page-background-meta":{"desktop":{"background-color":"var(--ast-global-color-5)","background-image":"","background-repeat":"repeat","background-position":"center center","background-size":"auto","background-attachment":"scroll","background-type":"","background-media":"","overlay-type":"","overlay-color":"","overlay-opacity":"","overlay-gradient":""},"tablet":{"background-color":"","background-image":"","background-repeat":"repeat","background-position":"center center","background-size":"auto","background-attachment":"scroll","background-type":"","background-media":"","overlay-type":"","overlay-color":"","overlay-opacity":"","overlay-gradient":""},"mobile":{"background-color":"","background-image":"","background-repeat":"repeat","background-position":"center center","background-size":"auto","background-attachment":"scroll","background-type":"","background-media":"","overlay-type":"","overlay-color":"","overlay-opacity":"","overlay-gradient":""}},"ast-content-background-meta":{"desktop":{"background-color":"var(--ast-global-color-4)","background-image":"","background-repeat":"repeat","background-position":"center center","background-size":"auto","background-attachment":"scroll","background-type":"","background-media":"","overlay-type":"","overlay-color":"","overlay-opacity":"","overlay-gradient":""},"tablet":{"background-color":"var(--ast-global-color-4)","background-image":"","background-repeat":"repeat","background-position":"center center","background-size":"auto","background-attachment":"scroll","background-type":"","background-media":"","overlay-type":"","overlay-color":"","overlay-opacity":"","overlay-gradient":""},"mobile":{"background-color":"var(--ast-global-color-4)","background-image":"","background-repeat":"repeat","background-position":"center center","background-size":"auto","background-attachment":"scroll","background-type":"","background-media":"","overlay-type":"","overlay-color":"","overlay-opacity":"","overlay-gradient":""}}},"product_brand":[],"product_cat":[143,93],"product_tag":[],"class_list":{"0":"post-31837","1":"product","2":"type-product","3":"status-publish","4":"has-post-thumbnail","6":"product_cat-feodales","7":"product_cat-francaises","8":"pa_anneefrappe1-13908","9":"pa_atelier-1a-orange","10":"pa_gradage-non","11":"pa_metal-b5-argent","12":"pa_provenance-non","13":"pa_qualite-59-sup","14":"personnage-guillaume-iii-dorange","15":"desktop-align-left","16":"tablet-align-left","17":"mobile-align-left","19":"first","20":"instock","21":"sold-individually","22":"shipping-taxable","23":"purchasable","24":"product-type-simple"},"acf":[],"yoast_head":"<!-- This site is optimized with the Yoast SEO plugin v27.4 - https:\/\/yoast.com\/product\/yoast-seo-wordpress\/ -->\n<title>Orange William III of Nassau 1\/12 \u00e9cu 1665<\/title>\n<meta name=\"description\" content=\"Feudal coinage for the principality of Orange, a superb silver twelfth of an ecu struck in 1665 by William III of Orange Nassau.\" \/>\n<meta name=\"robots\" content=\"index, follow, max-snippet:-1, max-image-preview:large, max-video-preview:-1\" \/>\n<link rel=\"canonical\" href=\"https:\/\/www.numismeo.com\/en\/boutique\/francaises\/feodales\/orange-guillaume-henri-de-nassau-1-12-ecu-1665\/\" \/>\n<meta property=\"og:locale\" content=\"en_US\" \/>\n<meta property=\"og:type\" content=\"article\" \/>\n<meta property=\"og:title\" content=\"Orange William III of Nassau 1\/12 \u00e9cu 1665\" \/>\n<meta property=\"og:description\" content=\"Feudal coinage for the principality of Orange, a superb silver twelfth of an ecu struck in 1665 by William III of Orange Nassau.\" \/>\n<meta property=\"og:url\" content=\"https:\/\/www.numismeo.com\/en\/boutique\/francaises\/feodales\/orange-guillaume-henri-de-nassau-1-12-ecu-1665\/\" \/>\n<meta property=\"og:site_name\" content=\"Numismeo\" \/>\n<meta property=\"article:publisher\" content=\"https:\/\/www.facebook.com\/numismeo\" \/>\n<meta property=\"article:modified_time\" content=\"2025-12-31T09:05:19+00:00\" \/>\n<meta property=\"og:image\" content=\"https:\/\/www.numismeo.com\/wp-content\/uploads\/2023\/09\/Feo-OrangeGuillaumeHenriDouziemeEcu1665-1.jpg\" \/>\n\t<meta property=\"og:image:width\" content=\"1139\" \/>\n\t<meta property=\"og:image:height\" content=\"1139\" \/>\n\t<meta property=\"og:image:type\" content=\"image\/jpeg\" \/>\n<meta name=\"twitter:card\" content=\"summary_large_image\" \/>\n<meta name=\"twitter:label1\" content=\"Est. reading time\" \/>\n\t<meta name=\"twitter:data1\" content=\"1 minute\" \/>\n<script type=\"application\/ld+json\" class=\"yoast-schema-graph\">{\"@context\":\"https:\\\/\\\/schema.org\",\"@graph\":[{\"@type\":\"WebPage\",\"@id\":\"https:\\\/\\\/www.numismeo.com\\\/en\\\/boutique\\\/francaises\\\/feodales\\\/orange-guillaume-henri-de-nassau-1-12-ecu-1665\\\/\",\"url\":\"https:\\\/\\\/www.numismeo.com\\\/en\\\/boutique\\\/francaises\\\/feodales\\\/orange-guillaume-henri-de-nassau-1-12-ecu-1665\\\/\",\"name\":\"Orange Guillaume Henri de Nassau 1\\\/12 \u00e9cu 1665 - Numismeo\",\"isPartOf\":{\"@id\":\"https:\\\/\\\/www.numismeo.com\\\/#website\"},\"primaryImageOfPage\":{\"@id\":\"https:\\\/\\\/www.numismeo.com\\\/boutique\\\/francaises\\\/feodales\\\/orange-guillaume-henri-de-nassau-1-12-ecu-1665\\\/#primaryimage\"},\"image\":{\"@id\":\"https:\\\/\\\/www.numismeo.com\\\/boutique\\\/francaises\\\/feodales\\\/orange-guillaume-henri-de-nassau-1-12-ecu-1665\\\/#primaryimage\"},\"thumbnailUrl\":\"https:\\\/\\\/www.numismeo.com\\\/wp-content\\\/uploads\\\/2023\\\/09\\\/Feo-OrangeGuillaumeHenriDouziemeEcu1665-1.jpg\",\"datePublished\":\"2023-09-06T08:05:30+00:00\",\"dateModified\":\"2025-12-31T09:05:19+00:00\",\"description\":\"Monnaie f\u00e9odale pour la principaut\u00e9 d'Orange, superbe douzi\u00e8me d'\u00e9cu en argent frapp\u00e9 en 1665 par Guillaume III d'Orange Nassau.\",\"breadcrumb\":{\"@id\":\"https:\\\/\\\/www.numismeo.com\\\/boutique\\\/francaises\\\/feodales\\\/orange-guillaume-henri-de-nassau-1-12-ecu-1665\\\/#breadcrumb\"},\"inLanguage\":\"en-US\",\"potentialAction\":[{\"@type\":\"ReadAction\",\"target\":[\"https:\\\/\\\/www.numismeo.com\\\/boutique\\\/francaises\\\/feodales\\\/orange-guillaume-henri-de-nassau-1-12-ecu-1665\\\/\"]}]},{\"@type\":\"ImageObject\",\"inLanguage\":\"en-US\",\"@id\":\"https:\\\/\\\/www.numismeo.com\\\/boutique\\\/francaises\\\/feodales\\\/orange-guillaume-henri-de-nassau-1-12-ecu-1665\\\/#primaryimage\",\"url\":\"https:\\\/\\\/www.numismeo.com\\\/wp-content\\\/uploads\\\/2023\\\/09\\\/Feo-OrangeGuillaumeHenriDouziemeEcu1665-1.jpg\",\"contentUrl\":\"https:\\\/\\\/www.numismeo.com\\\/wp-content\\\/uploads\\\/2023\\\/09\\\/Feo-OrangeGuillaumeHenriDouziemeEcu1665-1.jpg\",\"width\":1139,\"height\":1139,\"caption\":\"Orange Guillaume Henri de Nassau 1\\\/12 \u00e9cu 1665\"},{\"@type\":\"BreadcrumbList\",\"@id\":\"https:\\\/\\\/www.numismeo.com\\\/boutique\\\/francaises\\\/feodales\\\/orange-guillaume-henri-de-nassau-1-12-ecu-1665\\\/#breadcrumb\",\"itemListElement\":[{\"@type\":\"ListItem\",\"position\":1,\"name\":\"Accueil\",\"item\":\"https:\\\/\\\/www.numismeo.com\\\/\"},{\"@type\":\"ListItem\",\"position\":2,\"name\":\"BoutiqueTechnique\",\"item\":\"https:\\\/\\\/www.numismeo.com\\\/boutiquetechnique\\\/\"},{\"@type\":\"ListItem\",\"position\":3,\"name\":\"Orange Guillaume Henri de Nassau 1\\\/12 \u00e9cu 1665\"}]},{\"@type\":\"WebSite\",\"@id\":\"https:\\\/\\\/www.numismeo.com\\\/#website\",\"url\":\"https:\\\/\\\/www.numismeo.com\\\/\",\"name\":\"Numismeo\",\"description\":\"MAISON CREUSY fond\u00e9 en 1974\",\"publisher\":{\"@id\":\"https:\\\/\\\/www.numismeo.com\\\/#organization\"},\"alternateName\":\"Maison Creusy\",\"potentialAction\":[{\"@type\":\"SearchAction\",\"target\":{\"@type\":\"EntryPoint\",\"urlTemplate\":\"https:\\\/\\\/www.numismeo.com\\\/?s={search_term_string}\"},\"query-input\":{\"@type\":\"PropertyValueSpecification\",\"valueRequired\":true,\"valueName\":\"search_term_string\"}}],\"inLanguage\":\"en-US\"},{\"@type\":\"Organization\",\"@id\":\"https:\\\/\\\/www.numismeo.com\\\/#organization\",\"name\":\"Maison Creusy\",\"alternateName\":\"Maison Creusy\",\"url\":\"https:\\\/\\\/www.numismeo.com\\\/\",\"logo\":{\"@type\":\"ImageObject\",\"inLanguage\":\"en-US\",\"@id\":\"https:\\\/\\\/www.numismeo.com\\\/#\\\/schema\\\/logo\\\/image\\\/\",\"url\":\"https:\\\/\\\/www.numismeo.com\\\/wp-content\\\/uploads\\\/2022\\\/09\\\/LogoPetit.jpg\",\"contentUrl\":\"https:\\\/\\\/www.numismeo.com\\\/wp-content\\\/uploads\\\/2022\\\/09\\\/LogoPetit.jpg\",\"width\":164,\"height\":164,\"caption\":\"Maison Creusy\"},\"image\":{\"@id\":\"https:\\\/\\\/www.numismeo.com\\\/#\\\/schema\\\/logo\\\/image\\\/\"},\"sameAs\":[\"https:\\\/\\\/www.facebook.com\\\/numismeo\"]}]}<\/script>\n<!-- \/ Yoast SEO plugin. -->","yoast_head_json":{"title":"Orange William III of Nassau 1\/12 \u00e9cu 1665","description":"Feudal coinage for the principality of Orange, a superb silver twelfth of an ecu struck in 1665 by William III of Orange Nassau.","robots":{"index":"index","follow":"follow","max-snippet":"max-snippet:-1","max-image-preview":"max-image-preview:large","max-video-preview":"max-video-preview:-1"},"canonical":"https:\/\/www.numismeo.com\/en\/boutique\/francaises\/feodales\/orange-guillaume-henri-de-nassau-1-12-ecu-1665\/","og_locale":"en_US","og_type":"article","og_title":"Orange William III of Nassau 1\/12 \u00e9cu 1665","og_description":"Feudal coinage for the principality of Orange, a superb silver twelfth of an ecu struck in 1665 by William III of Orange Nassau.","og_url":"https:\/\/www.numismeo.com\/en\/boutique\/francaises\/feodales\/orange-guillaume-henri-de-nassau-1-12-ecu-1665\/","og_site_name":"Numismeo","article_publisher":"https:\/\/www.facebook.com\/numismeo","article_modified_time":"2025-12-31T09:05:19+00:00","og_image":[{"width":1139,"height":1139,"url":"https:\/\/www.numismeo.com\/wp-content\/uploads\/2023\/09\/Feo-OrangeGuillaumeHenriDouziemeEcu1665-1.jpg","type":"image\/jpeg"}],"twitter_card":"summary_large_image","twitter_misc":{"Est. reading time":"1 minute"},"schema":{"@context":"https:\/\/schema.org","@graph":[{"@type":"WebPage","@id":"https:\/\/www.numismeo.com\/en\/boutique\/francaises\/feodales\/orange-guillaume-henri-de-nassau-1-12-ecu-1665\/","url":"https:\/\/www.numismeo.com\/en\/boutique\/francaises\/feodales\/orange-guillaume-henri-de-nassau-1-12-ecu-1665\/","name":"Orange Guillaume Henri de Nassau 1\/12 \u00e9cu 1665 - Numismeo","isPartOf":{"@id":"https:\/\/www.numismeo.com\/#website"},"primaryImageOfPage":{"@id":"https:\/\/www.numismeo.com\/boutique\/francaises\/feodales\/orange-guillaume-henri-de-nassau-1-12-ecu-1665\/#primaryimage"},"image":{"@id":"https:\/\/www.numismeo.com\/boutique\/francaises\/feodales\/orange-guillaume-henri-de-nassau-1-12-ecu-1665\/#primaryimage"},"thumbnailUrl":"https:\/\/www.numismeo.com\/wp-content\/uploads\/2023\/09\/Feo-OrangeGuillaumeHenriDouziemeEcu1665-1.jpg","datePublished":"2023-09-06T08:05:30+00:00","dateModified":"2025-12-31T09:05:19+00:00","description":"Monnaie f\u00e9odale pour la principaut\u00e9 d'Orange, superbe douzi\u00e8me d'\u00e9cu en argent frapp\u00e9 en 1665 par Guillaume III d'Orange Nassau.","breadcrumb":{"@id":"https:\/\/www.numismeo.com\/boutique\/francaises\/feodales\/orange-guillaume-henri-de-nassau-1-12-ecu-1665\/#breadcrumb"},"inLanguage":"en-US","potentialAction":[{"@type":"ReadAction","target":["https:\/\/www.numismeo.com\/boutique\/francaises\/feodales\/orange-guillaume-henri-de-nassau-1-12-ecu-1665\/"]}]},{"@type":"ImageObject","inLanguage":"en-US","@id":"https:\/\/www.numismeo.com\/boutique\/francaises\/feodales\/orange-guillaume-henri-de-nassau-1-12-ecu-1665\/#primaryimage","url":"https:\/\/www.numismeo.com\/wp-content\/uploads\/2023\/09\/Feo-OrangeGuillaumeHenriDouziemeEcu1665-1.jpg","contentUrl":"https:\/\/www.numismeo.com\/wp-content\/uploads\/2023\/09\/Feo-OrangeGuillaumeHenriDouziemeEcu1665-1.jpg","width":1139,"height":1139,"caption":"Orange Guillaume Henri de Nassau 1\/12 \u00e9cu 1665"},{"@type":"BreadcrumbList","@id":"https:\/\/www.numismeo.com\/boutique\/francaises\/feodales\/orange-guillaume-henri-de-nassau-1-12-ecu-1665\/#breadcrumb","itemListElement":[{"@type":"ListItem","position":1,"name":"Accueil","item":"https:\/\/www.numismeo.com\/"},{"@type":"ListItem","position":2,"name":"BoutiqueTechnique","item":"https:\/\/www.numismeo.com\/boutiquetechnique\/"},{"@type":"ListItem","position":3,"name":"Orange Guillaume Henri de Nassau 1\/12 \u00e9cu 1665"}]},{"@type":"WebSite","@id":"https:\/\/www.numismeo.com\/#website","url":"https:\/\/www.numismeo.com\/","name":"Numismeo","description":"MAISON CREUSY fond\u00e9 en 1974","publisher":{"@id":"https:\/\/www.numismeo.com\/#organization"},"alternateName":"Maison Creusy","potentialAction":[{"@type":"SearchAction","target":{"@type":"EntryPoint","urlTemplate":"https:\/\/www.numismeo.com\/?s={search_term_string}"},"query-input":{"@type":"PropertyValueSpecification","valueRequired":true,"valueName":"search_term_string"}}],"inLanguage":"en-US"},{"@type":"Organization","@id":"https:\/\/www.numismeo.com\/#organization","name":"Maison Creusy","alternateName":"Maison Creusy","url":"https:\/\/www.numismeo.com\/","logo":{"@type":"ImageObject","inLanguage":"en-US","@id":"https:\/\/www.numismeo.com\/#\/schema\/logo\/image\/","url":"https:\/\/www.numismeo.com\/wp-content\/uploads\/2022\/09\/LogoPetit.jpg","contentUrl":"https:\/\/www.numismeo.com\/wp-content\/uploads\/2022\/09\/LogoPetit.jpg","width":164,"height":164,"caption":"Maison Creusy"},"image":{"@id":"https:\/\/www.numismeo.com\/#\/schema\/logo\/image\/"},"sameAs":["https:\/\/www.facebook.com\/numismeo"]}]}},"_links":{"self":[{"href":"https:\/\/www.numismeo.com\/wp-json\/wp\/v2\/product\/31837","targetHints":{"allow":["GET"]}}],"collection":[{"href":"https:\/\/www.numismeo.com\/wp-json\/wp\/v2\/product"}],"about":[{"href":"https:\/\/www.numismeo.com\/wp-json\/wp\/v2\/types\/product"}],"wp:featuredmedia":[{"embeddable":true,"href":"https:\/\/www.numismeo.com\/wp-json\/wp\/v2\/media\/31840"}],"wp:attachment":[{"href":"https:\/\/www.numismeo.com\/wp-json\/wp\/v2\/media?parent=31837"}],"wp:term":[{"taxonomy":"product_brand","embeddable":true,"href":"https:\/\/www.numismeo.com\/wp-json\/wp\/v2\/product_brand?post=31837"},{"taxonomy":"product_cat","embeddable":true,"href":"https:\/\/www.numismeo.com\/wp-json\/wp\/v2\/product_cat?post=31837"},{"taxonomy":"product_tag","embeddable":true,"href":"https:\/\/www.numismeo.com\/wp-json\/wp\/v2\/product_tag?post=31837"}],"curies":[{"name":"wp","href":"https:\/\/api.w.org\/{rel}","templated":true}]}}