{"id":32047,"date":"2023-09-15T11:20:17","date_gmt":"2023-09-15T09:20:17","guid":{"rendered":"https:\/\/www.numismeo.com\/?post_type=product&#038;p=32047"},"modified":"2025-12-31T10:05:16","modified_gmt":"2025-12-31T09:05:16","slug":"bruttium-caulonia-statere-circa-500-480-avjc","status":"publish","type":"product","link":"https:\/\/www.numismeo.com\/en\/boutique\/antiques\/grecques\/bruttium-caulonia-statere-circa-500-480-avjc\/","title":{"rendered":"Bruttium Kaulonia AR stater c.500-480 BC"},"content":{"rendered":"<p>Type archa\u00efque avec revers incus, stat\u00e8re repr\u00e9sentant Apollon avan\u00e7ant \u00e0 droite brandissant une branche de laurier \u00a0un cerf sous bras et un g\u00e9nie sur le bras. L\u00e9gende retrograde KAVLO derriere Apollon.<\/p>\n","protected":false},"excerpt":{"rendered":"<p>Type archa\u00efque avec revers incus, stat\u00e8re repr\u00e9sentant Apollon avan\u00e7ant \u00e0 droite brandissant une branche de laurier \u00a0un cerf sous bras [&hellip;]<\/p>\n","protected":false},"featured_media":32037,"template":"","meta":{"_acf_changed":false,"site-sidebar-layout":"default","site-content-layout":"","ast-site-content-layout":"default","site-content-style":"default","site-sidebar-style":"default","ast-global-header-display":"","ast-banner-title-visibility":"","ast-main-header-display":"","ast-hfb-above-header-display":"","ast-hfb-below-header-display":"","ast-hfb-mobile-header-display":"","site-post-title":"","ast-breadcrumbs-content":"","ast-featured-img":"","footer-sml-layout":"","ast-disable-related-posts":"","theme-transparent-header-meta":"","adv-header-id-meta":"","stick-header-meta":"","header-above-stick-meta":"","header-main-stick-meta":"","header-below-stick-meta":"","astra-migrate-meta-layouts":"default","ast-page-background-enabled":"default","ast-page-background-meta":{"desktop":{"background-color":"var(--ast-global-color-5)","background-image":"","background-repeat":"repeat","background-position":"center center","background-size":"auto","background-attachment":"scroll","background-type":"","background-media":"","overlay-type":"","overlay-color":"","overlay-opacity":"","overlay-gradient":""},"tablet":{"background-color":"","background-image":"","background-repeat":"repeat","background-position":"center center","background-size":"auto","background-attachment":"scroll","background-type":"","background-media":"","overlay-type":"","overlay-color":"","overlay-opacity":"","overlay-gradient":""},"mobile":{"background-color":"","background-image":"","background-repeat":"repeat","background-position":"center center","background-size":"auto","background-attachment":"scroll","background-type":"","background-media":"","overlay-type":"","overlay-color":"","overlay-opacity":"","overlay-gradient":""}},"ast-content-background-meta":{"desktop":{"background-color":"var(--ast-global-color-4)","background-image":"","background-repeat":"repeat","background-position":"center center","background-size":"auto","background-attachment":"scroll","background-type":"","background-media":"","overlay-type":"","overlay-color":"","overlay-opacity":"","overlay-gradient":""},"tablet":{"background-color":"var(--ast-global-color-4)","background-image":"","background-repeat":"repeat","background-position":"center center","background-size":"auto","background-attachment":"scroll","background-type":"","background-media":"","overlay-type":"","overlay-color":"","overlay-opacity":"","overlay-gradient":""},"mobile":{"background-color":"var(--ast-global-color-4)","background-image":"","background-repeat":"repeat","background-position":"center center","background-size":"auto","background-attachment":"scroll","background-type":"","background-media":"","overlay-type":"","overlay-color":"","overlay-opacity":"","overlay-gradient":""}}},"product_brand":[],"product_cat":[91,121],"product_tag":[],"class_list":{"0":"post-32047","1":"product","2":"type-product","3":"status-publish","4":"has-post-thumbnail","6":"product_cat-antiques","7":"product_cat-grecques","8":"pa_anneefrappe1-circa-500-480-avjc","9":"pa_atelier-47-caulonia","10":"pa_gradage-non","11":"pa_metal-b5-argent","12":"pa_provenance-non","13":"pa_qualite-ngc-vf","14":"pa_region-e0-bruttium","15":"desktop-align-left","16":"tablet-align-left","17":"mobile-align-left","19":"first","20":"instock","21":"sold-individually","22":"shipping-taxable","23":"purchasable","24":"product-type-simple"},"acf":[],"yoast_head":"<!-- This site is optimized with the Yoast SEO plugin v27.6 - https:\/\/yoast.com\/product\/yoast-seo-wordpress\/ -->\n<title>Bruttium Kaulonia AR stater c.500-480 BC<\/title>\n<meta name=\"description\" content=\"Archaic type with incus reverse, stat\u00e8re representing Apollo on the right brandishing a laurel branch, a stag under his arm and a genie on his arm.\" \/>\n<meta name=\"robots\" content=\"index, follow, max-snippet:-1, max-image-preview:large, max-video-preview:-1\" \/>\n<link rel=\"canonical\" href=\"https:\/\/www.numismeo.com\/en\/boutique\/antiques\/grecques\/bruttium-caulonia-statere-circa-500-480-avjc\/\" \/>\n<meta property=\"og:locale\" content=\"en_US\" \/>\n<meta property=\"og:type\" content=\"article\" \/>\n<meta property=\"og:title\" content=\"Bruttium Kaulonia AR stater c.500-480 BC\" \/>\n<meta property=\"og:description\" content=\"Archaic type with incus reverse, stat\u00e8re representing Apollo on the right brandishing a laurel branch, a stag under his arm and a genie on his arm.\" \/>\n<meta property=\"og:url\" content=\"https:\/\/www.numismeo.com\/en\/boutique\/antiques\/grecques\/bruttium-caulonia-statere-circa-500-480-avjc\/\" \/>\n<meta property=\"og:site_name\" content=\"Numismeo\" \/>\n<meta property=\"article:publisher\" content=\"https:\/\/www.facebook.com\/numismeo\" \/>\n<meta property=\"article:modified_time\" content=\"2025-12-31T09:05:16+00:00\" \/>\n<meta property=\"og:image\" content=\"https:\/\/www.numismeo.com\/wp-content\/uploads\/2023\/09\/Grec-BruttiumCauloniaStater-VF-1.jpg\" \/>\n\t<meta property=\"og:image:width\" content=\"1267\" \/>\n\t<meta property=\"og:image:height\" content=\"1806\" \/>\n\t<meta property=\"og:image:type\" content=\"image\/jpeg\" \/>\n<meta name=\"twitter:card\" content=\"summary_large_image\" \/>\n<meta name=\"twitter:label1\" content=\"Est. reading time\" \/>\n\t<meta name=\"twitter:data1\" content=\"1 minute\" \/>\n<script type=\"application\/ld+json\" class=\"yoast-schema-graph\">{\"@context\":\"https:\\\/\\\/schema.org\",\"@graph\":[{\"@type\":\"WebPage\",\"@id\":\"https:\\\/\\\/www.numismeo.com\\\/en\\\/boutique\\\/antiques\\\/grecques\\\/bruttium-caulonia-statere-circa-500-480-avjc\\\/\",\"url\":\"https:\\\/\\\/www.numismeo.com\\\/en\\\/boutique\\\/antiques\\\/grecques\\\/bruttium-caulonia-statere-circa-500-480-avjc\\\/\",\"name\":\"Bruttium Kaulonia AR stater c.500-480 BC\",\"isPartOf\":{\"@id\":\"https:\\\/\\\/www.numismeo.com\\\/en\\\/#website\"},\"primaryImageOfPage\":{\"@id\":\"https:\\\/\\\/www.numismeo.com\\\/en\\\/boutique\\\/antiques\\\/grecques\\\/bruttium-caulonia-statere-circa-500-480-avjc\\\/#primaryimage\"},\"image\":{\"@id\":\"https:\\\/\\\/www.numismeo.com\\\/en\\\/boutique\\\/antiques\\\/grecques\\\/bruttium-caulonia-statere-circa-500-480-avjc\\\/#primaryimage\"},\"thumbnailUrl\":\"https:\\\/\\\/www.numismeo.com\\\/wp-content\\\/uploads\\\/2023\\\/09\\\/Grec-BruttiumCauloniaStater-VF-1.jpg\",\"datePublished\":\"2023-09-15T09:20:17+00:00\",\"dateModified\":\"2025-12-31T09:05:16+00:00\",\"description\":\"Archaic type with incus reverse, stat\u00e8re representing Apollo on the right brandishing a laurel branch, a stag under his arm and a genie on his arm.\",\"breadcrumb\":{\"@id\":\"https:\\\/\\\/www.numismeo.com\\\/en\\\/boutique\\\/antiques\\\/grecques\\\/bruttium-caulonia-statere-circa-500-480-avjc\\\/#breadcrumb\"},\"inLanguage\":\"en-US\",\"potentialAction\":[{\"@type\":\"ReadAction\",\"target\":[\"https:\\\/\\\/www.numismeo.com\\\/en\\\/boutique\\\/antiques\\\/grecques\\\/bruttium-caulonia-statere-circa-500-480-avjc\\\/\"]}]},{\"@type\":\"ImageObject\",\"inLanguage\":\"en-US\",\"@id\":\"https:\\\/\\\/www.numismeo.com\\\/en\\\/boutique\\\/antiques\\\/grecques\\\/bruttium-caulonia-statere-circa-500-480-avjc\\\/#primaryimage\",\"url\":\"https:\\\/\\\/www.numismeo.com\\\/wp-content\\\/uploads\\\/2023\\\/09\\\/Grec-BruttiumCauloniaStater-VF-1.jpg\",\"contentUrl\":\"https:\\\/\\\/www.numismeo.com\\\/wp-content\\\/uploads\\\/2023\\\/09\\\/Grec-BruttiumCauloniaStater-VF-1.jpg\",\"width\":1267,\"height\":1806},{\"@type\":\"BreadcrumbList\",\"@id\":\"https:\\\/\\\/www.numismeo.com\\\/en\\\/boutique\\\/antiques\\\/grecques\\\/bruttium-caulonia-statere-circa-500-480-avjc\\\/#breadcrumb\",\"itemListElement\":[{\"@type\":\"ListItem\",\"position\":1,\"name\":\"Accueil\",\"item\":\"https:\\\/\\\/www.numismeo.com\\\/en\\\/\"},{\"@type\":\"ListItem\",\"position\":2,\"name\":\"BoutiqueTechnique\",\"item\":\"https:\\\/\\\/www.numismeo.com\\\/en\\\/boutiquetechnique\\\/\"},{\"@type\":\"ListItem\",\"position\":3,\"name\":\"Bruttium Caulonia stat\u00e8re circa 500-480 avJC\"}]},{\"@type\":\"WebSite\",\"@id\":\"https:\\\/\\\/www.numismeo.com\\\/en\\\/#website\",\"url\":\"https:\\\/\\\/www.numismeo.com\\\/en\\\/\",\"name\":\"Numismeo\",\"description\":\"MAISON CREUSY fond\u00e9 en 1974\",\"publisher\":{\"@id\":\"https:\\\/\\\/www.numismeo.com\\\/en\\\/#organization\"},\"alternateName\":\"Maison Creusy\",\"potentialAction\":[{\"@type\":\"SearchAction\",\"target\":{\"@type\":\"EntryPoint\",\"urlTemplate\":\"https:\\\/\\\/www.numismeo.com\\\/en\\\/?s=%7Bsearch_term_string%7D\"},\"query-input\":{\"@type\":\"PropertyValueSpecification\",\"valueRequired\":true,\"valueName\":\"search_term_string\"}}],\"inLanguage\":\"en-US\"},{\"@type\":\"Organization\",\"@id\":\"https:\\\/\\\/www.numismeo.com\\\/en\\\/#organization\",\"name\":\"Maison Creusy\",\"alternateName\":\"Maison Creusy\",\"url\":\"https:\\\/\\\/www.numismeo.com\\\/en\\\/\",\"logo\":{\"@type\":\"ImageObject\",\"inLanguage\":\"en-US\",\"@id\":\"https:\\\/\\\/www.numismeo.com\\\/en\\\/#\\\/schema\\\/logo\\\/image\\\/\",\"url\":\"https:\\\/\\\/www.numismeo.com\\\/wp-content\\\/uploads\\\/2022\\\/09\\\/LogoPetit.jpg\",\"contentUrl\":\"https:\\\/\\\/www.numismeo.com\\\/wp-content\\\/uploads\\\/2022\\\/09\\\/LogoPetit.jpg\",\"width\":164,\"height\":164,\"caption\":\"Maison Creusy\"},\"image\":{\"@id\":\"https:\\\/\\\/www.numismeo.com\\\/en\\\/#\\\/schema\\\/logo\\\/image\\\/\"},\"sameAs\":[\"https:\\\/\\\/www.facebook.com\\\/numismeo\"]}]}<\/script>\n<!-- \/ Yoast SEO plugin. -->","yoast_head_json":{"title":"Bruttium Kaulonia AR stater c.500-480 BC","description":"Archaic type with incus reverse, stat\u00e8re representing Apollo on the right brandishing a laurel branch, a stag under his arm and a genie on his arm.","robots":{"index":"index","follow":"follow","max-snippet":"max-snippet:-1","max-image-preview":"max-image-preview:large","max-video-preview":"max-video-preview:-1"},"canonical":"https:\/\/www.numismeo.com\/en\/boutique\/antiques\/grecques\/bruttium-caulonia-statere-circa-500-480-avjc\/","og_locale":"en_US","og_type":"article","og_title":"Bruttium Kaulonia AR stater c.500-480 BC","og_description":"Archaic type with incus reverse, stat\u00e8re representing Apollo on the right brandishing a laurel branch, a stag under his arm and a genie on his arm.","og_url":"https:\/\/www.numismeo.com\/en\/boutique\/antiques\/grecques\/bruttium-caulonia-statere-circa-500-480-avjc\/","og_site_name":"Numismeo","article_publisher":"https:\/\/www.facebook.com\/numismeo","article_modified_time":"2025-12-31T09:05:16+00:00","og_image":[{"width":1267,"height":1806,"url":"https:\/\/www.numismeo.com\/wp-content\/uploads\/2023\/09\/Grec-BruttiumCauloniaStater-VF-1.jpg","type":"image\/jpeg"}],"twitter_card":"summary_large_image","twitter_misc":{"Est. reading time":"1 minute"},"schema":{"@context":"https:\/\/schema.org","@graph":[{"@type":"WebPage","@id":"https:\/\/www.numismeo.com\/en\/boutique\/antiques\/grecques\/bruttium-caulonia-statere-circa-500-480-avjc\/","url":"https:\/\/www.numismeo.com\/en\/boutique\/antiques\/grecques\/bruttium-caulonia-statere-circa-500-480-avjc\/","name":"Bruttium Kaulonia AR stater c.500-480 BC","isPartOf":{"@id":"https:\/\/www.numismeo.com\/en\/#website"},"primaryImageOfPage":{"@id":"https:\/\/www.numismeo.com\/en\/boutique\/antiques\/grecques\/bruttium-caulonia-statere-circa-500-480-avjc\/#primaryimage"},"image":{"@id":"https:\/\/www.numismeo.com\/en\/boutique\/antiques\/grecques\/bruttium-caulonia-statere-circa-500-480-avjc\/#primaryimage"},"thumbnailUrl":"https:\/\/www.numismeo.com\/wp-content\/uploads\/2023\/09\/Grec-BruttiumCauloniaStater-VF-1.jpg","datePublished":"2023-09-15T09:20:17+00:00","dateModified":"2025-12-31T09:05:16+00:00","description":"Archaic type with incus reverse, stat\u00e8re representing Apollo on the right brandishing a laurel branch, a stag under his arm and a genie on his arm.","breadcrumb":{"@id":"https:\/\/www.numismeo.com\/en\/boutique\/antiques\/grecques\/bruttium-caulonia-statere-circa-500-480-avjc\/#breadcrumb"},"inLanguage":"en-US","potentialAction":[{"@type":"ReadAction","target":["https:\/\/www.numismeo.com\/en\/boutique\/antiques\/grecques\/bruttium-caulonia-statere-circa-500-480-avjc\/"]}]},{"@type":"ImageObject","inLanguage":"en-US","@id":"https:\/\/www.numismeo.com\/en\/boutique\/antiques\/grecques\/bruttium-caulonia-statere-circa-500-480-avjc\/#primaryimage","url":"https:\/\/www.numismeo.com\/wp-content\/uploads\/2023\/09\/Grec-BruttiumCauloniaStater-VF-1.jpg","contentUrl":"https:\/\/www.numismeo.com\/wp-content\/uploads\/2023\/09\/Grec-BruttiumCauloniaStater-VF-1.jpg","width":1267,"height":1806},{"@type":"BreadcrumbList","@id":"https:\/\/www.numismeo.com\/en\/boutique\/antiques\/grecques\/bruttium-caulonia-statere-circa-500-480-avjc\/#breadcrumb","itemListElement":[{"@type":"ListItem","position":1,"name":"Accueil","item":"https:\/\/www.numismeo.com\/en\/"},{"@type":"ListItem","position":2,"name":"BoutiqueTechnique","item":"https:\/\/www.numismeo.com\/en\/boutiquetechnique\/"},{"@type":"ListItem","position":3,"name":"Bruttium Caulonia stat\u00e8re circa 500-480 avJC"}]},{"@type":"WebSite","@id":"https:\/\/www.numismeo.com\/en\/#website","url":"https:\/\/www.numismeo.com\/en\/","name":"Numismeo","description":"MAISON CREUSY fond\u00e9 en 1974","publisher":{"@id":"https:\/\/www.numismeo.com\/en\/#organization"},"alternateName":"Maison Creusy","potentialAction":[{"@type":"SearchAction","target":{"@type":"EntryPoint","urlTemplate":"https:\/\/www.numismeo.com\/en\/?s=%7Bsearch_term_string%7D"},"query-input":{"@type":"PropertyValueSpecification","valueRequired":true,"valueName":"search_term_string"}}],"inLanguage":"en-US"},{"@type":"Organization","@id":"https:\/\/www.numismeo.com\/en\/#organization","name":"Maison Creusy","alternateName":"Maison Creusy","url":"https:\/\/www.numismeo.com\/en\/","logo":{"@type":"ImageObject","inLanguage":"en-US","@id":"https:\/\/www.numismeo.com\/en\/#\/schema\/logo\/image\/","url":"https:\/\/www.numismeo.com\/wp-content\/uploads\/2022\/09\/LogoPetit.jpg","contentUrl":"https:\/\/www.numismeo.com\/wp-content\/uploads\/2022\/09\/LogoPetit.jpg","width":164,"height":164,"caption":"Maison Creusy"},"image":{"@id":"https:\/\/www.numismeo.com\/en\/#\/schema\/logo\/image\/"},"sameAs":["https:\/\/www.facebook.com\/numismeo"]}]}},"_links":{"self":[{"href":"https:\/\/www.numismeo.com\/wp-json\/wp\/v2\/product\/32047","targetHints":{"allow":["GET"]}}],"collection":[{"href":"https:\/\/www.numismeo.com\/wp-json\/wp\/v2\/product"}],"about":[{"href":"https:\/\/www.numismeo.com\/wp-json\/wp\/v2\/types\/product"}],"wp:featuredmedia":[{"embeddable":true,"href":"https:\/\/www.numismeo.com\/wp-json\/wp\/v2\/media\/32037"}],"wp:attachment":[{"href":"https:\/\/www.numismeo.com\/wp-json\/wp\/v2\/media?parent=32047"}],"wp:term":[{"taxonomy":"product_brand","embeddable":true,"href":"https:\/\/www.numismeo.com\/wp-json\/wp\/v2\/product_brand?post=32047"},{"taxonomy":"product_cat","embeddable":true,"href":"https:\/\/www.numismeo.com\/wp-json\/wp\/v2\/product_cat?post=32047"},{"taxonomy":"product_tag","embeddable":true,"href":"https:\/\/www.numismeo.com\/wp-json\/wp\/v2\/product_tag?post=32047"}],"curies":[{"name":"wp","href":"https:\/\/api.w.org\/{rel}","templated":true}]}}