{"id":32867,"date":"2023-11-02T16:26:56","date_gmt":"2023-11-02T14:26:56","guid":{"rendered":"https:\/\/www.numismeo.com\/?post_type=product&#038;p=32867"},"modified":"2026-01-14T14:49:10","modified_gmt":"2026-01-14T13:49:10","slug":"bourgogne-jeton-fin-de-la-fronde-1653","status":"publish","type":"product","link":"https:\/\/www.numismeo.com\/en\/boutique\/medailles-et-jetons\/jetons-et-mereaux\/bourgogne-jeton-fin-de-la-fronde-1653\/","title":{"rendered":"Burgundy AR Token end of The Fronde"},"content":{"rendered":"\"<a href=\"https:\/\/en.wikipedia.org\/wiki\/The_Fronde\" target=\"_blank\" rel=\"noopener\">The Fronde<\/a>\" was a series of political and social conflicts that took place in France in the mid-17th century, between 1648 and 1653. It was characterized by turmoil, revolts, and armed conflicts involving various factions of French society, including the nobility, the parliament, the bourgeoisie, and the royal authority.","protected":false},"excerpt":{"rendered":"<p>&#8220;The Fronde&#8221; was a series of political and social conflicts that took place in France in the mid-17th century, between [&hellip;]<\/p>\n","protected":false},"featured_media":32870,"template":"","meta":{"_acf_changed":false,"site-sidebar-layout":"default","site-content-layout":"","ast-site-content-layout":"default","site-content-style":"default","site-sidebar-style":"default","ast-global-header-display":"","ast-banner-title-visibility":"","ast-main-header-display":"","ast-hfb-above-header-display":"","ast-hfb-below-header-display":"","ast-hfb-mobile-header-display":"","site-post-title":"","ast-breadcrumbs-content":"","ast-featured-img":"","footer-sml-layout":"","ast-disable-related-posts":"","theme-transparent-header-meta":"","adv-header-id-meta":"","stick-header-meta":"","header-above-stick-meta":"","header-main-stick-meta":"","header-below-stick-meta":"","astra-migrate-meta-layouts":"default","ast-page-background-enabled":"default","ast-page-background-meta":{"desktop":{"background-color":"var(--ast-global-color-5)","background-image":"","background-repeat":"repeat","background-position":"center center","background-size":"auto","background-attachment":"scroll","background-type":"","background-media":"","overlay-type":"","overlay-color":"","overlay-opacity":"","overlay-gradient":""},"tablet":{"background-color":"","background-image":"","background-repeat":"repeat","background-position":"center center","background-size":"auto","background-attachment":"scroll","background-type":"","background-media":"","overlay-type":"","overlay-color":"","overlay-opacity":"","overlay-gradient":""},"mobile":{"background-color":"","background-image":"","background-repeat":"repeat","background-position":"center center","background-size":"auto","background-attachment":"scroll","background-type":"","background-media":"","overlay-type":"","overlay-color":"","overlay-opacity":"","overlay-gradient":""}},"ast-content-background-meta":{"desktop":{"background-color":"var(--ast-global-color-4)","background-image":"","background-repeat":"repeat","background-position":"center center","background-size":"auto","background-attachment":"scroll","background-type":"","background-media":"","overlay-type":"","overlay-color":"","overlay-opacity":"","overlay-gradient":""},"tablet":{"background-color":"var(--ast-global-color-4)","background-image":"","background-repeat":"repeat","background-position":"center center","background-size":"auto","background-attachment":"scroll","background-type":"","background-media":"","overlay-type":"","overlay-color":"","overlay-opacity":"","overlay-gradient":""},"mobile":{"background-color":"var(--ast-global-color-4)","background-image":"","background-repeat":"repeat","background-position":"center center","background-size":"auto","background-attachment":"scroll","background-type":"","background-media":"","overlay-type":"","overlay-color":"","overlay-opacity":"","overlay-gradient":""}}},"product_brand":[],"product_cat":[125,97],"product_tag":[],"class_list":{"0":"post-32867","1":"product","2":"type-product","3":"status-publish","4":"has-post-thumbnail","6":"product_cat-jetons-et-mereaux","7":"product_cat-medailles-et-jetons","8":"pa_anneefrappe1-54-1653","9":"pa_gradage-non","10":"pa_metal-b5-argent","11":"pa_provenance-non","12":"pa_qualite-60-ttb","13":"personnage-louis-xiv","14":"desktop-align-left","15":"tablet-align-left","16":"mobile-align-left","18":"first","19":"instock","20":"sold-individually","21":"shipping-taxable","22":"purchasable","23":"product-type-simple"},"acf":[],"yoast_head":"<!-- This site is optimized with the Yoast SEO plugin v27.3 - https:\/\/yoast.com\/product\/yoast-seo-wordpress\/ -->\n<title>Burgundy AR Token end of The Fronde<\/title>\n<meta name=\"description\" content=\"Rare silver token of the States of Burgundy struck in 1653 for the end of the Fronde. Allegory of Burgundy presenting a crown to the king\" \/>\n<meta name=\"robots\" content=\"index, follow, max-snippet:-1, max-image-preview:large, max-video-preview:-1\" \/>\n<link rel=\"canonical\" href=\"https:\/\/www.numismeo.com\/en\/boutique\/medailles-et-jetons\/jetons-et-mereaux\/bourgogne-jeton-fin-de-la-fronde-1653\/\" \/>\n<meta property=\"og:locale\" content=\"en_US\" \/>\n<meta property=\"og:type\" content=\"article\" \/>\n<meta property=\"og:title\" content=\"Burgundy AR Token end of The Fronde\" \/>\n<meta property=\"og:description\" content=\"Rare silver token of the States of Burgundy struck in 1653 for the end of the Fronde. Allegory of Burgundy presenting a crown to the king\" \/>\n<meta property=\"og:url\" content=\"https:\/\/www.numismeo.com\/en\/boutique\/medailles-et-jetons\/jetons-et-mereaux\/bourgogne-jeton-fin-de-la-fronde-1653\/\" \/>\n<meta property=\"og:site_name\" content=\"Numismeo\" \/>\n<meta property=\"article:publisher\" content=\"https:\/\/www.facebook.com\/numismeo\" \/>\n<meta property=\"article:modified_time\" content=\"2026-01-14T13:49:10+00:00\" \/>\n<meta property=\"og:image\" content=\"https:\/\/www.numismeo.com\/wp-content\/uploads\/2023\/11\/Jeton-Bourgogne1653ARg-Fe9796-1.jpg\" \/>\n\t<meta property=\"og:image:width\" content=\"1595\" \/>\n\t<meta property=\"og:image:height\" content=\"1595\" \/>\n\t<meta property=\"og:image:type\" content=\"image\/jpeg\" \/>\n<meta name=\"twitter:card\" content=\"summary_large_image\" \/>\n<meta name=\"twitter:label1\" content=\"Est. reading time\" \/>\n\t<meta name=\"twitter:data1\" content=\"1 minute\" \/>\n<script type=\"application\/ld+json\" class=\"yoast-schema-graph\">{\"@context\":\"https:\\\/\\\/schema.org\",\"@graph\":[{\"@type\":\"WebPage\",\"@id\":\"https:\\\/\\\/www.numismeo.com\\\/en\\\/boutique\\\/medailles-et-jetons\\\/jetons-et-mereaux\\\/bourgogne-jeton-fin-de-la-fronde-1653\\\/\",\"url\":\"https:\\\/\\\/www.numismeo.com\\\/en\\\/boutique\\\/medailles-et-jetons\\\/jetons-et-mereaux\\\/bourgogne-jeton-fin-de-la-fronde-1653\\\/\",\"name\":\"Bourgogne jeton fin de la fronde 1653 - Numismeo\",\"isPartOf\":{\"@id\":\"https:\\\/\\\/www.numismeo.com\\\/#website\"},\"primaryImageOfPage\":{\"@id\":\"https:\\\/\\\/www.numismeo.com\\\/boutique\\\/medailles-et-jetons\\\/jetons-et-mereaux\\\/bourgogne-jeton-fin-de-la-fronde-1653\\\/#primaryimage\"},\"image\":{\"@id\":\"https:\\\/\\\/www.numismeo.com\\\/boutique\\\/medailles-et-jetons\\\/jetons-et-mereaux\\\/bourgogne-jeton-fin-de-la-fronde-1653\\\/#primaryimage\"},\"thumbnailUrl\":\"https:\\\/\\\/www.numismeo.com\\\/wp-content\\\/uploads\\\/2023\\\/11\\\/Jeton-Bourgogne1653ARg-Fe9796-2.jpg\",\"datePublished\":\"2023-11-02T14:26:56+00:00\",\"dateModified\":\"2026-01-14T13:49:10+00:00\",\"description\":\"Rare jeton en argent des \u00e9tats de Bourgognes frapp\u00e9 en 1653 pour la fin de la Fronde. All\u00e9gorie de la Bourgogne remettant une couronne au roi\",\"breadcrumb\":{\"@id\":\"https:\\\/\\\/www.numismeo.com\\\/boutique\\\/medailles-et-jetons\\\/jetons-et-mereaux\\\/bourgogne-jeton-fin-de-la-fronde-1653\\\/#breadcrumb\"},\"inLanguage\":\"en-US\",\"potentialAction\":[{\"@type\":\"ReadAction\",\"target\":[\"https:\\\/\\\/www.numismeo.com\\\/boutique\\\/medailles-et-jetons\\\/jetons-et-mereaux\\\/bourgogne-jeton-fin-de-la-fronde-1653\\\/\"]}]},{\"@type\":\"ImageObject\",\"inLanguage\":\"en-US\",\"@id\":\"https:\\\/\\\/www.numismeo.com\\\/boutique\\\/medailles-et-jetons\\\/jetons-et-mereaux\\\/bourgogne-jeton-fin-de-la-fronde-1653\\\/#primaryimage\",\"url\":\"https:\\\/\\\/www.numismeo.com\\\/wp-content\\\/uploads\\\/2023\\\/11\\\/Jeton-Bourgogne1653ARg-Fe9796-2.jpg\",\"contentUrl\":\"https:\\\/\\\/www.numismeo.com\\\/wp-content\\\/uploads\\\/2023\\\/11\\\/Jeton-Bourgogne1653ARg-Fe9796-2.jpg\",\"width\":1595,\"height\":1595},{\"@type\":\"BreadcrumbList\",\"@id\":\"https:\\\/\\\/www.numismeo.com\\\/boutique\\\/medailles-et-jetons\\\/jetons-et-mereaux\\\/bourgogne-jeton-fin-de-la-fronde-1653\\\/#breadcrumb\",\"itemListElement\":[{\"@type\":\"ListItem\",\"position\":1,\"name\":\"Accueil\",\"item\":\"https:\\\/\\\/www.numismeo.com\\\/\"},{\"@type\":\"ListItem\",\"position\":2,\"name\":\"BoutiqueTechnique\",\"item\":\"https:\\\/\\\/www.numismeo.com\\\/boutiquetechnique\\\/\"},{\"@type\":\"ListItem\",\"position\":3,\"name\":\"Bourgogne jeton fin de la fronde 1653\"}]},{\"@type\":\"WebSite\",\"@id\":\"https:\\\/\\\/www.numismeo.com\\\/#website\",\"url\":\"https:\\\/\\\/www.numismeo.com\\\/\",\"name\":\"Numismeo\",\"description\":\"MAISON CREUSY fond\u00e9 en 1974\",\"publisher\":{\"@id\":\"https:\\\/\\\/www.numismeo.com\\\/#organization\"},\"alternateName\":\"Maison Creusy\",\"potentialAction\":[{\"@type\":\"SearchAction\",\"target\":{\"@type\":\"EntryPoint\",\"urlTemplate\":\"https:\\\/\\\/www.numismeo.com\\\/?s={search_term_string}\"},\"query-input\":{\"@type\":\"PropertyValueSpecification\",\"valueRequired\":true,\"valueName\":\"search_term_string\"}}],\"inLanguage\":\"en-US\"},{\"@type\":\"Organization\",\"@id\":\"https:\\\/\\\/www.numismeo.com\\\/#organization\",\"name\":\"Maison Creusy\",\"alternateName\":\"Maison Creusy\",\"url\":\"https:\\\/\\\/www.numismeo.com\\\/\",\"logo\":{\"@type\":\"ImageObject\",\"inLanguage\":\"en-US\",\"@id\":\"https:\\\/\\\/www.numismeo.com\\\/#\\\/schema\\\/logo\\\/image\\\/\",\"url\":\"https:\\\/\\\/www.numismeo.com\\\/wp-content\\\/uploads\\\/2022\\\/09\\\/LogoPetit.jpg\",\"contentUrl\":\"https:\\\/\\\/www.numismeo.com\\\/wp-content\\\/uploads\\\/2022\\\/09\\\/LogoPetit.jpg\",\"width\":164,\"height\":164,\"caption\":\"Maison Creusy\"},\"image\":{\"@id\":\"https:\\\/\\\/www.numismeo.com\\\/#\\\/schema\\\/logo\\\/image\\\/\"},\"sameAs\":[\"https:\\\/\\\/www.facebook.com\\\/numismeo\"]}]}<\/script>\n<!-- \/ Yoast SEO plugin. -->","yoast_head_json":{"title":"Burgundy AR Token end of The Fronde","description":"Rare silver token of the States of Burgundy struck in 1653 for the end of the Fronde. Allegory of Burgundy presenting a crown to the king","robots":{"index":"index","follow":"follow","max-snippet":"max-snippet:-1","max-image-preview":"max-image-preview:large","max-video-preview":"max-video-preview:-1"},"canonical":"https:\/\/www.numismeo.com\/en\/boutique\/medailles-et-jetons\/jetons-et-mereaux\/bourgogne-jeton-fin-de-la-fronde-1653\/","og_locale":"en_US","og_type":"article","og_title":"Burgundy AR Token end of The Fronde","og_description":"Rare silver token of the States of Burgundy struck in 1653 for the end of the Fronde. Allegory of Burgundy presenting a crown to the king","og_url":"https:\/\/www.numismeo.com\/en\/boutique\/medailles-et-jetons\/jetons-et-mereaux\/bourgogne-jeton-fin-de-la-fronde-1653\/","og_site_name":"Numismeo","article_publisher":"https:\/\/www.facebook.com\/numismeo","article_modified_time":"2026-01-14T13:49:10+00:00","og_image":[{"width":1595,"height":1595,"url":"https:\/\/www.numismeo.com\/wp-content\/uploads\/2023\/11\/Jeton-Bourgogne1653ARg-Fe9796-1.jpg","type":"image\/jpeg"}],"twitter_card":"summary_large_image","twitter_misc":{"Est. reading time":"1 minute"},"schema":{"@context":"https:\/\/schema.org","@graph":[{"@type":"WebPage","@id":"https:\/\/www.numismeo.com\/en\/boutique\/medailles-et-jetons\/jetons-et-mereaux\/bourgogne-jeton-fin-de-la-fronde-1653\/","url":"https:\/\/www.numismeo.com\/en\/boutique\/medailles-et-jetons\/jetons-et-mereaux\/bourgogne-jeton-fin-de-la-fronde-1653\/","name":"Bourgogne jeton fin de la fronde 1653 - Numismeo","isPartOf":{"@id":"https:\/\/www.numismeo.com\/#website"},"primaryImageOfPage":{"@id":"https:\/\/www.numismeo.com\/boutique\/medailles-et-jetons\/jetons-et-mereaux\/bourgogne-jeton-fin-de-la-fronde-1653\/#primaryimage"},"image":{"@id":"https:\/\/www.numismeo.com\/boutique\/medailles-et-jetons\/jetons-et-mereaux\/bourgogne-jeton-fin-de-la-fronde-1653\/#primaryimage"},"thumbnailUrl":"https:\/\/www.numismeo.com\/wp-content\/uploads\/2023\/11\/Jeton-Bourgogne1653ARg-Fe9796-2.jpg","datePublished":"2023-11-02T14:26:56+00:00","dateModified":"2026-01-14T13:49:10+00:00","description":"Rare jeton en argent des \u00e9tats de Bourgognes frapp\u00e9 en 1653 pour la fin de la Fronde. All\u00e9gorie de la Bourgogne remettant une couronne au roi","breadcrumb":{"@id":"https:\/\/www.numismeo.com\/boutique\/medailles-et-jetons\/jetons-et-mereaux\/bourgogne-jeton-fin-de-la-fronde-1653\/#breadcrumb"},"inLanguage":"en-US","potentialAction":[{"@type":"ReadAction","target":["https:\/\/www.numismeo.com\/boutique\/medailles-et-jetons\/jetons-et-mereaux\/bourgogne-jeton-fin-de-la-fronde-1653\/"]}]},{"@type":"ImageObject","inLanguage":"en-US","@id":"https:\/\/www.numismeo.com\/boutique\/medailles-et-jetons\/jetons-et-mereaux\/bourgogne-jeton-fin-de-la-fronde-1653\/#primaryimage","url":"https:\/\/www.numismeo.com\/wp-content\/uploads\/2023\/11\/Jeton-Bourgogne1653ARg-Fe9796-2.jpg","contentUrl":"https:\/\/www.numismeo.com\/wp-content\/uploads\/2023\/11\/Jeton-Bourgogne1653ARg-Fe9796-2.jpg","width":1595,"height":1595},{"@type":"BreadcrumbList","@id":"https:\/\/www.numismeo.com\/boutique\/medailles-et-jetons\/jetons-et-mereaux\/bourgogne-jeton-fin-de-la-fronde-1653\/#breadcrumb","itemListElement":[{"@type":"ListItem","position":1,"name":"Accueil","item":"https:\/\/www.numismeo.com\/"},{"@type":"ListItem","position":2,"name":"BoutiqueTechnique","item":"https:\/\/www.numismeo.com\/boutiquetechnique\/"},{"@type":"ListItem","position":3,"name":"Bourgogne jeton fin de la fronde 1653"}]},{"@type":"WebSite","@id":"https:\/\/www.numismeo.com\/#website","url":"https:\/\/www.numismeo.com\/","name":"Numismeo","description":"MAISON CREUSY fond\u00e9 en 1974","publisher":{"@id":"https:\/\/www.numismeo.com\/#organization"},"alternateName":"Maison Creusy","potentialAction":[{"@type":"SearchAction","target":{"@type":"EntryPoint","urlTemplate":"https:\/\/www.numismeo.com\/?s={search_term_string}"},"query-input":{"@type":"PropertyValueSpecification","valueRequired":true,"valueName":"search_term_string"}}],"inLanguage":"en-US"},{"@type":"Organization","@id":"https:\/\/www.numismeo.com\/#organization","name":"Maison Creusy","alternateName":"Maison Creusy","url":"https:\/\/www.numismeo.com\/","logo":{"@type":"ImageObject","inLanguage":"en-US","@id":"https:\/\/www.numismeo.com\/#\/schema\/logo\/image\/","url":"https:\/\/www.numismeo.com\/wp-content\/uploads\/2022\/09\/LogoPetit.jpg","contentUrl":"https:\/\/www.numismeo.com\/wp-content\/uploads\/2022\/09\/LogoPetit.jpg","width":164,"height":164,"caption":"Maison Creusy"},"image":{"@id":"https:\/\/www.numismeo.com\/#\/schema\/logo\/image\/"},"sameAs":["https:\/\/www.facebook.com\/numismeo"]}]}},"_links":{"self":[{"href":"https:\/\/www.numismeo.com\/wp-json\/wp\/v2\/product\/32867","targetHints":{"allow":["GET"]}}],"collection":[{"href":"https:\/\/www.numismeo.com\/wp-json\/wp\/v2\/product"}],"about":[{"href":"https:\/\/www.numismeo.com\/wp-json\/wp\/v2\/types\/product"}],"wp:featuredmedia":[{"embeddable":true,"href":"https:\/\/www.numismeo.com\/wp-json\/wp\/v2\/media\/32870"}],"wp:attachment":[{"href":"https:\/\/www.numismeo.com\/wp-json\/wp\/v2\/media?parent=32867"}],"wp:term":[{"taxonomy":"product_brand","embeddable":true,"href":"https:\/\/www.numismeo.com\/wp-json\/wp\/v2\/product_brand?post=32867"},{"taxonomy":"product_cat","embeddable":true,"href":"https:\/\/www.numismeo.com\/wp-json\/wp\/v2\/product_cat?post=32867"},{"taxonomy":"product_tag","embeddable":true,"href":"https:\/\/www.numismeo.com\/wp-json\/wp\/v2\/product_tag?post=32867"}],"curies":[{"name":"wp","href":"https:\/\/api.w.org\/{rel}","templated":true}]}}