{"id":35847,"date":"2024-05-15T13:45:57","date_gmt":"2024-05-15T11:45:57","guid":{"rendered":"https:\/\/www.numismeo.com\/?post_type=product&#038;p=35847"},"modified":"2026-01-14T15:31:00","modified_gmt":"2026-01-14T14:31:00","slug":"inde-george-vi-rupee-1944-bombay-pcgs-ms62","status":"publish","type":"product","link":"https:\/\/www.numismeo.com\/en\/boutique\/etrangeres\/asie\/inde-george-vi-rupee-1944-bombay-pcgs-ms62\/","title":{"rendered":"India George VI One Rupee 1944 Bombay PCGS MS62"},"content":{"rendered":"<a href=\"https:\/\/www.pcgseurope.com\/Cert\/17239112\" target=\"_blank\" rel=\"noopener\">Certificat PCGS<\/a>","protected":false},"excerpt":{"rendered":"<p>Certificat PCGS<\/p>\n","protected":false},"featured_media":35848,"template":"","meta":{"_acf_changed":false,"site-sidebar-layout":"default","site-content-layout":"","ast-site-content-layout":"default","site-content-style":"default","site-sidebar-style":"default","ast-global-header-display":"","ast-banner-title-visibility":"","ast-main-header-display":"","ast-hfb-above-header-display":"","ast-hfb-below-header-display":"","ast-hfb-mobile-header-display":"","site-post-title":"","ast-breadcrumbs-content":"","ast-featured-img":"","footer-sml-layout":"","ast-disable-related-posts":"","theme-transparent-header-meta":"","adv-header-id-meta":"","stick-header-meta":"","header-above-stick-meta":"","header-main-stick-meta":"","header-below-stick-meta":"","astra-migrate-meta-layouts":"default","ast-page-background-enabled":"default","ast-page-background-meta":{"desktop":{"background-color":"var(--ast-global-color-5)","background-image":"","background-repeat":"repeat","background-position":"center center","background-size":"auto","background-attachment":"scroll","background-type":"","background-media":"","overlay-type":"","overlay-color":"","overlay-opacity":"","overlay-gradient":""},"tablet":{"background-color":"","background-image":"","background-repeat":"repeat","background-position":"center center","background-size":"auto","background-attachment":"scroll","background-type":"","background-media":"","overlay-type":"","overlay-color":"","overlay-opacity":"","overlay-gradient":""},"mobile":{"background-color":"","background-image":"","background-repeat":"repeat","background-position":"center center","background-size":"auto","background-attachment":"scroll","background-type":"","background-media":"","overlay-type":"","overlay-color":"","overlay-opacity":"","overlay-gradient":""}},"ast-content-background-meta":{"desktop":{"background-color":"var(--ast-global-color-4)","background-image":"","background-repeat":"repeat","background-position":"center center","background-size":"auto","background-attachment":"scroll","background-type":"","background-media":"","overlay-type":"","overlay-color":"","overlay-opacity":"","overlay-gradient":""},"tablet":{"background-color":"var(--ast-global-color-4)","background-image":"","background-repeat":"repeat","background-position":"center center","background-size":"auto","background-attachment":"scroll","background-type":"","background-media":"","overlay-type":"","overlay-color":"","overlay-opacity":"","overlay-gradient":""},"mobile":{"background-color":"var(--ast-global-color-4)","background-image":"","background-repeat":"repeat","background-position":"center center","background-size":"auto","background-attachment":"scroll","background-type":"","background-media":"","overlay-type":"","overlay-color":"","overlay-opacity":"","overlay-gradient":""}}},"product_brand":[],"product_cat":[149,95],"product_tag":[],"class_list":{"0":"post-35847","1":"product","2":"type-product","3":"status-publish","4":"has-post-thumbnail","6":"product_cat-asie","7":"product_cat-etrangeres","8":"pa_anneefrappe1-d8-1944","9":"pa_atelier-bombay","10":"pa_gradage-oui","11":"pa_metal-b5-argent","12":"pa_pays-inde","13":"pa_provenance-non","14":"pa_qualite-ms62","15":"desktop-align-left","16":"tablet-align-left","17":"mobile-align-left","19":"first","20":"instock","21":"sold-individually","22":"shipping-taxable","23":"purchasable","24":"product-type-simple"},"acf":[],"yoast_head":"<!-- This site is optimized with the Yoast SEO plugin v27.3 - https:\/\/yoast.com\/product\/yoast-seo-wordpress\/ -->\n<title>India George VI One Rupee 1944 Bombay PCGS MS62<\/title>\n<meta name=\"description\" content=\"One Rupee of George VI emperor of the Commonwealth. Minted for India in Bombay in 1944, coin certified by PCGS MS62\" \/>\n<meta name=\"robots\" content=\"index, follow, max-snippet:-1, max-image-preview:large, max-video-preview:-1\" \/>\n<link rel=\"canonical\" href=\"https:\/\/www.numismeo.com\/en\/boutique\/etrangeres\/asie\/inde-george-vi-rupee-1944-bombay-pcgs-ms62\/\" \/>\n<meta property=\"og:locale\" content=\"en_US\" \/>\n<meta property=\"og:type\" content=\"article\" \/>\n<meta property=\"og:title\" content=\"India George VI One Rupee 1944 Bombay PCGS MS62\" \/>\n<meta property=\"og:description\" content=\"One Rupee of George VI emperor of the Commonwealth. Minted for India in Bombay in 1944, coin certified by PCGS MS62\" \/>\n<meta property=\"og:url\" content=\"https:\/\/www.numismeo.com\/en\/boutique\/etrangeres\/asie\/inde-george-vi-rupee-1944-bombay-pcgs-ms62\/\" \/>\n<meta property=\"og:site_name\" content=\"Numismeo\" \/>\n<meta property=\"article:publisher\" content=\"https:\/\/www.facebook.com\/numismeo\" \/>\n<meta property=\"article:modified_time\" content=\"2026-01-14T14:31:00+00:00\" \/>\n<meta property=\"og:image\" content=\"https:\/\/www.numismeo.com\/wp-content\/uploads\/2024\/05\/Etr-IndiaRUpee1944b-MS62-2.jpg\" \/>\n\t<meta property=\"og:image:width\" content=\"1509\" \/>\n\t<meta property=\"og:image:height\" content=\"1509\" \/>\n\t<meta property=\"og:image:type\" content=\"image\/jpeg\" \/>\n<meta name=\"twitter:card\" content=\"summary_large_image\" \/>\n<meta name=\"twitter:label1\" content=\"Est. reading time\" \/>\n\t<meta name=\"twitter:data1\" content=\"1 minute\" \/>\n<script type=\"application\/ld+json\" class=\"yoast-schema-graph\">{\"@context\":\"https:\\\/\\\/schema.org\",\"@graph\":[{\"@type\":\"WebPage\",\"@id\":\"https:\\\/\\\/www.numismeo.com\\\/en\\\/boutique\\\/etrangeres\\\/asie\\\/inde-george-vi-rupee-1944-bombay-pcgs-ms62\\\/\",\"url\":\"https:\\\/\\\/www.numismeo.com\\\/en\\\/boutique\\\/etrangeres\\\/asie\\\/inde-george-vi-rupee-1944-bombay-pcgs-ms62\\\/\",\"name\":\"Inde George VI Rupee 1944 Bombay PCGS MS62 - Numismeo\",\"isPartOf\":{\"@id\":\"https:\\\/\\\/www.numismeo.com\\\/#website\"},\"primaryImageOfPage\":{\"@id\":\"https:\\\/\\\/www.numismeo.com\\\/boutique\\\/etrangeres\\\/asie\\\/inde-george-vi-rupee-1944-bombay-pcgs-ms62\\\/#primaryimage\"},\"image\":{\"@id\":\"https:\\\/\\\/www.numismeo.com\\\/boutique\\\/etrangeres\\\/asie\\\/inde-george-vi-rupee-1944-bombay-pcgs-ms62\\\/#primaryimage\"},\"thumbnailUrl\":\"https:\\\/\\\/www.numismeo.com\\\/wp-content\\\/uploads\\\/2024\\\/05\\\/Etr-IndiaRUpee1944b-MS62-1-scaled.jpg\",\"datePublished\":\"2024-05-15T11:45:57+00:00\",\"dateModified\":\"2026-01-14T14:31:00+00:00\",\"description\":\"One Rupee de Georges VI empereur du Commonwealth. Monnaie frapp\u00e9 pour l'Indes \u00e0 Bombay en 1944, pi\u00e8ce certifi\u00e9e par PCGS MS62\",\"breadcrumb\":{\"@id\":\"https:\\\/\\\/www.numismeo.com\\\/boutique\\\/etrangeres\\\/asie\\\/inde-george-vi-rupee-1944-bombay-pcgs-ms62\\\/#breadcrumb\"},\"inLanguage\":\"en-US\",\"potentialAction\":[{\"@type\":\"ReadAction\",\"target\":[\"https:\\\/\\\/www.numismeo.com\\\/boutique\\\/etrangeres\\\/asie\\\/inde-george-vi-rupee-1944-bombay-pcgs-ms62\\\/\"]}]},{\"@type\":\"ImageObject\",\"inLanguage\":\"en-US\",\"@id\":\"https:\\\/\\\/www.numismeo.com\\\/boutique\\\/etrangeres\\\/asie\\\/inde-george-vi-rupee-1944-bombay-pcgs-ms62\\\/#primaryimage\",\"url\":\"https:\\\/\\\/www.numismeo.com\\\/wp-content\\\/uploads\\\/2024\\\/05\\\/Etr-IndiaRUpee1944b-MS62-1-scaled.jpg\",\"contentUrl\":\"https:\\\/\\\/www.numismeo.com\\\/wp-content\\\/uploads\\\/2024\\\/05\\\/Etr-IndiaRUpee1944b-MS62-1-scaled.jpg\",\"width\":1788,\"height\":2560},{\"@type\":\"BreadcrumbList\",\"@id\":\"https:\\\/\\\/www.numismeo.com\\\/boutique\\\/etrangeres\\\/asie\\\/inde-george-vi-rupee-1944-bombay-pcgs-ms62\\\/#breadcrumb\",\"itemListElement\":[{\"@type\":\"ListItem\",\"position\":1,\"name\":\"Accueil\",\"item\":\"https:\\\/\\\/www.numismeo.com\\\/\"},{\"@type\":\"ListItem\",\"position\":2,\"name\":\"BoutiqueTechnique\",\"item\":\"https:\\\/\\\/www.numismeo.com\\\/boutiquetechnique\\\/\"},{\"@type\":\"ListItem\",\"position\":3,\"name\":\"Inde George VI Rupee 1944 Bombay PCGS MS62\"}]},{\"@type\":\"WebSite\",\"@id\":\"https:\\\/\\\/www.numismeo.com\\\/#website\",\"url\":\"https:\\\/\\\/www.numismeo.com\\\/\",\"name\":\"Numismeo\",\"description\":\"MAISON CREUSY fond\u00e9 en 1974\",\"publisher\":{\"@id\":\"https:\\\/\\\/www.numismeo.com\\\/#organization\"},\"alternateName\":\"Maison Creusy\",\"potentialAction\":[{\"@type\":\"SearchAction\",\"target\":{\"@type\":\"EntryPoint\",\"urlTemplate\":\"https:\\\/\\\/www.numismeo.com\\\/?s={search_term_string}\"},\"query-input\":{\"@type\":\"PropertyValueSpecification\",\"valueRequired\":true,\"valueName\":\"search_term_string\"}}],\"inLanguage\":\"en-US\"},{\"@type\":\"Organization\",\"@id\":\"https:\\\/\\\/www.numismeo.com\\\/#organization\",\"name\":\"Maison Creusy\",\"alternateName\":\"Maison Creusy\",\"url\":\"https:\\\/\\\/www.numismeo.com\\\/\",\"logo\":{\"@type\":\"ImageObject\",\"inLanguage\":\"en-US\",\"@id\":\"https:\\\/\\\/www.numismeo.com\\\/#\\\/schema\\\/logo\\\/image\\\/\",\"url\":\"https:\\\/\\\/www.numismeo.com\\\/wp-content\\\/uploads\\\/2022\\\/09\\\/LogoPetit.jpg\",\"contentUrl\":\"https:\\\/\\\/www.numismeo.com\\\/wp-content\\\/uploads\\\/2022\\\/09\\\/LogoPetit.jpg\",\"width\":164,\"height\":164,\"caption\":\"Maison Creusy\"},\"image\":{\"@id\":\"https:\\\/\\\/www.numismeo.com\\\/#\\\/schema\\\/logo\\\/image\\\/\"},\"sameAs\":[\"https:\\\/\\\/www.facebook.com\\\/numismeo\"]}]}<\/script>\n<!-- \/ Yoast SEO plugin. -->","yoast_head_json":{"title":"India George VI One Rupee 1944 Bombay PCGS MS62","description":"One Rupee of George VI emperor of the Commonwealth. Minted for India in Bombay in 1944, coin certified by PCGS MS62","robots":{"index":"index","follow":"follow","max-snippet":"max-snippet:-1","max-image-preview":"max-image-preview:large","max-video-preview":"max-video-preview:-1"},"canonical":"https:\/\/www.numismeo.com\/en\/boutique\/etrangeres\/asie\/inde-george-vi-rupee-1944-bombay-pcgs-ms62\/","og_locale":"en_US","og_type":"article","og_title":"India George VI One Rupee 1944 Bombay PCGS MS62","og_description":"One Rupee of George VI emperor of the Commonwealth. Minted for India in Bombay in 1944, coin certified by PCGS MS62","og_url":"https:\/\/www.numismeo.com\/en\/boutique\/etrangeres\/asie\/inde-george-vi-rupee-1944-bombay-pcgs-ms62\/","og_site_name":"Numismeo","article_publisher":"https:\/\/www.facebook.com\/numismeo","article_modified_time":"2026-01-14T14:31:00+00:00","og_image":[{"width":1509,"height":1509,"url":"https:\/\/www.numismeo.com\/wp-content\/uploads\/2024\/05\/Etr-IndiaRUpee1944b-MS62-2.jpg","type":"image\/jpeg"}],"twitter_card":"summary_large_image","twitter_misc":{"Est. reading time":"1 minute"},"schema":{"@context":"https:\/\/schema.org","@graph":[{"@type":"WebPage","@id":"https:\/\/www.numismeo.com\/en\/boutique\/etrangeres\/asie\/inde-george-vi-rupee-1944-bombay-pcgs-ms62\/","url":"https:\/\/www.numismeo.com\/en\/boutique\/etrangeres\/asie\/inde-george-vi-rupee-1944-bombay-pcgs-ms62\/","name":"Inde George VI Rupee 1944 Bombay PCGS MS62 - Numismeo","isPartOf":{"@id":"https:\/\/www.numismeo.com\/#website"},"primaryImageOfPage":{"@id":"https:\/\/www.numismeo.com\/boutique\/etrangeres\/asie\/inde-george-vi-rupee-1944-bombay-pcgs-ms62\/#primaryimage"},"image":{"@id":"https:\/\/www.numismeo.com\/boutique\/etrangeres\/asie\/inde-george-vi-rupee-1944-bombay-pcgs-ms62\/#primaryimage"},"thumbnailUrl":"https:\/\/www.numismeo.com\/wp-content\/uploads\/2024\/05\/Etr-IndiaRUpee1944b-MS62-1-scaled.jpg","datePublished":"2024-05-15T11:45:57+00:00","dateModified":"2026-01-14T14:31:00+00:00","description":"One Rupee de Georges VI empereur du Commonwealth. Monnaie frapp\u00e9 pour l'Indes \u00e0 Bombay en 1944, pi\u00e8ce certifi\u00e9e par PCGS MS62","breadcrumb":{"@id":"https:\/\/www.numismeo.com\/boutique\/etrangeres\/asie\/inde-george-vi-rupee-1944-bombay-pcgs-ms62\/#breadcrumb"},"inLanguage":"en-US","potentialAction":[{"@type":"ReadAction","target":["https:\/\/www.numismeo.com\/boutique\/etrangeres\/asie\/inde-george-vi-rupee-1944-bombay-pcgs-ms62\/"]}]},{"@type":"ImageObject","inLanguage":"en-US","@id":"https:\/\/www.numismeo.com\/boutique\/etrangeres\/asie\/inde-george-vi-rupee-1944-bombay-pcgs-ms62\/#primaryimage","url":"https:\/\/www.numismeo.com\/wp-content\/uploads\/2024\/05\/Etr-IndiaRUpee1944b-MS62-1-scaled.jpg","contentUrl":"https:\/\/www.numismeo.com\/wp-content\/uploads\/2024\/05\/Etr-IndiaRUpee1944b-MS62-1-scaled.jpg","width":1788,"height":2560},{"@type":"BreadcrumbList","@id":"https:\/\/www.numismeo.com\/boutique\/etrangeres\/asie\/inde-george-vi-rupee-1944-bombay-pcgs-ms62\/#breadcrumb","itemListElement":[{"@type":"ListItem","position":1,"name":"Accueil","item":"https:\/\/www.numismeo.com\/"},{"@type":"ListItem","position":2,"name":"BoutiqueTechnique","item":"https:\/\/www.numismeo.com\/boutiquetechnique\/"},{"@type":"ListItem","position":3,"name":"Inde George VI Rupee 1944 Bombay PCGS MS62"}]},{"@type":"WebSite","@id":"https:\/\/www.numismeo.com\/#website","url":"https:\/\/www.numismeo.com\/","name":"Numismeo","description":"MAISON CREUSY fond\u00e9 en 1974","publisher":{"@id":"https:\/\/www.numismeo.com\/#organization"},"alternateName":"Maison Creusy","potentialAction":[{"@type":"SearchAction","target":{"@type":"EntryPoint","urlTemplate":"https:\/\/www.numismeo.com\/?s={search_term_string}"},"query-input":{"@type":"PropertyValueSpecification","valueRequired":true,"valueName":"search_term_string"}}],"inLanguage":"en-US"},{"@type":"Organization","@id":"https:\/\/www.numismeo.com\/#organization","name":"Maison Creusy","alternateName":"Maison Creusy","url":"https:\/\/www.numismeo.com\/","logo":{"@type":"ImageObject","inLanguage":"en-US","@id":"https:\/\/www.numismeo.com\/#\/schema\/logo\/image\/","url":"https:\/\/www.numismeo.com\/wp-content\/uploads\/2022\/09\/LogoPetit.jpg","contentUrl":"https:\/\/www.numismeo.com\/wp-content\/uploads\/2022\/09\/LogoPetit.jpg","width":164,"height":164,"caption":"Maison Creusy"},"image":{"@id":"https:\/\/www.numismeo.com\/#\/schema\/logo\/image\/"},"sameAs":["https:\/\/www.facebook.com\/numismeo"]}]}},"_links":{"self":[{"href":"https:\/\/www.numismeo.com\/wp-json\/wp\/v2\/product\/35847","targetHints":{"allow":["GET"]}}],"collection":[{"href":"https:\/\/www.numismeo.com\/wp-json\/wp\/v2\/product"}],"about":[{"href":"https:\/\/www.numismeo.com\/wp-json\/wp\/v2\/types\/product"}],"wp:featuredmedia":[{"embeddable":true,"href":"https:\/\/www.numismeo.com\/wp-json\/wp\/v2\/media\/35848"}],"wp:attachment":[{"href":"https:\/\/www.numismeo.com\/wp-json\/wp\/v2\/media?parent=35847"}],"wp:term":[{"taxonomy":"product_brand","embeddable":true,"href":"https:\/\/www.numismeo.com\/wp-json\/wp\/v2\/product_brand?post=35847"},{"taxonomy":"product_cat","embeddable":true,"href":"https:\/\/www.numismeo.com\/wp-json\/wp\/v2\/product_cat?post=35847"},{"taxonomy":"product_tag","embeddable":true,"href":"https:\/\/www.numismeo.com\/wp-json\/wp\/v2\/product_tag?post=35847"}],"curies":[{"name":"wp","href":"https:\/\/api.w.org\/{rel}","templated":true}]}}