{"id":38358,"date":"2024-10-11T09:04:18","date_gmt":"2024-10-11T07:04:18","guid":{"rendered":"https:\/\/www.numismeo.com\/?post_type=product&#038;p=38358"},"modified":"2025-12-31T10:03:38","modified_gmt":"2025-12-31T09:03:38","slug":"orbiane-denier-rome-225","status":"publish","type":"product","link":"https:\/\/www.numismeo.com\/en\/boutique\/antiques\/empire-romain-antiques\/orbiane-denier-rome-225\/","title":{"rendered":"Orbiana AR denarius Rome 225 AD"},"content":{"rendered":"Orbiana became empress when she married Severus Alexander in 225 AD, while he was still very young. Although Orbiana was given the title of Augusta (empress), her position was fragile, largely due to tensions with Julia Mamaea.\r\n\r\nIn 227, just two years after her marriage, Orbiana was stripped of her title of Augusta. Her father was executed, and she herself was exiled to the province of Libya.","protected":false},"excerpt":{"rendered":"<p>Orbiana became empress when she married Severus Alexander in 225 AD, while he was still very young. Although Orbiana was [&hellip;]<\/p>\n","protected":false},"featured_media":38359,"template":"","meta":{"_acf_changed":false,"site-sidebar-layout":"default","site-content-layout":"","ast-site-content-layout":"default","site-content-style":"default","site-sidebar-style":"default","ast-global-header-display":"","ast-banner-title-visibility":"","ast-main-header-display":"","ast-hfb-above-header-display":"","ast-hfb-below-header-display":"","ast-hfb-mobile-header-display":"","site-post-title":"","ast-breadcrumbs-content":"","ast-featured-img":"","footer-sml-layout":"","ast-disable-related-posts":"","theme-transparent-header-meta":"","adv-header-id-meta":"","stick-header-meta":"","header-above-stick-meta":"","header-main-stick-meta":"","header-below-stick-meta":"","astra-migrate-meta-layouts":"default","ast-page-background-enabled":"default","ast-page-background-meta":{"desktop":{"background-color":"var(--ast-global-color-5)","background-image":"","background-repeat":"repeat","background-position":"center center","background-size":"auto","background-attachment":"scroll","background-type":"","background-media":"","overlay-type":"","overlay-color":"","overlay-opacity":"","overlay-gradient":""},"tablet":{"background-color":"","background-image":"","background-repeat":"repeat","background-position":"center center","background-size":"auto","background-attachment":"scroll","background-type":"","background-media":"","overlay-type":"","overlay-color":"","overlay-opacity":"","overlay-gradient":""},"mobile":{"background-color":"","background-image":"","background-repeat":"repeat","background-position":"center center","background-size":"auto","background-attachment":"scroll","background-type":"","background-media":"","overlay-type":"","overlay-color":"","overlay-opacity":"","overlay-gradient":""}},"ast-content-background-meta":{"desktop":{"background-color":"var(--ast-global-color-4)","background-image":"","background-repeat":"repeat","background-position":"center center","background-size":"auto","background-attachment":"scroll","background-type":"","background-media":"","overlay-type":"","overlay-color":"","overlay-opacity":"","overlay-gradient":""},"tablet":{"background-color":"var(--ast-global-color-4)","background-image":"","background-repeat":"repeat","background-position":"center center","background-size":"auto","background-attachment":"scroll","background-type":"","background-media":"","overlay-type":"","overlay-color":"","overlay-opacity":"","overlay-gradient":""},"mobile":{"background-color":"var(--ast-global-color-4)","background-image":"","background-repeat":"repeat","background-position":"center center","background-size":"auto","background-attachment":"scroll","background-type":"","background-media":"","overlay-type":"","overlay-color":"","overlay-opacity":"","overlay-gradient":""}}},"product_brand":[],"product_cat":[91,163],"product_tag":[],"class_list":{"0":"post-38358","1":"product","2":"type-product","3":"status-publish","4":"has-post-thumbnail","6":"product_cat-antiques","7":"product_cat-empire-romain-antiques","8":"pa_anneefrappe1-12728","9":"pa_atelier-ee-rome","10":"pa_gradage-non","11":"pa_metal-b5-argent","12":"pa_provenance-non","13":"pa_qualite-fa-tb","14":"personnage-orbiane","15":"desktop-align-left","16":"tablet-align-left","17":"mobile-align-left","19":"first","20":"instock","21":"sold-individually","22":"shipping-taxable","23":"purchasable","24":"product-type-simple"},"acf":[],"yoast_head":"<!-- This site is optimized with the Yoast SEO plugin v27.3 - https:\/\/yoast.com\/product\/yoast-seo-wordpress\/ -->\n<title>Orbiana AR denarius Rome 225 AD<\/title>\n<meta name=\"description\" content=\"Roman silver denarius of Orbiana, wife of Alexander Severus between 225 and 227 AD. Orbiana&#039;s diademed head on the obverse\" \/>\n<meta name=\"robots\" content=\"index, follow, max-snippet:-1, max-image-preview:large, max-video-preview:-1\" \/>\n<link rel=\"canonical\" href=\"https:\/\/www.numismeo.com\/en\/boutique\/antiques\/empire-romain-antiques\/orbiane-denier-rome-225\/\" \/>\n<meta property=\"og:locale\" content=\"en_US\" \/>\n<meta property=\"og:type\" content=\"article\" \/>\n<meta property=\"og:title\" content=\"Orbiana AR denarius Rome 225 AD\" \/>\n<meta property=\"og:description\" content=\"Roman silver denarius of Orbiana, wife of Alexander Severus between 225 and 227 AD. Orbiana&#039;s diademed head on the obverse\" \/>\n<meta property=\"og:url\" content=\"https:\/\/www.numismeo.com\/en\/boutique\/antiques\/empire-romain-antiques\/orbiane-denier-rome-225\/\" \/>\n<meta property=\"og:site_name\" content=\"Numismeo\" \/>\n<meta property=\"article:publisher\" content=\"https:\/\/www.facebook.com\/numismeo\" \/>\n<meta property=\"article:modified_time\" content=\"2025-12-31T09:03:38+00:00\" \/>\n<meta property=\"og:image\" content=\"https:\/\/www.numismeo.com\/wp-content\/uploads\/2024\/10\/Ro-OrbianeDenierRome-RIC319-1.jpg\" \/>\n\t<meta property=\"og:image:width\" content=\"947\" \/>\n\t<meta property=\"og:image:height\" content=\"947\" \/>\n\t<meta property=\"og:image:type\" content=\"image\/jpeg\" \/>\n<meta name=\"twitter:card\" content=\"summary_large_image\" \/>\n<meta name=\"twitter:label1\" content=\"Est. reading time\" \/>\n\t<meta name=\"twitter:data1\" content=\"1 minute\" \/>\n<script type=\"application\/ld+json\" class=\"yoast-schema-graph\">{\"@context\":\"https:\\\/\\\/schema.org\",\"@graph\":[{\"@type\":\"WebPage\",\"@id\":\"https:\\\/\\\/www.numismeo.com\\\/en\\\/boutique\\\/antiques\\\/empire-romain-antiques\\\/orbiane-denier-rome-225\\\/\",\"url\":\"https:\\\/\\\/www.numismeo.com\\\/en\\\/boutique\\\/antiques\\\/empire-romain-antiques\\\/orbiane-denier-rome-225\\\/\",\"name\":\"Orbiane denier Rome 225 - Numismeo\",\"isPartOf\":{\"@id\":\"https:\\\/\\\/www.numismeo.com\\\/#website\"},\"primaryImageOfPage\":{\"@id\":\"https:\\\/\\\/www.numismeo.com\\\/boutique\\\/antiques\\\/empire-romain-antiques\\\/orbiane-denier-rome-225\\\/#primaryimage\"},\"image\":{\"@id\":\"https:\\\/\\\/www.numismeo.com\\\/boutique\\\/antiques\\\/empire-romain-antiques\\\/orbiane-denier-rome-225\\\/#primaryimage\"},\"thumbnailUrl\":\"https:\\\/\\\/www.numismeo.com\\\/wp-content\\\/uploads\\\/2024\\\/10\\\/Ro-OrbianeDenierRome-RIC319-1.jpg\",\"datePublished\":\"2024-10-11T07:04:18+00:00\",\"dateModified\":\"2025-12-31T09:03:38+00:00\",\"description\":\"Denier romain en argent d'Orbiana qui fut l'\u00e9pouse d'Alexandre S\u00e9v\u00e8re entre 225 et 227 apr\u00e8s JC. T\u00eate diad\u00e8me d'Orbiane \u00e0 l'avers\",\"breadcrumb\":{\"@id\":\"https:\\\/\\\/www.numismeo.com\\\/boutique\\\/antiques\\\/empire-romain-antiques\\\/orbiane-denier-rome-225\\\/#breadcrumb\"},\"inLanguage\":\"en-US\",\"potentialAction\":[{\"@type\":\"ReadAction\",\"target\":[\"https:\\\/\\\/www.numismeo.com\\\/boutique\\\/antiques\\\/empire-romain-antiques\\\/orbiane-denier-rome-225\\\/\"]}]},{\"@type\":\"ImageObject\",\"inLanguage\":\"en-US\",\"@id\":\"https:\\\/\\\/www.numismeo.com\\\/boutique\\\/antiques\\\/empire-romain-antiques\\\/orbiane-denier-rome-225\\\/#primaryimage\",\"url\":\"https:\\\/\\\/www.numismeo.com\\\/wp-content\\\/uploads\\\/2024\\\/10\\\/Ro-OrbianeDenierRome-RIC319-1.jpg\",\"contentUrl\":\"https:\\\/\\\/www.numismeo.com\\\/wp-content\\\/uploads\\\/2024\\\/10\\\/Ro-OrbianeDenierRome-RIC319-1.jpg\",\"width\":947,\"height\":947},{\"@type\":\"BreadcrumbList\",\"@id\":\"https:\\\/\\\/www.numismeo.com\\\/boutique\\\/antiques\\\/empire-romain-antiques\\\/orbiane-denier-rome-225\\\/#breadcrumb\",\"itemListElement\":[{\"@type\":\"ListItem\",\"position\":1,\"name\":\"Accueil\",\"item\":\"https:\\\/\\\/www.numismeo.com\\\/\"},{\"@type\":\"ListItem\",\"position\":2,\"name\":\"BoutiqueTechnique\",\"item\":\"https:\\\/\\\/www.numismeo.com\\\/boutiquetechnique\\\/\"},{\"@type\":\"ListItem\",\"position\":3,\"name\":\"Orbiane denier Rome 225\"}]},{\"@type\":\"WebSite\",\"@id\":\"https:\\\/\\\/www.numismeo.com\\\/#website\",\"url\":\"https:\\\/\\\/www.numismeo.com\\\/\",\"name\":\"Numismeo\",\"description\":\"MAISON CREUSY fond\u00e9 en 1974\",\"publisher\":{\"@id\":\"https:\\\/\\\/www.numismeo.com\\\/#organization\"},\"alternateName\":\"Maison Creusy\",\"potentialAction\":[{\"@type\":\"SearchAction\",\"target\":{\"@type\":\"EntryPoint\",\"urlTemplate\":\"https:\\\/\\\/www.numismeo.com\\\/?s={search_term_string}\"},\"query-input\":{\"@type\":\"PropertyValueSpecification\",\"valueRequired\":true,\"valueName\":\"search_term_string\"}}],\"inLanguage\":\"en-US\"},{\"@type\":\"Organization\",\"@id\":\"https:\\\/\\\/www.numismeo.com\\\/#organization\",\"name\":\"Maison Creusy\",\"alternateName\":\"Maison Creusy\",\"url\":\"https:\\\/\\\/www.numismeo.com\\\/\",\"logo\":{\"@type\":\"ImageObject\",\"inLanguage\":\"en-US\",\"@id\":\"https:\\\/\\\/www.numismeo.com\\\/#\\\/schema\\\/logo\\\/image\\\/\",\"url\":\"https:\\\/\\\/www.numismeo.com\\\/wp-content\\\/uploads\\\/2022\\\/09\\\/LogoPetit.jpg\",\"contentUrl\":\"https:\\\/\\\/www.numismeo.com\\\/wp-content\\\/uploads\\\/2022\\\/09\\\/LogoPetit.jpg\",\"width\":164,\"height\":164,\"caption\":\"Maison Creusy\"},\"image\":{\"@id\":\"https:\\\/\\\/www.numismeo.com\\\/#\\\/schema\\\/logo\\\/image\\\/\"},\"sameAs\":[\"https:\\\/\\\/www.facebook.com\\\/numismeo\"]}]}<\/script>\n<!-- \/ Yoast SEO plugin. -->","yoast_head_json":{"title":"Orbiana AR denarius Rome 225 AD","description":"Roman silver denarius of Orbiana, wife of Alexander Severus between 225 and 227 AD. Orbiana's diademed head on the obverse","robots":{"index":"index","follow":"follow","max-snippet":"max-snippet:-1","max-image-preview":"max-image-preview:large","max-video-preview":"max-video-preview:-1"},"canonical":"https:\/\/www.numismeo.com\/en\/boutique\/antiques\/empire-romain-antiques\/orbiane-denier-rome-225\/","og_locale":"en_US","og_type":"article","og_title":"Orbiana AR denarius Rome 225 AD","og_description":"Roman silver denarius of Orbiana, wife of Alexander Severus between 225 and 227 AD. Orbiana's diademed head on the obverse","og_url":"https:\/\/www.numismeo.com\/en\/boutique\/antiques\/empire-romain-antiques\/orbiane-denier-rome-225\/","og_site_name":"Numismeo","article_publisher":"https:\/\/www.facebook.com\/numismeo","article_modified_time":"2025-12-31T09:03:38+00:00","og_image":[{"width":947,"height":947,"url":"https:\/\/www.numismeo.com\/wp-content\/uploads\/2024\/10\/Ro-OrbianeDenierRome-RIC319-1.jpg","type":"image\/jpeg"}],"twitter_card":"summary_large_image","twitter_misc":{"Est. reading time":"1 minute"},"schema":{"@context":"https:\/\/schema.org","@graph":[{"@type":"WebPage","@id":"https:\/\/www.numismeo.com\/en\/boutique\/antiques\/empire-romain-antiques\/orbiane-denier-rome-225\/","url":"https:\/\/www.numismeo.com\/en\/boutique\/antiques\/empire-romain-antiques\/orbiane-denier-rome-225\/","name":"Orbiane denier Rome 225 - Numismeo","isPartOf":{"@id":"https:\/\/www.numismeo.com\/#website"},"primaryImageOfPage":{"@id":"https:\/\/www.numismeo.com\/boutique\/antiques\/empire-romain-antiques\/orbiane-denier-rome-225\/#primaryimage"},"image":{"@id":"https:\/\/www.numismeo.com\/boutique\/antiques\/empire-romain-antiques\/orbiane-denier-rome-225\/#primaryimage"},"thumbnailUrl":"https:\/\/www.numismeo.com\/wp-content\/uploads\/2024\/10\/Ro-OrbianeDenierRome-RIC319-1.jpg","datePublished":"2024-10-11T07:04:18+00:00","dateModified":"2025-12-31T09:03:38+00:00","description":"Denier romain en argent d'Orbiana qui fut l'\u00e9pouse d'Alexandre S\u00e9v\u00e8re entre 225 et 227 apr\u00e8s JC. T\u00eate diad\u00e8me d'Orbiane \u00e0 l'avers","breadcrumb":{"@id":"https:\/\/www.numismeo.com\/boutique\/antiques\/empire-romain-antiques\/orbiane-denier-rome-225\/#breadcrumb"},"inLanguage":"en-US","potentialAction":[{"@type":"ReadAction","target":["https:\/\/www.numismeo.com\/boutique\/antiques\/empire-romain-antiques\/orbiane-denier-rome-225\/"]}]},{"@type":"ImageObject","inLanguage":"en-US","@id":"https:\/\/www.numismeo.com\/boutique\/antiques\/empire-romain-antiques\/orbiane-denier-rome-225\/#primaryimage","url":"https:\/\/www.numismeo.com\/wp-content\/uploads\/2024\/10\/Ro-OrbianeDenierRome-RIC319-1.jpg","contentUrl":"https:\/\/www.numismeo.com\/wp-content\/uploads\/2024\/10\/Ro-OrbianeDenierRome-RIC319-1.jpg","width":947,"height":947},{"@type":"BreadcrumbList","@id":"https:\/\/www.numismeo.com\/boutique\/antiques\/empire-romain-antiques\/orbiane-denier-rome-225\/#breadcrumb","itemListElement":[{"@type":"ListItem","position":1,"name":"Accueil","item":"https:\/\/www.numismeo.com\/"},{"@type":"ListItem","position":2,"name":"BoutiqueTechnique","item":"https:\/\/www.numismeo.com\/boutiquetechnique\/"},{"@type":"ListItem","position":3,"name":"Orbiane denier Rome 225"}]},{"@type":"WebSite","@id":"https:\/\/www.numismeo.com\/#website","url":"https:\/\/www.numismeo.com\/","name":"Numismeo","description":"MAISON CREUSY fond\u00e9 en 1974","publisher":{"@id":"https:\/\/www.numismeo.com\/#organization"},"alternateName":"Maison Creusy","potentialAction":[{"@type":"SearchAction","target":{"@type":"EntryPoint","urlTemplate":"https:\/\/www.numismeo.com\/?s={search_term_string}"},"query-input":{"@type":"PropertyValueSpecification","valueRequired":true,"valueName":"search_term_string"}}],"inLanguage":"en-US"},{"@type":"Organization","@id":"https:\/\/www.numismeo.com\/#organization","name":"Maison Creusy","alternateName":"Maison Creusy","url":"https:\/\/www.numismeo.com\/","logo":{"@type":"ImageObject","inLanguage":"en-US","@id":"https:\/\/www.numismeo.com\/#\/schema\/logo\/image\/","url":"https:\/\/www.numismeo.com\/wp-content\/uploads\/2022\/09\/LogoPetit.jpg","contentUrl":"https:\/\/www.numismeo.com\/wp-content\/uploads\/2022\/09\/LogoPetit.jpg","width":164,"height":164,"caption":"Maison Creusy"},"image":{"@id":"https:\/\/www.numismeo.com\/#\/schema\/logo\/image\/"},"sameAs":["https:\/\/www.facebook.com\/numismeo"]}]}},"_links":{"self":[{"href":"https:\/\/www.numismeo.com\/wp-json\/wp\/v2\/product\/38358","targetHints":{"allow":["GET"]}}],"collection":[{"href":"https:\/\/www.numismeo.com\/wp-json\/wp\/v2\/product"}],"about":[{"href":"https:\/\/www.numismeo.com\/wp-json\/wp\/v2\/types\/product"}],"wp:featuredmedia":[{"embeddable":true,"href":"https:\/\/www.numismeo.com\/wp-json\/wp\/v2\/media\/38359"}],"wp:attachment":[{"href":"https:\/\/www.numismeo.com\/wp-json\/wp\/v2\/media?parent=38358"}],"wp:term":[{"taxonomy":"product_brand","embeddable":true,"href":"https:\/\/www.numismeo.com\/wp-json\/wp\/v2\/product_brand?post=38358"},{"taxonomy":"product_cat","embeddable":true,"href":"https:\/\/www.numismeo.com\/wp-json\/wp\/v2\/product_cat?post=38358"},{"taxonomy":"product_tag","embeddable":true,"href":"https:\/\/www.numismeo.com\/wp-json\/wp\/v2\/product_tag?post=38358"}],"curies":[{"name":"wp","href":"https:\/\/api.w.org\/{rel}","templated":true}]}}