{"id":38420,"date":"2025-02-11T17:48:44","date_gmt":"2025-02-11T15:48:44","guid":{"rendered":"https:\/\/www.numismeo.com\/?post_type=product&#038;p=38420"},"modified":"2026-02-22T10:04:31","modified_gmt":"2026-02-22T09:04:31","slug":"macedoine-alexandre-iii-tetradrachme-frappe-a-amphipolis-2","status":"publish","type":"product","link":"https:\/\/www.numismeo.com\/en\/boutique\/antiques\/grecques\/macedoine-alexandre-iii-tetradrachme-frappe-a-amphipolis-2\/","title":{"rendered":"Kings of Macedon Alexander III tetradrachm Amphipolis mint"},"content":{"rendered":"Silver tetradrachm of Alexander III king of Macedon, coin struck under <a href=\"https:\/\/en.wikipedia.org\/wiki\/Antipater\" target=\"_blank\" rel=\"noopener\">Antipater<\/a> in Amphipolis circa 325-322 BC.\r\n<p class=\"p1\">Antipater (c. 397\u2013319 BC) was a Macedonian general and regent under Alexander the Great. A loyal lieutenant of Philip II, he became one of Alexander\u2019s key administrators and ensured the stability of Macedonia during the Asian campaigns. After Alexander\u2019s death in 323 BC, he was appointed regent of the empire and faced the rebellion of the Greek cities during the Lamian War. He transferred power to Polyperchon in 319 BC, excluding his own son Cassander, which triggered new succession struggles.<\/p>","protected":false},"excerpt":{"rendered":"<p>Silver tetradrachm of Alexander III king of Macedon, coin struck under Antipater in Amphipolis circa 325-322 BC. Antipater (c. 397\u2013319 [&hellip;]<\/p>\n","protected":false},"featured_media":38427,"template":"","meta":{"_acf_changed":false,"site-sidebar-layout":"default","site-content-layout":"","ast-site-content-layout":"default","site-content-style":"default","site-sidebar-style":"default","ast-global-header-display":"","ast-banner-title-visibility":"","ast-main-header-display":"","ast-hfb-above-header-display":"","ast-hfb-below-header-display":"","ast-hfb-mobile-header-display":"","site-post-title":"","ast-breadcrumbs-content":"","ast-featured-img":"","footer-sml-layout":"","ast-disable-related-posts":"","theme-transparent-header-meta":"","adv-header-id-meta":"","stick-header-meta":"","header-above-stick-meta":"","header-main-stick-meta":"","header-below-stick-meta":"","astra-migrate-meta-layouts":"default","ast-page-background-enabled":"default","ast-page-background-meta":{"desktop":{"background-color":"var(--ast-global-color-5)","background-image":"","background-repeat":"repeat","background-position":"center center","background-size":"auto","background-attachment":"scroll","background-type":"","background-media":"","overlay-type":"","overlay-color":"","overlay-opacity":"","overlay-gradient":""},"tablet":{"background-color":"","background-image":"","background-repeat":"repeat","background-position":"center center","background-size":"auto","background-attachment":"scroll","background-type":"","background-media":"","overlay-type":"","overlay-color":"","overlay-opacity":"","overlay-gradient":""},"mobile":{"background-color":"","background-image":"","background-repeat":"repeat","background-position":"center center","background-size":"auto","background-attachment":"scroll","background-type":"","background-media":"","overlay-type":"","overlay-color":"","overlay-opacity":"","overlay-gradient":""}},"ast-content-background-meta":{"desktop":{"background-color":"var(--ast-global-color-4)","background-image":"","background-repeat":"repeat","background-position":"center center","background-size":"auto","background-attachment":"scroll","background-type":"","background-media":"","overlay-type":"","overlay-color":"","overlay-opacity":"","overlay-gradient":""},"tablet":{"background-color":"var(--ast-global-color-4)","background-image":"","background-repeat":"repeat","background-position":"center center","background-size":"auto","background-attachment":"scroll","background-type":"","background-media":"","overlay-type":"","overlay-color":"","overlay-opacity":"","overlay-gradient":""},"mobile":{"background-color":"var(--ast-global-color-4)","background-image":"","background-repeat":"repeat","background-position":"center center","background-size":"auto","background-attachment":"scroll","background-type":"","background-media":"","overlay-type":"","overlay-color":"","overlay-opacity":"","overlay-gradient":""}}},"product_brand":[],"product_cat":[91,121],"product_tag":[],"class_list":{"0":"post-38420","1":"product","2":"type-product","3":"status-publish","4":"has-post-thumbnail","6":"product_cat-antiques","7":"product_cat-grecques","8":"pa_anneefrappe1-circa-325-322-avant-jc","9":"pa_atelier-a2-amphipolis","10":"pa_gradage-non","11":"pa_metal-b5-argent","12":"pa_provenance-non","13":"pa_qualite-60-ttb","14":"pa_region-d0-macedoine","15":"personnage-alexandre-iii","16":"desktop-align-left","17":"tablet-align-left","18":"mobile-align-left","20":"first","21":"instock","22":"sold-individually","23":"shipping-taxable","24":"purchasable","25":"product-type-simple"},"acf":[],"yoast_head":"<!-- This site is optimized with the Yoast SEO plugin v27.3 - https:\/\/yoast.com\/product\/yoast-seo-wordpress\/ -->\n<title>Kings of Macedon Alexander III tetradrachm Amphipolis mint<\/title>\n<meta name=\"description\" content=\"Tetradrachm of Alexander king of Macedonia, minted under Antipaterius at Amphipolis around 325-322 BC. Herakles head on obverse\" \/>\n<meta name=\"robots\" content=\"index, follow, max-snippet:-1, max-image-preview:large, max-video-preview:-1\" \/>\n<link rel=\"canonical\" href=\"https:\/\/www.numismeo.com\/en\/boutique\/antiques\/grecques\/macedoine-alexandre-iii-tetradrachme-frappe-a-amphipolis-2\/\" \/>\n<meta property=\"og:locale\" content=\"en_US\" \/>\n<meta property=\"og:type\" content=\"article\" \/>\n<meta property=\"og:title\" content=\"Kings of Macedon Alexander III tetradrachm Amphipolis mint\" \/>\n<meta property=\"og:description\" content=\"Tetradrachm of Alexander king of Macedonia, minted under Antipaterius at Amphipolis around 325-322 BC. Herakles head on obverse\" \/>\n<meta property=\"og:url\" content=\"https:\/\/www.numismeo.com\/en\/boutique\/antiques\/grecques\/macedoine-alexandre-iii-tetradrachme-frappe-a-amphipolis-2\/\" \/>\n<meta property=\"og:site_name\" content=\"Numismeo\" \/>\n<meta property=\"article:publisher\" content=\"https:\/\/www.facebook.com\/numismeo\" \/>\n<meta property=\"article:modified_time\" content=\"2026-02-22T09:04:31+00:00\" \/>\n<meta property=\"og:image\" content=\"https:\/\/www.numismeo.com\/wp-content\/uploads\/2024\/10\/Grec-MacedoineAlexandreTetra-Price105-1.jpg\" \/>\n\t<meta property=\"og:image:width\" content=\"1217\" \/>\n\t<meta property=\"og:image:height\" content=\"1217\" \/>\n\t<meta property=\"og:image:type\" content=\"image\/jpeg\" \/>\n<meta name=\"twitter:card\" content=\"summary_large_image\" \/>\n<meta name=\"twitter:label1\" content=\"Est. reading time\" \/>\n\t<meta name=\"twitter:data1\" content=\"1 minute\" \/>\n<script type=\"application\/ld+json\" class=\"yoast-schema-graph\">{\"@context\":\"https:\\\/\\\/schema.org\",\"@graph\":[{\"@type\":\"WebPage\",\"@id\":\"https:\\\/\\\/www.numismeo.com\\\/en\\\/boutique\\\/antiques\\\/grecques\\\/macedoine-alexandre-iii-tetradrachme-frappe-a-amphipolis-2\\\/\",\"url\":\"https:\\\/\\\/www.numismeo.com\\\/en\\\/boutique\\\/antiques\\\/grecques\\\/macedoine-alexandre-iii-tetradrachme-frappe-a-amphipolis-2\\\/\",\"name\":\"Mac\u00e9doine Alexandre III t\u00e9tradrachme frapp\u00e9 \u00e0 Amphipolis - Numismeo\",\"isPartOf\":{\"@id\":\"https:\\\/\\\/www.numismeo.com\\\/#website\"},\"primaryImageOfPage\":{\"@id\":\"https:\\\/\\\/www.numismeo.com\\\/boutique\\\/antiques\\\/grecques\\\/macedoine-alexandre-iii-tetradrachme-frappe-a-amphipolis-2\\\/#primaryimage\"},\"image\":{\"@id\":\"https:\\\/\\\/www.numismeo.com\\\/boutique\\\/antiques\\\/grecques\\\/macedoine-alexandre-iii-tetradrachme-frappe-a-amphipolis-2\\\/#primaryimage\"},\"thumbnailUrl\":\"https:\\\/\\\/www.numismeo.com\\\/wp-content\\\/uploads\\\/2024\\\/10\\\/Grec-MacedoineAlexandreTetra-Price105-1.jpg\",\"datePublished\":\"2025-02-11T15:48:44+00:00\",\"dateModified\":\"2026-02-22T09:04:31+00:00\",\"description\":\"Tetradrachme d'Alexandre roi de Mac\u00e9doine, monnaie frapp\u00e9e sous Antipat\u00e8re \u00e0 Amphipolis vers 325-322 avant JC. T\u00eate Herakles \u00e0 l'avers\",\"breadcrumb\":{\"@id\":\"https:\\\/\\\/www.numismeo.com\\\/boutique\\\/antiques\\\/grecques\\\/macedoine-alexandre-iii-tetradrachme-frappe-a-amphipolis-2\\\/#breadcrumb\"},\"inLanguage\":\"en-US\",\"potentialAction\":[{\"@type\":\"ReadAction\",\"target\":[\"https:\\\/\\\/www.numismeo.com\\\/boutique\\\/antiques\\\/grecques\\\/macedoine-alexandre-iii-tetradrachme-frappe-a-amphipolis-2\\\/\"]}]},{\"@type\":\"ImageObject\",\"inLanguage\":\"en-US\",\"@id\":\"https:\\\/\\\/www.numismeo.com\\\/boutique\\\/antiques\\\/grecques\\\/macedoine-alexandre-iii-tetradrachme-frappe-a-amphipolis-2\\\/#primaryimage\",\"url\":\"https:\\\/\\\/www.numismeo.com\\\/wp-content\\\/uploads\\\/2024\\\/10\\\/Grec-MacedoineAlexandreTetra-Price105-1.jpg\",\"contentUrl\":\"https:\\\/\\\/www.numismeo.com\\\/wp-content\\\/uploads\\\/2024\\\/10\\\/Grec-MacedoineAlexandreTetra-Price105-1.jpg\",\"width\":1217,\"height\":1217},{\"@type\":\"BreadcrumbList\",\"@id\":\"https:\\\/\\\/www.numismeo.com\\\/boutique\\\/antiques\\\/grecques\\\/macedoine-alexandre-iii-tetradrachme-frappe-a-amphipolis-2\\\/#breadcrumb\",\"itemListElement\":[{\"@type\":\"ListItem\",\"position\":1,\"name\":\"Accueil\",\"item\":\"https:\\\/\\\/www.numismeo.com\\\/\"},{\"@type\":\"ListItem\",\"position\":2,\"name\":\"BoutiqueTechnique\",\"item\":\"https:\\\/\\\/www.numismeo.com\\\/boutiquetechnique\\\/\"},{\"@type\":\"ListItem\",\"position\":3,\"name\":\"Mac\u00e9doine Alexandre III t\u00e9tradrachme frapp\u00e9 \u00e0 Amphipolis\"}]},{\"@type\":\"WebSite\",\"@id\":\"https:\\\/\\\/www.numismeo.com\\\/#website\",\"url\":\"https:\\\/\\\/www.numismeo.com\\\/\",\"name\":\"Numismeo\",\"description\":\"MAISON CREUSY fond\u00e9 en 1974\",\"publisher\":{\"@id\":\"https:\\\/\\\/www.numismeo.com\\\/#organization\"},\"alternateName\":\"Maison Creusy\",\"potentialAction\":[{\"@type\":\"SearchAction\",\"target\":{\"@type\":\"EntryPoint\",\"urlTemplate\":\"https:\\\/\\\/www.numismeo.com\\\/?s={search_term_string}\"},\"query-input\":{\"@type\":\"PropertyValueSpecification\",\"valueRequired\":true,\"valueName\":\"search_term_string\"}}],\"inLanguage\":\"en-US\"},{\"@type\":\"Organization\",\"@id\":\"https:\\\/\\\/www.numismeo.com\\\/#organization\",\"name\":\"Maison Creusy\",\"alternateName\":\"Maison Creusy\",\"url\":\"https:\\\/\\\/www.numismeo.com\\\/\",\"logo\":{\"@type\":\"ImageObject\",\"inLanguage\":\"en-US\",\"@id\":\"https:\\\/\\\/www.numismeo.com\\\/#\\\/schema\\\/logo\\\/image\\\/\",\"url\":\"https:\\\/\\\/www.numismeo.com\\\/wp-content\\\/uploads\\\/2022\\\/09\\\/LogoPetit.jpg\",\"contentUrl\":\"https:\\\/\\\/www.numismeo.com\\\/wp-content\\\/uploads\\\/2022\\\/09\\\/LogoPetit.jpg\",\"width\":164,\"height\":164,\"caption\":\"Maison Creusy\"},\"image\":{\"@id\":\"https:\\\/\\\/www.numismeo.com\\\/#\\\/schema\\\/logo\\\/image\\\/\"},\"sameAs\":[\"https:\\\/\\\/www.facebook.com\\\/numismeo\"]}]}<\/script>\n<!-- \/ Yoast SEO plugin. -->","yoast_head_json":{"title":"Kings of Macedon Alexander III tetradrachm Amphipolis mint","description":"Tetradrachm of Alexander king of Macedonia, minted under Antipaterius at Amphipolis around 325-322 BC. Herakles head on obverse","robots":{"index":"index","follow":"follow","max-snippet":"max-snippet:-1","max-image-preview":"max-image-preview:large","max-video-preview":"max-video-preview:-1"},"canonical":"https:\/\/www.numismeo.com\/en\/boutique\/antiques\/grecques\/macedoine-alexandre-iii-tetradrachme-frappe-a-amphipolis-2\/","og_locale":"en_US","og_type":"article","og_title":"Kings of Macedon Alexander III tetradrachm Amphipolis mint","og_description":"Tetradrachm of Alexander king of Macedonia, minted under Antipaterius at Amphipolis around 325-322 BC. Herakles head on obverse","og_url":"https:\/\/www.numismeo.com\/en\/boutique\/antiques\/grecques\/macedoine-alexandre-iii-tetradrachme-frappe-a-amphipolis-2\/","og_site_name":"Numismeo","article_publisher":"https:\/\/www.facebook.com\/numismeo","article_modified_time":"2026-02-22T09:04:31+00:00","og_image":[{"width":1217,"height":1217,"url":"https:\/\/www.numismeo.com\/wp-content\/uploads\/2024\/10\/Grec-MacedoineAlexandreTetra-Price105-1.jpg","type":"image\/jpeg"}],"twitter_card":"summary_large_image","twitter_misc":{"Est. reading time":"1 minute"},"schema":{"@context":"https:\/\/schema.org","@graph":[{"@type":"WebPage","@id":"https:\/\/www.numismeo.com\/en\/boutique\/antiques\/grecques\/macedoine-alexandre-iii-tetradrachme-frappe-a-amphipolis-2\/","url":"https:\/\/www.numismeo.com\/en\/boutique\/antiques\/grecques\/macedoine-alexandre-iii-tetradrachme-frappe-a-amphipolis-2\/","name":"Mac\u00e9doine Alexandre III t\u00e9tradrachme frapp\u00e9 \u00e0 Amphipolis - Numismeo","isPartOf":{"@id":"https:\/\/www.numismeo.com\/#website"},"primaryImageOfPage":{"@id":"https:\/\/www.numismeo.com\/boutique\/antiques\/grecques\/macedoine-alexandre-iii-tetradrachme-frappe-a-amphipolis-2\/#primaryimage"},"image":{"@id":"https:\/\/www.numismeo.com\/boutique\/antiques\/grecques\/macedoine-alexandre-iii-tetradrachme-frappe-a-amphipolis-2\/#primaryimage"},"thumbnailUrl":"https:\/\/www.numismeo.com\/wp-content\/uploads\/2024\/10\/Grec-MacedoineAlexandreTetra-Price105-1.jpg","datePublished":"2025-02-11T15:48:44+00:00","dateModified":"2026-02-22T09:04:31+00:00","description":"Tetradrachme d'Alexandre roi de Mac\u00e9doine, monnaie frapp\u00e9e sous Antipat\u00e8re \u00e0 Amphipolis vers 325-322 avant JC. T\u00eate Herakles \u00e0 l'avers","breadcrumb":{"@id":"https:\/\/www.numismeo.com\/boutique\/antiques\/grecques\/macedoine-alexandre-iii-tetradrachme-frappe-a-amphipolis-2\/#breadcrumb"},"inLanguage":"en-US","potentialAction":[{"@type":"ReadAction","target":["https:\/\/www.numismeo.com\/boutique\/antiques\/grecques\/macedoine-alexandre-iii-tetradrachme-frappe-a-amphipolis-2\/"]}]},{"@type":"ImageObject","inLanguage":"en-US","@id":"https:\/\/www.numismeo.com\/boutique\/antiques\/grecques\/macedoine-alexandre-iii-tetradrachme-frappe-a-amphipolis-2\/#primaryimage","url":"https:\/\/www.numismeo.com\/wp-content\/uploads\/2024\/10\/Grec-MacedoineAlexandreTetra-Price105-1.jpg","contentUrl":"https:\/\/www.numismeo.com\/wp-content\/uploads\/2024\/10\/Grec-MacedoineAlexandreTetra-Price105-1.jpg","width":1217,"height":1217},{"@type":"BreadcrumbList","@id":"https:\/\/www.numismeo.com\/boutique\/antiques\/grecques\/macedoine-alexandre-iii-tetradrachme-frappe-a-amphipolis-2\/#breadcrumb","itemListElement":[{"@type":"ListItem","position":1,"name":"Accueil","item":"https:\/\/www.numismeo.com\/"},{"@type":"ListItem","position":2,"name":"BoutiqueTechnique","item":"https:\/\/www.numismeo.com\/boutiquetechnique\/"},{"@type":"ListItem","position":3,"name":"Mac\u00e9doine Alexandre III t\u00e9tradrachme frapp\u00e9 \u00e0 Amphipolis"}]},{"@type":"WebSite","@id":"https:\/\/www.numismeo.com\/#website","url":"https:\/\/www.numismeo.com\/","name":"Numismeo","description":"MAISON CREUSY fond\u00e9 en 1974","publisher":{"@id":"https:\/\/www.numismeo.com\/#organization"},"alternateName":"Maison Creusy","potentialAction":[{"@type":"SearchAction","target":{"@type":"EntryPoint","urlTemplate":"https:\/\/www.numismeo.com\/?s={search_term_string}"},"query-input":{"@type":"PropertyValueSpecification","valueRequired":true,"valueName":"search_term_string"}}],"inLanguage":"en-US"},{"@type":"Organization","@id":"https:\/\/www.numismeo.com\/#organization","name":"Maison Creusy","alternateName":"Maison Creusy","url":"https:\/\/www.numismeo.com\/","logo":{"@type":"ImageObject","inLanguage":"en-US","@id":"https:\/\/www.numismeo.com\/#\/schema\/logo\/image\/","url":"https:\/\/www.numismeo.com\/wp-content\/uploads\/2022\/09\/LogoPetit.jpg","contentUrl":"https:\/\/www.numismeo.com\/wp-content\/uploads\/2022\/09\/LogoPetit.jpg","width":164,"height":164,"caption":"Maison Creusy"},"image":{"@id":"https:\/\/www.numismeo.com\/#\/schema\/logo\/image\/"},"sameAs":["https:\/\/www.facebook.com\/numismeo"]}]}},"_links":{"self":[{"href":"https:\/\/www.numismeo.com\/wp-json\/wp\/v2\/product\/38420","targetHints":{"allow":["GET"]}}],"collection":[{"href":"https:\/\/www.numismeo.com\/wp-json\/wp\/v2\/product"}],"about":[{"href":"https:\/\/www.numismeo.com\/wp-json\/wp\/v2\/types\/product"}],"wp:featuredmedia":[{"embeddable":true,"href":"https:\/\/www.numismeo.com\/wp-json\/wp\/v2\/media\/38427"}],"wp:attachment":[{"href":"https:\/\/www.numismeo.com\/wp-json\/wp\/v2\/media?parent=38420"}],"wp:term":[{"taxonomy":"product_brand","embeddable":true,"href":"https:\/\/www.numismeo.com\/wp-json\/wp\/v2\/product_brand?post=38420"},{"taxonomy":"product_cat","embeddable":true,"href":"https:\/\/www.numismeo.com\/wp-json\/wp\/v2\/product_cat?post=38420"},{"taxonomy":"product_tag","embeddable":true,"href":"https:\/\/www.numismeo.com\/wp-json\/wp\/v2\/product_tag?post=38420"}],"curies":[{"name":"wp","href":"https:\/\/api.w.org\/{rel}","templated":true}]}}