{"id":38486,"date":"2024-10-19T10:26:23","date_gmt":"2024-10-19T08:26:23","guid":{"rendered":"https:\/\/www.numismeo.com\/?post_type=product&#038;p=38486"},"modified":"2025-12-31T10:03:36","modified_gmt":"2025-12-31T09:03:36","slug":"picardie-comte-de-ponthieu-gui-i-denier","status":"publish","type":"product","link":"https:\/\/www.numismeo.com\/en\/boutique\/francaises\/feodales\/picardie-comte-de-ponthieu-gui-i-denier\/","title":{"rendered":"Guy I count of Ponthieu AR denier"},"content":{"rendered":"Reverse legend variety\r\n\r\n<a href=\"https:\/\/en.wikipedia.org\/wiki\/Guy_I,_Count_of_Ponthieu\" target=\"_blank\" rel=\"noopener\">Guy I of Ponthieu<\/a> (c. 1030-1100) was the Count of Ponthieu, a region in Picardy, northern France. He is known for capturing Harold Godwinson, the future King of England, in 1053 after Harold was shipwrecked on his lands, before handing him over to William the Conqueror. His role in this event is depicted in the famous Bayeux Tapestry.","protected":false},"excerpt":{"rendered":"<p>Reverse legend variety Guy I of Ponthieu (c. 1030-1100) was the Count of Ponthieu, a region in Picardy, northern France. [&hellip;]<\/p>\n","protected":false},"featured_media":38478,"template":"","meta":{"_acf_changed":false,"site-sidebar-layout":"default","site-content-layout":"","ast-site-content-layout":"default","site-content-style":"default","site-sidebar-style":"default","ast-global-header-display":"","ast-banner-title-visibility":"","ast-main-header-display":"","ast-hfb-above-header-display":"","ast-hfb-below-header-display":"","ast-hfb-mobile-header-display":"","site-post-title":"","ast-breadcrumbs-content":"","ast-featured-img":"","footer-sml-layout":"","ast-disable-related-posts":"","theme-transparent-header-meta":"","adv-header-id-meta":"","stick-header-meta":"","header-above-stick-meta":"","header-main-stick-meta":"","header-below-stick-meta":"","astra-migrate-meta-layouts":"default","ast-page-background-enabled":"default","ast-page-background-meta":{"desktop":{"background-color":"var(--ast-global-color-5)","background-image":"","background-repeat":"repeat","background-position":"center center","background-size":"auto","background-attachment":"scroll","background-type":"","background-media":"","overlay-type":"","overlay-color":"","overlay-opacity":"","overlay-gradient":""},"tablet":{"background-color":"","background-image":"","background-repeat":"repeat","background-position":"center center","background-size":"auto","background-attachment":"scroll","background-type":"","background-media":"","overlay-type":"","overlay-color":"","overlay-opacity":"","overlay-gradient":""},"mobile":{"background-color":"","background-image":"","background-repeat":"repeat","background-position":"center center","background-size":"auto","background-attachment":"scroll","background-type":"","background-media":"","overlay-type":"","overlay-color":"","overlay-opacity":"","overlay-gradient":""}},"ast-content-background-meta":{"desktop":{"background-color":"var(--ast-global-color-4)","background-image":"","background-repeat":"repeat","background-position":"center center","background-size":"auto","background-attachment":"scroll","background-type":"","background-media":"","overlay-type":"","overlay-color":"","overlay-opacity":"","overlay-gradient":""},"tablet":{"background-color":"var(--ast-global-color-4)","background-image":"","background-repeat":"repeat","background-position":"center center","background-size":"auto","background-attachment":"scroll","background-type":"","background-media":"","overlay-type":"","overlay-color":"","overlay-opacity":"","overlay-gradient":""},"mobile":{"background-color":"var(--ast-global-color-4)","background-image":"","background-repeat":"repeat","background-position":"center center","background-size":"auto","background-attachment":"scroll","background-type":"","background-media":"","overlay-type":"","overlay-color":"","overlay-opacity":"","overlay-gradient":""}}},"product_brand":[],"product_cat":[143,93],"product_tag":[],"class_list":{"0":"post-38486","1":"product","2":"type-product","3":"status-publish","4":"has-post-thumbnail","6":"product_cat-feodales","7":"product_cat-francaises","8":"pa_anneefrappe1-1053-1100","9":"pa_gradage-non","10":"pa_metal-b5-argent","11":"pa_provenance-non","12":"pa_qualite-89-ttb_","13":"pa_region-03-picardie","14":"personnage-guy-ier-de-ponthieu","15":"desktop-align-left","16":"tablet-align-left","17":"mobile-align-left","19":"first","20":"instock","21":"sold-individually","22":"shipping-taxable","23":"purchasable","24":"product-type-simple"},"acf":[],"yoast_head":"<!-- This site is optimized with the Yoast SEO plugin v27.3 - https:\/\/yoast.com\/product\/yoast-seo-wordpress\/ -->\n<title>Guy I count of Ponthieu AR denier<\/title>\n<meta name=\"description\" content=\"Silver denarius minted for the County of Ponthieu in Picardy for Gui I. Minted around 1053-1100. Variety of reverse legend\" \/>\n<meta name=\"robots\" content=\"index, follow, max-snippet:-1, max-image-preview:large, max-video-preview:-1\" \/>\n<link rel=\"canonical\" href=\"https:\/\/www.numismeo.com\/en\/boutique\/francaises\/feodales\/picardie-comte-de-ponthieu-gui-i-denier\/\" \/>\n<meta property=\"og:locale\" content=\"en_US\" \/>\n<meta property=\"og:type\" content=\"article\" \/>\n<meta property=\"og:title\" content=\"Guy I count of Ponthieu AR denier\" \/>\n<meta property=\"og:description\" content=\"Silver denarius minted for the County of Ponthieu in Picardy for Gui I. Minted around 1053-1100. Variety of reverse legend\" \/>\n<meta property=\"og:url\" content=\"https:\/\/www.numismeo.com\/en\/boutique\/francaises\/feodales\/picardie-comte-de-ponthieu-gui-i-denier\/\" \/>\n<meta property=\"og:site_name\" content=\"Numismeo\" \/>\n<meta property=\"article:publisher\" content=\"https:\/\/www.facebook.com\/numismeo\" \/>\n<meta property=\"article:modified_time\" content=\"2025-12-31T09:03:36+00:00\" \/>\n<meta property=\"og:image\" content=\"https:\/\/www.numismeo.com\/wp-content\/uploads\/2024\/10\/Feo-PicardiePonthieuDenier-PA6695-1.jpg\" \/>\n\t<meta property=\"og:image:width\" content=\"1415\" \/>\n\t<meta property=\"og:image:height\" content=\"1415\" \/>\n\t<meta property=\"og:image:type\" content=\"image\/jpeg\" \/>\n<meta name=\"twitter:card\" content=\"summary_large_image\" \/>\n<meta name=\"twitter:label1\" content=\"Est. reading time\" \/>\n\t<meta name=\"twitter:data1\" content=\"1 minute\" \/>\n<script type=\"application\/ld+json\" class=\"yoast-schema-graph\">{\"@context\":\"https:\\\/\\\/schema.org\",\"@graph\":[{\"@type\":\"WebPage\",\"@id\":\"https:\\\/\\\/www.numismeo.com\\\/en\\\/boutique\\\/francaises\\\/feodales\\\/picardie-comte-de-ponthieu-gui-i-denier\\\/\",\"url\":\"https:\\\/\\\/www.numismeo.com\\\/en\\\/boutique\\\/francaises\\\/feodales\\\/picardie-comte-de-ponthieu-gui-i-denier\\\/\",\"name\":\"Picardie comte de Ponthieu Gui I denier - Numismeo\",\"isPartOf\":{\"@id\":\"https:\\\/\\\/www.numismeo.com\\\/#website\"},\"primaryImageOfPage\":{\"@id\":\"https:\\\/\\\/www.numismeo.com\\\/boutique\\\/francaises\\\/feodales\\\/picardie-comte-de-ponthieu-gui-i-denier\\\/#primaryimage\"},\"image\":{\"@id\":\"https:\\\/\\\/www.numismeo.com\\\/boutique\\\/francaises\\\/feodales\\\/picardie-comte-de-ponthieu-gui-i-denier\\\/#primaryimage\"},\"thumbnailUrl\":\"https:\\\/\\\/www.numismeo.com\\\/wp-content\\\/uploads\\\/2024\\\/10\\\/Feo-PicardiePonthieuDenier-PA6695-1.jpg\",\"datePublished\":\"2024-10-19T08:26:23+00:00\",\"dateModified\":\"2025-12-31T09:03:36+00:00\",\"description\":\"Denier en argent frapp\u00e9 pour le Comt\u00e9 de Ponthieu en Picardie pour Gui Ier. Monnaie frapp\u00e9e vers 1053-1100. Vari\u00e9t\u00e9 de l\u00e9gende de revers\",\"breadcrumb\":{\"@id\":\"https:\\\/\\\/www.numismeo.com\\\/boutique\\\/francaises\\\/feodales\\\/picardie-comte-de-ponthieu-gui-i-denier\\\/#breadcrumb\"},\"inLanguage\":\"en-US\",\"potentialAction\":[{\"@type\":\"ReadAction\",\"target\":[\"https:\\\/\\\/www.numismeo.com\\\/boutique\\\/francaises\\\/feodales\\\/picardie-comte-de-ponthieu-gui-i-denier\\\/\"]}]},{\"@type\":\"ImageObject\",\"inLanguage\":\"en-US\",\"@id\":\"https:\\\/\\\/www.numismeo.com\\\/boutique\\\/francaises\\\/feodales\\\/picardie-comte-de-ponthieu-gui-i-denier\\\/#primaryimage\",\"url\":\"https:\\\/\\\/www.numismeo.com\\\/wp-content\\\/uploads\\\/2024\\\/10\\\/Feo-PicardiePonthieuDenier-PA6695-1.jpg\",\"contentUrl\":\"https:\\\/\\\/www.numismeo.com\\\/wp-content\\\/uploads\\\/2024\\\/10\\\/Feo-PicardiePonthieuDenier-PA6695-1.jpg\",\"width\":1415,\"height\":1415},{\"@type\":\"BreadcrumbList\",\"@id\":\"https:\\\/\\\/www.numismeo.com\\\/boutique\\\/francaises\\\/feodales\\\/picardie-comte-de-ponthieu-gui-i-denier\\\/#breadcrumb\",\"itemListElement\":[{\"@type\":\"ListItem\",\"position\":1,\"name\":\"Accueil\",\"item\":\"https:\\\/\\\/www.numismeo.com\\\/\"},{\"@type\":\"ListItem\",\"position\":2,\"name\":\"BoutiqueTechnique\",\"item\":\"https:\\\/\\\/www.numismeo.com\\\/boutiquetechnique\\\/\"},{\"@type\":\"ListItem\",\"position\":3,\"name\":\"Picardie comte de Ponthieu Gui I denier\"}]},{\"@type\":\"WebSite\",\"@id\":\"https:\\\/\\\/www.numismeo.com\\\/#website\",\"url\":\"https:\\\/\\\/www.numismeo.com\\\/\",\"name\":\"Numismeo\",\"description\":\"MAISON CREUSY fond\u00e9 en 1974\",\"publisher\":{\"@id\":\"https:\\\/\\\/www.numismeo.com\\\/#organization\"},\"alternateName\":\"Maison Creusy\",\"potentialAction\":[{\"@type\":\"SearchAction\",\"target\":{\"@type\":\"EntryPoint\",\"urlTemplate\":\"https:\\\/\\\/www.numismeo.com\\\/?s={search_term_string}\"},\"query-input\":{\"@type\":\"PropertyValueSpecification\",\"valueRequired\":true,\"valueName\":\"search_term_string\"}}],\"inLanguage\":\"en-US\"},{\"@type\":\"Organization\",\"@id\":\"https:\\\/\\\/www.numismeo.com\\\/#organization\",\"name\":\"Maison Creusy\",\"alternateName\":\"Maison Creusy\",\"url\":\"https:\\\/\\\/www.numismeo.com\\\/\",\"logo\":{\"@type\":\"ImageObject\",\"inLanguage\":\"en-US\",\"@id\":\"https:\\\/\\\/www.numismeo.com\\\/#\\\/schema\\\/logo\\\/image\\\/\",\"url\":\"https:\\\/\\\/www.numismeo.com\\\/wp-content\\\/uploads\\\/2022\\\/09\\\/LogoPetit.jpg\",\"contentUrl\":\"https:\\\/\\\/www.numismeo.com\\\/wp-content\\\/uploads\\\/2022\\\/09\\\/LogoPetit.jpg\",\"width\":164,\"height\":164,\"caption\":\"Maison Creusy\"},\"image\":{\"@id\":\"https:\\\/\\\/www.numismeo.com\\\/#\\\/schema\\\/logo\\\/image\\\/\"},\"sameAs\":[\"https:\\\/\\\/www.facebook.com\\\/numismeo\"]}]}<\/script>\n<!-- \/ Yoast SEO plugin. -->","yoast_head_json":{"title":"Guy I count of Ponthieu AR denier","description":"Silver denarius minted for the County of Ponthieu in Picardy for Gui I. Minted around 1053-1100. Variety of reverse legend","robots":{"index":"index","follow":"follow","max-snippet":"max-snippet:-1","max-image-preview":"max-image-preview:large","max-video-preview":"max-video-preview:-1"},"canonical":"https:\/\/www.numismeo.com\/en\/boutique\/francaises\/feodales\/picardie-comte-de-ponthieu-gui-i-denier\/","og_locale":"en_US","og_type":"article","og_title":"Guy I count of Ponthieu AR denier","og_description":"Silver denarius minted for the County of Ponthieu in Picardy for Gui I. Minted around 1053-1100. Variety of reverse legend","og_url":"https:\/\/www.numismeo.com\/en\/boutique\/francaises\/feodales\/picardie-comte-de-ponthieu-gui-i-denier\/","og_site_name":"Numismeo","article_publisher":"https:\/\/www.facebook.com\/numismeo","article_modified_time":"2025-12-31T09:03:36+00:00","og_image":[{"width":1415,"height":1415,"url":"https:\/\/www.numismeo.com\/wp-content\/uploads\/2024\/10\/Feo-PicardiePonthieuDenier-PA6695-1.jpg","type":"image\/jpeg"}],"twitter_card":"summary_large_image","twitter_misc":{"Est. reading time":"1 minute"},"schema":{"@context":"https:\/\/schema.org","@graph":[{"@type":"WebPage","@id":"https:\/\/www.numismeo.com\/en\/boutique\/francaises\/feodales\/picardie-comte-de-ponthieu-gui-i-denier\/","url":"https:\/\/www.numismeo.com\/en\/boutique\/francaises\/feodales\/picardie-comte-de-ponthieu-gui-i-denier\/","name":"Picardie comte de Ponthieu Gui I denier - Numismeo","isPartOf":{"@id":"https:\/\/www.numismeo.com\/#website"},"primaryImageOfPage":{"@id":"https:\/\/www.numismeo.com\/boutique\/francaises\/feodales\/picardie-comte-de-ponthieu-gui-i-denier\/#primaryimage"},"image":{"@id":"https:\/\/www.numismeo.com\/boutique\/francaises\/feodales\/picardie-comte-de-ponthieu-gui-i-denier\/#primaryimage"},"thumbnailUrl":"https:\/\/www.numismeo.com\/wp-content\/uploads\/2024\/10\/Feo-PicardiePonthieuDenier-PA6695-1.jpg","datePublished":"2024-10-19T08:26:23+00:00","dateModified":"2025-12-31T09:03:36+00:00","description":"Denier en argent frapp\u00e9 pour le Comt\u00e9 de Ponthieu en Picardie pour Gui Ier. Monnaie frapp\u00e9e vers 1053-1100. Vari\u00e9t\u00e9 de l\u00e9gende de revers","breadcrumb":{"@id":"https:\/\/www.numismeo.com\/boutique\/francaises\/feodales\/picardie-comte-de-ponthieu-gui-i-denier\/#breadcrumb"},"inLanguage":"en-US","potentialAction":[{"@type":"ReadAction","target":["https:\/\/www.numismeo.com\/boutique\/francaises\/feodales\/picardie-comte-de-ponthieu-gui-i-denier\/"]}]},{"@type":"ImageObject","inLanguage":"en-US","@id":"https:\/\/www.numismeo.com\/boutique\/francaises\/feodales\/picardie-comte-de-ponthieu-gui-i-denier\/#primaryimage","url":"https:\/\/www.numismeo.com\/wp-content\/uploads\/2024\/10\/Feo-PicardiePonthieuDenier-PA6695-1.jpg","contentUrl":"https:\/\/www.numismeo.com\/wp-content\/uploads\/2024\/10\/Feo-PicardiePonthieuDenier-PA6695-1.jpg","width":1415,"height":1415},{"@type":"BreadcrumbList","@id":"https:\/\/www.numismeo.com\/boutique\/francaises\/feodales\/picardie-comte-de-ponthieu-gui-i-denier\/#breadcrumb","itemListElement":[{"@type":"ListItem","position":1,"name":"Accueil","item":"https:\/\/www.numismeo.com\/"},{"@type":"ListItem","position":2,"name":"BoutiqueTechnique","item":"https:\/\/www.numismeo.com\/boutiquetechnique\/"},{"@type":"ListItem","position":3,"name":"Picardie comte de Ponthieu Gui I denier"}]},{"@type":"WebSite","@id":"https:\/\/www.numismeo.com\/#website","url":"https:\/\/www.numismeo.com\/","name":"Numismeo","description":"MAISON CREUSY fond\u00e9 en 1974","publisher":{"@id":"https:\/\/www.numismeo.com\/#organization"},"alternateName":"Maison Creusy","potentialAction":[{"@type":"SearchAction","target":{"@type":"EntryPoint","urlTemplate":"https:\/\/www.numismeo.com\/?s={search_term_string}"},"query-input":{"@type":"PropertyValueSpecification","valueRequired":true,"valueName":"search_term_string"}}],"inLanguage":"en-US"},{"@type":"Organization","@id":"https:\/\/www.numismeo.com\/#organization","name":"Maison Creusy","alternateName":"Maison Creusy","url":"https:\/\/www.numismeo.com\/","logo":{"@type":"ImageObject","inLanguage":"en-US","@id":"https:\/\/www.numismeo.com\/#\/schema\/logo\/image\/","url":"https:\/\/www.numismeo.com\/wp-content\/uploads\/2022\/09\/LogoPetit.jpg","contentUrl":"https:\/\/www.numismeo.com\/wp-content\/uploads\/2022\/09\/LogoPetit.jpg","width":164,"height":164,"caption":"Maison Creusy"},"image":{"@id":"https:\/\/www.numismeo.com\/#\/schema\/logo\/image\/"},"sameAs":["https:\/\/www.facebook.com\/numismeo"]}]}},"_links":{"self":[{"href":"https:\/\/www.numismeo.com\/wp-json\/wp\/v2\/product\/38486","targetHints":{"allow":["GET"]}}],"collection":[{"href":"https:\/\/www.numismeo.com\/wp-json\/wp\/v2\/product"}],"about":[{"href":"https:\/\/www.numismeo.com\/wp-json\/wp\/v2\/types\/product"}],"wp:featuredmedia":[{"embeddable":true,"href":"https:\/\/www.numismeo.com\/wp-json\/wp\/v2\/media\/38478"}],"wp:attachment":[{"href":"https:\/\/www.numismeo.com\/wp-json\/wp\/v2\/media?parent=38486"}],"wp:term":[{"taxonomy":"product_brand","embeddable":true,"href":"https:\/\/www.numismeo.com\/wp-json\/wp\/v2\/product_brand?post=38486"},{"taxonomy":"product_cat","embeddable":true,"href":"https:\/\/www.numismeo.com\/wp-json\/wp\/v2\/product_cat?post=38486"},{"taxonomy":"product_tag","embeddable":true,"href":"https:\/\/www.numismeo.com\/wp-json\/wp\/v2\/product_tag?post=38486"}],"curies":[{"name":"wp","href":"https:\/\/api.w.org\/{rel}","templated":true}]}}