{"id":39351,"date":"2024-11-20T11:05:27","date_gmt":"2024-11-20T09:05:27","guid":{"rendered":"https:\/\/www.numismeo.com\/?post_type=product&#038;p=39351"},"modified":"2025-12-31T10:03:33","modified_gmt":"2025-12-31T09:03:33","slug":"bithynie-nicomede-iii-tetradrachme-frappe-en-119-118","status":"publish","type":"product","link":"https:\/\/www.numismeo.com\/en\/boutique\/antiques\/grecques\/bithynie-nicomede-iii-tetradrachme-frappe-en-119-118\/","title":{"rendered":"King of Bithynia Nkomedes III AR tetradrachm"},"content":{"rendered":"<p class=\"p1\">Silver tetradrachm minted in Bithynia under Nicomedes III Euergetes in 119-118 BC. Obverse: diademed head facing right. Reverse: Zeus standing.<\/p>\r\n<p class=\"p1\">Nicomedia (ancient Greek <b>\u039d\u03b9\u03ba\u03bf\u03bc\u03ae\u03b4\u03b5\u03b9\u03b1<\/b>, Nikom\u00eadeia), now known as \u0130zmit, is a historic city located in present-day Turkey, about 100 kilometers east of Istanbul. The city was founded in 264 BC by Nicomedes I, king of Bithynia, who made it the capital of his kingdom. The city was named in his honor. Under the Bithynian kings, Nicomedia flourished due to its strategic location near the Sea of Marmara and its ports, which facilitated maritime trade.<\/p>","protected":false},"excerpt":{"rendered":"<p>Silver tetradrachm minted in Bithynia under Nicomedes III Euergetes in 119-118 BC. Obverse: diademed head facing right. Reverse: Zeus standing. [&hellip;]<\/p>\n","protected":false},"featured_media":39349,"template":"","meta":{"_acf_changed":false,"site-sidebar-layout":"default","site-content-layout":"","ast-site-content-layout":"default","site-content-style":"default","site-sidebar-style":"default","ast-global-header-display":"","ast-banner-title-visibility":"","ast-main-header-display":"","ast-hfb-above-header-display":"","ast-hfb-below-header-display":"","ast-hfb-mobile-header-display":"","site-post-title":"","ast-breadcrumbs-content":"","ast-featured-img":"","footer-sml-layout":"","ast-disable-related-posts":"","theme-transparent-header-meta":"","adv-header-id-meta":"","stick-header-meta":"","header-above-stick-meta":"","header-main-stick-meta":"","header-below-stick-meta":"","astra-migrate-meta-layouts":"default","ast-page-background-enabled":"default","ast-page-background-meta":{"desktop":{"background-color":"var(--ast-global-color-5)","background-image":"","background-repeat":"repeat","background-position":"center center","background-size":"auto","background-attachment":"scroll","background-type":"","background-media":"","overlay-type":"","overlay-color":"","overlay-opacity":"","overlay-gradient":""},"tablet":{"background-color":"","background-image":"","background-repeat":"repeat","background-position":"center center","background-size":"auto","background-attachment":"scroll","background-type":"","background-media":"","overlay-type":"","overlay-color":"","overlay-opacity":"","overlay-gradient":""},"mobile":{"background-color":"","background-image":"","background-repeat":"repeat","background-position":"center center","background-size":"auto","background-attachment":"scroll","background-type":"","background-media":"","overlay-type":"","overlay-color":"","overlay-opacity":"","overlay-gradient":""}},"ast-content-background-meta":{"desktop":{"background-color":"var(--ast-global-color-4)","background-image":"","background-repeat":"repeat","background-position":"center center","background-size":"auto","background-attachment":"scroll","background-type":"","background-media":"","overlay-type":"","overlay-color":"","overlay-opacity":"","overlay-gradient":""},"tablet":{"background-color":"var(--ast-global-color-4)","background-image":"","background-repeat":"repeat","background-position":"center center","background-size":"auto","background-attachment":"scroll","background-type":"","background-media":"","overlay-type":"","overlay-color":"","overlay-opacity":"","overlay-gradient":""},"mobile":{"background-color":"var(--ast-global-color-4)","background-image":"","background-repeat":"repeat","background-position":"center center","background-size":"auto","background-attachment":"scroll","background-type":"","background-media":"","overlay-type":"","overlay-color":"","overlay-opacity":"","overlay-gradient":""}}},"product_brand":[],"product_cat":[91,121],"product_tag":[],"class_list":{"0":"post-39351","1":"product","2":"type-product","3":"status-publish","4":"has-post-thumbnail","6":"product_cat-antiques","7":"product_cat-grecques","8":"pa_anneefrappe1-119-118-avant-jc","9":"pa_atelier-nikomedeia","10":"pa_gradage-non","11":"pa_metal-b5-argent","12":"pa_provenance-non","13":"pa_qualite-13-tb_","14":"pa_region-f4-bithynie","15":"personnage-nicomede-iii","16":"desktop-align-left","17":"tablet-align-left","18":"mobile-align-left","20":"first","21":"instock","22":"sold-individually","23":"shipping-taxable","24":"purchasable","25":"product-type-simple"},"acf":[],"yoast_head":"<!-- This site is optimized with the Yoast SEO plugin v27.3 - https:\/\/yoast.com\/product\/yoast-seo-wordpress\/ -->\n<title>King of Bithynia Nkomedes III AR tetradrachm<\/title>\n<meta name=\"description\" content=\"Silver tetradrachm struck in Bithynia under Nicomedes III in 119-118 BC. Diademed head to the right on the obverse and Zeus standing on the reverse.\" \/>\n<meta name=\"robots\" content=\"index, follow, max-snippet:-1, max-image-preview:large, max-video-preview:-1\" \/>\n<link rel=\"canonical\" href=\"https:\/\/www.numismeo.com\/en\/boutique\/antiques\/grecques\/bithynie-nicomede-iii-tetradrachme-frappe-en-119-118\/\" \/>\n<meta property=\"og:locale\" content=\"en_US\" \/>\n<meta property=\"og:type\" content=\"article\" \/>\n<meta property=\"og:title\" content=\"King of Bithynia Nkomedes III AR tetradrachm\" \/>\n<meta property=\"og:description\" content=\"Silver tetradrachm struck in Bithynia under Nicomedes III in 119-118 BC. Diademed head to the right on the obverse and Zeus standing on the reverse.\" \/>\n<meta property=\"og:url\" content=\"https:\/\/www.numismeo.com\/en\/boutique\/antiques\/grecques\/bithynie-nicomede-iii-tetradrachme-frappe-en-119-118\/\" \/>\n<meta property=\"og:site_name\" content=\"Numismeo\" \/>\n<meta property=\"article:publisher\" content=\"https:\/\/www.facebook.com\/numismeo\" \/>\n<meta property=\"article:modified_time\" content=\"2025-12-31T09:03:33+00:00\" \/>\n<meta property=\"og:image\" content=\"https:\/\/www.numismeo.com\/wp-content\/uploads\/2024\/11\/Grec-BithynieNicomedeTetradrachme-HGC-645-2.jpg\" \/>\n\t<meta property=\"og:image:width\" content=\"1727\" \/>\n\t<meta property=\"og:image:height\" content=\"1727\" \/>\n\t<meta property=\"og:image:type\" content=\"image\/jpeg\" \/>\n<meta name=\"twitter:card\" content=\"summary_large_image\" \/>\n<meta name=\"twitter:label1\" content=\"Est. reading time\" \/>\n\t<meta name=\"twitter:data1\" content=\"1 minute\" \/>\n<script type=\"application\/ld+json\" class=\"yoast-schema-graph\">{\"@context\":\"https:\\\/\\\/schema.org\",\"@graph\":[{\"@type\":\"WebPage\",\"@id\":\"https:\\\/\\\/www.numismeo.com\\\/en\\\/boutique\\\/antiques\\\/grecques\\\/bithynie-nicomede-iii-tetradrachme-frappe-en-119-118\\\/\",\"url\":\"https:\\\/\\\/www.numismeo.com\\\/en\\\/boutique\\\/antiques\\\/grecques\\\/bithynie-nicomede-iii-tetradrachme-frappe-en-119-118\\\/\",\"name\":\"Bithynie Nicom\u00e8de III t\u00e9tradrachme frapp\u00e9 en 119-118 - Numismeo\",\"isPartOf\":{\"@id\":\"https:\\\/\\\/www.numismeo.com\\\/#website\"},\"primaryImageOfPage\":{\"@id\":\"https:\\\/\\\/www.numismeo.com\\\/boutique\\\/antiques\\\/grecques\\\/bithynie-nicomede-iii-tetradrachme-frappe-en-119-118\\\/#primaryimage\"},\"image\":{\"@id\":\"https:\\\/\\\/www.numismeo.com\\\/boutique\\\/antiques\\\/grecques\\\/bithynie-nicomede-iii-tetradrachme-frappe-en-119-118\\\/#primaryimage\"},\"thumbnailUrl\":\"https:\\\/\\\/www.numismeo.com\\\/wp-content\\\/uploads\\\/2024\\\/11\\\/Grec-BithynieNicomedeTetradrachme-HGC-645-2.jpg\",\"datePublished\":\"2024-11-20T09:05:27+00:00\",\"dateModified\":\"2025-12-31T09:03:33+00:00\",\"description\":\"Tetradrachme en argent frapp\u00e9 en Bithynie sous Nicom\u00e8de III en 119-118 avant JC. T\u00eate diad\u00e8me \u00e0 droite \u00e0 l'avers et Zeus debout au revers\",\"breadcrumb\":{\"@id\":\"https:\\\/\\\/www.numismeo.com\\\/boutique\\\/antiques\\\/grecques\\\/bithynie-nicomede-iii-tetradrachme-frappe-en-119-118\\\/#breadcrumb\"},\"inLanguage\":\"en-US\",\"potentialAction\":[{\"@type\":\"ReadAction\",\"target\":[\"https:\\\/\\\/www.numismeo.com\\\/boutique\\\/antiques\\\/grecques\\\/bithynie-nicomede-iii-tetradrachme-frappe-en-119-118\\\/\"]}]},{\"@type\":\"ImageObject\",\"inLanguage\":\"en-US\",\"@id\":\"https:\\\/\\\/www.numismeo.com\\\/boutique\\\/antiques\\\/grecques\\\/bithynie-nicomede-iii-tetradrachme-frappe-en-119-118\\\/#primaryimage\",\"url\":\"https:\\\/\\\/www.numismeo.com\\\/wp-content\\\/uploads\\\/2024\\\/11\\\/Grec-BithynieNicomedeTetradrachme-HGC-645-2.jpg\",\"contentUrl\":\"https:\\\/\\\/www.numismeo.com\\\/wp-content\\\/uploads\\\/2024\\\/11\\\/Grec-BithynieNicomedeTetradrachme-HGC-645-2.jpg\",\"width\":1727,\"height\":1727},{\"@type\":\"BreadcrumbList\",\"@id\":\"https:\\\/\\\/www.numismeo.com\\\/boutique\\\/antiques\\\/grecques\\\/bithynie-nicomede-iii-tetradrachme-frappe-en-119-118\\\/#breadcrumb\",\"itemListElement\":[{\"@type\":\"ListItem\",\"position\":1,\"name\":\"Accueil\",\"item\":\"https:\\\/\\\/www.numismeo.com\\\/\"},{\"@type\":\"ListItem\",\"position\":2,\"name\":\"BoutiqueTechnique\",\"item\":\"https:\\\/\\\/www.numismeo.com\\\/boutiquetechnique\\\/\"},{\"@type\":\"ListItem\",\"position\":3,\"name\":\"Bithynie Nicom\u00e8de III t\u00e9tradrachme frapp\u00e9 en 119-118\"}]},{\"@type\":\"WebSite\",\"@id\":\"https:\\\/\\\/www.numismeo.com\\\/#website\",\"url\":\"https:\\\/\\\/www.numismeo.com\\\/\",\"name\":\"Numismeo\",\"description\":\"MAISON CREUSY fond\u00e9 en 1974\",\"publisher\":{\"@id\":\"https:\\\/\\\/www.numismeo.com\\\/#organization\"},\"alternateName\":\"Maison Creusy\",\"potentialAction\":[{\"@type\":\"SearchAction\",\"target\":{\"@type\":\"EntryPoint\",\"urlTemplate\":\"https:\\\/\\\/www.numismeo.com\\\/?s={search_term_string}\"},\"query-input\":{\"@type\":\"PropertyValueSpecification\",\"valueRequired\":true,\"valueName\":\"search_term_string\"}}],\"inLanguage\":\"en-US\"},{\"@type\":\"Organization\",\"@id\":\"https:\\\/\\\/www.numismeo.com\\\/#organization\",\"name\":\"Maison Creusy\",\"alternateName\":\"Maison Creusy\",\"url\":\"https:\\\/\\\/www.numismeo.com\\\/\",\"logo\":{\"@type\":\"ImageObject\",\"inLanguage\":\"en-US\",\"@id\":\"https:\\\/\\\/www.numismeo.com\\\/#\\\/schema\\\/logo\\\/image\\\/\",\"url\":\"https:\\\/\\\/www.numismeo.com\\\/wp-content\\\/uploads\\\/2022\\\/09\\\/LogoPetit.jpg\",\"contentUrl\":\"https:\\\/\\\/www.numismeo.com\\\/wp-content\\\/uploads\\\/2022\\\/09\\\/LogoPetit.jpg\",\"width\":164,\"height\":164,\"caption\":\"Maison Creusy\"},\"image\":{\"@id\":\"https:\\\/\\\/www.numismeo.com\\\/#\\\/schema\\\/logo\\\/image\\\/\"},\"sameAs\":[\"https:\\\/\\\/www.facebook.com\\\/numismeo\"]}]}<\/script>\n<!-- \/ Yoast SEO plugin. -->","yoast_head_json":{"title":"King of Bithynia Nkomedes III AR tetradrachm","description":"Silver tetradrachm struck in Bithynia under Nicomedes III in 119-118 BC. Diademed head to the right on the obverse and Zeus standing on the reverse.","robots":{"index":"index","follow":"follow","max-snippet":"max-snippet:-1","max-image-preview":"max-image-preview:large","max-video-preview":"max-video-preview:-1"},"canonical":"https:\/\/www.numismeo.com\/en\/boutique\/antiques\/grecques\/bithynie-nicomede-iii-tetradrachme-frappe-en-119-118\/","og_locale":"en_US","og_type":"article","og_title":"King of Bithynia Nkomedes III AR tetradrachm","og_description":"Silver tetradrachm struck in Bithynia under Nicomedes III in 119-118 BC. Diademed head to the right on the obverse and Zeus standing on the reverse.","og_url":"https:\/\/www.numismeo.com\/en\/boutique\/antiques\/grecques\/bithynie-nicomede-iii-tetradrachme-frappe-en-119-118\/","og_site_name":"Numismeo","article_publisher":"https:\/\/www.facebook.com\/numismeo","article_modified_time":"2025-12-31T09:03:33+00:00","og_image":[{"width":1727,"height":1727,"url":"https:\/\/www.numismeo.com\/wp-content\/uploads\/2024\/11\/Grec-BithynieNicomedeTetradrachme-HGC-645-2.jpg","type":"image\/jpeg"}],"twitter_card":"summary_large_image","twitter_misc":{"Est. reading time":"1 minute"},"schema":{"@context":"https:\/\/schema.org","@graph":[{"@type":"WebPage","@id":"https:\/\/www.numismeo.com\/en\/boutique\/antiques\/grecques\/bithynie-nicomede-iii-tetradrachme-frappe-en-119-118\/","url":"https:\/\/www.numismeo.com\/en\/boutique\/antiques\/grecques\/bithynie-nicomede-iii-tetradrachme-frappe-en-119-118\/","name":"Bithynie Nicom\u00e8de III t\u00e9tradrachme frapp\u00e9 en 119-118 - Numismeo","isPartOf":{"@id":"https:\/\/www.numismeo.com\/#website"},"primaryImageOfPage":{"@id":"https:\/\/www.numismeo.com\/boutique\/antiques\/grecques\/bithynie-nicomede-iii-tetradrachme-frappe-en-119-118\/#primaryimage"},"image":{"@id":"https:\/\/www.numismeo.com\/boutique\/antiques\/grecques\/bithynie-nicomede-iii-tetradrachme-frappe-en-119-118\/#primaryimage"},"thumbnailUrl":"https:\/\/www.numismeo.com\/wp-content\/uploads\/2024\/11\/Grec-BithynieNicomedeTetradrachme-HGC-645-2.jpg","datePublished":"2024-11-20T09:05:27+00:00","dateModified":"2025-12-31T09:03:33+00:00","description":"Tetradrachme en argent frapp\u00e9 en Bithynie sous Nicom\u00e8de III en 119-118 avant JC. T\u00eate diad\u00e8me \u00e0 droite \u00e0 l'avers et Zeus debout au revers","breadcrumb":{"@id":"https:\/\/www.numismeo.com\/boutique\/antiques\/grecques\/bithynie-nicomede-iii-tetradrachme-frappe-en-119-118\/#breadcrumb"},"inLanguage":"en-US","potentialAction":[{"@type":"ReadAction","target":["https:\/\/www.numismeo.com\/boutique\/antiques\/grecques\/bithynie-nicomede-iii-tetradrachme-frappe-en-119-118\/"]}]},{"@type":"ImageObject","inLanguage":"en-US","@id":"https:\/\/www.numismeo.com\/boutique\/antiques\/grecques\/bithynie-nicomede-iii-tetradrachme-frappe-en-119-118\/#primaryimage","url":"https:\/\/www.numismeo.com\/wp-content\/uploads\/2024\/11\/Grec-BithynieNicomedeTetradrachme-HGC-645-2.jpg","contentUrl":"https:\/\/www.numismeo.com\/wp-content\/uploads\/2024\/11\/Grec-BithynieNicomedeTetradrachme-HGC-645-2.jpg","width":1727,"height":1727},{"@type":"BreadcrumbList","@id":"https:\/\/www.numismeo.com\/boutique\/antiques\/grecques\/bithynie-nicomede-iii-tetradrachme-frappe-en-119-118\/#breadcrumb","itemListElement":[{"@type":"ListItem","position":1,"name":"Accueil","item":"https:\/\/www.numismeo.com\/"},{"@type":"ListItem","position":2,"name":"BoutiqueTechnique","item":"https:\/\/www.numismeo.com\/boutiquetechnique\/"},{"@type":"ListItem","position":3,"name":"Bithynie Nicom\u00e8de III t\u00e9tradrachme frapp\u00e9 en 119-118"}]},{"@type":"WebSite","@id":"https:\/\/www.numismeo.com\/#website","url":"https:\/\/www.numismeo.com\/","name":"Numismeo","description":"MAISON CREUSY fond\u00e9 en 1974","publisher":{"@id":"https:\/\/www.numismeo.com\/#organization"},"alternateName":"Maison Creusy","potentialAction":[{"@type":"SearchAction","target":{"@type":"EntryPoint","urlTemplate":"https:\/\/www.numismeo.com\/?s={search_term_string}"},"query-input":{"@type":"PropertyValueSpecification","valueRequired":true,"valueName":"search_term_string"}}],"inLanguage":"en-US"},{"@type":"Organization","@id":"https:\/\/www.numismeo.com\/#organization","name":"Maison Creusy","alternateName":"Maison Creusy","url":"https:\/\/www.numismeo.com\/","logo":{"@type":"ImageObject","inLanguage":"en-US","@id":"https:\/\/www.numismeo.com\/#\/schema\/logo\/image\/","url":"https:\/\/www.numismeo.com\/wp-content\/uploads\/2022\/09\/LogoPetit.jpg","contentUrl":"https:\/\/www.numismeo.com\/wp-content\/uploads\/2022\/09\/LogoPetit.jpg","width":164,"height":164,"caption":"Maison Creusy"},"image":{"@id":"https:\/\/www.numismeo.com\/#\/schema\/logo\/image\/"},"sameAs":["https:\/\/www.facebook.com\/numismeo"]}]}},"_links":{"self":[{"href":"https:\/\/www.numismeo.com\/wp-json\/wp\/v2\/product\/39351","targetHints":{"allow":["GET"]}}],"collection":[{"href":"https:\/\/www.numismeo.com\/wp-json\/wp\/v2\/product"}],"about":[{"href":"https:\/\/www.numismeo.com\/wp-json\/wp\/v2\/types\/product"}],"wp:featuredmedia":[{"embeddable":true,"href":"https:\/\/www.numismeo.com\/wp-json\/wp\/v2\/media\/39349"}],"wp:attachment":[{"href":"https:\/\/www.numismeo.com\/wp-json\/wp\/v2\/media?parent=39351"}],"wp:term":[{"taxonomy":"product_brand","embeddable":true,"href":"https:\/\/www.numismeo.com\/wp-json\/wp\/v2\/product_brand?post=39351"},{"taxonomy":"product_cat","embeddable":true,"href":"https:\/\/www.numismeo.com\/wp-json\/wp\/v2\/product_cat?post=39351"},{"taxonomy":"product_tag","embeddable":true,"href":"https:\/\/www.numismeo.com\/wp-json\/wp\/v2\/product_tag?post=39351"}],"curies":[{"name":"wp","href":"https:\/\/api.w.org\/{rel}","templated":true}]}}