{"id":42529,"date":"2025-02-17T16:54:22","date_gmt":"2025-02-17T14:54:22","guid":{"rendered":"https:\/\/www.numismeo.com\/?post_type=product&#038;p=42529"},"modified":"2026-01-27T11:40:32","modified_gmt":"2026-01-27T10:40:32","slug":"louis-xiv-medaille-en-bronze-1691","status":"publish","type":"product","link":"https:\/\/www.numismeo.com\/en\/boutique\/medailles-et-jetons\/medailles\/louis-xiv-medaille-en-bronze-1691\/","title":{"rendered":"Louis XIV AE medal 1691"},"content":{"rendered":"<p class=\"p1\">Large bronze medal of Louis XIV. The reverse is divided into two sections: at the top, the city of MONS in Hainaut; at the bottom, a map of the Nice region.<\/p>","protected":false},"excerpt":{"rendered":"<p>Large bronze medal of Louis XIV. The reverse is divided into two sections: at the top, the city of MONS [&hellip;]<\/p>\n","protected":false},"featured_media":52652,"template":"","meta":{"_acf_changed":false,"site-sidebar-layout":"default","site-content-layout":"","ast-site-content-layout":"default","site-content-style":"default","site-sidebar-style":"default","ast-global-header-display":"","ast-banner-title-visibility":"","ast-main-header-display":"","ast-hfb-above-header-display":"","ast-hfb-below-header-display":"","ast-hfb-mobile-header-display":"","site-post-title":"","ast-breadcrumbs-content":"","ast-featured-img":"","footer-sml-layout":"","ast-disable-related-posts":"","theme-transparent-header-meta":"default","adv-header-id-meta":"","stick-header-meta":"","header-above-stick-meta":"","header-main-stick-meta":"","header-below-stick-meta":"","astra-migrate-meta-layouts":"set","ast-page-background-enabled":"default","ast-page-background-meta":{"desktop":{"background-color":"var(--ast-global-color-5)","background-image":"","background-repeat":"repeat","background-position":"center center","background-size":"auto","background-attachment":"scroll","background-type":"","background-media":"","overlay-type":"","overlay-color":"","overlay-opacity":"","overlay-gradient":""},"tablet":{"background-color":"","background-image":"","background-repeat":"repeat","background-position":"center center","background-size":"auto","background-attachment":"scroll","background-type":"","background-media":"","overlay-type":"","overlay-color":"","overlay-opacity":"","overlay-gradient":""},"mobile":{"background-color":"","background-image":"","background-repeat":"repeat","background-position":"center center","background-size":"auto","background-attachment":"scroll","background-type":"","background-media":"","overlay-type":"","overlay-color":"","overlay-opacity":"","overlay-gradient":""}},"ast-content-background-meta":{"desktop":{"background-color":"var(--ast-global-color-4)","background-image":"","background-repeat":"repeat","background-position":"center center","background-size":"auto","background-attachment":"scroll","background-type":"","background-media":"","overlay-type":"","overlay-color":"","overlay-opacity":"","overlay-gradient":""},"tablet":{"background-color":"var(--ast-global-color-4)","background-image":"","background-repeat":"repeat","background-position":"center center","background-size":"auto","background-attachment":"scroll","background-type":"","background-media":"","overlay-type":"","overlay-color":"","overlay-opacity":"","overlay-gradient":""},"mobile":{"background-color":"var(--ast-global-color-4)","background-image":"","background-repeat":"repeat","background-position":"center center","background-size":"auto","background-attachment":"scroll","background-type":"","background-media":"","overlay-type":"","overlay-color":"","overlay-opacity":"","overlay-gradient":""}}},"product_brand":[],"product_cat":[117,97],"product_tag":[],"class_list":{"0":"post-42529","1":"product","2":"type-product","3":"status-publish","4":"has-post-thumbnail","6":"product_cat-medailles","7":"product_cat-medailles-et-jetons","8":"pa_anneefrappe1-16-1691","9":"pa_gradage-non","10":"pa_graveur-nicolas-delahaye","11":"pa_metal-be-bronze","12":"pa_provenance-non","13":"pa_qualite-59-sup","14":"personnage-louis-xiv","15":"desktop-align-left","16":"tablet-align-left","17":"mobile-align-left","19":"first","20":"instock","21":"sold-individually","22":"shipping-taxable","23":"purchasable","24":"product-type-simple"},"acf":[],"yoast_head":"<!-- This site is optimized with the Yoast SEO plugin v27.4 - https:\/\/yoast.com\/product\/yoast-seo-wordpress\/ -->\n<title>Louis XIV AE medal 1691<\/title>\n<meta name=\"description\" content=\"Bronze medal of Louis XIV, medal the reverse is separated into two parts top the city of MONS in Hainaut bottom a plan of the region of Nice\" \/>\n<meta name=\"robots\" content=\"index, follow, max-snippet:-1, max-image-preview:large, max-video-preview:-1\" \/>\n<link rel=\"canonical\" href=\"https:\/\/www.numismeo.com\/en\/boutique\/medailles-et-jetons\/medailles\/louis-xiv-medaille-en-bronze-1691\/\" \/>\n<meta property=\"og:locale\" content=\"en_US\" \/>\n<meta property=\"og:type\" content=\"article\" \/>\n<meta property=\"og:title\" content=\"Louis XIV AE medal 1691\" \/>\n<meta property=\"og:description\" content=\"Bronze medal of Louis XIV, medal the reverse is separated into two parts top the city of MONS in Hainaut bottom a plan of the region of Nice\" \/>\n<meta property=\"og:url\" content=\"https:\/\/www.numismeo.com\/en\/boutique\/medailles-et-jetons\/medailles\/louis-xiv-medaille-en-bronze-1691\/\" \/>\n<meta property=\"og:site_name\" content=\"Numismeo\" \/>\n<meta property=\"article:publisher\" content=\"https:\/\/www.facebook.com\/numismeo\" \/>\n<meta property=\"article:modified_time\" content=\"2026-01-27T10:40:32+00:00\" \/>\n<meta property=\"og:image\" content=\"https:\/\/www.numismeo.com\/wp-content\/uploads\/2025\/02\/Med-LouisXIVBronzeMonsetNice-2.webp\" \/>\n\t<meta property=\"og:image:width\" content=\"1500\" \/>\n\t<meta property=\"og:image:height\" content=\"1500\" \/>\n\t<meta property=\"og:image:type\" content=\"image\/webp\" \/>\n<meta name=\"twitter:card\" content=\"summary_large_image\" \/>\n<meta name=\"twitter:label1\" content=\"Est. reading time\" \/>\n\t<meta name=\"twitter:data1\" content=\"1 minute\" \/>\n<script type=\"application\/ld+json\" class=\"yoast-schema-graph\">{\"@context\":\"https:\\\/\\\/schema.org\",\"@graph\":[{\"@type\":\"WebPage\",\"@id\":\"https:\\\/\\\/www.numismeo.com\\\/en\\\/boutique\\\/medailles-et-jetons\\\/medailles\\\/louis-xiv-medaille-en-bronze-1691\\\/\",\"url\":\"https:\\\/\\\/www.numismeo.com\\\/en\\\/boutique\\\/medailles-et-jetons\\\/medailles\\\/louis-xiv-medaille-en-bronze-1691\\\/\",\"name\":\"Louis XIV m\u00e9daille en bronze 1691 - Numismeo\",\"isPartOf\":{\"@id\":\"https:\\\/\\\/www.numismeo.com\\\/#website\"},\"primaryImageOfPage\":{\"@id\":\"https:\\\/\\\/www.numismeo.com\\\/boutique\\\/medailles-et-jetons\\\/medailles\\\/louis-xiv-medaille-en-bronze-1691\\\/#primaryimage\"},\"image\":{\"@id\":\"https:\\\/\\\/www.numismeo.com\\\/boutique\\\/medailles-et-jetons\\\/medailles\\\/louis-xiv-medaille-en-bronze-1691\\\/#primaryimage\"},\"thumbnailUrl\":\"https:\\\/\\\/www.numismeo.com\\\/wp-content\\\/uploads\\\/2025\\\/02\\\/Med-LouisXIVBronzeMonsetNice-1.webp\",\"datePublished\":\"2025-02-17T14:54:22+00:00\",\"dateModified\":\"2026-01-27T10:40:32+00:00\",\"description\":\"M\u00e9daille en bronze de Louis XIV, m\u00e9daille le revers est s\u00e9par\u00e9 en deux parties en haut la ville de MONS en Hainaut en bas un plan de la r\u00e9gion de Nice\",\"breadcrumb\":{\"@id\":\"https:\\\/\\\/www.numismeo.com\\\/boutique\\\/medailles-et-jetons\\\/medailles\\\/louis-xiv-medaille-en-bronze-1691\\\/#breadcrumb\"},\"inLanguage\":\"en-US\",\"potentialAction\":[{\"@type\":\"ReadAction\",\"target\":[\"https:\\\/\\\/www.numismeo.com\\\/boutique\\\/medailles-et-jetons\\\/medailles\\\/louis-xiv-medaille-en-bronze-1691\\\/\"]}]},{\"@type\":\"ImageObject\",\"inLanguage\":\"en-US\",\"@id\":\"https:\\\/\\\/www.numismeo.com\\\/boutique\\\/medailles-et-jetons\\\/medailles\\\/louis-xiv-medaille-en-bronze-1691\\\/#primaryimage\",\"url\":\"https:\\\/\\\/www.numismeo.com\\\/wp-content\\\/uploads\\\/2025\\\/02\\\/Med-LouisXIVBronzeMonsetNice-1.webp\",\"contentUrl\":\"https:\\\/\\\/www.numismeo.com\\\/wp-content\\\/uploads\\\/2025\\\/02\\\/Med-LouisXIVBronzeMonsetNice-1.webp\",\"width\":1500,\"height\":1500},{\"@type\":\"BreadcrumbList\",\"@id\":\"https:\\\/\\\/www.numismeo.com\\\/boutique\\\/medailles-et-jetons\\\/medailles\\\/louis-xiv-medaille-en-bronze-1691\\\/#breadcrumb\",\"itemListElement\":[{\"@type\":\"ListItem\",\"position\":1,\"name\":\"Accueil\",\"item\":\"https:\\\/\\\/www.numismeo.com\\\/\"},{\"@type\":\"ListItem\",\"position\":2,\"name\":\"BoutiqueTechnique\",\"item\":\"https:\\\/\\\/www.numismeo.com\\\/boutiquetechnique\\\/\"},{\"@type\":\"ListItem\",\"position\":3,\"name\":\"Louis XIV m\u00e9daille en bronze 1691\"}]},{\"@type\":\"WebSite\",\"@id\":\"https:\\\/\\\/www.numismeo.com\\\/#website\",\"url\":\"https:\\\/\\\/www.numismeo.com\\\/\",\"name\":\"Numismeo\",\"description\":\"MAISON CREUSY fond\u00e9 en 1974\",\"publisher\":{\"@id\":\"https:\\\/\\\/www.numismeo.com\\\/#organization\"},\"alternateName\":\"Maison Creusy\",\"potentialAction\":[{\"@type\":\"SearchAction\",\"target\":{\"@type\":\"EntryPoint\",\"urlTemplate\":\"https:\\\/\\\/www.numismeo.com\\\/?s={search_term_string}\"},\"query-input\":{\"@type\":\"PropertyValueSpecification\",\"valueRequired\":true,\"valueName\":\"search_term_string\"}}],\"inLanguage\":\"en-US\"},{\"@type\":\"Organization\",\"@id\":\"https:\\\/\\\/www.numismeo.com\\\/#organization\",\"name\":\"Maison Creusy\",\"alternateName\":\"Maison Creusy\",\"url\":\"https:\\\/\\\/www.numismeo.com\\\/\",\"logo\":{\"@type\":\"ImageObject\",\"inLanguage\":\"en-US\",\"@id\":\"https:\\\/\\\/www.numismeo.com\\\/#\\\/schema\\\/logo\\\/image\\\/\",\"url\":\"https:\\\/\\\/www.numismeo.com\\\/wp-content\\\/uploads\\\/2022\\\/09\\\/LogoPetit.jpg\",\"contentUrl\":\"https:\\\/\\\/www.numismeo.com\\\/wp-content\\\/uploads\\\/2022\\\/09\\\/LogoPetit.jpg\",\"width\":164,\"height\":164,\"caption\":\"Maison Creusy\"},\"image\":{\"@id\":\"https:\\\/\\\/www.numismeo.com\\\/#\\\/schema\\\/logo\\\/image\\\/\"},\"sameAs\":[\"https:\\\/\\\/www.facebook.com\\\/numismeo\"]}]}<\/script>\n<!-- \/ Yoast SEO plugin. -->","yoast_head_json":{"title":"Louis XIV AE medal 1691","description":"Bronze medal of Louis XIV, medal the reverse is separated into two parts top the city of MONS in Hainaut bottom a plan of the region of Nice","robots":{"index":"index","follow":"follow","max-snippet":"max-snippet:-1","max-image-preview":"max-image-preview:large","max-video-preview":"max-video-preview:-1"},"canonical":"https:\/\/www.numismeo.com\/en\/boutique\/medailles-et-jetons\/medailles\/louis-xiv-medaille-en-bronze-1691\/","og_locale":"en_US","og_type":"article","og_title":"Louis XIV AE medal 1691","og_description":"Bronze medal of Louis XIV, medal the reverse is separated into two parts top the city of MONS in Hainaut bottom a plan of the region of Nice","og_url":"https:\/\/www.numismeo.com\/en\/boutique\/medailles-et-jetons\/medailles\/louis-xiv-medaille-en-bronze-1691\/","og_site_name":"Numismeo","article_publisher":"https:\/\/www.facebook.com\/numismeo","article_modified_time":"2026-01-27T10:40:32+00:00","og_image":[{"width":1500,"height":1500,"url":"https:\/\/www.numismeo.com\/wp-content\/uploads\/2025\/02\/Med-LouisXIVBronzeMonsetNice-2.webp","type":"image\/webp"}],"twitter_card":"summary_large_image","twitter_misc":{"Est. reading time":"1 minute"},"schema":{"@context":"https:\/\/schema.org","@graph":[{"@type":"WebPage","@id":"https:\/\/www.numismeo.com\/en\/boutique\/medailles-et-jetons\/medailles\/louis-xiv-medaille-en-bronze-1691\/","url":"https:\/\/www.numismeo.com\/en\/boutique\/medailles-et-jetons\/medailles\/louis-xiv-medaille-en-bronze-1691\/","name":"Louis XIV m\u00e9daille en bronze 1691 - Numismeo","isPartOf":{"@id":"https:\/\/www.numismeo.com\/#website"},"primaryImageOfPage":{"@id":"https:\/\/www.numismeo.com\/boutique\/medailles-et-jetons\/medailles\/louis-xiv-medaille-en-bronze-1691\/#primaryimage"},"image":{"@id":"https:\/\/www.numismeo.com\/boutique\/medailles-et-jetons\/medailles\/louis-xiv-medaille-en-bronze-1691\/#primaryimage"},"thumbnailUrl":"https:\/\/www.numismeo.com\/wp-content\/uploads\/2025\/02\/Med-LouisXIVBronzeMonsetNice-1.webp","datePublished":"2025-02-17T14:54:22+00:00","dateModified":"2026-01-27T10:40:32+00:00","description":"M\u00e9daille en bronze de Louis XIV, m\u00e9daille le revers est s\u00e9par\u00e9 en deux parties en haut la ville de MONS en Hainaut en bas un plan de la r\u00e9gion de Nice","breadcrumb":{"@id":"https:\/\/www.numismeo.com\/boutique\/medailles-et-jetons\/medailles\/louis-xiv-medaille-en-bronze-1691\/#breadcrumb"},"inLanguage":"en-US","potentialAction":[{"@type":"ReadAction","target":["https:\/\/www.numismeo.com\/boutique\/medailles-et-jetons\/medailles\/louis-xiv-medaille-en-bronze-1691\/"]}]},{"@type":"ImageObject","inLanguage":"en-US","@id":"https:\/\/www.numismeo.com\/boutique\/medailles-et-jetons\/medailles\/louis-xiv-medaille-en-bronze-1691\/#primaryimage","url":"https:\/\/www.numismeo.com\/wp-content\/uploads\/2025\/02\/Med-LouisXIVBronzeMonsetNice-1.webp","contentUrl":"https:\/\/www.numismeo.com\/wp-content\/uploads\/2025\/02\/Med-LouisXIVBronzeMonsetNice-1.webp","width":1500,"height":1500},{"@type":"BreadcrumbList","@id":"https:\/\/www.numismeo.com\/boutique\/medailles-et-jetons\/medailles\/louis-xiv-medaille-en-bronze-1691\/#breadcrumb","itemListElement":[{"@type":"ListItem","position":1,"name":"Accueil","item":"https:\/\/www.numismeo.com\/"},{"@type":"ListItem","position":2,"name":"BoutiqueTechnique","item":"https:\/\/www.numismeo.com\/boutiquetechnique\/"},{"@type":"ListItem","position":3,"name":"Louis XIV m\u00e9daille en bronze 1691"}]},{"@type":"WebSite","@id":"https:\/\/www.numismeo.com\/#website","url":"https:\/\/www.numismeo.com\/","name":"Numismeo","description":"MAISON CREUSY fond\u00e9 en 1974","publisher":{"@id":"https:\/\/www.numismeo.com\/#organization"},"alternateName":"Maison Creusy","potentialAction":[{"@type":"SearchAction","target":{"@type":"EntryPoint","urlTemplate":"https:\/\/www.numismeo.com\/?s={search_term_string}"},"query-input":{"@type":"PropertyValueSpecification","valueRequired":true,"valueName":"search_term_string"}}],"inLanguage":"en-US"},{"@type":"Organization","@id":"https:\/\/www.numismeo.com\/#organization","name":"Maison Creusy","alternateName":"Maison Creusy","url":"https:\/\/www.numismeo.com\/","logo":{"@type":"ImageObject","inLanguage":"en-US","@id":"https:\/\/www.numismeo.com\/#\/schema\/logo\/image\/","url":"https:\/\/www.numismeo.com\/wp-content\/uploads\/2022\/09\/LogoPetit.jpg","contentUrl":"https:\/\/www.numismeo.com\/wp-content\/uploads\/2022\/09\/LogoPetit.jpg","width":164,"height":164,"caption":"Maison Creusy"},"image":{"@id":"https:\/\/www.numismeo.com\/#\/schema\/logo\/image\/"},"sameAs":["https:\/\/www.facebook.com\/numismeo"]}]}},"_links":{"self":[{"href":"https:\/\/www.numismeo.com\/wp-json\/wp\/v2\/product\/42529","targetHints":{"allow":["GET"]}}],"collection":[{"href":"https:\/\/www.numismeo.com\/wp-json\/wp\/v2\/product"}],"about":[{"href":"https:\/\/www.numismeo.com\/wp-json\/wp\/v2\/types\/product"}],"wp:featuredmedia":[{"embeddable":true,"href":"https:\/\/www.numismeo.com\/wp-json\/wp\/v2\/media\/52652"}],"wp:attachment":[{"href":"https:\/\/www.numismeo.com\/wp-json\/wp\/v2\/media?parent=42529"}],"wp:term":[{"taxonomy":"product_brand","embeddable":true,"href":"https:\/\/www.numismeo.com\/wp-json\/wp\/v2\/product_brand?post=42529"},{"taxonomy":"product_cat","embeddable":true,"href":"https:\/\/www.numismeo.com\/wp-json\/wp\/v2\/product_cat?post=42529"},{"taxonomy":"product_tag","embeddable":true,"href":"https:\/\/www.numismeo.com\/wp-json\/wp\/v2\/product_tag?post=42529"}],"curies":[{"name":"wp","href":"https:\/\/api.w.org\/{rel}","templated":true}]}}