{"id":43635,"date":"2025-03-25T11:05:18","date_gmt":"2025-03-25T10:05:18","guid":{"rendered":"https:\/\/www.numismeo.com\/?post_type=product&#038;p=43635"},"modified":"2026-03-07T16:00:32","modified_gmt":"2026-03-07T15:00:32","slug":"haiti-5-gourdes-1969-ic-pr62","status":"publish","type":"product","link":"https:\/\/www.numismeo.com\/en\/boutique\/etrangeres\/amerique-latine\/haiti-5-gourdes-1969-ic-pr62\/","title":{"rendered":"Haiti 5 gourdes 1969 IC PR62"},"content":{"rendered":"<p class=\"p1\">Silver coin with 999\u2030 fineness, 5 gourdes of Haiti, struck in 1969 to commemorate the tenth anniversary of the revolution and the discovery of America by Christopher Columbus. Features Christopher Columbus\u2019s three ships (Ni\u00f1a, Santa Mar\u00eda, Pinta) and the island of Haiti.<\/p>\r\n<a href=\"https:\/\/www.pcgseurope.com\/Cert\/17290372\" target=\"_blank\" rel=\"noopener\">Certificat PCGS<\/a>","protected":false},"excerpt":{"rendered":"<p>Silver coin with 999\u2030 fineness, 5 gourdes of Haiti, struck in 1969 to commemorate the tenth anniversary of the revolution [&hellip;]<\/p>\n","protected":false},"featured_media":43631,"template":"","meta":{"_acf_changed":false,"site-sidebar-layout":"default","site-content-layout":"","ast-site-content-layout":"default","site-content-style":"default","site-sidebar-style":"default","ast-global-header-display":"","ast-banner-title-visibility":"","ast-main-header-display":"","ast-hfb-above-header-display":"","ast-hfb-below-header-display":"","ast-hfb-mobile-header-display":"","site-post-title":"","ast-breadcrumbs-content":"","ast-featured-img":"","footer-sml-layout":"","ast-disable-related-posts":"","theme-transparent-header-meta":"","adv-header-id-meta":"","stick-header-meta":"","header-above-stick-meta":"","header-main-stick-meta":"","header-below-stick-meta":"","astra-migrate-meta-layouts":"default","ast-page-background-enabled":"default","ast-page-background-meta":{"desktop":{"background-color":"var(--ast-global-color-5)","background-image":"","background-repeat":"repeat","background-position":"center center","background-size":"auto","background-attachment":"scroll","background-type":"","background-media":"","overlay-type":"","overlay-color":"","overlay-opacity":"","overlay-gradient":""},"tablet":{"background-color":"","background-image":"","background-repeat":"repeat","background-position":"center center","background-size":"auto","background-attachment":"scroll","background-type":"","background-media":"","overlay-type":"","overlay-color":"","overlay-opacity":"","overlay-gradient":""},"mobile":{"background-color":"","background-image":"","background-repeat":"repeat","background-position":"center center","background-size":"auto","background-attachment":"scroll","background-type":"","background-media":"","overlay-type":"","overlay-color":"","overlay-opacity":"","overlay-gradient":""}},"ast-content-background-meta":{"desktop":{"background-color":"var(--ast-global-color-4)","background-image":"","background-repeat":"repeat","background-position":"center center","background-size":"auto","background-attachment":"scroll","background-type":"","background-media":"","overlay-type":"","overlay-color":"","overlay-opacity":"","overlay-gradient":""},"tablet":{"background-color":"var(--ast-global-color-4)","background-image":"","background-repeat":"repeat","background-position":"center center","background-size":"auto","background-attachment":"scroll","background-type":"","background-media":"","overlay-type":"","overlay-color":"","overlay-opacity":"","overlay-gradient":""},"mobile":{"background-color":"var(--ast-global-color-4)","background-image":"","background-repeat":"repeat","background-position":"center center","background-size":"auto","background-attachment":"scroll","background-type":"","background-media":"","overlay-type":"","overlay-color":"","overlay-opacity":"","overlay-gradient":""}}},"product_brand":[],"product_cat":[129,95],"product_tag":[],"class_list":{"0":"post-43635","1":"product","2":"type-product","3":"status-publish","4":"has-post-thumbnail","6":"product_cat-amerique-latine","7":"product_cat-etrangeres","8":"pa_anneefrappe1-12147","9":"pa_gradage-non","10":"pa_metal-b5-argent","11":"pa_pays-haiti","12":"pa_provenance-non","13":"pa_qualite-pr62","14":"desktop-align-left","15":"tablet-align-left","16":"mobile-align-left","18":"first","19":"instock","20":"sold-individually","21":"shipping-taxable","22":"purchasable","23":"product-type-simple"},"acf":[],"yoast_head":"<!-- This site is optimized with the Yoast SEO plugin v27.4 - https:\/\/yoast.com\/product\/yoast-seo-wordpress\/ -->\n<title>Haiti 5 gourdes 1969 IC PR62<\/title>\n<meta name=\"description\" content=\"5 gourdes d&#039;Haiti, 999 thousandths silver coin minted in 1969 to commemorate the discovery of America by Christopher Columbus.\" \/>\n<meta name=\"robots\" content=\"index, follow, max-snippet:-1, max-image-preview:large, max-video-preview:-1\" \/>\n<link rel=\"canonical\" href=\"https:\/\/www.numismeo.com\/en\/boutique\/etrangeres\/amerique-latine\/haiti-5-gourdes-1969-ic-pr62\/\" \/>\n<meta property=\"og:locale\" content=\"en_US\" \/>\n<meta property=\"og:type\" content=\"article\" \/>\n<meta property=\"og:title\" content=\"Haiti 5 gourdes 1969 IC PR62\" \/>\n<meta property=\"og:description\" content=\"5 gourdes d&#039;Haiti, 999 thousandths silver coin minted in 1969 to commemorate the discovery of America by Christopher Columbus.\" \/>\n<meta property=\"og:url\" content=\"https:\/\/www.numismeo.com\/en\/boutique\/etrangeres\/amerique-latine\/haiti-5-gourdes-1969-ic-pr62\/\" \/>\n<meta property=\"og:site_name\" content=\"Numismeo\" \/>\n<meta property=\"article:publisher\" content=\"https:\/\/www.facebook.com\/numismeo\" \/>\n<meta property=\"article:modified_time\" content=\"2026-03-07T15:00:32+00:00\" \/>\n<meta property=\"og:image\" content=\"https:\/\/www.numismeo.com\/wp-content\/uploads\/2025\/03\/Etr-Haiti5Gourd1969-PR62-2.jpg\" \/>\n\t<meta property=\"og:image:width\" content=\"1307\" \/>\n\t<meta property=\"og:image:height\" content=\"1307\" \/>\n\t<meta property=\"og:image:type\" content=\"image\/jpeg\" \/>\n<meta name=\"twitter:card\" content=\"summary_large_image\" \/>\n<meta name=\"twitter:label1\" content=\"Est. reading time\" \/>\n\t<meta name=\"twitter:data1\" content=\"1 minute\" \/>\n<script type=\"application\/ld+json\" class=\"yoast-schema-graph\">{\"@context\":\"https:\\\/\\\/schema.org\",\"@graph\":[{\"@type\":\"WebPage\",\"@id\":\"https:\\\/\\\/www.numismeo.com\\\/en\\\/boutique\\\/etrangeres\\\/amerique-latine\\\/haiti-5-gourdes-1969-ic-pr62\\\/\",\"url\":\"https:\\\/\\\/www.numismeo.com\\\/en\\\/boutique\\\/etrangeres\\\/amerique-latine\\\/haiti-5-gourdes-1969-ic-pr62\\\/\",\"name\":\"Haiti 5 gourdes 1969 IC PR62 - Numismeo\",\"isPartOf\":{\"@id\":\"https:\\\/\\\/www.numismeo.com\\\/#website\"},\"primaryImageOfPage\":{\"@id\":\"https:\\\/\\\/www.numismeo.com\\\/boutique\\\/etrangeres\\\/amerique-latine\\\/haiti-5-gourdes-1969-ic-pr62\\\/#primaryimage\"},\"image\":{\"@id\":\"https:\\\/\\\/www.numismeo.com\\\/boutique\\\/etrangeres\\\/amerique-latine\\\/haiti-5-gourdes-1969-ic-pr62\\\/#primaryimage\"},\"thumbnailUrl\":\"https:\\\/\\\/www.numismeo.com\\\/wp-content\\\/uploads\\\/2025\\\/03\\\/Etr-Haiti5Gourd1969-PR62-1.jpg\",\"datePublished\":\"2025-03-25T10:05:18+00:00\",\"dateModified\":\"2026-03-07T15:00:32+00:00\",\"description\":\"Monnaie en argent \u00e0 999 milli\u00e8me, 5 gourdes d'Haiti frapp\u00e9e en 1969 pour comm\u00e9morer la d\u00e9couverte de l'Am\u00e9rique par Christophe Colomb.\",\"breadcrumb\":{\"@id\":\"https:\\\/\\\/www.numismeo.com\\\/boutique\\\/etrangeres\\\/amerique-latine\\\/haiti-5-gourdes-1969-ic-pr62\\\/#breadcrumb\"},\"inLanguage\":\"en-US\",\"potentialAction\":[{\"@type\":\"ReadAction\",\"target\":[\"https:\\\/\\\/www.numismeo.com\\\/boutique\\\/etrangeres\\\/amerique-latine\\\/haiti-5-gourdes-1969-ic-pr62\\\/\"]}]},{\"@type\":\"ImageObject\",\"inLanguage\":\"en-US\",\"@id\":\"https:\\\/\\\/www.numismeo.com\\\/boutique\\\/etrangeres\\\/amerique-latine\\\/haiti-5-gourdes-1969-ic-pr62\\\/#primaryimage\",\"url\":\"https:\\\/\\\/www.numismeo.com\\\/wp-content\\\/uploads\\\/2025\\\/03\\\/Etr-Haiti5Gourd1969-PR62-1.jpg\",\"contentUrl\":\"https:\\\/\\\/www.numismeo.com\\\/wp-content\\\/uploads\\\/2025\\\/03\\\/Etr-Haiti5Gourd1969-PR62-1.jpg\",\"width\":1395,\"height\":2029},{\"@type\":\"BreadcrumbList\",\"@id\":\"https:\\\/\\\/www.numismeo.com\\\/boutique\\\/etrangeres\\\/amerique-latine\\\/haiti-5-gourdes-1969-ic-pr62\\\/#breadcrumb\",\"itemListElement\":[{\"@type\":\"ListItem\",\"position\":1,\"name\":\"Accueil\",\"item\":\"https:\\\/\\\/www.numismeo.com\\\/\"},{\"@type\":\"ListItem\",\"position\":2,\"name\":\"BoutiqueTechnique\",\"item\":\"https:\\\/\\\/www.numismeo.com\\\/boutiquetechnique\\\/\"},{\"@type\":\"ListItem\",\"position\":3,\"name\":\"Haiti 5 gourdes 1969 IC PR62\"}]},{\"@type\":\"WebSite\",\"@id\":\"https:\\\/\\\/www.numismeo.com\\\/#website\",\"url\":\"https:\\\/\\\/www.numismeo.com\\\/\",\"name\":\"Numismeo\",\"description\":\"MAISON CREUSY fond\u00e9 en 1974\",\"publisher\":{\"@id\":\"https:\\\/\\\/www.numismeo.com\\\/#organization\"},\"alternateName\":\"Maison Creusy\",\"potentialAction\":[{\"@type\":\"SearchAction\",\"target\":{\"@type\":\"EntryPoint\",\"urlTemplate\":\"https:\\\/\\\/www.numismeo.com\\\/?s={search_term_string}\"},\"query-input\":{\"@type\":\"PropertyValueSpecification\",\"valueRequired\":true,\"valueName\":\"search_term_string\"}}],\"inLanguage\":\"en-US\"},{\"@type\":\"Organization\",\"@id\":\"https:\\\/\\\/www.numismeo.com\\\/#organization\",\"name\":\"Maison Creusy\",\"alternateName\":\"Maison Creusy\",\"url\":\"https:\\\/\\\/www.numismeo.com\\\/\",\"logo\":{\"@type\":\"ImageObject\",\"inLanguage\":\"en-US\",\"@id\":\"https:\\\/\\\/www.numismeo.com\\\/#\\\/schema\\\/logo\\\/image\\\/\",\"url\":\"https:\\\/\\\/www.numismeo.com\\\/wp-content\\\/uploads\\\/2022\\\/09\\\/LogoPetit.jpg\",\"contentUrl\":\"https:\\\/\\\/www.numismeo.com\\\/wp-content\\\/uploads\\\/2022\\\/09\\\/LogoPetit.jpg\",\"width\":164,\"height\":164,\"caption\":\"Maison Creusy\"},\"image\":{\"@id\":\"https:\\\/\\\/www.numismeo.com\\\/#\\\/schema\\\/logo\\\/image\\\/\"},\"sameAs\":[\"https:\\\/\\\/www.facebook.com\\\/numismeo\"]}]}<\/script>\n<!-- \/ Yoast SEO plugin. -->","yoast_head_json":{"title":"Haiti 5 gourdes 1969 IC PR62","description":"5 gourdes d'Haiti, 999 thousandths silver coin minted in 1969 to commemorate the discovery of America by Christopher Columbus.","robots":{"index":"index","follow":"follow","max-snippet":"max-snippet:-1","max-image-preview":"max-image-preview:large","max-video-preview":"max-video-preview:-1"},"canonical":"https:\/\/www.numismeo.com\/en\/boutique\/etrangeres\/amerique-latine\/haiti-5-gourdes-1969-ic-pr62\/","og_locale":"en_US","og_type":"article","og_title":"Haiti 5 gourdes 1969 IC PR62","og_description":"5 gourdes d'Haiti, 999 thousandths silver coin minted in 1969 to commemorate the discovery of America by Christopher Columbus.","og_url":"https:\/\/www.numismeo.com\/en\/boutique\/etrangeres\/amerique-latine\/haiti-5-gourdes-1969-ic-pr62\/","og_site_name":"Numismeo","article_publisher":"https:\/\/www.facebook.com\/numismeo","article_modified_time":"2026-03-07T15:00:32+00:00","og_image":[{"width":1307,"height":1307,"url":"https:\/\/www.numismeo.com\/wp-content\/uploads\/2025\/03\/Etr-Haiti5Gourd1969-PR62-2.jpg","type":"image\/jpeg"}],"twitter_card":"summary_large_image","twitter_misc":{"Est. reading time":"1 minute"},"schema":{"@context":"https:\/\/schema.org","@graph":[{"@type":"WebPage","@id":"https:\/\/www.numismeo.com\/en\/boutique\/etrangeres\/amerique-latine\/haiti-5-gourdes-1969-ic-pr62\/","url":"https:\/\/www.numismeo.com\/en\/boutique\/etrangeres\/amerique-latine\/haiti-5-gourdes-1969-ic-pr62\/","name":"Haiti 5 gourdes 1969 IC PR62 - Numismeo","isPartOf":{"@id":"https:\/\/www.numismeo.com\/#website"},"primaryImageOfPage":{"@id":"https:\/\/www.numismeo.com\/boutique\/etrangeres\/amerique-latine\/haiti-5-gourdes-1969-ic-pr62\/#primaryimage"},"image":{"@id":"https:\/\/www.numismeo.com\/boutique\/etrangeres\/amerique-latine\/haiti-5-gourdes-1969-ic-pr62\/#primaryimage"},"thumbnailUrl":"https:\/\/www.numismeo.com\/wp-content\/uploads\/2025\/03\/Etr-Haiti5Gourd1969-PR62-1.jpg","datePublished":"2025-03-25T10:05:18+00:00","dateModified":"2026-03-07T15:00:32+00:00","description":"Monnaie en argent \u00e0 999 milli\u00e8me, 5 gourdes d'Haiti frapp\u00e9e en 1969 pour comm\u00e9morer la d\u00e9couverte de l'Am\u00e9rique par Christophe Colomb.","breadcrumb":{"@id":"https:\/\/www.numismeo.com\/boutique\/etrangeres\/amerique-latine\/haiti-5-gourdes-1969-ic-pr62\/#breadcrumb"},"inLanguage":"en-US","potentialAction":[{"@type":"ReadAction","target":["https:\/\/www.numismeo.com\/boutique\/etrangeres\/amerique-latine\/haiti-5-gourdes-1969-ic-pr62\/"]}]},{"@type":"ImageObject","inLanguage":"en-US","@id":"https:\/\/www.numismeo.com\/boutique\/etrangeres\/amerique-latine\/haiti-5-gourdes-1969-ic-pr62\/#primaryimage","url":"https:\/\/www.numismeo.com\/wp-content\/uploads\/2025\/03\/Etr-Haiti5Gourd1969-PR62-1.jpg","contentUrl":"https:\/\/www.numismeo.com\/wp-content\/uploads\/2025\/03\/Etr-Haiti5Gourd1969-PR62-1.jpg","width":1395,"height":2029},{"@type":"BreadcrumbList","@id":"https:\/\/www.numismeo.com\/boutique\/etrangeres\/amerique-latine\/haiti-5-gourdes-1969-ic-pr62\/#breadcrumb","itemListElement":[{"@type":"ListItem","position":1,"name":"Accueil","item":"https:\/\/www.numismeo.com\/"},{"@type":"ListItem","position":2,"name":"BoutiqueTechnique","item":"https:\/\/www.numismeo.com\/boutiquetechnique\/"},{"@type":"ListItem","position":3,"name":"Haiti 5 gourdes 1969 IC PR62"}]},{"@type":"WebSite","@id":"https:\/\/www.numismeo.com\/#website","url":"https:\/\/www.numismeo.com\/","name":"Numismeo","description":"MAISON CREUSY fond\u00e9 en 1974","publisher":{"@id":"https:\/\/www.numismeo.com\/#organization"},"alternateName":"Maison Creusy","potentialAction":[{"@type":"SearchAction","target":{"@type":"EntryPoint","urlTemplate":"https:\/\/www.numismeo.com\/?s={search_term_string}"},"query-input":{"@type":"PropertyValueSpecification","valueRequired":true,"valueName":"search_term_string"}}],"inLanguage":"en-US"},{"@type":"Organization","@id":"https:\/\/www.numismeo.com\/#organization","name":"Maison Creusy","alternateName":"Maison Creusy","url":"https:\/\/www.numismeo.com\/","logo":{"@type":"ImageObject","inLanguage":"en-US","@id":"https:\/\/www.numismeo.com\/#\/schema\/logo\/image\/","url":"https:\/\/www.numismeo.com\/wp-content\/uploads\/2022\/09\/LogoPetit.jpg","contentUrl":"https:\/\/www.numismeo.com\/wp-content\/uploads\/2022\/09\/LogoPetit.jpg","width":164,"height":164,"caption":"Maison Creusy"},"image":{"@id":"https:\/\/www.numismeo.com\/#\/schema\/logo\/image\/"},"sameAs":["https:\/\/www.facebook.com\/numismeo"]}]}},"_links":{"self":[{"href":"https:\/\/www.numismeo.com\/wp-json\/wp\/v2\/product\/43635","targetHints":{"allow":["GET"]}}],"collection":[{"href":"https:\/\/www.numismeo.com\/wp-json\/wp\/v2\/product"}],"about":[{"href":"https:\/\/www.numismeo.com\/wp-json\/wp\/v2\/types\/product"}],"wp:featuredmedia":[{"embeddable":true,"href":"https:\/\/www.numismeo.com\/wp-json\/wp\/v2\/media\/43631"}],"wp:attachment":[{"href":"https:\/\/www.numismeo.com\/wp-json\/wp\/v2\/media?parent=43635"}],"wp:term":[{"taxonomy":"product_brand","embeddable":true,"href":"https:\/\/www.numismeo.com\/wp-json\/wp\/v2\/product_brand?post=43635"},{"taxonomy":"product_cat","embeddable":true,"href":"https:\/\/www.numismeo.com\/wp-json\/wp\/v2\/product_cat?post=43635"},{"taxonomy":"product_tag","embeddable":true,"href":"https:\/\/www.numismeo.com\/wp-json\/wp\/v2\/product_tag?post=43635"}],"curies":[{"name":"wp","href":"https:\/\/api.w.org\/{rel}","templated":true}]}}