{"id":44228,"date":"2025-04-11T14:14:21","date_gmt":"2025-04-11T12:14:21","guid":{"rendered":"https:\/\/www.numismeo.com\/?post_type=product&#038;p=44228"},"modified":"2026-01-29T11:15:46","modified_gmt":"2026-01-29T10:15:46","slug":"constance-ii-solidus-nicomedie","status":"publish","type":"product","link":"https:\/\/www.numismeo.com\/en\/boutique\/antiques\/antiques-or\/constance-ii-solidus-nicomedie\/","title":{"rendered":"Constantius II solidus Nicomedia"},"content":{"rendered":"<p class=\"p1\"><b>Reverse:<\/b><b><\/b><\/p>\r\n<p class=\"p2\">Roma, helmeted, seated facing left, holding a spear in her left hand;<\/p>\r\n<p class=\"p2\">Constantinopolis, turreted, seated to the left, her right foot resting on a prow (to the right), holding a scepter in her left hand.<\/p>\r\n<p class=\"p2\">Between them, a shield inscribed <span class=\"s1\"><b>VOT \/ XXX \/ MVLT \/ XXXX<\/b><b><\/b><\/span><\/p>\r\n<p class=\"p2\">(<i>Votis tricennalibus, multis quadragennalibus<\/i> \u2013 \u201cVows for the 30th year of reign, and hopes for many more toward the 40th.\u201d)<\/p>\r\n<p class=\"p2\"><span class=\"s1\"><b>Mintmark:<\/b><\/span> SMNB over SMNA<\/p>\r\n<p class=\"p2\">Clear evidence of an overstrike: the mintmark <span class=\"s1\"><b>SMNB<\/b><\/span> (Nicomedia, second officina) appears to have been engraved over a prior <span class=\"s1\"><b>SMNA<\/b><\/span> (first officina). A noteworthy variety.<\/p>","protected":false},"excerpt":{"rendered":"<p>Reverse: Roma, helmeted, seated facing left, holding a spear in her left hand; Constantinopolis, turreted, seated to the left, her [&hellip;]<\/p>\n","protected":false},"featured_media":44231,"template":"","meta":{"_acf_changed":false,"site-sidebar-layout":"default","site-content-layout":"","ast-site-content-layout":"default","site-content-style":"default","site-sidebar-style":"default","ast-global-header-display":"","ast-banner-title-visibility":"","ast-main-header-display":"","ast-hfb-above-header-display":"","ast-hfb-below-header-display":"","ast-hfb-mobile-header-display":"","site-post-title":"","ast-breadcrumbs-content":"","ast-featured-img":"","footer-sml-layout":"","ast-disable-related-posts":"","theme-transparent-header-meta":"","adv-header-id-meta":"","stick-header-meta":"","header-above-stick-meta":"","header-main-stick-meta":"","header-below-stick-meta":"","astra-migrate-meta-layouts":"default","ast-page-background-enabled":"default","ast-page-background-meta":{"desktop":{"background-color":"var(--ast-global-color-5)","background-image":"","background-repeat":"repeat","background-position":"center center","background-size":"auto","background-attachment":"scroll","background-type":"","background-media":"","overlay-type":"","overlay-color":"","overlay-opacity":"","overlay-gradient":""},"tablet":{"background-color":"","background-image":"","background-repeat":"repeat","background-position":"center center","background-size":"auto","background-attachment":"scroll","background-type":"","background-media":"","overlay-type":"","overlay-color":"","overlay-opacity":"","overlay-gradient":""},"mobile":{"background-color":"","background-image":"","background-repeat":"repeat","background-position":"center center","background-size":"auto","background-attachment":"scroll","background-type":"","background-media":"","overlay-type":"","overlay-color":"","overlay-opacity":"","overlay-gradient":""}},"ast-content-background-meta":{"desktop":{"background-color":"var(--ast-global-color-4)","background-image":"","background-repeat":"repeat","background-position":"center center","background-size":"auto","background-attachment":"scroll","background-type":"","background-media":"","overlay-type":"","overlay-color":"","overlay-opacity":"","overlay-gradient":""},"tablet":{"background-color":"var(--ast-global-color-4)","background-image":"","background-repeat":"repeat","background-position":"center center","background-size":"auto","background-attachment":"scroll","background-type":"","background-media":"","overlay-type":"","overlay-color":"","overlay-opacity":"","overlay-gradient":""},"mobile":{"background-color":"var(--ast-global-color-4)","background-image":"","background-repeat":"repeat","background-position":"center center","background-size":"auto","background-attachment":"scroll","background-type":"","background-media":"","overlay-type":"","overlay-color":"","overlay-opacity":"","overlay-gradient":""}}},"product_brand":[],"product_cat":[91,111],"product_tag":[],"class_list":{"0":"post-44228","1":"product","2":"type-product","3":"status-publish","4":"has-post-thumbnail","6":"product_cat-antiques","7":"product_cat-antiques-or","8":"pa_anneefrappe1-353-355","9":"pa_atelier-nicomedie","10":"pa_gradage-non","11":"pa_metal-88-or","12":"pa_provenance-non","13":"pa_qualite-cf-prsup","14":"personnage-constance-ii","15":"desktop-align-left","16":"tablet-align-left","17":"mobile-align-left","19":"first","20":"instock","21":"sold-individually","22":"shipping-taxable","23":"purchasable","24":"product-type-simple"},"acf":[],"yoast_head":"<!-- This site is optimized with the Yoast SEO plugin v27.3 - https:\/\/yoast.com\/product\/yoast-seo-wordpress\/ -->\n<title>Constantius II solidus Nicomedia<\/title>\n<meta name=\"description\" content=\"A very fine solidus of the Roman emperor Constantius II, minted in Nicomedia in 353-355. Portrait of 3\/4 face on the obverse.\" \/>\n<meta name=\"robots\" content=\"index, follow, max-snippet:-1, max-image-preview:large, max-video-preview:-1\" \/>\n<link rel=\"canonical\" href=\"https:\/\/www.numismeo.com\/en\/boutique\/antiques\/antiques-or\/constance-ii-solidus-nicomedie\/\" \/>\n<meta property=\"og:locale\" content=\"en_US\" \/>\n<meta property=\"og:type\" content=\"article\" \/>\n<meta property=\"og:title\" content=\"Constantius II solidus Nicomedia\" \/>\n<meta property=\"og:description\" content=\"A very fine solidus of the Roman emperor Constantius II, minted in Nicomedia in 353-355. Portrait of 3\/4 face on the obverse.\" \/>\n<meta property=\"og:url\" content=\"https:\/\/www.numismeo.com\/en\/boutique\/antiques\/antiques-or\/constance-ii-solidus-nicomedie\/\" \/>\n<meta property=\"og:site_name\" content=\"Numismeo\" \/>\n<meta property=\"article:publisher\" content=\"https:\/\/www.facebook.com\/numismeo\" \/>\n<meta property=\"article:modified_time\" content=\"2026-01-29T10:15:46+00:00\" \/>\n<meta property=\"og:image\" content=\"https:\/\/www.numismeo.com\/wp-content\/uploads\/2025\/04\/AntOr-ConstanceIISolidusNicomedie-RIC74-1.jpg\" \/>\n\t<meta property=\"og:image:width\" content=\"1664\" \/>\n\t<meta property=\"og:image:height\" content=\"1664\" \/>\n\t<meta property=\"og:image:type\" content=\"image\/jpeg\" \/>\n<meta name=\"twitter:card\" content=\"summary_large_image\" \/>\n<meta name=\"twitter:label1\" content=\"Est. reading time\" \/>\n\t<meta name=\"twitter:data1\" content=\"1 minute\" \/>\n<script type=\"application\/ld+json\" class=\"yoast-schema-graph\">{\"@context\":\"https:\\\/\\\/schema.org\",\"@graph\":[{\"@type\":\"WebPage\",\"@id\":\"https:\\\/\\\/www.numismeo.com\\\/en\\\/boutique\\\/antiques\\\/antiques-or\\\/constance-ii-solidus-nicomedie\\\/\",\"url\":\"https:\\\/\\\/www.numismeo.com\\\/en\\\/boutique\\\/antiques\\\/antiques-or\\\/constance-ii-solidus-nicomedie\\\/\",\"name\":\"Constance II solidus Nicom\u00e9die - Numismeo\",\"isPartOf\":{\"@id\":\"https:\\\/\\\/www.numismeo.com\\\/#website\"},\"primaryImageOfPage\":{\"@id\":\"https:\\\/\\\/www.numismeo.com\\\/boutique\\\/antiques\\\/antiques-or\\\/constance-ii-solidus-nicomedie\\\/#primaryimage\"},\"image\":{\"@id\":\"https:\\\/\\\/www.numismeo.com\\\/boutique\\\/antiques\\\/antiques-or\\\/constance-ii-solidus-nicomedie\\\/#primaryimage\"},\"thumbnailUrl\":\"https:\\\/\\\/www.numismeo.com\\\/wp-content\\\/uploads\\\/2025\\\/04\\\/AntOr-ConstanceIISolidusNicomedie-RIC74-1.jpg\",\"datePublished\":\"2025-04-11T12:14:21+00:00\",\"dateModified\":\"2026-01-29T10:15:46+00:00\",\"description\":\"Tr\u00e8s beau solidus de l'empereur romain Constance II, monnaie frapp\u00e9e \u00e0 Nicom\u00e9die en 353-355. Portrait de 3\\\/4 face \u00e0 l'avers.\",\"breadcrumb\":{\"@id\":\"https:\\\/\\\/www.numismeo.com\\\/boutique\\\/antiques\\\/antiques-or\\\/constance-ii-solidus-nicomedie\\\/#breadcrumb\"},\"inLanguage\":\"en-US\",\"potentialAction\":[{\"@type\":\"ReadAction\",\"target\":[\"https:\\\/\\\/www.numismeo.com\\\/boutique\\\/antiques\\\/antiques-or\\\/constance-ii-solidus-nicomedie\\\/\"]}]},{\"@type\":\"ImageObject\",\"inLanguage\":\"en-US\",\"@id\":\"https:\\\/\\\/www.numismeo.com\\\/boutique\\\/antiques\\\/antiques-or\\\/constance-ii-solidus-nicomedie\\\/#primaryimage\",\"url\":\"https:\\\/\\\/www.numismeo.com\\\/wp-content\\\/uploads\\\/2025\\\/04\\\/AntOr-ConstanceIISolidusNicomedie-RIC74-1.jpg\",\"contentUrl\":\"https:\\\/\\\/www.numismeo.com\\\/wp-content\\\/uploads\\\/2025\\\/04\\\/AntOr-ConstanceIISolidusNicomedie-RIC74-1.jpg\",\"width\":1664,\"height\":1664},{\"@type\":\"BreadcrumbList\",\"@id\":\"https:\\\/\\\/www.numismeo.com\\\/boutique\\\/antiques\\\/antiques-or\\\/constance-ii-solidus-nicomedie\\\/#breadcrumb\",\"itemListElement\":[{\"@type\":\"ListItem\",\"position\":1,\"name\":\"Accueil\",\"item\":\"https:\\\/\\\/www.numismeo.com\\\/\"},{\"@type\":\"ListItem\",\"position\":2,\"name\":\"BoutiqueTechnique\",\"item\":\"https:\\\/\\\/www.numismeo.com\\\/boutiquetechnique\\\/\"},{\"@type\":\"ListItem\",\"position\":3,\"name\":\"Constance II solidus Nicom\u00e9die\"}]},{\"@type\":\"WebSite\",\"@id\":\"https:\\\/\\\/www.numismeo.com\\\/#website\",\"url\":\"https:\\\/\\\/www.numismeo.com\\\/\",\"name\":\"Numismeo\",\"description\":\"MAISON CREUSY fond\u00e9 en 1974\",\"publisher\":{\"@id\":\"https:\\\/\\\/www.numismeo.com\\\/#organization\"},\"alternateName\":\"Maison Creusy\",\"potentialAction\":[{\"@type\":\"SearchAction\",\"target\":{\"@type\":\"EntryPoint\",\"urlTemplate\":\"https:\\\/\\\/www.numismeo.com\\\/?s={search_term_string}\"},\"query-input\":{\"@type\":\"PropertyValueSpecification\",\"valueRequired\":true,\"valueName\":\"search_term_string\"}}],\"inLanguage\":\"en-US\"},{\"@type\":\"Organization\",\"@id\":\"https:\\\/\\\/www.numismeo.com\\\/#organization\",\"name\":\"Maison Creusy\",\"alternateName\":\"Maison Creusy\",\"url\":\"https:\\\/\\\/www.numismeo.com\\\/\",\"logo\":{\"@type\":\"ImageObject\",\"inLanguage\":\"en-US\",\"@id\":\"https:\\\/\\\/www.numismeo.com\\\/#\\\/schema\\\/logo\\\/image\\\/\",\"url\":\"https:\\\/\\\/www.numismeo.com\\\/wp-content\\\/uploads\\\/2022\\\/09\\\/LogoPetit.jpg\",\"contentUrl\":\"https:\\\/\\\/www.numismeo.com\\\/wp-content\\\/uploads\\\/2022\\\/09\\\/LogoPetit.jpg\",\"width\":164,\"height\":164,\"caption\":\"Maison Creusy\"},\"image\":{\"@id\":\"https:\\\/\\\/www.numismeo.com\\\/#\\\/schema\\\/logo\\\/image\\\/\"},\"sameAs\":[\"https:\\\/\\\/www.facebook.com\\\/numismeo\"]}]}<\/script>\n<!-- \/ Yoast SEO plugin. -->","yoast_head_json":{"title":"Constantius II solidus Nicomedia","description":"A very fine solidus of the Roman emperor Constantius II, minted in Nicomedia in 353-355. Portrait of 3\/4 face on the obverse.","robots":{"index":"index","follow":"follow","max-snippet":"max-snippet:-1","max-image-preview":"max-image-preview:large","max-video-preview":"max-video-preview:-1"},"canonical":"https:\/\/www.numismeo.com\/en\/boutique\/antiques\/antiques-or\/constance-ii-solidus-nicomedie\/","og_locale":"en_US","og_type":"article","og_title":"Constantius II solidus Nicomedia","og_description":"A very fine solidus of the Roman emperor Constantius II, minted in Nicomedia in 353-355. Portrait of 3\/4 face on the obverse.","og_url":"https:\/\/www.numismeo.com\/en\/boutique\/antiques\/antiques-or\/constance-ii-solidus-nicomedie\/","og_site_name":"Numismeo","article_publisher":"https:\/\/www.facebook.com\/numismeo","article_modified_time":"2026-01-29T10:15:46+00:00","og_image":[{"width":1664,"height":1664,"url":"https:\/\/www.numismeo.com\/wp-content\/uploads\/2025\/04\/AntOr-ConstanceIISolidusNicomedie-RIC74-1.jpg","type":"image\/jpeg"}],"twitter_card":"summary_large_image","twitter_misc":{"Est. reading time":"1 minute"},"schema":{"@context":"https:\/\/schema.org","@graph":[{"@type":"WebPage","@id":"https:\/\/www.numismeo.com\/en\/boutique\/antiques\/antiques-or\/constance-ii-solidus-nicomedie\/","url":"https:\/\/www.numismeo.com\/en\/boutique\/antiques\/antiques-or\/constance-ii-solidus-nicomedie\/","name":"Constance II solidus Nicom\u00e9die - Numismeo","isPartOf":{"@id":"https:\/\/www.numismeo.com\/#website"},"primaryImageOfPage":{"@id":"https:\/\/www.numismeo.com\/boutique\/antiques\/antiques-or\/constance-ii-solidus-nicomedie\/#primaryimage"},"image":{"@id":"https:\/\/www.numismeo.com\/boutique\/antiques\/antiques-or\/constance-ii-solidus-nicomedie\/#primaryimage"},"thumbnailUrl":"https:\/\/www.numismeo.com\/wp-content\/uploads\/2025\/04\/AntOr-ConstanceIISolidusNicomedie-RIC74-1.jpg","datePublished":"2025-04-11T12:14:21+00:00","dateModified":"2026-01-29T10:15:46+00:00","description":"Tr\u00e8s beau solidus de l'empereur romain Constance II, monnaie frapp\u00e9e \u00e0 Nicom\u00e9die en 353-355. Portrait de 3\/4 face \u00e0 l'avers.","breadcrumb":{"@id":"https:\/\/www.numismeo.com\/boutique\/antiques\/antiques-or\/constance-ii-solidus-nicomedie\/#breadcrumb"},"inLanguage":"en-US","potentialAction":[{"@type":"ReadAction","target":["https:\/\/www.numismeo.com\/boutique\/antiques\/antiques-or\/constance-ii-solidus-nicomedie\/"]}]},{"@type":"ImageObject","inLanguage":"en-US","@id":"https:\/\/www.numismeo.com\/boutique\/antiques\/antiques-or\/constance-ii-solidus-nicomedie\/#primaryimage","url":"https:\/\/www.numismeo.com\/wp-content\/uploads\/2025\/04\/AntOr-ConstanceIISolidusNicomedie-RIC74-1.jpg","contentUrl":"https:\/\/www.numismeo.com\/wp-content\/uploads\/2025\/04\/AntOr-ConstanceIISolidusNicomedie-RIC74-1.jpg","width":1664,"height":1664},{"@type":"BreadcrumbList","@id":"https:\/\/www.numismeo.com\/boutique\/antiques\/antiques-or\/constance-ii-solidus-nicomedie\/#breadcrumb","itemListElement":[{"@type":"ListItem","position":1,"name":"Accueil","item":"https:\/\/www.numismeo.com\/"},{"@type":"ListItem","position":2,"name":"BoutiqueTechnique","item":"https:\/\/www.numismeo.com\/boutiquetechnique\/"},{"@type":"ListItem","position":3,"name":"Constance II solidus Nicom\u00e9die"}]},{"@type":"WebSite","@id":"https:\/\/www.numismeo.com\/#website","url":"https:\/\/www.numismeo.com\/","name":"Numismeo","description":"MAISON CREUSY fond\u00e9 en 1974","publisher":{"@id":"https:\/\/www.numismeo.com\/#organization"},"alternateName":"Maison Creusy","potentialAction":[{"@type":"SearchAction","target":{"@type":"EntryPoint","urlTemplate":"https:\/\/www.numismeo.com\/?s={search_term_string}"},"query-input":{"@type":"PropertyValueSpecification","valueRequired":true,"valueName":"search_term_string"}}],"inLanguage":"en-US"},{"@type":"Organization","@id":"https:\/\/www.numismeo.com\/#organization","name":"Maison Creusy","alternateName":"Maison Creusy","url":"https:\/\/www.numismeo.com\/","logo":{"@type":"ImageObject","inLanguage":"en-US","@id":"https:\/\/www.numismeo.com\/#\/schema\/logo\/image\/","url":"https:\/\/www.numismeo.com\/wp-content\/uploads\/2022\/09\/LogoPetit.jpg","contentUrl":"https:\/\/www.numismeo.com\/wp-content\/uploads\/2022\/09\/LogoPetit.jpg","width":164,"height":164,"caption":"Maison Creusy"},"image":{"@id":"https:\/\/www.numismeo.com\/#\/schema\/logo\/image\/"},"sameAs":["https:\/\/www.facebook.com\/numismeo"]}]}},"_links":{"self":[{"href":"https:\/\/www.numismeo.com\/wp-json\/wp\/v2\/product\/44228","targetHints":{"allow":["GET"]}}],"collection":[{"href":"https:\/\/www.numismeo.com\/wp-json\/wp\/v2\/product"}],"about":[{"href":"https:\/\/www.numismeo.com\/wp-json\/wp\/v2\/types\/product"}],"wp:featuredmedia":[{"embeddable":true,"href":"https:\/\/www.numismeo.com\/wp-json\/wp\/v2\/media\/44231"}],"wp:attachment":[{"href":"https:\/\/www.numismeo.com\/wp-json\/wp\/v2\/media?parent=44228"}],"wp:term":[{"taxonomy":"product_brand","embeddable":true,"href":"https:\/\/www.numismeo.com\/wp-json\/wp\/v2\/product_brand?post=44228"},{"taxonomy":"product_cat","embeddable":true,"href":"https:\/\/www.numismeo.com\/wp-json\/wp\/v2\/product_cat?post=44228"},{"taxonomy":"product_tag","embeddable":true,"href":"https:\/\/www.numismeo.com\/wp-json\/wp\/v2\/product_tag?post=44228"}],"curies":[{"name":"wp","href":"https:\/\/api.w.org\/{rel}","templated":true}]}}