{"id":44341,"date":"2025-04-15T11:45:04","date_gmt":"2025-04-15T09:45:04","guid":{"rendered":"https:\/\/www.numismeo.com\/?post_type=product&#038;p=44341"},"modified":"2026-01-14T15:10:46","modified_gmt":"2026-01-14T14:10:46","slug":"louis-xiv-ecu-aux-3-couronnes-1710-lyon","status":"publish","type":"product","link":"https:\/\/www.numismeo.com\/en\/boutique\/francaises\/royales\/louis-xiv-ecu-aux-3-couronnes-1710-lyon\/","title":{"rendered":"Louis XIV AR \u00e9cu aux 3 couronnes 1710 Lyon"},"content":{"rendered":"<p class=\"p1\">\u00c9cu with three crowns of Louis XIV, last type for Louis XIV, minted in 1710 in Lyon, mint mark D. Nice quality despite slight discoloration at 11 o\u2019clock on the obverse.<\/p>","protected":false},"excerpt":{"rendered":"<p>\u00c9cu with three crowns of Louis XIV, last type for Louis XIV, minted in 1710 in Lyon, mint mark D. [&hellip;]<\/p>\n","protected":false},"featured_media":44325,"template":"","meta":{"_acf_changed":false,"site-sidebar-layout":"default","site-content-layout":"","ast-site-content-layout":"default","site-content-style":"default","site-sidebar-style":"default","ast-global-header-display":"","ast-banner-title-visibility":"","ast-main-header-display":"","ast-hfb-above-header-display":"","ast-hfb-below-header-display":"","ast-hfb-mobile-header-display":"","site-post-title":"","ast-breadcrumbs-content":"","ast-featured-img":"","footer-sml-layout":"","ast-disable-related-posts":"","theme-transparent-header-meta":"","adv-header-id-meta":"","stick-header-meta":"","header-above-stick-meta":"","header-main-stick-meta":"","header-below-stick-meta":"","astra-migrate-meta-layouts":"default","ast-page-background-enabled":"default","ast-page-background-meta":{"desktop":{"background-color":"var(--ast-global-color-5)","background-image":"","background-repeat":"repeat","background-position":"center center","background-size":"auto","background-attachment":"scroll","background-type":"","background-media":"","overlay-type":"","overlay-color":"","overlay-opacity":"","overlay-gradient":""},"tablet":{"background-color":"","background-image":"","background-repeat":"repeat","background-position":"center center","background-size":"auto","background-attachment":"scroll","background-type":"","background-media":"","overlay-type":"","overlay-color":"","overlay-opacity":"","overlay-gradient":""},"mobile":{"background-color":"","background-image":"","background-repeat":"repeat","background-position":"center center","background-size":"auto","background-attachment":"scroll","background-type":"","background-media":"","overlay-type":"","overlay-color":"","overlay-opacity":"","overlay-gradient":""}},"ast-content-background-meta":{"desktop":{"background-color":"var(--ast-global-color-4)","background-image":"","background-repeat":"repeat","background-position":"center center","background-size":"auto","background-attachment":"scroll","background-type":"","background-media":"","overlay-type":"","overlay-color":"","overlay-opacity":"","overlay-gradient":""},"tablet":{"background-color":"var(--ast-global-color-4)","background-image":"","background-repeat":"repeat","background-position":"center center","background-size":"auto","background-attachment":"scroll","background-type":"","background-media":"","overlay-type":"","overlay-color":"","overlay-opacity":"","overlay-gradient":""},"mobile":{"background-color":"var(--ast-global-color-4)","background-image":"","background-repeat":"repeat","background-position":"center center","background-size":"auto","background-attachment":"scroll","background-type":"","background-media":"","overlay-type":"","overlay-color":"","overlay-opacity":"","overlay-gradient":""}}},"product_brand":[],"product_cat":[93,159],"product_tag":[],"class_list":{"0":"post-44341","1":"product","2":"type-product","3":"status-publish","4":"has-post-thumbnail","6":"product_cat-francaises","7":"product_cat-royales","8":"pa_anneefrappe1-13905","9":"pa_atelier-e3-lyon","10":"pa_gradage-non","11":"pa_metal-b5-argent","12":"pa_provenance-non","13":"pa_qualite-60-ttb","14":"personnage-louis-xiv","15":"desktop-align-left","16":"tablet-align-left","17":"mobile-align-left","19":"first","20":"instock","21":"sold-individually","22":"shipping-taxable","23":"purchasable","24":"product-type-simple"},"acf":[],"yoast_head":"<!-- This site is optimized with the Yoast SEO plugin v27.3 - https:\/\/yoast.com\/product\/yoast-seo-wordpress\/ -->\n<title>Louis XIV AR \u00e9cu aux 3 couronnes 1710 Lyon<\/title>\n<meta name=\"description\" content=\"Ecu with the 3 crowns of Louis XIV, last type for Louis XIV, minted in 1710 in Lyon. Nice quality despite a slight discoloration at 11 o&#039;clock.\" \/>\n<meta name=\"robots\" content=\"index, follow, max-snippet:-1, max-image-preview:large, max-video-preview:-1\" \/>\n<link rel=\"canonical\" href=\"https:\/\/www.numismeo.com\/en\/boutique\/francaises\/royales\/louis-xiv-ecu-aux-3-couronnes-1710-lyon\/\" \/>\n<meta property=\"og:locale\" content=\"en_US\" \/>\n<meta property=\"og:type\" content=\"article\" \/>\n<meta property=\"og:title\" content=\"Louis XIV AR \u00e9cu aux 3 couronnes 1710 Lyon\" \/>\n<meta property=\"og:description\" content=\"Ecu with the 3 crowns of Louis XIV, last type for Louis XIV, minted in 1710 in Lyon. Nice quality despite a slight discoloration at 11 o&#039;clock.\" \/>\n<meta property=\"og:url\" content=\"https:\/\/www.numismeo.com\/en\/boutique\/francaises\/royales\/louis-xiv-ecu-aux-3-couronnes-1710-lyon\/\" \/>\n<meta property=\"og:site_name\" content=\"Numismeo\" \/>\n<meta property=\"article:publisher\" content=\"https:\/\/www.facebook.com\/numismeo\" \/>\n<meta property=\"article:modified_time\" content=\"2026-01-14T14:10:46+00:00\" \/>\n<meta property=\"og:image\" content=\"https:\/\/www.numismeo.com\/wp-content\/uploads\/2025\/04\/Roy-LouisXIVEcu3couronnes1710Lyon-1.jpg\" \/>\n\t<meta property=\"og:image:width\" content=\"1570\" \/>\n\t<meta property=\"og:image:height\" content=\"1570\" \/>\n\t<meta property=\"og:image:type\" content=\"image\/jpeg\" \/>\n<meta name=\"twitter:card\" content=\"summary_large_image\" \/>\n<meta name=\"twitter:label1\" content=\"Est. reading time\" \/>\n\t<meta name=\"twitter:data1\" content=\"1 minute\" \/>\n<script type=\"application\/ld+json\" class=\"yoast-schema-graph\">{\"@context\":\"https:\\\/\\\/schema.org\",\"@graph\":[{\"@type\":\"WebPage\",\"@id\":\"https:\\\/\\\/www.numismeo.com\\\/en\\\/boutique\\\/francaises\\\/royales\\\/louis-xiv-ecu-aux-3-couronnes-1710-lyon\\\/\",\"url\":\"https:\\\/\\\/www.numismeo.com\\\/en\\\/boutique\\\/francaises\\\/royales\\\/louis-xiv-ecu-aux-3-couronnes-1710-lyon\\\/\",\"name\":\"Louis XIV \u00e9cu aux 3 couronnes 1710 Lyon - Numismeo\",\"isPartOf\":{\"@id\":\"https:\\\/\\\/www.numismeo.com\\\/#website\"},\"primaryImageOfPage\":{\"@id\":\"https:\\\/\\\/www.numismeo.com\\\/boutique\\\/francaises\\\/royales\\\/louis-xiv-ecu-aux-3-couronnes-1710-lyon\\\/#primaryimage\"},\"image\":{\"@id\":\"https:\\\/\\\/www.numismeo.com\\\/boutique\\\/francaises\\\/royales\\\/louis-xiv-ecu-aux-3-couronnes-1710-lyon\\\/#primaryimage\"},\"thumbnailUrl\":\"https:\\\/\\\/www.numismeo.com\\\/wp-content\\\/uploads\\\/2025\\\/04\\\/Roy-LouisXIVEcu3couronnes1710Lyon-1.jpg\",\"datePublished\":\"2025-04-15T09:45:04+00:00\",\"dateModified\":\"2026-01-14T14:10:46+00:00\",\"description\":\"Ecu aux 3 couronnes de Louis XIV, dernier type pour Louis XIV, monnaie frapp\u00e9e en 1710 \u00e0 Lyon. De jolie qualit\u00e9 malgr\u00e9 une l\u00e9g\u00e8re d\u00e9coloration \u00e0 11h.\",\"breadcrumb\":{\"@id\":\"https:\\\/\\\/www.numismeo.com\\\/boutique\\\/francaises\\\/royales\\\/louis-xiv-ecu-aux-3-couronnes-1710-lyon\\\/#breadcrumb\"},\"inLanguage\":\"en-US\",\"potentialAction\":[{\"@type\":\"ReadAction\",\"target\":[\"https:\\\/\\\/www.numismeo.com\\\/boutique\\\/francaises\\\/royales\\\/louis-xiv-ecu-aux-3-couronnes-1710-lyon\\\/\"]}]},{\"@type\":\"ImageObject\",\"inLanguage\":\"en-US\",\"@id\":\"https:\\\/\\\/www.numismeo.com\\\/boutique\\\/francaises\\\/royales\\\/louis-xiv-ecu-aux-3-couronnes-1710-lyon\\\/#primaryimage\",\"url\":\"https:\\\/\\\/www.numismeo.com\\\/wp-content\\\/uploads\\\/2025\\\/04\\\/Roy-LouisXIVEcu3couronnes1710Lyon-1.jpg\",\"contentUrl\":\"https:\\\/\\\/www.numismeo.com\\\/wp-content\\\/uploads\\\/2025\\\/04\\\/Roy-LouisXIVEcu3couronnes1710Lyon-1.jpg\",\"width\":1570,\"height\":1570},{\"@type\":\"BreadcrumbList\",\"@id\":\"https:\\\/\\\/www.numismeo.com\\\/boutique\\\/francaises\\\/royales\\\/louis-xiv-ecu-aux-3-couronnes-1710-lyon\\\/#breadcrumb\",\"itemListElement\":[{\"@type\":\"ListItem\",\"position\":1,\"name\":\"Accueil\",\"item\":\"https:\\\/\\\/www.numismeo.com\\\/\"},{\"@type\":\"ListItem\",\"position\":2,\"name\":\"BoutiqueTechnique\",\"item\":\"https:\\\/\\\/www.numismeo.com\\\/boutiquetechnique\\\/\"},{\"@type\":\"ListItem\",\"position\":3,\"name\":\"Louis XIV \u00e9cu aux 3 couronnes 1710 Lyon\"}]},{\"@type\":\"WebSite\",\"@id\":\"https:\\\/\\\/www.numismeo.com\\\/#website\",\"url\":\"https:\\\/\\\/www.numismeo.com\\\/\",\"name\":\"Numismeo\",\"description\":\"MAISON CREUSY fond\u00e9 en 1974\",\"publisher\":{\"@id\":\"https:\\\/\\\/www.numismeo.com\\\/#organization\"},\"alternateName\":\"Maison Creusy\",\"potentialAction\":[{\"@type\":\"SearchAction\",\"target\":{\"@type\":\"EntryPoint\",\"urlTemplate\":\"https:\\\/\\\/www.numismeo.com\\\/?s={search_term_string}\"},\"query-input\":{\"@type\":\"PropertyValueSpecification\",\"valueRequired\":true,\"valueName\":\"search_term_string\"}}],\"inLanguage\":\"en-US\"},{\"@type\":\"Organization\",\"@id\":\"https:\\\/\\\/www.numismeo.com\\\/#organization\",\"name\":\"Maison Creusy\",\"alternateName\":\"Maison Creusy\",\"url\":\"https:\\\/\\\/www.numismeo.com\\\/\",\"logo\":{\"@type\":\"ImageObject\",\"inLanguage\":\"en-US\",\"@id\":\"https:\\\/\\\/www.numismeo.com\\\/#\\\/schema\\\/logo\\\/image\\\/\",\"url\":\"https:\\\/\\\/www.numismeo.com\\\/wp-content\\\/uploads\\\/2022\\\/09\\\/LogoPetit.jpg\",\"contentUrl\":\"https:\\\/\\\/www.numismeo.com\\\/wp-content\\\/uploads\\\/2022\\\/09\\\/LogoPetit.jpg\",\"width\":164,\"height\":164,\"caption\":\"Maison Creusy\"},\"image\":{\"@id\":\"https:\\\/\\\/www.numismeo.com\\\/#\\\/schema\\\/logo\\\/image\\\/\"},\"sameAs\":[\"https:\\\/\\\/www.facebook.com\\\/numismeo\"]}]}<\/script>\n<!-- \/ Yoast SEO plugin. -->","yoast_head_json":{"title":"Louis XIV AR \u00e9cu aux 3 couronnes 1710 Lyon","description":"Ecu with the 3 crowns of Louis XIV, last type for Louis XIV, minted in 1710 in Lyon. Nice quality despite a slight discoloration at 11 o'clock.","robots":{"index":"index","follow":"follow","max-snippet":"max-snippet:-1","max-image-preview":"max-image-preview:large","max-video-preview":"max-video-preview:-1"},"canonical":"https:\/\/www.numismeo.com\/en\/boutique\/francaises\/royales\/louis-xiv-ecu-aux-3-couronnes-1710-lyon\/","og_locale":"en_US","og_type":"article","og_title":"Louis XIV AR \u00e9cu aux 3 couronnes 1710 Lyon","og_description":"Ecu with the 3 crowns of Louis XIV, last type for Louis XIV, minted in 1710 in Lyon. Nice quality despite a slight discoloration at 11 o'clock.","og_url":"https:\/\/www.numismeo.com\/en\/boutique\/francaises\/royales\/louis-xiv-ecu-aux-3-couronnes-1710-lyon\/","og_site_name":"Numismeo","article_publisher":"https:\/\/www.facebook.com\/numismeo","article_modified_time":"2026-01-14T14:10:46+00:00","og_image":[{"width":1570,"height":1570,"url":"https:\/\/www.numismeo.com\/wp-content\/uploads\/2025\/04\/Roy-LouisXIVEcu3couronnes1710Lyon-1.jpg","type":"image\/jpeg"}],"twitter_card":"summary_large_image","twitter_misc":{"Est. reading time":"1 minute"},"schema":{"@context":"https:\/\/schema.org","@graph":[{"@type":"WebPage","@id":"https:\/\/www.numismeo.com\/en\/boutique\/francaises\/royales\/louis-xiv-ecu-aux-3-couronnes-1710-lyon\/","url":"https:\/\/www.numismeo.com\/en\/boutique\/francaises\/royales\/louis-xiv-ecu-aux-3-couronnes-1710-lyon\/","name":"Louis XIV \u00e9cu aux 3 couronnes 1710 Lyon - Numismeo","isPartOf":{"@id":"https:\/\/www.numismeo.com\/#website"},"primaryImageOfPage":{"@id":"https:\/\/www.numismeo.com\/boutique\/francaises\/royales\/louis-xiv-ecu-aux-3-couronnes-1710-lyon\/#primaryimage"},"image":{"@id":"https:\/\/www.numismeo.com\/boutique\/francaises\/royales\/louis-xiv-ecu-aux-3-couronnes-1710-lyon\/#primaryimage"},"thumbnailUrl":"https:\/\/www.numismeo.com\/wp-content\/uploads\/2025\/04\/Roy-LouisXIVEcu3couronnes1710Lyon-1.jpg","datePublished":"2025-04-15T09:45:04+00:00","dateModified":"2026-01-14T14:10:46+00:00","description":"Ecu aux 3 couronnes de Louis XIV, dernier type pour Louis XIV, monnaie frapp\u00e9e en 1710 \u00e0 Lyon. De jolie qualit\u00e9 malgr\u00e9 une l\u00e9g\u00e8re d\u00e9coloration \u00e0 11h.","breadcrumb":{"@id":"https:\/\/www.numismeo.com\/boutique\/francaises\/royales\/louis-xiv-ecu-aux-3-couronnes-1710-lyon\/#breadcrumb"},"inLanguage":"en-US","potentialAction":[{"@type":"ReadAction","target":["https:\/\/www.numismeo.com\/boutique\/francaises\/royales\/louis-xiv-ecu-aux-3-couronnes-1710-lyon\/"]}]},{"@type":"ImageObject","inLanguage":"en-US","@id":"https:\/\/www.numismeo.com\/boutique\/francaises\/royales\/louis-xiv-ecu-aux-3-couronnes-1710-lyon\/#primaryimage","url":"https:\/\/www.numismeo.com\/wp-content\/uploads\/2025\/04\/Roy-LouisXIVEcu3couronnes1710Lyon-1.jpg","contentUrl":"https:\/\/www.numismeo.com\/wp-content\/uploads\/2025\/04\/Roy-LouisXIVEcu3couronnes1710Lyon-1.jpg","width":1570,"height":1570},{"@type":"BreadcrumbList","@id":"https:\/\/www.numismeo.com\/boutique\/francaises\/royales\/louis-xiv-ecu-aux-3-couronnes-1710-lyon\/#breadcrumb","itemListElement":[{"@type":"ListItem","position":1,"name":"Accueil","item":"https:\/\/www.numismeo.com\/"},{"@type":"ListItem","position":2,"name":"BoutiqueTechnique","item":"https:\/\/www.numismeo.com\/boutiquetechnique\/"},{"@type":"ListItem","position":3,"name":"Louis XIV \u00e9cu aux 3 couronnes 1710 Lyon"}]},{"@type":"WebSite","@id":"https:\/\/www.numismeo.com\/#website","url":"https:\/\/www.numismeo.com\/","name":"Numismeo","description":"MAISON CREUSY fond\u00e9 en 1974","publisher":{"@id":"https:\/\/www.numismeo.com\/#organization"},"alternateName":"Maison Creusy","potentialAction":[{"@type":"SearchAction","target":{"@type":"EntryPoint","urlTemplate":"https:\/\/www.numismeo.com\/?s={search_term_string}"},"query-input":{"@type":"PropertyValueSpecification","valueRequired":true,"valueName":"search_term_string"}}],"inLanguage":"en-US"},{"@type":"Organization","@id":"https:\/\/www.numismeo.com\/#organization","name":"Maison Creusy","alternateName":"Maison Creusy","url":"https:\/\/www.numismeo.com\/","logo":{"@type":"ImageObject","inLanguage":"en-US","@id":"https:\/\/www.numismeo.com\/#\/schema\/logo\/image\/","url":"https:\/\/www.numismeo.com\/wp-content\/uploads\/2022\/09\/LogoPetit.jpg","contentUrl":"https:\/\/www.numismeo.com\/wp-content\/uploads\/2022\/09\/LogoPetit.jpg","width":164,"height":164,"caption":"Maison Creusy"},"image":{"@id":"https:\/\/www.numismeo.com\/#\/schema\/logo\/image\/"},"sameAs":["https:\/\/www.facebook.com\/numismeo"]}]}},"_links":{"self":[{"href":"https:\/\/www.numismeo.com\/wp-json\/wp\/v2\/product\/44341","targetHints":{"allow":["GET"]}}],"collection":[{"href":"https:\/\/www.numismeo.com\/wp-json\/wp\/v2\/product"}],"about":[{"href":"https:\/\/www.numismeo.com\/wp-json\/wp\/v2\/types\/product"}],"wp:featuredmedia":[{"embeddable":true,"href":"https:\/\/www.numismeo.com\/wp-json\/wp\/v2\/media\/44325"}],"wp:attachment":[{"href":"https:\/\/www.numismeo.com\/wp-json\/wp\/v2\/media?parent=44341"}],"wp:term":[{"taxonomy":"product_brand","embeddable":true,"href":"https:\/\/www.numismeo.com\/wp-json\/wp\/v2\/product_brand?post=44341"},{"taxonomy":"product_cat","embeddable":true,"href":"https:\/\/www.numismeo.com\/wp-json\/wp\/v2\/product_cat?post=44341"},{"taxonomy":"product_tag","embeddable":true,"href":"https:\/\/www.numismeo.com\/wp-json\/wp\/v2\/product_tag?post=44341"}],"curies":[{"name":"wp","href":"https:\/\/api.w.org\/{rel}","templated":true}]}}