{"id":4458,"date":"2021-01-26T13:29:37","date_gmt":"2021-01-26T12:29:37","guid":{"rendered":"http:\/\/www.numismeo.com\/product\/trajan-petit-bronze-de-thrace-frappe-deultum\/"},"modified":"2025-12-31T10:07:13","modified_gmt":"2025-12-31T09:07:13","slug":"trajan-petit-bronze-de-thrace-frappe-deultum","status":"publish","type":"product","link":"https:\/\/www.numismeo.com\/en\/boutique\/antiques\/coloniale-romaine\/trajan-petit-bronze-de-thrace-frappe-deultum\/","title":{"rendered":"Thrace Deultum Trajan AE19"},"content":{"rendered":"<a href=\"https:\/\/en.wikipedia.org\/wiki\/Develtos\" target=\"_blank\" rel=\"noopener\"><b>Develtos<\/b> (Greek: <span lang=\"el\">\u0394\u03b5\u03b2\u03b5\u03bb\u03c4\u03cc\u03c2<\/span>, \u0394\u03b7\u03b2\u03b5\u03bb\u03c4\u03cc\u03c2, \u0394\u03b5\u03bf\u03c5\u03b5\u03bb\u03c4\u00f2\u03c2, \u0394\u03b5\u03bf\u03cd\u03b5\u03bb\u03c4\u03bf\u03c2, \u0394\u03b9\u03b2\u03b7\u03bb\u03c4\u00f3\u03c2) or <\/a><b>Deultum\u00a0<\/b>was an ancient city and bishopric in Thrace. It was located at the mouth of the River Sredetska on the west coast of Lake Mandrensko, previously part of the Gulf of Burgas, and near the modern village of Debelt.","protected":false},"excerpt":{"rendered":"<p>Develtos (Greek: \u0394\u03b5\u03b2\u03b5\u03bb\u03c4\u03cc\u03c2, \u0394\u03b7\u03b2\u03b5\u03bb\u03c4\u03cc\u03c2, \u0394\u03b5\u03bf\u03c5\u03b5\u03bb\u03c4\u00f2\u03c2, \u0394\u03b5\u03bf\u03cd\u03b5\u03bb\u03c4\u03bf\u03c2, \u0394\u03b9\u03b2\u03b7\u03bb\u03c4\u00f3\u03c2) or Deultum\u00a0was an ancient city and bishopric in Thrace. It was located at [&hellip;]<\/p>\n","protected":false},"featured_media":19711,"template":"","meta":{"_acf_changed":false,"site-sidebar-layout":"default","site-content-layout":"","ast-site-content-layout":"default","site-content-style":"default","site-sidebar-style":"default","ast-global-header-display":"","ast-banner-title-visibility":"","ast-main-header-display":"","ast-hfb-above-header-display":"","ast-hfb-below-header-display":"","ast-hfb-mobile-header-display":"","site-post-title":"","ast-breadcrumbs-content":"","ast-featured-img":"","footer-sml-layout":"","ast-disable-related-posts":"","theme-transparent-header-meta":"","adv-header-id-meta":"","stick-header-meta":"","header-above-stick-meta":"","header-main-stick-meta":"","header-below-stick-meta":"","astra-migrate-meta-layouts":"default","ast-page-background-enabled":"default","ast-page-background-meta":{"desktop":{"background-color":"var(--ast-global-color-5)","background-image":"","background-repeat":"repeat","background-position":"center center","background-size":"auto","background-attachment":"scroll","background-type":"","background-media":"","overlay-type":"","overlay-color":"","overlay-opacity":"","overlay-gradient":""},"tablet":{"background-color":"","background-image":"","background-repeat":"repeat","background-position":"center center","background-size":"auto","background-attachment":"scroll","background-type":"","background-media":"","overlay-type":"","overlay-color":"","overlay-opacity":"","overlay-gradient":""},"mobile":{"background-color":"","background-image":"","background-repeat":"repeat","background-position":"center center","background-size":"auto","background-attachment":"scroll","background-type":"","background-media":"","overlay-type":"","overlay-color":"","overlay-opacity":"","overlay-gradient":""}},"ast-content-background-meta":{"desktop":{"background-color":"var(--ast-global-color-4)","background-image":"","background-repeat":"repeat","background-position":"center center","background-size":"auto","background-attachment":"scroll","background-type":"","background-media":"","overlay-type":"","overlay-color":"","overlay-opacity":"","overlay-gradient":""},"tablet":{"background-color":"var(--ast-global-color-4)","background-image":"","background-repeat":"repeat","background-position":"center center","background-size":"auto","background-attachment":"scroll","background-type":"","background-media":"","overlay-type":"","overlay-color":"","overlay-opacity":"","overlay-gradient":""},"mobile":{"background-color":"var(--ast-global-color-4)","background-image":"","background-repeat":"repeat","background-position":"center center","background-size":"auto","background-attachment":"scroll","background-type":"","background-media":"","overlay-type":"","overlay-color":"","overlay-opacity":"","overlay-gradient":""}}},"product_brand":[],"product_cat":[91,173],"product_tag":[],"class_list":{"0":"post-4458","1":"product","2":"type-product","3":"status-publish","4":"has-post-thumbnail","6":"product_cat-antiques","7":"product_cat-coloniale-romaine","8":"pa_atelier-07-deultum","9":"pa_gradage-non","10":"pa_metal-be-bronze","11":"pa_provenance-non","12":"pa_qualite-60-ttb","13":"pa_region-74-thrace","14":"personnage-trajan","15":"desktop-align-left","16":"tablet-align-left","17":"mobile-align-left","19":"first","20":"instock","21":"sold-individually","22":"shipping-taxable","23":"purchasable","24":"product-type-simple"},"acf":[],"yoast_head":"<!-- This site is optimized with the Yoast SEO plugin v27.3 - https:\/\/yoast.com\/product\/yoast-seo-wordpress\/ -->\n<title>Thrace Deultum Trajan AE19<\/title>\n<meta name=\"description\" content=\"Colonial bronze from Trajan struck in Deultumn, a town at the mouth of the river Sredetska, near the present-day village of Debelt.\" \/>\n<meta name=\"robots\" content=\"index, follow, max-snippet:-1, max-image-preview:large, max-video-preview:-1\" \/>\n<link rel=\"canonical\" href=\"https:\/\/www.numismeo.com\/en\/boutique\/antiques\/coloniale-romaine\/trajan-petit-bronze-de-thrace-frappe-deultum\/\" \/>\n<meta property=\"og:locale\" content=\"en_US\" \/>\n<meta property=\"og:type\" content=\"article\" \/>\n<meta property=\"og:title\" content=\"Thrace Deultum Trajan AE19\" \/>\n<meta property=\"og:description\" content=\"Colonial bronze from Trajan struck in Deultumn, a town at the mouth of the river Sredetska, near the present-day village of Debelt.\" \/>\n<meta property=\"og:url\" content=\"https:\/\/www.numismeo.com\/en\/boutique\/antiques\/coloniale-romaine\/trajan-petit-bronze-de-thrace-frappe-deultum\/\" \/>\n<meta property=\"og:site_name\" content=\"Numismeo\" \/>\n<meta property=\"article:publisher\" content=\"https:\/\/www.facebook.com\/numismeo\" \/>\n<meta property=\"article:modified_time\" content=\"2025-12-31T09:07:13+00:00\" \/>\n<meta property=\"og:image\" content=\"https:\/\/www.numismeo.com\/wp-content\/uploads\/2013\/10\/ThraceDeultumTrajanAE19-2.jpg\" \/>\n\t<meta property=\"og:image:width\" content=\"1000\" \/>\n\t<meta property=\"og:image:height\" content=\"1000\" \/>\n\t<meta property=\"og:image:type\" content=\"image\/jpeg\" \/>\n<meta name=\"twitter:card\" content=\"summary_large_image\" \/>\n<meta name=\"twitter:title\" content=\"Thrace Deultum Trajan AE19\" \/>\n<meta name=\"twitter:image\" content=\"https:\/\/www.numismeo.com\/wp-content\/uploads\/2013\/10\/ThraceDeultumTrajanAE19-2.jpg\" \/>\n<meta name=\"twitter:label1\" content=\"Est. reading time\" \/>\n\t<meta name=\"twitter:data1\" content=\"1 minute\" \/>\n<script type=\"application\/ld+json\" class=\"yoast-schema-graph\">{\"@context\":\"https:\\\/\\\/schema.org\",\"@graph\":[{\"@type\":\"WebPage\",\"@id\":\"https:\\\/\\\/www.numismeo.com\\\/en\\\/boutique\\\/antiques\\\/coloniale-romaine\\\/trajan-petit-bronze-de-thrace-frappe-deultum\\\/\",\"url\":\"https:\\\/\\\/www.numismeo.com\\\/en\\\/boutique\\\/antiques\\\/coloniale-romaine\\\/trajan-petit-bronze-de-thrace-frappe-deultum\\\/\",\"name\":\"Thrace Deultum Trajan AE19 - Numismeo\",\"isPartOf\":{\"@id\":\"https:\\\/\\\/www.numismeo.com\\\/#website\"},\"primaryImageOfPage\":{\"@id\":\"https:\\\/\\\/www.numismeo.com\\\/boutique\\\/antiques\\\/coloniale-romaine\\\/trajan-petit-bronze-de-thrace-frappe-deultum\\\/#primaryimage\"},\"image\":{\"@id\":\"https:\\\/\\\/www.numismeo.com\\\/boutique\\\/antiques\\\/coloniale-romaine\\\/trajan-petit-bronze-de-thrace-frappe-deultum\\\/#primaryimage\"},\"thumbnailUrl\":\"https:\\\/\\\/www.numismeo.com\\\/wp-content\\\/uploads\\\/2013\\\/10\\\/ThraceDeultumTrajanAE19-1.jpg\",\"datePublished\":\"2021-01-26T12:29:37+00:00\",\"dateModified\":\"2025-12-31T09:07:13+00:00\",\"description\":\"Bronze coloniale de Trajan frapp\u00e9 \u00e0 Deultumn ville situ\u00e9e \u00e0 l'embouchure du fleuve Sredetska, pr\u00e8s du village actuel de Debelt.\",\"breadcrumb\":{\"@id\":\"https:\\\/\\\/www.numismeo.com\\\/boutique\\\/antiques\\\/coloniale-romaine\\\/trajan-petit-bronze-de-thrace-frappe-deultum\\\/#breadcrumb\"},\"inLanguage\":\"en-US\",\"potentialAction\":[{\"@type\":\"ReadAction\",\"target\":[\"https:\\\/\\\/www.numismeo.com\\\/boutique\\\/antiques\\\/coloniale-romaine\\\/trajan-petit-bronze-de-thrace-frappe-deultum\\\/\"]}]},{\"@type\":\"ImageObject\",\"inLanguage\":\"en-US\",\"@id\":\"https:\\\/\\\/www.numismeo.com\\\/boutique\\\/antiques\\\/coloniale-romaine\\\/trajan-petit-bronze-de-thrace-frappe-deultum\\\/#primaryimage\",\"url\":\"https:\\\/\\\/www.numismeo.com\\\/wp-content\\\/uploads\\\/2013\\\/10\\\/ThraceDeultumTrajanAE19-1.jpg\",\"contentUrl\":\"https:\\\/\\\/www.numismeo.com\\\/wp-content\\\/uploads\\\/2013\\\/10\\\/ThraceDeultumTrajanAE19-1.jpg\",\"width\":1000,\"height\":1000,\"caption\":\"ThraceDeultumTrajanAE19-1\"},{\"@type\":\"BreadcrumbList\",\"@id\":\"https:\\\/\\\/www.numismeo.com\\\/boutique\\\/antiques\\\/coloniale-romaine\\\/trajan-petit-bronze-de-thrace-frappe-deultum\\\/#breadcrumb\",\"itemListElement\":[{\"@type\":\"ListItem\",\"position\":1,\"name\":\"Accueil\",\"item\":\"https:\\\/\\\/www.numismeo.com\\\/\"},{\"@type\":\"ListItem\",\"position\":2,\"name\":\"BoutiqueTechnique\",\"item\":\"https:\\\/\\\/www.numismeo.com\\\/boutiquetechnique\\\/\"},{\"@type\":\"ListItem\",\"position\":3,\"name\":\"Thrace Deultum Trajan AE19\"}]},{\"@type\":\"WebSite\",\"@id\":\"https:\\\/\\\/www.numismeo.com\\\/#website\",\"url\":\"https:\\\/\\\/www.numismeo.com\\\/\",\"name\":\"Numismeo\",\"description\":\"MAISON CREUSY fond\u00e9 en 1974\",\"publisher\":{\"@id\":\"https:\\\/\\\/www.numismeo.com\\\/#organization\"},\"alternateName\":\"Maison Creusy\",\"potentialAction\":[{\"@type\":\"SearchAction\",\"target\":{\"@type\":\"EntryPoint\",\"urlTemplate\":\"https:\\\/\\\/www.numismeo.com\\\/?s={search_term_string}\"},\"query-input\":{\"@type\":\"PropertyValueSpecification\",\"valueRequired\":true,\"valueName\":\"search_term_string\"}}],\"inLanguage\":\"en-US\"},{\"@type\":\"Organization\",\"@id\":\"https:\\\/\\\/www.numismeo.com\\\/#organization\",\"name\":\"Maison Creusy\",\"alternateName\":\"Maison Creusy\",\"url\":\"https:\\\/\\\/www.numismeo.com\\\/\",\"logo\":{\"@type\":\"ImageObject\",\"inLanguage\":\"en-US\",\"@id\":\"https:\\\/\\\/www.numismeo.com\\\/#\\\/schema\\\/logo\\\/image\\\/\",\"url\":\"https:\\\/\\\/www.numismeo.com\\\/wp-content\\\/uploads\\\/2022\\\/09\\\/LogoPetit.jpg\",\"contentUrl\":\"https:\\\/\\\/www.numismeo.com\\\/wp-content\\\/uploads\\\/2022\\\/09\\\/LogoPetit.jpg\",\"width\":164,\"height\":164,\"caption\":\"Maison Creusy\"},\"image\":{\"@id\":\"https:\\\/\\\/www.numismeo.com\\\/#\\\/schema\\\/logo\\\/image\\\/\"},\"sameAs\":[\"https:\\\/\\\/www.facebook.com\\\/numismeo\"]}]}<\/script>\n<!-- \/ Yoast SEO plugin. -->","yoast_head_json":{"title":"Thrace Deultum Trajan AE19","description":"Colonial bronze from Trajan struck in Deultumn, a town at the mouth of the river Sredetska, near the present-day village of Debelt.","robots":{"index":"index","follow":"follow","max-snippet":"max-snippet:-1","max-image-preview":"max-image-preview:large","max-video-preview":"max-video-preview:-1"},"canonical":"https:\/\/www.numismeo.com\/en\/boutique\/antiques\/coloniale-romaine\/trajan-petit-bronze-de-thrace-frappe-deultum\/","og_locale":"en_US","og_type":"article","og_title":"Thrace Deultum Trajan AE19","og_description":"Colonial bronze from Trajan struck in Deultumn, a town at the mouth of the river Sredetska, near the present-day village of Debelt.","og_url":"https:\/\/www.numismeo.com\/en\/boutique\/antiques\/coloniale-romaine\/trajan-petit-bronze-de-thrace-frappe-deultum\/","og_site_name":"Numismeo","article_publisher":"https:\/\/www.facebook.com\/numismeo","article_modified_time":"2025-12-31T09:07:13+00:00","og_image":[{"width":1000,"height":1000,"url":"https:\/\/www.numismeo.com\/wp-content\/uploads\/2013\/10\/ThraceDeultumTrajanAE19-2.jpg","type":"image\/jpeg"}],"twitter_card":"summary_large_image","twitter_title":"Thrace Deultum Trajan AE19","twitter_image":"https:\/\/www.numismeo.com\/wp-content\/uploads\/2013\/10\/ThraceDeultumTrajanAE19-2.jpg","twitter_misc":{"Est. reading time":"1 minute"},"schema":{"@context":"https:\/\/schema.org","@graph":[{"@type":"WebPage","@id":"https:\/\/www.numismeo.com\/en\/boutique\/antiques\/coloniale-romaine\/trajan-petit-bronze-de-thrace-frappe-deultum\/","url":"https:\/\/www.numismeo.com\/en\/boutique\/antiques\/coloniale-romaine\/trajan-petit-bronze-de-thrace-frappe-deultum\/","name":"Thrace Deultum Trajan AE19 - Numismeo","isPartOf":{"@id":"https:\/\/www.numismeo.com\/#website"},"primaryImageOfPage":{"@id":"https:\/\/www.numismeo.com\/boutique\/antiques\/coloniale-romaine\/trajan-petit-bronze-de-thrace-frappe-deultum\/#primaryimage"},"image":{"@id":"https:\/\/www.numismeo.com\/boutique\/antiques\/coloniale-romaine\/trajan-petit-bronze-de-thrace-frappe-deultum\/#primaryimage"},"thumbnailUrl":"https:\/\/www.numismeo.com\/wp-content\/uploads\/2013\/10\/ThraceDeultumTrajanAE19-1.jpg","datePublished":"2021-01-26T12:29:37+00:00","dateModified":"2025-12-31T09:07:13+00:00","description":"Bronze coloniale de Trajan frapp\u00e9 \u00e0 Deultumn ville situ\u00e9e \u00e0 l'embouchure du fleuve Sredetska, pr\u00e8s du village actuel de Debelt.","breadcrumb":{"@id":"https:\/\/www.numismeo.com\/boutique\/antiques\/coloniale-romaine\/trajan-petit-bronze-de-thrace-frappe-deultum\/#breadcrumb"},"inLanguage":"en-US","potentialAction":[{"@type":"ReadAction","target":["https:\/\/www.numismeo.com\/boutique\/antiques\/coloniale-romaine\/trajan-petit-bronze-de-thrace-frappe-deultum\/"]}]},{"@type":"ImageObject","inLanguage":"en-US","@id":"https:\/\/www.numismeo.com\/boutique\/antiques\/coloniale-romaine\/trajan-petit-bronze-de-thrace-frappe-deultum\/#primaryimage","url":"https:\/\/www.numismeo.com\/wp-content\/uploads\/2013\/10\/ThraceDeultumTrajanAE19-1.jpg","contentUrl":"https:\/\/www.numismeo.com\/wp-content\/uploads\/2013\/10\/ThraceDeultumTrajanAE19-1.jpg","width":1000,"height":1000,"caption":"ThraceDeultumTrajanAE19-1"},{"@type":"BreadcrumbList","@id":"https:\/\/www.numismeo.com\/boutique\/antiques\/coloniale-romaine\/trajan-petit-bronze-de-thrace-frappe-deultum\/#breadcrumb","itemListElement":[{"@type":"ListItem","position":1,"name":"Accueil","item":"https:\/\/www.numismeo.com\/"},{"@type":"ListItem","position":2,"name":"BoutiqueTechnique","item":"https:\/\/www.numismeo.com\/boutiquetechnique\/"},{"@type":"ListItem","position":3,"name":"Thrace Deultum Trajan AE19"}]},{"@type":"WebSite","@id":"https:\/\/www.numismeo.com\/#website","url":"https:\/\/www.numismeo.com\/","name":"Numismeo","description":"MAISON CREUSY fond\u00e9 en 1974","publisher":{"@id":"https:\/\/www.numismeo.com\/#organization"},"alternateName":"Maison Creusy","potentialAction":[{"@type":"SearchAction","target":{"@type":"EntryPoint","urlTemplate":"https:\/\/www.numismeo.com\/?s={search_term_string}"},"query-input":{"@type":"PropertyValueSpecification","valueRequired":true,"valueName":"search_term_string"}}],"inLanguage":"en-US"},{"@type":"Organization","@id":"https:\/\/www.numismeo.com\/#organization","name":"Maison Creusy","alternateName":"Maison Creusy","url":"https:\/\/www.numismeo.com\/","logo":{"@type":"ImageObject","inLanguage":"en-US","@id":"https:\/\/www.numismeo.com\/#\/schema\/logo\/image\/","url":"https:\/\/www.numismeo.com\/wp-content\/uploads\/2022\/09\/LogoPetit.jpg","contentUrl":"https:\/\/www.numismeo.com\/wp-content\/uploads\/2022\/09\/LogoPetit.jpg","width":164,"height":164,"caption":"Maison Creusy"},"image":{"@id":"https:\/\/www.numismeo.com\/#\/schema\/logo\/image\/"},"sameAs":["https:\/\/www.facebook.com\/numismeo"]}]}},"_links":{"self":[{"href":"https:\/\/www.numismeo.com\/wp-json\/wp\/v2\/product\/4458","targetHints":{"allow":["GET"]}}],"collection":[{"href":"https:\/\/www.numismeo.com\/wp-json\/wp\/v2\/product"}],"about":[{"href":"https:\/\/www.numismeo.com\/wp-json\/wp\/v2\/types\/product"}],"wp:featuredmedia":[{"embeddable":true,"href":"https:\/\/www.numismeo.com\/wp-json\/wp\/v2\/media\/19711"}],"wp:attachment":[{"href":"https:\/\/www.numismeo.com\/wp-json\/wp\/v2\/media?parent=4458"}],"wp:term":[{"taxonomy":"product_brand","embeddable":true,"href":"https:\/\/www.numismeo.com\/wp-json\/wp\/v2\/product_brand?post=4458"},{"taxonomy":"product_cat","embeddable":true,"href":"https:\/\/www.numismeo.com\/wp-json\/wp\/v2\/product_cat?post=4458"},{"taxonomy":"product_tag","embeddable":true,"href":"https:\/\/www.numismeo.com\/wp-json\/wp\/v2\/product_tag?post=4458"}],"curies":[{"name":"wp","href":"https:\/\/api.w.org\/{rel}","templated":true}]}}