{"id":45870,"date":"2025-06-05T16:39:47","date_gmt":"2025-06-05T14:39:47","guid":{"rendered":"https:\/\/www.numismeo.com\/?post_type=product&#038;p=45870"},"modified":"2025-12-31T10:02:11","modified_gmt":"2025-12-31T09:02:11","slug":"pomponia-denier-uranie-muse-de-lastronomie-2","status":"publish","type":"product","link":"https:\/\/www.numismeo.com\/en\/boutique\/antiques\/republique-romaine-antiques\/pomponia-denier-uranie-muse-de-lastronomie-2\/","title":{"rendered":"Pomponius AR denarius Muse of Astronomy"},"content":{"rendered":"<p class=\"p1\">This series is exceptional within Roman Republican coinage. It references the <span class=\"s1\"><b>Temple of Hercules Musagetes<\/b><\/span> (<i>Aedes Herculis Musarum<\/i>), built in Rome by <span class=\"s1\"><b>Marcus Fulvius Nobilior<\/b><\/span> after his campaign in Greece in 189 BC. This temple housed statues of Hercules and the Muses, symbolizing the union of strength and the arts.<\/p>\r\n\r\n<table>\r\n<thead>\r\n<tr>\r\n<th>\r\n<p class=\"p1\"><b>No.<\/b><\/p>\r\n<\/th>\r\n<th>\r\n<p class=\"p1\"><b>Muse \/ Subject<\/b><\/p>\r\n<\/th>\r\n<th>\r\n<p class=\"p1\"><b>Main Attributes \/ Description<\/b><\/p>\r\n<\/th>\r\n<th>\r\n<p class=\"p1\"><b>References<\/b><\/p>\r\n<\/th>\r\n<\/tr>\r\n<\/thead>\r\n<tbody>\r\n<tr>\r\n<td>\r\n<p class=\"p1\">1<\/p>\r\n<\/td>\r\n<td>\r\n<p class=\"p1\"><b>Calliope<\/b><\/p>\r\n<\/td>\r\n<td>\r\n<p class=\"p1\">Laureate head of Apollo \/ Calliope standing, holding a scroll or tablet<\/p>\r\n<\/td>\r\n<td>\r\n<p class=\"p1\">Crawford 410\/1; Sydenham 809; RSC Pomponia 11<\/p>\r\n<\/td>\r\n<\/tr>\r\n<tr>\r\n<td>\r\n<p class=\"p1\">2<\/p>\r\n<\/td>\r\n<td>\r\n<p class=\"p1\"><b>Clio<\/b><\/p>\r\n<\/td>\r\n<td>\r\n<p class=\"p1\">Laureate head of Apollo \/ Clio standing, holding a scroll or tablet<\/p>\r\n<\/td>\r\n<td>\r\n<p class=\"p1\">Crawford 410\/2; Sydenham 810; RSC Pomponia 12<\/p>\r\n<\/td>\r\n<\/tr>\r\n<tr>\r\n<td>\r\n<p class=\"p1\">3<\/p>\r\n<\/td>\r\n<td>\r\n<p class=\"p1\"><b>Euterpe<\/b><\/p>\r\n<\/td>\r\n<td>\r\n<p class=\"p1\">Laureate head of Apollo \/ Euterpe standing, holding two flutes<\/p>\r\n<\/td>\r\n<td>\r\n<p class=\"p1\">Crawford 410\/5; Sydenham 813; RSC Pomponia 14<\/p>\r\n<\/td>\r\n<\/tr>\r\n<tr>\r\n<td>\r\n<p class=\"p1\">4<\/p>\r\n<\/td>\r\n<td>\r\n<p class=\"p1\"><b>Erato<\/b><\/p>\r\n<\/td>\r\n<td>\r\n<p class=\"p1\">Laureate head of Apollo \/ Erato standing, holding a lyre and plectrum<\/p>\r\n<\/td>\r\n<td>\r\n<p class=\"p1\">Crawford 410\/6; Sydenham 814; RSC Pomponia 15<\/p>\r\n<\/td>\r\n<\/tr>\r\n<tr>\r\n<td>\r\n<p class=\"p1\">5<\/p>\r\n<\/td>\r\n<td>\r\n<p class=\"p1\"><b>Melpomene<\/b><\/p>\r\n<\/td>\r\n<td>\r\n<p class=\"p1\">Laureate head of Apollo \/ Melpomene standing, holding a club and a tragic mask<\/p>\r\n<\/td>\r\n<td>\r\n<p class=\"p1\">Crawford 410\/4; Sydenham 812; RSC Pomponia 13<\/p>\r\n<\/td>\r\n<\/tr>\r\n<tr>\r\n<td>\r\n<p class=\"p1\">6<\/p>\r\n<\/td>\r\n<td>\r\n<p class=\"p1\"><b>Polyhymnia<\/b><\/p>\r\n<\/td>\r\n<td>\r\n<p class=\"p1\">Laureate head of Apollo \/ Polyhymnia standing in a meditative pose<\/p>\r\n<\/td>\r\n<td>\r\n<p class=\"p1\">Crawford 410\/10; Sydenham 817; RSC Pomponia 16<\/p>\r\n<\/td>\r\n<\/tr>\r\n<tr>\r\n<td>\r\n<p class=\"p1\">7<\/p>\r\n<\/td>\r\n<td>\r\n<p class=\"p1\"><b>Terpsichore<\/b><\/p>\r\n<\/td>\r\n<td>\r\n<p class=\"p1\">Laureate head of Apollo \/ Terpsichore standing, holding a lyre and plectrum<\/p>\r\n<\/td>\r\n<td>\r\n<p class=\"p1\">Crawford 410\/7; Sydenham 815; RSC Pomponia 17<\/p>\r\n<\/td>\r\n<\/tr>\r\n<tr>\r\n<td>\r\n<p class=\"p1\">8<\/p>\r\n<\/td>\r\n<td>\r\n<p class=\"p1\"><b>Thalia<\/b><\/p>\r\n<\/td>\r\n<td>\r\n<p class=\"p1\">Laureate head of Apollo \/ Thalia standing, holding a comic mask<\/p>\r\n<\/td>\r\n<td>\r\n<p class=\"p1\">Crawford 410\/9; Sydenham 816; RSC Pomponia 18<\/p>\r\n<\/td>\r\n<\/tr>\r\n<tr>\r\n<td>\r\n<p class=\"p1\">9<\/p>\r\n<\/td>\r\n<td>\r\n<p class=\"p1\"><b>Urania<\/b><\/p>\r\n<\/td>\r\n<td>\r\n<p class=\"p1\">Laureate head of Apollo \/ Urania standing, pointing to a globe on a tripod<\/p>\r\n<\/td>\r\n<td>\r\n<p class=\"p1\">Crawford 410\/8; Sydenham 818; RSC Pomponia 19<\/p>\r\n<\/td>\r\n<\/tr>\r\n<tr>\r\n<td>\r\n<p class=\"p1\">10<\/p>\r\n<\/td>\r\n<td>\r\n<p class=\"p1\"><b>Hercules Musagetes<\/b><\/p>\r\n<\/td>\r\n<td>\r\n<p class=\"p1\">Laureate head of Apollo \/ Hercules standing, playing the lyre<\/p>\r\n<\/td>\r\n<td>\r\n<p class=\"p1\">Crawford 410\/3; Sydenham 811; RSC Pomponia 20<\/p>\r\n<\/td>\r\n<\/tr>\r\n<\/tbody>\r\n<\/table>","protected":false},"excerpt":{"rendered":"<p>This series is exceptional within Roman Republican coinage. It references the Temple of Hercules Musagetes (Aedes Herculis Musarum), built in [&hellip;]<\/p>\n","protected":false},"featured_media":45871,"template":"","meta":{"_acf_changed":false,"site-sidebar-layout":"default","site-content-layout":"","ast-site-content-layout":"default","site-content-style":"default","site-sidebar-style":"default","ast-global-header-display":"","ast-banner-title-visibility":"","ast-main-header-display":"","ast-hfb-above-header-display":"","ast-hfb-below-header-display":"","ast-hfb-mobile-header-display":"","site-post-title":"","ast-breadcrumbs-content":"","ast-featured-img":"","footer-sml-layout":"","ast-disable-related-posts":"","theme-transparent-header-meta":"","adv-header-id-meta":"","stick-header-meta":"","header-above-stick-meta":"","header-main-stick-meta":"","header-below-stick-meta":"","astra-migrate-meta-layouts":"default","ast-page-background-enabled":"default","ast-page-background-meta":{"desktop":{"background-color":"var(--ast-global-color-5)","background-image":"","background-repeat":"repeat","background-position":"center center","background-size":"auto","background-attachment":"scroll","background-type":"","background-media":"","overlay-type":"","overlay-color":"","overlay-opacity":"","overlay-gradient":""},"tablet":{"background-color":"","background-image":"","background-repeat":"repeat","background-position":"center center","background-size":"auto","background-attachment":"scroll","background-type":"","background-media":"","overlay-type":"","overlay-color":"","overlay-opacity":"","overlay-gradient":""},"mobile":{"background-color":"","background-image":"","background-repeat":"repeat","background-position":"center center","background-size":"auto","background-attachment":"scroll","background-type":"","background-media":"","overlay-type":"","overlay-color":"","overlay-opacity":"","overlay-gradient":""}},"ast-content-background-meta":{"desktop":{"background-color":"var(--ast-global-color-4)","background-image":"","background-repeat":"repeat","background-position":"center center","background-size":"auto","background-attachment":"scroll","background-type":"","background-media":"","overlay-type":"","overlay-color":"","overlay-opacity":"","overlay-gradient":""},"tablet":{"background-color":"var(--ast-global-color-4)","background-image":"","background-repeat":"repeat","background-position":"center center","background-size":"auto","background-attachment":"scroll","background-type":"","background-media":"","overlay-type":"","overlay-color":"","overlay-opacity":"","overlay-gradient":""},"mobile":{"background-color":"var(--ast-global-color-4)","background-image":"","background-repeat":"repeat","background-position":"center center","background-size":"auto","background-attachment":"scroll","background-type":"","background-media":"","overlay-type":"","overlay-color":"","overlay-opacity":"","overlay-gradient":""}}},"product_brand":[],"product_cat":[91,179],"product_tag":[],"class_list":{"0":"post-45870","1":"product","2":"type-product","3":"status-publish","4":"has-post-thumbnail","6":"product_cat-antiques","7":"product_cat-republique-romaine-antiques","8":"pa_anneefrappe1-89-_66","9":"pa_atelier-ee-rome","10":"pa_gradage-non","11":"pa_metal-b5-argent","12":"pa_provenance-non","13":"pa_qualite-13-tb_","14":"personnage-uranie-muse-of-astronomy","15":"desktop-align-left","16":"tablet-align-left","17":"mobile-align-left","19":"first","20":"instock","21":"sold-individually","22":"shipping-taxable","23":"purchasable","24":"product-type-simple"},"acf":[],"yoast_head":"<!-- This site is optimized with the Yoast SEO plugin v27.3 - https:\/\/yoast.com\/product\/yoast-seo-wordpress\/ -->\n<title>Pomponius AR denarius Muse of Astronomy<\/title>\n<meta name=\"description\" content=\"Denarius of the Roman Republic of the Pomponia family. Series of the Muses, Urania muse of astronomy. Light weight, heavy wear\" \/>\n<meta name=\"robots\" content=\"index, follow, max-snippet:-1, max-image-preview:large, max-video-preview:-1\" \/>\n<link rel=\"canonical\" href=\"https:\/\/www.numismeo.com\/en\/boutique\/antiques\/republique-romaine-antiques\/pomponia-denier-uranie-muse-de-lastronomie-2\/\" \/>\n<meta property=\"og:locale\" content=\"en_US\" \/>\n<meta property=\"og:type\" content=\"article\" \/>\n<meta property=\"og:title\" content=\"Pomponius AR denarius Muse of Astronomy\" \/>\n<meta property=\"og:description\" content=\"Denarius of the Roman Republic of the Pomponia family. Series of the Muses, Urania muse of astronomy. Light weight, heavy wear\" \/>\n<meta property=\"og:url\" content=\"https:\/\/www.numismeo.com\/en\/boutique\/antiques\/republique-romaine-antiques\/pomponia-denier-uranie-muse-de-lastronomie-2\/\" \/>\n<meta property=\"og:site_name\" content=\"Numismeo\" \/>\n<meta property=\"article:publisher\" content=\"https:\/\/www.facebook.com\/numismeo\" \/>\n<meta property=\"article:modified_time\" content=\"2025-12-31T09:02:11+00:00\" \/>\n<meta property=\"og:image\" content=\"https:\/\/www.numismeo.com\/wp-content\/uploads\/2025\/06\/RR-PomponiaDenierMuseAstronomie_2.webp\" \/>\n\t<meta property=\"og:image:width\" content=\"1419\" \/>\n\t<meta property=\"og:image:height\" content=\"1419\" \/>\n\t<meta property=\"og:image:type\" content=\"image\/webp\" \/>\n<meta name=\"twitter:card\" content=\"summary_large_image\" \/>\n<meta name=\"twitter:label1\" content=\"Est. reading time\" \/>\n\t<meta name=\"twitter:data1\" content=\"2 minutes\" \/>\n<script type=\"application\/ld+json\" class=\"yoast-schema-graph\">{\"@context\":\"https:\\\/\\\/schema.org\",\"@graph\":[{\"@type\":\"WebPage\",\"@id\":\"https:\\\/\\\/www.numismeo.com\\\/en\\\/boutique\\\/antiques\\\/republique-romaine-antiques\\\/pomponia-denier-uranie-muse-de-lastronomie-2\\\/\",\"url\":\"https:\\\/\\\/www.numismeo.com\\\/en\\\/boutique\\\/antiques\\\/republique-romaine-antiques\\\/pomponia-denier-uranie-muse-de-lastronomie-2\\\/\",\"name\":\"Pomponia denier Uranie muse de l'astronomie - Numismeo\",\"isPartOf\":{\"@id\":\"https:\\\/\\\/www.numismeo.com\\\/#website\"},\"primaryImageOfPage\":{\"@id\":\"https:\\\/\\\/www.numismeo.com\\\/boutique\\\/antiques\\\/republique-romaine-antiques\\\/pomponia-denier-uranie-muse-de-lastronomie-2\\\/#primaryimage\"},\"image\":{\"@id\":\"https:\\\/\\\/www.numismeo.com\\\/boutique\\\/antiques\\\/republique-romaine-antiques\\\/pomponia-denier-uranie-muse-de-lastronomie-2\\\/#primaryimage\"},\"thumbnailUrl\":\"https:\\\/\\\/www.numismeo.com\\\/wp-content\\\/uploads\\\/2025\\\/06\\\/RR-PomponiaDenierMuseAstronomie-1.webp\",\"datePublished\":\"2025-06-05T14:39:47+00:00\",\"dateModified\":\"2025-12-31T09:02:11+00:00\",\"description\":\"Denier de la r\u00e9publique romaine de la famille Pomponia. S\u00e9rie des Muses, Uranie muse de l'astronomie. De poids l\u00e9ger, usure importante\",\"breadcrumb\":{\"@id\":\"https:\\\/\\\/www.numismeo.com\\\/boutique\\\/antiques\\\/republique-romaine-antiques\\\/pomponia-denier-uranie-muse-de-lastronomie-2\\\/#breadcrumb\"},\"inLanguage\":\"en-US\",\"potentialAction\":[{\"@type\":\"ReadAction\",\"target\":[\"https:\\\/\\\/www.numismeo.com\\\/boutique\\\/antiques\\\/republique-romaine-antiques\\\/pomponia-denier-uranie-muse-de-lastronomie-2\\\/\"]}]},{\"@type\":\"ImageObject\",\"inLanguage\":\"en-US\",\"@id\":\"https:\\\/\\\/www.numismeo.com\\\/boutique\\\/antiques\\\/republique-romaine-antiques\\\/pomponia-denier-uranie-muse-de-lastronomie-2\\\/#primaryimage\",\"url\":\"https:\\\/\\\/www.numismeo.com\\\/wp-content\\\/uploads\\\/2025\\\/06\\\/RR-PomponiaDenierMuseAstronomie-1.webp\",\"contentUrl\":\"https:\\\/\\\/www.numismeo.com\\\/wp-content\\\/uploads\\\/2025\\\/06\\\/RR-PomponiaDenierMuseAstronomie-1.webp\",\"width\":1419,\"height\":1419},{\"@type\":\"BreadcrumbList\",\"@id\":\"https:\\\/\\\/www.numismeo.com\\\/boutique\\\/antiques\\\/republique-romaine-antiques\\\/pomponia-denier-uranie-muse-de-lastronomie-2\\\/#breadcrumb\",\"itemListElement\":[{\"@type\":\"ListItem\",\"position\":1,\"name\":\"Accueil\",\"item\":\"https:\\\/\\\/www.numismeo.com\\\/\"},{\"@type\":\"ListItem\",\"position\":2,\"name\":\"BoutiqueTechnique\",\"item\":\"https:\\\/\\\/www.numismeo.com\\\/boutiquetechnique\\\/\"},{\"@type\":\"ListItem\",\"position\":3,\"name\":\"Pomponia denier Uranie muse de l&rsquo;astronomie\"}]},{\"@type\":\"WebSite\",\"@id\":\"https:\\\/\\\/www.numismeo.com\\\/#website\",\"url\":\"https:\\\/\\\/www.numismeo.com\\\/\",\"name\":\"Numismeo\",\"description\":\"MAISON CREUSY fond\u00e9 en 1974\",\"publisher\":{\"@id\":\"https:\\\/\\\/www.numismeo.com\\\/#organization\"},\"alternateName\":\"Maison Creusy\",\"potentialAction\":[{\"@type\":\"SearchAction\",\"target\":{\"@type\":\"EntryPoint\",\"urlTemplate\":\"https:\\\/\\\/www.numismeo.com\\\/?s={search_term_string}\"},\"query-input\":{\"@type\":\"PropertyValueSpecification\",\"valueRequired\":true,\"valueName\":\"search_term_string\"}}],\"inLanguage\":\"en-US\"},{\"@type\":\"Organization\",\"@id\":\"https:\\\/\\\/www.numismeo.com\\\/#organization\",\"name\":\"Maison Creusy\",\"alternateName\":\"Maison Creusy\",\"url\":\"https:\\\/\\\/www.numismeo.com\\\/\",\"logo\":{\"@type\":\"ImageObject\",\"inLanguage\":\"en-US\",\"@id\":\"https:\\\/\\\/www.numismeo.com\\\/#\\\/schema\\\/logo\\\/image\\\/\",\"url\":\"https:\\\/\\\/www.numismeo.com\\\/wp-content\\\/uploads\\\/2022\\\/09\\\/LogoPetit.jpg\",\"contentUrl\":\"https:\\\/\\\/www.numismeo.com\\\/wp-content\\\/uploads\\\/2022\\\/09\\\/LogoPetit.jpg\",\"width\":164,\"height\":164,\"caption\":\"Maison Creusy\"},\"image\":{\"@id\":\"https:\\\/\\\/www.numismeo.com\\\/#\\\/schema\\\/logo\\\/image\\\/\"},\"sameAs\":[\"https:\\\/\\\/www.facebook.com\\\/numismeo\"]}]}<\/script>\n<!-- \/ Yoast SEO plugin. -->","yoast_head_json":{"title":"Pomponius AR denarius Muse of Astronomy","description":"Denarius of the Roman Republic of the Pomponia family. Series of the Muses, Urania muse of astronomy. Light weight, heavy wear","robots":{"index":"index","follow":"follow","max-snippet":"max-snippet:-1","max-image-preview":"max-image-preview:large","max-video-preview":"max-video-preview:-1"},"canonical":"https:\/\/www.numismeo.com\/en\/boutique\/antiques\/republique-romaine-antiques\/pomponia-denier-uranie-muse-de-lastronomie-2\/","og_locale":"en_US","og_type":"article","og_title":"Pomponius AR denarius Muse of Astronomy","og_description":"Denarius of the Roman Republic of the Pomponia family. Series of the Muses, Urania muse of astronomy. Light weight, heavy wear","og_url":"https:\/\/www.numismeo.com\/en\/boutique\/antiques\/republique-romaine-antiques\/pomponia-denier-uranie-muse-de-lastronomie-2\/","og_site_name":"Numismeo","article_publisher":"https:\/\/www.facebook.com\/numismeo","article_modified_time":"2025-12-31T09:02:11+00:00","og_image":[{"width":1419,"height":1419,"url":"https:\/\/www.numismeo.com\/wp-content\/uploads\/2025\/06\/RR-PomponiaDenierMuseAstronomie_2.webp","type":"image\/webp"}],"twitter_card":"summary_large_image","twitter_misc":{"Est. reading time":"2 minutes"},"schema":{"@context":"https:\/\/schema.org","@graph":[{"@type":"WebPage","@id":"https:\/\/www.numismeo.com\/en\/boutique\/antiques\/republique-romaine-antiques\/pomponia-denier-uranie-muse-de-lastronomie-2\/","url":"https:\/\/www.numismeo.com\/en\/boutique\/antiques\/republique-romaine-antiques\/pomponia-denier-uranie-muse-de-lastronomie-2\/","name":"Pomponia denier Uranie muse de l'astronomie - Numismeo","isPartOf":{"@id":"https:\/\/www.numismeo.com\/#website"},"primaryImageOfPage":{"@id":"https:\/\/www.numismeo.com\/boutique\/antiques\/republique-romaine-antiques\/pomponia-denier-uranie-muse-de-lastronomie-2\/#primaryimage"},"image":{"@id":"https:\/\/www.numismeo.com\/boutique\/antiques\/republique-romaine-antiques\/pomponia-denier-uranie-muse-de-lastronomie-2\/#primaryimage"},"thumbnailUrl":"https:\/\/www.numismeo.com\/wp-content\/uploads\/2025\/06\/RR-PomponiaDenierMuseAstronomie-1.webp","datePublished":"2025-06-05T14:39:47+00:00","dateModified":"2025-12-31T09:02:11+00:00","description":"Denier de la r\u00e9publique romaine de la famille Pomponia. S\u00e9rie des Muses, Uranie muse de l'astronomie. De poids l\u00e9ger, usure importante","breadcrumb":{"@id":"https:\/\/www.numismeo.com\/boutique\/antiques\/republique-romaine-antiques\/pomponia-denier-uranie-muse-de-lastronomie-2\/#breadcrumb"},"inLanguage":"en-US","potentialAction":[{"@type":"ReadAction","target":["https:\/\/www.numismeo.com\/boutique\/antiques\/republique-romaine-antiques\/pomponia-denier-uranie-muse-de-lastronomie-2\/"]}]},{"@type":"ImageObject","inLanguage":"en-US","@id":"https:\/\/www.numismeo.com\/boutique\/antiques\/republique-romaine-antiques\/pomponia-denier-uranie-muse-de-lastronomie-2\/#primaryimage","url":"https:\/\/www.numismeo.com\/wp-content\/uploads\/2025\/06\/RR-PomponiaDenierMuseAstronomie-1.webp","contentUrl":"https:\/\/www.numismeo.com\/wp-content\/uploads\/2025\/06\/RR-PomponiaDenierMuseAstronomie-1.webp","width":1419,"height":1419},{"@type":"BreadcrumbList","@id":"https:\/\/www.numismeo.com\/boutique\/antiques\/republique-romaine-antiques\/pomponia-denier-uranie-muse-de-lastronomie-2\/#breadcrumb","itemListElement":[{"@type":"ListItem","position":1,"name":"Accueil","item":"https:\/\/www.numismeo.com\/"},{"@type":"ListItem","position":2,"name":"BoutiqueTechnique","item":"https:\/\/www.numismeo.com\/boutiquetechnique\/"},{"@type":"ListItem","position":3,"name":"Pomponia denier Uranie muse de l&rsquo;astronomie"}]},{"@type":"WebSite","@id":"https:\/\/www.numismeo.com\/#website","url":"https:\/\/www.numismeo.com\/","name":"Numismeo","description":"MAISON CREUSY fond\u00e9 en 1974","publisher":{"@id":"https:\/\/www.numismeo.com\/#organization"},"alternateName":"Maison Creusy","potentialAction":[{"@type":"SearchAction","target":{"@type":"EntryPoint","urlTemplate":"https:\/\/www.numismeo.com\/?s={search_term_string}"},"query-input":{"@type":"PropertyValueSpecification","valueRequired":true,"valueName":"search_term_string"}}],"inLanguage":"en-US"},{"@type":"Organization","@id":"https:\/\/www.numismeo.com\/#organization","name":"Maison Creusy","alternateName":"Maison Creusy","url":"https:\/\/www.numismeo.com\/","logo":{"@type":"ImageObject","inLanguage":"en-US","@id":"https:\/\/www.numismeo.com\/#\/schema\/logo\/image\/","url":"https:\/\/www.numismeo.com\/wp-content\/uploads\/2022\/09\/LogoPetit.jpg","contentUrl":"https:\/\/www.numismeo.com\/wp-content\/uploads\/2022\/09\/LogoPetit.jpg","width":164,"height":164,"caption":"Maison Creusy"},"image":{"@id":"https:\/\/www.numismeo.com\/#\/schema\/logo\/image\/"},"sameAs":["https:\/\/www.facebook.com\/numismeo"]}]}},"_links":{"self":[{"href":"https:\/\/www.numismeo.com\/wp-json\/wp\/v2\/product\/45870","targetHints":{"allow":["GET"]}}],"collection":[{"href":"https:\/\/www.numismeo.com\/wp-json\/wp\/v2\/product"}],"about":[{"href":"https:\/\/www.numismeo.com\/wp-json\/wp\/v2\/types\/product"}],"wp:featuredmedia":[{"embeddable":true,"href":"https:\/\/www.numismeo.com\/wp-json\/wp\/v2\/media\/45871"}],"wp:attachment":[{"href":"https:\/\/www.numismeo.com\/wp-json\/wp\/v2\/media?parent=45870"}],"wp:term":[{"taxonomy":"product_brand","embeddable":true,"href":"https:\/\/www.numismeo.com\/wp-json\/wp\/v2\/product_brand?post=45870"},{"taxonomy":"product_cat","embeddable":true,"href":"https:\/\/www.numismeo.com\/wp-json\/wp\/v2\/product_cat?post=45870"},{"taxonomy":"product_tag","embeddable":true,"href":"https:\/\/www.numismeo.com\/wp-json\/wp\/v2\/product_tag?post=45870"}],"curies":[{"name":"wp","href":"https:\/\/api.w.org\/{rel}","templated":true}]}}