{"id":46222,"date":"2025-06-13T14:47:59","date_gmt":"2025-06-13T12:47:59","guid":{"rendered":"https:\/\/www.numismeo.com\/?post_type=product&#038;p=46222"},"modified":"2026-01-14T15:10:44","modified_gmt":"2026-01-14T14:10:44","slug":"isles-du-vent-louis-xv-6-sols-1731-h","status":"publish","type":"product","link":"https:\/\/www.numismeo.com\/en\/boutique\/francaises\/royales\/isles-du-vent-louis-xv-6-sols-1731-h\/","title":{"rendered":"Isles du Vent Louis XV 6 sols 1731 H"},"content":{"rendered":"<p class=\"p1\">Coin struck for the French colonies of the Windward Islands (Lesser Antilles) under Louis XV, King of France. 6 sols silver coin minted in 1731 in La Rochelle.<\/p>","protected":false},"excerpt":{"rendered":"<p>Coin struck for the French colonies of the Windward Islands (Lesser Antilles) under Louis XV, King of France. 6 sols [&hellip;]<\/p>\n","protected":false},"featured_media":46209,"template":"","meta":{"_acf_changed":false,"site-sidebar-layout":"default","site-content-layout":"","ast-site-content-layout":"default","site-content-style":"default","site-sidebar-style":"default","ast-global-header-display":"","ast-banner-title-visibility":"","ast-main-header-display":"","ast-hfb-above-header-display":"","ast-hfb-below-header-display":"","ast-hfb-mobile-header-display":"","site-post-title":"","ast-breadcrumbs-content":"","ast-featured-img":"","footer-sml-layout":"","ast-disable-related-posts":"","theme-transparent-header-meta":"","adv-header-id-meta":"","stick-header-meta":"","header-above-stick-meta":"","header-main-stick-meta":"","header-below-stick-meta":"","astra-migrate-meta-layouts":"default","ast-page-background-enabled":"default","ast-page-background-meta":{"desktop":{"background-color":"var(--ast-global-color-5)","background-image":"","background-repeat":"repeat","background-position":"center center","background-size":"auto","background-attachment":"scroll","background-type":"","background-media":"","overlay-type":"","overlay-color":"","overlay-opacity":"","overlay-gradient":""},"tablet":{"background-color":"","background-image":"","background-repeat":"repeat","background-position":"center center","background-size":"auto","background-attachment":"scroll","background-type":"","background-media":"","overlay-type":"","overlay-color":"","overlay-opacity":"","overlay-gradient":""},"mobile":{"background-color":"","background-image":"","background-repeat":"repeat","background-position":"center center","background-size":"auto","background-attachment":"scroll","background-type":"","background-media":"","overlay-type":"","overlay-color":"","overlay-opacity":"","overlay-gradient":""}},"ast-content-background-meta":{"desktop":{"background-color":"var(--ast-global-color-4)","background-image":"","background-repeat":"repeat","background-position":"center center","background-size":"auto","background-attachment":"scroll","background-type":"","background-media":"","overlay-type":"","overlay-color":"","overlay-opacity":"","overlay-gradient":""},"tablet":{"background-color":"var(--ast-global-color-4)","background-image":"","background-repeat":"repeat","background-position":"center center","background-size":"auto","background-attachment":"scroll","background-type":"","background-media":"","overlay-type":"","overlay-color":"","overlay-opacity":"","overlay-gradient":""},"mobile":{"background-color":"var(--ast-global-color-4)","background-image":"","background-repeat":"repeat","background-position":"center center","background-size":"auto","background-attachment":"scroll","background-type":"","background-media":"","overlay-type":"","overlay-color":"","overlay-opacity":"","overlay-gradient":""}}},"product_brand":[],"product_cat":[175,93,159],"product_tag":[],"class_list":{"0":"post-46222","1":"product","2":"type-product","3":"status-publish","4":"has-post-thumbnail","6":"product_cat-colonies-francaises","7":"product_cat-francaises","8":"product_cat-royales","9":"pa_anneefrappe1-17363","10":"pa_atelier-ff-larochelle","11":"pa_gradage-non","12":"pa_metal-b5-argent","13":"pa_provenance-non","14":"pa_qualite-60-ttb","15":"personnage-louis-xv","16":"desktop-align-left","17":"tablet-align-left","18":"mobile-align-left","20":"first","21":"instock","22":"sold-individually","23":"shipping-taxable","24":"purchasable","25":"product-type-simple"},"acf":[],"yoast_head":"<!-- This site is optimized with the Yoast SEO plugin v27.5 - https:\/\/yoast.com\/product\/yoast-seo-wordpress\/ -->\n<title>Isles du Vent Louis XV 6 sols 1731 H<\/title>\n<meta name=\"description\" content=\"Coin minted for the French colonies of the Isles du vent (Lesser Antilles) under Louis XV. 6 sols silver coin minted in 1731 in La Rochelle\" \/>\n<meta name=\"robots\" content=\"index, follow, max-snippet:-1, max-image-preview:large, max-video-preview:-1\" \/>\n<link rel=\"canonical\" href=\"https:\/\/www.numismeo.com\/en\/boutique\/francaises\/royales\/isles-du-vent-louis-xv-6-sols-1731-h\/\" \/>\n<meta property=\"og:locale\" content=\"en_US\" \/>\n<meta property=\"og:type\" content=\"article\" \/>\n<meta property=\"og:title\" content=\"Isles du Vent Louis XV 6 sols 1731 H\" \/>\n<meta property=\"og:description\" content=\"Coin minted for the French colonies of the Isles du vent (Lesser Antilles) under Louis XV. 6 sols silver coin minted in 1731 in La Rochelle\" \/>\n<meta property=\"og:url\" content=\"https:\/\/www.numismeo.com\/en\/boutique\/francaises\/royales\/isles-du-vent-louis-xv-6-sols-1731-h\/\" \/>\n<meta property=\"og:site_name\" content=\"Numismeo\" \/>\n<meta property=\"article:publisher\" content=\"https:\/\/www.facebook.com\/numismeo\" \/>\n<meta property=\"article:modified_time\" content=\"2026-01-14T14:10:44+00:00\" \/>\n<meta property=\"og:image\" content=\"https:\/\/www.numismeo.com\/wp-content\/uploads\/2025\/06\/Col-IlesVentLouisXV6sols1731H-1.webp\" \/>\n\t<meta property=\"og:image:width\" content=\"1406\" \/>\n\t<meta property=\"og:image:height\" content=\"1406\" \/>\n\t<meta property=\"og:image:type\" content=\"image\/webp\" \/>\n<meta name=\"twitter:card\" content=\"summary_large_image\" \/>\n<meta name=\"twitter:label1\" content=\"Est. reading time\" \/>\n\t<meta name=\"twitter:data1\" content=\"1 minute\" \/>\n<script type=\"application\/ld+json\" class=\"yoast-schema-graph\">{\"@context\":\"https:\\\/\\\/schema.org\",\"@graph\":[{\"@type\":\"WebPage\",\"@id\":\"https:\\\/\\\/www.numismeo.com\\\/en\\\/boutique\\\/francaises\\\/royales\\\/isles-du-vent-louis-xv-6-sols-1731-h\\\/\",\"url\":\"https:\\\/\\\/www.numismeo.com\\\/en\\\/boutique\\\/francaises\\\/royales\\\/isles-du-vent-louis-xv-6-sols-1731-h\\\/\",\"name\":\"Isles du Vent Louis XV 6 sols 1731 H - Numismeo\",\"isPartOf\":{\"@id\":\"https:\\\/\\\/www.numismeo.com\\\/#website\"},\"primaryImageOfPage\":{\"@id\":\"https:\\\/\\\/www.numismeo.com\\\/boutique\\\/francaises\\\/royales\\\/isles-du-vent-louis-xv-6-sols-1731-h\\\/#primaryimage\"},\"image\":{\"@id\":\"https:\\\/\\\/www.numismeo.com\\\/boutique\\\/francaises\\\/royales\\\/isles-du-vent-louis-xv-6-sols-1731-h\\\/#primaryimage\"},\"thumbnailUrl\":\"https:\\\/\\\/www.numismeo.com\\\/wp-content\\\/uploads\\\/2025\\\/06\\\/Col-IlesVentLouisXV6sols1731H-1.webp\",\"datePublished\":\"2025-06-13T12:47:59+00:00\",\"dateModified\":\"2026-01-14T14:10:44+00:00\",\"description\":\"Monnaie frapp\u00e9e pour les colonies fran\u00e7aises des Isles du vent ( petites Antilles) sous Louis XV. Pi\u00e8ce de 6 sols en argent frapp\u00e9e en 1731 \u00e0 La Rochelle\",\"breadcrumb\":{\"@id\":\"https:\\\/\\\/www.numismeo.com\\\/boutique\\\/francaises\\\/royales\\\/isles-du-vent-louis-xv-6-sols-1731-h\\\/#breadcrumb\"},\"inLanguage\":\"en-US\",\"potentialAction\":[{\"@type\":\"ReadAction\",\"target\":[\"https:\\\/\\\/www.numismeo.com\\\/boutique\\\/francaises\\\/royales\\\/isles-du-vent-louis-xv-6-sols-1731-h\\\/\"]}]},{\"@type\":\"ImageObject\",\"inLanguage\":\"en-US\",\"@id\":\"https:\\\/\\\/www.numismeo.com\\\/boutique\\\/francaises\\\/royales\\\/isles-du-vent-louis-xv-6-sols-1731-h\\\/#primaryimage\",\"url\":\"https:\\\/\\\/www.numismeo.com\\\/wp-content\\\/uploads\\\/2025\\\/06\\\/Col-IlesVentLouisXV6sols1731H-1.webp\",\"contentUrl\":\"https:\\\/\\\/www.numismeo.com\\\/wp-content\\\/uploads\\\/2025\\\/06\\\/Col-IlesVentLouisXV6sols1731H-1.webp\",\"width\":1406,\"height\":1406},{\"@type\":\"BreadcrumbList\",\"@id\":\"https:\\\/\\\/www.numismeo.com\\\/boutique\\\/francaises\\\/royales\\\/isles-du-vent-louis-xv-6-sols-1731-h\\\/#breadcrumb\",\"itemListElement\":[{\"@type\":\"ListItem\",\"position\":1,\"name\":\"Accueil\",\"item\":\"https:\\\/\\\/www.numismeo.com\\\/\"},{\"@type\":\"ListItem\",\"position\":2,\"name\":\"BoutiqueTechnique\",\"item\":\"https:\\\/\\\/www.numismeo.com\\\/boutiquetechnique\\\/\"},{\"@type\":\"ListItem\",\"position\":3,\"name\":\"Isles du Vent Louis XV 6 sols 1731 H\"}]},{\"@type\":\"WebSite\",\"@id\":\"https:\\\/\\\/www.numismeo.com\\\/#website\",\"url\":\"https:\\\/\\\/www.numismeo.com\\\/\",\"name\":\"Numismeo\",\"description\":\"MAISON CREUSY fond\u00e9 en 1974\",\"publisher\":{\"@id\":\"https:\\\/\\\/www.numismeo.com\\\/#organization\"},\"alternateName\":\"Maison Creusy\",\"potentialAction\":[{\"@type\":\"SearchAction\",\"target\":{\"@type\":\"EntryPoint\",\"urlTemplate\":\"https:\\\/\\\/www.numismeo.com\\\/?s={search_term_string}\"},\"query-input\":{\"@type\":\"PropertyValueSpecification\",\"valueRequired\":true,\"valueName\":\"search_term_string\"}}],\"inLanguage\":\"en-US\"},{\"@type\":\"Organization\",\"@id\":\"https:\\\/\\\/www.numismeo.com\\\/#organization\",\"name\":\"Maison Creusy\",\"alternateName\":\"Maison Creusy\",\"url\":\"https:\\\/\\\/www.numismeo.com\\\/\",\"logo\":{\"@type\":\"ImageObject\",\"inLanguage\":\"en-US\",\"@id\":\"https:\\\/\\\/www.numismeo.com\\\/#\\\/schema\\\/logo\\\/image\\\/\",\"url\":\"https:\\\/\\\/www.numismeo.com\\\/wp-content\\\/uploads\\\/2022\\\/09\\\/LogoPetit.jpg\",\"contentUrl\":\"https:\\\/\\\/www.numismeo.com\\\/wp-content\\\/uploads\\\/2022\\\/09\\\/LogoPetit.jpg\",\"width\":164,\"height\":164,\"caption\":\"Maison Creusy\"},\"image\":{\"@id\":\"https:\\\/\\\/www.numismeo.com\\\/#\\\/schema\\\/logo\\\/image\\\/\"},\"sameAs\":[\"https:\\\/\\\/www.facebook.com\\\/numismeo\"]}]}<\/script>\n<!-- \/ Yoast SEO plugin. -->","yoast_head_json":{"title":"Isles du Vent Louis XV 6 sols 1731 H","description":"Coin minted for the French colonies of the Isles du vent (Lesser Antilles) under Louis XV. 6 sols silver coin minted in 1731 in La Rochelle","robots":{"index":"index","follow":"follow","max-snippet":"max-snippet:-1","max-image-preview":"max-image-preview:large","max-video-preview":"max-video-preview:-1"},"canonical":"https:\/\/www.numismeo.com\/en\/boutique\/francaises\/royales\/isles-du-vent-louis-xv-6-sols-1731-h\/","og_locale":"en_US","og_type":"article","og_title":"Isles du Vent Louis XV 6 sols 1731 H","og_description":"Coin minted for the French colonies of the Isles du vent (Lesser Antilles) under Louis XV. 6 sols silver coin minted in 1731 in La Rochelle","og_url":"https:\/\/www.numismeo.com\/en\/boutique\/francaises\/royales\/isles-du-vent-louis-xv-6-sols-1731-h\/","og_site_name":"Numismeo","article_publisher":"https:\/\/www.facebook.com\/numismeo","article_modified_time":"2026-01-14T14:10:44+00:00","og_image":[{"width":1406,"height":1406,"url":"https:\/\/www.numismeo.com\/wp-content\/uploads\/2025\/06\/Col-IlesVentLouisXV6sols1731H-1.webp","type":"image\/webp"}],"twitter_card":"summary_large_image","twitter_misc":{"Est. reading time":"1 minute"},"schema":{"@context":"https:\/\/schema.org","@graph":[{"@type":"WebPage","@id":"https:\/\/www.numismeo.com\/en\/boutique\/francaises\/royales\/isles-du-vent-louis-xv-6-sols-1731-h\/","url":"https:\/\/www.numismeo.com\/en\/boutique\/francaises\/royales\/isles-du-vent-louis-xv-6-sols-1731-h\/","name":"Isles du Vent Louis XV 6 sols 1731 H - Numismeo","isPartOf":{"@id":"https:\/\/www.numismeo.com\/#website"},"primaryImageOfPage":{"@id":"https:\/\/www.numismeo.com\/boutique\/francaises\/royales\/isles-du-vent-louis-xv-6-sols-1731-h\/#primaryimage"},"image":{"@id":"https:\/\/www.numismeo.com\/boutique\/francaises\/royales\/isles-du-vent-louis-xv-6-sols-1731-h\/#primaryimage"},"thumbnailUrl":"https:\/\/www.numismeo.com\/wp-content\/uploads\/2025\/06\/Col-IlesVentLouisXV6sols1731H-1.webp","datePublished":"2025-06-13T12:47:59+00:00","dateModified":"2026-01-14T14:10:44+00:00","description":"Monnaie frapp\u00e9e pour les colonies fran\u00e7aises des Isles du vent ( petites Antilles) sous Louis XV. Pi\u00e8ce de 6 sols en argent frapp\u00e9e en 1731 \u00e0 La Rochelle","breadcrumb":{"@id":"https:\/\/www.numismeo.com\/boutique\/francaises\/royales\/isles-du-vent-louis-xv-6-sols-1731-h\/#breadcrumb"},"inLanguage":"en-US","potentialAction":[{"@type":"ReadAction","target":["https:\/\/www.numismeo.com\/boutique\/francaises\/royales\/isles-du-vent-louis-xv-6-sols-1731-h\/"]}]},{"@type":"ImageObject","inLanguage":"en-US","@id":"https:\/\/www.numismeo.com\/boutique\/francaises\/royales\/isles-du-vent-louis-xv-6-sols-1731-h\/#primaryimage","url":"https:\/\/www.numismeo.com\/wp-content\/uploads\/2025\/06\/Col-IlesVentLouisXV6sols1731H-1.webp","contentUrl":"https:\/\/www.numismeo.com\/wp-content\/uploads\/2025\/06\/Col-IlesVentLouisXV6sols1731H-1.webp","width":1406,"height":1406},{"@type":"BreadcrumbList","@id":"https:\/\/www.numismeo.com\/boutique\/francaises\/royales\/isles-du-vent-louis-xv-6-sols-1731-h\/#breadcrumb","itemListElement":[{"@type":"ListItem","position":1,"name":"Accueil","item":"https:\/\/www.numismeo.com\/"},{"@type":"ListItem","position":2,"name":"BoutiqueTechnique","item":"https:\/\/www.numismeo.com\/boutiquetechnique\/"},{"@type":"ListItem","position":3,"name":"Isles du Vent Louis XV 6 sols 1731 H"}]},{"@type":"WebSite","@id":"https:\/\/www.numismeo.com\/#website","url":"https:\/\/www.numismeo.com\/","name":"Numismeo","description":"MAISON CREUSY fond\u00e9 en 1974","publisher":{"@id":"https:\/\/www.numismeo.com\/#organization"},"alternateName":"Maison Creusy","potentialAction":[{"@type":"SearchAction","target":{"@type":"EntryPoint","urlTemplate":"https:\/\/www.numismeo.com\/?s={search_term_string}"},"query-input":{"@type":"PropertyValueSpecification","valueRequired":true,"valueName":"search_term_string"}}],"inLanguage":"en-US"},{"@type":"Organization","@id":"https:\/\/www.numismeo.com\/#organization","name":"Maison Creusy","alternateName":"Maison Creusy","url":"https:\/\/www.numismeo.com\/","logo":{"@type":"ImageObject","inLanguage":"en-US","@id":"https:\/\/www.numismeo.com\/#\/schema\/logo\/image\/","url":"https:\/\/www.numismeo.com\/wp-content\/uploads\/2022\/09\/LogoPetit.jpg","contentUrl":"https:\/\/www.numismeo.com\/wp-content\/uploads\/2022\/09\/LogoPetit.jpg","width":164,"height":164,"caption":"Maison Creusy"},"image":{"@id":"https:\/\/www.numismeo.com\/#\/schema\/logo\/image\/"},"sameAs":["https:\/\/www.facebook.com\/numismeo"]}]}},"_links":{"self":[{"href":"https:\/\/www.numismeo.com\/wp-json\/wp\/v2\/product\/46222","targetHints":{"allow":["GET"]}}],"collection":[{"href":"https:\/\/www.numismeo.com\/wp-json\/wp\/v2\/product"}],"about":[{"href":"https:\/\/www.numismeo.com\/wp-json\/wp\/v2\/types\/product"}],"wp:featuredmedia":[{"embeddable":true,"href":"https:\/\/www.numismeo.com\/wp-json\/wp\/v2\/media\/46209"}],"wp:attachment":[{"href":"https:\/\/www.numismeo.com\/wp-json\/wp\/v2\/media?parent=46222"}],"wp:term":[{"taxonomy":"product_brand","embeddable":true,"href":"https:\/\/www.numismeo.com\/wp-json\/wp\/v2\/product_brand?post=46222"},{"taxonomy":"product_cat","embeddable":true,"href":"https:\/\/www.numismeo.com\/wp-json\/wp\/v2\/product_cat?post=46222"},{"taxonomy":"product_tag","embeddable":true,"href":"https:\/\/www.numismeo.com\/wp-json\/wp\/v2\/product_tag?post=46222"}],"curies":[{"name":"wp","href":"https:\/\/api.w.org\/{rel}","templated":true}]}}