{"id":46968,"date":"2025-07-02T09:31:34","date_gmt":"2025-07-02T07:31:34","guid":{"rendered":"https:\/\/www.numismeo.com\/?post_type=product&#038;p=46968"},"modified":"2025-12-31T10:01:55","modified_gmt":"2025-12-31T09:01:55","slug":"algerie-medaille-de-gaulle-13-mai-58","status":"publish","type":"product","link":"https:\/\/www.numismeo.com\/en\/boutique\/medailles-et-jetons\/medailles\/algerie-medaille-de-gaulle-13-mai-58\/","title":{"rendered":"Algeria Medal De Gaulle 13 mai 58"},"content":{"rendered":"<p class=\"p1\">On May 13, 1958, the European-origin residents of Algiers called upon General de Gaulle to maintain France\u2019s sovereignty over Algeria. Rare aluminum medal, made of two fused plates.<\/p>","protected":false},"excerpt":{"rendered":"<p>On May 13, 1958, the European-origin residents of Algiers called upon General de Gaulle to maintain France\u2019s sovereignty over Algeria. [&hellip;]<\/p>\n","protected":false},"featured_media":46969,"template":"","meta":{"_acf_changed":false,"site-sidebar-layout":"default","site-content-layout":"","ast-site-content-layout":"default","site-content-style":"default","site-sidebar-style":"default","ast-global-header-display":"","ast-banner-title-visibility":"","ast-main-header-display":"","ast-hfb-above-header-display":"","ast-hfb-below-header-display":"","ast-hfb-mobile-header-display":"","site-post-title":"","ast-breadcrumbs-content":"","ast-featured-img":"","footer-sml-layout":"","ast-disable-related-posts":"","theme-transparent-header-meta":"","adv-header-id-meta":"","stick-header-meta":"","header-above-stick-meta":"","header-main-stick-meta":"","header-below-stick-meta":"","astra-migrate-meta-layouts":"default","ast-page-background-enabled":"default","ast-page-background-meta":{"desktop":{"background-color":"var(--ast-global-color-5)","background-image":"","background-repeat":"repeat","background-position":"center center","background-size":"auto","background-attachment":"scroll","background-type":"","background-media":"","overlay-type":"","overlay-color":"","overlay-opacity":"","overlay-gradient":""},"tablet":{"background-color":"","background-image":"","background-repeat":"repeat","background-position":"center center","background-size":"auto","background-attachment":"scroll","background-type":"","background-media":"","overlay-type":"","overlay-color":"","overlay-opacity":"","overlay-gradient":""},"mobile":{"background-color":"","background-image":"","background-repeat":"repeat","background-position":"center center","background-size":"auto","background-attachment":"scroll","background-type":"","background-media":"","overlay-type":"","overlay-color":"","overlay-opacity":"","overlay-gradient":""}},"ast-content-background-meta":{"desktop":{"background-color":"var(--ast-global-color-4)","background-image":"","background-repeat":"repeat","background-position":"center center","background-size":"auto","background-attachment":"scroll","background-type":"","background-media":"","overlay-type":"","overlay-color":"","overlay-opacity":"","overlay-gradient":""},"tablet":{"background-color":"var(--ast-global-color-4)","background-image":"","background-repeat":"repeat","background-position":"center center","background-size":"auto","background-attachment":"scroll","background-type":"","background-media":"","overlay-type":"","overlay-color":"","overlay-opacity":"","overlay-gradient":""},"mobile":{"background-color":"var(--ast-global-color-4)","background-image":"","background-repeat":"repeat","background-position":"center center","background-size":"auto","background-attachment":"scroll","background-type":"","background-media":"","overlay-type":"","overlay-color":"","overlay-opacity":"","overlay-gradient":""}}},"product_brand":[],"product_cat":[117,97],"product_tag":[],"class_list":{"0":"post-46968","1":"product","2":"type-product","3":"status-publish","4":"has-post-thumbnail","6":"product_cat-medailles","7":"product_cat-medailles-et-jetons","8":"pa_anneefrappe1-c8-1958","9":"pa_gradage-non","10":"pa_metal-cb-aluminium","11":"pa_provenance-non","12":"pa_qualite-cf-prsup","13":"desktop-align-left","14":"tablet-align-left","15":"mobile-align-left","17":"first","18":"instock","19":"sold-individually","20":"shipping-taxable","21":"purchasable","22":"product-type-simple"},"acf":[],"yoast_head":"<!-- This site is optimized with the Yoast SEO plugin v27.3 - https:\/\/yoast.com\/product\/yoast-seo-wordpress\/ -->\n<title>Algeria Medal De Gaulle 13 mai 58<\/title>\n<meta name=\"description\" content=\"On 13 May 1958, the people of Algiers of European origin appealed to General de Gaulle to maintain France&#039;s sovereignty over Algeria. Rare medal\" \/>\n<meta name=\"robots\" content=\"index, follow, max-snippet:-1, max-image-preview:large, max-video-preview:-1\" \/>\n<link rel=\"canonical\" href=\"https:\/\/www.numismeo.com\/en\/boutique\/medailles-et-jetons\/medailles\/algerie-medaille-de-gaulle-13-mai-58\/\" \/>\n<meta property=\"og:locale\" content=\"en_US\" \/>\n<meta property=\"og:type\" content=\"article\" \/>\n<meta property=\"og:title\" content=\"Algeria Medal De Gaulle 13 mai 58\" \/>\n<meta property=\"og:description\" content=\"On 13 May 1958, the people of Algiers of European origin appealed to General de Gaulle to maintain France&#039;s sovereignty over Algeria. Rare medal\" \/>\n<meta property=\"og:url\" content=\"https:\/\/www.numismeo.com\/en\/boutique\/medailles-et-jetons\/medailles\/algerie-medaille-de-gaulle-13-mai-58\/\" \/>\n<meta property=\"og:site_name\" content=\"Numismeo\" \/>\n<meta property=\"article:publisher\" content=\"https:\/\/www.facebook.com\/numismeo\" \/>\n<meta property=\"article:modified_time\" content=\"2025-12-31T09:01:55+00:00\" \/>\n<meta property=\"og:image\" content=\"https:\/\/www.numismeo.com\/wp-content\/uploads\/2025\/07\/Med-DeGaulleAlgerieFrancaise1958-1.webp\" \/>\n\t<meta property=\"og:image:width\" content=\"1500\" \/>\n\t<meta property=\"og:image:height\" content=\"1500\" \/>\n\t<meta property=\"og:image:type\" content=\"image\/webp\" \/>\n<meta name=\"twitter:card\" content=\"summary_large_image\" \/>\n<meta name=\"twitter:label1\" content=\"Est. reading time\" \/>\n\t<meta name=\"twitter:data1\" content=\"1 minute\" \/>\n<script type=\"application\/ld+json\" class=\"yoast-schema-graph\">{\"@context\":\"https:\\\/\\\/schema.org\",\"@graph\":[{\"@type\":\"WebPage\",\"@id\":\"https:\\\/\\\/www.numismeo.com\\\/en\\\/boutique\\\/medailles-et-jetons\\\/medailles\\\/algerie-medaille-de-gaulle-13-mai-58\\\/\",\"url\":\"https:\\\/\\\/www.numismeo.com\\\/en\\\/boutique\\\/medailles-et-jetons\\\/medailles\\\/algerie-medaille-de-gaulle-13-mai-58\\\/\",\"name\":\"Alg\u00e9rie m\u00e9daille De Gaulle 13 Mai 58 - Numismeo\",\"isPartOf\":{\"@id\":\"https:\\\/\\\/www.numismeo.com\\\/#website\"},\"primaryImageOfPage\":{\"@id\":\"https:\\\/\\\/www.numismeo.com\\\/boutique\\\/medailles-et-jetons\\\/medailles\\\/algerie-medaille-de-gaulle-13-mai-58\\\/#primaryimage\"},\"image\":{\"@id\":\"https:\\\/\\\/www.numismeo.com\\\/boutique\\\/medailles-et-jetons\\\/medailles\\\/algerie-medaille-de-gaulle-13-mai-58\\\/#primaryimage\"},\"thumbnailUrl\":\"https:\\\/\\\/www.numismeo.com\\\/wp-content\\\/uploads\\\/2025\\\/07\\\/Med-DeGaulleAlgerieFrancaise1958-1.webp\",\"datePublished\":\"2025-07-02T07:31:34+00:00\",\"dateModified\":\"2025-12-31T09:01:55+00:00\",\"description\":\"Le 13 mai 1958, les Alg\u00e9rois d'origine europ\u00e9enne en appellent au g\u00e9n\u00e9ral de Gaulle pour maintenir la souverainet\u00e9 de la France sur l'Alg\u00e9rie. Rare m\u00e9daille\",\"breadcrumb\":{\"@id\":\"https:\\\/\\\/www.numismeo.com\\\/boutique\\\/medailles-et-jetons\\\/medailles\\\/algerie-medaille-de-gaulle-13-mai-58\\\/#breadcrumb\"},\"inLanguage\":\"en-US\",\"potentialAction\":[{\"@type\":\"ReadAction\",\"target\":[\"https:\\\/\\\/www.numismeo.com\\\/boutique\\\/medailles-et-jetons\\\/medailles\\\/algerie-medaille-de-gaulle-13-mai-58\\\/\"]}]},{\"@type\":\"ImageObject\",\"inLanguage\":\"en-US\",\"@id\":\"https:\\\/\\\/www.numismeo.com\\\/boutique\\\/medailles-et-jetons\\\/medailles\\\/algerie-medaille-de-gaulle-13-mai-58\\\/#primaryimage\",\"url\":\"https:\\\/\\\/www.numismeo.com\\\/wp-content\\\/uploads\\\/2025\\\/07\\\/Med-DeGaulleAlgerieFrancaise1958-1.webp\",\"contentUrl\":\"https:\\\/\\\/www.numismeo.com\\\/wp-content\\\/uploads\\\/2025\\\/07\\\/Med-DeGaulleAlgerieFrancaise1958-1.webp\",\"width\":1500,\"height\":1500},{\"@type\":\"BreadcrumbList\",\"@id\":\"https:\\\/\\\/www.numismeo.com\\\/boutique\\\/medailles-et-jetons\\\/medailles\\\/algerie-medaille-de-gaulle-13-mai-58\\\/#breadcrumb\",\"itemListElement\":[{\"@type\":\"ListItem\",\"position\":1,\"name\":\"Accueil\",\"item\":\"https:\\\/\\\/www.numismeo.com\\\/\"},{\"@type\":\"ListItem\",\"position\":2,\"name\":\"BoutiqueTechnique\",\"item\":\"https:\\\/\\\/www.numismeo.com\\\/boutiquetechnique\\\/\"},{\"@type\":\"ListItem\",\"position\":3,\"name\":\"Alg\u00e9rie m\u00e9daille De Gaulle 13 Mai 58\"}]},{\"@type\":\"WebSite\",\"@id\":\"https:\\\/\\\/www.numismeo.com\\\/#website\",\"url\":\"https:\\\/\\\/www.numismeo.com\\\/\",\"name\":\"Numismeo\",\"description\":\"MAISON CREUSY fond\u00e9 en 1974\",\"publisher\":{\"@id\":\"https:\\\/\\\/www.numismeo.com\\\/#organization\"},\"alternateName\":\"Maison Creusy\",\"potentialAction\":[{\"@type\":\"SearchAction\",\"target\":{\"@type\":\"EntryPoint\",\"urlTemplate\":\"https:\\\/\\\/www.numismeo.com\\\/?s={search_term_string}\"},\"query-input\":{\"@type\":\"PropertyValueSpecification\",\"valueRequired\":true,\"valueName\":\"search_term_string\"}}],\"inLanguage\":\"en-US\"},{\"@type\":\"Organization\",\"@id\":\"https:\\\/\\\/www.numismeo.com\\\/#organization\",\"name\":\"Maison Creusy\",\"alternateName\":\"Maison Creusy\",\"url\":\"https:\\\/\\\/www.numismeo.com\\\/\",\"logo\":{\"@type\":\"ImageObject\",\"inLanguage\":\"en-US\",\"@id\":\"https:\\\/\\\/www.numismeo.com\\\/#\\\/schema\\\/logo\\\/image\\\/\",\"url\":\"https:\\\/\\\/www.numismeo.com\\\/wp-content\\\/uploads\\\/2022\\\/09\\\/LogoPetit.jpg\",\"contentUrl\":\"https:\\\/\\\/www.numismeo.com\\\/wp-content\\\/uploads\\\/2022\\\/09\\\/LogoPetit.jpg\",\"width\":164,\"height\":164,\"caption\":\"Maison Creusy\"},\"image\":{\"@id\":\"https:\\\/\\\/www.numismeo.com\\\/#\\\/schema\\\/logo\\\/image\\\/\"},\"sameAs\":[\"https:\\\/\\\/www.facebook.com\\\/numismeo\"]}]}<\/script>\n<!-- \/ Yoast SEO plugin. -->","yoast_head_json":{"title":"Algeria Medal De Gaulle 13 mai 58","description":"On 13 May 1958, the people of Algiers of European origin appealed to General de Gaulle to maintain France's sovereignty over Algeria. Rare medal","robots":{"index":"index","follow":"follow","max-snippet":"max-snippet:-1","max-image-preview":"max-image-preview:large","max-video-preview":"max-video-preview:-1"},"canonical":"https:\/\/www.numismeo.com\/en\/boutique\/medailles-et-jetons\/medailles\/algerie-medaille-de-gaulle-13-mai-58\/","og_locale":"en_US","og_type":"article","og_title":"Algeria Medal De Gaulle 13 mai 58","og_description":"On 13 May 1958, the people of Algiers of European origin appealed to General de Gaulle to maintain France's sovereignty over Algeria. Rare medal","og_url":"https:\/\/www.numismeo.com\/en\/boutique\/medailles-et-jetons\/medailles\/algerie-medaille-de-gaulle-13-mai-58\/","og_site_name":"Numismeo","article_publisher":"https:\/\/www.facebook.com\/numismeo","article_modified_time":"2025-12-31T09:01:55+00:00","og_image":[{"width":1500,"height":1500,"url":"https:\/\/www.numismeo.com\/wp-content\/uploads\/2025\/07\/Med-DeGaulleAlgerieFrancaise1958-1.webp","type":"image\/webp"}],"twitter_card":"summary_large_image","twitter_misc":{"Est. reading time":"1 minute"},"schema":{"@context":"https:\/\/schema.org","@graph":[{"@type":"WebPage","@id":"https:\/\/www.numismeo.com\/en\/boutique\/medailles-et-jetons\/medailles\/algerie-medaille-de-gaulle-13-mai-58\/","url":"https:\/\/www.numismeo.com\/en\/boutique\/medailles-et-jetons\/medailles\/algerie-medaille-de-gaulle-13-mai-58\/","name":"Alg\u00e9rie m\u00e9daille De Gaulle 13 Mai 58 - Numismeo","isPartOf":{"@id":"https:\/\/www.numismeo.com\/#website"},"primaryImageOfPage":{"@id":"https:\/\/www.numismeo.com\/boutique\/medailles-et-jetons\/medailles\/algerie-medaille-de-gaulle-13-mai-58\/#primaryimage"},"image":{"@id":"https:\/\/www.numismeo.com\/boutique\/medailles-et-jetons\/medailles\/algerie-medaille-de-gaulle-13-mai-58\/#primaryimage"},"thumbnailUrl":"https:\/\/www.numismeo.com\/wp-content\/uploads\/2025\/07\/Med-DeGaulleAlgerieFrancaise1958-1.webp","datePublished":"2025-07-02T07:31:34+00:00","dateModified":"2025-12-31T09:01:55+00:00","description":"Le 13 mai 1958, les Alg\u00e9rois d'origine europ\u00e9enne en appellent au g\u00e9n\u00e9ral de Gaulle pour maintenir la souverainet\u00e9 de la France sur l'Alg\u00e9rie. Rare m\u00e9daille","breadcrumb":{"@id":"https:\/\/www.numismeo.com\/boutique\/medailles-et-jetons\/medailles\/algerie-medaille-de-gaulle-13-mai-58\/#breadcrumb"},"inLanguage":"en-US","potentialAction":[{"@type":"ReadAction","target":["https:\/\/www.numismeo.com\/boutique\/medailles-et-jetons\/medailles\/algerie-medaille-de-gaulle-13-mai-58\/"]}]},{"@type":"ImageObject","inLanguage":"en-US","@id":"https:\/\/www.numismeo.com\/boutique\/medailles-et-jetons\/medailles\/algerie-medaille-de-gaulle-13-mai-58\/#primaryimage","url":"https:\/\/www.numismeo.com\/wp-content\/uploads\/2025\/07\/Med-DeGaulleAlgerieFrancaise1958-1.webp","contentUrl":"https:\/\/www.numismeo.com\/wp-content\/uploads\/2025\/07\/Med-DeGaulleAlgerieFrancaise1958-1.webp","width":1500,"height":1500},{"@type":"BreadcrumbList","@id":"https:\/\/www.numismeo.com\/boutique\/medailles-et-jetons\/medailles\/algerie-medaille-de-gaulle-13-mai-58\/#breadcrumb","itemListElement":[{"@type":"ListItem","position":1,"name":"Accueil","item":"https:\/\/www.numismeo.com\/"},{"@type":"ListItem","position":2,"name":"BoutiqueTechnique","item":"https:\/\/www.numismeo.com\/boutiquetechnique\/"},{"@type":"ListItem","position":3,"name":"Alg\u00e9rie m\u00e9daille De Gaulle 13 Mai 58"}]},{"@type":"WebSite","@id":"https:\/\/www.numismeo.com\/#website","url":"https:\/\/www.numismeo.com\/","name":"Numismeo","description":"MAISON CREUSY fond\u00e9 en 1974","publisher":{"@id":"https:\/\/www.numismeo.com\/#organization"},"alternateName":"Maison Creusy","potentialAction":[{"@type":"SearchAction","target":{"@type":"EntryPoint","urlTemplate":"https:\/\/www.numismeo.com\/?s={search_term_string}"},"query-input":{"@type":"PropertyValueSpecification","valueRequired":true,"valueName":"search_term_string"}}],"inLanguage":"en-US"},{"@type":"Organization","@id":"https:\/\/www.numismeo.com\/#organization","name":"Maison Creusy","alternateName":"Maison Creusy","url":"https:\/\/www.numismeo.com\/","logo":{"@type":"ImageObject","inLanguage":"en-US","@id":"https:\/\/www.numismeo.com\/#\/schema\/logo\/image\/","url":"https:\/\/www.numismeo.com\/wp-content\/uploads\/2022\/09\/LogoPetit.jpg","contentUrl":"https:\/\/www.numismeo.com\/wp-content\/uploads\/2022\/09\/LogoPetit.jpg","width":164,"height":164,"caption":"Maison Creusy"},"image":{"@id":"https:\/\/www.numismeo.com\/#\/schema\/logo\/image\/"},"sameAs":["https:\/\/www.facebook.com\/numismeo"]}]}},"_links":{"self":[{"href":"https:\/\/www.numismeo.com\/wp-json\/wp\/v2\/product\/46968","targetHints":{"allow":["GET"]}}],"collection":[{"href":"https:\/\/www.numismeo.com\/wp-json\/wp\/v2\/product"}],"about":[{"href":"https:\/\/www.numismeo.com\/wp-json\/wp\/v2\/types\/product"}],"wp:featuredmedia":[{"embeddable":true,"href":"https:\/\/www.numismeo.com\/wp-json\/wp\/v2\/media\/46969"}],"wp:attachment":[{"href":"https:\/\/www.numismeo.com\/wp-json\/wp\/v2\/media?parent=46968"}],"wp:term":[{"taxonomy":"product_brand","embeddable":true,"href":"https:\/\/www.numismeo.com\/wp-json\/wp\/v2\/product_brand?post=46968"},{"taxonomy":"product_cat","embeddable":true,"href":"https:\/\/www.numismeo.com\/wp-json\/wp\/v2\/product_cat?post=46968"},{"taxonomy":"product_tag","embeddable":true,"href":"https:\/\/www.numismeo.com\/wp-json\/wp\/v2\/product_tag?post=46968"}],"curies":[{"name":"wp","href":"https:\/\/api.w.org\/{rel}","templated":true}]}}