{"id":47062,"date":"2025-07-03T15:49:32","date_gmt":"2025-07-03T13:49:32","guid":{"rendered":"https:\/\/www.numismeo.com\/?post_type=product&#038;p=47062"},"modified":"2026-01-03T11:08:09","modified_gmt":"2026-01-03T10:08:09","slug":"perou-hacienda-puente-santa-10-centavos-1878","status":"publish","type":"product","link":"https:\/\/www.numismeo.com\/en\/boutique\/etrangeres\/amerique-latine\/perou-hacienda-puente-santa-10-centavos-1878\/","title":{"rendered":"Peru Hacienda Puente Santa 10 centavos 1878"},"content":{"rendered":"<p class=\"p1\">This is a Peruvian hacienda token (necessity money), dated 1878, issued by Hacienda Santa, owned by Dionisio Derteano, a prominent figure of the 19th-century Peruvian elite. These tokens, here valued at 10 centavos, were used as internal currency to pay agricultural workers, often on sugarcane or cotton plantations, as suggested by the sheaf depicted on the reverse. The token functioned as a voucher valid only within the hacienda itself. This type of token reflects the semi-feudal system of large agricultural estates in Latin America at the time.<\/p>","protected":false},"excerpt":{"rendered":"<p>This is a Peruvian hacienda token (necessity money), dated 1878, issued by Hacienda Santa, owned by Dionisio Derteano, a prominent [&hellip;]<\/p>\n","protected":false},"featured_media":47063,"template":"","meta":{"_acf_changed":false,"site-sidebar-layout":"default","site-content-layout":"","ast-site-content-layout":"default","site-content-style":"default","site-sidebar-style":"default","ast-global-header-display":"","ast-banner-title-visibility":"","ast-main-header-display":"","ast-hfb-above-header-display":"","ast-hfb-below-header-display":"","ast-hfb-mobile-header-display":"","site-post-title":"","ast-breadcrumbs-content":"","ast-featured-img":"","footer-sml-layout":"","ast-disable-related-posts":"","theme-transparent-header-meta":"","adv-header-id-meta":"","stick-header-meta":"","header-above-stick-meta":"","header-main-stick-meta":"","header-below-stick-meta":"","astra-migrate-meta-layouts":"default","ast-page-background-enabled":"default","ast-page-background-meta":{"desktop":{"background-color":"var(--ast-global-color-5)","background-image":"","background-repeat":"repeat","background-position":"center center","background-size":"auto","background-attachment":"scroll","background-type":"","background-media":"","overlay-type":"","overlay-color":"","overlay-opacity":"","overlay-gradient":""},"tablet":{"background-color":"","background-image":"","background-repeat":"repeat","background-position":"center center","background-size":"auto","background-attachment":"scroll","background-type":"","background-media":"","overlay-type":"","overlay-color":"","overlay-opacity":"","overlay-gradient":""},"mobile":{"background-color":"","background-image":"","background-repeat":"repeat","background-position":"center center","background-size":"auto","background-attachment":"scroll","background-type":"","background-media":"","overlay-type":"","overlay-color":"","overlay-opacity":"","overlay-gradient":""}},"ast-content-background-meta":{"desktop":{"background-color":"var(--ast-global-color-4)","background-image":"","background-repeat":"repeat","background-position":"center center","background-size":"auto","background-attachment":"scroll","background-type":"","background-media":"","overlay-type":"","overlay-color":"","overlay-opacity":"","overlay-gradient":""},"tablet":{"background-color":"var(--ast-global-color-4)","background-image":"","background-repeat":"repeat","background-position":"center center","background-size":"auto","background-attachment":"scroll","background-type":"","background-media":"","overlay-type":"","overlay-color":"","overlay-opacity":"","overlay-gradient":""},"mobile":{"background-color":"var(--ast-global-color-4)","background-image":"","background-repeat":"repeat","background-position":"center center","background-size":"auto","background-attachment":"scroll","background-type":"","background-media":"","overlay-type":"","overlay-color":"","overlay-opacity":"","overlay-gradient":""}}},"product_brand":[],"product_cat":[129,95],"product_tag":[],"class_list":{"0":"post-47062","1":"product","2":"type-product","3":"status-publish","4":"has-post-thumbnail","6":"product_cat-amerique-latine","7":"product_cat-etrangeres","8":"pa_anneefrappe1-fb-1878","9":"pa_gradage-non","10":"pa_metal-6d-cupro_nickel","11":"pa_pays-perou","12":"pa_provenance-non","13":"pa_qualite-89-ttb_","14":"desktop-align-left","15":"tablet-align-left","16":"mobile-align-left","18":"first","19":"instock","20":"sold-individually","21":"shipping-taxable","22":"purchasable","23":"product-type-simple"},"acf":[],"yoast_head":"<!-- This site is optimized with the Yoast SEO plugin v27.3 - https:\/\/yoast.com\/product\/yoast-seo-wordpress\/ -->\n<title>Peru Hacienda Puente Santa 10 centavos 1878<\/title>\n<meta name=\"description\" content=\"This is a Peruvian hacienda token, dated 1878, issued by Hacienda Santa, owned by Dionisio Derteano.\" \/>\n<meta name=\"robots\" content=\"index, follow, max-snippet:-1, max-image-preview:large, max-video-preview:-1\" \/>\n<link rel=\"canonical\" href=\"https:\/\/www.numismeo.com\/en\/boutique\/etrangeres\/amerique-latine\/perou-hacienda-puente-santa-10-centavos-1878\/\" \/>\n<meta property=\"og:locale\" content=\"en_US\" \/>\n<meta property=\"og:type\" content=\"article\" \/>\n<meta property=\"og:title\" content=\"Peru Hacienda Puente Santa 10 centavos 1878\" \/>\n<meta property=\"og:description\" content=\"This is a Peruvian hacienda token, dated 1878, issued by Hacienda Santa, owned by Dionisio Derteano.\" \/>\n<meta property=\"og:url\" content=\"https:\/\/www.numismeo.com\/en\/boutique\/etrangeres\/amerique-latine\/perou-hacienda-puente-santa-10-centavos-1878\/\" \/>\n<meta property=\"og:site_name\" content=\"Numismeo\" \/>\n<meta property=\"article:publisher\" content=\"https:\/\/www.facebook.com\/numismeo\" \/>\n<meta property=\"article:modified_time\" content=\"2026-01-03T10:08:09+00:00\" \/>\n<meta property=\"og:image\" content=\"https:\/\/www.numismeo.com\/wp-content\/uploads\/2025\/07\/Etr-Peru10centavos1878-2.webp\" \/>\n\t<meta property=\"og:image:width\" content=\"1500\" \/>\n\t<meta property=\"og:image:height\" content=\"1500\" \/>\n\t<meta property=\"og:image:type\" content=\"image\/webp\" \/>\n<meta name=\"twitter:card\" content=\"summary_large_image\" \/>\n<meta name=\"twitter:label1\" content=\"Est. reading time\" \/>\n\t<meta name=\"twitter:data1\" content=\"1 minute\" \/>\n<script type=\"application\/ld+json\" class=\"yoast-schema-graph\">{\"@context\":\"https:\\\/\\\/schema.org\",\"@graph\":[{\"@type\":\"WebPage\",\"@id\":\"https:\\\/\\\/www.numismeo.com\\\/en\\\/boutique\\\/etrangeres\\\/amerique-latine\\\/perou-hacienda-puente-santa-10-centavos-1878\\\/\",\"url\":\"https:\\\/\\\/www.numismeo.com\\\/en\\\/boutique\\\/etrangeres\\\/amerique-latine\\\/perou-hacienda-puente-santa-10-centavos-1878\\\/\",\"name\":\"P\u00e9rou Hacienda Puente Santa 10 centavos 1878 - Numismeo\",\"isPartOf\":{\"@id\":\"https:\\\/\\\/www.numismeo.com\\\/#website\"},\"primaryImageOfPage\":{\"@id\":\"https:\\\/\\\/www.numismeo.com\\\/boutique\\\/etrangeres\\\/amerique-latine\\\/perou-hacienda-puente-santa-10-centavos-1878\\\/#primaryimage\"},\"image\":{\"@id\":\"https:\\\/\\\/www.numismeo.com\\\/boutique\\\/etrangeres\\\/amerique-latine\\\/perou-hacienda-puente-santa-10-centavos-1878\\\/#primaryimage\"},\"thumbnailUrl\":\"https:\\\/\\\/www.numismeo.com\\\/wp-content\\\/uploads\\\/2025\\\/07\\\/Etr-Peru10centavos1878-2.webp\",\"datePublished\":\"2025-07-03T13:49:32+00:00\",\"dateModified\":\"2026-01-03T10:08:09+00:00\",\"description\":\"Il s\u2019agit d\u2019un jeton d'hacienda (monnaie de n\u00e9cessit\u00e9) du P\u00e9rou, dat\u00e9 de 1878, \u00e9mis par l\u2019Hacienda Santa, propri\u00e9t\u00e9 de Dionisio Derteano\",\"breadcrumb\":{\"@id\":\"https:\\\/\\\/www.numismeo.com\\\/boutique\\\/etrangeres\\\/amerique-latine\\\/perou-hacienda-puente-santa-10-centavos-1878\\\/#breadcrumb\"},\"inLanguage\":\"en-US\",\"potentialAction\":[{\"@type\":\"ReadAction\",\"target\":[\"https:\\\/\\\/www.numismeo.com\\\/boutique\\\/etrangeres\\\/amerique-latine\\\/perou-hacienda-puente-santa-10-centavos-1878\\\/\"]}]},{\"@type\":\"ImageObject\",\"inLanguage\":\"en-US\",\"@id\":\"https:\\\/\\\/www.numismeo.com\\\/boutique\\\/etrangeres\\\/amerique-latine\\\/perou-hacienda-puente-santa-10-centavos-1878\\\/#primaryimage\",\"url\":\"https:\\\/\\\/www.numismeo.com\\\/wp-content\\\/uploads\\\/2025\\\/07\\\/Etr-Peru10centavos1878-2.webp\",\"contentUrl\":\"https:\\\/\\\/www.numismeo.com\\\/wp-content\\\/uploads\\\/2025\\\/07\\\/Etr-Peru10centavos1878-2.webp\",\"width\":1500,\"height\":1500},{\"@type\":\"BreadcrumbList\",\"@id\":\"https:\\\/\\\/www.numismeo.com\\\/boutique\\\/etrangeres\\\/amerique-latine\\\/perou-hacienda-puente-santa-10-centavos-1878\\\/#breadcrumb\",\"itemListElement\":[{\"@type\":\"ListItem\",\"position\":1,\"name\":\"Accueil\",\"item\":\"https:\\\/\\\/www.numismeo.com\\\/\"},{\"@type\":\"ListItem\",\"position\":2,\"name\":\"BoutiqueTechnique\",\"item\":\"https:\\\/\\\/www.numismeo.com\\\/boutiquetechnique\\\/\"},{\"@type\":\"ListItem\",\"position\":3,\"name\":\"P\u00e9rou Hacienda Puente Santa 10 centavos 1878\"}]},{\"@type\":\"WebSite\",\"@id\":\"https:\\\/\\\/www.numismeo.com\\\/#website\",\"url\":\"https:\\\/\\\/www.numismeo.com\\\/\",\"name\":\"Numismeo\",\"description\":\"MAISON CREUSY fond\u00e9 en 1974\",\"publisher\":{\"@id\":\"https:\\\/\\\/www.numismeo.com\\\/#organization\"},\"alternateName\":\"Maison Creusy\",\"potentialAction\":[{\"@type\":\"SearchAction\",\"target\":{\"@type\":\"EntryPoint\",\"urlTemplate\":\"https:\\\/\\\/www.numismeo.com\\\/?s={search_term_string}\"},\"query-input\":{\"@type\":\"PropertyValueSpecification\",\"valueRequired\":true,\"valueName\":\"search_term_string\"}}],\"inLanguage\":\"en-US\"},{\"@type\":\"Organization\",\"@id\":\"https:\\\/\\\/www.numismeo.com\\\/#organization\",\"name\":\"Maison Creusy\",\"alternateName\":\"Maison Creusy\",\"url\":\"https:\\\/\\\/www.numismeo.com\\\/\",\"logo\":{\"@type\":\"ImageObject\",\"inLanguage\":\"en-US\",\"@id\":\"https:\\\/\\\/www.numismeo.com\\\/#\\\/schema\\\/logo\\\/image\\\/\",\"url\":\"https:\\\/\\\/www.numismeo.com\\\/wp-content\\\/uploads\\\/2022\\\/09\\\/LogoPetit.jpg\",\"contentUrl\":\"https:\\\/\\\/www.numismeo.com\\\/wp-content\\\/uploads\\\/2022\\\/09\\\/LogoPetit.jpg\",\"width\":164,\"height\":164,\"caption\":\"Maison Creusy\"},\"image\":{\"@id\":\"https:\\\/\\\/www.numismeo.com\\\/#\\\/schema\\\/logo\\\/image\\\/\"},\"sameAs\":[\"https:\\\/\\\/www.facebook.com\\\/numismeo\"]}]}<\/script>\n<!-- \/ Yoast SEO plugin. -->","yoast_head_json":{"title":"Peru Hacienda Puente Santa 10 centavos 1878","description":"This is a Peruvian hacienda token, dated 1878, issued by Hacienda Santa, owned by Dionisio Derteano.","robots":{"index":"index","follow":"follow","max-snippet":"max-snippet:-1","max-image-preview":"max-image-preview:large","max-video-preview":"max-video-preview:-1"},"canonical":"https:\/\/www.numismeo.com\/en\/boutique\/etrangeres\/amerique-latine\/perou-hacienda-puente-santa-10-centavos-1878\/","og_locale":"en_US","og_type":"article","og_title":"Peru Hacienda Puente Santa 10 centavos 1878","og_description":"This is a Peruvian hacienda token, dated 1878, issued by Hacienda Santa, owned by Dionisio Derteano.","og_url":"https:\/\/www.numismeo.com\/en\/boutique\/etrangeres\/amerique-latine\/perou-hacienda-puente-santa-10-centavos-1878\/","og_site_name":"Numismeo","article_publisher":"https:\/\/www.facebook.com\/numismeo","article_modified_time":"2026-01-03T10:08:09+00:00","og_image":[{"width":1500,"height":1500,"url":"https:\/\/www.numismeo.com\/wp-content\/uploads\/2025\/07\/Etr-Peru10centavos1878-2.webp","type":"image\/webp"}],"twitter_card":"summary_large_image","twitter_misc":{"Est. reading time":"1 minute"},"schema":{"@context":"https:\/\/schema.org","@graph":[{"@type":"WebPage","@id":"https:\/\/www.numismeo.com\/en\/boutique\/etrangeres\/amerique-latine\/perou-hacienda-puente-santa-10-centavos-1878\/","url":"https:\/\/www.numismeo.com\/en\/boutique\/etrangeres\/amerique-latine\/perou-hacienda-puente-santa-10-centavos-1878\/","name":"P\u00e9rou Hacienda Puente Santa 10 centavos 1878 - Numismeo","isPartOf":{"@id":"https:\/\/www.numismeo.com\/#website"},"primaryImageOfPage":{"@id":"https:\/\/www.numismeo.com\/boutique\/etrangeres\/amerique-latine\/perou-hacienda-puente-santa-10-centavos-1878\/#primaryimage"},"image":{"@id":"https:\/\/www.numismeo.com\/boutique\/etrangeres\/amerique-latine\/perou-hacienda-puente-santa-10-centavos-1878\/#primaryimage"},"thumbnailUrl":"https:\/\/www.numismeo.com\/wp-content\/uploads\/2025\/07\/Etr-Peru10centavos1878-2.webp","datePublished":"2025-07-03T13:49:32+00:00","dateModified":"2026-01-03T10:08:09+00:00","description":"Il s\u2019agit d\u2019un jeton d'hacienda (monnaie de n\u00e9cessit\u00e9) du P\u00e9rou, dat\u00e9 de 1878, \u00e9mis par l\u2019Hacienda Santa, propri\u00e9t\u00e9 de Dionisio Derteano","breadcrumb":{"@id":"https:\/\/www.numismeo.com\/boutique\/etrangeres\/amerique-latine\/perou-hacienda-puente-santa-10-centavos-1878\/#breadcrumb"},"inLanguage":"en-US","potentialAction":[{"@type":"ReadAction","target":["https:\/\/www.numismeo.com\/boutique\/etrangeres\/amerique-latine\/perou-hacienda-puente-santa-10-centavos-1878\/"]}]},{"@type":"ImageObject","inLanguage":"en-US","@id":"https:\/\/www.numismeo.com\/boutique\/etrangeres\/amerique-latine\/perou-hacienda-puente-santa-10-centavos-1878\/#primaryimage","url":"https:\/\/www.numismeo.com\/wp-content\/uploads\/2025\/07\/Etr-Peru10centavos1878-2.webp","contentUrl":"https:\/\/www.numismeo.com\/wp-content\/uploads\/2025\/07\/Etr-Peru10centavos1878-2.webp","width":1500,"height":1500},{"@type":"BreadcrumbList","@id":"https:\/\/www.numismeo.com\/boutique\/etrangeres\/amerique-latine\/perou-hacienda-puente-santa-10-centavos-1878\/#breadcrumb","itemListElement":[{"@type":"ListItem","position":1,"name":"Accueil","item":"https:\/\/www.numismeo.com\/"},{"@type":"ListItem","position":2,"name":"BoutiqueTechnique","item":"https:\/\/www.numismeo.com\/boutiquetechnique\/"},{"@type":"ListItem","position":3,"name":"P\u00e9rou Hacienda Puente Santa 10 centavos 1878"}]},{"@type":"WebSite","@id":"https:\/\/www.numismeo.com\/#website","url":"https:\/\/www.numismeo.com\/","name":"Numismeo","description":"MAISON CREUSY fond\u00e9 en 1974","publisher":{"@id":"https:\/\/www.numismeo.com\/#organization"},"alternateName":"Maison Creusy","potentialAction":[{"@type":"SearchAction","target":{"@type":"EntryPoint","urlTemplate":"https:\/\/www.numismeo.com\/?s={search_term_string}"},"query-input":{"@type":"PropertyValueSpecification","valueRequired":true,"valueName":"search_term_string"}}],"inLanguage":"en-US"},{"@type":"Organization","@id":"https:\/\/www.numismeo.com\/#organization","name":"Maison Creusy","alternateName":"Maison Creusy","url":"https:\/\/www.numismeo.com\/","logo":{"@type":"ImageObject","inLanguage":"en-US","@id":"https:\/\/www.numismeo.com\/#\/schema\/logo\/image\/","url":"https:\/\/www.numismeo.com\/wp-content\/uploads\/2022\/09\/LogoPetit.jpg","contentUrl":"https:\/\/www.numismeo.com\/wp-content\/uploads\/2022\/09\/LogoPetit.jpg","width":164,"height":164,"caption":"Maison Creusy"},"image":{"@id":"https:\/\/www.numismeo.com\/#\/schema\/logo\/image\/"},"sameAs":["https:\/\/www.facebook.com\/numismeo"]}]}},"_links":{"self":[{"href":"https:\/\/www.numismeo.com\/wp-json\/wp\/v2\/product\/47062","targetHints":{"allow":["GET"]}}],"collection":[{"href":"https:\/\/www.numismeo.com\/wp-json\/wp\/v2\/product"}],"about":[{"href":"https:\/\/www.numismeo.com\/wp-json\/wp\/v2\/types\/product"}],"wp:featuredmedia":[{"embeddable":true,"href":"https:\/\/www.numismeo.com\/wp-json\/wp\/v2\/media\/47063"}],"wp:attachment":[{"href":"https:\/\/www.numismeo.com\/wp-json\/wp\/v2\/media?parent=47062"}],"wp:term":[{"taxonomy":"product_brand","embeddable":true,"href":"https:\/\/www.numismeo.com\/wp-json\/wp\/v2\/product_brand?post=47062"},{"taxonomy":"product_cat","embeddable":true,"href":"https:\/\/www.numismeo.com\/wp-json\/wp\/v2\/product_cat?post=47062"},{"taxonomy":"product_tag","embeddable":true,"href":"https:\/\/www.numismeo.com\/wp-json\/wp\/v2\/product_tag?post=47062"}],"curies":[{"name":"wp","href":"https:\/\/api.w.org\/{rel}","templated":true}]}}