{"id":48001,"date":"2025-07-24T13:05:37","date_gmt":"2025-07-24T11:05:37","guid":{"rendered":"https:\/\/www.numismeo.com\/?post_type=product&#038;p=48001"},"modified":"2025-12-31T10:01:43","modified_gmt":"2025-12-31T09:01:43","slug":"egypte-ptolemee-ii-tetradrachm-tyr","status":"publish","type":"product","link":"https:\/\/www.numismeo.com\/en\/boutique\/antiques\/grecques\/egypte-ptolemee-ii-tetradrachm-tyr\/","title":{"rendered":"Egypt Ptolemy II Tetradrachm Tyr mint"},"content":{"rendered":"<p class=\"p1\"><b>Silver tetradrachm struck under Ptolemy II, King of Egypt, around 256\u2013255 BC at the mint of Tyre in Phoenicia.<\/b><b><\/b><\/p>\r\n<p class=\"p3\">The Tyre mint was one of the most active in the Levant under the early Ptolemies, playing a strategic role in controlling Phoenician trade routes. Under Ptolemy II, these issues reflect both the naval power of the Lagid dynasty and the expansion of its influence across the eastern Mediterranean.<\/p>","protected":false},"excerpt":{"rendered":"<p>Silver tetradrachm struck under Ptolemy II, King of Egypt, around 256\u2013255 BC at the mint of Tyre in Phoenicia. The [&hellip;]<\/p>\n","protected":false},"featured_media":47984,"template":"","meta":{"_acf_changed":false,"site-sidebar-layout":"default","site-content-layout":"","ast-site-content-layout":"default","site-content-style":"default","site-sidebar-style":"default","ast-global-header-display":"","ast-banner-title-visibility":"","ast-main-header-display":"","ast-hfb-above-header-display":"","ast-hfb-below-header-display":"","ast-hfb-mobile-header-display":"","site-post-title":"","ast-breadcrumbs-content":"","ast-featured-img":"","footer-sml-layout":"","ast-disable-related-posts":"","theme-transparent-header-meta":"","adv-header-id-meta":"","stick-header-meta":"","header-above-stick-meta":"","header-main-stick-meta":"","header-below-stick-meta":"","astra-migrate-meta-layouts":"default","ast-page-background-enabled":"default","ast-page-background-meta":{"desktop":{"background-color":"var(--ast-global-color-5)","background-image":"","background-repeat":"repeat","background-position":"center center","background-size":"auto","background-attachment":"scroll","background-type":"","background-media":"","overlay-type":"","overlay-color":"","overlay-opacity":"","overlay-gradient":""},"tablet":{"background-color":"","background-image":"","background-repeat":"repeat","background-position":"center center","background-size":"auto","background-attachment":"scroll","background-type":"","background-media":"","overlay-type":"","overlay-color":"","overlay-opacity":"","overlay-gradient":""},"mobile":{"background-color":"","background-image":"","background-repeat":"repeat","background-position":"center center","background-size":"auto","background-attachment":"scroll","background-type":"","background-media":"","overlay-type":"","overlay-color":"","overlay-opacity":"","overlay-gradient":""}},"ast-content-background-meta":{"desktop":{"background-color":"var(--ast-global-color-4)","background-image":"","background-repeat":"repeat","background-position":"center center","background-size":"auto","background-attachment":"scroll","background-type":"","background-media":"","overlay-type":"","overlay-color":"","overlay-opacity":"","overlay-gradient":""},"tablet":{"background-color":"var(--ast-global-color-4)","background-image":"","background-repeat":"repeat","background-position":"center center","background-size":"auto","background-attachment":"scroll","background-type":"","background-media":"","overlay-type":"","overlay-color":"","overlay-opacity":"","overlay-gradient":""},"mobile":{"background-color":"var(--ast-global-color-4)","background-image":"","background-repeat":"repeat","background-position":"center center","background-size":"auto","background-attachment":"scroll","background-type":"","background-media":"","overlay-type":"","overlay-color":"","overlay-opacity":"","overlay-gradient":""}}},"product_brand":[],"product_cat":[91,121],"product_tag":[],"class_list":{"0":"post-48001","1":"product","2":"type-product","3":"status-publish","4":"has-post-thumbnail","6":"product_cat-antiques","7":"product_cat-grecques","8":"pa_anneefrappe1-circa-256-255-avant-jc","9":"pa_atelier-tyre","10":"pa_gradage-non","11":"pa_metal-b5-argent","12":"pa_provenance-non","13":"pa_qualite-89-ttb_","14":"pa_region-f1-egypte","15":"desktop-align-left","16":"tablet-align-left","17":"mobile-align-left","19":"first","20":"instock","21":"sold-individually","22":"shipping-taxable","23":"purchasable","24":"product-type-simple"},"acf":[],"yoast_head":"<!-- This site is optimized with the Yoast SEO plugin v27.3 - https:\/\/yoast.com\/product\/yoast-seo-wordpress\/ -->\n<title>Egypt Ptolemy II Tetradrachm Tyr mint<\/title>\n<meta name=\"description\" content=\"Silver tetradrachm coined under Ptolemy II, King of Egypt, circa 256-255 BC, in the workshop of Tyre, Phoenicia.\" \/>\n<meta name=\"robots\" content=\"index, follow, max-snippet:-1, max-image-preview:large, max-video-preview:-1\" \/>\n<link rel=\"canonical\" href=\"https:\/\/www.numismeo.com\/en\/boutique\/antiques\/grecques\/egypte-ptolemee-ii-tetradrachm-tyr\/\" \/>\n<meta property=\"og:locale\" content=\"en_US\" \/>\n<meta property=\"og:type\" content=\"article\" \/>\n<meta property=\"og:title\" content=\"Egypt Ptolemy II Tetradrachm Tyr mint\" \/>\n<meta property=\"og:description\" content=\"Silver tetradrachm coined under Ptolemy II, King of Egypt, circa 256-255 BC, in the workshop of Tyre, Phoenicia.\" \/>\n<meta property=\"og:url\" content=\"https:\/\/www.numismeo.com\/en\/boutique\/antiques\/grecques\/egypte-ptolemee-ii-tetradrachm-tyr\/\" \/>\n<meta property=\"og:site_name\" content=\"Numismeo\" \/>\n<meta property=\"article:publisher\" content=\"https:\/\/www.facebook.com\/numismeo\" \/>\n<meta property=\"article:modified_time\" content=\"2025-12-31T09:01:43+00:00\" \/>\n<meta property=\"og:image\" content=\"https:\/\/www.numismeo.com\/wp-content\/uploads\/2025\/07\/Grec-EgyptTetraPtolemII-Lorber582-1.webp\" \/>\n\t<meta property=\"og:image:width\" content=\"1500\" \/>\n\t<meta property=\"og:image:height\" content=\"1500\" \/>\n\t<meta property=\"og:image:type\" content=\"image\/webp\" \/>\n<meta name=\"twitter:card\" content=\"summary_large_image\" \/>\n<meta name=\"twitter:label1\" content=\"Est. reading time\" \/>\n\t<meta name=\"twitter:data1\" content=\"1 minute\" \/>\n<script type=\"application\/ld+json\" class=\"yoast-schema-graph\">{\"@context\":\"https:\\\/\\\/schema.org\",\"@graph\":[{\"@type\":\"WebPage\",\"@id\":\"https:\\\/\\\/www.numismeo.com\\\/en\\\/boutique\\\/antiques\\\/grecques\\\/egypte-ptolemee-ii-tetradrachm-tyr\\\/\",\"url\":\"https:\\\/\\\/www.numismeo.com\\\/en\\\/boutique\\\/antiques\\\/grecques\\\/egypte-ptolemee-ii-tetradrachm-tyr\\\/\",\"name\":\"Egypte Ptol\u00e9m\u00e9e II Tetradrachm Tyr - Numismeo\",\"isPartOf\":{\"@id\":\"https:\\\/\\\/www.numismeo.com\\\/#website\"},\"primaryImageOfPage\":{\"@id\":\"https:\\\/\\\/www.numismeo.com\\\/boutique\\\/antiques\\\/grecques\\\/egypte-ptolemee-ii-tetradrachm-tyr\\\/#primaryimage\"},\"image\":{\"@id\":\"https:\\\/\\\/www.numismeo.com\\\/boutique\\\/antiques\\\/grecques\\\/egypte-ptolemee-ii-tetradrachm-tyr\\\/#primaryimage\"},\"thumbnailUrl\":\"https:\\\/\\\/www.numismeo.com\\\/wp-content\\\/uploads\\\/2025\\\/07\\\/Grec-EgyptTetraPtolemII-Lorber582-1.webp\",\"datePublished\":\"2025-07-24T11:05:37+00:00\",\"dateModified\":\"2025-12-31T09:01:43+00:00\",\"description\":\"T\u00e9tradrachme en argent frapp\u00e9 sous Ptol\u00e9m\u00e9e II, roi d\u2019\u00c9gypte, vers 256\u2013255 av. J.-C., dans l\u2019atelier de Tyr, en Ph\u00e9nicie.\",\"breadcrumb\":{\"@id\":\"https:\\\/\\\/www.numismeo.com\\\/boutique\\\/antiques\\\/grecques\\\/egypte-ptolemee-ii-tetradrachm-tyr\\\/#breadcrumb\"},\"inLanguage\":\"en-US\",\"potentialAction\":[{\"@type\":\"ReadAction\",\"target\":[\"https:\\\/\\\/www.numismeo.com\\\/boutique\\\/antiques\\\/grecques\\\/egypte-ptolemee-ii-tetradrachm-tyr\\\/\"]}]},{\"@type\":\"ImageObject\",\"inLanguage\":\"en-US\",\"@id\":\"https:\\\/\\\/www.numismeo.com\\\/boutique\\\/antiques\\\/grecques\\\/egypte-ptolemee-ii-tetradrachm-tyr\\\/#primaryimage\",\"url\":\"https:\\\/\\\/www.numismeo.com\\\/wp-content\\\/uploads\\\/2025\\\/07\\\/Grec-EgyptTetraPtolemII-Lorber582-1.webp\",\"contentUrl\":\"https:\\\/\\\/www.numismeo.com\\\/wp-content\\\/uploads\\\/2025\\\/07\\\/Grec-EgyptTetraPtolemII-Lorber582-1.webp\",\"width\":1500,\"height\":1500},{\"@type\":\"BreadcrumbList\",\"@id\":\"https:\\\/\\\/www.numismeo.com\\\/boutique\\\/antiques\\\/grecques\\\/egypte-ptolemee-ii-tetradrachm-tyr\\\/#breadcrumb\",\"itemListElement\":[{\"@type\":\"ListItem\",\"position\":1,\"name\":\"Accueil\",\"item\":\"https:\\\/\\\/www.numismeo.com\\\/\"},{\"@type\":\"ListItem\",\"position\":2,\"name\":\"BoutiqueTechnique\",\"item\":\"https:\\\/\\\/www.numismeo.com\\\/boutiquetechnique\\\/\"},{\"@type\":\"ListItem\",\"position\":3,\"name\":\"Egypte Ptol\u00e9m\u00e9e II Tetradrachm Tyr\"}]},{\"@type\":\"WebSite\",\"@id\":\"https:\\\/\\\/www.numismeo.com\\\/#website\",\"url\":\"https:\\\/\\\/www.numismeo.com\\\/\",\"name\":\"Numismeo\",\"description\":\"MAISON CREUSY fond\u00e9 en 1974\",\"publisher\":{\"@id\":\"https:\\\/\\\/www.numismeo.com\\\/#organization\"},\"alternateName\":\"Maison Creusy\",\"potentialAction\":[{\"@type\":\"SearchAction\",\"target\":{\"@type\":\"EntryPoint\",\"urlTemplate\":\"https:\\\/\\\/www.numismeo.com\\\/?s={search_term_string}\"},\"query-input\":{\"@type\":\"PropertyValueSpecification\",\"valueRequired\":true,\"valueName\":\"search_term_string\"}}],\"inLanguage\":\"en-US\"},{\"@type\":\"Organization\",\"@id\":\"https:\\\/\\\/www.numismeo.com\\\/#organization\",\"name\":\"Maison Creusy\",\"alternateName\":\"Maison Creusy\",\"url\":\"https:\\\/\\\/www.numismeo.com\\\/\",\"logo\":{\"@type\":\"ImageObject\",\"inLanguage\":\"en-US\",\"@id\":\"https:\\\/\\\/www.numismeo.com\\\/#\\\/schema\\\/logo\\\/image\\\/\",\"url\":\"https:\\\/\\\/www.numismeo.com\\\/wp-content\\\/uploads\\\/2022\\\/09\\\/LogoPetit.jpg\",\"contentUrl\":\"https:\\\/\\\/www.numismeo.com\\\/wp-content\\\/uploads\\\/2022\\\/09\\\/LogoPetit.jpg\",\"width\":164,\"height\":164,\"caption\":\"Maison Creusy\"},\"image\":{\"@id\":\"https:\\\/\\\/www.numismeo.com\\\/#\\\/schema\\\/logo\\\/image\\\/\"},\"sameAs\":[\"https:\\\/\\\/www.facebook.com\\\/numismeo\"]}]}<\/script>\n<!-- \/ Yoast SEO plugin. -->","yoast_head_json":{"title":"Egypt Ptolemy II Tetradrachm Tyr mint","description":"Silver tetradrachm coined under Ptolemy II, King of Egypt, circa 256-255 BC, in the workshop of Tyre, Phoenicia.","robots":{"index":"index","follow":"follow","max-snippet":"max-snippet:-1","max-image-preview":"max-image-preview:large","max-video-preview":"max-video-preview:-1"},"canonical":"https:\/\/www.numismeo.com\/en\/boutique\/antiques\/grecques\/egypte-ptolemee-ii-tetradrachm-tyr\/","og_locale":"en_US","og_type":"article","og_title":"Egypt Ptolemy II Tetradrachm Tyr mint","og_description":"Silver tetradrachm coined under Ptolemy II, King of Egypt, circa 256-255 BC, in the workshop of Tyre, Phoenicia.","og_url":"https:\/\/www.numismeo.com\/en\/boutique\/antiques\/grecques\/egypte-ptolemee-ii-tetradrachm-tyr\/","og_site_name":"Numismeo","article_publisher":"https:\/\/www.facebook.com\/numismeo","article_modified_time":"2025-12-31T09:01:43+00:00","og_image":[{"width":1500,"height":1500,"url":"https:\/\/www.numismeo.com\/wp-content\/uploads\/2025\/07\/Grec-EgyptTetraPtolemII-Lorber582-1.webp","type":"image\/webp"}],"twitter_card":"summary_large_image","twitter_misc":{"Est. reading time":"1 minute"},"schema":{"@context":"https:\/\/schema.org","@graph":[{"@type":"WebPage","@id":"https:\/\/www.numismeo.com\/en\/boutique\/antiques\/grecques\/egypte-ptolemee-ii-tetradrachm-tyr\/","url":"https:\/\/www.numismeo.com\/en\/boutique\/antiques\/grecques\/egypte-ptolemee-ii-tetradrachm-tyr\/","name":"Egypte Ptol\u00e9m\u00e9e II Tetradrachm Tyr - Numismeo","isPartOf":{"@id":"https:\/\/www.numismeo.com\/#website"},"primaryImageOfPage":{"@id":"https:\/\/www.numismeo.com\/boutique\/antiques\/grecques\/egypte-ptolemee-ii-tetradrachm-tyr\/#primaryimage"},"image":{"@id":"https:\/\/www.numismeo.com\/boutique\/antiques\/grecques\/egypte-ptolemee-ii-tetradrachm-tyr\/#primaryimage"},"thumbnailUrl":"https:\/\/www.numismeo.com\/wp-content\/uploads\/2025\/07\/Grec-EgyptTetraPtolemII-Lorber582-1.webp","datePublished":"2025-07-24T11:05:37+00:00","dateModified":"2025-12-31T09:01:43+00:00","description":"T\u00e9tradrachme en argent frapp\u00e9 sous Ptol\u00e9m\u00e9e II, roi d\u2019\u00c9gypte, vers 256\u2013255 av. J.-C., dans l\u2019atelier de Tyr, en Ph\u00e9nicie.","breadcrumb":{"@id":"https:\/\/www.numismeo.com\/boutique\/antiques\/grecques\/egypte-ptolemee-ii-tetradrachm-tyr\/#breadcrumb"},"inLanguage":"en-US","potentialAction":[{"@type":"ReadAction","target":["https:\/\/www.numismeo.com\/boutique\/antiques\/grecques\/egypte-ptolemee-ii-tetradrachm-tyr\/"]}]},{"@type":"ImageObject","inLanguage":"en-US","@id":"https:\/\/www.numismeo.com\/boutique\/antiques\/grecques\/egypte-ptolemee-ii-tetradrachm-tyr\/#primaryimage","url":"https:\/\/www.numismeo.com\/wp-content\/uploads\/2025\/07\/Grec-EgyptTetraPtolemII-Lorber582-1.webp","contentUrl":"https:\/\/www.numismeo.com\/wp-content\/uploads\/2025\/07\/Grec-EgyptTetraPtolemII-Lorber582-1.webp","width":1500,"height":1500},{"@type":"BreadcrumbList","@id":"https:\/\/www.numismeo.com\/boutique\/antiques\/grecques\/egypte-ptolemee-ii-tetradrachm-tyr\/#breadcrumb","itemListElement":[{"@type":"ListItem","position":1,"name":"Accueil","item":"https:\/\/www.numismeo.com\/"},{"@type":"ListItem","position":2,"name":"BoutiqueTechnique","item":"https:\/\/www.numismeo.com\/boutiquetechnique\/"},{"@type":"ListItem","position":3,"name":"Egypte Ptol\u00e9m\u00e9e II Tetradrachm Tyr"}]},{"@type":"WebSite","@id":"https:\/\/www.numismeo.com\/#website","url":"https:\/\/www.numismeo.com\/","name":"Numismeo","description":"MAISON CREUSY fond\u00e9 en 1974","publisher":{"@id":"https:\/\/www.numismeo.com\/#organization"},"alternateName":"Maison Creusy","potentialAction":[{"@type":"SearchAction","target":{"@type":"EntryPoint","urlTemplate":"https:\/\/www.numismeo.com\/?s={search_term_string}"},"query-input":{"@type":"PropertyValueSpecification","valueRequired":true,"valueName":"search_term_string"}}],"inLanguage":"en-US"},{"@type":"Organization","@id":"https:\/\/www.numismeo.com\/#organization","name":"Maison Creusy","alternateName":"Maison Creusy","url":"https:\/\/www.numismeo.com\/","logo":{"@type":"ImageObject","inLanguage":"en-US","@id":"https:\/\/www.numismeo.com\/#\/schema\/logo\/image\/","url":"https:\/\/www.numismeo.com\/wp-content\/uploads\/2022\/09\/LogoPetit.jpg","contentUrl":"https:\/\/www.numismeo.com\/wp-content\/uploads\/2022\/09\/LogoPetit.jpg","width":164,"height":164,"caption":"Maison Creusy"},"image":{"@id":"https:\/\/www.numismeo.com\/#\/schema\/logo\/image\/"},"sameAs":["https:\/\/www.facebook.com\/numismeo"]}]}},"_links":{"self":[{"href":"https:\/\/www.numismeo.com\/wp-json\/wp\/v2\/product\/48001","targetHints":{"allow":["GET"]}}],"collection":[{"href":"https:\/\/www.numismeo.com\/wp-json\/wp\/v2\/product"}],"about":[{"href":"https:\/\/www.numismeo.com\/wp-json\/wp\/v2\/types\/product"}],"wp:featuredmedia":[{"embeddable":true,"href":"https:\/\/www.numismeo.com\/wp-json\/wp\/v2\/media\/47984"}],"wp:attachment":[{"href":"https:\/\/www.numismeo.com\/wp-json\/wp\/v2\/media?parent=48001"}],"wp:term":[{"taxonomy":"product_brand","embeddable":true,"href":"https:\/\/www.numismeo.com\/wp-json\/wp\/v2\/product_brand?post=48001"},{"taxonomy":"product_cat","embeddable":true,"href":"https:\/\/www.numismeo.com\/wp-json\/wp\/v2\/product_cat?post=48001"},{"taxonomy":"product_tag","embeddable":true,"href":"https:\/\/www.numismeo.com\/wp-json\/wp\/v2\/product_tag?post=48001"}],"curies":[{"name":"wp","href":"https:\/\/api.w.org\/{rel}","templated":true}]}}