{"id":48004,"date":"2025-07-24T13:36:24","date_gmt":"2025-07-24T11:36:24","guid":{"rendered":"https:\/\/www.numismeo.com\/?post_type=product&#038;p=48004"},"modified":"2025-12-31T10:01:43","modified_gmt":"2025-12-31T09:01:43","slug":"acarnanie-leucas-statere","status":"publish","type":"product","link":"https:\/\/www.numismeo.com\/en\/boutique\/antiques\/grecques\/acarnanie-leucas-statere\/","title":{"rendered":"Acarnania Leucas stater"},"content":{"rendered":"<p class=\"p1\"><b>Stater of Acarnania, coin struck in Leucas around 450\u2013435 BC. Foal with folded wings on the obverse, and helmeted head of Athena within an incuse square on the reverse. Rated R2 in the Hoover catalogue.<\/b><b><\/b><\/p>\r\n<p class=\"p3\">The mint of Leucas (or Leukas, now known as Lefkada in Greece) was located in the Ionian Islands.<\/p>","protected":false},"excerpt":{"rendered":"<p>Stater of Acarnania, coin struck in Leucas around 450\u2013435 BC. Foal with folded wings on the obverse, and helmeted head [&hellip;]<\/p>\n","protected":false},"featured_media":47982,"template":"","meta":{"_acf_changed":false,"site-sidebar-layout":"default","site-content-layout":"","ast-site-content-layout":"default","site-content-style":"default","site-sidebar-style":"default","ast-global-header-display":"","ast-banner-title-visibility":"","ast-main-header-display":"","ast-hfb-above-header-display":"","ast-hfb-below-header-display":"","ast-hfb-mobile-header-display":"","site-post-title":"","ast-breadcrumbs-content":"","ast-featured-img":"","footer-sml-layout":"","ast-disable-related-posts":"","theme-transparent-header-meta":"","adv-header-id-meta":"","stick-header-meta":"","header-above-stick-meta":"","header-main-stick-meta":"","header-below-stick-meta":"","astra-migrate-meta-layouts":"default","ast-page-background-enabled":"default","ast-page-background-meta":{"desktop":{"background-color":"var(--ast-global-color-5)","background-image":"","background-repeat":"repeat","background-position":"center center","background-size":"auto","background-attachment":"scroll","background-type":"","background-media":"","overlay-type":"","overlay-color":"","overlay-opacity":"","overlay-gradient":""},"tablet":{"background-color":"","background-image":"","background-repeat":"repeat","background-position":"center center","background-size":"auto","background-attachment":"scroll","background-type":"","background-media":"","overlay-type":"","overlay-color":"","overlay-opacity":"","overlay-gradient":""},"mobile":{"background-color":"","background-image":"","background-repeat":"repeat","background-position":"center center","background-size":"auto","background-attachment":"scroll","background-type":"","background-media":"","overlay-type":"","overlay-color":"","overlay-opacity":"","overlay-gradient":""}},"ast-content-background-meta":{"desktop":{"background-color":"var(--ast-global-color-4)","background-image":"","background-repeat":"repeat","background-position":"center center","background-size":"auto","background-attachment":"scroll","background-type":"","background-media":"","overlay-type":"","overlay-color":"","overlay-opacity":"","overlay-gradient":""},"tablet":{"background-color":"var(--ast-global-color-4)","background-image":"","background-repeat":"repeat","background-position":"center center","background-size":"auto","background-attachment":"scroll","background-type":"","background-media":"","overlay-type":"","overlay-color":"","overlay-opacity":"","overlay-gradient":""},"mobile":{"background-color":"var(--ast-global-color-4)","background-image":"","background-repeat":"repeat","background-position":"center center","background-size":"auto","background-attachment":"scroll","background-type":"","background-media":"","overlay-type":"","overlay-color":"","overlay-opacity":"","overlay-gradient":""}}},"product_brand":[],"product_cat":[91,121],"product_tag":[],"class_list":{"0":"post-48004","1":"product","2":"type-product","3":"status-publish","4":"has-post-thumbnail","6":"product_cat-antiques","7":"product_cat-grecques","8":"pa_anneefrappe1-circa-450-435-avant-jc","9":"pa_atelier-3b-leucas","10":"pa_gradage-non","11":"pa_metal-b5-argent","12":"pa_provenance-non","13":"pa_qualite-13-tb_","14":"pa_region-acarnanie","15":"desktop-align-left","16":"tablet-align-left","17":"mobile-align-left","19":"first","20":"instock","21":"sold-individually","22":"shipping-taxable","23":"purchasable","24":"product-type-simple"},"acf":[],"yoast_head":"<!-- This site is optimized with the Yoast SEO plugin v27.3 - https:\/\/yoast.com\/product\/yoast-seo-wordpress\/ -->\n<title>Acarnania Leucas stater<\/title>\n<meta name=\"description\" content=\"Statere of Acarnania, minted in Leucas around 450-435 BC. Foal on obverse with wings folded and head of Athena\" \/>\n<meta name=\"robots\" content=\"index, follow, max-snippet:-1, max-image-preview:large, max-video-preview:-1\" \/>\n<link rel=\"canonical\" href=\"https:\/\/www.numismeo.com\/en\/boutique\/antiques\/grecques\/acarnanie-leucas-statere\/\" \/>\n<meta property=\"og:locale\" content=\"en_US\" \/>\n<meta property=\"og:type\" content=\"article\" \/>\n<meta property=\"og:title\" content=\"Acarnania Leucas stater\" \/>\n<meta property=\"og:description\" content=\"Statere of Acarnania, minted in Leucas around 450-435 BC. Foal on obverse with wings folded and head of Athena\" \/>\n<meta property=\"og:url\" content=\"https:\/\/www.numismeo.com\/en\/boutique\/antiques\/grecques\/acarnanie-leucas-statere\/\" \/>\n<meta property=\"og:site_name\" content=\"Numismeo\" \/>\n<meta property=\"article:publisher\" content=\"https:\/\/www.facebook.com\/numismeo\" \/>\n<meta property=\"article:modified_time\" content=\"2025-12-31T09:01:43+00:00\" \/>\n<meta property=\"og:image\" content=\"https:\/\/www.numismeo.com\/wp-content\/uploads\/2025\/07\/Grec-AcarnanieLeucasStater-HGC814-2.webp\" \/>\n\t<meta property=\"og:image:width\" content=\"1500\" \/>\n\t<meta property=\"og:image:height\" content=\"1500\" \/>\n\t<meta property=\"og:image:type\" content=\"image\/webp\" \/>\n<meta name=\"twitter:card\" content=\"summary_large_image\" \/>\n<meta name=\"twitter:label1\" content=\"Est. reading time\" \/>\n\t<meta name=\"twitter:data1\" content=\"1 minute\" \/>\n<script type=\"application\/ld+json\" class=\"yoast-schema-graph\">{\"@context\":\"https:\\\/\\\/schema.org\",\"@graph\":[{\"@type\":\"WebPage\",\"@id\":\"https:\\\/\\\/www.numismeo.com\\\/en\\\/boutique\\\/antiques\\\/grecques\\\/acarnanie-leucas-statere\\\/\",\"url\":\"https:\\\/\\\/www.numismeo.com\\\/en\\\/boutique\\\/antiques\\\/grecques\\\/acarnanie-leucas-statere\\\/\",\"name\":\"Acarnanie Leucas stat\u00e8re - Numismeo\",\"isPartOf\":{\"@id\":\"https:\\\/\\\/www.numismeo.com\\\/#website\"},\"primaryImageOfPage\":{\"@id\":\"https:\\\/\\\/www.numismeo.com\\\/boutique\\\/antiques\\\/grecques\\\/acarnanie-leucas-statere\\\/#primaryimage\"},\"image\":{\"@id\":\"https:\\\/\\\/www.numismeo.com\\\/boutique\\\/antiques\\\/grecques\\\/acarnanie-leucas-statere\\\/#primaryimage\"},\"thumbnailUrl\":\"https:\\\/\\\/www.numismeo.com\\\/wp-content\\\/uploads\\\/2025\\\/07\\\/Grec-AcarnanieLeucasStater-HGC814-2.webp\",\"datePublished\":\"2025-07-24T11:36:24+00:00\",\"dateModified\":\"2025-12-31T09:01:43+00:00\",\"description\":\"Stat\u00e8re d'Acarnanie, monnaie frapp\u00e9e \u00e0 Leucas vers 450-435 avant JC. Poulain \u00e0 l'avers avec les ailes repli\u00e9es et t\u00eate d'Athena\",\"breadcrumb\":{\"@id\":\"https:\\\/\\\/www.numismeo.com\\\/boutique\\\/antiques\\\/grecques\\\/acarnanie-leucas-statere\\\/#breadcrumb\"},\"inLanguage\":\"en-US\",\"potentialAction\":[{\"@type\":\"ReadAction\",\"target\":[\"https:\\\/\\\/www.numismeo.com\\\/boutique\\\/antiques\\\/grecques\\\/acarnanie-leucas-statere\\\/\"]}]},{\"@type\":\"ImageObject\",\"inLanguage\":\"en-US\",\"@id\":\"https:\\\/\\\/www.numismeo.com\\\/boutique\\\/antiques\\\/grecques\\\/acarnanie-leucas-statere\\\/#primaryimage\",\"url\":\"https:\\\/\\\/www.numismeo.com\\\/wp-content\\\/uploads\\\/2025\\\/07\\\/Grec-AcarnanieLeucasStater-HGC814-2.webp\",\"contentUrl\":\"https:\\\/\\\/www.numismeo.com\\\/wp-content\\\/uploads\\\/2025\\\/07\\\/Grec-AcarnanieLeucasStater-HGC814-2.webp\",\"width\":1500,\"height\":1500},{\"@type\":\"BreadcrumbList\",\"@id\":\"https:\\\/\\\/www.numismeo.com\\\/boutique\\\/antiques\\\/grecques\\\/acarnanie-leucas-statere\\\/#breadcrumb\",\"itemListElement\":[{\"@type\":\"ListItem\",\"position\":1,\"name\":\"Accueil\",\"item\":\"https:\\\/\\\/www.numismeo.com\\\/\"},{\"@type\":\"ListItem\",\"position\":2,\"name\":\"BoutiqueTechnique\",\"item\":\"https:\\\/\\\/www.numismeo.com\\\/boutiquetechnique\\\/\"},{\"@type\":\"ListItem\",\"position\":3,\"name\":\"Acarnanie Leucas stat\u00e8re\"}]},{\"@type\":\"WebSite\",\"@id\":\"https:\\\/\\\/www.numismeo.com\\\/#website\",\"url\":\"https:\\\/\\\/www.numismeo.com\\\/\",\"name\":\"Numismeo\",\"description\":\"MAISON CREUSY fond\u00e9 en 1974\",\"publisher\":{\"@id\":\"https:\\\/\\\/www.numismeo.com\\\/#organization\"},\"alternateName\":\"Maison Creusy\",\"potentialAction\":[{\"@type\":\"SearchAction\",\"target\":{\"@type\":\"EntryPoint\",\"urlTemplate\":\"https:\\\/\\\/www.numismeo.com\\\/?s={search_term_string}\"},\"query-input\":{\"@type\":\"PropertyValueSpecification\",\"valueRequired\":true,\"valueName\":\"search_term_string\"}}],\"inLanguage\":\"en-US\"},{\"@type\":\"Organization\",\"@id\":\"https:\\\/\\\/www.numismeo.com\\\/#organization\",\"name\":\"Maison Creusy\",\"alternateName\":\"Maison Creusy\",\"url\":\"https:\\\/\\\/www.numismeo.com\\\/\",\"logo\":{\"@type\":\"ImageObject\",\"inLanguage\":\"en-US\",\"@id\":\"https:\\\/\\\/www.numismeo.com\\\/#\\\/schema\\\/logo\\\/image\\\/\",\"url\":\"https:\\\/\\\/www.numismeo.com\\\/wp-content\\\/uploads\\\/2022\\\/09\\\/LogoPetit.jpg\",\"contentUrl\":\"https:\\\/\\\/www.numismeo.com\\\/wp-content\\\/uploads\\\/2022\\\/09\\\/LogoPetit.jpg\",\"width\":164,\"height\":164,\"caption\":\"Maison Creusy\"},\"image\":{\"@id\":\"https:\\\/\\\/www.numismeo.com\\\/#\\\/schema\\\/logo\\\/image\\\/\"},\"sameAs\":[\"https:\\\/\\\/www.facebook.com\\\/numismeo\"]}]}<\/script>\n<!-- \/ Yoast SEO plugin. -->","yoast_head_json":{"title":"Acarnania Leucas stater","description":"Statere of Acarnania, minted in Leucas around 450-435 BC. Foal on obverse with wings folded and head of Athena","robots":{"index":"index","follow":"follow","max-snippet":"max-snippet:-1","max-image-preview":"max-image-preview:large","max-video-preview":"max-video-preview:-1"},"canonical":"https:\/\/www.numismeo.com\/en\/boutique\/antiques\/grecques\/acarnanie-leucas-statere\/","og_locale":"en_US","og_type":"article","og_title":"Acarnania Leucas stater","og_description":"Statere of Acarnania, minted in Leucas around 450-435 BC. Foal on obverse with wings folded and head of Athena","og_url":"https:\/\/www.numismeo.com\/en\/boutique\/antiques\/grecques\/acarnanie-leucas-statere\/","og_site_name":"Numismeo","article_publisher":"https:\/\/www.facebook.com\/numismeo","article_modified_time":"2025-12-31T09:01:43+00:00","og_image":[{"width":1500,"height":1500,"url":"https:\/\/www.numismeo.com\/wp-content\/uploads\/2025\/07\/Grec-AcarnanieLeucasStater-HGC814-2.webp","type":"image\/webp"}],"twitter_card":"summary_large_image","twitter_misc":{"Est. reading time":"1 minute"},"schema":{"@context":"https:\/\/schema.org","@graph":[{"@type":"WebPage","@id":"https:\/\/www.numismeo.com\/en\/boutique\/antiques\/grecques\/acarnanie-leucas-statere\/","url":"https:\/\/www.numismeo.com\/en\/boutique\/antiques\/grecques\/acarnanie-leucas-statere\/","name":"Acarnanie Leucas stat\u00e8re - Numismeo","isPartOf":{"@id":"https:\/\/www.numismeo.com\/#website"},"primaryImageOfPage":{"@id":"https:\/\/www.numismeo.com\/boutique\/antiques\/grecques\/acarnanie-leucas-statere\/#primaryimage"},"image":{"@id":"https:\/\/www.numismeo.com\/boutique\/antiques\/grecques\/acarnanie-leucas-statere\/#primaryimage"},"thumbnailUrl":"https:\/\/www.numismeo.com\/wp-content\/uploads\/2025\/07\/Grec-AcarnanieLeucasStater-HGC814-2.webp","datePublished":"2025-07-24T11:36:24+00:00","dateModified":"2025-12-31T09:01:43+00:00","description":"Stat\u00e8re d'Acarnanie, monnaie frapp\u00e9e \u00e0 Leucas vers 450-435 avant JC. Poulain \u00e0 l'avers avec les ailes repli\u00e9es et t\u00eate d'Athena","breadcrumb":{"@id":"https:\/\/www.numismeo.com\/boutique\/antiques\/grecques\/acarnanie-leucas-statere\/#breadcrumb"},"inLanguage":"en-US","potentialAction":[{"@type":"ReadAction","target":["https:\/\/www.numismeo.com\/boutique\/antiques\/grecques\/acarnanie-leucas-statere\/"]}]},{"@type":"ImageObject","inLanguage":"en-US","@id":"https:\/\/www.numismeo.com\/boutique\/antiques\/grecques\/acarnanie-leucas-statere\/#primaryimage","url":"https:\/\/www.numismeo.com\/wp-content\/uploads\/2025\/07\/Grec-AcarnanieLeucasStater-HGC814-2.webp","contentUrl":"https:\/\/www.numismeo.com\/wp-content\/uploads\/2025\/07\/Grec-AcarnanieLeucasStater-HGC814-2.webp","width":1500,"height":1500},{"@type":"BreadcrumbList","@id":"https:\/\/www.numismeo.com\/boutique\/antiques\/grecques\/acarnanie-leucas-statere\/#breadcrumb","itemListElement":[{"@type":"ListItem","position":1,"name":"Accueil","item":"https:\/\/www.numismeo.com\/"},{"@type":"ListItem","position":2,"name":"BoutiqueTechnique","item":"https:\/\/www.numismeo.com\/boutiquetechnique\/"},{"@type":"ListItem","position":3,"name":"Acarnanie Leucas stat\u00e8re"}]},{"@type":"WebSite","@id":"https:\/\/www.numismeo.com\/#website","url":"https:\/\/www.numismeo.com\/","name":"Numismeo","description":"MAISON CREUSY fond\u00e9 en 1974","publisher":{"@id":"https:\/\/www.numismeo.com\/#organization"},"alternateName":"Maison Creusy","potentialAction":[{"@type":"SearchAction","target":{"@type":"EntryPoint","urlTemplate":"https:\/\/www.numismeo.com\/?s={search_term_string}"},"query-input":{"@type":"PropertyValueSpecification","valueRequired":true,"valueName":"search_term_string"}}],"inLanguage":"en-US"},{"@type":"Organization","@id":"https:\/\/www.numismeo.com\/#organization","name":"Maison Creusy","alternateName":"Maison Creusy","url":"https:\/\/www.numismeo.com\/","logo":{"@type":"ImageObject","inLanguage":"en-US","@id":"https:\/\/www.numismeo.com\/#\/schema\/logo\/image\/","url":"https:\/\/www.numismeo.com\/wp-content\/uploads\/2022\/09\/LogoPetit.jpg","contentUrl":"https:\/\/www.numismeo.com\/wp-content\/uploads\/2022\/09\/LogoPetit.jpg","width":164,"height":164,"caption":"Maison Creusy"},"image":{"@id":"https:\/\/www.numismeo.com\/#\/schema\/logo\/image\/"},"sameAs":["https:\/\/www.facebook.com\/numismeo"]}]}},"_links":{"self":[{"href":"https:\/\/www.numismeo.com\/wp-json\/wp\/v2\/product\/48004","targetHints":{"allow":["GET"]}}],"collection":[{"href":"https:\/\/www.numismeo.com\/wp-json\/wp\/v2\/product"}],"about":[{"href":"https:\/\/www.numismeo.com\/wp-json\/wp\/v2\/types\/product"}],"wp:featuredmedia":[{"embeddable":true,"href":"https:\/\/www.numismeo.com\/wp-json\/wp\/v2\/media\/47982"}],"wp:attachment":[{"href":"https:\/\/www.numismeo.com\/wp-json\/wp\/v2\/media?parent=48004"}],"wp:term":[{"taxonomy":"product_brand","embeddable":true,"href":"https:\/\/www.numismeo.com\/wp-json\/wp\/v2\/product_brand?post=48004"},{"taxonomy":"product_cat","embeddable":true,"href":"https:\/\/www.numismeo.com\/wp-json\/wp\/v2\/product_cat?post=48004"},{"taxonomy":"product_tag","embeddable":true,"href":"https:\/\/www.numismeo.com\/wp-json\/wp\/v2\/product_tag?post=48004"}],"curies":[{"name":"wp","href":"https:\/\/api.w.org\/{rel}","templated":true}]}}