{"id":48300,"date":"2025-08-08T10:15:13","date_gmt":"2025-08-08T08:15:13","guid":{"rendered":"https:\/\/www.numismeo.com\/?post_type=product&#038;p=48300"},"modified":"2026-01-29T06:00:40","modified_gmt":"2026-01-29T05:00:40","slug":"royaume-de-2-siciles-ferdinand-ii-120-grana-1857","status":"publish","type":"product","link":"https:\/\/www.numismeo.com\/en\/boutique\/etrangeres\/europe\/royaume-de-2-siciles-ferdinand-ii-120-grana-1857\/","title":{"rendered":"Kingdom of the Two Sicilies Ferdinand II Piastra 1857"},"content":{"rendered":"<p class=\"p1\">Silver 120 grana piastre, 6th type, struck in 1857 in Naples, with a fineness of 833\u2030. Coin issued under Ferdinand II of Bourbon for the Kingdom of the Two Sicilies.<\/p>\r\n<p class=\"p1\">The Kingdom of the Two Sicilies, located in southern Italy, was unified in 1816 under the Bourbon dynasty. Ferdinand II of Bourbon reigned from 1830 to 1859 and is remembered for his efforts to modernize the country, particularly in industry, infrastructure, and the navy. He built Italy\u2019s first railway line (Naples\u2013Portici in 1839) and expanded military and naval shipyards. His reign was also marked by authoritarian rule: although he harshly suppressed the liberal revolts of 1848, he retained some popular support through his economic reforms. Ferdinand II was nicknamed \u201cRe Bomba\u201d (\u201cKing Bomb\u201d) after the bombardment of Messina, a symbol of his firmness. He died in 1859, shortly before the unification of Italy, which brought an end to Bourbon rule in the south.<\/p>","protected":false},"excerpt":{"rendered":"<p>Silver 120 grana piastre, 6th type, struck in 1857 in Naples, with a fineness of 833\u2030. Coin issued under Ferdinand [&hellip;]<\/p>\n","protected":false},"featured_media":48301,"template":"","meta":{"_acf_changed":false,"site-sidebar-layout":"default","site-content-layout":"","ast-site-content-layout":"default","site-content-style":"default","site-sidebar-style":"default","ast-global-header-display":"","ast-banner-title-visibility":"","ast-main-header-display":"","ast-hfb-above-header-display":"","ast-hfb-below-header-display":"","ast-hfb-mobile-header-display":"","site-post-title":"","ast-breadcrumbs-content":"","ast-featured-img":"","footer-sml-layout":"","ast-disable-related-posts":"","theme-transparent-header-meta":"","adv-header-id-meta":"","stick-header-meta":"","header-above-stick-meta":"","header-main-stick-meta":"","header-below-stick-meta":"","astra-migrate-meta-layouts":"default","ast-page-background-enabled":"default","ast-page-background-meta":{"desktop":{"background-color":"var(--ast-global-color-5)","background-image":"","background-repeat":"repeat","background-position":"center center","background-size":"auto","background-attachment":"scroll","background-type":"","background-media":"","overlay-type":"","overlay-color":"","overlay-opacity":"","overlay-gradient":""},"tablet":{"background-color":"","background-image":"","background-repeat":"repeat","background-position":"center center","background-size":"auto","background-attachment":"scroll","background-type":"","background-media":"","overlay-type":"","overlay-color":"","overlay-opacity":"","overlay-gradient":""},"mobile":{"background-color":"","background-image":"","background-repeat":"repeat","background-position":"center center","background-size":"auto","background-attachment":"scroll","background-type":"","background-media":"","overlay-type":"","overlay-color":"","overlay-opacity":"","overlay-gradient":""}},"ast-content-background-meta":{"desktop":{"background-color":"var(--ast-global-color-4)","background-image":"","background-repeat":"repeat","background-position":"center center","background-size":"auto","background-attachment":"scroll","background-type":"","background-media":"","overlay-type":"","overlay-color":"","overlay-opacity":"","overlay-gradient":""},"tablet":{"background-color":"var(--ast-global-color-4)","background-image":"","background-repeat":"repeat","background-position":"center center","background-size":"auto","background-attachment":"scroll","background-type":"","background-media":"","overlay-type":"","overlay-color":"","overlay-opacity":"","overlay-gradient":""},"mobile":{"background-color":"var(--ast-global-color-4)","background-image":"","background-repeat":"repeat","background-position":"center center","background-size":"auto","background-attachment":"scroll","background-type":"","background-media":"","overlay-type":"","overlay-color":"","overlay-opacity":"","overlay-gradient":""}}},"product_brand":[],"product_cat":[95,105],"product_tag":[],"class_list":{"0":"post-48300","1":"product","2":"type-product","3":"status-publish","4":"has-post-thumbnail","6":"product_cat-etrangeres","7":"product_cat-europe","8":"pa_anneefrappe1-59-1857","9":"pa_atelier-naples","10":"pa_gradage-non","11":"pa_metal-b5-argent","12":"pa_pays-italie","13":"pa_provenance-non","14":"pa_qualite-cf-prsup","15":"desktop-align-left","16":"tablet-align-left","17":"mobile-align-left","19":"first","20":"instock","21":"sold-individually","22":"shipping-taxable","23":"purchasable","24":"product-type-simple"},"acf":[],"yoast_head":"<!-- This site is optimized with the Yoast SEO plugin v27.4 - https:\/\/yoast.com\/product\/yoast-seo-wordpress\/ -->\n<title>Kingdom of the Two Sicilies Ferdinand II Piastra 1857<\/title>\n<meta name=\"description\" content=\"Piastre of 120 grana in silver, 6th type struck in 1857 in Naples. Minted under Ferdinand II of Bourbon for the Kingdom of 2 Sicilies.\" \/>\n<meta name=\"robots\" content=\"index, follow, max-snippet:-1, max-image-preview:large, max-video-preview:-1\" \/>\n<link rel=\"canonical\" href=\"https:\/\/www.numismeo.com\/en\/boutique\/etrangeres\/europe\/royaume-de-2-siciles-ferdinand-ii-120-grana-1857\/\" \/>\n<meta property=\"og:locale\" content=\"en_US\" \/>\n<meta property=\"og:type\" content=\"article\" \/>\n<meta property=\"og:title\" content=\"Kingdom of the Two Sicilies Ferdinand II Piastra 1857\" \/>\n<meta property=\"og:description\" content=\"Piastre of 120 grana in silver, 6th type struck in 1857 in Naples. Minted under Ferdinand II of Bourbon for the Kingdom of 2 Sicilies.\" \/>\n<meta property=\"og:url\" content=\"https:\/\/www.numismeo.com\/en\/boutique\/etrangeres\/europe\/royaume-de-2-siciles-ferdinand-ii-120-grana-1857\/\" \/>\n<meta property=\"og:site_name\" content=\"Numismeo\" \/>\n<meta property=\"article:publisher\" content=\"https:\/\/www.facebook.com\/numismeo\" \/>\n<meta property=\"article:modified_time\" content=\"2026-01-29T05:00:40+00:00\" \/>\n<meta property=\"og:image\" content=\"https:\/\/www.numismeo.com\/wp-content\/uploads\/2025\/08\/Etr-ItalieFerdinandII120Grana1857-1.webp\" \/>\n\t<meta property=\"og:image:width\" content=\"1500\" \/>\n\t<meta property=\"og:image:height\" content=\"1500\" \/>\n\t<meta property=\"og:image:type\" content=\"image\/webp\" \/>\n<meta name=\"twitter:card\" content=\"summary_large_image\" \/>\n<meta name=\"twitter:label1\" content=\"Est. reading time\" \/>\n\t<meta name=\"twitter:data1\" content=\"2 minutes\" \/>\n<script type=\"application\/ld+json\" class=\"yoast-schema-graph\">{\"@context\":\"https:\\\/\\\/schema.org\",\"@graph\":[{\"@type\":\"WebPage\",\"@id\":\"https:\\\/\\\/www.numismeo.com\\\/en\\\/boutique\\\/etrangeres\\\/europe\\\/royaume-de-2-siciles-ferdinand-ii-120-grana-1857\\\/\",\"url\":\"https:\\\/\\\/www.numismeo.com\\\/en\\\/boutique\\\/etrangeres\\\/europe\\\/royaume-de-2-siciles-ferdinand-ii-120-grana-1857\\\/\",\"name\":\"Royaume de 2 Siciles Ferdinand II 120 grana 1857 - Numismeo\",\"isPartOf\":{\"@id\":\"https:\\\/\\\/www.numismeo.com\\\/#website\"},\"primaryImageOfPage\":{\"@id\":\"https:\\\/\\\/www.numismeo.com\\\/boutique\\\/etrangeres\\\/europe\\\/royaume-de-2-siciles-ferdinand-ii-120-grana-1857\\\/#primaryimage\"},\"image\":{\"@id\":\"https:\\\/\\\/www.numismeo.com\\\/boutique\\\/etrangeres\\\/europe\\\/royaume-de-2-siciles-ferdinand-ii-120-grana-1857\\\/#primaryimage\"},\"thumbnailUrl\":\"https:\\\/\\\/www.numismeo.com\\\/wp-content\\\/uploads\\\/2025\\\/08\\\/Etr-ItalieFerdinandII120Grana1857-1.webp\",\"datePublished\":\"2025-08-08T08:15:13+00:00\",\"dateModified\":\"2026-01-29T05:00:40+00:00\",\"description\":\"Piastre de 120 grana en argent, 6\u00e8me type frapp\u00e9e en 1857 \u00e0 Naples. Monnaie frapp\u00e9e sous Ferdinand II de Bourbon pour le royaume des 2 Siciles.\",\"breadcrumb\":{\"@id\":\"https:\\\/\\\/www.numismeo.com\\\/boutique\\\/etrangeres\\\/europe\\\/royaume-de-2-siciles-ferdinand-ii-120-grana-1857\\\/#breadcrumb\"},\"inLanguage\":\"en-US\",\"potentialAction\":[{\"@type\":\"ReadAction\",\"target\":[\"https:\\\/\\\/www.numismeo.com\\\/boutique\\\/etrangeres\\\/europe\\\/royaume-de-2-siciles-ferdinand-ii-120-grana-1857\\\/\"]}]},{\"@type\":\"ImageObject\",\"inLanguage\":\"en-US\",\"@id\":\"https:\\\/\\\/www.numismeo.com\\\/boutique\\\/etrangeres\\\/europe\\\/royaume-de-2-siciles-ferdinand-ii-120-grana-1857\\\/#primaryimage\",\"url\":\"https:\\\/\\\/www.numismeo.com\\\/wp-content\\\/uploads\\\/2025\\\/08\\\/Etr-ItalieFerdinandII120Grana1857-1.webp\",\"contentUrl\":\"https:\\\/\\\/www.numismeo.com\\\/wp-content\\\/uploads\\\/2025\\\/08\\\/Etr-ItalieFerdinandII120Grana1857-1.webp\",\"width\":1500,\"height\":1500},{\"@type\":\"BreadcrumbList\",\"@id\":\"https:\\\/\\\/www.numismeo.com\\\/boutique\\\/etrangeres\\\/europe\\\/royaume-de-2-siciles-ferdinand-ii-120-grana-1857\\\/#breadcrumb\",\"itemListElement\":[{\"@type\":\"ListItem\",\"position\":1,\"name\":\"Accueil\",\"item\":\"https:\\\/\\\/www.numismeo.com\\\/\"},{\"@type\":\"ListItem\",\"position\":2,\"name\":\"BoutiqueTechnique\",\"item\":\"https:\\\/\\\/www.numismeo.com\\\/boutiquetechnique\\\/\"},{\"@type\":\"ListItem\",\"position\":3,\"name\":\"Royaume de 2 Siciles Ferdinand II 120 grana 1857\"}]},{\"@type\":\"WebSite\",\"@id\":\"https:\\\/\\\/www.numismeo.com\\\/#website\",\"url\":\"https:\\\/\\\/www.numismeo.com\\\/\",\"name\":\"Numismeo\",\"description\":\"MAISON CREUSY fond\u00e9 en 1974\",\"publisher\":{\"@id\":\"https:\\\/\\\/www.numismeo.com\\\/#organization\"},\"alternateName\":\"Maison Creusy\",\"potentialAction\":[{\"@type\":\"SearchAction\",\"target\":{\"@type\":\"EntryPoint\",\"urlTemplate\":\"https:\\\/\\\/www.numismeo.com\\\/?s={search_term_string}\"},\"query-input\":{\"@type\":\"PropertyValueSpecification\",\"valueRequired\":true,\"valueName\":\"search_term_string\"}}],\"inLanguage\":\"en-US\"},{\"@type\":\"Organization\",\"@id\":\"https:\\\/\\\/www.numismeo.com\\\/#organization\",\"name\":\"Maison Creusy\",\"alternateName\":\"Maison Creusy\",\"url\":\"https:\\\/\\\/www.numismeo.com\\\/\",\"logo\":{\"@type\":\"ImageObject\",\"inLanguage\":\"en-US\",\"@id\":\"https:\\\/\\\/www.numismeo.com\\\/#\\\/schema\\\/logo\\\/image\\\/\",\"url\":\"https:\\\/\\\/www.numismeo.com\\\/wp-content\\\/uploads\\\/2022\\\/09\\\/LogoPetit.jpg\",\"contentUrl\":\"https:\\\/\\\/www.numismeo.com\\\/wp-content\\\/uploads\\\/2022\\\/09\\\/LogoPetit.jpg\",\"width\":164,\"height\":164,\"caption\":\"Maison Creusy\"},\"image\":{\"@id\":\"https:\\\/\\\/www.numismeo.com\\\/#\\\/schema\\\/logo\\\/image\\\/\"},\"sameAs\":[\"https:\\\/\\\/www.facebook.com\\\/numismeo\"]}]}<\/script>\n<!-- \/ Yoast SEO plugin. -->","yoast_head_json":{"title":"Kingdom of the Two Sicilies Ferdinand II Piastra 1857","description":"Piastre of 120 grana in silver, 6th type struck in 1857 in Naples. Minted under Ferdinand II of Bourbon for the Kingdom of 2 Sicilies.","robots":{"index":"index","follow":"follow","max-snippet":"max-snippet:-1","max-image-preview":"max-image-preview:large","max-video-preview":"max-video-preview:-1"},"canonical":"https:\/\/www.numismeo.com\/en\/boutique\/etrangeres\/europe\/royaume-de-2-siciles-ferdinand-ii-120-grana-1857\/","og_locale":"en_US","og_type":"article","og_title":"Kingdom of the Two Sicilies Ferdinand II Piastra 1857","og_description":"Piastre of 120 grana in silver, 6th type struck in 1857 in Naples. Minted under Ferdinand II of Bourbon for the Kingdom of 2 Sicilies.","og_url":"https:\/\/www.numismeo.com\/en\/boutique\/etrangeres\/europe\/royaume-de-2-siciles-ferdinand-ii-120-grana-1857\/","og_site_name":"Numismeo","article_publisher":"https:\/\/www.facebook.com\/numismeo","article_modified_time":"2026-01-29T05:00:40+00:00","og_image":[{"width":1500,"height":1500,"url":"https:\/\/www.numismeo.com\/wp-content\/uploads\/2025\/08\/Etr-ItalieFerdinandII120Grana1857-1.webp","type":"image\/webp"}],"twitter_card":"summary_large_image","twitter_misc":{"Est. reading time":"2 minutes"},"schema":{"@context":"https:\/\/schema.org","@graph":[{"@type":"WebPage","@id":"https:\/\/www.numismeo.com\/en\/boutique\/etrangeres\/europe\/royaume-de-2-siciles-ferdinand-ii-120-grana-1857\/","url":"https:\/\/www.numismeo.com\/en\/boutique\/etrangeres\/europe\/royaume-de-2-siciles-ferdinand-ii-120-grana-1857\/","name":"Royaume de 2 Siciles Ferdinand II 120 grana 1857 - Numismeo","isPartOf":{"@id":"https:\/\/www.numismeo.com\/#website"},"primaryImageOfPage":{"@id":"https:\/\/www.numismeo.com\/boutique\/etrangeres\/europe\/royaume-de-2-siciles-ferdinand-ii-120-grana-1857\/#primaryimage"},"image":{"@id":"https:\/\/www.numismeo.com\/boutique\/etrangeres\/europe\/royaume-de-2-siciles-ferdinand-ii-120-grana-1857\/#primaryimage"},"thumbnailUrl":"https:\/\/www.numismeo.com\/wp-content\/uploads\/2025\/08\/Etr-ItalieFerdinandII120Grana1857-1.webp","datePublished":"2025-08-08T08:15:13+00:00","dateModified":"2026-01-29T05:00:40+00:00","description":"Piastre de 120 grana en argent, 6\u00e8me type frapp\u00e9e en 1857 \u00e0 Naples. Monnaie frapp\u00e9e sous Ferdinand II de Bourbon pour le royaume des 2 Siciles.","breadcrumb":{"@id":"https:\/\/www.numismeo.com\/boutique\/etrangeres\/europe\/royaume-de-2-siciles-ferdinand-ii-120-grana-1857\/#breadcrumb"},"inLanguage":"en-US","potentialAction":[{"@type":"ReadAction","target":["https:\/\/www.numismeo.com\/boutique\/etrangeres\/europe\/royaume-de-2-siciles-ferdinand-ii-120-grana-1857\/"]}]},{"@type":"ImageObject","inLanguage":"en-US","@id":"https:\/\/www.numismeo.com\/boutique\/etrangeres\/europe\/royaume-de-2-siciles-ferdinand-ii-120-grana-1857\/#primaryimage","url":"https:\/\/www.numismeo.com\/wp-content\/uploads\/2025\/08\/Etr-ItalieFerdinandII120Grana1857-1.webp","contentUrl":"https:\/\/www.numismeo.com\/wp-content\/uploads\/2025\/08\/Etr-ItalieFerdinandII120Grana1857-1.webp","width":1500,"height":1500},{"@type":"BreadcrumbList","@id":"https:\/\/www.numismeo.com\/boutique\/etrangeres\/europe\/royaume-de-2-siciles-ferdinand-ii-120-grana-1857\/#breadcrumb","itemListElement":[{"@type":"ListItem","position":1,"name":"Accueil","item":"https:\/\/www.numismeo.com\/"},{"@type":"ListItem","position":2,"name":"BoutiqueTechnique","item":"https:\/\/www.numismeo.com\/boutiquetechnique\/"},{"@type":"ListItem","position":3,"name":"Royaume de 2 Siciles Ferdinand II 120 grana 1857"}]},{"@type":"WebSite","@id":"https:\/\/www.numismeo.com\/#website","url":"https:\/\/www.numismeo.com\/","name":"Numismeo","description":"MAISON CREUSY fond\u00e9 en 1974","publisher":{"@id":"https:\/\/www.numismeo.com\/#organization"},"alternateName":"Maison Creusy","potentialAction":[{"@type":"SearchAction","target":{"@type":"EntryPoint","urlTemplate":"https:\/\/www.numismeo.com\/?s={search_term_string}"},"query-input":{"@type":"PropertyValueSpecification","valueRequired":true,"valueName":"search_term_string"}}],"inLanguage":"en-US"},{"@type":"Organization","@id":"https:\/\/www.numismeo.com\/#organization","name":"Maison Creusy","alternateName":"Maison Creusy","url":"https:\/\/www.numismeo.com\/","logo":{"@type":"ImageObject","inLanguage":"en-US","@id":"https:\/\/www.numismeo.com\/#\/schema\/logo\/image\/","url":"https:\/\/www.numismeo.com\/wp-content\/uploads\/2022\/09\/LogoPetit.jpg","contentUrl":"https:\/\/www.numismeo.com\/wp-content\/uploads\/2022\/09\/LogoPetit.jpg","width":164,"height":164,"caption":"Maison Creusy"},"image":{"@id":"https:\/\/www.numismeo.com\/#\/schema\/logo\/image\/"},"sameAs":["https:\/\/www.facebook.com\/numismeo"]}]}},"_links":{"self":[{"href":"https:\/\/www.numismeo.com\/wp-json\/wp\/v2\/product\/48300","targetHints":{"allow":["GET"]}}],"collection":[{"href":"https:\/\/www.numismeo.com\/wp-json\/wp\/v2\/product"}],"about":[{"href":"https:\/\/www.numismeo.com\/wp-json\/wp\/v2\/types\/product"}],"wp:featuredmedia":[{"embeddable":true,"href":"https:\/\/www.numismeo.com\/wp-json\/wp\/v2\/media\/48301"}],"wp:attachment":[{"href":"https:\/\/www.numismeo.com\/wp-json\/wp\/v2\/media?parent=48300"}],"wp:term":[{"taxonomy":"product_brand","embeddable":true,"href":"https:\/\/www.numismeo.com\/wp-json\/wp\/v2\/product_brand?post=48300"},{"taxonomy":"product_cat","embeddable":true,"href":"https:\/\/www.numismeo.com\/wp-json\/wp\/v2\/product_cat?post=48300"},{"taxonomy":"product_tag","embeddable":true,"href":"https:\/\/www.numismeo.com\/wp-json\/wp\/v2\/product_tag?post=48300"}],"curies":[{"name":"wp","href":"https:\/\/api.w.org\/{rel}","templated":true}]}}