{"id":48800,"date":"2025-09-12T10:44:43","date_gmt":"2025-09-12T08:44:43","guid":{"rendered":"https:\/\/www.numismeo.com\/?post_type=product&#038;p=48800"},"modified":"2026-01-03T11:10:53","modified_gmt":"2026-01-03T10:10:53","slug":"25-jetons-en-aluminium-nurnberg-further-1921","status":"publish","type":"product","link":"https:\/\/www.numismeo.com\/en\/boutique\/medailles-et-jetons\/jetons-et-mereaux\/25-jetons-en-aluminium-nurnberg-further-1921\/","title":{"rendered":"Set of 25 tokens N\u00fcrnberg-F\u00fcrther 1921"},"content":{"rendered":"<p class=\"p1\"><b>Set of 25 tokens, series of the Nuremberg City Savings Bank for the N\u00fcrnberg-F\u00fcrther Stra\u00dfenbahngeld (Nuremberg\u2013F\u00fcrth streetcar system), with a face value of 20 pfennig, struck in 1921. Aluminum token series, issued by the Conrad Balmberger M\u00fcnz-Pr\u00e4geanstalt Vereinsabzeichenfabrik Mint, Nuremberg, presented in its original issue booklet. All pieces are in superb Brilliant Uncirculated condition<\/b><\/p>","protected":false},"excerpt":{"rendered":"<p>Set of 25 tokens, series of the Nuremberg City Savings Bank for the N\u00fcrnberg-F\u00fcrther Stra\u00dfenbahngeld (Nuremberg\u2013F\u00fcrth streetcar system), with a [&hellip;]<\/p>\n","protected":false},"featured_media":48807,"template":"","meta":{"_acf_changed":false,"site-sidebar-layout":"default","site-content-layout":"","ast-site-content-layout":"default","site-content-style":"default","site-sidebar-style":"default","ast-global-header-display":"","ast-banner-title-visibility":"","ast-main-header-display":"","ast-hfb-above-header-display":"","ast-hfb-below-header-display":"","ast-hfb-mobile-header-display":"","site-post-title":"","ast-breadcrumbs-content":"","ast-featured-img":"","footer-sml-layout":"","ast-disable-related-posts":"","theme-transparent-header-meta":"default","adv-header-id-meta":"","stick-header-meta":"","header-above-stick-meta":"","header-main-stick-meta":"","header-below-stick-meta":"","astra-migrate-meta-layouts":"set","ast-page-background-enabled":"default","ast-page-background-meta":{"desktop":{"background-color":"var(--ast-global-color-5)","background-image":"","background-repeat":"repeat","background-position":"center center","background-size":"auto","background-attachment":"scroll","background-type":"","background-media":"","overlay-type":"","overlay-color":"","overlay-opacity":"","overlay-gradient":""},"tablet":{"background-color":"","background-image":"","background-repeat":"repeat","background-position":"center center","background-size":"auto","background-attachment":"scroll","background-type":"","background-media":"","overlay-type":"","overlay-color":"","overlay-opacity":"","overlay-gradient":""},"mobile":{"background-color":"","background-image":"","background-repeat":"repeat","background-position":"center center","background-size":"auto","background-attachment":"scroll","background-type":"","background-media":"","overlay-type":"","overlay-color":"","overlay-opacity":"","overlay-gradient":""}},"ast-content-background-meta":{"desktop":{"background-color":"var(--ast-global-color-4)","background-image":"","background-repeat":"repeat","background-position":"center center","background-size":"auto","background-attachment":"scroll","background-type":"","background-media":"","overlay-type":"","overlay-color":"","overlay-opacity":"","overlay-gradient":""},"tablet":{"background-color":"var(--ast-global-color-4)","background-image":"","background-repeat":"repeat","background-position":"center center","background-size":"auto","background-attachment":"scroll","background-type":"","background-media":"","overlay-type":"","overlay-color":"","overlay-opacity":"","overlay-gradient":""},"mobile":{"background-color":"var(--ast-global-color-4)","background-image":"","background-repeat":"repeat","background-position":"center center","background-size":"auto","background-attachment":"scroll","background-type":"","background-media":"","overlay-type":"","overlay-color":"","overlay-opacity":"","overlay-gradient":""}}},"product_brand":[],"product_cat":[95,105,125],"product_tag":[],"class_list":{"0":"post-48800","1":"product","2":"type-product","3":"status-publish","4":"has-post-thumbnail","6":"product_cat-etrangeres","7":"product_cat-europe","8":"product_cat-jetons-et-mereaux","9":"pa_anneefrappe1-fe-1921","10":"pa_gradage-non","11":"pa_metal-cb-aluminium","12":"pa_pays-allemagne","13":"pa_provenance-non","14":"desktop-align-left","15":"tablet-align-left","16":"mobile-align-left","18":"first","19":"instock","20":"sold-individually","21":"shipping-taxable","22":"purchasable","23":"product-type-simple"},"acf":[],"yoast_head":"<!-- This site is optimized with the Yoast SEO plugin v27.3 - https:\/\/yoast.com\/product\/yoast-seo-wordpress\/ -->\n<title>Set of 25 tokens N\u00fcrnberg-F\u00fcrther 1921<\/title>\n<meta name=\"description\" content=\"Set of 25 tokens, Nuremberg Municipal Savings Bank series for the N\u00fcrnberg-F\u00fcrther Stra\u00dfenbahngeld (Nuremberg-F\u00fcrth tram network)\" \/>\n<meta name=\"robots\" content=\"index, follow, max-snippet:-1, max-image-preview:large, max-video-preview:-1\" \/>\n<link rel=\"canonical\" href=\"https:\/\/www.numismeo.com\/en\/boutique\/medailles-et-jetons\/jetons-et-mereaux\/25-jetons-en-aluminium-nurnberg-further-1921\/\" \/>\n<meta property=\"og:locale\" content=\"en_US\" \/>\n<meta property=\"og:type\" content=\"article\" \/>\n<meta property=\"og:title\" content=\"Set of 25 tokens N\u00fcrnberg-F\u00fcrther 1921\" \/>\n<meta property=\"og:description\" content=\"Set of 25 tokens, Nuremberg Municipal Savings Bank series for the N\u00fcrnberg-F\u00fcrther Stra\u00dfenbahngeld (Nuremberg-F\u00fcrth tram network)\" \/>\n<meta property=\"og:url\" content=\"https:\/\/www.numismeo.com\/en\/boutique\/medailles-et-jetons\/jetons-et-mereaux\/25-jetons-en-aluminium-nurnberg-further-1921\/\" \/>\n<meta property=\"og:site_name\" content=\"Numismeo\" \/>\n<meta property=\"article:publisher\" content=\"https:\/\/www.facebook.com\/numismeo\" \/>\n<meta property=\"article:modified_time\" content=\"2026-01-03T10:10:53+00:00\" \/>\n<meta property=\"og:image\" content=\"https:\/\/www.numismeo.com\/wp-content\/uploads\/2025\/09\/IMG_4782.jpeg\" \/>\n\t<meta property=\"og:image:width\" content=\"1280\" \/>\n\t<meta property=\"og:image:height\" content=\"805\" \/>\n\t<meta property=\"og:image:type\" content=\"image\/jpeg\" \/>\n<meta name=\"twitter:card\" content=\"summary_large_image\" \/>\n<meta name=\"twitter:label1\" content=\"Est. reading time\" \/>\n\t<meta name=\"twitter:data1\" content=\"1 minute\" \/>\n<script type=\"application\/ld+json\" class=\"yoast-schema-graph\">{\"@context\":\"https:\\\/\\\/schema.org\",\"@graph\":[{\"@type\":\"WebPage\",\"@id\":\"https:\\\/\\\/www.numismeo.com\\\/en\\\/boutique\\\/medailles-et-jetons\\\/jetons-et-mereaux\\\/25-jetons-en-aluminium-nurnberg-further-1921\\\/\",\"url\":\"https:\\\/\\\/www.numismeo.com\\\/en\\\/boutique\\\/medailles-et-jetons\\\/jetons-et-mereaux\\\/25-jetons-en-aluminium-nurnberg-further-1921\\\/\",\"name\":\"25 jetons en aluminium N\u00fcrnberg-F\u00fcrther 1921 - Numismeo\",\"isPartOf\":{\"@id\":\"https:\\\/\\\/www.numismeo.com\\\/#website\"},\"primaryImageOfPage\":{\"@id\":\"https:\\\/\\\/www.numismeo.com\\\/boutique\\\/medailles-et-jetons\\\/jetons-et-mereaux\\\/25-jetons-en-aluminium-nurnberg-further-1921\\\/#primaryimage\"},\"image\":{\"@id\":\"https:\\\/\\\/www.numismeo.com\\\/boutique\\\/medailles-et-jetons\\\/jetons-et-mereaux\\\/25-jetons-en-aluminium-nurnberg-further-1921\\\/#primaryimage\"},\"thumbnailUrl\":\"https:\\\/\\\/www.numismeo.com\\\/wp-content\\\/uploads\\\/2025\\\/09\\\/IMG_4782.jpeg\",\"datePublished\":\"2025-09-12T08:44:43+00:00\",\"dateModified\":\"2026-01-03T10:10:53+00:00\",\"description\":\"Ensemble de 25 jetons, s\u00e9rie de la Caisse d\u2019\u00e9pargne municipale de Nuremberg pour le N\u00fcrnberg-F\u00fcrther Stra\u00dfenbahngeld (r\u00e9seau de tramway Nuremberg\u2013F\u00fcrth)\",\"breadcrumb\":{\"@id\":\"https:\\\/\\\/www.numismeo.com\\\/boutique\\\/medailles-et-jetons\\\/jetons-et-mereaux\\\/25-jetons-en-aluminium-nurnberg-further-1921\\\/#breadcrumb\"},\"inLanguage\":\"en-US\",\"potentialAction\":[{\"@type\":\"ReadAction\",\"target\":[\"https:\\\/\\\/www.numismeo.com\\\/boutique\\\/medailles-et-jetons\\\/jetons-et-mereaux\\\/25-jetons-en-aluminium-nurnberg-further-1921\\\/\"]}]},{\"@type\":\"ImageObject\",\"inLanguage\":\"en-US\",\"@id\":\"https:\\\/\\\/www.numismeo.com\\\/boutique\\\/medailles-et-jetons\\\/jetons-et-mereaux\\\/25-jetons-en-aluminium-nurnberg-further-1921\\\/#primaryimage\",\"url\":\"https:\\\/\\\/www.numismeo.com\\\/wp-content\\\/uploads\\\/2025\\\/09\\\/IMG_4782.jpeg\",\"contentUrl\":\"https:\\\/\\\/www.numismeo.com\\\/wp-content\\\/uploads\\\/2025\\\/09\\\/IMG_4782.jpeg\",\"width\":1280,\"height\":805},{\"@type\":\"BreadcrumbList\",\"@id\":\"https:\\\/\\\/www.numismeo.com\\\/boutique\\\/medailles-et-jetons\\\/jetons-et-mereaux\\\/25-jetons-en-aluminium-nurnberg-further-1921\\\/#breadcrumb\",\"itemListElement\":[{\"@type\":\"ListItem\",\"position\":1,\"name\":\"Accueil\",\"item\":\"https:\\\/\\\/www.numismeo.com\\\/\"},{\"@type\":\"ListItem\",\"position\":2,\"name\":\"BoutiqueTechnique\",\"item\":\"https:\\\/\\\/www.numismeo.com\\\/boutiquetechnique\\\/\"},{\"@type\":\"ListItem\",\"position\":3,\"name\":\"25 jetons en aluminium N\u00fcrnberg-F\u00fcrther 1921\"}]},{\"@type\":\"WebSite\",\"@id\":\"https:\\\/\\\/www.numismeo.com\\\/#website\",\"url\":\"https:\\\/\\\/www.numismeo.com\\\/\",\"name\":\"Numismeo\",\"description\":\"MAISON CREUSY fond\u00e9 en 1974\",\"publisher\":{\"@id\":\"https:\\\/\\\/www.numismeo.com\\\/#organization\"},\"alternateName\":\"Maison Creusy\",\"potentialAction\":[{\"@type\":\"SearchAction\",\"target\":{\"@type\":\"EntryPoint\",\"urlTemplate\":\"https:\\\/\\\/www.numismeo.com\\\/?s={search_term_string}\"},\"query-input\":{\"@type\":\"PropertyValueSpecification\",\"valueRequired\":true,\"valueName\":\"search_term_string\"}}],\"inLanguage\":\"en-US\"},{\"@type\":\"Organization\",\"@id\":\"https:\\\/\\\/www.numismeo.com\\\/#organization\",\"name\":\"Maison Creusy\",\"alternateName\":\"Maison Creusy\",\"url\":\"https:\\\/\\\/www.numismeo.com\\\/\",\"logo\":{\"@type\":\"ImageObject\",\"inLanguage\":\"en-US\",\"@id\":\"https:\\\/\\\/www.numismeo.com\\\/#\\\/schema\\\/logo\\\/image\\\/\",\"url\":\"https:\\\/\\\/www.numismeo.com\\\/wp-content\\\/uploads\\\/2022\\\/09\\\/LogoPetit.jpg\",\"contentUrl\":\"https:\\\/\\\/www.numismeo.com\\\/wp-content\\\/uploads\\\/2022\\\/09\\\/LogoPetit.jpg\",\"width\":164,\"height\":164,\"caption\":\"Maison Creusy\"},\"image\":{\"@id\":\"https:\\\/\\\/www.numismeo.com\\\/#\\\/schema\\\/logo\\\/image\\\/\"},\"sameAs\":[\"https:\\\/\\\/www.facebook.com\\\/numismeo\"]}]}<\/script>\n<!-- \/ Yoast SEO plugin. -->","yoast_head_json":{"title":"Set of 25 tokens N\u00fcrnberg-F\u00fcrther 1921","description":"Set of 25 tokens, Nuremberg Municipal Savings Bank series for the N\u00fcrnberg-F\u00fcrther Stra\u00dfenbahngeld (Nuremberg-F\u00fcrth tram network)","robots":{"index":"index","follow":"follow","max-snippet":"max-snippet:-1","max-image-preview":"max-image-preview:large","max-video-preview":"max-video-preview:-1"},"canonical":"https:\/\/www.numismeo.com\/en\/boutique\/medailles-et-jetons\/jetons-et-mereaux\/25-jetons-en-aluminium-nurnberg-further-1921\/","og_locale":"en_US","og_type":"article","og_title":"Set of 25 tokens N\u00fcrnberg-F\u00fcrther 1921","og_description":"Set of 25 tokens, Nuremberg Municipal Savings Bank series for the N\u00fcrnberg-F\u00fcrther Stra\u00dfenbahngeld (Nuremberg-F\u00fcrth tram network)","og_url":"https:\/\/www.numismeo.com\/en\/boutique\/medailles-et-jetons\/jetons-et-mereaux\/25-jetons-en-aluminium-nurnberg-further-1921\/","og_site_name":"Numismeo","article_publisher":"https:\/\/www.facebook.com\/numismeo","article_modified_time":"2026-01-03T10:10:53+00:00","og_image":[{"width":1280,"height":805,"url":"https:\/\/www.numismeo.com\/wp-content\/uploads\/2025\/09\/IMG_4782.jpeg","type":"image\/jpeg"}],"twitter_card":"summary_large_image","twitter_misc":{"Est. reading time":"1 minute"},"schema":{"@context":"https:\/\/schema.org","@graph":[{"@type":"WebPage","@id":"https:\/\/www.numismeo.com\/en\/boutique\/medailles-et-jetons\/jetons-et-mereaux\/25-jetons-en-aluminium-nurnberg-further-1921\/","url":"https:\/\/www.numismeo.com\/en\/boutique\/medailles-et-jetons\/jetons-et-mereaux\/25-jetons-en-aluminium-nurnberg-further-1921\/","name":"25 jetons en aluminium N\u00fcrnberg-F\u00fcrther 1921 - Numismeo","isPartOf":{"@id":"https:\/\/www.numismeo.com\/#website"},"primaryImageOfPage":{"@id":"https:\/\/www.numismeo.com\/boutique\/medailles-et-jetons\/jetons-et-mereaux\/25-jetons-en-aluminium-nurnberg-further-1921\/#primaryimage"},"image":{"@id":"https:\/\/www.numismeo.com\/boutique\/medailles-et-jetons\/jetons-et-mereaux\/25-jetons-en-aluminium-nurnberg-further-1921\/#primaryimage"},"thumbnailUrl":"https:\/\/www.numismeo.com\/wp-content\/uploads\/2025\/09\/IMG_4782.jpeg","datePublished":"2025-09-12T08:44:43+00:00","dateModified":"2026-01-03T10:10:53+00:00","description":"Ensemble de 25 jetons, s\u00e9rie de la Caisse d\u2019\u00e9pargne municipale de Nuremberg pour le N\u00fcrnberg-F\u00fcrther Stra\u00dfenbahngeld (r\u00e9seau de tramway Nuremberg\u2013F\u00fcrth)","breadcrumb":{"@id":"https:\/\/www.numismeo.com\/boutique\/medailles-et-jetons\/jetons-et-mereaux\/25-jetons-en-aluminium-nurnberg-further-1921\/#breadcrumb"},"inLanguage":"en-US","potentialAction":[{"@type":"ReadAction","target":["https:\/\/www.numismeo.com\/boutique\/medailles-et-jetons\/jetons-et-mereaux\/25-jetons-en-aluminium-nurnberg-further-1921\/"]}]},{"@type":"ImageObject","inLanguage":"en-US","@id":"https:\/\/www.numismeo.com\/boutique\/medailles-et-jetons\/jetons-et-mereaux\/25-jetons-en-aluminium-nurnberg-further-1921\/#primaryimage","url":"https:\/\/www.numismeo.com\/wp-content\/uploads\/2025\/09\/IMG_4782.jpeg","contentUrl":"https:\/\/www.numismeo.com\/wp-content\/uploads\/2025\/09\/IMG_4782.jpeg","width":1280,"height":805},{"@type":"BreadcrumbList","@id":"https:\/\/www.numismeo.com\/boutique\/medailles-et-jetons\/jetons-et-mereaux\/25-jetons-en-aluminium-nurnberg-further-1921\/#breadcrumb","itemListElement":[{"@type":"ListItem","position":1,"name":"Accueil","item":"https:\/\/www.numismeo.com\/"},{"@type":"ListItem","position":2,"name":"BoutiqueTechnique","item":"https:\/\/www.numismeo.com\/boutiquetechnique\/"},{"@type":"ListItem","position":3,"name":"25 jetons en aluminium N\u00fcrnberg-F\u00fcrther 1921"}]},{"@type":"WebSite","@id":"https:\/\/www.numismeo.com\/#website","url":"https:\/\/www.numismeo.com\/","name":"Numismeo","description":"MAISON CREUSY fond\u00e9 en 1974","publisher":{"@id":"https:\/\/www.numismeo.com\/#organization"},"alternateName":"Maison Creusy","potentialAction":[{"@type":"SearchAction","target":{"@type":"EntryPoint","urlTemplate":"https:\/\/www.numismeo.com\/?s={search_term_string}"},"query-input":{"@type":"PropertyValueSpecification","valueRequired":true,"valueName":"search_term_string"}}],"inLanguage":"en-US"},{"@type":"Organization","@id":"https:\/\/www.numismeo.com\/#organization","name":"Maison Creusy","alternateName":"Maison Creusy","url":"https:\/\/www.numismeo.com\/","logo":{"@type":"ImageObject","inLanguage":"en-US","@id":"https:\/\/www.numismeo.com\/#\/schema\/logo\/image\/","url":"https:\/\/www.numismeo.com\/wp-content\/uploads\/2022\/09\/LogoPetit.jpg","contentUrl":"https:\/\/www.numismeo.com\/wp-content\/uploads\/2022\/09\/LogoPetit.jpg","width":164,"height":164,"caption":"Maison Creusy"},"image":{"@id":"https:\/\/www.numismeo.com\/#\/schema\/logo\/image\/"},"sameAs":["https:\/\/www.facebook.com\/numismeo"]}]}},"_links":{"self":[{"href":"https:\/\/www.numismeo.com\/wp-json\/wp\/v2\/product\/48800","targetHints":{"allow":["GET"]}}],"collection":[{"href":"https:\/\/www.numismeo.com\/wp-json\/wp\/v2\/product"}],"about":[{"href":"https:\/\/www.numismeo.com\/wp-json\/wp\/v2\/types\/product"}],"wp:featuredmedia":[{"embeddable":true,"href":"https:\/\/www.numismeo.com\/wp-json\/wp\/v2\/media\/48807"}],"wp:attachment":[{"href":"https:\/\/www.numismeo.com\/wp-json\/wp\/v2\/media?parent=48800"}],"wp:term":[{"taxonomy":"product_brand","embeddable":true,"href":"https:\/\/www.numismeo.com\/wp-json\/wp\/v2\/product_brand?post=48800"},{"taxonomy":"product_cat","embeddable":true,"href":"https:\/\/www.numismeo.com\/wp-json\/wp\/v2\/product_cat?post=48800"},{"taxonomy":"product_tag","embeddable":true,"href":"https:\/\/www.numismeo.com\/wp-json\/wp\/v2\/product_tag?post=48800"}],"curies":[{"name":"wp","href":"https:\/\/api.w.org\/{rel}","templated":true}]}}