{"id":51285,"date":"2025-11-13T11:19:01","date_gmt":"2025-11-13T10:19:01","guid":{"rendered":"https:\/\/www.numismeo.com\/?post_type=product&#038;p=51285"},"modified":"2026-01-14T14:49:04","modified_gmt":"2026-01-14T13:49:04","slug":"etats-de-bretagne-jeton-1683-tenue-de-vitre","status":"publish","type":"product","link":"https:\/\/www.numismeo.com\/en\/boutique\/medailles-et-jetons\/jetons-et-mereaux\/etats-de-bretagne-jeton-1683-tenue-de-vitre\/","title":{"rendered":"States of Brittany jeton 183 Vitr\u00e9"},"content":{"rendered":"<b>Silver token for the States of Brittany of 1683, which were held in Vitr\u00e9. Obverse: bust of Louis XIV; reverse: shield of France and Brittany.<\/b>","protected":false},"excerpt":{"rendered":"<p>Silver token for the States of Brittany of 1683, which were held in Vitr\u00e9. Obverse: bust of Louis XIV; reverse: [&hellip;]<\/p>\n","protected":false},"featured_media":51286,"template":"","meta":{"_acf_changed":false,"site-sidebar-layout":"default","site-content-layout":"","ast-site-content-layout":"default","site-content-style":"default","site-sidebar-style":"default","ast-global-header-display":"","ast-banner-title-visibility":"","ast-main-header-display":"","ast-hfb-above-header-display":"","ast-hfb-below-header-display":"","ast-hfb-mobile-header-display":"","site-post-title":"","ast-breadcrumbs-content":"","ast-featured-img":"","footer-sml-layout":"","ast-disable-related-posts":"","theme-transparent-header-meta":"","adv-header-id-meta":"","stick-header-meta":"","header-above-stick-meta":"","header-main-stick-meta":"","header-below-stick-meta":"","astra-migrate-meta-layouts":"default","ast-page-background-enabled":"default","ast-page-background-meta":{"desktop":{"background-color":"var(--ast-global-color-5)","background-image":"","background-repeat":"repeat","background-position":"center center","background-size":"auto","background-attachment":"scroll","background-type":"","background-media":"","overlay-type":"","overlay-color":"","overlay-opacity":"","overlay-gradient":""},"tablet":{"background-color":"","background-image":"","background-repeat":"repeat","background-position":"center center","background-size":"auto","background-attachment":"scroll","background-type":"","background-media":"","overlay-type":"","overlay-color":"","overlay-opacity":"","overlay-gradient":""},"mobile":{"background-color":"","background-image":"","background-repeat":"repeat","background-position":"center center","background-size":"auto","background-attachment":"scroll","background-type":"","background-media":"","overlay-type":"","overlay-color":"","overlay-opacity":"","overlay-gradient":""}},"ast-content-background-meta":{"desktop":{"background-color":"var(--ast-global-color-4)","background-image":"","background-repeat":"repeat","background-position":"center center","background-size":"auto","background-attachment":"scroll","background-type":"","background-media":"","overlay-type":"","overlay-color":"","overlay-opacity":"","overlay-gradient":""},"tablet":{"background-color":"var(--ast-global-color-4)","background-image":"","background-repeat":"repeat","background-position":"center center","background-size":"auto","background-attachment":"scroll","background-type":"","background-media":"","overlay-type":"","overlay-color":"","overlay-opacity":"","overlay-gradient":""},"mobile":{"background-color":"var(--ast-global-color-4)","background-image":"","background-repeat":"repeat","background-position":"center center","background-size":"auto","background-attachment":"scroll","background-type":"","background-media":"","overlay-type":"","overlay-color":"","overlay-opacity":"","overlay-gradient":""}}},"product_brand":[],"product_cat":[125,97],"product_tag":[],"class_list":{"0":"post-51285","1":"product","2":"type-product","3":"status-publish","4":"has-post-thumbnail","6":"product_cat-jetons-et-mereaux","7":"product_cat-medailles-et-jetons","8":"pa_anneefrappe1-e1-1683","9":"pa_gradage-non","10":"pa_metal-b5-argent","11":"pa_provenance-non","12":"pa_qualite-13-tb_","13":"personnage-louis-xiv","14":"desktop-align-left","15":"tablet-align-left","16":"mobile-align-left","18":"first","19":"instock","20":"sold-individually","21":"shipping-taxable","22":"purchasable","23":"product-type-simple"},"acf":[],"yoast_head":"<!-- This site is optimized with the Yoast SEO plugin v27.4 - https:\/\/yoast.com\/product\/yoast-seo-wordpress\/ -->\n<title>States of Brittany jeton 183 Vitr\u00e9<\/title>\n<meta name=\"description\" content=\"Silver token for the 1683 Estates of Brittany held in Vitr\u00e9. Bust of Louis XIV on the obverse and shield of France and Brittany on the reverse.\" \/>\n<meta name=\"robots\" content=\"index, follow, max-snippet:-1, max-image-preview:large, max-video-preview:-1\" \/>\n<link rel=\"canonical\" href=\"https:\/\/www.numismeo.com\/en\/boutique\/medailles-et-jetons\/jetons-et-mereaux\/etats-de-bretagne-jeton-1683-tenue-de-vitre\/\" \/>\n<meta property=\"og:locale\" content=\"en_US\" \/>\n<meta property=\"og:type\" content=\"article\" \/>\n<meta property=\"og:title\" content=\"States of Brittany jeton 183 Vitr\u00e9\" \/>\n<meta property=\"og:description\" content=\"Silver token for the 1683 Estates of Brittany held in Vitr\u00e9. Bust of Louis XIV on the obverse and shield of France and Brittany on the reverse.\" \/>\n<meta property=\"og:url\" content=\"https:\/\/www.numismeo.com\/en\/boutique\/medailles-et-jetons\/jetons-et-mereaux\/etats-de-bretagne-jeton-1683-tenue-de-vitre\/\" \/>\n<meta property=\"og:site_name\" content=\"Numismeo\" \/>\n<meta property=\"article:publisher\" content=\"https:\/\/www.facebook.com\/numismeo\" \/>\n<meta property=\"article:modified_time\" content=\"2026-01-14T13:49:04+00:00\" \/>\n<meta property=\"og:image\" content=\"https:\/\/www.numismeo.com\/wp-content\/uploads\/2025\/11\/Jet-Bretagne1683-F8717-1.webp\" \/>\n\t<meta property=\"og:image:width\" content=\"1500\" \/>\n\t<meta property=\"og:image:height\" content=\"1500\" \/>\n\t<meta property=\"og:image:type\" content=\"image\/webp\" \/>\n<meta name=\"twitter:card\" content=\"summary_large_image\" \/>\n<meta name=\"twitter:label1\" content=\"Est. reading time\" \/>\n\t<meta name=\"twitter:data1\" content=\"1 minute\" \/>\n<script type=\"application\/ld+json\" class=\"yoast-schema-graph\">{\"@context\":\"https:\\\/\\\/schema.org\",\"@graph\":[{\"@type\":\"WebPage\",\"@id\":\"https:\\\/\\\/www.numismeo.com\\\/en\\\/boutique\\\/medailles-et-jetons\\\/jetons-et-mereaux\\\/etats-de-bretagne-jeton-1683-tenue-de-vitre\\\/\",\"url\":\"https:\\\/\\\/www.numismeo.com\\\/en\\\/boutique\\\/medailles-et-jetons\\\/jetons-et-mereaux\\\/etats-de-bretagne-jeton-1683-tenue-de-vitre\\\/\",\"name\":\"Etats de Bretagne jeton 1683 tenue de Vitr\u00e9 - Numismeo\",\"isPartOf\":{\"@id\":\"https:\\\/\\\/www.numismeo.com\\\/#website\"},\"primaryImageOfPage\":{\"@id\":\"https:\\\/\\\/www.numismeo.com\\\/boutique\\\/medailles-et-jetons\\\/jetons-et-mereaux\\\/etats-de-bretagne-jeton-1683-tenue-de-vitre\\\/#primaryimage\"},\"image\":{\"@id\":\"https:\\\/\\\/www.numismeo.com\\\/boutique\\\/medailles-et-jetons\\\/jetons-et-mereaux\\\/etats-de-bretagne-jeton-1683-tenue-de-vitre\\\/#primaryimage\"},\"thumbnailUrl\":\"https:\\\/\\\/www.numismeo.com\\\/wp-content\\\/uploads\\\/2025\\\/11\\\/Jet-Bretagne1683-F8717-1.webp\",\"datePublished\":\"2025-11-13T10:19:01+00:00\",\"dateModified\":\"2026-01-14T13:49:04+00:00\",\"description\":\"Jeton en argent pour les \u00e9tats de Bretagne de 1683 qui se sont tenu \u00e0 Vitr\u00e9. Buste de Louis XIV \u00e0 l'avers et \u00e9cu de France et de Bretagne au revers.\",\"breadcrumb\":{\"@id\":\"https:\\\/\\\/www.numismeo.com\\\/boutique\\\/medailles-et-jetons\\\/jetons-et-mereaux\\\/etats-de-bretagne-jeton-1683-tenue-de-vitre\\\/#breadcrumb\"},\"inLanguage\":\"en-US\",\"potentialAction\":[{\"@type\":\"ReadAction\",\"target\":[\"https:\\\/\\\/www.numismeo.com\\\/boutique\\\/medailles-et-jetons\\\/jetons-et-mereaux\\\/etats-de-bretagne-jeton-1683-tenue-de-vitre\\\/\"]}]},{\"@type\":\"ImageObject\",\"inLanguage\":\"en-US\",\"@id\":\"https:\\\/\\\/www.numismeo.com\\\/boutique\\\/medailles-et-jetons\\\/jetons-et-mereaux\\\/etats-de-bretagne-jeton-1683-tenue-de-vitre\\\/#primaryimage\",\"url\":\"https:\\\/\\\/www.numismeo.com\\\/wp-content\\\/uploads\\\/2025\\\/11\\\/Jet-Bretagne1683-F8717-1.webp\",\"contentUrl\":\"https:\\\/\\\/www.numismeo.com\\\/wp-content\\\/uploads\\\/2025\\\/11\\\/Jet-Bretagne1683-F8717-1.webp\",\"width\":1500,\"height\":1500},{\"@type\":\"BreadcrumbList\",\"@id\":\"https:\\\/\\\/www.numismeo.com\\\/boutique\\\/medailles-et-jetons\\\/jetons-et-mereaux\\\/etats-de-bretagne-jeton-1683-tenue-de-vitre\\\/#breadcrumb\",\"itemListElement\":[{\"@type\":\"ListItem\",\"position\":1,\"name\":\"Accueil\",\"item\":\"https:\\\/\\\/www.numismeo.com\\\/\"},{\"@type\":\"ListItem\",\"position\":2,\"name\":\"BoutiqueTechnique\",\"item\":\"https:\\\/\\\/www.numismeo.com\\\/boutiquetechnique\\\/\"},{\"@type\":\"ListItem\",\"position\":3,\"name\":\"Etats de Bretagne jeton 1683 tenue de Vitr\u00e9\"}]},{\"@type\":\"WebSite\",\"@id\":\"https:\\\/\\\/www.numismeo.com\\\/#website\",\"url\":\"https:\\\/\\\/www.numismeo.com\\\/\",\"name\":\"Numismeo\",\"description\":\"MAISON CREUSY fond\u00e9 en 1974\",\"publisher\":{\"@id\":\"https:\\\/\\\/www.numismeo.com\\\/#organization\"},\"alternateName\":\"Maison Creusy\",\"potentialAction\":[{\"@type\":\"SearchAction\",\"target\":{\"@type\":\"EntryPoint\",\"urlTemplate\":\"https:\\\/\\\/www.numismeo.com\\\/?s={search_term_string}\"},\"query-input\":{\"@type\":\"PropertyValueSpecification\",\"valueRequired\":true,\"valueName\":\"search_term_string\"}}],\"inLanguage\":\"en-US\"},{\"@type\":\"Organization\",\"@id\":\"https:\\\/\\\/www.numismeo.com\\\/#organization\",\"name\":\"Maison Creusy\",\"alternateName\":\"Maison Creusy\",\"url\":\"https:\\\/\\\/www.numismeo.com\\\/\",\"logo\":{\"@type\":\"ImageObject\",\"inLanguage\":\"en-US\",\"@id\":\"https:\\\/\\\/www.numismeo.com\\\/#\\\/schema\\\/logo\\\/image\\\/\",\"url\":\"https:\\\/\\\/www.numismeo.com\\\/wp-content\\\/uploads\\\/2022\\\/09\\\/LogoPetit.jpg\",\"contentUrl\":\"https:\\\/\\\/www.numismeo.com\\\/wp-content\\\/uploads\\\/2022\\\/09\\\/LogoPetit.jpg\",\"width\":164,\"height\":164,\"caption\":\"Maison Creusy\"},\"image\":{\"@id\":\"https:\\\/\\\/www.numismeo.com\\\/#\\\/schema\\\/logo\\\/image\\\/\"},\"sameAs\":[\"https:\\\/\\\/www.facebook.com\\\/numismeo\"]}]}<\/script>\n<!-- \/ Yoast SEO plugin. -->","yoast_head_json":{"title":"States of Brittany jeton 183 Vitr\u00e9","description":"Silver token for the 1683 Estates of Brittany held in Vitr\u00e9. Bust of Louis XIV on the obverse and shield of France and Brittany on the reverse.","robots":{"index":"index","follow":"follow","max-snippet":"max-snippet:-1","max-image-preview":"max-image-preview:large","max-video-preview":"max-video-preview:-1"},"canonical":"https:\/\/www.numismeo.com\/en\/boutique\/medailles-et-jetons\/jetons-et-mereaux\/etats-de-bretagne-jeton-1683-tenue-de-vitre\/","og_locale":"en_US","og_type":"article","og_title":"States of Brittany jeton 183 Vitr\u00e9","og_description":"Silver token for the 1683 Estates of Brittany held in Vitr\u00e9. Bust of Louis XIV on the obverse and shield of France and Brittany on the reverse.","og_url":"https:\/\/www.numismeo.com\/en\/boutique\/medailles-et-jetons\/jetons-et-mereaux\/etats-de-bretagne-jeton-1683-tenue-de-vitre\/","og_site_name":"Numismeo","article_publisher":"https:\/\/www.facebook.com\/numismeo","article_modified_time":"2026-01-14T13:49:04+00:00","og_image":[{"width":1500,"height":1500,"url":"https:\/\/www.numismeo.com\/wp-content\/uploads\/2025\/11\/Jet-Bretagne1683-F8717-1.webp","type":"image\/webp"}],"twitter_card":"summary_large_image","twitter_misc":{"Est. reading time":"1 minute"},"schema":{"@context":"https:\/\/schema.org","@graph":[{"@type":"WebPage","@id":"https:\/\/www.numismeo.com\/en\/boutique\/medailles-et-jetons\/jetons-et-mereaux\/etats-de-bretagne-jeton-1683-tenue-de-vitre\/","url":"https:\/\/www.numismeo.com\/en\/boutique\/medailles-et-jetons\/jetons-et-mereaux\/etats-de-bretagne-jeton-1683-tenue-de-vitre\/","name":"Etats de Bretagne jeton 1683 tenue de Vitr\u00e9 - Numismeo","isPartOf":{"@id":"https:\/\/www.numismeo.com\/#website"},"primaryImageOfPage":{"@id":"https:\/\/www.numismeo.com\/boutique\/medailles-et-jetons\/jetons-et-mereaux\/etats-de-bretagne-jeton-1683-tenue-de-vitre\/#primaryimage"},"image":{"@id":"https:\/\/www.numismeo.com\/boutique\/medailles-et-jetons\/jetons-et-mereaux\/etats-de-bretagne-jeton-1683-tenue-de-vitre\/#primaryimage"},"thumbnailUrl":"https:\/\/www.numismeo.com\/wp-content\/uploads\/2025\/11\/Jet-Bretagne1683-F8717-1.webp","datePublished":"2025-11-13T10:19:01+00:00","dateModified":"2026-01-14T13:49:04+00:00","description":"Jeton en argent pour les \u00e9tats de Bretagne de 1683 qui se sont tenu \u00e0 Vitr\u00e9. Buste de Louis XIV \u00e0 l'avers et \u00e9cu de France et de Bretagne au revers.","breadcrumb":{"@id":"https:\/\/www.numismeo.com\/boutique\/medailles-et-jetons\/jetons-et-mereaux\/etats-de-bretagne-jeton-1683-tenue-de-vitre\/#breadcrumb"},"inLanguage":"en-US","potentialAction":[{"@type":"ReadAction","target":["https:\/\/www.numismeo.com\/boutique\/medailles-et-jetons\/jetons-et-mereaux\/etats-de-bretagne-jeton-1683-tenue-de-vitre\/"]}]},{"@type":"ImageObject","inLanguage":"en-US","@id":"https:\/\/www.numismeo.com\/boutique\/medailles-et-jetons\/jetons-et-mereaux\/etats-de-bretagne-jeton-1683-tenue-de-vitre\/#primaryimage","url":"https:\/\/www.numismeo.com\/wp-content\/uploads\/2025\/11\/Jet-Bretagne1683-F8717-1.webp","contentUrl":"https:\/\/www.numismeo.com\/wp-content\/uploads\/2025\/11\/Jet-Bretagne1683-F8717-1.webp","width":1500,"height":1500},{"@type":"BreadcrumbList","@id":"https:\/\/www.numismeo.com\/boutique\/medailles-et-jetons\/jetons-et-mereaux\/etats-de-bretagne-jeton-1683-tenue-de-vitre\/#breadcrumb","itemListElement":[{"@type":"ListItem","position":1,"name":"Accueil","item":"https:\/\/www.numismeo.com\/"},{"@type":"ListItem","position":2,"name":"BoutiqueTechnique","item":"https:\/\/www.numismeo.com\/boutiquetechnique\/"},{"@type":"ListItem","position":3,"name":"Etats de Bretagne jeton 1683 tenue de Vitr\u00e9"}]},{"@type":"WebSite","@id":"https:\/\/www.numismeo.com\/#website","url":"https:\/\/www.numismeo.com\/","name":"Numismeo","description":"MAISON CREUSY fond\u00e9 en 1974","publisher":{"@id":"https:\/\/www.numismeo.com\/#organization"},"alternateName":"Maison Creusy","potentialAction":[{"@type":"SearchAction","target":{"@type":"EntryPoint","urlTemplate":"https:\/\/www.numismeo.com\/?s={search_term_string}"},"query-input":{"@type":"PropertyValueSpecification","valueRequired":true,"valueName":"search_term_string"}}],"inLanguage":"en-US"},{"@type":"Organization","@id":"https:\/\/www.numismeo.com\/#organization","name":"Maison Creusy","alternateName":"Maison Creusy","url":"https:\/\/www.numismeo.com\/","logo":{"@type":"ImageObject","inLanguage":"en-US","@id":"https:\/\/www.numismeo.com\/#\/schema\/logo\/image\/","url":"https:\/\/www.numismeo.com\/wp-content\/uploads\/2022\/09\/LogoPetit.jpg","contentUrl":"https:\/\/www.numismeo.com\/wp-content\/uploads\/2022\/09\/LogoPetit.jpg","width":164,"height":164,"caption":"Maison Creusy"},"image":{"@id":"https:\/\/www.numismeo.com\/#\/schema\/logo\/image\/"},"sameAs":["https:\/\/www.facebook.com\/numismeo"]}]}},"_links":{"self":[{"href":"https:\/\/www.numismeo.com\/wp-json\/wp\/v2\/product\/51285","targetHints":{"allow":["GET"]}}],"collection":[{"href":"https:\/\/www.numismeo.com\/wp-json\/wp\/v2\/product"}],"about":[{"href":"https:\/\/www.numismeo.com\/wp-json\/wp\/v2\/types\/product"}],"wp:featuredmedia":[{"embeddable":true,"href":"https:\/\/www.numismeo.com\/wp-json\/wp\/v2\/media\/51286"}],"wp:attachment":[{"href":"https:\/\/www.numismeo.com\/wp-json\/wp\/v2\/media?parent=51285"}],"wp:term":[{"taxonomy":"product_brand","embeddable":true,"href":"https:\/\/www.numismeo.com\/wp-json\/wp\/v2\/product_brand?post=51285"},{"taxonomy":"product_cat","embeddable":true,"href":"https:\/\/www.numismeo.com\/wp-json\/wp\/v2\/product_cat?post=51285"},{"taxonomy":"product_tag","embeddable":true,"href":"https:\/\/www.numismeo.com\/wp-json\/wp\/v2\/product_tag?post=51285"}],"curies":[{"name":"wp","href":"https:\/\/api.w.org\/{rel}","templated":true}]}}