{"id":52216,"date":"2025-12-19T09:40:56","date_gmt":"2025-12-19T08:40:56","guid":{"rendered":"https:\/\/www.numismeo.com\/?post_type=product&#038;p=52216"},"modified":"2025-12-31T10:00:44","modified_gmt":"2025-12-31T09:00:44","slug":"fufia-denier-serratus-70-avant-jc","status":"publish","type":"product","link":"https:\/\/www.numismeo.com\/en\/boutique\/antiques\/republique-romaine-antiques\/fufia-denier-serratus-70-avant-jc\/","title":{"rendered":"Q. Fufius Kalenus and Mucius Cordus AR Serrate Denarius 70 BC"},"content":{"rendered":"<p class=\"p1\">Denarius of the Roman Republic issued by the moneyers Q. Fufius Calenus and Mucius Cordus in 70 BC. On the obverse, conjoined busts facing right of Honos, laureate, and Virtus, helmeted; on the reverse, Italia standing left, turned to the right, and Roma standing to the right.<\/p>\r\n<p class=\"p1\">The year 70 BC corresponds to the consulship of Pompey and Crassus.<\/p>\r\n<p class=\"p1\">A <strong>serrated denarius<\/strong> is a Roman silver coin whose edge is cut into small, regular notches, giving it a toothed appearance, like a wheel or a saw (serra in Latin).<\/p>\r\n<p class=\"p1\">These notches were primarily intended to demonstrate that the coin was made of solid silver and not plated over a base-metal core. By exposing the edge, they helped to prevent counterfeiting and to reassure users.<\/p>","protected":false},"excerpt":{"rendered":"<p>Denarius of the Roman Republic issued by the moneyers Q. Fufius Calenus and Mucius Cordus in 70 BC. On the [&hellip;]<\/p>\n","protected":false},"featured_media":52217,"template":"","meta":{"_acf_changed":false,"site-sidebar-layout":"default","site-content-layout":"","ast-site-content-layout":"default","site-content-style":"default","site-sidebar-style":"default","ast-global-header-display":"","ast-banner-title-visibility":"","ast-main-header-display":"","ast-hfb-above-header-display":"","ast-hfb-below-header-display":"","ast-hfb-mobile-header-display":"","site-post-title":"","ast-breadcrumbs-content":"","ast-featured-img":"","footer-sml-layout":"","ast-disable-related-posts":"","theme-transparent-header-meta":"","adv-header-id-meta":"","stick-header-meta":"","header-above-stick-meta":"","header-main-stick-meta":"","header-below-stick-meta":"","astra-migrate-meta-layouts":"default","ast-page-background-enabled":"default","ast-page-background-meta":{"desktop":{"background-color":"var(--ast-global-color-5)","background-image":"","background-repeat":"repeat","background-position":"center center","background-size":"auto","background-attachment":"scroll","background-type":"","background-media":"","overlay-type":"","overlay-color":"","overlay-opacity":"","overlay-gradient":""},"tablet":{"background-color":"","background-image":"","background-repeat":"repeat","background-position":"center center","background-size":"auto","background-attachment":"scroll","background-type":"","background-media":"","overlay-type":"","overlay-color":"","overlay-opacity":"","overlay-gradient":""},"mobile":{"background-color":"","background-image":"","background-repeat":"repeat","background-position":"center center","background-size":"auto","background-attachment":"scroll","background-type":"","background-media":"","overlay-type":"","overlay-color":"","overlay-opacity":"","overlay-gradient":""}},"ast-content-background-meta":{"desktop":{"background-color":"var(--ast-global-color-4)","background-image":"","background-repeat":"repeat","background-position":"center center","background-size":"auto","background-attachment":"scroll","background-type":"","background-media":"","overlay-type":"","overlay-color":"","overlay-opacity":"","overlay-gradient":""},"tablet":{"background-color":"var(--ast-global-color-4)","background-image":"","background-repeat":"repeat","background-position":"center center","background-size":"auto","background-attachment":"scroll","background-type":"","background-media":"","overlay-type":"","overlay-color":"","overlay-opacity":"","overlay-gradient":""},"mobile":{"background-color":"var(--ast-global-color-4)","background-image":"","background-repeat":"repeat","background-position":"center center","background-size":"auto","background-attachment":"scroll","background-type":"","background-media":"","overlay-type":"","overlay-color":"","overlay-opacity":"","overlay-gradient":""}}},"product_brand":[],"product_cat":[91,179],"product_tag":[],"class_list":{"0":"post-52216","1":"product","2":"type-product","3":"status-publish","4":"has-post-thumbnail","6":"product_cat-antiques","7":"product_cat-republique-romaine-antiques","8":"pa_anneefrappe1-21107","9":"pa_atelier-ee-rome","10":"pa_metal-b5-argent","11":"pa_qualite-fa-tb","12":"desktop-align-left","13":"tablet-align-left","14":"mobile-align-left","16":"first","17":"instock","18":"sold-individually","19":"shipping-taxable","20":"purchasable","21":"product-type-simple"},"acf":[],"yoast_head":"<!-- This site is optimized with the Yoast SEO plugin v27.3 - https:\/\/yoast.com\/product\/yoast-seo-wordpress\/ -->\n<title>Q. Fufius Kalenus and Mucius Cordus AR Serrate Denarius 70 BC<\/title>\n<meta name=\"description\" content=\"Denarius of the Roman Republic issued by Q. Fufius Kalenus and Mucius Cordus in 70 BC. Joined busts of Honos and Virtus in helmet\" \/>\n<meta name=\"robots\" content=\"index, follow, max-snippet:-1, max-image-preview:large, max-video-preview:-1\" \/>\n<link rel=\"canonical\" href=\"https:\/\/www.numismeo.com\/en\/boutique\/antiques\/republique-romaine-antiques\/fufia-denier-serratus-70-avant-jc\/\" \/>\n<meta property=\"og:locale\" content=\"en_US\" \/>\n<meta property=\"og:type\" content=\"article\" \/>\n<meta property=\"og:title\" content=\"Q. Fufius Kalenus and Mucius Cordus AR Serrate Denarius 70 BC\" \/>\n<meta property=\"og:description\" content=\"Denarius of the Roman Republic issued by Q. Fufius Kalenus and Mucius Cordus in 70 BC. Joined busts of Honos and Virtus in helmet\" \/>\n<meta property=\"og:url\" content=\"https:\/\/www.numismeo.com\/en\/boutique\/antiques\/republique-romaine-antiques\/fufia-denier-serratus-70-avant-jc\/\" \/>\n<meta property=\"og:site_name\" content=\"Numismeo\" \/>\n<meta property=\"article:publisher\" content=\"https:\/\/www.facebook.com\/numismeo\" \/>\n<meta property=\"article:modified_time\" content=\"2025-12-31T09:00:44+00:00\" \/>\n<meta property=\"og:image\" content=\"https:\/\/www.numismeo.com\/wp-content\/uploads\/2025\/12\/RR-FufiaDenier70BC-1.webp\" \/>\n\t<meta property=\"og:image:width\" content=\"1665\" \/>\n\t<meta property=\"og:image:height\" content=\"1665\" \/>\n\t<meta property=\"og:image:type\" content=\"image\/webp\" \/>\n<meta name=\"twitter:card\" content=\"summary_large_image\" \/>\n<meta name=\"twitter:label1\" content=\"Est. reading time\" \/>\n\t<meta name=\"twitter:data1\" content=\"1 minute\" \/>\n<script type=\"application\/ld+json\" class=\"yoast-schema-graph\">{\"@context\":\"https:\\\/\\\/schema.org\",\"@graph\":[{\"@type\":\"WebPage\",\"@id\":\"https:\\\/\\\/www.numismeo.com\\\/en\\\/boutique\\\/antiques\\\/republique-romaine-antiques\\\/fufia-denier-serratus-70-avant-jc\\\/\",\"url\":\"https:\\\/\\\/www.numismeo.com\\\/en\\\/boutique\\\/antiques\\\/republique-romaine-antiques\\\/fufia-denier-serratus-70-avant-jc\\\/\",\"name\":\"Fufia denier serratus 70 avant JC - Numismeo\",\"isPartOf\":{\"@id\":\"https:\\\/\\\/www.numismeo.com\\\/#website\"},\"primaryImageOfPage\":{\"@id\":\"https:\\\/\\\/www.numismeo.com\\\/boutique\\\/antiques\\\/republique-romaine-antiques\\\/fufia-denier-serratus-70-avant-jc\\\/#primaryimage\"},\"image\":{\"@id\":\"https:\\\/\\\/www.numismeo.com\\\/boutique\\\/antiques\\\/republique-romaine-antiques\\\/fufia-denier-serratus-70-avant-jc\\\/#primaryimage\"},\"thumbnailUrl\":\"https:\\\/\\\/www.numismeo.com\\\/wp-content\\\/uploads\\\/2025\\\/12\\\/RR-FufiaDenier70BC-1.webp\",\"datePublished\":\"2025-12-19T08:40:56+00:00\",\"dateModified\":\"2025-12-31T09:00:44+00:00\",\"description\":\"Denier de la r\u00e9publique romaine \u00e9mise par les mon\u00e9taires Q. Fufius Kalenus and Mucius Cordus en 70 avant JC. Bustes accol\u00e9s d'Honos et de Virtus casqu\u00e9\",\"breadcrumb\":{\"@id\":\"https:\\\/\\\/www.numismeo.com\\\/boutique\\\/antiques\\\/republique-romaine-antiques\\\/fufia-denier-serratus-70-avant-jc\\\/#breadcrumb\"},\"inLanguage\":\"en-US\",\"potentialAction\":[{\"@type\":\"ReadAction\",\"target\":[\"https:\\\/\\\/www.numismeo.com\\\/boutique\\\/antiques\\\/republique-romaine-antiques\\\/fufia-denier-serratus-70-avant-jc\\\/\"]}]},{\"@type\":\"ImageObject\",\"inLanguage\":\"en-US\",\"@id\":\"https:\\\/\\\/www.numismeo.com\\\/boutique\\\/antiques\\\/republique-romaine-antiques\\\/fufia-denier-serratus-70-avant-jc\\\/#primaryimage\",\"url\":\"https:\\\/\\\/www.numismeo.com\\\/wp-content\\\/uploads\\\/2025\\\/12\\\/RR-FufiaDenier70BC-1.webp\",\"contentUrl\":\"https:\\\/\\\/www.numismeo.com\\\/wp-content\\\/uploads\\\/2025\\\/12\\\/RR-FufiaDenier70BC-1.webp\",\"width\":1665,\"height\":1665},{\"@type\":\"BreadcrumbList\",\"@id\":\"https:\\\/\\\/www.numismeo.com\\\/boutique\\\/antiques\\\/republique-romaine-antiques\\\/fufia-denier-serratus-70-avant-jc\\\/#breadcrumb\",\"itemListElement\":[{\"@type\":\"ListItem\",\"position\":1,\"name\":\"Accueil\",\"item\":\"https:\\\/\\\/www.numismeo.com\\\/\"},{\"@type\":\"ListItem\",\"position\":2,\"name\":\"BoutiqueTechnique\",\"item\":\"https:\\\/\\\/www.numismeo.com\\\/boutiquetechnique\\\/\"},{\"@type\":\"ListItem\",\"position\":3,\"name\":\"Fufia denier serratus 70 avant JC\"}]},{\"@type\":\"WebSite\",\"@id\":\"https:\\\/\\\/www.numismeo.com\\\/#website\",\"url\":\"https:\\\/\\\/www.numismeo.com\\\/\",\"name\":\"Numismeo\",\"description\":\"MAISON CREUSY fond\u00e9 en 1974\",\"publisher\":{\"@id\":\"https:\\\/\\\/www.numismeo.com\\\/#organization\"},\"alternateName\":\"Maison Creusy\",\"potentialAction\":[{\"@type\":\"SearchAction\",\"target\":{\"@type\":\"EntryPoint\",\"urlTemplate\":\"https:\\\/\\\/www.numismeo.com\\\/?s={search_term_string}\"},\"query-input\":{\"@type\":\"PropertyValueSpecification\",\"valueRequired\":true,\"valueName\":\"search_term_string\"}}],\"inLanguage\":\"en-US\"},{\"@type\":\"Organization\",\"@id\":\"https:\\\/\\\/www.numismeo.com\\\/#organization\",\"name\":\"Maison Creusy\",\"alternateName\":\"Maison Creusy\",\"url\":\"https:\\\/\\\/www.numismeo.com\\\/\",\"logo\":{\"@type\":\"ImageObject\",\"inLanguage\":\"en-US\",\"@id\":\"https:\\\/\\\/www.numismeo.com\\\/#\\\/schema\\\/logo\\\/image\\\/\",\"url\":\"https:\\\/\\\/www.numismeo.com\\\/wp-content\\\/uploads\\\/2022\\\/09\\\/LogoPetit.jpg\",\"contentUrl\":\"https:\\\/\\\/www.numismeo.com\\\/wp-content\\\/uploads\\\/2022\\\/09\\\/LogoPetit.jpg\",\"width\":164,\"height\":164,\"caption\":\"Maison Creusy\"},\"image\":{\"@id\":\"https:\\\/\\\/www.numismeo.com\\\/#\\\/schema\\\/logo\\\/image\\\/\"},\"sameAs\":[\"https:\\\/\\\/www.facebook.com\\\/numismeo\"]}]}<\/script>\n<!-- \/ Yoast SEO plugin. -->","yoast_head_json":{"title":"Q. Fufius Kalenus and Mucius Cordus AR Serrate Denarius 70 BC","description":"Denarius of the Roman Republic issued by Q. Fufius Kalenus and Mucius Cordus in 70 BC. Joined busts of Honos and Virtus in helmet","robots":{"index":"index","follow":"follow","max-snippet":"max-snippet:-1","max-image-preview":"max-image-preview:large","max-video-preview":"max-video-preview:-1"},"canonical":"https:\/\/www.numismeo.com\/en\/boutique\/antiques\/republique-romaine-antiques\/fufia-denier-serratus-70-avant-jc\/","og_locale":"en_US","og_type":"article","og_title":"Q. Fufius Kalenus and Mucius Cordus AR Serrate Denarius 70 BC","og_description":"Denarius of the Roman Republic issued by Q. Fufius Kalenus and Mucius Cordus in 70 BC. Joined busts of Honos and Virtus in helmet","og_url":"https:\/\/www.numismeo.com\/en\/boutique\/antiques\/republique-romaine-antiques\/fufia-denier-serratus-70-avant-jc\/","og_site_name":"Numismeo","article_publisher":"https:\/\/www.facebook.com\/numismeo","article_modified_time":"2025-12-31T09:00:44+00:00","og_image":[{"width":1665,"height":1665,"url":"https:\/\/www.numismeo.com\/wp-content\/uploads\/2025\/12\/RR-FufiaDenier70BC-1.webp","type":"image\/webp"}],"twitter_card":"summary_large_image","twitter_misc":{"Est. reading time":"1 minute"},"schema":{"@context":"https:\/\/schema.org","@graph":[{"@type":"WebPage","@id":"https:\/\/www.numismeo.com\/en\/boutique\/antiques\/republique-romaine-antiques\/fufia-denier-serratus-70-avant-jc\/","url":"https:\/\/www.numismeo.com\/en\/boutique\/antiques\/republique-romaine-antiques\/fufia-denier-serratus-70-avant-jc\/","name":"Fufia denier serratus 70 avant JC - Numismeo","isPartOf":{"@id":"https:\/\/www.numismeo.com\/#website"},"primaryImageOfPage":{"@id":"https:\/\/www.numismeo.com\/boutique\/antiques\/republique-romaine-antiques\/fufia-denier-serratus-70-avant-jc\/#primaryimage"},"image":{"@id":"https:\/\/www.numismeo.com\/boutique\/antiques\/republique-romaine-antiques\/fufia-denier-serratus-70-avant-jc\/#primaryimage"},"thumbnailUrl":"https:\/\/www.numismeo.com\/wp-content\/uploads\/2025\/12\/RR-FufiaDenier70BC-1.webp","datePublished":"2025-12-19T08:40:56+00:00","dateModified":"2025-12-31T09:00:44+00:00","description":"Denier de la r\u00e9publique romaine \u00e9mise par les mon\u00e9taires Q. Fufius Kalenus and Mucius Cordus en 70 avant JC. Bustes accol\u00e9s d'Honos et de Virtus casqu\u00e9","breadcrumb":{"@id":"https:\/\/www.numismeo.com\/boutique\/antiques\/republique-romaine-antiques\/fufia-denier-serratus-70-avant-jc\/#breadcrumb"},"inLanguage":"en-US","potentialAction":[{"@type":"ReadAction","target":["https:\/\/www.numismeo.com\/boutique\/antiques\/republique-romaine-antiques\/fufia-denier-serratus-70-avant-jc\/"]}]},{"@type":"ImageObject","inLanguage":"en-US","@id":"https:\/\/www.numismeo.com\/boutique\/antiques\/republique-romaine-antiques\/fufia-denier-serratus-70-avant-jc\/#primaryimage","url":"https:\/\/www.numismeo.com\/wp-content\/uploads\/2025\/12\/RR-FufiaDenier70BC-1.webp","contentUrl":"https:\/\/www.numismeo.com\/wp-content\/uploads\/2025\/12\/RR-FufiaDenier70BC-1.webp","width":1665,"height":1665},{"@type":"BreadcrumbList","@id":"https:\/\/www.numismeo.com\/boutique\/antiques\/republique-romaine-antiques\/fufia-denier-serratus-70-avant-jc\/#breadcrumb","itemListElement":[{"@type":"ListItem","position":1,"name":"Accueil","item":"https:\/\/www.numismeo.com\/"},{"@type":"ListItem","position":2,"name":"BoutiqueTechnique","item":"https:\/\/www.numismeo.com\/boutiquetechnique\/"},{"@type":"ListItem","position":3,"name":"Fufia denier serratus 70 avant JC"}]},{"@type":"WebSite","@id":"https:\/\/www.numismeo.com\/#website","url":"https:\/\/www.numismeo.com\/","name":"Numismeo","description":"MAISON CREUSY fond\u00e9 en 1974","publisher":{"@id":"https:\/\/www.numismeo.com\/#organization"},"alternateName":"Maison Creusy","potentialAction":[{"@type":"SearchAction","target":{"@type":"EntryPoint","urlTemplate":"https:\/\/www.numismeo.com\/?s={search_term_string}"},"query-input":{"@type":"PropertyValueSpecification","valueRequired":true,"valueName":"search_term_string"}}],"inLanguage":"en-US"},{"@type":"Organization","@id":"https:\/\/www.numismeo.com\/#organization","name":"Maison Creusy","alternateName":"Maison Creusy","url":"https:\/\/www.numismeo.com\/","logo":{"@type":"ImageObject","inLanguage":"en-US","@id":"https:\/\/www.numismeo.com\/#\/schema\/logo\/image\/","url":"https:\/\/www.numismeo.com\/wp-content\/uploads\/2022\/09\/LogoPetit.jpg","contentUrl":"https:\/\/www.numismeo.com\/wp-content\/uploads\/2022\/09\/LogoPetit.jpg","width":164,"height":164,"caption":"Maison Creusy"},"image":{"@id":"https:\/\/www.numismeo.com\/#\/schema\/logo\/image\/"},"sameAs":["https:\/\/www.facebook.com\/numismeo"]}]}},"_links":{"self":[{"href":"https:\/\/www.numismeo.com\/wp-json\/wp\/v2\/product\/52216","targetHints":{"allow":["GET"]}}],"collection":[{"href":"https:\/\/www.numismeo.com\/wp-json\/wp\/v2\/product"}],"about":[{"href":"https:\/\/www.numismeo.com\/wp-json\/wp\/v2\/types\/product"}],"wp:featuredmedia":[{"embeddable":true,"href":"https:\/\/www.numismeo.com\/wp-json\/wp\/v2\/media\/52217"}],"wp:attachment":[{"href":"https:\/\/www.numismeo.com\/wp-json\/wp\/v2\/media?parent=52216"}],"wp:term":[{"taxonomy":"product_brand","embeddable":true,"href":"https:\/\/www.numismeo.com\/wp-json\/wp\/v2\/product_brand?post=52216"},{"taxonomy":"product_cat","embeddable":true,"href":"https:\/\/www.numismeo.com\/wp-json\/wp\/v2\/product_cat?post=52216"},{"taxonomy":"product_tag","embeddable":true,"href":"https:\/\/www.numismeo.com\/wp-json\/wp\/v2\/product_tag?post=52216"}],"curies":[{"name":"wp","href":"https:\/\/api.w.org\/{rel}","templated":true}]}}