{"id":52244,"date":"2025-12-19T13:49:00","date_gmt":"2025-12-19T12:49:00","guid":{"rendered":"https:\/\/www.numismeo.com\/?post_type=product&#038;p=52244"},"modified":"2025-12-31T10:00:44","modified_gmt":"2025-12-31T09:00:44","slug":"publius-sulpicius-galba-denier-69-avant","status":"publish","type":"product","link":"https:\/\/www.numismeo.com\/en\/boutique\/antiques\/republique-romaine-antiques\/publius-sulpicius-galba-denier-69-avant\/","title":{"rendered":"Publius Sulpicius Galba AR denarius 69 BC"},"content":{"rendered":"<p class=\"p1\">Denarius of the Roman Republic struck by <strong>Publius Sulpicius Galba<\/strong> of the Sulpicia gens in 69 BC. On the obverse, the veiled head of Vesta; on the reverse, a secespita, simpulum, and securis.<\/p>\r\n<p class=\"p1\">Publius Sulpicius Galba was an ancestor of the future Emperor Galba.<\/p>\r\n\r\n<ul>\r\n \t<li class=\"p1\"><strong>The secespita<\/strong> is a long sacrificial knife used by Roman priests to slaughter animals during religious sacrifices, symbolizing the sacred act and the proper observance of ritual.<\/li>\r\n \t<li class=\"p1\"><strong>The simpulum<\/strong> is a small ladle used to pour wine or other libations during religious ceremonies, representing piety and the correct performance of rites.<\/li>\r\n \t<li class=\"p1\"><strong>The securis<\/strong> is a ritual axe associated with religious and judicial authority, particularly that of Roman magistrates, symbolizing power and the enforcement of law.<\/li>\r\n<\/ul>","protected":false},"excerpt":{"rendered":"<p>Denarius of the Roman Republic struck by Publius Sulpicius Galba of the Sulpicia gens in 69 BC. On the obverse, [&hellip;]<\/p>\n","protected":false},"featured_media":52237,"template":"","meta":{"_acf_changed":false,"site-sidebar-layout":"default","site-content-layout":"","ast-site-content-layout":"default","site-content-style":"default","site-sidebar-style":"default","ast-global-header-display":"","ast-banner-title-visibility":"","ast-main-header-display":"","ast-hfb-above-header-display":"","ast-hfb-below-header-display":"","ast-hfb-mobile-header-display":"","site-post-title":"","ast-breadcrumbs-content":"","ast-featured-img":"","footer-sml-layout":"","ast-disable-related-posts":"","theme-transparent-header-meta":"","adv-header-id-meta":"","stick-header-meta":"","header-above-stick-meta":"","header-main-stick-meta":"","header-below-stick-meta":"","astra-migrate-meta-layouts":"default","ast-page-background-enabled":"default","ast-page-background-meta":{"desktop":{"background-color":"var(--ast-global-color-5)","background-image":"","background-repeat":"repeat","background-position":"center center","background-size":"auto","background-attachment":"scroll","background-type":"","background-media":"","overlay-type":"","overlay-color":"","overlay-opacity":"","overlay-gradient":""},"tablet":{"background-color":"","background-image":"","background-repeat":"repeat","background-position":"center center","background-size":"auto","background-attachment":"scroll","background-type":"","background-media":"","overlay-type":"","overlay-color":"","overlay-opacity":"","overlay-gradient":""},"mobile":{"background-color":"","background-image":"","background-repeat":"repeat","background-position":"center center","background-size":"auto","background-attachment":"scroll","background-type":"","background-media":"","overlay-type":"","overlay-color":"","overlay-opacity":"","overlay-gradient":""}},"ast-content-background-meta":{"desktop":{"background-color":"var(--ast-global-color-4)","background-image":"","background-repeat":"repeat","background-position":"center center","background-size":"auto","background-attachment":"scroll","background-type":"","background-media":"","overlay-type":"","overlay-color":"","overlay-opacity":"","overlay-gradient":""},"tablet":{"background-color":"var(--ast-global-color-4)","background-image":"","background-repeat":"repeat","background-position":"center center","background-size":"auto","background-attachment":"scroll","background-type":"","background-media":"","overlay-type":"","overlay-color":"","overlay-opacity":"","overlay-gradient":""},"mobile":{"background-color":"var(--ast-global-color-4)","background-image":"","background-repeat":"repeat","background-position":"center center","background-size":"auto","background-attachment":"scroll","background-type":"","background-media":"","overlay-type":"","overlay-color":"","overlay-opacity":"","overlay-gradient":""}}},"product_brand":[],"product_cat":[91,179],"product_tag":[],"class_list":{"0":"post-52244","1":"product","2":"type-product","3":"status-publish","4":"has-post-thumbnail","6":"product_cat-antiques","7":"product_cat-republique-romaine-antiques","8":"pa_anneefrappe1-19-_69","9":"pa_atelier-ee-rome","10":"pa_metal-b5-argent","11":"pa_qualite-13-tb_","12":"desktop-align-left","13":"tablet-align-left","14":"mobile-align-left","16":"first","17":"outofstock","18":"sold-individually","19":"shipping-taxable","20":"purchasable","21":"product-type-simple"},"acf":[],"yoast_head":"<!-- This site is optimized with the Yoast SEO plugin v27.4 - https:\/\/yoast.com\/product\/yoast-seo-wordpress\/ -->\n<title>Publius Sulpicius Galba AR denarius 69 BC<\/title>\n<meta name=\"description\" content=\"Denarius of the Roman Republic minted by Publius Sulpicius Galba of the Sulpicia family, minted in 69 BC. Veiled head of Vesta\" \/>\n<meta name=\"robots\" content=\"index, follow, max-snippet:-1, max-image-preview:large, max-video-preview:-1\" \/>\n<link rel=\"canonical\" href=\"https:\/\/www.numismeo.com\/en\/boutique\/antiques\/republique-romaine-antiques\/publius-sulpicius-galba-denier-69-avant\/\" \/>\n<meta property=\"og:locale\" content=\"en_US\" \/>\n<meta property=\"og:type\" content=\"article\" \/>\n<meta property=\"og:title\" content=\"Publius Sulpicius Galba AR denarius 69 BC\" \/>\n<meta property=\"og:description\" content=\"Denarius of the Roman Republic minted by Publius Sulpicius Galba of the Sulpicia family, minted in 69 BC. Veiled head of Vesta\" \/>\n<meta property=\"og:url\" content=\"https:\/\/www.numismeo.com\/en\/boutique\/antiques\/republique-romaine-antiques\/publius-sulpicius-galba-denier-69-avant\/\" \/>\n<meta property=\"og:site_name\" content=\"Numismeo\" \/>\n<meta property=\"article:publisher\" content=\"https:\/\/www.facebook.com\/numismeo\" \/>\n<meta property=\"article:modified_time\" content=\"2025-12-31T09:00:44+00:00\" \/>\n<meta property=\"og:image\" content=\"https:\/\/www.numismeo.com\/wp-content\/uploads\/2025\/12\/RR-SulpiciaDenier-RSC7-1.webp\" \/>\n\t<meta property=\"og:image:width\" content=\"1465\" \/>\n\t<meta property=\"og:image:height\" content=\"1465\" \/>\n\t<meta property=\"og:image:type\" content=\"image\/webp\" \/>\n<meta name=\"twitter:card\" content=\"summary_large_image\" \/>\n<meta name=\"twitter:label1\" content=\"Est. reading time\" \/>\n\t<meta name=\"twitter:data1\" content=\"1 minute\" \/>\n<script type=\"application\/ld+json\" class=\"yoast-schema-graph\">{\"@context\":\"https:\\\/\\\/schema.org\",\"@graph\":[{\"@type\":\"WebPage\",\"@id\":\"https:\\\/\\\/www.numismeo.com\\\/en\\\/boutique\\\/antiques\\\/republique-romaine-antiques\\\/publius-sulpicius-galba-denier-69-avant\\\/\",\"url\":\"https:\\\/\\\/www.numismeo.com\\\/en\\\/boutique\\\/antiques\\\/republique-romaine-antiques\\\/publius-sulpicius-galba-denier-69-avant\\\/\",\"name\":\"Publius Sulpicius Galba denier 69 avant JC - Numismeo\",\"isPartOf\":{\"@id\":\"https:\\\/\\\/www.numismeo.com\\\/#website\"},\"primaryImageOfPage\":{\"@id\":\"https:\\\/\\\/www.numismeo.com\\\/boutique\\\/antiques\\\/republique-romaine-antiques\\\/publius-sulpicius-galba-denier-69-avant\\\/#primaryimage\"},\"image\":{\"@id\":\"https:\\\/\\\/www.numismeo.com\\\/boutique\\\/antiques\\\/republique-romaine-antiques\\\/publius-sulpicius-galba-denier-69-avant\\\/#primaryimage\"},\"thumbnailUrl\":\"https:\\\/\\\/www.numismeo.com\\\/wp-content\\\/uploads\\\/2025\\\/12\\\/RR-SulpiciaDenier-RSC7-1.webp\",\"datePublished\":\"2025-12-19T12:49:00+00:00\",\"dateModified\":\"2025-12-31T09:00:44+00:00\",\"description\":\"Denier de la r\u00e9publique romaine frapp\u00e9 par Publius Sulpicius Galba de la famille Sulpicia, monnaie frapp\u00e9 en 69 avant JC. T\u00eate voil\u00e9e de Vesta\",\"breadcrumb\":{\"@id\":\"https:\\\/\\\/www.numismeo.com\\\/boutique\\\/antiques\\\/republique-romaine-antiques\\\/publius-sulpicius-galba-denier-69-avant\\\/#breadcrumb\"},\"inLanguage\":\"en-US\",\"potentialAction\":[{\"@type\":\"ReadAction\",\"target\":[\"https:\\\/\\\/www.numismeo.com\\\/boutique\\\/antiques\\\/republique-romaine-antiques\\\/publius-sulpicius-galba-denier-69-avant\\\/\"]}]},{\"@type\":\"ImageObject\",\"inLanguage\":\"en-US\",\"@id\":\"https:\\\/\\\/www.numismeo.com\\\/boutique\\\/antiques\\\/republique-romaine-antiques\\\/publius-sulpicius-galba-denier-69-avant\\\/#primaryimage\",\"url\":\"https:\\\/\\\/www.numismeo.com\\\/wp-content\\\/uploads\\\/2025\\\/12\\\/RR-SulpiciaDenier-RSC7-1.webp\",\"contentUrl\":\"https:\\\/\\\/www.numismeo.com\\\/wp-content\\\/uploads\\\/2025\\\/12\\\/RR-SulpiciaDenier-RSC7-1.webp\",\"width\":1465,\"height\":1465},{\"@type\":\"BreadcrumbList\",\"@id\":\"https:\\\/\\\/www.numismeo.com\\\/boutique\\\/antiques\\\/republique-romaine-antiques\\\/publius-sulpicius-galba-denier-69-avant\\\/#breadcrumb\",\"itemListElement\":[{\"@type\":\"ListItem\",\"position\":1,\"name\":\"Accueil\",\"item\":\"https:\\\/\\\/www.numismeo.com\\\/\"},{\"@type\":\"ListItem\",\"position\":2,\"name\":\"BoutiqueTechnique\",\"item\":\"https:\\\/\\\/www.numismeo.com\\\/boutiquetechnique\\\/\"},{\"@type\":\"ListItem\",\"position\":3,\"name\":\"Publius Sulpicius Galba denier 69 avant JC\"}]},{\"@type\":\"WebSite\",\"@id\":\"https:\\\/\\\/www.numismeo.com\\\/#website\",\"url\":\"https:\\\/\\\/www.numismeo.com\\\/\",\"name\":\"Numismeo\",\"description\":\"MAISON CREUSY fond\u00e9 en 1974\",\"publisher\":{\"@id\":\"https:\\\/\\\/www.numismeo.com\\\/#organization\"},\"alternateName\":\"Maison Creusy\",\"potentialAction\":[{\"@type\":\"SearchAction\",\"target\":{\"@type\":\"EntryPoint\",\"urlTemplate\":\"https:\\\/\\\/www.numismeo.com\\\/?s={search_term_string}\"},\"query-input\":{\"@type\":\"PropertyValueSpecification\",\"valueRequired\":true,\"valueName\":\"search_term_string\"}}],\"inLanguage\":\"en-US\"},{\"@type\":\"Organization\",\"@id\":\"https:\\\/\\\/www.numismeo.com\\\/#organization\",\"name\":\"Maison Creusy\",\"alternateName\":\"Maison Creusy\",\"url\":\"https:\\\/\\\/www.numismeo.com\\\/\",\"logo\":{\"@type\":\"ImageObject\",\"inLanguage\":\"en-US\",\"@id\":\"https:\\\/\\\/www.numismeo.com\\\/#\\\/schema\\\/logo\\\/image\\\/\",\"url\":\"https:\\\/\\\/www.numismeo.com\\\/wp-content\\\/uploads\\\/2022\\\/09\\\/LogoPetit.jpg\",\"contentUrl\":\"https:\\\/\\\/www.numismeo.com\\\/wp-content\\\/uploads\\\/2022\\\/09\\\/LogoPetit.jpg\",\"width\":164,\"height\":164,\"caption\":\"Maison Creusy\"},\"image\":{\"@id\":\"https:\\\/\\\/www.numismeo.com\\\/#\\\/schema\\\/logo\\\/image\\\/\"},\"sameAs\":[\"https:\\\/\\\/www.facebook.com\\\/numismeo\"]}]}<\/script>\n<!-- \/ Yoast SEO plugin. -->","yoast_head_json":{"title":"Publius Sulpicius Galba AR denarius 69 BC","description":"Denarius of the Roman Republic minted by Publius Sulpicius Galba of the Sulpicia family, minted in 69 BC. Veiled head of Vesta","robots":{"index":"index","follow":"follow","max-snippet":"max-snippet:-1","max-image-preview":"max-image-preview:large","max-video-preview":"max-video-preview:-1"},"canonical":"https:\/\/www.numismeo.com\/en\/boutique\/antiques\/republique-romaine-antiques\/publius-sulpicius-galba-denier-69-avant\/","og_locale":"en_US","og_type":"article","og_title":"Publius Sulpicius Galba AR denarius 69 BC","og_description":"Denarius of the Roman Republic minted by Publius Sulpicius Galba of the Sulpicia family, minted in 69 BC. Veiled head of Vesta","og_url":"https:\/\/www.numismeo.com\/en\/boutique\/antiques\/republique-romaine-antiques\/publius-sulpicius-galba-denier-69-avant\/","og_site_name":"Numismeo","article_publisher":"https:\/\/www.facebook.com\/numismeo","article_modified_time":"2025-12-31T09:00:44+00:00","og_image":[{"width":1465,"height":1465,"url":"https:\/\/www.numismeo.com\/wp-content\/uploads\/2025\/12\/RR-SulpiciaDenier-RSC7-1.webp","type":"image\/webp"}],"twitter_card":"summary_large_image","twitter_misc":{"Est. reading time":"1 minute"},"schema":{"@context":"https:\/\/schema.org","@graph":[{"@type":"WebPage","@id":"https:\/\/www.numismeo.com\/en\/boutique\/antiques\/republique-romaine-antiques\/publius-sulpicius-galba-denier-69-avant\/","url":"https:\/\/www.numismeo.com\/en\/boutique\/antiques\/republique-romaine-antiques\/publius-sulpicius-galba-denier-69-avant\/","name":"Publius Sulpicius Galba denier 69 avant JC - Numismeo","isPartOf":{"@id":"https:\/\/www.numismeo.com\/#website"},"primaryImageOfPage":{"@id":"https:\/\/www.numismeo.com\/boutique\/antiques\/republique-romaine-antiques\/publius-sulpicius-galba-denier-69-avant\/#primaryimage"},"image":{"@id":"https:\/\/www.numismeo.com\/boutique\/antiques\/republique-romaine-antiques\/publius-sulpicius-galba-denier-69-avant\/#primaryimage"},"thumbnailUrl":"https:\/\/www.numismeo.com\/wp-content\/uploads\/2025\/12\/RR-SulpiciaDenier-RSC7-1.webp","datePublished":"2025-12-19T12:49:00+00:00","dateModified":"2025-12-31T09:00:44+00:00","description":"Denier de la r\u00e9publique romaine frapp\u00e9 par Publius Sulpicius Galba de la famille Sulpicia, monnaie frapp\u00e9 en 69 avant JC. T\u00eate voil\u00e9e de Vesta","breadcrumb":{"@id":"https:\/\/www.numismeo.com\/boutique\/antiques\/republique-romaine-antiques\/publius-sulpicius-galba-denier-69-avant\/#breadcrumb"},"inLanguage":"en-US","potentialAction":[{"@type":"ReadAction","target":["https:\/\/www.numismeo.com\/boutique\/antiques\/republique-romaine-antiques\/publius-sulpicius-galba-denier-69-avant\/"]}]},{"@type":"ImageObject","inLanguage":"en-US","@id":"https:\/\/www.numismeo.com\/boutique\/antiques\/republique-romaine-antiques\/publius-sulpicius-galba-denier-69-avant\/#primaryimage","url":"https:\/\/www.numismeo.com\/wp-content\/uploads\/2025\/12\/RR-SulpiciaDenier-RSC7-1.webp","contentUrl":"https:\/\/www.numismeo.com\/wp-content\/uploads\/2025\/12\/RR-SulpiciaDenier-RSC7-1.webp","width":1465,"height":1465},{"@type":"BreadcrumbList","@id":"https:\/\/www.numismeo.com\/boutique\/antiques\/republique-romaine-antiques\/publius-sulpicius-galba-denier-69-avant\/#breadcrumb","itemListElement":[{"@type":"ListItem","position":1,"name":"Accueil","item":"https:\/\/www.numismeo.com\/"},{"@type":"ListItem","position":2,"name":"BoutiqueTechnique","item":"https:\/\/www.numismeo.com\/boutiquetechnique\/"},{"@type":"ListItem","position":3,"name":"Publius Sulpicius Galba denier 69 avant JC"}]},{"@type":"WebSite","@id":"https:\/\/www.numismeo.com\/#website","url":"https:\/\/www.numismeo.com\/","name":"Numismeo","description":"MAISON CREUSY fond\u00e9 en 1974","publisher":{"@id":"https:\/\/www.numismeo.com\/#organization"},"alternateName":"Maison Creusy","potentialAction":[{"@type":"SearchAction","target":{"@type":"EntryPoint","urlTemplate":"https:\/\/www.numismeo.com\/?s={search_term_string}"},"query-input":{"@type":"PropertyValueSpecification","valueRequired":true,"valueName":"search_term_string"}}],"inLanguage":"en-US"},{"@type":"Organization","@id":"https:\/\/www.numismeo.com\/#organization","name":"Maison Creusy","alternateName":"Maison Creusy","url":"https:\/\/www.numismeo.com\/","logo":{"@type":"ImageObject","inLanguage":"en-US","@id":"https:\/\/www.numismeo.com\/#\/schema\/logo\/image\/","url":"https:\/\/www.numismeo.com\/wp-content\/uploads\/2022\/09\/LogoPetit.jpg","contentUrl":"https:\/\/www.numismeo.com\/wp-content\/uploads\/2022\/09\/LogoPetit.jpg","width":164,"height":164,"caption":"Maison Creusy"},"image":{"@id":"https:\/\/www.numismeo.com\/#\/schema\/logo\/image\/"},"sameAs":["https:\/\/www.facebook.com\/numismeo"]}]}},"_links":{"self":[{"href":"https:\/\/www.numismeo.com\/wp-json\/wp\/v2\/product\/52244","targetHints":{"allow":["GET"]}}],"collection":[{"href":"https:\/\/www.numismeo.com\/wp-json\/wp\/v2\/product"}],"about":[{"href":"https:\/\/www.numismeo.com\/wp-json\/wp\/v2\/types\/product"}],"wp:featuredmedia":[{"embeddable":true,"href":"https:\/\/www.numismeo.com\/wp-json\/wp\/v2\/media\/52237"}],"wp:attachment":[{"href":"https:\/\/www.numismeo.com\/wp-json\/wp\/v2\/media?parent=52244"}],"wp:term":[{"taxonomy":"product_brand","embeddable":true,"href":"https:\/\/www.numismeo.com\/wp-json\/wp\/v2\/product_brand?post=52244"},{"taxonomy":"product_cat","embeddable":true,"href":"https:\/\/www.numismeo.com\/wp-json\/wp\/v2\/product_cat?post=52244"},{"taxonomy":"product_tag","embeddable":true,"href":"https:\/\/www.numismeo.com\/wp-json\/wp\/v2\/product_tag?post=52244"}],"curies":[{"name":"wp","href":"https:\/\/api.w.org\/{rel}","templated":true}]}}