{"id":52549,"date":"2026-01-15T14:17:08","date_gmt":"2026-01-15T13:17:08","guid":{"rendered":"https:\/\/www.numismeo.com\/?post_type=product&#038;p=52549"},"modified":"2026-01-15T14:17:17","modified_gmt":"2026-01-15T13:17:17","slug":"macedoine-alexandre-iii-drachme-sardes","status":"publish","type":"product","link":"https:\/\/www.numismeo.com\/en\/boutique\/antiques\/grecques\/macedoine-alexandre-iii-drachme-sardes\/","title":{"rendered":"Kingdom of Macedon Alexander III drachm Sardis"},"content":{"rendered":"<p class=\"p1\"><i>Drachm of Alexander the Great. Coin struck at Sardes circa 324\u2013323 BC under Menander. Head of Heracles facing right on the obverse, and seated Zeus on the reverse, with monogram EY to the left and the legend \u0391\u039b\u0395\u039e\u0391\u039d\u0394\u03a1\u039f\u03a5 behind the throne.<\/i><i><\/i><\/p>\r\n<p class=\"p1\"><i><a href=\"https:\/\/en.wikipedia.org\/wiki\/Sardis\" target=\"_blank\" rel=\"noopener\">Sardes<\/a> was a major ancient city of Asia Minor, capital of the kingdom of Lydia and famous for its legendary wealth. Located at the foot of Mount Tmolus, it was one of the earliest monetary centers, associated with the first issues in electrum. The city retained its importance under Persian, Hellenistic, and Roman rule.<\/i><\/p>","protected":false},"excerpt":{"rendered":"<p>Drachm of Alexander the Great. Coin struck at Sardes circa 324\u2013323 BC under Menander. Head of Heracles facing right on [&hellip;]<\/p>\n","protected":false},"featured_media":52550,"template":"","meta":{"_acf_changed":false,"site-sidebar-layout":"default","site-content-layout":"","ast-site-content-layout":"default","site-content-style":"default","site-sidebar-style":"default","ast-global-header-display":"","ast-banner-title-visibility":"","ast-main-header-display":"","ast-hfb-above-header-display":"","ast-hfb-below-header-display":"","ast-hfb-mobile-header-display":"","site-post-title":"","ast-breadcrumbs-content":"","ast-featured-img":"","footer-sml-layout":"","ast-disable-related-posts":"","theme-transparent-header-meta":"default","adv-header-id-meta":"","stick-header-meta":"","header-above-stick-meta":"","header-main-stick-meta":"","header-below-stick-meta":"","astra-migrate-meta-layouts":"set","ast-page-background-enabled":"default","ast-page-background-meta":{"desktop":{"background-color":"var(--ast-global-color-5)","background-image":"","background-repeat":"repeat","background-position":"center center","background-size":"auto","background-attachment":"scroll","background-type":"","background-media":"","overlay-type":"","overlay-color":"","overlay-opacity":"","overlay-gradient":""},"tablet":{"background-color":"","background-image":"","background-repeat":"repeat","background-position":"center center","background-size":"auto","background-attachment":"scroll","background-type":"","background-media":"","overlay-type":"","overlay-color":"","overlay-opacity":"","overlay-gradient":""},"mobile":{"background-color":"","background-image":"","background-repeat":"repeat","background-position":"center center","background-size":"auto","background-attachment":"scroll","background-type":"","background-media":"","overlay-type":"","overlay-color":"","overlay-opacity":"","overlay-gradient":""}},"ast-content-background-meta":{"desktop":{"background-color":"var(--ast-global-color-4)","background-image":"","background-repeat":"repeat","background-position":"center center","background-size":"auto","background-attachment":"scroll","background-type":"","background-media":"","overlay-type":"","overlay-color":"","overlay-opacity":"","overlay-gradient":""},"tablet":{"background-color":"var(--ast-global-color-4)","background-image":"","background-repeat":"repeat","background-position":"center center","background-size":"auto","background-attachment":"scroll","background-type":"","background-media":"","overlay-type":"","overlay-color":"","overlay-opacity":"","overlay-gradient":""},"mobile":{"background-color":"var(--ast-global-color-4)","background-image":"","background-repeat":"repeat","background-position":"center center","background-size":"auto","background-attachment":"scroll","background-type":"","background-media":"","overlay-type":"","overlay-color":"","overlay-opacity":"","overlay-gradient":""}}},"product_brand":[],"product_cat":[91,121],"product_tag":[],"class_list":{"0":"post-52549","1":"product","2":"type-product","3":"status-publish","4":"has-post-thumbnail","6":"product_cat-antiques","7":"product_cat-grecques","8":"pa_anneefrappe1-circa-324-323-avant-jc","9":"pa_atelier-sardes","10":"pa_metal-b5-argent","11":"pa_provenance-non","12":"pa_qualite-13-tb_","13":"pa_region-d0-macedoine","14":"personnage-alexandre-iii","15":"desktop-align-left","16":"tablet-align-left","17":"mobile-align-left","19":"first","20":"instock","21":"shipping-taxable","22":"purchasable","23":"product-type-simple"},"acf":[],"yoast_head":"<!-- This site is optimized with the Yoast SEO plugin v27.3 - https:\/\/yoast.com\/product\/yoast-seo-wordpress\/ -->\n<title>Kingdom of Macedon Alexander III drachm Sardis<\/title>\n<meta name=\"description\" content=\"Drachma of Alexander the Great. Coin minted in Sardis around 324-323 BC under Menander. Head of Heracles to the right on the obverse and Zeus seated on the...\" \/>\n<meta name=\"robots\" content=\"index, follow, max-snippet:-1, max-image-preview:large, max-video-preview:-1\" \/>\n<link rel=\"canonical\" href=\"https:\/\/www.numismeo.com\/en\/boutique\/antiques\/grecques\/macedoine-alexandre-iii-drachme-sardes\/\" \/>\n<meta property=\"og:locale\" content=\"en_US\" \/>\n<meta property=\"og:type\" content=\"article\" \/>\n<meta property=\"og:title\" content=\"Kingdom of Macedon Alexander III drachm Sardis\" \/>\n<meta property=\"og:description\" content=\"Drachma of Alexander the Great. Coin minted in Sardis around 324-323 BC under Menander. Head of Heracles to the right on the obverse and Zeus seated on the...\" \/>\n<meta property=\"og:url\" content=\"https:\/\/www.numismeo.com\/en\/boutique\/antiques\/grecques\/macedoine-alexandre-iii-drachme-sardes\/\" \/>\n<meta property=\"og:site_name\" content=\"Numismeo\" \/>\n<meta property=\"article:publisher\" content=\"https:\/\/www.facebook.com\/numismeo\" \/>\n<meta property=\"article:modified_time\" content=\"2026-01-15T13:17:17+00:00\" \/>\n<meta property=\"og:image\" content=\"https:\/\/www.numismeo.com\/wp-content\/uploads\/2026\/01\/Grec-MacedoineAlexandreDrachmSardes-1.webp\" \/>\n\t<meta property=\"og:image:width\" content=\"1581\" \/>\n\t<meta property=\"og:image:height\" content=\"1581\" \/>\n\t<meta property=\"og:image:type\" content=\"image\/webp\" \/>\n<meta name=\"twitter:card\" content=\"summary_large_image\" \/>\n<meta name=\"twitter:label1\" content=\"Est. reading time\" \/>\n\t<meta name=\"twitter:data1\" content=\"1 minute\" \/>\n<script type=\"application\/ld+json\" class=\"yoast-schema-graph\">{\"@context\":\"https:\\\/\\\/schema.org\",\"@graph\":[{\"@type\":\"WebPage\",\"@id\":\"https:\\\/\\\/www.numismeo.com\\\/en\\\/boutique\\\/antiques\\\/grecques\\\/macedoine-alexandre-iii-drachme-sardes\\\/\",\"url\":\"https:\\\/\\\/www.numismeo.com\\\/en\\\/boutique\\\/antiques\\\/grecques\\\/macedoine-alexandre-iii-drachme-sardes\\\/\",\"name\":\"Mac\u00e9doine Alexandre III drachme Sardes - Numismeo\",\"isPartOf\":{\"@id\":\"https:\\\/\\\/www.numismeo.com\\\/#website\"},\"primaryImageOfPage\":{\"@id\":\"https:\\\/\\\/www.numismeo.com\\\/boutique\\\/antiques\\\/grecques\\\/macedoine-alexandre-iii-drachme-sardes\\\/#primaryimage\"},\"image\":{\"@id\":\"https:\\\/\\\/www.numismeo.com\\\/boutique\\\/antiques\\\/grecques\\\/macedoine-alexandre-iii-drachme-sardes\\\/#primaryimage\"},\"thumbnailUrl\":\"https:\\\/\\\/www.numismeo.com\\\/wp-content\\\/uploads\\\/2026\\\/01\\\/Grec-MacedoineAlexandreDrachmSardes-1.webp\",\"datePublished\":\"2026-01-15T13:17:08+00:00\",\"dateModified\":\"2026-01-15T13:17:17+00:00\",\"description\":\"Drachme d'Alexandre le grand. Monnaie frapp\u00e9 \u00e0 Sardes vers 324-323 avant JC sous M\u00e9nandre. T\u00eate d'Heracles \u00e0 droite \u00e0 l'avers et Zeus assis au revers\",\"breadcrumb\":{\"@id\":\"https:\\\/\\\/www.numismeo.com\\\/boutique\\\/antiques\\\/grecques\\\/macedoine-alexandre-iii-drachme-sardes\\\/#breadcrumb\"},\"inLanguage\":\"en-US\",\"potentialAction\":[{\"@type\":\"ReadAction\",\"target\":[\"https:\\\/\\\/www.numismeo.com\\\/boutique\\\/antiques\\\/grecques\\\/macedoine-alexandre-iii-drachme-sardes\\\/\"]}]},{\"@type\":\"ImageObject\",\"inLanguage\":\"en-US\",\"@id\":\"https:\\\/\\\/www.numismeo.com\\\/boutique\\\/antiques\\\/grecques\\\/macedoine-alexandre-iii-drachme-sardes\\\/#primaryimage\",\"url\":\"https:\\\/\\\/www.numismeo.com\\\/wp-content\\\/uploads\\\/2026\\\/01\\\/Grec-MacedoineAlexandreDrachmSardes-1.webp\",\"contentUrl\":\"https:\\\/\\\/www.numismeo.com\\\/wp-content\\\/uploads\\\/2026\\\/01\\\/Grec-MacedoineAlexandreDrachmSardes-1.webp\",\"width\":1581,\"height\":1581},{\"@type\":\"BreadcrumbList\",\"@id\":\"https:\\\/\\\/www.numismeo.com\\\/boutique\\\/antiques\\\/grecques\\\/macedoine-alexandre-iii-drachme-sardes\\\/#breadcrumb\",\"itemListElement\":[{\"@type\":\"ListItem\",\"position\":1,\"name\":\"Accueil\",\"item\":\"https:\\\/\\\/www.numismeo.com\\\/\"},{\"@type\":\"ListItem\",\"position\":2,\"name\":\"BoutiqueTechnique\",\"item\":\"https:\\\/\\\/www.numismeo.com\\\/boutiquetechnique\\\/\"},{\"@type\":\"ListItem\",\"position\":3,\"name\":\"Mac\u00e9doine Alexandre III drachme Sardes\"}]},{\"@type\":\"WebSite\",\"@id\":\"https:\\\/\\\/www.numismeo.com\\\/#website\",\"url\":\"https:\\\/\\\/www.numismeo.com\\\/\",\"name\":\"Numismeo\",\"description\":\"MAISON CREUSY fond\u00e9 en 1974\",\"publisher\":{\"@id\":\"https:\\\/\\\/www.numismeo.com\\\/#organization\"},\"alternateName\":\"Maison Creusy\",\"potentialAction\":[{\"@type\":\"SearchAction\",\"target\":{\"@type\":\"EntryPoint\",\"urlTemplate\":\"https:\\\/\\\/www.numismeo.com\\\/?s={search_term_string}\"},\"query-input\":{\"@type\":\"PropertyValueSpecification\",\"valueRequired\":true,\"valueName\":\"search_term_string\"}}],\"inLanguage\":\"en-US\"},{\"@type\":\"Organization\",\"@id\":\"https:\\\/\\\/www.numismeo.com\\\/#organization\",\"name\":\"Maison Creusy\",\"alternateName\":\"Maison Creusy\",\"url\":\"https:\\\/\\\/www.numismeo.com\\\/\",\"logo\":{\"@type\":\"ImageObject\",\"inLanguage\":\"en-US\",\"@id\":\"https:\\\/\\\/www.numismeo.com\\\/#\\\/schema\\\/logo\\\/image\\\/\",\"url\":\"https:\\\/\\\/www.numismeo.com\\\/wp-content\\\/uploads\\\/2022\\\/09\\\/LogoPetit.jpg\",\"contentUrl\":\"https:\\\/\\\/www.numismeo.com\\\/wp-content\\\/uploads\\\/2022\\\/09\\\/LogoPetit.jpg\",\"width\":164,\"height\":164,\"caption\":\"Maison Creusy\"},\"image\":{\"@id\":\"https:\\\/\\\/www.numismeo.com\\\/#\\\/schema\\\/logo\\\/image\\\/\"},\"sameAs\":[\"https:\\\/\\\/www.facebook.com\\\/numismeo\"]}]}<\/script>\n<!-- \/ Yoast SEO plugin. -->","yoast_head_json":{"title":"Kingdom of Macedon Alexander III drachm Sardis","description":"Drachma of Alexander the Great. Coin minted in Sardis around 324-323 BC under Menander. Head of Heracles to the right on the obverse and Zeus seated on the...","robots":{"index":"index","follow":"follow","max-snippet":"max-snippet:-1","max-image-preview":"max-image-preview:large","max-video-preview":"max-video-preview:-1"},"canonical":"https:\/\/www.numismeo.com\/en\/boutique\/antiques\/grecques\/macedoine-alexandre-iii-drachme-sardes\/","og_locale":"en_US","og_type":"article","og_title":"Kingdom of Macedon Alexander III drachm Sardis","og_description":"Drachma of Alexander the Great. Coin minted in Sardis around 324-323 BC under Menander. Head of Heracles to the right on the obverse and Zeus seated on the...","og_url":"https:\/\/www.numismeo.com\/en\/boutique\/antiques\/grecques\/macedoine-alexandre-iii-drachme-sardes\/","og_site_name":"Numismeo","article_publisher":"https:\/\/www.facebook.com\/numismeo","article_modified_time":"2026-01-15T13:17:17+00:00","og_image":[{"width":1581,"height":1581,"url":"https:\/\/www.numismeo.com\/wp-content\/uploads\/2026\/01\/Grec-MacedoineAlexandreDrachmSardes-1.webp","type":"image\/webp"}],"twitter_card":"summary_large_image","twitter_misc":{"Est. reading time":"1 minute"},"schema":{"@context":"https:\/\/schema.org","@graph":[{"@type":"WebPage","@id":"https:\/\/www.numismeo.com\/en\/boutique\/antiques\/grecques\/macedoine-alexandre-iii-drachme-sardes\/","url":"https:\/\/www.numismeo.com\/en\/boutique\/antiques\/grecques\/macedoine-alexandre-iii-drachme-sardes\/","name":"Mac\u00e9doine Alexandre III drachme Sardes - Numismeo","isPartOf":{"@id":"https:\/\/www.numismeo.com\/#website"},"primaryImageOfPage":{"@id":"https:\/\/www.numismeo.com\/boutique\/antiques\/grecques\/macedoine-alexandre-iii-drachme-sardes\/#primaryimage"},"image":{"@id":"https:\/\/www.numismeo.com\/boutique\/antiques\/grecques\/macedoine-alexandre-iii-drachme-sardes\/#primaryimage"},"thumbnailUrl":"https:\/\/www.numismeo.com\/wp-content\/uploads\/2026\/01\/Grec-MacedoineAlexandreDrachmSardes-1.webp","datePublished":"2026-01-15T13:17:08+00:00","dateModified":"2026-01-15T13:17:17+00:00","description":"Drachme d'Alexandre le grand. Monnaie frapp\u00e9 \u00e0 Sardes vers 324-323 avant JC sous M\u00e9nandre. T\u00eate d'Heracles \u00e0 droite \u00e0 l'avers et Zeus assis au revers","breadcrumb":{"@id":"https:\/\/www.numismeo.com\/boutique\/antiques\/grecques\/macedoine-alexandre-iii-drachme-sardes\/#breadcrumb"},"inLanguage":"en-US","potentialAction":[{"@type":"ReadAction","target":["https:\/\/www.numismeo.com\/boutique\/antiques\/grecques\/macedoine-alexandre-iii-drachme-sardes\/"]}]},{"@type":"ImageObject","inLanguage":"en-US","@id":"https:\/\/www.numismeo.com\/boutique\/antiques\/grecques\/macedoine-alexandre-iii-drachme-sardes\/#primaryimage","url":"https:\/\/www.numismeo.com\/wp-content\/uploads\/2026\/01\/Grec-MacedoineAlexandreDrachmSardes-1.webp","contentUrl":"https:\/\/www.numismeo.com\/wp-content\/uploads\/2026\/01\/Grec-MacedoineAlexandreDrachmSardes-1.webp","width":1581,"height":1581},{"@type":"BreadcrumbList","@id":"https:\/\/www.numismeo.com\/boutique\/antiques\/grecques\/macedoine-alexandre-iii-drachme-sardes\/#breadcrumb","itemListElement":[{"@type":"ListItem","position":1,"name":"Accueil","item":"https:\/\/www.numismeo.com\/"},{"@type":"ListItem","position":2,"name":"BoutiqueTechnique","item":"https:\/\/www.numismeo.com\/boutiquetechnique\/"},{"@type":"ListItem","position":3,"name":"Mac\u00e9doine Alexandre III drachme Sardes"}]},{"@type":"WebSite","@id":"https:\/\/www.numismeo.com\/#website","url":"https:\/\/www.numismeo.com\/","name":"Numismeo","description":"MAISON CREUSY fond\u00e9 en 1974","publisher":{"@id":"https:\/\/www.numismeo.com\/#organization"},"alternateName":"Maison Creusy","potentialAction":[{"@type":"SearchAction","target":{"@type":"EntryPoint","urlTemplate":"https:\/\/www.numismeo.com\/?s={search_term_string}"},"query-input":{"@type":"PropertyValueSpecification","valueRequired":true,"valueName":"search_term_string"}}],"inLanguage":"en-US"},{"@type":"Organization","@id":"https:\/\/www.numismeo.com\/#organization","name":"Maison Creusy","alternateName":"Maison Creusy","url":"https:\/\/www.numismeo.com\/","logo":{"@type":"ImageObject","inLanguage":"en-US","@id":"https:\/\/www.numismeo.com\/#\/schema\/logo\/image\/","url":"https:\/\/www.numismeo.com\/wp-content\/uploads\/2022\/09\/LogoPetit.jpg","contentUrl":"https:\/\/www.numismeo.com\/wp-content\/uploads\/2022\/09\/LogoPetit.jpg","width":164,"height":164,"caption":"Maison Creusy"},"image":{"@id":"https:\/\/www.numismeo.com\/#\/schema\/logo\/image\/"},"sameAs":["https:\/\/www.facebook.com\/numismeo"]}]}},"_links":{"self":[{"href":"https:\/\/www.numismeo.com\/wp-json\/wp\/v2\/product\/52549","targetHints":{"allow":["GET"]}}],"collection":[{"href":"https:\/\/www.numismeo.com\/wp-json\/wp\/v2\/product"}],"about":[{"href":"https:\/\/www.numismeo.com\/wp-json\/wp\/v2\/types\/product"}],"wp:featuredmedia":[{"embeddable":true,"href":"https:\/\/www.numismeo.com\/wp-json\/wp\/v2\/media\/52550"}],"wp:attachment":[{"href":"https:\/\/www.numismeo.com\/wp-json\/wp\/v2\/media?parent=52549"}],"wp:term":[{"taxonomy":"product_brand","embeddable":true,"href":"https:\/\/www.numismeo.com\/wp-json\/wp\/v2\/product_brand?post=52549"},{"taxonomy":"product_cat","embeddable":true,"href":"https:\/\/www.numismeo.com\/wp-json\/wp\/v2\/product_cat?post=52549"},{"taxonomy":"product_tag","embeddable":true,"href":"https:\/\/www.numismeo.com\/wp-json\/wp\/v2\/product_tag?post=52549"}],"curies":[{"name":"wp","href":"https:\/\/api.w.org\/{rel}","templated":true}]}}