{"id":53374,"date":"2026-02-18T14:22:49","date_gmt":"2026-02-18T13:22:49","guid":{"rendered":"https:\/\/www.numismeo.com\/?post_type=product&#038;p=53374"},"modified":"2026-02-18T14:23:50","modified_gmt":"2026-02-18T13:23:50","slug":"francois-i-ecu-dor-au-soleil-du-dauphine-cremieu-2","status":"publish","type":"product","link":"https:\/\/www.numismeo.com\/en\/boutique\/francaises\/royales-or\/francois-i-ecu-dor-au-soleil-du-dauphine-cremieu-2\/","title":{"rendered":"Francois I Ecu or au soleil du Dauphin\u00e9 Cremieu mint"},"content":{"rendered":"Ecu d'or du Dauphin\u00e9 struck under Francois I in Cr\u00e9mieu by the mint master Nicolas Ricard different small cross (1525-1528). Formerly graded PCGS AU58\r\n\r\nProvenance: <a href=\"https:\/\/www.acsearch.info\/search.html?id=11615382\" target=\"_blank\" rel=\"noopener\">MDC Monaco sale 13 lot 1519<\/a>","protected":false},"excerpt":{"rendered":"<p>Ecu d&#8217;or du Dauphin\u00e9 struck under Francois I in Cr\u00e9mieu by the mint master Nicolas Ricard different small cross (1525-1528). [&hellip;]<\/p>\n","protected":false},"featured_media":53375,"template":"","meta":{"_acf_changed":false,"site-sidebar-layout":"default","site-content-layout":"","ast-site-content-layout":"default","site-content-style":"default","site-sidebar-style":"default","ast-global-header-display":"","ast-banner-title-visibility":"","ast-main-header-display":"","ast-hfb-above-header-display":"","ast-hfb-below-header-display":"","ast-hfb-mobile-header-display":"","site-post-title":"","ast-breadcrumbs-content":"","ast-featured-img":"","footer-sml-layout":"","ast-disable-related-posts":"","theme-transparent-header-meta":"default","adv-header-id-meta":"","stick-header-meta":"","header-above-stick-meta":"","header-main-stick-meta":"","header-below-stick-meta":"","astra-migrate-meta-layouts":"set","ast-page-background-enabled":"default","ast-page-background-meta":{"desktop":{"background-color":"var(--ast-global-color-5)","background-image":"","background-repeat":"repeat","background-position":"center center","background-size":"auto","background-attachment":"scroll","background-type":"","background-media":"","overlay-type":"","overlay-color":"","overlay-opacity":"","overlay-gradient":""},"tablet":{"background-color":"","background-image":"","background-repeat":"repeat","background-position":"center center","background-size":"auto","background-attachment":"scroll","background-type":"","background-media":"","overlay-type":"","overlay-color":"","overlay-opacity":"","overlay-gradient":""},"mobile":{"background-color":"","background-image":"","background-repeat":"repeat","background-position":"center center","background-size":"auto","background-attachment":"scroll","background-type":"","background-media":"","overlay-type":"","overlay-color":"","overlay-opacity":"","overlay-gradient":""}},"ast-content-background-meta":{"desktop":{"background-color":"var(--ast-global-color-4)","background-image":"","background-repeat":"repeat","background-position":"center center","background-size":"auto","background-attachment":"scroll","background-type":"","background-media":"","overlay-type":"","overlay-color":"","overlay-opacity":"","overlay-gradient":""},"tablet":{"background-color":"var(--ast-global-color-4)","background-image":"","background-repeat":"repeat","background-position":"center center","background-size":"auto","background-attachment":"scroll","background-type":"","background-media":"","overlay-type":"","overlay-color":"","overlay-opacity":"","overlay-gradient":""},"mobile":{"background-color":"var(--ast-global-color-4)","background-image":"","background-repeat":"repeat","background-position":"center center","background-size":"auto","background-attachment":"scroll","background-type":"","background-media":"","overlay-type":"","overlay-color":"","overlay-opacity":"","overlay-gradient":""}}},"product_brand":[],"product_cat":[93,147],"product_tag":[],"class_list":{"0":"post-53374","1":"product","2":"type-product","3":"status-publish","4":"has-post-thumbnail","6":"product_cat-francaises","7":"product_cat-royales-or","8":"pa_anneefrappe1-1525-1528","9":"pa_atelier-e5-cremieu","10":"pa_gradage-non","11":"pa_metal-88-or","12":"pa_provenance-oui","13":"pa_qualite-cf-prsup","14":"pa_region-2e-dauphine","15":"personnage-francois-i","16":"desktop-align-left","17":"tablet-align-left","18":"mobile-align-left","20":"first","21":"instock","22":"shipping-taxable","23":"purchasable","24":"product-type-simple"},"acf":[],"yoast_head":"<!-- This site is optimized with the Yoast SEO plugin v27.4 - https:\/\/yoast.com\/product\/yoast-seo-wordpress\/ -->\n<title>Francois I Ecu or au soleil du Dauphin\u00e9 Cremieu mint<\/title>\n<meta name=\"description\" content=\"Gold Ecu of Dauphin\u00e9 minted under Francois I in Cr\u00e9mieu by the mint master Nicolas Ricard with different small crosses (1525-1528).\" \/>\n<meta name=\"robots\" content=\"index, follow, max-snippet:-1, max-image-preview:large, max-video-preview:-1\" \/>\n<link rel=\"canonical\" href=\"https:\/\/www.numismeo.com\/en\/boutique\/francaises\/royales-or\/francois-i-ecu-dor-au-soleil-du-dauphine-cremieu-2\/\" \/>\n<meta property=\"og:locale\" content=\"en_US\" \/>\n<meta property=\"og:type\" content=\"article\" \/>\n<meta property=\"og:title\" content=\"Francois I Ecu or au soleil du Dauphin\u00e9 Cremieu mint\" \/>\n<meta property=\"og:description\" content=\"Gold Ecu of Dauphin\u00e9 minted under Francois I in Cr\u00e9mieu by the mint master Nicolas Ricard with different small crosses (1525-1528).\" \/>\n<meta property=\"og:url\" content=\"https:\/\/www.numismeo.com\/en\/boutique\/francaises\/royales-or\/francois-i-ecu-dor-au-soleil-du-dauphine-cremieu-2\/\" \/>\n<meta property=\"og:site_name\" content=\"Numismeo\" \/>\n<meta property=\"article:publisher\" content=\"https:\/\/www.facebook.com\/numismeo\" \/>\n<meta property=\"article:modified_time\" content=\"2026-02-18T13:23:50+00:00\" \/>\n<meta property=\"og:image\" content=\"https:\/\/www.numismeo.com\/wp-content\/uploads\/2026\/02\/RoyOr-FrancoisIEcuOrDauphineCremieu-1.webp\" \/>\n\t<meta property=\"og:image:width\" content=\"1500\" \/>\n\t<meta property=\"og:image:height\" content=\"1500\" \/>\n\t<meta property=\"og:image:type\" content=\"image\/webp\" \/>\n<meta name=\"twitter:card\" content=\"summary_large_image\" \/>\n<meta name=\"twitter:label1\" content=\"Est. reading time\" \/>\n\t<meta name=\"twitter:data1\" content=\"1 minute\" \/>\n<script type=\"application\/ld+json\" class=\"yoast-schema-graph\">{\"@context\":\"https:\\\/\\\/schema.org\",\"@graph\":[{\"@type\":\"WebPage\",\"@id\":\"https:\\\/\\\/www.numismeo.com\\\/en\\\/boutique\\\/francaises\\\/royales-or\\\/francois-i-ecu-dor-au-soleil-du-dauphine-cremieu-2\\\/\",\"url\":\"https:\\\/\\\/www.numismeo.com\\\/en\\\/boutique\\\/francaises\\\/royales-or\\\/francois-i-ecu-dor-au-soleil-du-dauphine-cremieu-2\\\/\",\"name\":\"Francois I \u00e9cu d'or au soleil du Dauphin\u00e9 Cr\u00e9mieu - Numismeo\",\"isPartOf\":{\"@id\":\"https:\\\/\\\/www.numismeo.com\\\/#website\"},\"primaryImageOfPage\":{\"@id\":\"https:\\\/\\\/www.numismeo.com\\\/boutique\\\/francaises\\\/royales-or\\\/francois-i-ecu-dor-au-soleil-du-dauphine-cremieu-2\\\/#primaryimage\"},\"image\":{\"@id\":\"https:\\\/\\\/www.numismeo.com\\\/boutique\\\/francaises\\\/royales-or\\\/francois-i-ecu-dor-au-soleil-du-dauphine-cremieu-2\\\/#primaryimage\"},\"thumbnailUrl\":\"https:\\\/\\\/www.numismeo.com\\\/wp-content\\\/uploads\\\/2026\\\/02\\\/RoyOr-FrancoisIEcuOrDauphineCremieu-1.webp\",\"datePublished\":\"2026-02-18T13:22:49+00:00\",\"dateModified\":\"2026-02-18T13:23:50+00:00\",\"description\":\"Ecu d'or du Dauphin\u00e9 frapp\u00e9 sous Francois I \u00e0 Cr\u00e9mieu par le maitre de monnaie Nicolas Ricard diff\u00e9rent petite croisette (1525-1528).\",\"breadcrumb\":{\"@id\":\"https:\\\/\\\/www.numismeo.com\\\/boutique\\\/francaises\\\/royales-or\\\/francois-i-ecu-dor-au-soleil-du-dauphine-cremieu-2\\\/#breadcrumb\"},\"inLanguage\":\"en-US\",\"potentialAction\":[{\"@type\":\"ReadAction\",\"target\":[\"https:\\\/\\\/www.numismeo.com\\\/boutique\\\/francaises\\\/royales-or\\\/francois-i-ecu-dor-au-soleil-du-dauphine-cremieu-2\\\/\"]}]},{\"@type\":\"ImageObject\",\"inLanguage\":\"en-US\",\"@id\":\"https:\\\/\\\/www.numismeo.com\\\/boutique\\\/francaises\\\/royales-or\\\/francois-i-ecu-dor-au-soleil-du-dauphine-cremieu-2\\\/#primaryimage\",\"url\":\"https:\\\/\\\/www.numismeo.com\\\/wp-content\\\/uploads\\\/2026\\\/02\\\/RoyOr-FrancoisIEcuOrDauphineCremieu-1.webp\",\"contentUrl\":\"https:\\\/\\\/www.numismeo.com\\\/wp-content\\\/uploads\\\/2026\\\/02\\\/RoyOr-FrancoisIEcuOrDauphineCremieu-1.webp\",\"width\":1500,\"height\":1500},{\"@type\":\"BreadcrumbList\",\"@id\":\"https:\\\/\\\/www.numismeo.com\\\/boutique\\\/francaises\\\/royales-or\\\/francois-i-ecu-dor-au-soleil-du-dauphine-cremieu-2\\\/#breadcrumb\",\"itemListElement\":[{\"@type\":\"ListItem\",\"position\":1,\"name\":\"Accueil\",\"item\":\"https:\\\/\\\/www.numismeo.com\\\/\"},{\"@type\":\"ListItem\",\"position\":2,\"name\":\"BoutiqueTechnique\",\"item\":\"https:\\\/\\\/www.numismeo.com\\\/boutiquetechnique\\\/\"},{\"@type\":\"ListItem\",\"position\":3,\"name\":\"Francois I \u00e9cu d&rsquo;or au soleil du Dauphin\u00e9 Cr\u00e9mieu\"}]},{\"@type\":\"WebSite\",\"@id\":\"https:\\\/\\\/www.numismeo.com\\\/#website\",\"url\":\"https:\\\/\\\/www.numismeo.com\\\/\",\"name\":\"Numismeo\",\"description\":\"MAISON CREUSY fond\u00e9 en 1974\",\"publisher\":{\"@id\":\"https:\\\/\\\/www.numismeo.com\\\/#organization\"},\"alternateName\":\"Maison Creusy\",\"potentialAction\":[{\"@type\":\"SearchAction\",\"target\":{\"@type\":\"EntryPoint\",\"urlTemplate\":\"https:\\\/\\\/www.numismeo.com\\\/?s={search_term_string}\"},\"query-input\":{\"@type\":\"PropertyValueSpecification\",\"valueRequired\":true,\"valueName\":\"search_term_string\"}}],\"inLanguage\":\"en-US\"},{\"@type\":\"Organization\",\"@id\":\"https:\\\/\\\/www.numismeo.com\\\/#organization\",\"name\":\"Maison Creusy\",\"alternateName\":\"Maison Creusy\",\"url\":\"https:\\\/\\\/www.numismeo.com\\\/\",\"logo\":{\"@type\":\"ImageObject\",\"inLanguage\":\"en-US\",\"@id\":\"https:\\\/\\\/www.numismeo.com\\\/#\\\/schema\\\/logo\\\/image\\\/\",\"url\":\"https:\\\/\\\/www.numismeo.com\\\/wp-content\\\/uploads\\\/2022\\\/09\\\/LogoPetit.jpg\",\"contentUrl\":\"https:\\\/\\\/www.numismeo.com\\\/wp-content\\\/uploads\\\/2022\\\/09\\\/LogoPetit.jpg\",\"width\":164,\"height\":164,\"caption\":\"Maison Creusy\"},\"image\":{\"@id\":\"https:\\\/\\\/www.numismeo.com\\\/#\\\/schema\\\/logo\\\/image\\\/\"},\"sameAs\":[\"https:\\\/\\\/www.facebook.com\\\/numismeo\"]}]}<\/script>\n<!-- \/ Yoast SEO plugin. -->","yoast_head_json":{"title":"Francois I Ecu or au soleil du Dauphin\u00e9 Cremieu mint","description":"Gold Ecu of Dauphin\u00e9 minted under Francois I in Cr\u00e9mieu by the mint master Nicolas Ricard with different small crosses (1525-1528).","robots":{"index":"index","follow":"follow","max-snippet":"max-snippet:-1","max-image-preview":"max-image-preview:large","max-video-preview":"max-video-preview:-1"},"canonical":"https:\/\/www.numismeo.com\/en\/boutique\/francaises\/royales-or\/francois-i-ecu-dor-au-soleil-du-dauphine-cremieu-2\/","og_locale":"en_US","og_type":"article","og_title":"Francois I Ecu or au soleil du Dauphin\u00e9 Cremieu mint","og_description":"Gold Ecu of Dauphin\u00e9 minted under Francois I in Cr\u00e9mieu by the mint master Nicolas Ricard with different small crosses (1525-1528).","og_url":"https:\/\/www.numismeo.com\/en\/boutique\/francaises\/royales-or\/francois-i-ecu-dor-au-soleil-du-dauphine-cremieu-2\/","og_site_name":"Numismeo","article_publisher":"https:\/\/www.facebook.com\/numismeo","article_modified_time":"2026-02-18T13:23:50+00:00","og_image":[{"width":1500,"height":1500,"url":"https:\/\/www.numismeo.com\/wp-content\/uploads\/2026\/02\/RoyOr-FrancoisIEcuOrDauphineCremieu-1.webp","type":"image\/webp"}],"twitter_card":"summary_large_image","twitter_misc":{"Est. reading time":"1 minute"},"schema":{"@context":"https:\/\/schema.org","@graph":[{"@type":"WebPage","@id":"https:\/\/www.numismeo.com\/en\/boutique\/francaises\/royales-or\/francois-i-ecu-dor-au-soleil-du-dauphine-cremieu-2\/","url":"https:\/\/www.numismeo.com\/en\/boutique\/francaises\/royales-or\/francois-i-ecu-dor-au-soleil-du-dauphine-cremieu-2\/","name":"Francois I \u00e9cu d'or au soleil du Dauphin\u00e9 Cr\u00e9mieu - Numismeo","isPartOf":{"@id":"https:\/\/www.numismeo.com\/#website"},"primaryImageOfPage":{"@id":"https:\/\/www.numismeo.com\/boutique\/francaises\/royales-or\/francois-i-ecu-dor-au-soleil-du-dauphine-cremieu-2\/#primaryimage"},"image":{"@id":"https:\/\/www.numismeo.com\/boutique\/francaises\/royales-or\/francois-i-ecu-dor-au-soleil-du-dauphine-cremieu-2\/#primaryimage"},"thumbnailUrl":"https:\/\/www.numismeo.com\/wp-content\/uploads\/2026\/02\/RoyOr-FrancoisIEcuOrDauphineCremieu-1.webp","datePublished":"2026-02-18T13:22:49+00:00","dateModified":"2026-02-18T13:23:50+00:00","description":"Ecu d'or du Dauphin\u00e9 frapp\u00e9 sous Francois I \u00e0 Cr\u00e9mieu par le maitre de monnaie Nicolas Ricard diff\u00e9rent petite croisette (1525-1528).","breadcrumb":{"@id":"https:\/\/www.numismeo.com\/boutique\/francaises\/royales-or\/francois-i-ecu-dor-au-soleil-du-dauphine-cremieu-2\/#breadcrumb"},"inLanguage":"en-US","potentialAction":[{"@type":"ReadAction","target":["https:\/\/www.numismeo.com\/boutique\/francaises\/royales-or\/francois-i-ecu-dor-au-soleil-du-dauphine-cremieu-2\/"]}]},{"@type":"ImageObject","inLanguage":"en-US","@id":"https:\/\/www.numismeo.com\/boutique\/francaises\/royales-or\/francois-i-ecu-dor-au-soleil-du-dauphine-cremieu-2\/#primaryimage","url":"https:\/\/www.numismeo.com\/wp-content\/uploads\/2026\/02\/RoyOr-FrancoisIEcuOrDauphineCremieu-1.webp","contentUrl":"https:\/\/www.numismeo.com\/wp-content\/uploads\/2026\/02\/RoyOr-FrancoisIEcuOrDauphineCremieu-1.webp","width":1500,"height":1500},{"@type":"BreadcrumbList","@id":"https:\/\/www.numismeo.com\/boutique\/francaises\/royales-or\/francois-i-ecu-dor-au-soleil-du-dauphine-cremieu-2\/#breadcrumb","itemListElement":[{"@type":"ListItem","position":1,"name":"Accueil","item":"https:\/\/www.numismeo.com\/"},{"@type":"ListItem","position":2,"name":"BoutiqueTechnique","item":"https:\/\/www.numismeo.com\/boutiquetechnique\/"},{"@type":"ListItem","position":3,"name":"Francois I \u00e9cu d&rsquo;or au soleil du Dauphin\u00e9 Cr\u00e9mieu"}]},{"@type":"WebSite","@id":"https:\/\/www.numismeo.com\/#website","url":"https:\/\/www.numismeo.com\/","name":"Numismeo","description":"MAISON CREUSY fond\u00e9 en 1974","publisher":{"@id":"https:\/\/www.numismeo.com\/#organization"},"alternateName":"Maison Creusy","potentialAction":[{"@type":"SearchAction","target":{"@type":"EntryPoint","urlTemplate":"https:\/\/www.numismeo.com\/?s={search_term_string}"},"query-input":{"@type":"PropertyValueSpecification","valueRequired":true,"valueName":"search_term_string"}}],"inLanguage":"en-US"},{"@type":"Organization","@id":"https:\/\/www.numismeo.com\/#organization","name":"Maison Creusy","alternateName":"Maison Creusy","url":"https:\/\/www.numismeo.com\/","logo":{"@type":"ImageObject","inLanguage":"en-US","@id":"https:\/\/www.numismeo.com\/#\/schema\/logo\/image\/","url":"https:\/\/www.numismeo.com\/wp-content\/uploads\/2022\/09\/LogoPetit.jpg","contentUrl":"https:\/\/www.numismeo.com\/wp-content\/uploads\/2022\/09\/LogoPetit.jpg","width":164,"height":164,"caption":"Maison Creusy"},"image":{"@id":"https:\/\/www.numismeo.com\/#\/schema\/logo\/image\/"},"sameAs":["https:\/\/www.facebook.com\/numismeo"]}]}},"_links":{"self":[{"href":"https:\/\/www.numismeo.com\/wp-json\/wp\/v2\/product\/53374","targetHints":{"allow":["GET"]}}],"collection":[{"href":"https:\/\/www.numismeo.com\/wp-json\/wp\/v2\/product"}],"about":[{"href":"https:\/\/www.numismeo.com\/wp-json\/wp\/v2\/types\/product"}],"wp:featuredmedia":[{"embeddable":true,"href":"https:\/\/www.numismeo.com\/wp-json\/wp\/v2\/media\/53375"}],"wp:attachment":[{"href":"https:\/\/www.numismeo.com\/wp-json\/wp\/v2\/media?parent=53374"}],"wp:term":[{"taxonomy":"product_brand","embeddable":true,"href":"https:\/\/www.numismeo.com\/wp-json\/wp\/v2\/product_brand?post=53374"},{"taxonomy":"product_cat","embeddable":true,"href":"https:\/\/www.numismeo.com\/wp-json\/wp\/v2\/product_cat?post=53374"},{"taxonomy":"product_tag","embeddable":true,"href":"https:\/\/www.numismeo.com\/wp-json\/wp\/v2\/product_tag?post=53374"}],"curies":[{"name":"wp","href":"https:\/\/api.w.org\/{rel}","templated":true}]}}