{"id":53492,"date":"2026-02-24T16:06:45","date_gmt":"2026-02-24T15:06:45","guid":{"rendered":"https:\/\/www.numismeo.com\/?post_type=product&#038;p=53492"},"modified":"2026-02-24T16:06:46","modified_gmt":"2026-02-24T15:06:46","slug":"constitution-cinq-sols-de-monneron-a-lhercule-1792","status":"publish","type":"product","link":"https:\/\/www.numismeo.com\/en\/boutique\/francaises\/revolution\/constitution-cinq-sols-de-monneron-a-lhercule-1792\/","title":{"rendered":"Constitution 5 sols de Monneron \u00e0 l'Hercule 1792"},"content":{"rendered":"<p class=\"p1\">The <span class=\"s1\"><b>Monneron \u00e0 l'Hercule<\/b><\/span> is a famous <i>monnaie de confiance<\/i> issued during the Revolution, at a time when small change was sorely lacking. Dated <span class=\"s1\"><b>1792<\/b><\/span>, it was minted in <span class=\"s1\"><b>Birmingham<\/b><\/span> (England), in industrial workshops capable of producing large quantities.<\/p>","protected":false},"excerpt":{"rendered":"<p>The Monneron \u00e0 l&#8217;Hercule is a famous monnaie de confiance issued during the Revolution, at a time when small change [&hellip;]<\/p>\n","protected":false},"featured_media":53494,"template":"","meta":{"_acf_changed":false,"site-sidebar-layout":"default","site-content-layout":"","ast-site-content-layout":"default","site-content-style":"default","site-sidebar-style":"default","ast-global-header-display":"","ast-banner-title-visibility":"","ast-main-header-display":"","ast-hfb-above-header-display":"","ast-hfb-below-header-display":"","ast-hfb-mobile-header-display":"","site-post-title":"","ast-breadcrumbs-content":"","ast-featured-img":"","footer-sml-layout":"","ast-disable-related-posts":"","theme-transparent-header-meta":"default","adv-header-id-meta":"","stick-header-meta":"","header-above-stick-meta":"","header-main-stick-meta":"","header-below-stick-meta":"","astra-migrate-meta-layouts":"set","ast-page-background-enabled":"default","ast-page-background-meta":{"desktop":{"background-color":"var(--ast-global-color-5)","background-image":"","background-repeat":"repeat","background-position":"center center","background-size":"auto","background-attachment":"scroll","background-type":"","background-media":"","overlay-type":"","overlay-color":"","overlay-opacity":"","overlay-gradient":""},"tablet":{"background-color":"","background-image":"","background-repeat":"repeat","background-position":"center center","background-size":"auto","background-attachment":"scroll","background-type":"","background-media":"","overlay-type":"","overlay-color":"","overlay-opacity":"","overlay-gradient":""},"mobile":{"background-color":"","background-image":"","background-repeat":"repeat","background-position":"center center","background-size":"auto","background-attachment":"scroll","background-type":"","background-media":"","overlay-type":"","overlay-color":"","overlay-opacity":"","overlay-gradient":""}},"ast-content-background-meta":{"desktop":{"background-color":"var(--ast-global-color-4)","background-image":"","background-repeat":"repeat","background-position":"center center","background-size":"auto","background-attachment":"scroll","background-type":"","background-media":"","overlay-type":"","overlay-color":"","overlay-opacity":"","overlay-gradient":""},"tablet":{"background-color":"var(--ast-global-color-4)","background-image":"","background-repeat":"repeat","background-position":"center center","background-size":"auto","background-attachment":"scroll","background-type":"","background-media":"","overlay-type":"","overlay-color":"","overlay-opacity":"","overlay-gradient":""},"mobile":{"background-color":"var(--ast-global-color-4)","background-image":"","background-repeat":"repeat","background-position":"center center","background-size":"auto","background-attachment":"scroll","background-type":"","background-media":"","overlay-type":"","overlay-color":"","overlay-opacity":"","overlay-gradient":""}}},"product_brand":[],"product_cat":[93,13104],"product_tag":[],"class_list":{"0":"post-53492","1":"product","2":"type-product","3":"status-publish","4":"has-post-thumbnail","6":"product_cat-francaises","7":"product_cat-revolution","8":"pa_anneefrappe1-2474","9":"pa_atelier-2b-birmingham","10":"pa_metal-be-bronze","11":"pa_qualite-60-ttb","12":"desktop-align-left","13":"tablet-align-left","14":"mobile-align-left","16":"first","17":"instock","18":"shipping-taxable","19":"purchasable","20":"product-type-simple"},"acf":[],"yoast_head":"<!-- This site is optimized with the Yoast SEO plugin v27.4 - https:\/\/yoast.com\/product\/yoast-seo-wordpress\/ -->\n<title>Constitution 5 sols de Monneron \u00e0 l&#039;Hercule 1792<\/title>\n<meta name=\"description\" content=\"The Monneron \u00e0 l&#039;Hercule is a famous coin issued during the French Revolution, at a time when small change was in desperately short supply.\" \/>\n<meta name=\"robots\" content=\"index, follow, max-snippet:-1, max-image-preview:large, max-video-preview:-1\" \/>\n<link rel=\"canonical\" href=\"https:\/\/www.numismeo.com\/en\/boutique\/francaises\/revolution\/constitution-cinq-sols-de-monneron-a-lhercule-1792\/\" \/>\n<meta property=\"og:locale\" content=\"en_US\" \/>\n<meta property=\"og:type\" content=\"article\" \/>\n<meta property=\"og:title\" content=\"Constitution 5 sols de Monneron \u00e0 l&#039;Hercule 1792\" \/>\n<meta property=\"og:description\" content=\"The Monneron \u00e0 l&#039;Hercule is a famous coin issued during the French Revolution, at a time when small change was in desperately short supply.\" \/>\n<meta property=\"og:url\" content=\"https:\/\/www.numismeo.com\/en\/boutique\/francaises\/revolution\/constitution-cinq-sols-de-monneron-a-lhercule-1792\/\" \/>\n<meta property=\"og:site_name\" content=\"Numismeo\" \/>\n<meta property=\"article:publisher\" content=\"https:\/\/www.facebook.com\/numismeo\" \/>\n<meta property=\"article:modified_time\" content=\"2026-02-24T15:06:46+00:00\" \/>\n<meta property=\"og:image\" content=\"https:\/\/www.numismeo.com\/wp-content\/uploads\/2026\/02\/Rev-MonneronHercule1792-1.webp\" \/>\n\t<meta property=\"og:image:width\" content=\"1500\" \/>\n\t<meta property=\"og:image:height\" content=\"1500\" \/>\n\t<meta property=\"og:image:type\" content=\"image\/webp\" \/>\n<meta name=\"twitter:card\" content=\"summary_large_image\" \/>\n<meta name=\"twitter:label1\" content=\"Est. reading time\" \/>\n\t<meta name=\"twitter:data1\" content=\"1 minute\" \/>\n<script type=\"application\/ld+json\" class=\"yoast-schema-graph\">{\"@context\":\"https:\\\/\\\/schema.org\",\"@graph\":[{\"@type\":\"WebPage\",\"@id\":\"https:\\\/\\\/www.numismeo.com\\\/en\\\/boutique\\\/francaises\\\/revolution\\\/constitution-cinq-sols-de-monneron-a-lhercule-1792\\\/\",\"url\":\"https:\\\/\\\/www.numismeo.com\\\/en\\\/boutique\\\/francaises\\\/revolution\\\/constitution-cinq-sols-de-monneron-a-lhercule-1792\\\/\",\"name\":\"Constitution Cinq sols de Monneron \u00e0 l'Hercule 1792 - Numismeo\",\"isPartOf\":{\"@id\":\"https:\\\/\\\/www.numismeo.com\\\/#website\"},\"primaryImageOfPage\":{\"@id\":\"https:\\\/\\\/www.numismeo.com\\\/boutique\\\/francaises\\\/revolution\\\/constitution-cinq-sols-de-monneron-a-lhercule-1792\\\/#primaryimage\"},\"image\":{\"@id\":\"https:\\\/\\\/www.numismeo.com\\\/boutique\\\/francaises\\\/revolution\\\/constitution-cinq-sols-de-monneron-a-lhercule-1792\\\/#primaryimage\"},\"thumbnailUrl\":\"https:\\\/\\\/www.numismeo.com\\\/wp-content\\\/uploads\\\/2026\\\/02\\\/Rev-MonneronHercule1792-1.webp\",\"datePublished\":\"2026-02-24T15:06:45+00:00\",\"dateModified\":\"2026-02-24T15:06:46+00:00\",\"description\":\"Le Monneron \u00e0 l\u2019Hercule est une c\u00e9l\u00e8bre monnaie de confiance \u00e9mise pendant la R\u00e9volution, au moment o\u00f9 la petite monnaie manquait cruellement.\",\"breadcrumb\":{\"@id\":\"https:\\\/\\\/www.numismeo.com\\\/boutique\\\/francaises\\\/revolution\\\/constitution-cinq-sols-de-monneron-a-lhercule-1792\\\/#breadcrumb\"},\"inLanguage\":\"en-US\",\"potentialAction\":[{\"@type\":\"ReadAction\",\"target\":[\"https:\\\/\\\/www.numismeo.com\\\/boutique\\\/francaises\\\/revolution\\\/constitution-cinq-sols-de-monneron-a-lhercule-1792\\\/\"]}]},{\"@type\":\"ImageObject\",\"inLanguage\":\"en-US\",\"@id\":\"https:\\\/\\\/www.numismeo.com\\\/boutique\\\/francaises\\\/revolution\\\/constitution-cinq-sols-de-monneron-a-lhercule-1792\\\/#primaryimage\",\"url\":\"https:\\\/\\\/www.numismeo.com\\\/wp-content\\\/uploads\\\/2026\\\/02\\\/Rev-MonneronHercule1792-1.webp\",\"contentUrl\":\"https:\\\/\\\/www.numismeo.com\\\/wp-content\\\/uploads\\\/2026\\\/02\\\/Rev-MonneronHercule1792-1.webp\",\"width\":1500,\"height\":1500},{\"@type\":\"BreadcrumbList\",\"@id\":\"https:\\\/\\\/www.numismeo.com\\\/boutique\\\/francaises\\\/revolution\\\/constitution-cinq-sols-de-monneron-a-lhercule-1792\\\/#breadcrumb\",\"itemListElement\":[{\"@type\":\"ListItem\",\"position\":1,\"name\":\"Accueil\",\"item\":\"https:\\\/\\\/www.numismeo.com\\\/\"},{\"@type\":\"ListItem\",\"position\":2,\"name\":\"BoutiqueTechnique\",\"item\":\"https:\\\/\\\/www.numismeo.com\\\/boutiquetechnique\\\/\"},{\"@type\":\"ListItem\",\"position\":3,\"name\":\"Constitution Cinq sols de Monneron \u00e0 l&rsquo;Hercule 1792\"}]},{\"@type\":\"WebSite\",\"@id\":\"https:\\\/\\\/www.numismeo.com\\\/#website\",\"url\":\"https:\\\/\\\/www.numismeo.com\\\/\",\"name\":\"Numismeo\",\"description\":\"MAISON CREUSY fond\u00e9 en 1974\",\"publisher\":{\"@id\":\"https:\\\/\\\/www.numismeo.com\\\/#organization\"},\"alternateName\":\"Maison Creusy\",\"potentialAction\":[{\"@type\":\"SearchAction\",\"target\":{\"@type\":\"EntryPoint\",\"urlTemplate\":\"https:\\\/\\\/www.numismeo.com\\\/?s={search_term_string}\"},\"query-input\":{\"@type\":\"PropertyValueSpecification\",\"valueRequired\":true,\"valueName\":\"search_term_string\"}}],\"inLanguage\":\"en-US\"},{\"@type\":\"Organization\",\"@id\":\"https:\\\/\\\/www.numismeo.com\\\/#organization\",\"name\":\"Maison Creusy\",\"alternateName\":\"Maison Creusy\",\"url\":\"https:\\\/\\\/www.numismeo.com\\\/\",\"logo\":{\"@type\":\"ImageObject\",\"inLanguage\":\"en-US\",\"@id\":\"https:\\\/\\\/www.numismeo.com\\\/#\\\/schema\\\/logo\\\/image\\\/\",\"url\":\"https:\\\/\\\/www.numismeo.com\\\/wp-content\\\/uploads\\\/2022\\\/09\\\/LogoPetit.jpg\",\"contentUrl\":\"https:\\\/\\\/www.numismeo.com\\\/wp-content\\\/uploads\\\/2022\\\/09\\\/LogoPetit.jpg\",\"width\":164,\"height\":164,\"caption\":\"Maison Creusy\"},\"image\":{\"@id\":\"https:\\\/\\\/www.numismeo.com\\\/#\\\/schema\\\/logo\\\/image\\\/\"},\"sameAs\":[\"https:\\\/\\\/www.facebook.com\\\/numismeo\"]}]}<\/script>\n<!-- \/ Yoast SEO plugin. -->","yoast_head_json":{"title":"Constitution 5 sols de Monneron \u00e0 l'Hercule 1792","description":"The Monneron \u00e0 l'Hercule is a famous coin issued during the French Revolution, at a time when small change was in desperately short supply.","robots":{"index":"index","follow":"follow","max-snippet":"max-snippet:-1","max-image-preview":"max-image-preview:large","max-video-preview":"max-video-preview:-1"},"canonical":"https:\/\/www.numismeo.com\/en\/boutique\/francaises\/revolution\/constitution-cinq-sols-de-monneron-a-lhercule-1792\/","og_locale":"en_US","og_type":"article","og_title":"Constitution 5 sols de Monneron \u00e0 l'Hercule 1792","og_description":"The Monneron \u00e0 l'Hercule is a famous coin issued during the French Revolution, at a time when small change was in desperately short supply.","og_url":"https:\/\/www.numismeo.com\/en\/boutique\/francaises\/revolution\/constitution-cinq-sols-de-monneron-a-lhercule-1792\/","og_site_name":"Numismeo","article_publisher":"https:\/\/www.facebook.com\/numismeo","article_modified_time":"2026-02-24T15:06:46+00:00","og_image":[{"width":1500,"height":1500,"url":"https:\/\/www.numismeo.com\/wp-content\/uploads\/2026\/02\/Rev-MonneronHercule1792-1.webp","type":"image\/webp"}],"twitter_card":"summary_large_image","twitter_misc":{"Est. reading time":"1 minute"},"schema":{"@context":"https:\/\/schema.org","@graph":[{"@type":"WebPage","@id":"https:\/\/www.numismeo.com\/en\/boutique\/francaises\/revolution\/constitution-cinq-sols-de-monneron-a-lhercule-1792\/","url":"https:\/\/www.numismeo.com\/en\/boutique\/francaises\/revolution\/constitution-cinq-sols-de-monneron-a-lhercule-1792\/","name":"Constitution Cinq sols de Monneron \u00e0 l'Hercule 1792 - Numismeo","isPartOf":{"@id":"https:\/\/www.numismeo.com\/#website"},"primaryImageOfPage":{"@id":"https:\/\/www.numismeo.com\/boutique\/francaises\/revolution\/constitution-cinq-sols-de-monneron-a-lhercule-1792\/#primaryimage"},"image":{"@id":"https:\/\/www.numismeo.com\/boutique\/francaises\/revolution\/constitution-cinq-sols-de-monneron-a-lhercule-1792\/#primaryimage"},"thumbnailUrl":"https:\/\/www.numismeo.com\/wp-content\/uploads\/2026\/02\/Rev-MonneronHercule1792-1.webp","datePublished":"2026-02-24T15:06:45+00:00","dateModified":"2026-02-24T15:06:46+00:00","description":"Le Monneron \u00e0 l\u2019Hercule est une c\u00e9l\u00e8bre monnaie de confiance \u00e9mise pendant la R\u00e9volution, au moment o\u00f9 la petite monnaie manquait cruellement.","breadcrumb":{"@id":"https:\/\/www.numismeo.com\/boutique\/francaises\/revolution\/constitution-cinq-sols-de-monneron-a-lhercule-1792\/#breadcrumb"},"inLanguage":"en-US","potentialAction":[{"@type":"ReadAction","target":["https:\/\/www.numismeo.com\/boutique\/francaises\/revolution\/constitution-cinq-sols-de-monneron-a-lhercule-1792\/"]}]},{"@type":"ImageObject","inLanguage":"en-US","@id":"https:\/\/www.numismeo.com\/boutique\/francaises\/revolution\/constitution-cinq-sols-de-monneron-a-lhercule-1792\/#primaryimage","url":"https:\/\/www.numismeo.com\/wp-content\/uploads\/2026\/02\/Rev-MonneronHercule1792-1.webp","contentUrl":"https:\/\/www.numismeo.com\/wp-content\/uploads\/2026\/02\/Rev-MonneronHercule1792-1.webp","width":1500,"height":1500},{"@type":"BreadcrumbList","@id":"https:\/\/www.numismeo.com\/boutique\/francaises\/revolution\/constitution-cinq-sols-de-monneron-a-lhercule-1792\/#breadcrumb","itemListElement":[{"@type":"ListItem","position":1,"name":"Accueil","item":"https:\/\/www.numismeo.com\/"},{"@type":"ListItem","position":2,"name":"BoutiqueTechnique","item":"https:\/\/www.numismeo.com\/boutiquetechnique\/"},{"@type":"ListItem","position":3,"name":"Constitution Cinq sols de Monneron \u00e0 l&rsquo;Hercule 1792"}]},{"@type":"WebSite","@id":"https:\/\/www.numismeo.com\/#website","url":"https:\/\/www.numismeo.com\/","name":"Numismeo","description":"MAISON CREUSY fond\u00e9 en 1974","publisher":{"@id":"https:\/\/www.numismeo.com\/#organization"},"alternateName":"Maison Creusy","potentialAction":[{"@type":"SearchAction","target":{"@type":"EntryPoint","urlTemplate":"https:\/\/www.numismeo.com\/?s={search_term_string}"},"query-input":{"@type":"PropertyValueSpecification","valueRequired":true,"valueName":"search_term_string"}}],"inLanguage":"en-US"},{"@type":"Organization","@id":"https:\/\/www.numismeo.com\/#organization","name":"Maison Creusy","alternateName":"Maison Creusy","url":"https:\/\/www.numismeo.com\/","logo":{"@type":"ImageObject","inLanguage":"en-US","@id":"https:\/\/www.numismeo.com\/#\/schema\/logo\/image\/","url":"https:\/\/www.numismeo.com\/wp-content\/uploads\/2022\/09\/LogoPetit.jpg","contentUrl":"https:\/\/www.numismeo.com\/wp-content\/uploads\/2022\/09\/LogoPetit.jpg","width":164,"height":164,"caption":"Maison Creusy"},"image":{"@id":"https:\/\/www.numismeo.com\/#\/schema\/logo\/image\/"},"sameAs":["https:\/\/www.facebook.com\/numismeo"]}]}},"_links":{"self":[{"href":"https:\/\/www.numismeo.com\/wp-json\/wp\/v2\/product\/53492","targetHints":{"allow":["GET"]}}],"collection":[{"href":"https:\/\/www.numismeo.com\/wp-json\/wp\/v2\/product"}],"about":[{"href":"https:\/\/www.numismeo.com\/wp-json\/wp\/v2\/types\/product"}],"wp:featuredmedia":[{"embeddable":true,"href":"https:\/\/www.numismeo.com\/wp-json\/wp\/v2\/media\/53494"}],"wp:attachment":[{"href":"https:\/\/www.numismeo.com\/wp-json\/wp\/v2\/media?parent=53492"}],"wp:term":[{"taxonomy":"product_brand","embeddable":true,"href":"https:\/\/www.numismeo.com\/wp-json\/wp\/v2\/product_brand?post=53492"},{"taxonomy":"product_cat","embeddable":true,"href":"https:\/\/www.numismeo.com\/wp-json\/wp\/v2\/product_cat?post=53492"},{"taxonomy":"product_tag","embeddable":true,"href":"https:\/\/www.numismeo.com\/wp-json\/wp\/v2\/product_tag?post=53492"}],"curies":[{"name":"wp","href":"https:\/\/api.w.org\/{rel}","templated":true}]}}