{"id":53536,"date":"2026-02-26T10:43:14","date_gmt":"2026-02-26T09:43:14","guid":{"rendered":"https:\/\/www.numismeo.com\/?post_type=product&#038;p=53536"},"modified":"2026-02-26T10:45:19","modified_gmt":"2026-02-26T09:45:19","slug":"marc-antoine-denier-legion-xii","status":"publish","type":"product","link":"https:\/\/www.numismeo.com\/en\/boutique\/antiques\/republique-romaine-antiques\/marc-antoine-denier-legion-xii\/","title":{"rendered":"Mark Antony AR Denarius Legion XII"},"content":{"rendered":"Silver denarius minted under Mark Antony circa 32-31 BC, itinerant workshop with Mark Antony perhaps Patrae in Greece.\r\n<p class=\"p1\">The <span class=\"s1\"><b>Legion XII<\/b><\/span>, which later became known as the <span class=\"s1\"><b>Fulminata<\/b><\/span> (\"lightning bearer\"), was raised by Caesar in 58 BC in preparation for battle against the Nervians. It received this nickname in reference to its emblem, a thunderbolt; another cognomen of this legion, also attested by Mark Antony's legionary denarii, was <span class=\"s1\"><b>Antiqua<\/b><\/span> (\"the ancient one\").<\/p>\r\n<p class=\"p1\">It served under Caesar's command in the wars against the Pompeians, then switched to Antony's side. Legio XII survived Actium and Octavian's subsequent reforms, and served for several centuries in the East, where it was still guarding the Euphrates crossing near Melitene at the beginning of the fifth century.<\/p>","protected":false},"excerpt":{"rendered":"<p>Silver denarius minted under Mark Antony circa 32-31 BC, itinerant workshop with Mark Antony perhaps Patrae in Greece. The Legion [&hellip;]<\/p>\n","protected":false},"featured_media":53531,"template":"","meta":{"_acf_changed":false,"site-sidebar-layout":"default","site-content-layout":"","ast-site-content-layout":"default","site-content-style":"default","site-sidebar-style":"default","ast-global-header-display":"","ast-banner-title-visibility":"","ast-main-header-display":"","ast-hfb-above-header-display":"","ast-hfb-below-header-display":"","ast-hfb-mobile-header-display":"","site-post-title":"","ast-breadcrumbs-content":"","ast-featured-img":"","footer-sml-layout":"","ast-disable-related-posts":"","theme-transparent-header-meta":"default","adv-header-id-meta":"","stick-header-meta":"","header-above-stick-meta":"","header-main-stick-meta":"","header-below-stick-meta":"","astra-migrate-meta-layouts":"set","ast-page-background-enabled":"default","ast-page-background-meta":{"desktop":{"background-color":"var(--ast-global-color-5)","background-image":"","background-repeat":"repeat","background-position":"center center","background-size":"auto","background-attachment":"scroll","background-type":"","background-media":"","overlay-type":"","overlay-color":"","overlay-opacity":"","overlay-gradient":""},"tablet":{"background-color":"","background-image":"","background-repeat":"repeat","background-position":"center center","background-size":"auto","background-attachment":"scroll","background-type":"","background-media":"","overlay-type":"","overlay-color":"","overlay-opacity":"","overlay-gradient":""},"mobile":{"background-color":"","background-image":"","background-repeat":"repeat","background-position":"center center","background-size":"auto","background-attachment":"scroll","background-type":"","background-media":"","overlay-type":"","overlay-color":"","overlay-opacity":"","overlay-gradient":""}},"ast-content-background-meta":{"desktop":{"background-color":"var(--ast-global-color-4)","background-image":"","background-repeat":"repeat","background-position":"center center","background-size":"auto","background-attachment":"scroll","background-type":"","background-media":"","overlay-type":"","overlay-color":"","overlay-opacity":"","overlay-gradient":""},"tablet":{"background-color":"var(--ast-global-color-4)","background-image":"","background-repeat":"repeat","background-position":"center center","background-size":"auto","background-attachment":"scroll","background-type":"","background-media":"","overlay-type":"","overlay-color":"","overlay-opacity":"","overlay-gradient":""},"mobile":{"background-color":"var(--ast-global-color-4)","background-image":"","background-repeat":"repeat","background-position":"center center","background-size":"auto","background-attachment":"scroll","background-type":"","background-media":"","overlay-type":"","overlay-color":"","overlay-opacity":"","overlay-gradient":""}}},"product_brand":[],"product_cat":[91,179],"product_tag":[],"class_list":{"0":"post-53536","1":"product","2":"type-product","3":"status-publish","4":"has-post-thumbnail","6":"product_cat-antiques","7":"product_cat-republique-romaine-antiques","8":"pa_anneefrappe1-21091","9":"pa_metal-b5-argent","10":"pa_qualite-13-tb_","11":"personnage-marc-antoine","12":"desktop-align-left","13":"tablet-align-left","14":"mobile-align-left","16":"first","17":"instock","18":"shipping-taxable","19":"purchasable","20":"product-type-simple"},"acf":[],"yoast_head":"<!-- This site is optimized with the Yoast SEO plugin v27.4 - https:\/\/yoast.com\/product\/yoast-seo-wordpress\/ -->\n<title>Mark Antony AR Denarius Legion XII<\/title>\n<meta name=\"description\" content=\"Silver denarius minted under Mark Antony around 32-31 BC, workshop itinerant with Mark Antony may be Patrae in Greece.\" \/>\n<meta name=\"robots\" content=\"index, follow, max-snippet:-1, max-image-preview:large, max-video-preview:-1\" \/>\n<link rel=\"canonical\" href=\"https:\/\/www.numismeo.com\/en\/boutique\/antiques\/republique-romaine-antiques\/marc-antoine-denier-legion-xii\/\" \/>\n<meta property=\"og:locale\" content=\"en_US\" \/>\n<meta property=\"og:type\" content=\"article\" \/>\n<meta property=\"og:title\" content=\"Mark Antony AR Denarius Legion XII\" \/>\n<meta property=\"og:description\" content=\"Silver denarius minted under Mark Antony around 32-31 BC, workshop itinerant with Mark Antony may be Patrae in Greece.\" \/>\n<meta property=\"og:url\" content=\"https:\/\/www.numismeo.com\/en\/boutique\/antiques\/republique-romaine-antiques\/marc-antoine-denier-legion-xii\/\" \/>\n<meta property=\"og:site_name\" content=\"Numismeo\" \/>\n<meta property=\"article:publisher\" content=\"https:\/\/www.facebook.com\/numismeo\" \/>\n<meta property=\"article:modified_time\" content=\"2026-02-26T09:45:19+00:00\" \/>\n<meta property=\"og:image\" content=\"https:\/\/www.numismeo.com\/wp-content\/uploads\/2026\/02\/RR-MarcAntoineDenierLegionXII-1.webp\" \/>\n\t<meta property=\"og:image:width\" content=\"1484\" \/>\n\t<meta property=\"og:image:height\" content=\"1484\" \/>\n\t<meta property=\"og:image:type\" content=\"image\/webp\" \/>\n<meta name=\"twitter:card\" content=\"summary_large_image\" \/>\n<meta name=\"twitter:label1\" content=\"Est. reading time\" \/>\n\t<meta name=\"twitter:data1\" content=\"1 minute\" \/>\n<script type=\"application\/ld+json\" class=\"yoast-schema-graph\">{\"@context\":\"https:\\\/\\\/schema.org\",\"@graph\":[{\"@type\":\"WebPage\",\"@id\":\"https:\\\/\\\/www.numismeo.com\\\/en\\\/boutique\\\/antiques\\\/republique-romaine-antiques\\\/marc-antoine-denier-legion-xii\\\/\",\"url\":\"https:\\\/\\\/www.numismeo.com\\\/en\\\/boutique\\\/antiques\\\/republique-romaine-antiques\\\/marc-antoine-denier-legion-xii\\\/\",\"name\":\"Marc Antoine denier Legion XII - Numismeo\",\"isPartOf\":{\"@id\":\"https:\\\/\\\/www.numismeo.com\\\/#website\"},\"primaryImageOfPage\":{\"@id\":\"https:\\\/\\\/www.numismeo.com\\\/boutique\\\/antiques\\\/republique-romaine-antiques\\\/marc-antoine-denier-legion-xii\\\/#primaryimage\"},\"image\":{\"@id\":\"https:\\\/\\\/www.numismeo.com\\\/boutique\\\/antiques\\\/republique-romaine-antiques\\\/marc-antoine-denier-legion-xii\\\/#primaryimage\"},\"thumbnailUrl\":\"https:\\\/\\\/www.numismeo.com\\\/wp-content\\\/uploads\\\/2026\\\/02\\\/RR-MarcAntoineDenierLegionXII-1.webp\",\"datePublished\":\"2026-02-26T09:43:14+00:00\",\"dateModified\":\"2026-02-26T09:45:19+00:00\",\"description\":\"Denier en argent frapp\u00e9e sous Marc-Antoine vers 32-31 avant JC, atelier itinerant avec Marc-Antoine peut \u00eatre Patrae en Gr\u00e8ce.\",\"breadcrumb\":{\"@id\":\"https:\\\/\\\/www.numismeo.com\\\/boutique\\\/antiques\\\/republique-romaine-antiques\\\/marc-antoine-denier-legion-xii\\\/#breadcrumb\"},\"inLanguage\":\"en-US\",\"potentialAction\":[{\"@type\":\"ReadAction\",\"target\":[\"https:\\\/\\\/www.numismeo.com\\\/boutique\\\/antiques\\\/republique-romaine-antiques\\\/marc-antoine-denier-legion-xii\\\/\"]}]},{\"@type\":\"ImageObject\",\"inLanguage\":\"en-US\",\"@id\":\"https:\\\/\\\/www.numismeo.com\\\/boutique\\\/antiques\\\/republique-romaine-antiques\\\/marc-antoine-denier-legion-xii\\\/#primaryimage\",\"url\":\"https:\\\/\\\/www.numismeo.com\\\/wp-content\\\/uploads\\\/2026\\\/02\\\/RR-MarcAntoineDenierLegionXII-1.webp\",\"contentUrl\":\"https:\\\/\\\/www.numismeo.com\\\/wp-content\\\/uploads\\\/2026\\\/02\\\/RR-MarcAntoineDenierLegionXII-1.webp\",\"width\":1484,\"height\":1484},{\"@type\":\"BreadcrumbList\",\"@id\":\"https:\\\/\\\/www.numismeo.com\\\/boutique\\\/antiques\\\/republique-romaine-antiques\\\/marc-antoine-denier-legion-xii\\\/#breadcrumb\",\"itemListElement\":[{\"@type\":\"ListItem\",\"position\":1,\"name\":\"Accueil\",\"item\":\"https:\\\/\\\/www.numismeo.com\\\/\"},{\"@type\":\"ListItem\",\"position\":2,\"name\":\"BoutiqueTechnique\",\"item\":\"https:\\\/\\\/www.numismeo.com\\\/boutiquetechnique\\\/\"},{\"@type\":\"ListItem\",\"position\":3,\"name\":\"Marc Antoine denier Legion XII\"}]},{\"@type\":\"WebSite\",\"@id\":\"https:\\\/\\\/www.numismeo.com\\\/#website\",\"url\":\"https:\\\/\\\/www.numismeo.com\\\/\",\"name\":\"Numismeo\",\"description\":\"MAISON CREUSY fond\u00e9 en 1974\",\"publisher\":{\"@id\":\"https:\\\/\\\/www.numismeo.com\\\/#organization\"},\"alternateName\":\"Maison Creusy\",\"potentialAction\":[{\"@type\":\"SearchAction\",\"target\":{\"@type\":\"EntryPoint\",\"urlTemplate\":\"https:\\\/\\\/www.numismeo.com\\\/?s={search_term_string}\"},\"query-input\":{\"@type\":\"PropertyValueSpecification\",\"valueRequired\":true,\"valueName\":\"search_term_string\"}}],\"inLanguage\":\"en-US\"},{\"@type\":\"Organization\",\"@id\":\"https:\\\/\\\/www.numismeo.com\\\/#organization\",\"name\":\"Maison Creusy\",\"alternateName\":\"Maison Creusy\",\"url\":\"https:\\\/\\\/www.numismeo.com\\\/\",\"logo\":{\"@type\":\"ImageObject\",\"inLanguage\":\"en-US\",\"@id\":\"https:\\\/\\\/www.numismeo.com\\\/#\\\/schema\\\/logo\\\/image\\\/\",\"url\":\"https:\\\/\\\/www.numismeo.com\\\/wp-content\\\/uploads\\\/2022\\\/09\\\/LogoPetit.jpg\",\"contentUrl\":\"https:\\\/\\\/www.numismeo.com\\\/wp-content\\\/uploads\\\/2022\\\/09\\\/LogoPetit.jpg\",\"width\":164,\"height\":164,\"caption\":\"Maison Creusy\"},\"image\":{\"@id\":\"https:\\\/\\\/www.numismeo.com\\\/#\\\/schema\\\/logo\\\/image\\\/\"},\"sameAs\":[\"https:\\\/\\\/www.facebook.com\\\/numismeo\"]}]}<\/script>\n<!-- \/ Yoast SEO plugin. -->","yoast_head_json":{"title":"Mark Antony AR Denarius Legion XII","description":"Silver denarius minted under Mark Antony around 32-31 BC, workshop itinerant with Mark Antony may be Patrae in Greece.","robots":{"index":"index","follow":"follow","max-snippet":"max-snippet:-1","max-image-preview":"max-image-preview:large","max-video-preview":"max-video-preview:-1"},"canonical":"https:\/\/www.numismeo.com\/en\/boutique\/antiques\/republique-romaine-antiques\/marc-antoine-denier-legion-xii\/","og_locale":"en_US","og_type":"article","og_title":"Mark Antony AR Denarius Legion XII","og_description":"Silver denarius minted under Mark Antony around 32-31 BC, workshop itinerant with Mark Antony may be Patrae in Greece.","og_url":"https:\/\/www.numismeo.com\/en\/boutique\/antiques\/republique-romaine-antiques\/marc-antoine-denier-legion-xii\/","og_site_name":"Numismeo","article_publisher":"https:\/\/www.facebook.com\/numismeo","article_modified_time":"2026-02-26T09:45:19+00:00","og_image":[{"width":1484,"height":1484,"url":"https:\/\/www.numismeo.com\/wp-content\/uploads\/2026\/02\/RR-MarcAntoineDenierLegionXII-1.webp","type":"image\/webp"}],"twitter_card":"summary_large_image","twitter_misc":{"Est. reading time":"1 minute"},"schema":{"@context":"https:\/\/schema.org","@graph":[{"@type":"WebPage","@id":"https:\/\/www.numismeo.com\/en\/boutique\/antiques\/republique-romaine-antiques\/marc-antoine-denier-legion-xii\/","url":"https:\/\/www.numismeo.com\/en\/boutique\/antiques\/republique-romaine-antiques\/marc-antoine-denier-legion-xii\/","name":"Marc Antoine denier Legion XII - Numismeo","isPartOf":{"@id":"https:\/\/www.numismeo.com\/#website"},"primaryImageOfPage":{"@id":"https:\/\/www.numismeo.com\/boutique\/antiques\/republique-romaine-antiques\/marc-antoine-denier-legion-xii\/#primaryimage"},"image":{"@id":"https:\/\/www.numismeo.com\/boutique\/antiques\/republique-romaine-antiques\/marc-antoine-denier-legion-xii\/#primaryimage"},"thumbnailUrl":"https:\/\/www.numismeo.com\/wp-content\/uploads\/2026\/02\/RR-MarcAntoineDenierLegionXII-1.webp","datePublished":"2026-02-26T09:43:14+00:00","dateModified":"2026-02-26T09:45:19+00:00","description":"Denier en argent frapp\u00e9e sous Marc-Antoine vers 32-31 avant JC, atelier itinerant avec Marc-Antoine peut \u00eatre Patrae en Gr\u00e8ce.","breadcrumb":{"@id":"https:\/\/www.numismeo.com\/boutique\/antiques\/republique-romaine-antiques\/marc-antoine-denier-legion-xii\/#breadcrumb"},"inLanguage":"en-US","potentialAction":[{"@type":"ReadAction","target":["https:\/\/www.numismeo.com\/boutique\/antiques\/republique-romaine-antiques\/marc-antoine-denier-legion-xii\/"]}]},{"@type":"ImageObject","inLanguage":"en-US","@id":"https:\/\/www.numismeo.com\/boutique\/antiques\/republique-romaine-antiques\/marc-antoine-denier-legion-xii\/#primaryimage","url":"https:\/\/www.numismeo.com\/wp-content\/uploads\/2026\/02\/RR-MarcAntoineDenierLegionXII-1.webp","contentUrl":"https:\/\/www.numismeo.com\/wp-content\/uploads\/2026\/02\/RR-MarcAntoineDenierLegionXII-1.webp","width":1484,"height":1484},{"@type":"BreadcrumbList","@id":"https:\/\/www.numismeo.com\/boutique\/antiques\/republique-romaine-antiques\/marc-antoine-denier-legion-xii\/#breadcrumb","itemListElement":[{"@type":"ListItem","position":1,"name":"Accueil","item":"https:\/\/www.numismeo.com\/"},{"@type":"ListItem","position":2,"name":"BoutiqueTechnique","item":"https:\/\/www.numismeo.com\/boutiquetechnique\/"},{"@type":"ListItem","position":3,"name":"Marc Antoine denier Legion XII"}]},{"@type":"WebSite","@id":"https:\/\/www.numismeo.com\/#website","url":"https:\/\/www.numismeo.com\/","name":"Numismeo","description":"MAISON CREUSY fond\u00e9 en 1974","publisher":{"@id":"https:\/\/www.numismeo.com\/#organization"},"alternateName":"Maison Creusy","potentialAction":[{"@type":"SearchAction","target":{"@type":"EntryPoint","urlTemplate":"https:\/\/www.numismeo.com\/?s={search_term_string}"},"query-input":{"@type":"PropertyValueSpecification","valueRequired":true,"valueName":"search_term_string"}}],"inLanguage":"en-US"},{"@type":"Organization","@id":"https:\/\/www.numismeo.com\/#organization","name":"Maison Creusy","alternateName":"Maison Creusy","url":"https:\/\/www.numismeo.com\/","logo":{"@type":"ImageObject","inLanguage":"en-US","@id":"https:\/\/www.numismeo.com\/#\/schema\/logo\/image\/","url":"https:\/\/www.numismeo.com\/wp-content\/uploads\/2022\/09\/LogoPetit.jpg","contentUrl":"https:\/\/www.numismeo.com\/wp-content\/uploads\/2022\/09\/LogoPetit.jpg","width":164,"height":164,"caption":"Maison Creusy"},"image":{"@id":"https:\/\/www.numismeo.com\/#\/schema\/logo\/image\/"},"sameAs":["https:\/\/www.facebook.com\/numismeo"]}]}},"_links":{"self":[{"href":"https:\/\/www.numismeo.com\/wp-json\/wp\/v2\/product\/53536","targetHints":{"allow":["GET"]}}],"collection":[{"href":"https:\/\/www.numismeo.com\/wp-json\/wp\/v2\/product"}],"about":[{"href":"https:\/\/www.numismeo.com\/wp-json\/wp\/v2\/types\/product"}],"wp:featuredmedia":[{"embeddable":true,"href":"https:\/\/www.numismeo.com\/wp-json\/wp\/v2\/media\/53531"}],"wp:attachment":[{"href":"https:\/\/www.numismeo.com\/wp-json\/wp\/v2\/media?parent=53536"}],"wp:term":[{"taxonomy":"product_brand","embeddable":true,"href":"https:\/\/www.numismeo.com\/wp-json\/wp\/v2\/product_brand?post=53536"},{"taxonomy":"product_cat","embeddable":true,"href":"https:\/\/www.numismeo.com\/wp-json\/wp\/v2\/product_cat?post=53536"},{"taxonomy":"product_tag","embeddable":true,"href":"https:\/\/www.numismeo.com\/wp-json\/wp\/v2\/product_tag?post=53536"}],"curies":[{"name":"wp","href":"https:\/\/api.w.org\/{rel}","templated":true}]}}