{"id":54335,"date":"2026-04-25T10:34:51","date_gmt":"2026-04-25T08:34:51","guid":{"rendered":"https:\/\/www.numismeo.com\/?post_type=product&#038;p=54335"},"modified":"2026-04-25T10:45:02","modified_gmt":"2026-04-25T08:45:02","slug":"pays-bas-guillaume-iii-25-gulden-1865","status":"publish","type":"product","link":"https:\/\/www.numismeo.com\/en\/boutique\/etrangeres\/europe\/pays-bas-guillaume-iii-25-gulden-1865\/","title":{"rendered":"Netherlands William III 2.5 gulden 1865"},"content":{"rendered":"A 2.5 gulden coin minted under William III King of the Netherlands in 1865. Bare head of William III on the obverse and shield with the arms of Holland on the reverse. Cleaned","protected":false},"excerpt":{"rendered":"<p>A 2.5 gulden coin minted under William III King of the Netherlands in 1865. Bare head of William III on [&hellip;]<\/p>\n","protected":false},"featured_media":54337,"template":"","meta":{"_acf_changed":false,"site-sidebar-layout":"default","site-content-layout":"","ast-site-content-layout":"default","site-content-style":"default","site-sidebar-style":"default","ast-global-header-display":"","ast-banner-title-visibility":"","ast-main-header-display":"","ast-hfb-above-header-display":"","ast-hfb-below-header-display":"","ast-hfb-mobile-header-display":"","site-post-title":"","ast-breadcrumbs-content":"","ast-featured-img":"","footer-sml-layout":"","ast-disable-related-posts":"","theme-transparent-header-meta":"default","adv-header-id-meta":"","stick-header-meta":"","header-above-stick-meta":"","header-main-stick-meta":"","header-below-stick-meta":"","astra-migrate-meta-layouts":"set","ast-page-background-enabled":"default","ast-page-background-meta":{"desktop":{"background-color":"var(--ast-global-color-5)","background-image":"","background-repeat":"repeat","background-position":"center center","background-size":"auto","background-attachment":"scroll","background-type":"","background-media":"","overlay-type":"","overlay-color":"","overlay-opacity":"","overlay-gradient":""},"tablet":{"background-color":"","background-image":"","background-repeat":"repeat","background-position":"center center","background-size":"auto","background-attachment":"scroll","background-type":"","background-media":"","overlay-type":"","overlay-color":"","overlay-opacity":"","overlay-gradient":""},"mobile":{"background-color":"","background-image":"","background-repeat":"repeat","background-position":"center center","background-size":"auto","background-attachment":"scroll","background-type":"","background-media":"","overlay-type":"","overlay-color":"","overlay-opacity":"","overlay-gradient":""}},"ast-content-background-meta":{"desktop":{"background-color":"var(--ast-global-color-4)","background-image":"","background-repeat":"repeat","background-position":"center center","background-size":"auto","background-attachment":"scroll","background-type":"","background-media":"","overlay-type":"","overlay-color":"","overlay-opacity":"","overlay-gradient":""},"tablet":{"background-color":"var(--ast-global-color-4)","background-image":"","background-repeat":"repeat","background-position":"center center","background-size":"auto","background-attachment":"scroll","background-type":"","background-media":"","overlay-type":"","overlay-color":"","overlay-opacity":"","overlay-gradient":""},"mobile":{"background-color":"var(--ast-global-color-4)","background-image":"","background-repeat":"repeat","background-position":"center center","background-size":"auto","background-attachment":"scroll","background-type":"","background-media":"","overlay-type":"","overlay-color":"","overlay-opacity":"","overlay-gradient":""}}},"product_brand":[],"product_cat":[95,105],"product_tag":[],"class_list":{"0":"post-54335","1":"product","2":"type-product","3":"status-publish","4":"has-post-thumbnail","6":"product_cat-etrangeres","7":"product_cat-europe","8":"pa_anneefrappe1-9c-1865","9":"pa_atelier-43-utrecht","10":"pa_metal-b5-argent","11":"pa_pays-pays-bas","12":"pa_qualite-89-ttb_","13":"personnage-guillaume-iii-roi-des-pays-bas","14":"desktop-align-left","15":"tablet-align-left","16":"mobile-align-left","18":"first","19":"instock","20":"shipping-taxable","21":"purchasable","22":"product-type-simple"},"acf":[],"yoast_head":"<!-- This site is optimized with the Yoast SEO plugin v27.4 - https:\/\/yoast.com\/product\/yoast-seo-wordpress\/ -->\n<title>Netherlands William III 2.5 gulden 1865<\/title>\n<meta name=\"description\" content=\"A 2.5 gulden coin minted under William III King of the Netherlands in 1865. Bare head of William III on the obverse and shield with the arms of Holland on...\" \/>\n<meta name=\"robots\" content=\"index, follow, max-snippet:-1, max-image-preview:large, max-video-preview:-1\" \/>\n<link rel=\"canonical\" href=\"https:\/\/www.numismeo.com\/en\/boutique\/etrangeres\/europe\/pays-bas-guillaume-iii-25-gulden-1865\/\" \/>\n<meta property=\"og:locale\" content=\"en_US\" \/>\n<meta property=\"og:type\" content=\"article\" \/>\n<meta property=\"og:title\" content=\"Netherlands William III 2.5 gulden 1865\" \/>\n<meta property=\"og:description\" content=\"A 2.5 gulden coin minted under William III King of the Netherlands in 1865. Bare head of William III on the obverse and shield with the arms of Holland on...\" \/>\n<meta property=\"og:url\" content=\"https:\/\/www.numismeo.com\/en\/boutique\/etrangeres\/europe\/pays-bas-guillaume-iii-25-gulden-1865\/\" \/>\n<meta property=\"og:site_name\" content=\"Numismeo\" \/>\n<meta property=\"article:publisher\" content=\"https:\/\/www.facebook.com\/numismeo\" \/>\n<meta property=\"article:modified_time\" content=\"2026-04-25T08:45:02+00:00\" \/>\n<meta property=\"og:image\" content=\"https:\/\/www.numismeo.com\/wp-content\/uploads\/2026\/04\/Etr-PaysBas25Gulden1865-1.webp\" \/>\n\t<meta property=\"og:image:width\" content=\"1500\" \/>\n\t<meta property=\"og:image:height\" content=\"1500\" \/>\n\t<meta property=\"og:image:type\" content=\"image\/webp\" \/>\n<meta name=\"twitter:card\" content=\"summary_large_image\" \/>\n<meta name=\"twitter:label1\" content=\"Est. reading time\" \/>\n\t<meta name=\"twitter:data1\" content=\"1 minute\" \/>\n<script type=\"application\/ld+json\" class=\"yoast-schema-graph\">{\"@context\":\"https:\\\/\\\/schema.org\",\"@graph\":[{\"@type\":\"WebPage\",\"@id\":\"https:\\\/\\\/www.numismeo.com\\\/en\\\/boutique\\\/etrangeres\\\/europe\\\/pays-bas-guillaume-iii-25-gulden-1865\\\/\",\"url\":\"https:\\\/\\\/www.numismeo.com\\\/en\\\/boutique\\\/etrangeres\\\/europe\\\/pays-bas-guillaume-iii-25-gulden-1865\\\/\",\"name\":\"Pays Bas Guillaume III 2,5 gulden 1865 - Numismeo\",\"isPartOf\":{\"@id\":\"https:\\\/\\\/www.numismeo.com\\\/#website\"},\"primaryImageOfPage\":{\"@id\":\"https:\\\/\\\/www.numismeo.com\\\/boutique\\\/etrangeres\\\/europe\\\/pays-bas-guillaume-iii-25-gulden-1865\\\/#primaryimage\"},\"image\":{\"@id\":\"https:\\\/\\\/www.numismeo.com\\\/boutique\\\/etrangeres\\\/europe\\\/pays-bas-guillaume-iii-25-gulden-1865\\\/#primaryimage\"},\"thumbnailUrl\":\"https:\\\/\\\/www.numismeo.com\\\/wp-content\\\/uploads\\\/2026\\\/04\\\/Etr-PaysBas25Gulden1865-1.webp\",\"datePublished\":\"2026-04-25T08:34:51+00:00\",\"dateModified\":\"2026-04-25T08:45:02+00:00\",\"description\":\"Pi\u00e8ce de 2,5 gulden frapp\u00e9e sous Guillaume III roi des Pays-Bas en 1865. T\u00eate nue de Guillaume III \u00e0 l'avers et \u00e9cu aux armes de Hollande au revers\",\"breadcrumb\":{\"@id\":\"https:\\\/\\\/www.numismeo.com\\\/boutique\\\/etrangeres\\\/europe\\\/pays-bas-guillaume-iii-25-gulden-1865\\\/#breadcrumb\"},\"inLanguage\":\"en-US\",\"potentialAction\":[{\"@type\":\"ReadAction\",\"target\":[\"https:\\\/\\\/www.numismeo.com\\\/boutique\\\/etrangeres\\\/europe\\\/pays-bas-guillaume-iii-25-gulden-1865\\\/\"]}]},{\"@type\":\"ImageObject\",\"inLanguage\":\"en-US\",\"@id\":\"https:\\\/\\\/www.numismeo.com\\\/boutique\\\/etrangeres\\\/europe\\\/pays-bas-guillaume-iii-25-gulden-1865\\\/#primaryimage\",\"url\":\"https:\\\/\\\/www.numismeo.com\\\/wp-content\\\/uploads\\\/2026\\\/04\\\/Etr-PaysBas25Gulden1865-1.webp\",\"contentUrl\":\"https:\\\/\\\/www.numismeo.com\\\/wp-content\\\/uploads\\\/2026\\\/04\\\/Etr-PaysBas25Gulden1865-1.webp\",\"width\":1500,\"height\":1500},{\"@type\":\"BreadcrumbList\",\"@id\":\"https:\\\/\\\/www.numismeo.com\\\/boutique\\\/etrangeres\\\/europe\\\/pays-bas-guillaume-iii-25-gulden-1865\\\/#breadcrumb\",\"itemListElement\":[{\"@type\":\"ListItem\",\"position\":1,\"name\":\"Accueil\",\"item\":\"https:\\\/\\\/www.numismeo.com\\\/\"},{\"@type\":\"ListItem\",\"position\":2,\"name\":\"BoutiqueTechnique\",\"item\":\"https:\\\/\\\/www.numismeo.com\\\/boutiquetechnique\\\/\"},{\"@type\":\"ListItem\",\"position\":3,\"name\":\"Pays Bas Guillaume III 2,5 gulden 1865\"}]},{\"@type\":\"WebSite\",\"@id\":\"https:\\\/\\\/www.numismeo.com\\\/#website\",\"url\":\"https:\\\/\\\/www.numismeo.com\\\/\",\"name\":\"Numismeo\",\"description\":\"MAISON CREUSY fond\u00e9 en 1974\",\"publisher\":{\"@id\":\"https:\\\/\\\/www.numismeo.com\\\/#organization\"},\"alternateName\":\"Maison Creusy\",\"potentialAction\":[{\"@type\":\"SearchAction\",\"target\":{\"@type\":\"EntryPoint\",\"urlTemplate\":\"https:\\\/\\\/www.numismeo.com\\\/?s={search_term_string}\"},\"query-input\":{\"@type\":\"PropertyValueSpecification\",\"valueRequired\":true,\"valueName\":\"search_term_string\"}}],\"inLanguage\":\"en-US\"},{\"@type\":\"Organization\",\"@id\":\"https:\\\/\\\/www.numismeo.com\\\/#organization\",\"name\":\"Maison Creusy\",\"alternateName\":\"Maison Creusy\",\"url\":\"https:\\\/\\\/www.numismeo.com\\\/\",\"logo\":{\"@type\":\"ImageObject\",\"inLanguage\":\"en-US\",\"@id\":\"https:\\\/\\\/www.numismeo.com\\\/#\\\/schema\\\/logo\\\/image\\\/\",\"url\":\"https:\\\/\\\/www.numismeo.com\\\/wp-content\\\/uploads\\\/2022\\\/09\\\/LogoPetit.jpg\",\"contentUrl\":\"https:\\\/\\\/www.numismeo.com\\\/wp-content\\\/uploads\\\/2022\\\/09\\\/LogoPetit.jpg\",\"width\":164,\"height\":164,\"caption\":\"Maison Creusy\"},\"image\":{\"@id\":\"https:\\\/\\\/www.numismeo.com\\\/#\\\/schema\\\/logo\\\/image\\\/\"},\"sameAs\":[\"https:\\\/\\\/www.facebook.com\\\/numismeo\"]}]}<\/script>\n<!-- \/ Yoast SEO plugin. -->","yoast_head_json":{"title":"Netherlands William III 2.5 gulden 1865","description":"A 2.5 gulden coin minted under William III King of the Netherlands in 1865. Bare head of William III on the obverse and shield with the arms of Holland on...","robots":{"index":"index","follow":"follow","max-snippet":"max-snippet:-1","max-image-preview":"max-image-preview:large","max-video-preview":"max-video-preview:-1"},"canonical":"https:\/\/www.numismeo.com\/en\/boutique\/etrangeres\/europe\/pays-bas-guillaume-iii-25-gulden-1865\/","og_locale":"en_US","og_type":"article","og_title":"Netherlands William III 2.5 gulden 1865","og_description":"A 2.5 gulden coin minted under William III King of the Netherlands in 1865. Bare head of William III on the obverse and shield with the arms of Holland on...","og_url":"https:\/\/www.numismeo.com\/en\/boutique\/etrangeres\/europe\/pays-bas-guillaume-iii-25-gulden-1865\/","og_site_name":"Numismeo","article_publisher":"https:\/\/www.facebook.com\/numismeo","article_modified_time":"2026-04-25T08:45:02+00:00","og_image":[{"width":1500,"height":1500,"url":"https:\/\/www.numismeo.com\/wp-content\/uploads\/2026\/04\/Etr-PaysBas25Gulden1865-1.webp","type":"image\/webp"}],"twitter_card":"summary_large_image","twitter_misc":{"Est. reading time":"1 minute"},"schema":{"@context":"https:\/\/schema.org","@graph":[{"@type":"WebPage","@id":"https:\/\/www.numismeo.com\/en\/boutique\/etrangeres\/europe\/pays-bas-guillaume-iii-25-gulden-1865\/","url":"https:\/\/www.numismeo.com\/en\/boutique\/etrangeres\/europe\/pays-bas-guillaume-iii-25-gulden-1865\/","name":"Pays Bas Guillaume III 2,5 gulden 1865 - Numismeo","isPartOf":{"@id":"https:\/\/www.numismeo.com\/#website"},"primaryImageOfPage":{"@id":"https:\/\/www.numismeo.com\/boutique\/etrangeres\/europe\/pays-bas-guillaume-iii-25-gulden-1865\/#primaryimage"},"image":{"@id":"https:\/\/www.numismeo.com\/boutique\/etrangeres\/europe\/pays-bas-guillaume-iii-25-gulden-1865\/#primaryimage"},"thumbnailUrl":"https:\/\/www.numismeo.com\/wp-content\/uploads\/2026\/04\/Etr-PaysBas25Gulden1865-1.webp","datePublished":"2026-04-25T08:34:51+00:00","dateModified":"2026-04-25T08:45:02+00:00","description":"Pi\u00e8ce de 2,5 gulden frapp\u00e9e sous Guillaume III roi des Pays-Bas en 1865. T\u00eate nue de Guillaume III \u00e0 l'avers et \u00e9cu aux armes de Hollande au revers","breadcrumb":{"@id":"https:\/\/www.numismeo.com\/boutique\/etrangeres\/europe\/pays-bas-guillaume-iii-25-gulden-1865\/#breadcrumb"},"inLanguage":"en-US","potentialAction":[{"@type":"ReadAction","target":["https:\/\/www.numismeo.com\/boutique\/etrangeres\/europe\/pays-bas-guillaume-iii-25-gulden-1865\/"]}]},{"@type":"ImageObject","inLanguage":"en-US","@id":"https:\/\/www.numismeo.com\/boutique\/etrangeres\/europe\/pays-bas-guillaume-iii-25-gulden-1865\/#primaryimage","url":"https:\/\/www.numismeo.com\/wp-content\/uploads\/2026\/04\/Etr-PaysBas25Gulden1865-1.webp","contentUrl":"https:\/\/www.numismeo.com\/wp-content\/uploads\/2026\/04\/Etr-PaysBas25Gulden1865-1.webp","width":1500,"height":1500},{"@type":"BreadcrumbList","@id":"https:\/\/www.numismeo.com\/boutique\/etrangeres\/europe\/pays-bas-guillaume-iii-25-gulden-1865\/#breadcrumb","itemListElement":[{"@type":"ListItem","position":1,"name":"Accueil","item":"https:\/\/www.numismeo.com\/"},{"@type":"ListItem","position":2,"name":"BoutiqueTechnique","item":"https:\/\/www.numismeo.com\/boutiquetechnique\/"},{"@type":"ListItem","position":3,"name":"Pays Bas Guillaume III 2,5 gulden 1865"}]},{"@type":"WebSite","@id":"https:\/\/www.numismeo.com\/#website","url":"https:\/\/www.numismeo.com\/","name":"Numismeo","description":"MAISON CREUSY fond\u00e9 en 1974","publisher":{"@id":"https:\/\/www.numismeo.com\/#organization"},"alternateName":"Maison Creusy","potentialAction":[{"@type":"SearchAction","target":{"@type":"EntryPoint","urlTemplate":"https:\/\/www.numismeo.com\/?s={search_term_string}"},"query-input":{"@type":"PropertyValueSpecification","valueRequired":true,"valueName":"search_term_string"}}],"inLanguage":"en-US"},{"@type":"Organization","@id":"https:\/\/www.numismeo.com\/#organization","name":"Maison Creusy","alternateName":"Maison Creusy","url":"https:\/\/www.numismeo.com\/","logo":{"@type":"ImageObject","inLanguage":"en-US","@id":"https:\/\/www.numismeo.com\/#\/schema\/logo\/image\/","url":"https:\/\/www.numismeo.com\/wp-content\/uploads\/2022\/09\/LogoPetit.jpg","contentUrl":"https:\/\/www.numismeo.com\/wp-content\/uploads\/2022\/09\/LogoPetit.jpg","width":164,"height":164,"caption":"Maison Creusy"},"image":{"@id":"https:\/\/www.numismeo.com\/#\/schema\/logo\/image\/"},"sameAs":["https:\/\/www.facebook.com\/numismeo"]}]}},"_links":{"self":[{"href":"https:\/\/www.numismeo.com\/wp-json\/wp\/v2\/product\/54335","targetHints":{"allow":["GET"]}}],"collection":[{"href":"https:\/\/www.numismeo.com\/wp-json\/wp\/v2\/product"}],"about":[{"href":"https:\/\/www.numismeo.com\/wp-json\/wp\/v2\/types\/product"}],"wp:featuredmedia":[{"embeddable":true,"href":"https:\/\/www.numismeo.com\/wp-json\/wp\/v2\/media\/54337"}],"wp:attachment":[{"href":"https:\/\/www.numismeo.com\/wp-json\/wp\/v2\/media?parent=54335"}],"wp:term":[{"taxonomy":"product_brand","embeddable":true,"href":"https:\/\/www.numismeo.com\/wp-json\/wp\/v2\/product_brand?post=54335"},{"taxonomy":"product_cat","embeddable":true,"href":"https:\/\/www.numismeo.com\/wp-json\/wp\/v2\/product_cat?post=54335"},{"taxonomy":"product_tag","embeddable":true,"href":"https:\/\/www.numismeo.com\/wp-json\/wp\/v2\/product_tag?post=54335"}],"curies":[{"name":"wp","href":"https:\/\/api.w.org\/{rel}","templated":true}]}}