{"id":54348,"date":"2026-04-27T14:32:54","date_gmt":"2026-04-27T12:32:54","guid":{"rendered":"https:\/\/www.numismeo.com\/?post_type=product&#038;p=54348"},"modified":"2026-04-27T14:47:08","modified_gmt":"2026-04-27T12:47:08","slug":"italie-venise-5-lire-1848","status":"publish","type":"product","link":"https:\/\/www.numismeo.com\/en\/boutique\/etrangeres\/europe\/italie-venise-5-lire-1848\/","title":{"rendered":"Italy Venice 5 lire 1848"},"content":{"rendered":"Second type of the 5 lira of the provisional government of Venice. Minted in 1848, the lion of Saint Mark on the obverse. <a href=\"https:\/\/youtube.com\/shorts\/55raDiXdJoU?feature=share\" target=\"_blank\" rel=\"noopener\">Youtube video link<\/a>\r\n<p class=\"p1\">The provisional government of Venice in 1848 was part of the European revolutions of 1848, a vast movement of political and social protest. In Venice, the population rose up against the domination of the Austrian Empire. On 22 March 1848, led by <span class=\"s1\">Daniele Manin<\/span>, the insurgents proclaimed the restoration of the Republic of San Marco, putting an end to Austrian control over the city.<\/p>\r\n<p class=\"p1\">A provisional government was then set up to organise the resistance and administer the city. Led by Manin, this government adopted measures to mobilise resources, raise troops and defend Venetian independence. It embodied a republican ideal based on citizen participation and political freedom.<\/p>\r\n<p class=\"p1\">However, despite popular enthusiasm, the Republic faced great difficulties, including a lack of external support and Austrian military superiority. After a long siege, Venice capitulated in August 1849, putting an end to this republican experiment. The provisional government of 1848 nevertheless remains a strong symbol of the struggle for independence and freedom in 19th-century Italy.<\/p>","protected":false},"excerpt":{"rendered":"<p>Second type of the 5 lira of the provisional government of Venice. Minted in 1848, the lion of Saint Mark [&hellip;]<\/p>\n","protected":false},"featured_media":54346,"template":"","meta":{"_acf_changed":false,"site-sidebar-layout":"default","site-content-layout":"","ast-site-content-layout":"default","site-content-style":"default","site-sidebar-style":"default","ast-global-header-display":"","ast-banner-title-visibility":"","ast-main-header-display":"","ast-hfb-above-header-display":"","ast-hfb-below-header-display":"","ast-hfb-mobile-header-display":"","site-post-title":"","ast-breadcrumbs-content":"","ast-featured-img":"","footer-sml-layout":"","ast-disable-related-posts":"","theme-transparent-header-meta":"default","adv-header-id-meta":"","stick-header-meta":"","header-above-stick-meta":"","header-main-stick-meta":"","header-below-stick-meta":"","astra-migrate-meta-layouts":"set","ast-page-background-enabled":"default","ast-page-background-meta":{"desktop":{"background-color":"var(--ast-global-color-5)","background-image":"","background-repeat":"repeat","background-position":"center center","background-size":"auto","background-attachment":"scroll","background-type":"","background-media":"","overlay-type":"","overlay-color":"","overlay-opacity":"","overlay-gradient":""},"tablet":{"background-color":"","background-image":"","background-repeat":"repeat","background-position":"center center","background-size":"auto","background-attachment":"scroll","background-type":"","background-media":"","overlay-type":"","overlay-color":"","overlay-opacity":"","overlay-gradient":""},"mobile":{"background-color":"","background-image":"","background-repeat":"repeat","background-position":"center center","background-size":"auto","background-attachment":"scroll","background-type":"","background-media":"","overlay-type":"","overlay-color":"","overlay-opacity":"","overlay-gradient":""}},"ast-content-background-meta":{"desktop":{"background-color":"var(--ast-global-color-4)","background-image":"","background-repeat":"repeat","background-position":"center center","background-size":"auto","background-attachment":"scroll","background-type":"","background-media":"","overlay-type":"","overlay-color":"","overlay-opacity":"","overlay-gradient":""},"tablet":{"background-color":"var(--ast-global-color-4)","background-image":"","background-repeat":"repeat","background-position":"center center","background-size":"auto","background-attachment":"scroll","background-type":"","background-media":"","overlay-type":"","overlay-color":"","overlay-opacity":"","overlay-gradient":""},"mobile":{"background-color":"var(--ast-global-color-4)","background-image":"","background-repeat":"repeat","background-position":"center center","background-size":"auto","background-attachment":"scroll","background-type":"","background-media":"","overlay-type":"","overlay-color":"","overlay-opacity":"","overlay-gradient":""}}},"product_brand":[],"product_cat":[95,105],"product_tag":[],"class_list":{"0":"post-54348","1":"product","2":"type-product","3":"status-publish","4":"has-post-thumbnail","6":"product_cat-etrangeres","7":"product_cat-europe","8":"pa_anneefrappe1-d0-1848","9":"pa_atelier-9f-venise","10":"pa_metal-b5-argent","11":"pa_pays-italie","12":"pa_qualite-59-sup","13":"desktop-align-left","14":"tablet-align-left","15":"mobile-align-left","17":"first","18":"instock","19":"shipping-taxable","20":"purchasable","21":"product-type-simple"},"acf":[],"yoast_head":"<!-- This site is optimized with the Yoast SEO plugin v27.4 - https:\/\/yoast.com\/product\/yoast-seo-wordpress\/ -->\n<title>Italy Venice 5 lire 1848<\/title>\n<meta name=\"description\" content=\"Second type of the 5 lira of the provisional government of Venice. Minted in 1848, the lion of Saint Mark on the obverse. The provisional government of...\" \/>\n<meta name=\"robots\" content=\"index, follow, max-snippet:-1, max-image-preview:large, max-video-preview:-1\" \/>\n<link rel=\"canonical\" href=\"https:\/\/www.numismeo.com\/en\/boutique\/etrangeres\/europe\/italie-venise-5-lire-1848\/\" \/>\n<meta property=\"og:locale\" content=\"en_US\" \/>\n<meta property=\"og:type\" content=\"article\" \/>\n<meta property=\"og:title\" content=\"Italy Venice 5 lire 1848\" \/>\n<meta property=\"og:description\" content=\"Second type of the 5 lira of the provisional government of Venice. Minted in 1848, the lion of Saint Mark on the obverse. The provisional government of...\" \/>\n<meta property=\"og:url\" content=\"https:\/\/www.numismeo.com\/en\/boutique\/etrangeres\/europe\/italie-venise-5-lire-1848\/\" \/>\n<meta property=\"og:site_name\" content=\"Numismeo\" \/>\n<meta property=\"article:publisher\" content=\"https:\/\/www.facebook.com\/numismeo\" \/>\n<meta property=\"article:modified_time\" content=\"2026-04-27T12:47:08+00:00\" \/>\n<meta property=\"og:image\" content=\"https:\/\/www.numismeo.com\/wp-content\/uploads\/2026\/04\/Etr-Venise5lire1848-1.webp\" \/>\n\t<meta property=\"og:image:width\" content=\"1500\" \/>\n\t<meta property=\"og:image:height\" content=\"1500\" \/>\n\t<meta property=\"og:image:type\" content=\"image\/webp\" \/>\n<meta name=\"twitter:card\" content=\"summary_large_image\" \/>\n<meta name=\"twitter:label1\" content=\"Est. reading time\" \/>\n\t<meta name=\"twitter:data1\" content=\"2 minutes\" \/>\n<script type=\"application\/ld+json\" class=\"yoast-schema-graph\">{\"@context\":\"https:\\\/\\\/schema.org\",\"@graph\":[{\"@type\":\"WebPage\",\"@id\":\"https:\\\/\\\/www.numismeo.com\\\/en\\\/boutique\\\/etrangeres\\\/europe\\\/italie-venise-5-lire-1848\\\/\",\"url\":\"https:\\\/\\\/www.numismeo.com\\\/en\\\/boutique\\\/etrangeres\\\/europe\\\/italie-venise-5-lire-1848\\\/\",\"name\":\"Italie Venise 5 lire 1848 - Numismeo\",\"isPartOf\":{\"@id\":\"https:\\\/\\\/www.numismeo.com\\\/#website\"},\"primaryImageOfPage\":{\"@id\":\"https:\\\/\\\/www.numismeo.com\\\/boutique\\\/etrangeres\\\/europe\\\/italie-venise-5-lire-1848\\\/#primaryimage\"},\"image\":{\"@id\":\"https:\\\/\\\/www.numismeo.com\\\/boutique\\\/etrangeres\\\/europe\\\/italie-venise-5-lire-1848\\\/#primaryimage\"},\"thumbnailUrl\":\"https:\\\/\\\/www.numismeo.com\\\/wp-content\\\/uploads\\\/2026\\\/04\\\/Etr-Venise5lire1848-1.webp\",\"datePublished\":\"2026-04-27T12:32:54+00:00\",\"dateModified\":\"2026-04-27T12:47:08+00:00\",\"description\":\"Deuxi\u00e8me type de la 5 lire du gouvernement provisoire de Venise. Monnaie frapp\u00e9e en 1848, le lion de Saint-Marc \u00e0 l'avers\",\"breadcrumb\":{\"@id\":\"https:\\\/\\\/www.numismeo.com\\\/boutique\\\/etrangeres\\\/europe\\\/italie-venise-5-lire-1848\\\/#breadcrumb\"},\"inLanguage\":\"en-US\",\"potentialAction\":[{\"@type\":\"ReadAction\",\"target\":[\"https:\\\/\\\/www.numismeo.com\\\/boutique\\\/etrangeres\\\/europe\\\/italie-venise-5-lire-1848\\\/\"]}]},{\"@type\":\"ImageObject\",\"inLanguage\":\"en-US\",\"@id\":\"https:\\\/\\\/www.numismeo.com\\\/boutique\\\/etrangeres\\\/europe\\\/italie-venise-5-lire-1848\\\/#primaryimage\",\"url\":\"https:\\\/\\\/www.numismeo.com\\\/wp-content\\\/uploads\\\/2026\\\/04\\\/Etr-Venise5lire1848-1.webp\",\"contentUrl\":\"https:\\\/\\\/www.numismeo.com\\\/wp-content\\\/uploads\\\/2026\\\/04\\\/Etr-Venise5lire1848-1.webp\",\"width\":1500,\"height\":1500},{\"@type\":\"BreadcrumbList\",\"@id\":\"https:\\\/\\\/www.numismeo.com\\\/boutique\\\/etrangeres\\\/europe\\\/italie-venise-5-lire-1848\\\/#breadcrumb\",\"itemListElement\":[{\"@type\":\"ListItem\",\"position\":1,\"name\":\"Accueil\",\"item\":\"https:\\\/\\\/www.numismeo.com\\\/\"},{\"@type\":\"ListItem\",\"position\":2,\"name\":\"BoutiqueTechnique\",\"item\":\"https:\\\/\\\/www.numismeo.com\\\/boutiquetechnique\\\/\"},{\"@type\":\"ListItem\",\"position\":3,\"name\":\"Italie Venise 5 lire 1848\"}]},{\"@type\":\"WebSite\",\"@id\":\"https:\\\/\\\/www.numismeo.com\\\/#website\",\"url\":\"https:\\\/\\\/www.numismeo.com\\\/\",\"name\":\"Numismeo\",\"description\":\"MAISON CREUSY fond\u00e9 en 1974\",\"publisher\":{\"@id\":\"https:\\\/\\\/www.numismeo.com\\\/#organization\"},\"alternateName\":\"Maison Creusy\",\"potentialAction\":[{\"@type\":\"SearchAction\",\"target\":{\"@type\":\"EntryPoint\",\"urlTemplate\":\"https:\\\/\\\/www.numismeo.com\\\/?s={search_term_string}\"},\"query-input\":{\"@type\":\"PropertyValueSpecification\",\"valueRequired\":true,\"valueName\":\"search_term_string\"}}],\"inLanguage\":\"en-US\"},{\"@type\":\"Organization\",\"@id\":\"https:\\\/\\\/www.numismeo.com\\\/#organization\",\"name\":\"Maison Creusy\",\"alternateName\":\"Maison Creusy\",\"url\":\"https:\\\/\\\/www.numismeo.com\\\/\",\"logo\":{\"@type\":\"ImageObject\",\"inLanguage\":\"en-US\",\"@id\":\"https:\\\/\\\/www.numismeo.com\\\/#\\\/schema\\\/logo\\\/image\\\/\",\"url\":\"https:\\\/\\\/www.numismeo.com\\\/wp-content\\\/uploads\\\/2022\\\/09\\\/LogoPetit.jpg\",\"contentUrl\":\"https:\\\/\\\/www.numismeo.com\\\/wp-content\\\/uploads\\\/2022\\\/09\\\/LogoPetit.jpg\",\"width\":164,\"height\":164,\"caption\":\"Maison Creusy\"},\"image\":{\"@id\":\"https:\\\/\\\/www.numismeo.com\\\/#\\\/schema\\\/logo\\\/image\\\/\"},\"sameAs\":[\"https:\\\/\\\/www.facebook.com\\\/numismeo\"]}]}<\/script>\n<!-- \/ Yoast SEO plugin. -->","yoast_head_json":{"title":"Italy Venice 5 lire 1848","description":"Second type of the 5 lira of the provisional government of Venice. Minted in 1848, the lion of Saint Mark on the obverse. The provisional government of...","robots":{"index":"index","follow":"follow","max-snippet":"max-snippet:-1","max-image-preview":"max-image-preview:large","max-video-preview":"max-video-preview:-1"},"canonical":"https:\/\/www.numismeo.com\/en\/boutique\/etrangeres\/europe\/italie-venise-5-lire-1848\/","og_locale":"en_US","og_type":"article","og_title":"Italy Venice 5 lire 1848","og_description":"Second type of the 5 lira of the provisional government of Venice. Minted in 1848, the lion of Saint Mark on the obverse. The provisional government of...","og_url":"https:\/\/www.numismeo.com\/en\/boutique\/etrangeres\/europe\/italie-venise-5-lire-1848\/","og_site_name":"Numismeo","article_publisher":"https:\/\/www.facebook.com\/numismeo","article_modified_time":"2026-04-27T12:47:08+00:00","og_image":[{"width":1500,"height":1500,"url":"https:\/\/www.numismeo.com\/wp-content\/uploads\/2026\/04\/Etr-Venise5lire1848-1.webp","type":"image\/webp"}],"twitter_card":"summary_large_image","twitter_misc":{"Est. reading time":"2 minutes"},"schema":{"@context":"https:\/\/schema.org","@graph":[{"@type":"WebPage","@id":"https:\/\/www.numismeo.com\/en\/boutique\/etrangeres\/europe\/italie-venise-5-lire-1848\/","url":"https:\/\/www.numismeo.com\/en\/boutique\/etrangeres\/europe\/italie-venise-5-lire-1848\/","name":"Italie Venise 5 lire 1848 - Numismeo","isPartOf":{"@id":"https:\/\/www.numismeo.com\/#website"},"primaryImageOfPage":{"@id":"https:\/\/www.numismeo.com\/boutique\/etrangeres\/europe\/italie-venise-5-lire-1848\/#primaryimage"},"image":{"@id":"https:\/\/www.numismeo.com\/boutique\/etrangeres\/europe\/italie-venise-5-lire-1848\/#primaryimage"},"thumbnailUrl":"https:\/\/www.numismeo.com\/wp-content\/uploads\/2026\/04\/Etr-Venise5lire1848-1.webp","datePublished":"2026-04-27T12:32:54+00:00","dateModified":"2026-04-27T12:47:08+00:00","description":"Deuxi\u00e8me type de la 5 lire du gouvernement provisoire de Venise. Monnaie frapp\u00e9e en 1848, le lion de Saint-Marc \u00e0 l'avers","breadcrumb":{"@id":"https:\/\/www.numismeo.com\/boutique\/etrangeres\/europe\/italie-venise-5-lire-1848\/#breadcrumb"},"inLanguage":"en-US","potentialAction":[{"@type":"ReadAction","target":["https:\/\/www.numismeo.com\/boutique\/etrangeres\/europe\/italie-venise-5-lire-1848\/"]}]},{"@type":"ImageObject","inLanguage":"en-US","@id":"https:\/\/www.numismeo.com\/boutique\/etrangeres\/europe\/italie-venise-5-lire-1848\/#primaryimage","url":"https:\/\/www.numismeo.com\/wp-content\/uploads\/2026\/04\/Etr-Venise5lire1848-1.webp","contentUrl":"https:\/\/www.numismeo.com\/wp-content\/uploads\/2026\/04\/Etr-Venise5lire1848-1.webp","width":1500,"height":1500},{"@type":"BreadcrumbList","@id":"https:\/\/www.numismeo.com\/boutique\/etrangeres\/europe\/italie-venise-5-lire-1848\/#breadcrumb","itemListElement":[{"@type":"ListItem","position":1,"name":"Accueil","item":"https:\/\/www.numismeo.com\/"},{"@type":"ListItem","position":2,"name":"BoutiqueTechnique","item":"https:\/\/www.numismeo.com\/boutiquetechnique\/"},{"@type":"ListItem","position":3,"name":"Italie Venise 5 lire 1848"}]},{"@type":"WebSite","@id":"https:\/\/www.numismeo.com\/#website","url":"https:\/\/www.numismeo.com\/","name":"Numismeo","description":"MAISON CREUSY fond\u00e9 en 1974","publisher":{"@id":"https:\/\/www.numismeo.com\/#organization"},"alternateName":"Maison Creusy","potentialAction":[{"@type":"SearchAction","target":{"@type":"EntryPoint","urlTemplate":"https:\/\/www.numismeo.com\/?s={search_term_string}"},"query-input":{"@type":"PropertyValueSpecification","valueRequired":true,"valueName":"search_term_string"}}],"inLanguage":"en-US"},{"@type":"Organization","@id":"https:\/\/www.numismeo.com\/#organization","name":"Maison Creusy","alternateName":"Maison Creusy","url":"https:\/\/www.numismeo.com\/","logo":{"@type":"ImageObject","inLanguage":"en-US","@id":"https:\/\/www.numismeo.com\/#\/schema\/logo\/image\/","url":"https:\/\/www.numismeo.com\/wp-content\/uploads\/2022\/09\/LogoPetit.jpg","contentUrl":"https:\/\/www.numismeo.com\/wp-content\/uploads\/2022\/09\/LogoPetit.jpg","width":164,"height":164,"caption":"Maison Creusy"},"image":{"@id":"https:\/\/www.numismeo.com\/#\/schema\/logo\/image\/"},"sameAs":["https:\/\/www.facebook.com\/numismeo"]}]}},"_links":{"self":[{"href":"https:\/\/www.numismeo.com\/wp-json\/wp\/v2\/product\/54348","targetHints":{"allow":["GET"]}}],"collection":[{"href":"https:\/\/www.numismeo.com\/wp-json\/wp\/v2\/product"}],"about":[{"href":"https:\/\/www.numismeo.com\/wp-json\/wp\/v2\/types\/product"}],"wp:featuredmedia":[{"embeddable":true,"href":"https:\/\/www.numismeo.com\/wp-json\/wp\/v2\/media\/54346"}],"wp:attachment":[{"href":"https:\/\/www.numismeo.com\/wp-json\/wp\/v2\/media?parent=54348"}],"wp:term":[{"taxonomy":"product_brand","embeddable":true,"href":"https:\/\/www.numismeo.com\/wp-json\/wp\/v2\/product_brand?post=54348"},{"taxonomy":"product_cat","embeddable":true,"href":"https:\/\/www.numismeo.com\/wp-json\/wp\/v2\/product_cat?post=54348"},{"taxonomy":"product_tag","embeddable":true,"href":"https:\/\/www.numismeo.com\/wp-json\/wp\/v2\/product_tag?post=54348"}],"curies":[{"name":"wp","href":"https:\/\/api.w.org\/{rel}","templated":true}]}}