{"id":54399,"date":"2026-04-30T09:38:11","date_gmt":"2026-04-30T07:38:11","guid":{"rendered":"https:\/\/www.numismeo.com\/?post_type=product&#038;p=54399"},"modified":"2026-04-30T09:38:24","modified_gmt":"2026-04-30T07:38:24","slug":"mazard-corpus-nummorum-numidiae-reliure-toile","status":"publish","type":"product","link":"https:\/\/www.numismeo.com\/en\/boutique\/divers\/livres-occasions\/mazard-corpus-nummorum-numidiae-reliure-toile\/","title":{"rendered":"Mazard Corpus Nummorum Numidiae cloth bound"},"content":{"rendered":"<p class=\"p1\">The <span class=\"s1\"><i>Corpus Nummorum Numidiae<\/i><\/span> by <span class=\"s2\">Jean Mazard<\/span> is an essential reference work for the study of Numidian coinage. Published in 1955, it offers a detailed and methodical catalogue of the monetary issues of the Numidian kingdoms, particularly during the reigns of Massinissa and his successors.<\/p>\r\n<p class=\"p1\">Through a precise classification system, accompanied by descriptions, illustrative plates, and historical analysis, Mazard highlights the richness and diversity of these coins. They stand as key evidence of economic exchanges, cultural influences, and political authority in ancient North Africa.<\/p>\r\n<p class=\"p1\">Intended for both specialists and informed enthusiasts, this corpus remains a fundamental resource for understanding Numidian numismatics and, more broadly, the history of the ancient Mediterranean world.<\/p>","protected":false},"excerpt":{"rendered":"<p>The Corpus Nummorum Numidiae by Jean Mazard is an essential reference work for the study of Numidian coinage. Published in [&hellip;]<\/p>\n","protected":false},"featured_media":54400,"template":"","meta":{"_acf_changed":false,"site-sidebar-layout":"default","site-content-layout":"","ast-site-content-layout":"default","site-content-style":"default","site-sidebar-style":"default","ast-global-header-display":"","ast-banner-title-visibility":"","ast-main-header-display":"","ast-hfb-above-header-display":"","ast-hfb-below-header-display":"","ast-hfb-mobile-header-display":"","site-post-title":"","ast-breadcrumbs-content":"","ast-featured-img":"","footer-sml-layout":"","ast-disable-related-posts":"","theme-transparent-header-meta":"default","adv-header-id-meta":"","stick-header-meta":"","header-above-stick-meta":"","header-main-stick-meta":"","header-below-stick-meta":"","astra-migrate-meta-layouts":"set","ast-page-background-enabled":"default","ast-page-background-meta":{"desktop":{"background-color":"var(--ast-global-color-5)","background-image":"","background-repeat":"repeat","background-position":"center center","background-size":"auto","background-attachment":"scroll","background-type":"","background-media":"","overlay-type":"","overlay-color":"","overlay-opacity":"","overlay-gradient":""},"tablet":{"background-color":"","background-image":"","background-repeat":"repeat","background-position":"center center","background-size":"auto","background-attachment":"scroll","background-type":"","background-media":"","overlay-type":"","overlay-color":"","overlay-opacity":"","overlay-gradient":""},"mobile":{"background-color":"","background-image":"","background-repeat":"repeat","background-position":"center center","background-size":"auto","background-attachment":"scroll","background-type":"","background-media":"","overlay-type":"","overlay-color":"","overlay-opacity":"","overlay-gradient":""}},"ast-content-background-meta":{"desktop":{"background-color":"var(--ast-global-color-4)","background-image":"","background-repeat":"repeat","background-position":"center center","background-size":"auto","background-attachment":"scroll","background-type":"","background-media":"","overlay-type":"","overlay-color":"","overlay-opacity":"","overlay-gradient":""},"tablet":{"background-color":"var(--ast-global-color-4)","background-image":"","background-repeat":"repeat","background-position":"center center","background-size":"auto","background-attachment":"scroll","background-type":"","background-media":"","overlay-type":"","overlay-color":"","overlay-opacity":"","overlay-gradient":""},"mobile":{"background-color":"var(--ast-global-color-4)","background-image":"","background-repeat":"repeat","background-position":"center center","background-size":"auto","background-attachment":"scroll","background-type":"","background-media":"","overlay-type":"","overlay-color":"","overlay-opacity":"","overlay-gradient":""}}},"product_brand":[],"product_cat":[119],"product_tag":[],"class_list":{"0":"post-54399","1":"product","2":"type-product","3":"status-publish","4":"has-post-thumbnail","6":"product_cat-livres-occasions","7":"desktop-align-left","8":"tablet-align-left","9":"mobile-align-left","11":"first","12":"instock","13":"shipping-taxable","14":"purchasable","15":"product-type-simple"},"acf":[],"yoast_head":"<!-- This site is optimized with the Yoast SEO plugin v27.5 - https:\/\/yoast.com\/product\/yoast-seo-wordpress\/ -->\n<title>Mazard Corpus Nummorum Numidiae cloth bound<\/title>\n<meta name=\"description\" content=\"The Corpus Nummorum Numidiae by Jean Mazard is an essential reference work for the study of Numidian coinage. Published in 1955, it offers a detailed and...\" \/>\n<meta name=\"robots\" content=\"index, follow, max-snippet:-1, max-image-preview:large, max-video-preview:-1\" \/>\n<link rel=\"canonical\" href=\"https:\/\/www.numismeo.com\/en\/boutique\/divers\/livres-occasions\/mazard-corpus-nummorum-numidiae-reliure-toile\/\" \/>\n<meta property=\"og:locale\" content=\"en_US\" \/>\n<meta property=\"og:type\" content=\"article\" \/>\n<meta property=\"og:title\" content=\"Mazard Corpus Nummorum Numidiae cloth bound\" \/>\n<meta property=\"og:description\" content=\"The Corpus Nummorum Numidiae by Jean Mazard is an essential reference work for the study of Numidian coinage. Published in 1955, it offers a detailed and...\" \/>\n<meta property=\"og:url\" content=\"https:\/\/www.numismeo.com\/en\/boutique\/divers\/livres-occasions\/mazard-corpus-nummorum-numidiae-reliure-toile\/\" \/>\n<meta property=\"og:site_name\" content=\"Numismeo\" \/>\n<meta property=\"article:publisher\" content=\"https:\/\/www.facebook.com\/numismeo\" \/>\n<meta property=\"article:modified_time\" content=\"2026-04-30T07:38:24+00:00\" \/>\n<meta property=\"og:image\" content=\"https:\/\/www.numismeo.com\/wp-content\/uploads\/2026\/04\/Livres-MazardCorpusNumidiae-2.webp\" \/>\n\t<meta property=\"og:image:width\" content=\"958\" \/>\n\t<meta property=\"og:image:height\" content=\"1280\" \/>\n\t<meta property=\"og:image:type\" content=\"image\/webp\" \/>\n<meta name=\"twitter:card\" content=\"summary_large_image\" \/>\n<meta name=\"twitter:label1\" content=\"Est. reading time\" \/>\n\t<meta name=\"twitter:data1\" content=\"1 minute\" \/>\n<script type=\"application\/ld+json\" class=\"yoast-schema-graph\">{\"@context\":\"https:\\\/\\\/schema.org\",\"@graph\":[{\"@type\":\"WebPage\",\"@id\":\"https:\\\/\\\/www.numismeo.com\\\/en\\\/boutique\\\/divers\\\/livres-occasions\\\/mazard-corpus-nummorum-numidiae-reliure-toile\\\/\",\"url\":\"https:\\\/\\\/www.numismeo.com\\\/en\\\/boutique\\\/divers\\\/livres-occasions\\\/mazard-corpus-nummorum-numidiae-reliure-toile\\\/\",\"name\":\"Mazard Corpus Nummorum Numidiae reliure toile - Numismeo\",\"isPartOf\":{\"@id\":\"https:\\\/\\\/www.numismeo.com\\\/#website\"},\"primaryImageOfPage\":{\"@id\":\"https:\\\/\\\/www.numismeo.com\\\/boutique\\\/divers\\\/livres-occasions\\\/mazard-corpus-nummorum-numidiae-reliure-toile\\\/#primaryimage\"},\"image\":{\"@id\":\"https:\\\/\\\/www.numismeo.com\\\/boutique\\\/divers\\\/livres-occasions\\\/mazard-corpus-nummorum-numidiae-reliure-toile\\\/#primaryimage\"},\"thumbnailUrl\":\"https:\\\/\\\/www.numismeo.com\\\/wp-content\\\/uploads\\\/2026\\\/04\\\/Livres-MazardCorpusNumidiae-2.webp\",\"datePublished\":\"2026-04-30T07:38:11+00:00\",\"dateModified\":\"2026-04-30T07:38:24+00:00\",\"description\":\"Le Corpus Nummorum Numidiae de Jean Mazard est une \u0153uvre de r\u00e9f\u00e9rence incontournable pour l\u2019\u00e9tude des monnaies de la Numidie antique\",\"breadcrumb\":{\"@id\":\"https:\\\/\\\/www.numismeo.com\\\/boutique\\\/divers\\\/livres-occasions\\\/mazard-corpus-nummorum-numidiae-reliure-toile\\\/#breadcrumb\"},\"inLanguage\":\"en-US\",\"potentialAction\":[{\"@type\":\"ReadAction\",\"target\":[\"https:\\\/\\\/www.numismeo.com\\\/boutique\\\/divers\\\/livres-occasions\\\/mazard-corpus-nummorum-numidiae-reliure-toile\\\/\"]}]},{\"@type\":\"ImageObject\",\"inLanguage\":\"en-US\",\"@id\":\"https:\\\/\\\/www.numismeo.com\\\/boutique\\\/divers\\\/livres-occasions\\\/mazard-corpus-nummorum-numidiae-reliure-toile\\\/#primaryimage\",\"url\":\"https:\\\/\\\/www.numismeo.com\\\/wp-content\\\/uploads\\\/2026\\\/04\\\/Livres-MazardCorpusNumidiae-2.webp\",\"contentUrl\":\"https:\\\/\\\/www.numismeo.com\\\/wp-content\\\/uploads\\\/2026\\\/04\\\/Livres-MazardCorpusNumidiae-2.webp\",\"width\":958,\"height\":1280},{\"@type\":\"BreadcrumbList\",\"@id\":\"https:\\\/\\\/www.numismeo.com\\\/boutique\\\/divers\\\/livres-occasions\\\/mazard-corpus-nummorum-numidiae-reliure-toile\\\/#breadcrumb\",\"itemListElement\":[{\"@type\":\"ListItem\",\"position\":1,\"name\":\"Accueil\",\"item\":\"https:\\\/\\\/www.numismeo.com\\\/\"},{\"@type\":\"ListItem\",\"position\":2,\"name\":\"BoutiqueTechnique\",\"item\":\"https:\\\/\\\/www.numismeo.com\\\/boutiquetechnique\\\/\"},{\"@type\":\"ListItem\",\"position\":3,\"name\":\"Mazard Corpus Nummorum Numidiae reliure toile\"}]},{\"@type\":\"WebSite\",\"@id\":\"https:\\\/\\\/www.numismeo.com\\\/#website\",\"url\":\"https:\\\/\\\/www.numismeo.com\\\/\",\"name\":\"Numismeo\",\"description\":\"MAISON CREUSY fond\u00e9 en 1974\",\"publisher\":{\"@id\":\"https:\\\/\\\/www.numismeo.com\\\/#organization\"},\"alternateName\":\"Maison Creusy\",\"potentialAction\":[{\"@type\":\"SearchAction\",\"target\":{\"@type\":\"EntryPoint\",\"urlTemplate\":\"https:\\\/\\\/www.numismeo.com\\\/?s={search_term_string}\"},\"query-input\":{\"@type\":\"PropertyValueSpecification\",\"valueRequired\":true,\"valueName\":\"search_term_string\"}}],\"inLanguage\":\"en-US\"},{\"@type\":\"Organization\",\"@id\":\"https:\\\/\\\/www.numismeo.com\\\/#organization\",\"name\":\"Maison Creusy\",\"alternateName\":\"Maison Creusy\",\"url\":\"https:\\\/\\\/www.numismeo.com\\\/\",\"logo\":{\"@type\":\"ImageObject\",\"inLanguage\":\"en-US\",\"@id\":\"https:\\\/\\\/www.numismeo.com\\\/#\\\/schema\\\/logo\\\/image\\\/\",\"url\":\"https:\\\/\\\/www.numismeo.com\\\/wp-content\\\/uploads\\\/2022\\\/09\\\/LogoPetit.jpg\",\"contentUrl\":\"https:\\\/\\\/www.numismeo.com\\\/wp-content\\\/uploads\\\/2022\\\/09\\\/LogoPetit.jpg\",\"width\":164,\"height\":164,\"caption\":\"Maison Creusy\"},\"image\":{\"@id\":\"https:\\\/\\\/www.numismeo.com\\\/#\\\/schema\\\/logo\\\/image\\\/\"},\"sameAs\":[\"https:\\\/\\\/www.facebook.com\\\/numismeo\"]}]}<\/script>\n<!-- \/ Yoast SEO plugin. -->","yoast_head_json":{"title":"Mazard Corpus Nummorum Numidiae cloth bound","description":"The Corpus Nummorum Numidiae by Jean Mazard is an essential reference work for the study of Numidian coinage. Published in 1955, it offers a detailed and...","robots":{"index":"index","follow":"follow","max-snippet":"max-snippet:-1","max-image-preview":"max-image-preview:large","max-video-preview":"max-video-preview:-1"},"canonical":"https:\/\/www.numismeo.com\/en\/boutique\/divers\/livres-occasions\/mazard-corpus-nummorum-numidiae-reliure-toile\/","og_locale":"en_US","og_type":"article","og_title":"Mazard Corpus Nummorum Numidiae cloth bound","og_description":"The Corpus Nummorum Numidiae by Jean Mazard is an essential reference work for the study of Numidian coinage. Published in 1955, it offers a detailed and...","og_url":"https:\/\/www.numismeo.com\/en\/boutique\/divers\/livres-occasions\/mazard-corpus-nummorum-numidiae-reliure-toile\/","og_site_name":"Numismeo","article_publisher":"https:\/\/www.facebook.com\/numismeo","article_modified_time":"2026-04-30T07:38:24+00:00","og_image":[{"width":958,"height":1280,"url":"https:\/\/www.numismeo.com\/wp-content\/uploads\/2026\/04\/Livres-MazardCorpusNumidiae-2.webp","type":"image\/webp"}],"twitter_card":"summary_large_image","twitter_misc":{"Est. reading time":"1 minute"},"schema":{"@context":"https:\/\/schema.org","@graph":[{"@type":"WebPage","@id":"https:\/\/www.numismeo.com\/en\/boutique\/divers\/livres-occasions\/mazard-corpus-nummorum-numidiae-reliure-toile\/","url":"https:\/\/www.numismeo.com\/en\/boutique\/divers\/livres-occasions\/mazard-corpus-nummorum-numidiae-reliure-toile\/","name":"Mazard Corpus Nummorum Numidiae reliure toile - Numismeo","isPartOf":{"@id":"https:\/\/www.numismeo.com\/#website"},"primaryImageOfPage":{"@id":"https:\/\/www.numismeo.com\/boutique\/divers\/livres-occasions\/mazard-corpus-nummorum-numidiae-reliure-toile\/#primaryimage"},"image":{"@id":"https:\/\/www.numismeo.com\/boutique\/divers\/livres-occasions\/mazard-corpus-nummorum-numidiae-reliure-toile\/#primaryimage"},"thumbnailUrl":"https:\/\/www.numismeo.com\/wp-content\/uploads\/2026\/04\/Livres-MazardCorpusNumidiae-2.webp","datePublished":"2026-04-30T07:38:11+00:00","dateModified":"2026-04-30T07:38:24+00:00","description":"Le Corpus Nummorum Numidiae de Jean Mazard est une \u0153uvre de r\u00e9f\u00e9rence incontournable pour l\u2019\u00e9tude des monnaies de la Numidie antique","breadcrumb":{"@id":"https:\/\/www.numismeo.com\/boutique\/divers\/livres-occasions\/mazard-corpus-nummorum-numidiae-reliure-toile\/#breadcrumb"},"inLanguage":"en-US","potentialAction":[{"@type":"ReadAction","target":["https:\/\/www.numismeo.com\/boutique\/divers\/livres-occasions\/mazard-corpus-nummorum-numidiae-reliure-toile\/"]}]},{"@type":"ImageObject","inLanguage":"en-US","@id":"https:\/\/www.numismeo.com\/boutique\/divers\/livres-occasions\/mazard-corpus-nummorum-numidiae-reliure-toile\/#primaryimage","url":"https:\/\/www.numismeo.com\/wp-content\/uploads\/2026\/04\/Livres-MazardCorpusNumidiae-2.webp","contentUrl":"https:\/\/www.numismeo.com\/wp-content\/uploads\/2026\/04\/Livres-MazardCorpusNumidiae-2.webp","width":958,"height":1280},{"@type":"BreadcrumbList","@id":"https:\/\/www.numismeo.com\/boutique\/divers\/livres-occasions\/mazard-corpus-nummorum-numidiae-reliure-toile\/#breadcrumb","itemListElement":[{"@type":"ListItem","position":1,"name":"Accueil","item":"https:\/\/www.numismeo.com\/"},{"@type":"ListItem","position":2,"name":"BoutiqueTechnique","item":"https:\/\/www.numismeo.com\/boutiquetechnique\/"},{"@type":"ListItem","position":3,"name":"Mazard Corpus Nummorum Numidiae reliure toile"}]},{"@type":"WebSite","@id":"https:\/\/www.numismeo.com\/#website","url":"https:\/\/www.numismeo.com\/","name":"Numismeo","description":"MAISON CREUSY fond\u00e9 en 1974","publisher":{"@id":"https:\/\/www.numismeo.com\/#organization"},"alternateName":"Maison Creusy","potentialAction":[{"@type":"SearchAction","target":{"@type":"EntryPoint","urlTemplate":"https:\/\/www.numismeo.com\/?s={search_term_string}"},"query-input":{"@type":"PropertyValueSpecification","valueRequired":true,"valueName":"search_term_string"}}],"inLanguage":"en-US"},{"@type":"Organization","@id":"https:\/\/www.numismeo.com\/#organization","name":"Maison Creusy","alternateName":"Maison Creusy","url":"https:\/\/www.numismeo.com\/","logo":{"@type":"ImageObject","inLanguage":"en-US","@id":"https:\/\/www.numismeo.com\/#\/schema\/logo\/image\/","url":"https:\/\/www.numismeo.com\/wp-content\/uploads\/2022\/09\/LogoPetit.jpg","contentUrl":"https:\/\/www.numismeo.com\/wp-content\/uploads\/2022\/09\/LogoPetit.jpg","width":164,"height":164,"caption":"Maison Creusy"},"image":{"@id":"https:\/\/www.numismeo.com\/#\/schema\/logo\/image\/"},"sameAs":["https:\/\/www.facebook.com\/numismeo"]}]}},"_links":{"self":[{"href":"https:\/\/www.numismeo.com\/wp-json\/wp\/v2\/product\/54399","targetHints":{"allow":["GET"]}}],"collection":[{"href":"https:\/\/www.numismeo.com\/wp-json\/wp\/v2\/product"}],"about":[{"href":"https:\/\/www.numismeo.com\/wp-json\/wp\/v2\/types\/product"}],"wp:featuredmedia":[{"embeddable":true,"href":"https:\/\/www.numismeo.com\/wp-json\/wp\/v2\/media\/54400"}],"wp:attachment":[{"href":"https:\/\/www.numismeo.com\/wp-json\/wp\/v2\/media?parent=54399"}],"wp:term":[{"taxonomy":"product_brand","embeddable":true,"href":"https:\/\/www.numismeo.com\/wp-json\/wp\/v2\/product_brand?post=54399"},{"taxonomy":"product_cat","embeddable":true,"href":"https:\/\/www.numismeo.com\/wp-json\/wp\/v2\/product_cat?post=54399"},{"taxonomy":"product_tag","embeddable":true,"href":"https:\/\/www.numismeo.com\/wp-json\/wp\/v2\/product_tag?post=54399"}],"curies":[{"name":"wp","href":"https:\/\/api.w.org\/{rel}","templated":true}]}}