{"id":54403,"date":"2026-04-30T09:58:46","date_gmt":"2026-04-30T07:58:46","guid":{"rendered":"https:\/\/www.numismeo.com\/?post_type=product&#038;p=54403"},"modified":"2026-04-30T09:58:46","modified_gmt":"2026-04-30T07:58:46","slug":"de-saulcy-souvenirs-numismatiques-de-la-revolution-de-1848","status":"publish","type":"product","link":"https:\/\/www.numismeo.com\/en\/boutique\/divers\/livres-occasions\/de-saulcy-souvenirs-numismatiques-de-la-revolution-de-1848\/","title":{"rendered":"De Saulcy Souvenirs numismatiques de la r\u00e9volution de 1848"},"content":{"rendered":"Reprint of De Saulcy's book on the numismatics of the 1848 revolution. Reprinted by Richard Lobel &amp; Co in 1973 in London.","protected":false},"excerpt":{"rendered":"<p>Reprint of De Saulcy&#8217;s book on the numismatics of the 1848 revolution. Reprinted by Richard Lobel &amp; Co in 1973 [&hellip;]<\/p>\n","protected":false},"featured_media":54406,"template":"","meta":{"_acf_changed":false,"site-sidebar-layout":"default","site-content-layout":"","ast-site-content-layout":"default","site-content-style":"default","site-sidebar-style":"default","ast-global-header-display":"","ast-banner-title-visibility":"","ast-main-header-display":"","ast-hfb-above-header-display":"","ast-hfb-below-header-display":"","ast-hfb-mobile-header-display":"","site-post-title":"","ast-breadcrumbs-content":"","ast-featured-img":"","footer-sml-layout":"","ast-disable-related-posts":"","theme-transparent-header-meta":"default","adv-header-id-meta":"","stick-header-meta":"","header-above-stick-meta":"","header-main-stick-meta":"","header-below-stick-meta":"","astra-migrate-meta-layouts":"set","ast-page-background-enabled":"default","ast-page-background-meta":{"desktop":{"background-color":"var(--ast-global-color-5)","background-image":"","background-repeat":"repeat","background-position":"center center","background-size":"auto","background-attachment":"scroll","background-type":"","background-media":"","overlay-type":"","overlay-color":"","overlay-opacity":"","overlay-gradient":""},"tablet":{"background-color":"","background-image":"","background-repeat":"repeat","background-position":"center center","background-size":"auto","background-attachment":"scroll","background-type":"","background-media":"","overlay-type":"","overlay-color":"","overlay-opacity":"","overlay-gradient":""},"mobile":{"background-color":"","background-image":"","background-repeat":"repeat","background-position":"center center","background-size":"auto","background-attachment":"scroll","background-type":"","background-media":"","overlay-type":"","overlay-color":"","overlay-opacity":"","overlay-gradient":""}},"ast-content-background-meta":{"desktop":{"background-color":"var(--ast-global-color-4)","background-image":"","background-repeat":"repeat","background-position":"center center","background-size":"auto","background-attachment":"scroll","background-type":"","background-media":"","overlay-type":"","overlay-color":"","overlay-opacity":"","overlay-gradient":""},"tablet":{"background-color":"var(--ast-global-color-4)","background-image":"","background-repeat":"repeat","background-position":"center center","background-size":"auto","background-attachment":"scroll","background-type":"","background-media":"","overlay-type":"","overlay-color":"","overlay-opacity":"","overlay-gradient":""},"mobile":{"background-color":"var(--ast-global-color-4)","background-image":"","background-repeat":"repeat","background-position":"center center","background-size":"auto","background-attachment":"scroll","background-type":"","background-media":"","overlay-type":"","overlay-color":"","overlay-opacity":"","overlay-gradient":""}}},"product_brand":[],"product_cat":[119],"product_tag":[],"class_list":{"0":"post-54403","1":"product","2":"type-product","3":"status-publish","4":"has-post-thumbnail","6":"product_cat-livres-occasions","7":"desktop-align-left","8":"tablet-align-left","9":"mobile-align-left","11":"first","12":"instock","13":"shipping-taxable","14":"purchasable","15":"product-type-simple"},"acf":[],"yoast_head":"<!-- This site is optimized with the Yoast SEO plugin v27.5 - https:\/\/yoast.com\/product\/yoast-seo-wordpress\/ -->\n<title>De Saulcy coin of the 1848 Revolution<\/title>\n<meta name=\"description\" content=\"Reprint of De Saulcy&#039;s book on the numismatics of the 1848 revolution. Reprinted by Richard Lobel &amp; Co in 1973 in London.\" \/>\n<meta name=\"robots\" content=\"index, follow, max-snippet:-1, max-image-preview:large, max-video-preview:-1\" \/>\n<link rel=\"canonical\" href=\"https:\/\/www.numismeo.com\/en\/boutique\/divers\/livres-occasions\/de-saulcy-souvenirs-numismatiques-de-la-revolution-de-1848\/\" \/>\n<meta property=\"og:locale\" content=\"en_US\" \/>\n<meta property=\"og:type\" content=\"article\" \/>\n<meta property=\"og:title\" content=\"De Saulcy coin of the 1848 Revolution\" \/>\n<meta property=\"og:description\" content=\"Reprint of De Saulcy&#039;s book on the numismatics of the 1848 revolution. Reprinted by Richard Lobel &amp; Co in 1973 in London.\" \/>\n<meta property=\"og:url\" content=\"https:\/\/www.numismeo.com\/en\/boutique\/divers\/livres-occasions\/de-saulcy-souvenirs-numismatiques-de-la-revolution-de-1848\/\" \/>\n<meta property=\"og:site_name\" content=\"Numismeo\" \/>\n<meta property=\"article:publisher\" content=\"https:\/\/www.facebook.com\/numismeo\" \/>\n<meta property=\"og:image\" content=\"https:\/\/www.numismeo.com\/wp-content\/uploads\/2026\/04\/Livre-DeSaulcyRevolution1848-1.webp\" \/>\n\t<meta property=\"og:image:width\" content=\"901\" \/>\n\t<meta property=\"og:image:height\" content=\"1280\" \/>\n\t<meta property=\"og:image:type\" content=\"image\/webp\" \/>\n<meta name=\"twitter:card\" content=\"summary_large_image\" \/>\n<meta name=\"twitter:label1\" content=\"Est. reading time\" \/>\n\t<meta name=\"twitter:data1\" content=\"1 minute\" \/>\n<script type=\"application\/ld+json\" class=\"yoast-schema-graph\">{\"@context\":\"https:\\\/\\\/schema.org\",\"@graph\":[{\"@type\":\"WebPage\",\"@id\":\"https:\\\/\\\/www.numismeo.com\\\/en\\\/boutique\\\/divers\\\/livres-occasions\\\/de-saulcy-souvenirs-numismatiques-de-la-revolution-de-1848\\\/\",\"url\":\"https:\\\/\\\/www.numismeo.com\\\/en\\\/boutique\\\/divers\\\/livres-occasions\\\/de-saulcy-souvenirs-numismatiques-de-la-revolution-de-1848\\\/\",\"name\":\"De Saulcy Souvenirs numismatiques de la r\u00e9volution de 1848 - Numismeo\",\"isPartOf\":{\"@id\":\"https:\\\/\\\/www.numismeo.com\\\/#website\"},\"primaryImageOfPage\":{\"@id\":\"https:\\\/\\\/www.numismeo.com\\\/boutique\\\/divers\\\/livres-occasions\\\/de-saulcy-souvenirs-numismatiques-de-la-revolution-de-1848\\\/#primaryimage\"},\"image\":{\"@id\":\"https:\\\/\\\/www.numismeo.com\\\/boutique\\\/divers\\\/livres-occasions\\\/de-saulcy-souvenirs-numismatiques-de-la-revolution-de-1848\\\/#primaryimage\"},\"thumbnailUrl\":\"https:\\\/\\\/www.numismeo.com\\\/wp-content\\\/uploads\\\/2026\\\/04\\\/Livre-DeSaulcyRevolution1848-1.webp\",\"datePublished\":\"2026-04-30T07:58:46+00:00\",\"description\":\"R\u00e9\u00e9dition du livre de De Saulcy sur la numismatique de de la r\u00e9volution de 1848. R\u00e9imprim\u00e9 par Richard Lobel & Co en 1973 \u00e0 Londres\",\"breadcrumb\":{\"@id\":\"https:\\\/\\\/www.numismeo.com\\\/boutique\\\/divers\\\/livres-occasions\\\/de-saulcy-souvenirs-numismatiques-de-la-revolution-de-1848\\\/#breadcrumb\"},\"inLanguage\":\"en-US\",\"potentialAction\":[{\"@type\":\"ReadAction\",\"target\":[\"https:\\\/\\\/www.numismeo.com\\\/boutique\\\/divers\\\/livres-occasions\\\/de-saulcy-souvenirs-numismatiques-de-la-revolution-de-1848\\\/\"]}]},{\"@type\":\"ImageObject\",\"inLanguage\":\"en-US\",\"@id\":\"https:\\\/\\\/www.numismeo.com\\\/boutique\\\/divers\\\/livres-occasions\\\/de-saulcy-souvenirs-numismatiques-de-la-revolution-de-1848\\\/#primaryimage\",\"url\":\"https:\\\/\\\/www.numismeo.com\\\/wp-content\\\/uploads\\\/2026\\\/04\\\/Livre-DeSaulcyRevolution1848-1.webp\",\"contentUrl\":\"https:\\\/\\\/www.numismeo.com\\\/wp-content\\\/uploads\\\/2026\\\/04\\\/Livre-DeSaulcyRevolution1848-1.webp\",\"width\":901,\"height\":1280},{\"@type\":\"BreadcrumbList\",\"@id\":\"https:\\\/\\\/www.numismeo.com\\\/boutique\\\/divers\\\/livres-occasions\\\/de-saulcy-souvenirs-numismatiques-de-la-revolution-de-1848\\\/#breadcrumb\",\"itemListElement\":[{\"@type\":\"ListItem\",\"position\":1,\"name\":\"Accueil\",\"item\":\"https:\\\/\\\/www.numismeo.com\\\/\"},{\"@type\":\"ListItem\",\"position\":2,\"name\":\"BoutiqueTechnique\",\"item\":\"https:\\\/\\\/www.numismeo.com\\\/boutiquetechnique\\\/\"},{\"@type\":\"ListItem\",\"position\":3,\"name\":\"De Saulcy Souvenirs numismatiques de la r\u00e9volution de 1848\"}]},{\"@type\":\"WebSite\",\"@id\":\"https:\\\/\\\/www.numismeo.com\\\/#website\",\"url\":\"https:\\\/\\\/www.numismeo.com\\\/\",\"name\":\"Numismeo\",\"description\":\"MAISON CREUSY fond\u00e9 en 1974\",\"publisher\":{\"@id\":\"https:\\\/\\\/www.numismeo.com\\\/#organization\"},\"alternateName\":\"Maison Creusy\",\"potentialAction\":[{\"@type\":\"SearchAction\",\"target\":{\"@type\":\"EntryPoint\",\"urlTemplate\":\"https:\\\/\\\/www.numismeo.com\\\/?s={search_term_string}\"},\"query-input\":{\"@type\":\"PropertyValueSpecification\",\"valueRequired\":true,\"valueName\":\"search_term_string\"}}],\"inLanguage\":\"en-US\"},{\"@type\":\"Organization\",\"@id\":\"https:\\\/\\\/www.numismeo.com\\\/#organization\",\"name\":\"Maison Creusy\",\"alternateName\":\"Maison Creusy\",\"url\":\"https:\\\/\\\/www.numismeo.com\\\/\",\"logo\":{\"@type\":\"ImageObject\",\"inLanguage\":\"en-US\",\"@id\":\"https:\\\/\\\/www.numismeo.com\\\/#\\\/schema\\\/logo\\\/image\\\/\",\"url\":\"https:\\\/\\\/www.numismeo.com\\\/wp-content\\\/uploads\\\/2022\\\/09\\\/LogoPetit.jpg\",\"contentUrl\":\"https:\\\/\\\/www.numismeo.com\\\/wp-content\\\/uploads\\\/2022\\\/09\\\/LogoPetit.jpg\",\"width\":164,\"height\":164,\"caption\":\"Maison Creusy\"},\"image\":{\"@id\":\"https:\\\/\\\/www.numismeo.com\\\/#\\\/schema\\\/logo\\\/image\\\/\"},\"sameAs\":[\"https:\\\/\\\/www.facebook.com\\\/numismeo\"]}]}<\/script>\n<!-- \/ Yoast SEO plugin. -->","yoast_head_json":{"title":"De Saulcy coin of the 1848 Revolution","description":"Reprint of De Saulcy's book on the numismatics of the 1848 revolution. Reprinted by Richard Lobel &amp; Co in 1973 in London.","robots":{"index":"index","follow":"follow","max-snippet":"max-snippet:-1","max-image-preview":"max-image-preview:large","max-video-preview":"max-video-preview:-1"},"canonical":"https:\/\/www.numismeo.com\/en\/boutique\/divers\/livres-occasions\/de-saulcy-souvenirs-numismatiques-de-la-revolution-de-1848\/","og_locale":"en_US","og_type":"article","og_title":"De Saulcy coin of the 1848 Revolution","og_description":"Reprint of De Saulcy's book on the numismatics of the 1848 revolution. Reprinted by Richard Lobel &amp; Co in 1973 in London.","og_url":"https:\/\/www.numismeo.com\/en\/boutique\/divers\/livres-occasions\/de-saulcy-souvenirs-numismatiques-de-la-revolution-de-1848\/","og_site_name":"Numismeo","article_publisher":"https:\/\/www.facebook.com\/numismeo","og_image":[{"width":901,"height":1280,"url":"https:\/\/www.numismeo.com\/wp-content\/uploads\/2026\/04\/Livre-DeSaulcyRevolution1848-1.webp","type":"image\/webp"}],"twitter_card":"summary_large_image","twitter_misc":{"Est. reading time":"1 minute"},"schema":{"@context":"https:\/\/schema.org","@graph":[{"@type":"WebPage","@id":"https:\/\/www.numismeo.com\/en\/boutique\/divers\/livres-occasions\/de-saulcy-souvenirs-numismatiques-de-la-revolution-de-1848\/","url":"https:\/\/www.numismeo.com\/en\/boutique\/divers\/livres-occasions\/de-saulcy-souvenirs-numismatiques-de-la-revolution-de-1848\/","name":"De Saulcy Souvenirs numismatiques de la r\u00e9volution de 1848 - Numismeo","isPartOf":{"@id":"https:\/\/www.numismeo.com\/#website"},"primaryImageOfPage":{"@id":"https:\/\/www.numismeo.com\/boutique\/divers\/livres-occasions\/de-saulcy-souvenirs-numismatiques-de-la-revolution-de-1848\/#primaryimage"},"image":{"@id":"https:\/\/www.numismeo.com\/boutique\/divers\/livres-occasions\/de-saulcy-souvenirs-numismatiques-de-la-revolution-de-1848\/#primaryimage"},"thumbnailUrl":"https:\/\/www.numismeo.com\/wp-content\/uploads\/2026\/04\/Livre-DeSaulcyRevolution1848-1.webp","datePublished":"2026-04-30T07:58:46+00:00","description":"R\u00e9\u00e9dition du livre de De Saulcy sur la numismatique de de la r\u00e9volution de 1848. R\u00e9imprim\u00e9 par Richard Lobel & Co en 1973 \u00e0 Londres","breadcrumb":{"@id":"https:\/\/www.numismeo.com\/boutique\/divers\/livres-occasions\/de-saulcy-souvenirs-numismatiques-de-la-revolution-de-1848\/#breadcrumb"},"inLanguage":"en-US","potentialAction":[{"@type":"ReadAction","target":["https:\/\/www.numismeo.com\/boutique\/divers\/livres-occasions\/de-saulcy-souvenirs-numismatiques-de-la-revolution-de-1848\/"]}]},{"@type":"ImageObject","inLanguage":"en-US","@id":"https:\/\/www.numismeo.com\/boutique\/divers\/livres-occasions\/de-saulcy-souvenirs-numismatiques-de-la-revolution-de-1848\/#primaryimage","url":"https:\/\/www.numismeo.com\/wp-content\/uploads\/2026\/04\/Livre-DeSaulcyRevolution1848-1.webp","contentUrl":"https:\/\/www.numismeo.com\/wp-content\/uploads\/2026\/04\/Livre-DeSaulcyRevolution1848-1.webp","width":901,"height":1280},{"@type":"BreadcrumbList","@id":"https:\/\/www.numismeo.com\/boutique\/divers\/livres-occasions\/de-saulcy-souvenirs-numismatiques-de-la-revolution-de-1848\/#breadcrumb","itemListElement":[{"@type":"ListItem","position":1,"name":"Accueil","item":"https:\/\/www.numismeo.com\/"},{"@type":"ListItem","position":2,"name":"BoutiqueTechnique","item":"https:\/\/www.numismeo.com\/boutiquetechnique\/"},{"@type":"ListItem","position":3,"name":"De Saulcy Souvenirs numismatiques de la r\u00e9volution de 1848"}]},{"@type":"WebSite","@id":"https:\/\/www.numismeo.com\/#website","url":"https:\/\/www.numismeo.com\/","name":"Numismeo","description":"MAISON CREUSY fond\u00e9 en 1974","publisher":{"@id":"https:\/\/www.numismeo.com\/#organization"},"alternateName":"Maison Creusy","potentialAction":[{"@type":"SearchAction","target":{"@type":"EntryPoint","urlTemplate":"https:\/\/www.numismeo.com\/?s={search_term_string}"},"query-input":{"@type":"PropertyValueSpecification","valueRequired":true,"valueName":"search_term_string"}}],"inLanguage":"en-US"},{"@type":"Organization","@id":"https:\/\/www.numismeo.com\/#organization","name":"Maison Creusy","alternateName":"Maison Creusy","url":"https:\/\/www.numismeo.com\/","logo":{"@type":"ImageObject","inLanguage":"en-US","@id":"https:\/\/www.numismeo.com\/#\/schema\/logo\/image\/","url":"https:\/\/www.numismeo.com\/wp-content\/uploads\/2022\/09\/LogoPetit.jpg","contentUrl":"https:\/\/www.numismeo.com\/wp-content\/uploads\/2022\/09\/LogoPetit.jpg","width":164,"height":164,"caption":"Maison Creusy"},"image":{"@id":"https:\/\/www.numismeo.com\/#\/schema\/logo\/image\/"},"sameAs":["https:\/\/www.facebook.com\/numismeo"]}]}},"_links":{"self":[{"href":"https:\/\/www.numismeo.com\/wp-json\/wp\/v2\/product\/54403","targetHints":{"allow":["GET"]}}],"collection":[{"href":"https:\/\/www.numismeo.com\/wp-json\/wp\/v2\/product"}],"about":[{"href":"https:\/\/www.numismeo.com\/wp-json\/wp\/v2\/types\/product"}],"wp:featuredmedia":[{"embeddable":true,"href":"https:\/\/www.numismeo.com\/wp-json\/wp\/v2\/media\/54406"}],"wp:attachment":[{"href":"https:\/\/www.numismeo.com\/wp-json\/wp\/v2\/media?parent=54403"}],"wp:term":[{"taxonomy":"product_brand","embeddable":true,"href":"https:\/\/www.numismeo.com\/wp-json\/wp\/v2\/product_brand?post=54403"},{"taxonomy":"product_cat","embeddable":true,"href":"https:\/\/www.numismeo.com\/wp-json\/wp\/v2\/product_cat?post=54403"},{"taxonomy":"product_tag","embeddable":true,"href":"https:\/\/www.numismeo.com\/wp-json\/wp\/v2\/product_tag?post=54403"}],"curies":[{"name":"wp","href":"https:\/\/api.w.org\/{rel}","templated":true}]}}