{"id":54408,"date":"2026-04-30T10:42:10","date_gmt":"2026-04-30T08:42:10","guid":{"rendered":"https:\/\/www.numismeo.com\/?post_type=product&#038;p=54408"},"modified":"2026-04-30T10:42:19","modified_gmt":"2026-04-30T08:42:19","slug":"brenot-et-scheers-catalogue-monnaie-massalietes-et-celtique","status":"publish","type":"product","link":"https:\/\/www.numismeo.com\/en\/boutique\/divers\/livres-occasions\/brenot-et-scheers-catalogue-monnaie-massalietes-et-celtique\/","title":{"rendered":"Brenot and Scheers Massali\u00e8te and Celtic coins catalogue"},"content":{"rendered":"<p class=\"p1\">The <span class=\"s1\"><i>Catalogue des monnaies massali\u00e8tes et monnaies celtiques du Mus\u00e9e des Beaux-Arts de Lyon<\/i><\/span> by <span class=\"s2\">Claude Brenot<\/span> and <span class=\"s2\">Simone Scheers<\/span> is an essential reference for the study of protohistoric coinage from southern Gaul and the Celtic world.<\/p>\r\n<p class=\"p1\">Published in the 1990s, this work offers a scientific inventory of a remarkable part of the medallion collection of the <span class=\"s2\">Mus\u00e9e des Beaux-Arts de Lyon<\/span>, one of the most important numismatic collections in France and Europe. Boasting more than 1,200 Massali\u00e8te and Celtic coins, this collection illustrates the diversity and complexity of monetary production linked to the Greek colony of Marseille and the Gallic peoples.<\/p>","protected":false},"excerpt":{"rendered":"<p>The Catalogue des monnaies massali\u00e8tes et monnaies celtiques du Mus\u00e9e des Beaux-Arts de Lyon by Claude Brenot and Simone Scheers [&hellip;]<\/p>\n","protected":false},"featured_media":54409,"template":"","meta":{"_acf_changed":false,"site-sidebar-layout":"default","site-content-layout":"","ast-site-content-layout":"default","site-content-style":"default","site-sidebar-style":"default","ast-global-header-display":"","ast-banner-title-visibility":"","ast-main-header-display":"","ast-hfb-above-header-display":"","ast-hfb-below-header-display":"","ast-hfb-mobile-header-display":"","site-post-title":"","ast-breadcrumbs-content":"","ast-featured-img":"","footer-sml-layout":"","ast-disable-related-posts":"","theme-transparent-header-meta":"default","adv-header-id-meta":"","stick-header-meta":"","header-above-stick-meta":"","header-main-stick-meta":"","header-below-stick-meta":"","astra-migrate-meta-layouts":"set","ast-page-background-enabled":"default","ast-page-background-meta":{"desktop":{"background-color":"var(--ast-global-color-5)","background-image":"","background-repeat":"repeat","background-position":"center center","background-size":"auto","background-attachment":"scroll","background-type":"","background-media":"","overlay-type":"","overlay-color":"","overlay-opacity":"","overlay-gradient":""},"tablet":{"background-color":"","background-image":"","background-repeat":"repeat","background-position":"center center","background-size":"auto","background-attachment":"scroll","background-type":"","background-media":"","overlay-type":"","overlay-color":"","overlay-opacity":"","overlay-gradient":""},"mobile":{"background-color":"","background-image":"","background-repeat":"repeat","background-position":"center center","background-size":"auto","background-attachment":"scroll","background-type":"","background-media":"","overlay-type":"","overlay-color":"","overlay-opacity":"","overlay-gradient":""}},"ast-content-background-meta":{"desktop":{"background-color":"var(--ast-global-color-4)","background-image":"","background-repeat":"repeat","background-position":"center center","background-size":"auto","background-attachment":"scroll","background-type":"","background-media":"","overlay-type":"","overlay-color":"","overlay-opacity":"","overlay-gradient":""},"tablet":{"background-color":"var(--ast-global-color-4)","background-image":"","background-repeat":"repeat","background-position":"center center","background-size":"auto","background-attachment":"scroll","background-type":"","background-media":"","overlay-type":"","overlay-color":"","overlay-opacity":"","overlay-gradient":""},"mobile":{"background-color":"var(--ast-global-color-4)","background-image":"","background-repeat":"repeat","background-position":"center center","background-size":"auto","background-attachment":"scroll","background-type":"","background-media":"","overlay-type":"","overlay-color":"","overlay-opacity":"","overlay-gradient":""}}},"product_brand":[],"product_cat":[119],"product_tag":[],"class_list":{"0":"post-54408","1":"product","2":"type-product","3":"status-publish","4":"has-post-thumbnail","6":"product_cat-livres-occasions","7":"desktop-align-left","8":"tablet-align-left","9":"mobile-align-left","11":"first","12":"instock","13":"shipping-taxable","14":"purchasable","15":"product-type-simple"},"acf":[],"yoast_head":"<!-- This site is optimized with the Yoast SEO plugin v27.5 - https:\/\/yoast.com\/product\/yoast-seo-wordpress\/ -->\n<title>Brenot and Scheers Massali\u00e8te and Celtic coins catalogue<\/title>\n<meta name=\"description\" content=\"The Catalogue des monnaies massali\u00e8tes et monnaies celtiques du Mus\u00e9e des Beaux-Arts de Lyon by Claude Brenot and Simone Scheers is an essential reference...\" \/>\n<meta name=\"robots\" content=\"index, follow, max-snippet:-1, max-image-preview:large, max-video-preview:-1\" \/>\n<link rel=\"canonical\" href=\"https:\/\/www.numismeo.com\/en\/boutique\/divers\/livres-occasions\/brenot-et-scheers-catalogue-monnaie-massalietes-et-celtique\/\" \/>\n<meta property=\"og:locale\" content=\"en_US\" \/>\n<meta property=\"og:type\" content=\"article\" \/>\n<meta property=\"og:title\" content=\"Brenot and Scheers Massali\u00e8te and Celtic coins catalogue\" \/>\n<meta property=\"og:description\" content=\"The Catalogue des monnaies massali\u00e8tes et monnaies celtiques du Mus\u00e9e des Beaux-Arts de Lyon by Claude Brenot and Simone Scheers is an essential reference...\" \/>\n<meta property=\"og:url\" content=\"https:\/\/www.numismeo.com\/en\/boutique\/divers\/livres-occasions\/brenot-et-scheers-catalogue-monnaie-massalietes-et-celtique\/\" \/>\n<meta property=\"og:site_name\" content=\"Numismeo\" \/>\n<meta property=\"article:publisher\" content=\"https:\/\/www.facebook.com\/numismeo\" \/>\n<meta property=\"article:modified_time\" content=\"2026-04-30T08:42:19+00:00\" \/>\n<meta property=\"og:image\" content=\"https:\/\/www.numismeo.com\/wp-content\/uploads\/2026\/04\/Livre-MBALyonCeltique-1.webp\" \/>\n\t<meta property=\"og:image:width\" content=\"360\" \/>\n\t<meta property=\"og:image:height\" content=\"1280\" \/>\n\t<meta property=\"og:image:type\" content=\"image\/webp\" \/>\n<meta name=\"twitter:card\" content=\"summary_large_image\" \/>\n<meta name=\"twitter:label1\" content=\"Est. reading time\" \/>\n\t<meta name=\"twitter:data1\" content=\"1 minute\" \/>\n<script type=\"application\/ld+json\" class=\"yoast-schema-graph\">{\"@context\":\"https:\\\/\\\/schema.org\",\"@graph\":[{\"@type\":\"WebPage\",\"@id\":\"https:\\\/\\\/www.numismeo.com\\\/en\\\/boutique\\\/divers\\\/livres-occasions\\\/brenot-et-scheers-catalogue-monnaie-massalietes-et-celtique\\\/\",\"url\":\"https:\\\/\\\/www.numismeo.com\\\/en\\\/boutique\\\/divers\\\/livres-occasions\\\/brenot-et-scheers-catalogue-monnaie-massalietes-et-celtique\\\/\",\"name\":\"Brenot and Scheers Massali\u00e8te and Celtic coins catalogue\",\"isPartOf\":{\"@id\":\"https:\\\/\\\/www.numismeo.com\\\/en\\\/#website\"},\"primaryImageOfPage\":{\"@id\":\"https:\\\/\\\/www.numismeo.com\\\/en\\\/boutique\\\/divers\\\/livres-occasions\\\/brenot-et-scheers-catalogue-monnaie-massalietes-et-celtique\\\/#primaryimage\"},\"image\":{\"@id\":\"https:\\\/\\\/www.numismeo.com\\\/en\\\/boutique\\\/divers\\\/livres-occasions\\\/brenot-et-scheers-catalogue-monnaie-massalietes-et-celtique\\\/#primaryimage\"},\"thumbnailUrl\":\"https:\\\/\\\/www.numismeo.com\\\/wp-content\\\/uploads\\\/2026\\\/04\\\/Livre-MBALyonCeltique-1.webp\",\"datePublished\":\"2026-04-30T08:42:10+00:00\",\"dateModified\":\"2026-04-30T08:42:19+00:00\",\"description\":\"The Catalogue des monnaies massali\u00e8tes et monnaies celtiques du Mus\u00e9e des Beaux-Arts de Lyon by Claude Brenot and Simone Scheers is an essential reference...\",\"breadcrumb\":{\"@id\":\"https:\\\/\\\/www.numismeo.com\\\/en\\\/boutique\\\/divers\\\/livres-occasions\\\/brenot-et-scheers-catalogue-monnaie-massalietes-et-celtique\\\/#breadcrumb\"},\"inLanguage\":\"en-US\",\"potentialAction\":[{\"@type\":\"ReadAction\",\"target\":[\"https:\\\/\\\/www.numismeo.com\\\/en\\\/boutique\\\/divers\\\/livres-occasions\\\/brenot-et-scheers-catalogue-monnaie-massalietes-et-celtique\\\/\"]}]},{\"@type\":\"ImageObject\",\"inLanguage\":\"en-US\",\"@id\":\"https:\\\/\\\/www.numismeo.com\\\/en\\\/boutique\\\/divers\\\/livres-occasions\\\/brenot-et-scheers-catalogue-monnaie-massalietes-et-celtique\\\/#primaryimage\",\"url\":\"https:\\\/\\\/www.numismeo.com\\\/wp-content\\\/uploads\\\/2026\\\/04\\\/Livre-MBALyonCeltique-1.webp\",\"contentUrl\":\"https:\\\/\\\/www.numismeo.com\\\/wp-content\\\/uploads\\\/2026\\\/04\\\/Livre-MBALyonCeltique-1.webp\",\"width\":360,\"height\":1280},{\"@type\":\"BreadcrumbList\",\"@id\":\"https:\\\/\\\/www.numismeo.com\\\/en\\\/boutique\\\/divers\\\/livres-occasions\\\/brenot-et-scheers-catalogue-monnaie-massalietes-et-celtique\\\/#breadcrumb\",\"itemListElement\":[{\"@type\":\"ListItem\",\"position\":1,\"name\":\"Accueil\",\"item\":\"https:\\\/\\\/www.numismeo.com\\\/en\\\/\"},{\"@type\":\"ListItem\",\"position\":2,\"name\":\"BoutiqueTechnique\",\"item\":\"https:\\\/\\\/www.numismeo.com\\\/en\\\/boutiquetechnique\\\/\"},{\"@type\":\"ListItem\",\"position\":3,\"name\":\"Brenot et Scheers Catalogue monnaie massali\u00e8tes et celtique\"}]},{\"@type\":\"WebSite\",\"@id\":\"https:\\\/\\\/www.numismeo.com\\\/en\\\/#website\",\"url\":\"https:\\\/\\\/www.numismeo.com\\\/en\\\/\",\"name\":\"Numismeo\",\"description\":\"MAISON CREUSY fond\u00e9 en 1974\",\"publisher\":{\"@id\":\"https:\\\/\\\/www.numismeo.com\\\/en\\\/#organization\"},\"alternateName\":\"Maison Creusy\",\"potentialAction\":[{\"@type\":\"SearchAction\",\"target\":{\"@type\":\"EntryPoint\",\"urlTemplate\":\"https:\\\/\\\/www.numismeo.com\\\/en\\\/?s=%7Bsearch_term_string%7D\"},\"query-input\":{\"@type\":\"PropertyValueSpecification\",\"valueRequired\":true,\"valueName\":\"search_term_string\"}}],\"inLanguage\":\"en-US\"},{\"@type\":\"Organization\",\"@id\":\"https:\\\/\\\/www.numismeo.com\\\/en\\\/#organization\",\"name\":\"Maison Creusy\",\"alternateName\":\"Maison Creusy\",\"url\":\"https:\\\/\\\/www.numismeo.com\\\/en\\\/\",\"logo\":{\"@type\":\"ImageObject\",\"inLanguage\":\"en-US\",\"@id\":\"https:\\\/\\\/www.numismeo.com\\\/en\\\/#\\\/schema\\\/logo\\\/image\\\/\",\"url\":\"https:\\\/\\\/www.numismeo.com\\\/wp-content\\\/uploads\\\/2022\\\/09\\\/LogoPetit.jpg\",\"contentUrl\":\"https:\\\/\\\/www.numismeo.com\\\/wp-content\\\/uploads\\\/2022\\\/09\\\/LogoPetit.jpg\",\"width\":164,\"height\":164,\"caption\":\"Maison Creusy\"},\"image\":{\"@id\":\"https:\\\/\\\/www.numismeo.com\\\/en\\\/#\\\/schema\\\/logo\\\/image\\\/\"},\"sameAs\":[\"https:\\\/\\\/www.facebook.com\\\/numismeo\"]}]}<\/script>\n<!-- \/ Yoast SEO plugin. -->","yoast_head_json":{"title":"Brenot and Scheers Massali\u00e8te and Celtic coins catalogue","description":"The Catalogue des monnaies massali\u00e8tes et monnaies celtiques du Mus\u00e9e des Beaux-Arts de Lyon by Claude Brenot and Simone Scheers is an essential reference...","robots":{"index":"index","follow":"follow","max-snippet":"max-snippet:-1","max-image-preview":"max-image-preview:large","max-video-preview":"max-video-preview:-1"},"canonical":"https:\/\/www.numismeo.com\/en\/boutique\/divers\/livres-occasions\/brenot-et-scheers-catalogue-monnaie-massalietes-et-celtique\/","og_locale":"en_US","og_type":"article","og_title":"Brenot and Scheers Massali\u00e8te and Celtic coins catalogue","og_description":"The Catalogue des monnaies massali\u00e8tes et monnaies celtiques du Mus\u00e9e des Beaux-Arts de Lyon by Claude Brenot and Simone Scheers is an essential reference...","og_url":"https:\/\/www.numismeo.com\/en\/boutique\/divers\/livres-occasions\/brenot-et-scheers-catalogue-monnaie-massalietes-et-celtique\/","og_site_name":"Numismeo","article_publisher":"https:\/\/www.facebook.com\/numismeo","article_modified_time":"2026-04-30T08:42:19+00:00","og_image":[{"width":360,"height":1280,"url":"https:\/\/www.numismeo.com\/wp-content\/uploads\/2026\/04\/Livre-MBALyonCeltique-1.webp","type":"image\/webp"}],"twitter_card":"summary_large_image","twitter_misc":{"Est. reading time":"1 minute"},"schema":{"@context":"https:\/\/schema.org","@graph":[{"@type":"WebPage","@id":"https:\/\/www.numismeo.com\/en\/boutique\/divers\/livres-occasions\/brenot-et-scheers-catalogue-monnaie-massalietes-et-celtique\/","url":"https:\/\/www.numismeo.com\/en\/boutique\/divers\/livres-occasions\/brenot-et-scheers-catalogue-monnaie-massalietes-et-celtique\/","name":"Brenot and Scheers Massali\u00e8te and Celtic coins catalogue","isPartOf":{"@id":"https:\/\/www.numismeo.com\/en\/#website"},"primaryImageOfPage":{"@id":"https:\/\/www.numismeo.com\/en\/boutique\/divers\/livres-occasions\/brenot-et-scheers-catalogue-monnaie-massalietes-et-celtique\/#primaryimage"},"image":{"@id":"https:\/\/www.numismeo.com\/en\/boutique\/divers\/livres-occasions\/brenot-et-scheers-catalogue-monnaie-massalietes-et-celtique\/#primaryimage"},"thumbnailUrl":"https:\/\/www.numismeo.com\/wp-content\/uploads\/2026\/04\/Livre-MBALyonCeltique-1.webp","datePublished":"2026-04-30T08:42:10+00:00","dateModified":"2026-04-30T08:42:19+00:00","description":"The Catalogue des monnaies massali\u00e8tes et monnaies celtiques du Mus\u00e9e des Beaux-Arts de Lyon by Claude Brenot and Simone Scheers is an essential reference...","breadcrumb":{"@id":"https:\/\/www.numismeo.com\/en\/boutique\/divers\/livres-occasions\/brenot-et-scheers-catalogue-monnaie-massalietes-et-celtique\/#breadcrumb"},"inLanguage":"en-US","potentialAction":[{"@type":"ReadAction","target":["https:\/\/www.numismeo.com\/en\/boutique\/divers\/livres-occasions\/brenot-et-scheers-catalogue-monnaie-massalietes-et-celtique\/"]}]},{"@type":"ImageObject","inLanguage":"en-US","@id":"https:\/\/www.numismeo.com\/en\/boutique\/divers\/livres-occasions\/brenot-et-scheers-catalogue-monnaie-massalietes-et-celtique\/#primaryimage","url":"https:\/\/www.numismeo.com\/wp-content\/uploads\/2026\/04\/Livre-MBALyonCeltique-1.webp","contentUrl":"https:\/\/www.numismeo.com\/wp-content\/uploads\/2026\/04\/Livre-MBALyonCeltique-1.webp","width":360,"height":1280},{"@type":"BreadcrumbList","@id":"https:\/\/www.numismeo.com\/en\/boutique\/divers\/livres-occasions\/brenot-et-scheers-catalogue-monnaie-massalietes-et-celtique\/#breadcrumb","itemListElement":[{"@type":"ListItem","position":1,"name":"Accueil","item":"https:\/\/www.numismeo.com\/en\/"},{"@type":"ListItem","position":2,"name":"BoutiqueTechnique","item":"https:\/\/www.numismeo.com\/en\/boutiquetechnique\/"},{"@type":"ListItem","position":3,"name":"Brenot et Scheers Catalogue monnaie massali\u00e8tes et celtique"}]},{"@type":"WebSite","@id":"https:\/\/www.numismeo.com\/en\/#website","url":"https:\/\/www.numismeo.com\/en\/","name":"Numismeo","description":"MAISON CREUSY fond\u00e9 en 1974","publisher":{"@id":"https:\/\/www.numismeo.com\/en\/#organization"},"alternateName":"Maison Creusy","potentialAction":[{"@type":"SearchAction","target":{"@type":"EntryPoint","urlTemplate":"https:\/\/www.numismeo.com\/en\/?s=%7Bsearch_term_string%7D"},"query-input":{"@type":"PropertyValueSpecification","valueRequired":true,"valueName":"search_term_string"}}],"inLanguage":"en-US"},{"@type":"Organization","@id":"https:\/\/www.numismeo.com\/en\/#organization","name":"Maison Creusy","alternateName":"Maison Creusy","url":"https:\/\/www.numismeo.com\/en\/","logo":{"@type":"ImageObject","inLanguage":"en-US","@id":"https:\/\/www.numismeo.com\/en\/#\/schema\/logo\/image\/","url":"https:\/\/www.numismeo.com\/wp-content\/uploads\/2022\/09\/LogoPetit.jpg","contentUrl":"https:\/\/www.numismeo.com\/wp-content\/uploads\/2022\/09\/LogoPetit.jpg","width":164,"height":164,"caption":"Maison Creusy"},"image":{"@id":"https:\/\/www.numismeo.com\/en\/#\/schema\/logo\/image\/"},"sameAs":["https:\/\/www.facebook.com\/numismeo"]}]}},"_links":{"self":[{"href":"https:\/\/www.numismeo.com\/wp-json\/wp\/v2\/product\/54408","targetHints":{"allow":["GET"]}}],"collection":[{"href":"https:\/\/www.numismeo.com\/wp-json\/wp\/v2\/product"}],"about":[{"href":"https:\/\/www.numismeo.com\/wp-json\/wp\/v2\/types\/product"}],"wp:featuredmedia":[{"embeddable":true,"href":"https:\/\/www.numismeo.com\/wp-json\/wp\/v2\/media\/54409"}],"wp:attachment":[{"href":"https:\/\/www.numismeo.com\/wp-json\/wp\/v2\/media?parent=54408"}],"wp:term":[{"taxonomy":"product_brand","embeddable":true,"href":"https:\/\/www.numismeo.com\/wp-json\/wp\/v2\/product_brand?post=54408"},{"taxonomy":"product_cat","embeddable":true,"href":"https:\/\/www.numismeo.com\/wp-json\/wp\/v2\/product_cat?post=54408"},{"taxonomy":"product_tag","embeddable":true,"href":"https:\/\/www.numismeo.com\/wp-json\/wp\/v2\/product_tag?post=54408"}],"curies":[{"name":"wp","href":"https:\/\/api.w.org\/{rel}","templated":true}]}}