{"id":54473,"date":"2026-05-12T10:29:51","date_gmt":"2026-05-12T08:29:51","guid":{"rendered":"https:\/\/www.numismeo.com\/?post_type=product&#038;p=54473"},"modified":"2026-05-12T10:30:00","modified_gmt":"2026-05-12T08:30:00","slug":"kakwayhides-faramurz-dinar-dor-ah-435-ispahan","status":"publish","type":"product","link":"https:\/\/www.numismeo.com\/en\/boutique\/etrangeres\/etrangeres-or\/kakwayhides-faramurz-dinar-dor-ah-435-ispahan\/","title":{"rendered":"Kakwayhides Far\u00e2murz Golden Dinar AH 435 Esfahan"},"content":{"rendered":"<p class=\"p1\"><b>Pre-Mongol Iran, Jib\u00e2l. Kakwayhide dynasty.<\/b><\/p>\r\n<p class=\"p1\">Gold dinar in the name of Far\u00e2murz, issued in Isfahan in 435 AH, i.e. 1043-1044. The coin cites the Abbasid caliph <span class=\"s1\"><b>al-Q\u00e2'im<\/b><\/span> as well as the Seljuk ruler <span class=\"s1\"><b>Tughril Beg<\/b><\/span> as suzerain, testifying to the new political situation born of Seljuk expansion into western Iran.<\/p>\r\n\r\n<h3><span class=\"s1\"><b>Historical context<\/b><\/span><\/h3>\r\n<p class=\"p2\">The Kakwayhids, a dynasty of Daylamite origin, dominated Isfahan and part of Jib\u00e2l in the 11th century, in an Iran still marked by the Byzantine heritage but already disrupted by the arrival of the Seljuks. Far\u00e2murz succeeded his father Muhammad b. Rustam Dushmanziy\u00e2r around 1041, just as the Seljuks, following their victory over the Ghaznevids, were becoming the rising power in the region. Numismatic sources show that Far\u00e2murz retained local authority for a time, but under the suzerainty of <span class=\"s1\"><b>Tughril Beg<\/b><\/span>, whose name appears on Isfahan dinars. This mention is not a protocol detail: it materialises, on monetary gold, the transformation of kakwayhide power into vassal power.<\/p>\r\n<p class=\"p2\">The vintage <span class=\"s1\"><b>AH 435<\/b><\/span> is therefore particularly interesting: it belongs to the short phase when Isfahan remained associated with Far\u00e2murz while recognising Seljuk authority. The coin illustrates the gradual transition from a fragmented western Iran between local dynasties to an area dominated by the Great Seljuks.<\/p>","protected":false},"excerpt":{"rendered":"<p>Pre-Mongol Iran, Jib\u00e2l. Kakwayhide dynasty. Gold dinar in the name of Far\u00e2murz, issued in Isfahan in 435 AH, i.e. 1043-1044. [&hellip;]<\/p>\n","protected":false},"featured_media":54475,"template":"","meta":{"_acf_changed":false,"site-sidebar-layout":"default","site-content-layout":"","ast-site-content-layout":"default","site-content-style":"default","site-sidebar-style":"default","ast-global-header-display":"","ast-banner-title-visibility":"","ast-main-header-display":"","ast-hfb-above-header-display":"","ast-hfb-below-header-display":"","ast-hfb-mobile-header-display":"","site-post-title":"","ast-breadcrumbs-content":"","ast-featured-img":"","footer-sml-layout":"","ast-disable-related-posts":"","theme-transparent-header-meta":"default","adv-header-id-meta":"","stick-header-meta":"","header-above-stick-meta":"","header-main-stick-meta":"","header-below-stick-meta":"","astra-migrate-meta-layouts":"set","ast-page-background-enabled":"default","ast-page-background-meta":{"desktop":{"background-color":"var(--ast-global-color-5)","background-image":"","background-repeat":"repeat","background-position":"center center","background-size":"auto","background-attachment":"scroll","background-type":"","background-media":"","overlay-type":"","overlay-color":"","overlay-opacity":"","overlay-gradient":""},"tablet":{"background-color":"","background-image":"","background-repeat":"repeat","background-position":"center center","background-size":"auto","background-attachment":"scroll","background-type":"","background-media":"","overlay-type":"","overlay-color":"","overlay-opacity":"","overlay-gradient":""},"mobile":{"background-color":"","background-image":"","background-repeat":"repeat","background-position":"center center","background-size":"auto","background-attachment":"scroll","background-type":"","background-media":"","overlay-type":"","overlay-color":"","overlay-opacity":"","overlay-gradient":""}},"ast-content-background-meta":{"desktop":{"background-color":"var(--ast-global-color-4)","background-image":"","background-repeat":"repeat","background-position":"center center","background-size":"auto","background-attachment":"scroll","background-type":"","background-media":"","overlay-type":"","overlay-color":"","overlay-opacity":"","overlay-gradient":""},"tablet":{"background-color":"var(--ast-global-color-4)","background-image":"","background-repeat":"repeat","background-position":"center center","background-size":"auto","background-attachment":"scroll","background-type":"","background-media":"","overlay-type":"","overlay-color":"","overlay-opacity":"","overlay-gradient":""},"mobile":{"background-color":"var(--ast-global-color-4)","background-image":"","background-repeat":"repeat","background-position":"center center","background-size":"auto","background-attachment":"scroll","background-type":"","background-media":"","overlay-type":"","overlay-color":"","overlay-opacity":"","overlay-gradient":""}}},"product_brand":[],"product_cat":[95,12094],"product_tag":[],"class_list":{"0":"post-54473","1":"product","2":"type-product","3":"status-publish","4":"has-post-thumbnail","6":"product_cat-etrangeres","7":"product_cat-etrangeres-or","8":"pa_anneefrappe1-ah435-1043-1044","9":"pa_atelier-ispahan","10":"pa_metal-88-or","11":"pa_pays-iran","12":"pa_qualite-60-ttb","13":"desktop-align-left","14":"tablet-align-left","15":"mobile-align-left","17":"first","18":"instock","19":"shipping-taxable","20":"purchasable","21":"product-type-simple"},"acf":[],"yoast_head":"<!-- This site is optimized with the Yoast SEO plugin v27.5 - https:\/\/yoast.com\/product\/yoast-seo-wordpress\/ -->\n<title>Kakwayhides Far\u00e2murz Golden Dinar AH 435 Esfahan<\/title>\n<meta name=\"description\" content=\"Pre-Mongol Iran, Jib\u00e2l. Kakwayhide dynasty. Gold dinar in the name of Far\u00e2murz, issued in Isfahan in 435 AH, i.e. 1043-1044. The coin cites the Abbasid...\" \/>\n<meta name=\"robots\" content=\"index, follow, max-snippet:-1, max-image-preview:large, max-video-preview:-1\" \/>\n<link rel=\"canonical\" href=\"https:\/\/www.numismeo.com\/en\/boutique\/etrangeres\/etrangeres-or\/kakwayhides-faramurz-dinar-dor-ah-435-ispahan\/\" \/>\n<meta property=\"og:locale\" content=\"en_US\" \/>\n<meta property=\"og:type\" content=\"article\" \/>\n<meta property=\"og:title\" content=\"Kakwayhides Far\u00e2murz Golden Dinar AH 435 Esfahan\" \/>\n<meta property=\"og:description\" content=\"Pre-Mongol Iran, Jib\u00e2l. Kakwayhide dynasty. Gold dinar in the name of Far\u00e2murz, issued in Isfahan in 435 AH, i.e. 1043-1044. The coin cites the Abbasid...\" \/>\n<meta property=\"og:url\" content=\"https:\/\/www.numismeo.com\/en\/boutique\/etrangeres\/etrangeres-or\/kakwayhides-faramurz-dinar-dor-ah-435-ispahan\/\" \/>\n<meta property=\"og:site_name\" content=\"Numismeo\" \/>\n<meta property=\"article:publisher\" content=\"https:\/\/www.facebook.com\/numismeo\" \/>\n<meta property=\"article:modified_time\" content=\"2026-05-12T08:30:00+00:00\" \/>\n<meta property=\"og:image\" content=\"https:\/\/www.numismeo.com\/wp-content\/uploads\/2026\/05\/EtrOr-IranKakWayhidDinar-2.webp\" \/>\n\t<meta property=\"og:image:width\" content=\"1500\" \/>\n\t<meta property=\"og:image:height\" content=\"1500\" \/>\n\t<meta property=\"og:image:type\" content=\"image\/webp\" \/>\n<meta name=\"twitter:card\" content=\"summary_large_image\" \/>\n<meta name=\"twitter:label1\" content=\"Est. reading time\" \/>\n\t<meta name=\"twitter:data1\" content=\"2 minutes\" \/>\n<script type=\"application\/ld+json\" class=\"yoast-schema-graph\">{\"@context\":\"https:\\\/\\\/schema.org\",\"@graph\":[{\"@type\":\"WebPage\",\"@id\":\"https:\\\/\\\/www.numismeo.com\\\/en\\\/boutique\\\/etrangeres\\\/etrangeres-or\\\/kakwayhides-faramurz-dinar-dor-ah-435-ispahan\\\/\",\"url\":\"https:\\\/\\\/www.numismeo.com\\\/en\\\/boutique\\\/etrangeres\\\/etrangeres-or\\\/kakwayhides-faramurz-dinar-dor-ah-435-ispahan\\\/\",\"name\":\"Kakwayhides Far\u00e2murz Golden Dinar AH 435 Esfahan\",\"isPartOf\":{\"@id\":\"https:\\\/\\\/www.numismeo.com\\\/en\\\/#website\"},\"primaryImageOfPage\":{\"@id\":\"https:\\\/\\\/www.numismeo.com\\\/en\\\/boutique\\\/etrangeres\\\/etrangeres-or\\\/kakwayhides-faramurz-dinar-dor-ah-435-ispahan\\\/#primaryimage\"},\"image\":{\"@id\":\"https:\\\/\\\/www.numismeo.com\\\/en\\\/boutique\\\/etrangeres\\\/etrangeres-or\\\/kakwayhides-faramurz-dinar-dor-ah-435-ispahan\\\/#primaryimage\"},\"thumbnailUrl\":\"https:\\\/\\\/www.numismeo.com\\\/wp-content\\\/uploads\\\/2026\\\/05\\\/EtrOr-IranKakWayhidDinar-2.webp\",\"datePublished\":\"2026-05-12T08:29:51+00:00\",\"dateModified\":\"2026-05-12T08:30:00+00:00\",\"description\":\"Pre-Mongol Iran, Jib\u00e2l. Kakwayhide dynasty. Gold dinar in the name of Far\u00e2murz, issued in Isfahan in 435 AH, i.e. 1043-1044. The coin cites the Abbasid...\",\"breadcrumb\":{\"@id\":\"https:\\\/\\\/www.numismeo.com\\\/en\\\/boutique\\\/etrangeres\\\/etrangeres-or\\\/kakwayhides-faramurz-dinar-dor-ah-435-ispahan\\\/#breadcrumb\"},\"inLanguage\":\"en-US\",\"potentialAction\":[{\"@type\":\"ReadAction\",\"target\":[\"https:\\\/\\\/www.numismeo.com\\\/en\\\/boutique\\\/etrangeres\\\/etrangeres-or\\\/kakwayhides-faramurz-dinar-dor-ah-435-ispahan\\\/\"]}]},{\"@type\":\"ImageObject\",\"inLanguage\":\"en-US\",\"@id\":\"https:\\\/\\\/www.numismeo.com\\\/en\\\/boutique\\\/etrangeres\\\/etrangeres-or\\\/kakwayhides-faramurz-dinar-dor-ah-435-ispahan\\\/#primaryimage\",\"url\":\"https:\\\/\\\/www.numismeo.com\\\/wp-content\\\/uploads\\\/2026\\\/05\\\/EtrOr-IranKakWayhidDinar-2.webp\",\"contentUrl\":\"https:\\\/\\\/www.numismeo.com\\\/wp-content\\\/uploads\\\/2026\\\/05\\\/EtrOr-IranKakWayhidDinar-2.webp\",\"width\":1500,\"height\":1500},{\"@type\":\"BreadcrumbList\",\"@id\":\"https:\\\/\\\/www.numismeo.com\\\/en\\\/boutique\\\/etrangeres\\\/etrangeres-or\\\/kakwayhides-faramurz-dinar-dor-ah-435-ispahan\\\/#breadcrumb\",\"itemListElement\":[{\"@type\":\"ListItem\",\"position\":1,\"name\":\"Accueil\",\"item\":\"https:\\\/\\\/www.numismeo.com\\\/en\\\/\"},{\"@type\":\"ListItem\",\"position\":2,\"name\":\"BoutiqueTechnique\",\"item\":\"https:\\\/\\\/www.numismeo.com\\\/en\\\/boutiquetechnique\\\/\"},{\"@type\":\"ListItem\",\"position\":3,\"name\":\"Kakwayhides Far\u00e2murz Dinar d\u2019or AH 435 Ispahan\"}]},{\"@type\":\"WebSite\",\"@id\":\"https:\\\/\\\/www.numismeo.com\\\/en\\\/#website\",\"url\":\"https:\\\/\\\/www.numismeo.com\\\/en\\\/\",\"name\":\"Numismeo\",\"description\":\"MAISON CREUSY fond\u00e9 en 1974\",\"publisher\":{\"@id\":\"https:\\\/\\\/www.numismeo.com\\\/en\\\/#organization\"},\"alternateName\":\"Maison Creusy\",\"potentialAction\":[{\"@type\":\"SearchAction\",\"target\":{\"@type\":\"EntryPoint\",\"urlTemplate\":\"https:\\\/\\\/www.numismeo.com\\\/en\\\/?s=%7Bsearch_term_string%7D\"},\"query-input\":{\"@type\":\"PropertyValueSpecification\",\"valueRequired\":true,\"valueName\":\"search_term_string\"}}],\"inLanguage\":\"en-US\"},{\"@type\":\"Organization\",\"@id\":\"https:\\\/\\\/www.numismeo.com\\\/en\\\/#organization\",\"name\":\"Maison Creusy\",\"alternateName\":\"Maison Creusy\",\"url\":\"https:\\\/\\\/www.numismeo.com\\\/en\\\/\",\"logo\":{\"@type\":\"ImageObject\",\"inLanguage\":\"en-US\",\"@id\":\"https:\\\/\\\/www.numismeo.com\\\/en\\\/#\\\/schema\\\/logo\\\/image\\\/\",\"url\":\"https:\\\/\\\/www.numismeo.com\\\/wp-content\\\/uploads\\\/2022\\\/09\\\/LogoPetit.jpg\",\"contentUrl\":\"https:\\\/\\\/www.numismeo.com\\\/wp-content\\\/uploads\\\/2022\\\/09\\\/LogoPetit.jpg\",\"width\":164,\"height\":164,\"caption\":\"Maison Creusy\"},\"image\":{\"@id\":\"https:\\\/\\\/www.numismeo.com\\\/en\\\/#\\\/schema\\\/logo\\\/image\\\/\"},\"sameAs\":[\"https:\\\/\\\/www.facebook.com\\\/numismeo\"]}]}<\/script>\n<!-- \/ Yoast SEO plugin. -->","yoast_head_json":{"title":"Kakwayhides Far\u00e2murz Golden Dinar AH 435 Esfahan","description":"Pre-Mongol Iran, Jib\u00e2l. Kakwayhide dynasty. Gold dinar in the name of Far\u00e2murz, issued in Isfahan in 435 AH, i.e. 1043-1044. The coin cites the Abbasid...","robots":{"index":"index","follow":"follow","max-snippet":"max-snippet:-1","max-image-preview":"max-image-preview:large","max-video-preview":"max-video-preview:-1"},"canonical":"https:\/\/www.numismeo.com\/en\/boutique\/etrangeres\/etrangeres-or\/kakwayhides-faramurz-dinar-dor-ah-435-ispahan\/","og_locale":"en_US","og_type":"article","og_title":"Kakwayhides Far\u00e2murz Golden Dinar AH 435 Esfahan","og_description":"Pre-Mongol Iran, Jib\u00e2l. Kakwayhide dynasty. Gold dinar in the name of Far\u00e2murz, issued in Isfahan in 435 AH, i.e. 1043-1044. The coin cites the Abbasid...","og_url":"https:\/\/www.numismeo.com\/en\/boutique\/etrangeres\/etrangeres-or\/kakwayhides-faramurz-dinar-dor-ah-435-ispahan\/","og_site_name":"Numismeo","article_publisher":"https:\/\/www.facebook.com\/numismeo","article_modified_time":"2026-05-12T08:30:00+00:00","og_image":[{"width":1500,"height":1500,"url":"https:\/\/www.numismeo.com\/wp-content\/uploads\/2026\/05\/EtrOr-IranKakWayhidDinar-2.webp","type":"image\/webp"}],"twitter_card":"summary_large_image","twitter_misc":{"Est. reading time":"2 minutes"},"schema":{"@context":"https:\/\/schema.org","@graph":[{"@type":"WebPage","@id":"https:\/\/www.numismeo.com\/en\/boutique\/etrangeres\/etrangeres-or\/kakwayhides-faramurz-dinar-dor-ah-435-ispahan\/","url":"https:\/\/www.numismeo.com\/en\/boutique\/etrangeres\/etrangeres-or\/kakwayhides-faramurz-dinar-dor-ah-435-ispahan\/","name":"Kakwayhides Far\u00e2murz Golden Dinar AH 435 Esfahan","isPartOf":{"@id":"https:\/\/www.numismeo.com\/en\/#website"},"primaryImageOfPage":{"@id":"https:\/\/www.numismeo.com\/en\/boutique\/etrangeres\/etrangeres-or\/kakwayhides-faramurz-dinar-dor-ah-435-ispahan\/#primaryimage"},"image":{"@id":"https:\/\/www.numismeo.com\/en\/boutique\/etrangeres\/etrangeres-or\/kakwayhides-faramurz-dinar-dor-ah-435-ispahan\/#primaryimage"},"thumbnailUrl":"https:\/\/www.numismeo.com\/wp-content\/uploads\/2026\/05\/EtrOr-IranKakWayhidDinar-2.webp","datePublished":"2026-05-12T08:29:51+00:00","dateModified":"2026-05-12T08:30:00+00:00","description":"Pre-Mongol Iran, Jib\u00e2l. Kakwayhide dynasty. Gold dinar in the name of Far\u00e2murz, issued in Isfahan in 435 AH, i.e. 1043-1044. The coin cites the Abbasid...","breadcrumb":{"@id":"https:\/\/www.numismeo.com\/en\/boutique\/etrangeres\/etrangeres-or\/kakwayhides-faramurz-dinar-dor-ah-435-ispahan\/#breadcrumb"},"inLanguage":"en-US","potentialAction":[{"@type":"ReadAction","target":["https:\/\/www.numismeo.com\/en\/boutique\/etrangeres\/etrangeres-or\/kakwayhides-faramurz-dinar-dor-ah-435-ispahan\/"]}]},{"@type":"ImageObject","inLanguage":"en-US","@id":"https:\/\/www.numismeo.com\/en\/boutique\/etrangeres\/etrangeres-or\/kakwayhides-faramurz-dinar-dor-ah-435-ispahan\/#primaryimage","url":"https:\/\/www.numismeo.com\/wp-content\/uploads\/2026\/05\/EtrOr-IranKakWayhidDinar-2.webp","contentUrl":"https:\/\/www.numismeo.com\/wp-content\/uploads\/2026\/05\/EtrOr-IranKakWayhidDinar-2.webp","width":1500,"height":1500},{"@type":"BreadcrumbList","@id":"https:\/\/www.numismeo.com\/en\/boutique\/etrangeres\/etrangeres-or\/kakwayhides-faramurz-dinar-dor-ah-435-ispahan\/#breadcrumb","itemListElement":[{"@type":"ListItem","position":1,"name":"Accueil","item":"https:\/\/www.numismeo.com\/en\/"},{"@type":"ListItem","position":2,"name":"BoutiqueTechnique","item":"https:\/\/www.numismeo.com\/en\/boutiquetechnique\/"},{"@type":"ListItem","position":3,"name":"Kakwayhides Far\u00e2murz Dinar d\u2019or AH 435 Ispahan"}]},{"@type":"WebSite","@id":"https:\/\/www.numismeo.com\/en\/#website","url":"https:\/\/www.numismeo.com\/en\/","name":"Numismeo","description":"MAISON CREUSY fond\u00e9 en 1974","publisher":{"@id":"https:\/\/www.numismeo.com\/en\/#organization"},"alternateName":"Maison Creusy","potentialAction":[{"@type":"SearchAction","target":{"@type":"EntryPoint","urlTemplate":"https:\/\/www.numismeo.com\/en\/?s=%7Bsearch_term_string%7D"},"query-input":{"@type":"PropertyValueSpecification","valueRequired":true,"valueName":"search_term_string"}}],"inLanguage":"en-US"},{"@type":"Organization","@id":"https:\/\/www.numismeo.com\/en\/#organization","name":"Maison Creusy","alternateName":"Maison Creusy","url":"https:\/\/www.numismeo.com\/en\/","logo":{"@type":"ImageObject","inLanguage":"en-US","@id":"https:\/\/www.numismeo.com\/en\/#\/schema\/logo\/image\/","url":"https:\/\/www.numismeo.com\/wp-content\/uploads\/2022\/09\/LogoPetit.jpg","contentUrl":"https:\/\/www.numismeo.com\/wp-content\/uploads\/2022\/09\/LogoPetit.jpg","width":164,"height":164,"caption":"Maison Creusy"},"image":{"@id":"https:\/\/www.numismeo.com\/en\/#\/schema\/logo\/image\/"},"sameAs":["https:\/\/www.facebook.com\/numismeo"]}]}},"_links":{"self":[{"href":"https:\/\/www.numismeo.com\/wp-json\/wp\/v2\/product\/54473","targetHints":{"allow":["GET"]}}],"collection":[{"href":"https:\/\/www.numismeo.com\/wp-json\/wp\/v2\/product"}],"about":[{"href":"https:\/\/www.numismeo.com\/wp-json\/wp\/v2\/types\/product"}],"wp:featuredmedia":[{"embeddable":true,"href":"https:\/\/www.numismeo.com\/wp-json\/wp\/v2\/media\/54475"}],"wp:attachment":[{"href":"https:\/\/www.numismeo.com\/wp-json\/wp\/v2\/media?parent=54473"}],"wp:term":[{"taxonomy":"product_brand","embeddable":true,"href":"https:\/\/www.numismeo.com\/wp-json\/wp\/v2\/product_brand?post=54473"},{"taxonomy":"product_cat","embeddable":true,"href":"https:\/\/www.numismeo.com\/wp-json\/wp\/v2\/product_cat?post=54473"},{"taxonomy":"product_tag","embeddable":true,"href":"https:\/\/www.numismeo.com\/wp-json\/wp\/v2\/product_tag?post=54473"}],"curies":[{"name":"wp","href":"https:\/\/api.w.org\/{rel}","templated":true}]}}