{"id":8640,"date":"2022-10-25T10:53:27","date_gmt":"2022-10-25T08:53:27","guid":{"rendered":"http:\/\/www.numismeo.com\/product\/aiolis-kyme-tetradrachme-magistrat-metrophanes\/"},"modified":"2025-12-31T10:06:15","modified_gmt":"2025-12-31T09:06:15","slug":"aiolis-kyme-tetradrachme-magistrat-metrophanes","status":"publish","type":"product","link":"https:\/\/www.numismeo.com\/en\/boutique\/antiques\/grecques\/aiolis-kyme-tetradrachme-magistrat-metrophanes\/","title":{"rendered":"Aeolis Kyme AR tetradrachm Metrophanes magistrate"},"content":{"rendered":"<p style=\"font-weight: 400;\"><a href=\"https:\/\/fr.wikipedia.org\/wiki\/Cym\u00e9_(\u00c9olide)\" target=\"_blank\" rel=\"noopener\">Kym\u00e9 <\/a>\u00e9tait une cit\u00e9 grecque d&#8217;\u00c9olide (Asie mineure), \u00e0 40 km au nord de Smyrne. Son site se trouve actuellement sur le territoire de la ville turque d&#8217;Alia\u011fa, plus pr\u00e9cis\u00e9ment entre cette ville et les installations portuaires de Nemrut Limani. La proximit\u00e9 des cit\u00e9s \u00e9oliennes de Myrina, de Gryn\u00e9ion et de la cit\u00e9 ionienne de Phoc\u00e9e, entre autres, atteste de l&#8217;ancienne prosp\u00e9rit\u00e9 de la r\u00e9gion. (Source Wikipedia)<\/p>\n","protected":false},"excerpt":{"rendered":"<p>Kym\u00e9 \u00e9tait une cit\u00e9 grecque d&#8217;\u00c9olide (Asie mineure), \u00e0 40 km au nord de Smyrne. Son site se trouve actuellement [&hellip;]<\/p>\n","protected":false},"featured_media":26434,"template":"","meta":{"_acf_changed":false,"site-sidebar-layout":"default","site-content-layout":"","ast-site-content-layout":"default","site-content-style":"default","site-sidebar-style":"default","ast-global-header-display":"","ast-banner-title-visibility":"","ast-main-header-display":"","ast-hfb-above-header-display":"","ast-hfb-below-header-display":"","ast-hfb-mobile-header-display":"","site-post-title":"","ast-breadcrumbs-content":"","ast-featured-img":"","footer-sml-layout":"","ast-disable-related-posts":"","theme-transparent-header-meta":"","adv-header-id-meta":"","stick-header-meta":"","header-above-stick-meta":"","header-main-stick-meta":"","header-below-stick-meta":"","astra-migrate-meta-layouts":"default","ast-page-background-enabled":"default","ast-page-background-meta":{"desktop":{"background-color":"var(--ast-global-color-5)","background-image":"","background-repeat":"repeat","background-position":"center center","background-size":"auto","background-attachment":"scroll","background-type":"","background-media":"","overlay-type":"","overlay-color":"","overlay-opacity":"","overlay-gradient":""},"tablet":{"background-color":"","background-image":"","background-repeat":"repeat","background-position":"center center","background-size":"auto","background-attachment":"scroll","background-type":"","background-media":"","overlay-type":"","overlay-color":"","overlay-opacity":"","overlay-gradient":""},"mobile":{"background-color":"","background-image":"","background-repeat":"repeat","background-position":"center center","background-size":"auto","background-attachment":"scroll","background-type":"","background-media":"","overlay-type":"","overlay-color":"","overlay-opacity":"","overlay-gradient":""}},"ast-content-background-meta":{"desktop":{"background-color":"var(--ast-global-color-4)","background-image":"","background-repeat":"repeat","background-position":"center center","background-size":"auto","background-attachment":"scroll","background-type":"","background-media":"","overlay-type":"","overlay-color":"","overlay-opacity":"","overlay-gradient":""},"tablet":{"background-color":"var(--ast-global-color-4)","background-image":"","background-repeat":"repeat","background-position":"center center","background-size":"auto","background-attachment":"scroll","background-type":"","background-media":"","overlay-type":"","overlay-color":"","overlay-opacity":"","overlay-gradient":""},"mobile":{"background-color":"var(--ast-global-color-4)","background-image":"","background-repeat":"repeat","background-position":"center center","background-size":"auto","background-attachment":"scroll","background-type":"","background-media":"","overlay-type":"","overlay-color":"","overlay-opacity":"","overlay-gradient":""}}},"product_brand":[],"product_cat":[91,121],"product_tag":[],"class_list":{"0":"post-8640","1":"product","2":"type-product","3":"status-publish","4":"has-post-thumbnail","6":"product_cat-antiques","7":"product_cat-grecques","8":"pa_anneefrappe1-c-165-140","9":"pa_atelier-db-kyme","10":"pa_gradage-non","11":"pa_metal-b5-argent","12":"pa_provenance-non","13":"pa_qualite-60-ttb","14":"pa_region-be-aiolis","15":"desktop-align-left","16":"tablet-align-left","17":"mobile-align-left","19":"first","20":"instock","21":"sold-individually","22":"shipping-taxable","23":"purchasable","24":"product-type-simple"},"acf":[],"yoast_head":"<!-- This site is optimized with the Yoast SEO plugin v27.3 - https:\/\/yoast.com\/product\/yoast-seo-wordpress\/ -->\n<title>Aeolis Kyme AR tetradrachm Metrophanes magistrate<\/title>\n<meta name=\"description\" content=\"Silver tetradrachm of Kyme in Aiolis by the magistrate Metrophanes circa 165-140 BC. Head of Kyme on the right on the obverse and horse on the reverse.\" \/>\n<meta name=\"robots\" content=\"index, follow, max-snippet:-1, max-image-preview:large, max-video-preview:-1\" \/>\n<link rel=\"canonical\" href=\"https:\/\/www.numismeo.com\/en\/boutique\/antiques\/grecques\/aiolis-kyme-tetradrachme-magistrat-metrophanes\/\" \/>\n<meta property=\"og:locale\" content=\"en_US\" \/>\n<meta property=\"og:type\" content=\"article\" \/>\n<meta property=\"og:title\" content=\"Aeolis Kyme AR tetradrachm Metrophanes magistrate\" \/>\n<meta property=\"og:description\" content=\"Silver tetradrachm of Kyme in Aiolis by the magistrate Metrophanes circa 165-140 BC. Head of Kyme on the right on the obverse and horse on the reverse.\" \/>\n<meta property=\"og:url\" content=\"https:\/\/www.numismeo.com\/en\/boutique\/antiques\/grecques\/aiolis-kyme-tetradrachme-magistrat-metrophanes\/\" \/>\n<meta property=\"og:site_name\" content=\"Numismeo\" \/>\n<meta property=\"article:publisher\" content=\"https:\/\/www.facebook.com\/numismeo\" \/>\n<meta property=\"article:modified_time\" content=\"2025-12-31T09:06:15+00:00\" \/>\n<meta property=\"og:image\" content=\"https:\/\/www.numismeo.com\/wp-content\/uploads\/2014\/01\/Grec-AiolisKymeTetradrachme-8640-1.jpg\" \/>\n\t<meta property=\"og:image:width\" content=\"1000\" \/>\n\t<meta property=\"og:image:height\" content=\"1000\" \/>\n\t<meta property=\"og:image:type\" content=\"image\/jpeg\" \/>\n<meta name=\"twitter:card\" content=\"summary_large_image\" \/>\n<meta name=\"twitter:title\" content=\"Aiolis Kyme t\u00e9tradrachme magistrat Metrophanes\" \/>\n<meta name=\"twitter:image\" content=\"https:\/\/www.numismeo.com\/wp-content\/uploads\/2014\/01\/Grec-AiolisKymeTetradrachme-8640-1.jpg\" \/>\n<meta name=\"twitter:label1\" content=\"Est. reading time\" \/>\n\t<meta name=\"twitter:data1\" content=\"1 minute\" \/>\n<script type=\"application\/ld+json\" class=\"yoast-schema-graph\">{\"@context\":\"https:\\\/\\\/schema.org\",\"@graph\":[{\"@type\":\"WebPage\",\"@id\":\"https:\\\/\\\/www.numismeo.com\\\/en\\\/boutique\\\/antiques\\\/grecques\\\/aiolis-kyme-tetradrachme-magistrat-metrophanes\\\/\",\"url\":\"https:\\\/\\\/www.numismeo.com\\\/en\\\/boutique\\\/antiques\\\/grecques\\\/aiolis-kyme-tetradrachme-magistrat-metrophanes\\\/\",\"name\":\"Aiolis Kyme t\u00e9tradrachme magistrat Metrophanes - Numismeo\",\"isPartOf\":{\"@id\":\"https:\\\/\\\/www.numismeo.com\\\/#website\"},\"primaryImageOfPage\":{\"@id\":\"https:\\\/\\\/www.numismeo.com\\\/boutique\\\/antiques\\\/grecques\\\/aiolis-kyme-tetradrachme-magistrat-metrophanes\\\/#primaryimage\"},\"image\":{\"@id\":\"https:\\\/\\\/www.numismeo.com\\\/boutique\\\/antiques\\\/grecques\\\/aiolis-kyme-tetradrachme-magistrat-metrophanes\\\/#primaryimage\"},\"thumbnailUrl\":\"https:\\\/\\\/www.numismeo.com\\\/wp-content\\\/uploads\\\/2014\\\/01\\\/Grec-AiolisKymeTetradrachme-8640-1.jpg\",\"datePublished\":\"2022-10-25T08:53:27+00:00\",\"dateModified\":\"2025-12-31T09:06:15+00:00\",\"description\":\"Tetradrachme d'argent de Kyme en Aiolis par le magistrat Metrophanes vers 165-140 avant JC. T\u00eate de Kyme \u00e0 droite \u00e0 l'avers et cheval au revers\",\"breadcrumb\":{\"@id\":\"https:\\\/\\\/www.numismeo.com\\\/boutique\\\/antiques\\\/grecques\\\/aiolis-kyme-tetradrachme-magistrat-metrophanes\\\/#breadcrumb\"},\"inLanguage\":\"en-US\",\"potentialAction\":[{\"@type\":\"ReadAction\",\"target\":[\"https:\\\/\\\/www.numismeo.com\\\/boutique\\\/antiques\\\/grecques\\\/aiolis-kyme-tetradrachme-magistrat-metrophanes\\\/\"]}]},{\"@type\":\"ImageObject\",\"inLanguage\":\"en-US\",\"@id\":\"https:\\\/\\\/www.numismeo.com\\\/boutique\\\/antiques\\\/grecques\\\/aiolis-kyme-tetradrachme-magistrat-metrophanes\\\/#primaryimage\",\"url\":\"https:\\\/\\\/www.numismeo.com\\\/wp-content\\\/uploads\\\/2014\\\/01\\\/Grec-AiolisKymeTetradrachme-8640-1.jpg\",\"contentUrl\":\"https:\\\/\\\/www.numismeo.com\\\/wp-content\\\/uploads\\\/2014\\\/01\\\/Grec-AiolisKymeTetradrachme-8640-1.jpg\",\"width\":1000,\"height\":1000,\"caption\":\"Grec-AiolisKymeTetradrachme-8640-1\"},{\"@type\":\"BreadcrumbList\",\"@id\":\"https:\\\/\\\/www.numismeo.com\\\/boutique\\\/antiques\\\/grecques\\\/aiolis-kyme-tetradrachme-magistrat-metrophanes\\\/#breadcrumb\",\"itemListElement\":[{\"@type\":\"ListItem\",\"position\":1,\"name\":\"Accueil\",\"item\":\"https:\\\/\\\/www.numismeo.com\\\/\"},{\"@type\":\"ListItem\",\"position\":2,\"name\":\"BoutiqueTechnique\",\"item\":\"https:\\\/\\\/www.numismeo.com\\\/boutiquetechnique\\\/\"},{\"@type\":\"ListItem\",\"position\":3,\"name\":\"Aiolis Kyme t\u00e9tradrachme magistrat Metrophanes\"}]},{\"@type\":\"WebSite\",\"@id\":\"https:\\\/\\\/www.numismeo.com\\\/#website\",\"url\":\"https:\\\/\\\/www.numismeo.com\\\/\",\"name\":\"Numismeo\",\"description\":\"MAISON CREUSY fond\u00e9 en 1974\",\"publisher\":{\"@id\":\"https:\\\/\\\/www.numismeo.com\\\/#organization\"},\"alternateName\":\"Maison Creusy\",\"potentialAction\":[{\"@type\":\"SearchAction\",\"target\":{\"@type\":\"EntryPoint\",\"urlTemplate\":\"https:\\\/\\\/www.numismeo.com\\\/?s={search_term_string}\"},\"query-input\":{\"@type\":\"PropertyValueSpecification\",\"valueRequired\":true,\"valueName\":\"search_term_string\"}}],\"inLanguage\":\"en-US\"},{\"@type\":\"Organization\",\"@id\":\"https:\\\/\\\/www.numismeo.com\\\/#organization\",\"name\":\"Maison Creusy\",\"alternateName\":\"Maison Creusy\",\"url\":\"https:\\\/\\\/www.numismeo.com\\\/\",\"logo\":{\"@type\":\"ImageObject\",\"inLanguage\":\"en-US\",\"@id\":\"https:\\\/\\\/www.numismeo.com\\\/#\\\/schema\\\/logo\\\/image\\\/\",\"url\":\"https:\\\/\\\/www.numismeo.com\\\/wp-content\\\/uploads\\\/2022\\\/09\\\/LogoPetit.jpg\",\"contentUrl\":\"https:\\\/\\\/www.numismeo.com\\\/wp-content\\\/uploads\\\/2022\\\/09\\\/LogoPetit.jpg\",\"width\":164,\"height\":164,\"caption\":\"Maison Creusy\"},\"image\":{\"@id\":\"https:\\\/\\\/www.numismeo.com\\\/#\\\/schema\\\/logo\\\/image\\\/\"},\"sameAs\":[\"https:\\\/\\\/www.facebook.com\\\/numismeo\"]}]}<\/script>\n<!-- \/ Yoast SEO plugin. -->","yoast_head_json":{"title":"Aeolis Kyme AR tetradrachm Metrophanes magistrate","description":"Silver tetradrachm of Kyme in Aiolis by the magistrate Metrophanes circa 165-140 BC. Head of Kyme on the right on the obverse and horse on the reverse.","robots":{"index":"index","follow":"follow","max-snippet":"max-snippet:-1","max-image-preview":"max-image-preview:large","max-video-preview":"max-video-preview:-1"},"canonical":"https:\/\/www.numismeo.com\/en\/boutique\/antiques\/grecques\/aiolis-kyme-tetradrachme-magistrat-metrophanes\/","og_locale":"en_US","og_type":"article","og_title":"Aeolis Kyme AR tetradrachm Metrophanes magistrate","og_description":"Silver tetradrachm of Kyme in Aiolis by the magistrate Metrophanes circa 165-140 BC. Head of Kyme on the right on the obverse and horse on the reverse.","og_url":"https:\/\/www.numismeo.com\/en\/boutique\/antiques\/grecques\/aiolis-kyme-tetradrachme-magistrat-metrophanes\/","og_site_name":"Numismeo","article_publisher":"https:\/\/www.facebook.com\/numismeo","article_modified_time":"2025-12-31T09:06:15+00:00","og_image":[{"width":1000,"height":1000,"url":"https:\/\/www.numismeo.com\/wp-content\/uploads\/2014\/01\/Grec-AiolisKymeTetradrachme-8640-1.jpg","type":"image\/jpeg"}],"twitter_card":"summary_large_image","twitter_title":"Aiolis Kyme t\u00e9tradrachme magistrat Metrophanes","twitter_image":"https:\/\/www.numismeo.com\/wp-content\/uploads\/2014\/01\/Grec-AiolisKymeTetradrachme-8640-1.jpg","twitter_misc":{"Est. reading time":"1 minute"},"schema":{"@context":"https:\/\/schema.org","@graph":[{"@type":"WebPage","@id":"https:\/\/www.numismeo.com\/en\/boutique\/antiques\/grecques\/aiolis-kyme-tetradrachme-magistrat-metrophanes\/","url":"https:\/\/www.numismeo.com\/en\/boutique\/antiques\/grecques\/aiolis-kyme-tetradrachme-magistrat-metrophanes\/","name":"Aiolis Kyme t\u00e9tradrachme magistrat Metrophanes - Numismeo","isPartOf":{"@id":"https:\/\/www.numismeo.com\/#website"},"primaryImageOfPage":{"@id":"https:\/\/www.numismeo.com\/boutique\/antiques\/grecques\/aiolis-kyme-tetradrachme-magistrat-metrophanes\/#primaryimage"},"image":{"@id":"https:\/\/www.numismeo.com\/boutique\/antiques\/grecques\/aiolis-kyme-tetradrachme-magistrat-metrophanes\/#primaryimage"},"thumbnailUrl":"https:\/\/www.numismeo.com\/wp-content\/uploads\/2014\/01\/Grec-AiolisKymeTetradrachme-8640-1.jpg","datePublished":"2022-10-25T08:53:27+00:00","dateModified":"2025-12-31T09:06:15+00:00","description":"Tetradrachme d'argent de Kyme en Aiolis par le magistrat Metrophanes vers 165-140 avant JC. T\u00eate de Kyme \u00e0 droite \u00e0 l'avers et cheval au revers","breadcrumb":{"@id":"https:\/\/www.numismeo.com\/boutique\/antiques\/grecques\/aiolis-kyme-tetradrachme-magistrat-metrophanes\/#breadcrumb"},"inLanguage":"en-US","potentialAction":[{"@type":"ReadAction","target":["https:\/\/www.numismeo.com\/boutique\/antiques\/grecques\/aiolis-kyme-tetradrachme-magistrat-metrophanes\/"]}]},{"@type":"ImageObject","inLanguage":"en-US","@id":"https:\/\/www.numismeo.com\/boutique\/antiques\/grecques\/aiolis-kyme-tetradrachme-magistrat-metrophanes\/#primaryimage","url":"https:\/\/www.numismeo.com\/wp-content\/uploads\/2014\/01\/Grec-AiolisKymeTetradrachme-8640-1.jpg","contentUrl":"https:\/\/www.numismeo.com\/wp-content\/uploads\/2014\/01\/Grec-AiolisKymeTetradrachme-8640-1.jpg","width":1000,"height":1000,"caption":"Grec-AiolisKymeTetradrachme-8640-1"},{"@type":"BreadcrumbList","@id":"https:\/\/www.numismeo.com\/boutique\/antiques\/grecques\/aiolis-kyme-tetradrachme-magistrat-metrophanes\/#breadcrumb","itemListElement":[{"@type":"ListItem","position":1,"name":"Accueil","item":"https:\/\/www.numismeo.com\/"},{"@type":"ListItem","position":2,"name":"BoutiqueTechnique","item":"https:\/\/www.numismeo.com\/boutiquetechnique\/"},{"@type":"ListItem","position":3,"name":"Aiolis Kyme t\u00e9tradrachme magistrat Metrophanes"}]},{"@type":"WebSite","@id":"https:\/\/www.numismeo.com\/#website","url":"https:\/\/www.numismeo.com\/","name":"Numismeo","description":"MAISON CREUSY fond\u00e9 en 1974","publisher":{"@id":"https:\/\/www.numismeo.com\/#organization"},"alternateName":"Maison Creusy","potentialAction":[{"@type":"SearchAction","target":{"@type":"EntryPoint","urlTemplate":"https:\/\/www.numismeo.com\/?s={search_term_string}"},"query-input":{"@type":"PropertyValueSpecification","valueRequired":true,"valueName":"search_term_string"}}],"inLanguage":"en-US"},{"@type":"Organization","@id":"https:\/\/www.numismeo.com\/#organization","name":"Maison Creusy","alternateName":"Maison Creusy","url":"https:\/\/www.numismeo.com\/","logo":{"@type":"ImageObject","inLanguage":"en-US","@id":"https:\/\/www.numismeo.com\/#\/schema\/logo\/image\/","url":"https:\/\/www.numismeo.com\/wp-content\/uploads\/2022\/09\/LogoPetit.jpg","contentUrl":"https:\/\/www.numismeo.com\/wp-content\/uploads\/2022\/09\/LogoPetit.jpg","width":164,"height":164,"caption":"Maison Creusy"},"image":{"@id":"https:\/\/www.numismeo.com\/#\/schema\/logo\/image\/"},"sameAs":["https:\/\/www.facebook.com\/numismeo"]}]}},"_links":{"self":[{"href":"https:\/\/www.numismeo.com\/wp-json\/wp\/v2\/product\/8640","targetHints":{"allow":["GET"]}}],"collection":[{"href":"https:\/\/www.numismeo.com\/wp-json\/wp\/v2\/product"}],"about":[{"href":"https:\/\/www.numismeo.com\/wp-json\/wp\/v2\/types\/product"}],"wp:featuredmedia":[{"embeddable":true,"href":"https:\/\/www.numismeo.com\/wp-json\/wp\/v2\/media\/26434"}],"wp:attachment":[{"href":"https:\/\/www.numismeo.com\/wp-json\/wp\/v2\/media?parent=8640"}],"wp:term":[{"taxonomy":"product_brand","embeddable":true,"href":"https:\/\/www.numismeo.com\/wp-json\/wp\/v2\/product_brand?post=8640"},{"taxonomy":"product_cat","embeddable":true,"href":"https:\/\/www.numismeo.com\/wp-json\/wp\/v2\/product_cat?post=8640"},{"taxonomy":"product_tag","embeddable":true,"href":"https:\/\/www.numismeo.com\/wp-json\/wp\/v2\/product_tag?post=8640"}],"curies":[{"name":"wp","href":"https:\/\/api.w.org\/{rel}","templated":true}]}}